{"id":1900,"date":"2023-10-29T07:03:01","date_gmt":"2023-10-29T07:03:01","guid":{"rendered":"https:\/\/exceladvisor.org\/tr\/bozuk-excel-dosyasini-onar\/"},"modified":"2023-12-10T05:59:10","modified_gmt":"2023-12-10T05:59:10","slug":"bozuk-excel-dosyasini-onar","status":"publish","type":"page","link":"https:\/\/exceladvisor.org\/tr\/bozuk-excel-dosyasini-onar\/","title":{"rendered":"Bozuk bir excel dosyas\u0131 nas\u0131l onar\u0131l\u0131r?"},"content":{"rendered":"<div class=\"excel-icerikten-once\" id=\"excel-816359280\"><script type=\"text\/javascript\">\r\n\tatOptions = {\r\n\t\t'key' : 'c1158f160081d6540a8409e6925dab94',\r\n\t\t'format' : 'iframe',\r\n\t\t'height' : 250,\r\n\t\t'width' : 300,\r\n\t\t'params' : {}\r\n\t};\r\n<\/script>\r\n<script type=\"text\/javascript\" src=\"\/\/www.highperformanceformat.com\/c1158f160081d6540a8409e6925dab94\/invoke.js\"><\/script><\/div> <p>Microsoft Excel&#8217;in \u00e7o\u011fu Excel kullan\u0131c\u0131s\u0131n\u0131n ho\u015flanmad\u0131\u011f\u0131 bir \u00f6zelli\u011fi var; herhangi bir uyar\u0131ya gerek kalmaks\u0131z\u0131n her an bozulabilir. Eminim bu sorunu anlayabilirsiniz. Bu sorunla kar\u015f\u0131la\u015ft\u0131\u011f\u0131n\u0131zda \u00e7\u00f6zmenin birka\u00e7 yolu var, ancak bug\u00fcn bir ara\u00e7la ilgili ayr\u0131nt\u0131lar\u0131 payla\u015fmak istiyorum.<\/p><p> <a href=\"https:\/\/www.stellarinfo.com\/repair-excel-file.php\" target=\"_blank\" rel=\"nofollow noopener noreferrer\"><strong>Stellar&#8217;dan Excel Onar\u0131m Yaz\u0131l\u0131m\u0131<\/strong><\/a> <\/p><div class=\"wp-block-image\"><figure class=\"aligncenter\"><img decoding=\"async\" title=\"excel onar\u0131m\u0131\" src=\"https:\/\/exceladvisor.org\/wp-content\/uploads\/2023\/08\/reparation-excel.png\" sizes=\"\" srcset=\"\" alt=\"excel repair\"><\/figure><\/div><p> Sadece payla\u015fmakla kalmayacak, ayn\u0131 zamanda Excel dosyalar\u0131n\u0131z i\u00e7in ona g\u00fcvenip g\u00fcvenemeyece\u011finiz konusunda karar vermenize yard\u0131mc\u0131 olacak t\u00fcm \u00f6zellikleri kullanarak onu da inceleyece\u011fim. \u00d6yleyse ba\u015flayal\u0131m. <\/p><div class=\"wp-block-image\"><figure class=\"aligncenter is-resized\"><img loading=\"lazy\" decoding=\"async\" title=\"bozuk-excel-dosyas\u0131n\u0131 onar\" src=\"https:\/\/exceladvisor.org\/wp-content\/uploads\/2023\/08\/reparer-le-fichier-excel-corrompu-2.jpg\" sizes=\"auto, \" srcset=\"\" alt=\"fix corrupt excel file\" width=\"632\" height=\"421\"><\/figure><\/div><h2 class=\"wp-block-heading\"> <strong>Nas\u0131l kurulur<\/strong><\/h2><p> STELLAR web sitesinden \u00fccretsiz deneme s\u00fcr\u00fcm\u00fcn\u00fc indirebilirsiniz. \u0130ndirdikten sonra tek yapman\u0131z gereken dosyay\u0131 a\u00e7arak kurulumu yapmakt\u0131r.<\/p><h2 class=\"wp-block-heading\"> <strong>ana \u00d6zellikler<\/strong><\/h2><p> A\u015fa\u011f\u0131da Stellar Excel Repair&#8217;\u0131n temel \u00f6zelliklerinden baz\u0131lar\u0131 verilmi\u015ftir:<\/p><ol><li> <strong>T\u00fcm bozulma hatalar\u0131n\u0131 d\u00fczeltir:<\/strong> Bir Excel dosyas\u0131n\u0131n bozulmas\u0131n\u0131n birka\u00e7 nedeni olabilir ve bunlar\u0131n hepsini d\u00fczeltir.<\/li><li> <strong>\u00c7al\u0131\u015fma kitab\u0131 i\u015flevlerinin \u00e7o\u011funu kurtar\u0131r:<\/strong> Normalde \u00e7al\u0131\u015fma kitab\u0131n\u0131zda grafikler, pivot tablolar ve form\u00fcller gibi \u00e7e\u015fitli \u00f6\u011feler bulunur. T\u00fcm bunlar\u0131 sizin i\u00e7in topluyor.<\/li><li> <strong>\u00c7al\u0131\u015fma Kitab\u0131 \u00d6zelliklerini Koruyun:<\/strong> Ayr\u0131ca Excel \u00e7al\u0131\u015fma kitab\u0131n\u0131z\u0131n h\u00fccre bi\u00e7imlendirmesi gibi t\u00fcm \u00f6zelliklerini de korur.<\/li><li> <strong>Excel&#8217;in t\u00fcm s\u00fcr\u00fcmleriyle \u00e7al\u0131\u015f\u0131r:<\/strong> Excel&#8217;in t\u00fcm s\u00fcr\u00fcmleri (2019, 2016, 2013, 2010, 2007, 2003 ve 2000) i\u00e7in Excel dosyalar\u0131n\u0131 kurtarabilir.<\/li><li> <strong>Birden \u00c7ok Dosyay\u0131 Onar\u0131n:<\/strong> Birden fazla bozuk Excel dosyan\u0131z varsa hepsini tek seferde onarabilirsiniz.<\/li><\/ol><h2 class=\"wp-block-heading\"> <strong>Bozuk Excel dosyas\u0131 Stellar Repair for Excel ile nas\u0131l onar\u0131l\u0131r<\/strong><\/h2><p> Bozulan Excel dosyan\u0131z\u0131 Stellar uygulamas\u0131yla onarmak i\u00e7in a\u015fa\u011f\u0131daki ad\u0131mlar\u0131 takip etmeniz gerekmektedir.<\/p><ul><li> \u00d6ncelikle Stellar Repair for Excel uygulamas\u0131n\u0131 a\u00e7\u0131n\u0131z ve dosya se\u00e7me butonuna t\u0131klay\u0131n\u0131z. <\/li><\/ul><div class=\"wp-block-image\"><figure class=\"aligncenter is-resized\"><img loading=\"lazy\" decoding=\"async\" title=\"01-y\u0131ld\u0131z-onar\u0131m-uygulamas\u0131ndaki dosyay\u0131 se\u00e7in\" src=\"https:\/\/exceladvisor.org\/wp-content\/uploads\/2023\/08\/01-selectionnez-le-fichier-dans-lapplication-de-reparation-stellaire.png\" sizes=\"auto, \" srcset=\"\" alt=\"01-select-file-in-stellar-repair-application\" width=\"290\" height=\"130\"><\/figure><\/div><ul><li> Dosya se\u00e7im penceresinde dosyaya gidin, onu se\u00e7in ve onar\u0131m listesine eklemek i\u00e7in \u201cA\u00e7\u201da t\u0131klay\u0131n. <\/li><\/ul><div class=\"wp-block-image\"><figure class=\"aligncenter is-resized\"><img loading=\"lazy\" decoding=\"async\" title=\"02-dosyay\u0131-a\u00e7-dosya-ileti\u015fim kutusuyla a\u00e7\" src=\"https:\/\/exceladvisor.org\/wp-content\/uploads\/2023\/08\/02-ouvrir-le-fichier-avec-la-boite-de-dialogue-douverture-de-fichier.png\" sizes=\"auto, \" srcset=\"\" alt=\"02-open-the-file-with-open-file-dialogbox\" width=\"688\" height=\"339\"><\/figure><\/div><ul><li> Bu noktada, isterseniz ba\u015fka dosyalar ekleyebilece\u011finiz bir ileti\u015fim kutunuz var. (Daha \u00f6nce de belirtti\u011fim gibi bu uygulamayla \u00e7oklu dosya onar\u0131m\u0131n\u0131 kullanabilirsiniz). <\/li><\/ul><div class=\"wp-block-image\"><figure class=\"aligncenter is-resized\"><img loading=\"lazy\" decoding=\"async\" title=\"03-onar\u0131lacak-dosyalar\u0131n-listesi\" src=\"https:\/\/exceladvisor.org\/wp-content\/uploads\/2023\/08\/03-liste-des-fichiers-a-reparer.png\" sizes=\"auto, \" srcset=\"\" alt=\"03-list-of-files-to-repair\" width=\"543\" height=\"470\"><\/figure><\/div><ul><li> Oradan dosyay\u0131 onarmak i\u00e7in Onar d\u00fc\u011fmesine t\u0131klay\u0131n. Dosyan\u0131z\u0131 onarmak birka\u00e7 saniye s\u00fcrer. <\/li><\/ul><div class=\"wp-block-image\"><figure class=\"aligncenter is-resized\"><img loading=\"lazy\" decoding=\"async\" title=\"04-bir excel dosyas\u0131n\u0131 onarmak i\u00e7in i\u015fleniyor'\" src=\"https:\/\/exceladvisor.org\/wp-content\/uploads\/2023\/08\/04-traitement-pour-reparer-un-fichier-excel.png\" sizes=\"auto, \" srcset=\"\" alt=\"04-processing-to-repair-an-excel-file'\" width=\"446\" height=\"58\"><\/figure><\/div><ul><li> Tamamland\u0131\u011f\u0131nda, mesaj\u0131 g\u00fcnl\u00fck raporunda g\u00f6rebilirsiniz. <\/li><\/ul><div class=\"wp-block-image\"><figure class=\"aligncenter is-resized\"><img loading=\"lazy\" decoding=\"async\" title=\"05-dosya-onar\u0131ld\u0131\u011f\u0131nda-g\u00fcnl\u00fck-raporu\" src=\"https:\/\/exceladvisor.org\/wp-content\/uploads\/2023\/08\/05-rapport-de-journal-lorsque-le-fichier-est-repare.png\" sizes=\"auto, \" srcset=\"\" alt=\"05-log-report-when-file-get-repaired\" width=\"396\" height=\"142\"><\/figure><\/div><ul><li> Tamamland\u0131\u011f\u0131nda, mesaj\u0131 g\u00fcnl\u00fck raporunda g\u00f6rebilirsiniz.<\/li><\/ul><h2 class=\"wp-block-heading\"> <strong>Ger\u00e7ekten 39 dolara de\u011fer mi?<\/strong><\/h2><p> Dedi\u011fim gibi \u00dcCRETS\u0130Z deneme s\u00fcr\u00fcm\u00fcn\u00fc STELLER web sitesinden indirebilirsiniz ve tam s\u00fcr\u00fcme sahip olmak istiyorsan\u0131z 39 $ kar\u015f\u0131l\u0131\u011f\u0131nda sat\u0131n alman\u0131z gerekiyor. \u015eimdi soru \u015fu: <strong>Ger\u00e7ekten 39 dolar de\u011ferinde mi?<\/strong> Son zamanlarda Excel dan\u0131\u015fman\u0131nda okuyucular\u0131m\u0131za Excel dosyalar\u0131n\u0131n bozulup bozulmad\u0131\u011f\u0131na dair k\u0131sa bir soru sorduk. <\/p><div class=\"wp-block-image\"><figure class=\"aligncenter\"><img decoding=\"async\" title=\"bozuk excel dosyalar\u0131n\u0131 ara\u015ft\u0131rmak\" src=\"https:\/\/exceladvisor.org\/wp-content\/uploads\/2023\/08\/enquete-sur-les-fichiers-excel-corrompus.png\" sizes=\"\" srcset=\"\" alt=\"survey about corrupt excel files\"><\/figure><\/div><p> \u0130nsanlar\u0131n y\u00fczde 50&#8217;si &#8220;EVET&#8221; dedi, hallettiler. Vurgulamaya \u00e7al\u0131\u015ft\u0131\u011f\u0131m nokta, bir Excel dosyas\u0131n\u0131 kurtarabilseniz bile h\u00e2l\u00e2 veri kaybetme korkusuna sahip oldu\u011funuzdur. Ancak Stellar ile Excel dosyan\u0131z\u0131, i\u00e7indeki t\u00fcm verilerle birlikte kurtarabilirsiniz. Bu B\u00dcY\u00dcK bir KAZAN\u00c7.<\/p><p> Ve bu g\u00f6nderiyi arkada\u015flar\u0131n\u0131zla payla\u015fmay\u0131 unutmay\u0131n, eminim onlar da bundan keyif alacaklard\u0131r.<\/p><div class=\"gb-container gb-container-4db6181c gb-container-mt\"> <a class=\"gb-button gb-button-c5897111 gb-button-text gb-button-mt-button\" href=\"https:\/\/exceladvisor.org\/tr\/excel-ilerlemesi\/\">\u0130leri Excel Dersleri<\/a><h2 class=\"gb-headline gb-headline-665e5f6b gb-headline-text gb-headline-mt-heading\"> \u0130lgili e\u011fitimler <\/h2><div class=\"gb-grid-wrapper gb-grid-wrapper-a20baf7c gb-grid-wrapper-mt-grid\"><div class=\"gb-grid-column gb-grid-column-65ddf67e\"><div class=\"gb-container gb-container-65ddf67e\"><ul><li> <a href=\"https:\/\/exceladvisor.org\/tr\/kaydedilmemis-dosyalari-kurtar\/\">Excel \u00e7\u00f6kt\u00fc\u011f\u00fcnde kaydedilmemi\u015f Excel dosyalar\u0131n\u0131 kurtar\u0131n<\/a><\/li><li> Excel dosyas\u0131n\u0131 (\u00e7al\u0131\u015fma kitab\u0131n\u0131) CSV format\u0131nda (XLSX TO CSV) kaydedin<\/li><li> <a href=\"https:\/\/exceladvisor.org\/tr\/calisma-kitabini-gosteri-gizle\/\">Excel&#8217;de \u00e7al\u0131\u015fma kitab\u0131n\u0131 gizleme ve g\u00f6sterme<\/a> <\/li><\/ul><\/div><\/div><div class=\"gb-grid-column gb-grid-column-50067b57\"><div class=\"gb-container gb-container-50067b57\"><ul><li> <a href=\"https:\/\/exceladvisor.org\/tr\/calisma-kitabini-kopyala\/\">Excel \u00e7al\u0131\u015fma kitab\u0131n\u0131n (dosya) bir kopyas\u0131n\u0131 olu\u015fturun<\/a><\/li><li> <a href=\"https:\/\/exceladvisor.org\/tr\/metin-dosyasini-ac\/\">Excel&#8217;de bir metin dosyas\u0131 a\u00e7\u0131n (.TXT)<\/a><\/li><li> <a href=\"https:\/\/exceladvisor.org\/tr\/excel-dosyasini-kaydet-mac\/\">Mac&#8217;te bir Excel dosyas\u0131n\u0131 kaydetme (\u00c7al\u0131\u015fma Kitab\u0131)<\/a><\/li><\/ul><\/div><\/div><\/div><\/div>","protected":false},"excerpt":{"rendered":"","protected":false},"author":1,"featured_media":0,"parent":0,"menu_order":0,"comment_status":"open","ping_status":"closed","template":"","meta":{"ub_ctt_via":"","footnotes":""},"class_list":["post-1900","page","type-page","status-publish","hentry"],"featured_image_src":null,"yoast_head":"<!-- This site is optimized with the Yoast SEO plugin v25.4 - https:\/\/yoast.com\/wordpress\/plugins\/seo\/ -->\n<title>Bozuk Excel Dosyas\u0131n\u0131 K\u0131sa S\u00fcrede Onarma Ad\u0131mlar\u0131<\/title>\n<meta name=\"description\" content=\"Excel dosyan\u0131z bozuk mu? \u015eimdi bozuk Excel dosyas\u0131n\u0131 h\u0131zl\u0131 ve kolay bir \u015fekilde nas\u0131l onaraca\u011f\u0131n\u0131z\u0131 \u00f6\u011frenin.\" \/>\n<meta name=\"robots\" content=\"index, follow, max-snippet:-1, max-image-preview:large, max-video-preview:-1\" \/>\n<link rel=\"canonical\" href=\"https:\/\/exceladvisor.org\/tr\/bozuk-excel-dosyasini-onar\/\" \/>\n<meta property=\"og:locale\" content=\"tr_TR\" \/>\n<meta property=\"og:type\" content=\"article\" \/>\n<meta property=\"og:title\" content=\"Bozuk Excel Dosyas\u0131n\u0131 K\u0131sa S\u00fcrede Onarma Ad\u0131mlar\u0131\" \/>\n<meta property=\"og:description\" content=\"Excel dosyan\u0131z bozuk mu? \u015eimdi bozuk Excel dosyas\u0131n\u0131 h\u0131zl\u0131 ve kolay bir \u015fekilde nas\u0131l onaraca\u011f\u0131n\u0131z\u0131 \u00f6\u011frenin.\" \/>\n<meta property=\"og:url\" content=\"https:\/\/exceladvisor.org\/tr\/bozuk-excel-dosyasini-onar\/\" \/>\n<meta property=\"og:site_name\" content=\"Excel Advisor\" \/>\n<meta property=\"article:modified_time\" content=\"2023-12-10T05:59:10+00:00\" \/>\n<meta property=\"og:image\" content=\"https:\/\/exceladvisor.org\/wp-content\/uploads\/2023\/08\/reparation-excel.png\" \/>\n<meta name=\"twitter:card\" content=\"summary_large_image\" \/>\n<meta name=\"twitter:label1\" content=\"Tahmini okuma s\u00fcresi\" \/>\n\t<meta name=\"twitter:data1\" content=\"3 dakika\" \/>\n<script type=\"application\/ld+json\" class=\"yoast-schema-graph\">{\"@context\":\"https:\/\/schema.org\",\"@graph\":[{\"@type\":\"WebPage\",\"@id\":\"https:\/\/exceladvisor.org\/tr\/bozuk-excel-dosyasini-onar\/\",\"url\":\"https:\/\/exceladvisor.org\/tr\/bozuk-excel-dosyasini-onar\/\",\"name\":\"Bozuk Excel Dosyas\u0131n\u0131 K\u0131sa S\u00fcrede Onarma Ad\u0131mlar\u0131\",\"isPartOf\":{\"@id\":\"https:\/\/exceladvisor.org\/tr\/#website\"},\"primaryImageOfPage\":{\"@id\":\"https:\/\/exceladvisor.org\/tr\/bozuk-excel-dosyasini-onar\/#primaryimage\"},\"image\":{\"@id\":\"https:\/\/exceladvisor.org\/tr\/bozuk-excel-dosyasini-onar\/#primaryimage\"},\"thumbnailUrl\":\"https:\/\/exceladvisor.org\/wp-content\/uploads\/2023\/08\/reparation-excel.png\",\"datePublished\":\"2023-10-29T07:03:01+00:00\",\"dateModified\":\"2023-12-10T05:59:10+00:00\",\"description\":\"Excel dosyan\u0131z bozuk mu? \u015eimdi bozuk Excel dosyas\u0131n\u0131 h\u0131zl\u0131 ve kolay bir \u015fekilde nas\u0131l onaraca\u011f\u0131n\u0131z\u0131 \u00f6\u011frenin.\",\"breadcrumb\":{\"@id\":\"https:\/\/exceladvisor.org\/tr\/bozuk-excel-dosyasini-onar\/#breadcrumb\"},\"inLanguage\":\"tr\",\"potentialAction\":[{\"@type\":\"ReadAction\",\"target\":[\"https:\/\/exceladvisor.org\/tr\/bozuk-excel-dosyasini-onar\/\"]}]},{\"@type\":\"ImageObject\",\"inLanguage\":\"tr\",\"@id\":\"https:\/\/exceladvisor.org\/tr\/bozuk-excel-dosyasini-onar\/#primaryimage\",\"url\":\"https:\/\/exceladvisor.org\/wp-content\/uploads\/2023\/08\/reparation-excel.png\",\"contentUrl\":\"https:\/\/exceladvisor.org\/wp-content\/uploads\/2023\/08\/reparation-excel.png\"},{\"@type\":\"BreadcrumbList\",\"@id\":\"https:\/\/exceladvisor.org\/tr\/bozuk-excel-dosyasini-onar\/#breadcrumb\",\"itemListElement\":[{\"@type\":\"ListItem\",\"position\":1,\"name\":\"Ev\",\"item\":\"https:\/\/exceladvisor.org\/tr\/\"},{\"@type\":\"ListItem\",\"position\":2,\"name\":\"Bozuk bir excel dosyas\u0131 nas\u0131l onar\u0131l\u0131r?\"}]},{\"@type\":\"WebSite\",\"@id\":\"https:\/\/exceladvisor.org\/tr\/#website\",\"url\":\"https:\/\/exceladvisor.org\/tr\/\",\"name\":\"Excel Advisor\",\"description\":\"Veri hakimiyetine y\u00f6nelik nihai rehberiniz!\",\"publisher\":{\"@id\":\"https:\/\/exceladvisor.org\/tr\/#organization\"},\"potentialAction\":[{\"@type\":\"SearchAction\",\"target\":{\"@type\":\"EntryPoint\",\"urlTemplate\":\"https:\/\/exceladvisor.org\/tr\/?s={search_term_string}\"},\"query-input\":{\"@type\":\"PropertyValueSpecification\",\"valueRequired\":true,\"valueName\":\"search_term_string\"}}],\"inLanguage\":\"tr\"},{\"@type\":\"Organization\",\"@id\":\"https:\/\/exceladvisor.org\/tr\/#organization\",\"name\":\"Excel Advisor\",\"url\":\"https:\/\/exceladvisor.org\/tr\/\",\"logo\":{\"@type\":\"ImageObject\",\"inLanguage\":\"tr\",\"@id\":\"https:\/\/exceladvisor.org\/tr\/#\/schema\/logo\/image\/\",\"url\":\"https:\/\/exceladvisor.org\/tr\/wp-content\/uploads\/2023\/12\/exceladvisor.org_.png\",\"contentUrl\":\"https:\/\/exceladvisor.org\/tr\/wp-content\/uploads\/2023\/12\/exceladvisor.org_.png\",\"width\":105,\"height\":36,\"caption\":\"Excel Advisor\"},\"image\":{\"@id\":\"https:\/\/exceladvisor.org\/tr\/#\/schema\/logo\/image\/\"}}]}<\/script>\n<!-- \/ Yoast SEO plugin. -->","yoast_head_json":{"title":"Bozuk Excel Dosyas\u0131n\u0131 K\u0131sa S\u00fcrede Onarma Ad\u0131mlar\u0131","description":"Excel dosyan\u0131z bozuk mu? \u015eimdi bozuk Excel dosyas\u0131n\u0131 h\u0131zl\u0131 ve kolay bir \u015fekilde nas\u0131l onaraca\u011f\u0131n\u0131z\u0131 \u00f6\u011frenin.","robots":{"index":"index","follow":"follow","max-snippet":"max-snippet:-1","max-image-preview":"max-image-preview:large","max-video-preview":"max-video-preview:-1"},"canonical":"https:\/\/exceladvisor.org\/tr\/bozuk-excel-dosyasini-onar\/","og_locale":"tr_TR","og_type":"article","og_title":"Bozuk Excel Dosyas\u0131n\u0131 K\u0131sa S\u00fcrede Onarma Ad\u0131mlar\u0131","og_description":"Excel dosyan\u0131z bozuk mu? \u015eimdi bozuk Excel dosyas\u0131n\u0131 h\u0131zl\u0131 ve kolay bir \u015fekilde nas\u0131l onaraca\u011f\u0131n\u0131z\u0131 \u00f6\u011frenin.","og_url":"https:\/\/exceladvisor.org\/tr\/bozuk-excel-dosyasini-onar\/","og_site_name":"Excel Advisor","article_modified_time":"2023-12-10T05:59:10+00:00","og_image":[{"url":"https:\/\/exceladvisor.org\/wp-content\/uploads\/2023\/08\/reparation-excel.png","type":"","width":"","height":""}],"twitter_card":"summary_large_image","twitter_misc":{"Tahmini okuma s\u00fcresi":"3 dakika"},"schema":{"@context":"https:\/\/schema.org","@graph":[{"@type":"WebPage","@id":"https:\/\/exceladvisor.org\/tr\/bozuk-excel-dosyasini-onar\/","url":"https:\/\/exceladvisor.org\/tr\/bozuk-excel-dosyasini-onar\/","name":"Bozuk Excel Dosyas\u0131n\u0131 K\u0131sa S\u00fcrede Onarma Ad\u0131mlar\u0131","isPartOf":{"@id":"https:\/\/exceladvisor.org\/tr\/#website"},"primaryImageOfPage":{"@id":"https:\/\/exceladvisor.org\/tr\/bozuk-excel-dosyasini-onar\/#primaryimage"},"image":{"@id":"https:\/\/exceladvisor.org\/tr\/bozuk-excel-dosyasini-onar\/#primaryimage"},"thumbnailUrl":"https:\/\/exceladvisor.org\/wp-content\/uploads\/2023\/08\/reparation-excel.png","datePublished":"2023-10-29T07:03:01+00:00","dateModified":"2023-12-10T05:59:10+00:00","description":"Excel dosyan\u0131z bozuk mu? \u015eimdi bozuk Excel dosyas\u0131n\u0131 h\u0131zl\u0131 ve kolay bir \u015fekilde nas\u0131l onaraca\u011f\u0131n\u0131z\u0131 \u00f6\u011frenin.","breadcrumb":{"@id":"https:\/\/exceladvisor.org\/tr\/bozuk-excel-dosyasini-onar\/#breadcrumb"},"inLanguage":"tr","potentialAction":[{"@type":"ReadAction","target":["https:\/\/exceladvisor.org\/tr\/bozuk-excel-dosyasini-onar\/"]}]},{"@type":"ImageObject","inLanguage":"tr","@id":"https:\/\/exceladvisor.org\/tr\/bozuk-excel-dosyasini-onar\/#primaryimage","url":"https:\/\/exceladvisor.org\/wp-content\/uploads\/2023\/08\/reparation-excel.png","contentUrl":"https:\/\/exceladvisor.org\/wp-content\/uploads\/2023\/08\/reparation-excel.png"},{"@type":"BreadcrumbList","@id":"https:\/\/exceladvisor.org\/tr\/bozuk-excel-dosyasini-onar\/#breadcrumb","itemListElement":[{"@type":"ListItem","position":1,"name":"Ev","item":"https:\/\/exceladvisor.org\/tr\/"},{"@type":"ListItem","position":2,"name":"Bozuk bir excel dosyas\u0131 nas\u0131l onar\u0131l\u0131r?"}]},{"@type":"WebSite","@id":"https:\/\/exceladvisor.org\/tr\/#website","url":"https:\/\/exceladvisor.org\/tr\/","name":"Excel Advisor","description":"Veri hakimiyetine y\u00f6nelik nihai rehberiniz!","publisher":{"@id":"https:\/\/exceladvisor.org\/tr\/#organization"},"potentialAction":[{"@type":"SearchAction","target":{"@type":"EntryPoint","urlTemplate":"https:\/\/exceladvisor.org\/tr\/?s={search_term_string}"},"query-input":{"@type":"PropertyValueSpecification","valueRequired":true,"valueName":"search_term_string"}}],"inLanguage":"tr"},{"@type":"Organization","@id":"https:\/\/exceladvisor.org\/tr\/#organization","name":"Excel Advisor","url":"https:\/\/exceladvisor.org\/tr\/","logo":{"@type":"ImageObject","inLanguage":"tr","@id":"https:\/\/exceladvisor.org\/tr\/#\/schema\/logo\/image\/","url":"https:\/\/exceladvisor.org\/tr\/wp-content\/uploads\/2023\/12\/exceladvisor.org_.png","contentUrl":"https:\/\/exceladvisor.org\/tr\/wp-content\/uploads\/2023\/12\/exceladvisor.org_.png","width":105,"height":36,"caption":"Excel Advisor"},"image":{"@id":"https:\/\/exceladvisor.org\/tr\/#\/schema\/logo\/image\/"}}]}},"yoast_meta":{"yoast_wpseo_title":"","yoast_wpseo_metadesc":"","yoast_wpseo_canonical":""},"_links":{"self":[{"href":"https:\/\/exceladvisor.org\/tr\/wp-json\/wp\/v2\/pages\/1900","targetHints":{"allow":["GET"]}}],"collection":[{"href":"https:\/\/exceladvisor.org\/tr\/wp-json\/wp\/v2\/pages"}],"about":[{"href":"https:\/\/exceladvisor.org\/tr\/wp-json\/wp\/v2\/types\/page"}],"author":[{"embeddable":true,"href":"https:\/\/exceladvisor.org\/tr\/wp-json\/wp\/v2\/users\/1"}],"replies":[{"embeddable":true,"href":"https:\/\/exceladvisor.org\/tr\/wp-json\/wp\/v2\/comments?post=1900"}],"version-history":[{"count":1,"href":"https:\/\/exceladvisor.org\/tr\/wp-json\/wp\/v2\/pages\/1900\/revisions"}],"predecessor-version":[{"id":2301,"href":"https:\/\/exceladvisor.org\/tr\/wp-json\/wp\/v2\/pages\/1900\/revisions\/2301"}],"wp:attachment":[{"href":"https:\/\/exceladvisor.org\/tr\/wp-json\/wp\/v2\/media?parent=1900"}],"curies":[{"name":"wp","href":"https:\/\/api.w.org\/{rel}","templated":true}]}}