{"id":1901,"date":"2023-10-29T06:51:37","date_gmt":"2023-10-29T06:51:37","guid":{"rendered":"https:\/\/exceladvisor.org\/tr\/tabloyu-yeniden-adlandir\/"},"modified":"2023-12-10T06:00:48","modified_gmt":"2023-12-10T06:00:48","slug":"tabloyu-yeniden-adlandir","status":"publish","type":"page","link":"https:\/\/exceladvisor.org\/tr\/tabloyu-yeniden-adlandir\/","title":{"rendered":"Excel&#39;de bir tablo nas\u0131l yeniden adland\u0131r\u0131l\u0131r?"},"content":{"rendered":"<div class=\"excel-icerikten-once\" id=\"excel-68147949\"><script type=\"text\/javascript\">\r\n\tatOptions = {\r\n\t\t'key' : 'c1158f160081d6540a8409e6925dab94',\r\n\t\t'format' : 'iframe',\r\n\t\t'height' : 250,\r\n\t\t'width' : 300,\r\n\t\t'params' : {}\r\n\t};\r\n<\/script>\r\n<script type=\"text\/javascript\" src=\"\/\/www.highperformanceformat.com\/c1158f160081d6540a8409e6925dab94\/invoke.js\"><\/script><\/div> <p>Bir Excel tablosunu bir veri k\u00fcmesine uygulad\u0131\u011f\u0131n\u0131zda, Excel tabloyu adland\u0131rman\u0131za olanak tan\u0131r. Ancak varsay\u0131lan olarak bir tabloya genel bir ad verilir. <\/p><div class=\"wp-block-image\"><figure class=\"aligncenter size-full is-resized\"><img loading=\"lazy\" decoding=\"async\" class=\"wp-image-75234\" src=\"https:\/\/exceladvisor.org\/wp-content\/uploads\/2023\/08\/1-renommer-table-excel.png\" sizes=\"auto, \" srcset=\"\" alt=\"Excel tablosunu yeniden adland\u0131r\" width=\"735\" height=\"250\"><\/figure><\/div><p> Ancak bu e\u011fitimde bir tabloyu \u00f6zel bir adla yeniden adland\u0131rmak i\u00e7in h\u0131zl\u0131 ad\u0131mlar\u0131 \u00f6\u011frenece\u011fiz.<\/p><h2 class=\"wp-block-heading\"> Excel tablosunun ad\u0131n\u0131 de\u011fi\u015ftirme<\/h2><ol type=\"1\"><li> \u0130lk \u00f6nce tablo h\u00fccrelerinden birini se\u00e7in.<\/li><li> Bundan sonra \u201cMasa Tasar\u0131m\u0131\u201d sekmesine gidin.<\/li><li> Daha sonra tablo ad\u0131 giri\u015f \u00e7ubu\u011funa t\u0131klay\u0131n ve uygulamak istedi\u011finiz ad\u0131 yaz\u0131n.<\/li><li> Sonunda girilen ad\u0131 uygulamak i\u00e7in Enter tu\u015funa bas\u0131n. <\/li><\/ol><div class=\"wp-block-image\"><figure class=\"aligncenter size-full is-resized\"><img loading=\"lazy\" decoding=\"async\" class=\"wp-image-75235\" src=\"https:\/\/exceladvisor.org\/wp-content\/uploads\/2023\/08\/2-onglet-de-conception-de-table.png\" sizes=\"auto, \" srcset=\"\" alt=\"tablo-tasar\u0131m-sekmesi\" width=\"719\" height=\"425\"><\/figure><\/div><p class=\"qt-tip\"> Uyar\u0131: Bir tablonun ad\u0131n\u0131 \u00f6ylece silemezsiniz, yeniden adland\u0131rman\u0131z gerekir.<\/p><h2 class=\"wp-block-heading\"> Bir Excel tablosunu yeniden adland\u0131rmak i\u00e7in Ad Y\u00f6neticisini kullan\u0131n<\/h2><ol><li> \u00d6ncelikle Form\u00fcller sekmesine gidin ve \u201cAd Y\u00f6neticisi\u201d se\u00e7ene\u011fine t\u0131klay\u0131n. <br><img loading=\"lazy\" decoding=\"async\" title=\"3 t\u0131klamayla ad y\u00f6neticisi se\u00e7ene\u011fi\" src=\"https:\/\/exceladvisor.org\/wp-content\/uploads\/2023\/08\/Option-de-gestionnaire-de-nom-en-3-clics.png\" sizes=\"auto, \" srcset=\"\" alt=\"click-name-manager-option\" width=\"544\" height=\"148\"><\/li><li> Buradan yeniden adland\u0131rmak istedi\u011finiz tabloyu se\u00e7in ve d\u00fczenle&#8217;yi t\u0131klay\u0131n. <br><img loading=\"lazy\" decoding=\"async\" title=\"4-yeniden adland\u0131r\u0131lacak tabloyu se\u00e7in\" src=\"https:\/\/exceladvisor.org\/wp-content\/uploads\/2023\/08\/4-selectionnez-la-table-a-renommer.png\" sizes=\"auto, \" srcset=\"\" alt=\"select-the-table-to-rename\" width=\"511\" height=\"191\"><\/li><li> \u015eimdi ad giri\u015f \u00e7ubu\u011fundan ad\u0131 d\u00fczenleyin. <br><img loading=\"lazy\" decoding=\"async\" title=\"5-yeni-ad girin\" src=\"https:\/\/exceladvisor.org\/wp-content\/uploads\/2023\/08\/5-entrez-le-nouveau-nom.png\" sizes=\"auto, \" srcset=\"\" alt=\"enter-the-new-name\" width=\"353\" height=\"272\"><\/li><li> Sonunda kaydetmek i\u00e7in Tamam&#8217;\u0131 ve ard\u0131ndan Kapat&#8217;\u0131 t\u0131klay\u0131n. <br><img loading=\"lazy\" decoding=\"async\" title=\"6 t\u0131klamayla kapat\u0131n\" src=\"https:\/\/exceladvisor.org\/wp-content\/uploads\/2023\/08\/6-cliquez-sur-fermer.png\" sizes=\"auto, \" srcset=\"\" alt=\"click-on-close\" width=\"340\" height=\"210\"><\/li><\/ol><p class=\"qt-tip\"> <strong>\u0130pucu:<\/strong> Ad Y\u00f6neticisini kullanarak \u00e7al\u0131\u015fma kitab\u0131ndaki t\u00fcm tablolar\u0131 y\u00f6netebilirsiniz.<\/p><h2 class=\"wp-block-heading\"> Tablo Ad\u0131 Notlar<\/h2><ol type=\"1\"><li> Bir tablonun ad\u0131 <strong>sabit kodlanm\u0131\u015f bir de\u011fer olmal\u0131d\u0131r<\/strong> . Ad i\u00e7in bir h\u00fccreye ba\u015fvuruda bulunamazs\u0131n\u0131z.<\/li><li> Tablo ad\u0131 aras\u0131nda <strong>bo\u015fluk kullanamazs\u0131n\u0131z<\/strong> . Ancak okunabilir hale getirmek i\u00e7in k\u0131sa \u00e7izgi veya alt \u00e7izgi kullanabilirsiniz.<\/li><li> <strong>Ad\u0131 bir harfle, alt \u00e7izgiyle (_) veya ters e\u011fik \u00e7izgiyle (\/) ba\u015flatmal\u0131s\u0131n\u0131z<\/strong> .<\/li><li> Ad uzunlu\u011fu en fazla <strong>255 karakter<\/strong> olabilir ancak bu kadar uzun bir ad kullanman\u0131za gerek yoktur.<\/li><li> \u00c7al\u0131\u015fma kitab\u0131ndaki her tablonun ad\u0131 benzersiz olmal\u0131d\u0131r (birden fazla tablonuz varsa).<\/li><\/ol><div class=\"gb-container gb-container-4db6181c gb-container-mt\"> <a class=\"gb-button gb-button-c5897111 gb-button-text gb-button-mt-button\" href=\"https:\/\/exceladvisor.org\/tr\/excel-ilerlemesi\/\">\u0130leri Excel Dersleri<\/a><h2 class=\"gb-headline gb-headline-665e5f6b gb-headline-text gb-headline-mt-heading\"> \u0130lgili e\u011fitimler <\/h2><div class=\"gb-grid-wrapper gb-grid-wrapper-a20baf7c gb-grid-wrapper-mt-grid\"><div class=\"gb-grid-column gb-grid-column-65ddf67e\"><div class=\"gb-container gb-container-65ddf67e\"><ul><li> <a href=\"https:\/\/exceladvisor.org\/tr\/hizli-analiz-araci\/\">Excel&#8217;de H\u0131zl\u0131 Analiz Arac\u0131<\/a><\/li><li> <a href=\"https:\/\/exceladvisor.org\/tr\/birden-fazla-filtre-uygula\/\">S\u00fctunlara birden \u00e7ok filtre uygulama<\/a><\/li><li> <a href=\"https:\/\/exceladvisor.org\/tr\/ust-alt-degerleri-vurgula\/\">Excel&#8217;de \u00fcst ve alt N de\u011ferlerini vurgulay\u0131n<\/a><\/li><li> <a href=\"https:\/\/exceladvisor.org\/tr\/onay-kutusu\/\">Excel&#8217;e onay kutusu ekleme<\/a><\/li><li> <a href=\"https:\/\/exceladvisor.org\/tr\/veri-kaybetmeden-hucreleri-birlestirme\/\">Excel&#8217;de veri kaybetmeden h\u00fccreleri birle\u015ftirme<\/a><\/li><\/ul><\/div><\/div><\/div><\/div>","protected":false},"excerpt":{"rendered":"","protected":false},"author":1,"featured_media":0,"parent":0,"menu_order":0,"comment_status":"open","ping_status":"closed","template":"","meta":{"ub_ctt_via":"","footnotes":""},"class_list":["post-1901","page","type-page","status-publish","hentry"],"featured_image_src":null,"yoast_head":"<!-- This site is optimized with the Yoast SEO plugin v25.4 - https:\/\/yoast.com\/wordpress\/plugins\/seo\/ -->\n<title>Excel&#039;de bir tablo nas\u0131l yeniden adland\u0131r\u0131l\u0131r? (2023 K\u0131lavuzu)<\/title>\n<meta name=\"description\" content=\"Bu dersimizde Excel tablosunu nas\u0131l yeniden adland\u0131raca\u011f\u0131m\u0131z\u0131 \u00f6\u011frenece\u011fiz. Ayr\u0131ca bununla ilgili baz\u0131 \u00f6nemli noktalar\u0131 da \u00f6\u011frenece\u011fiz.\" \/>\n<meta name=\"robots\" content=\"index, follow, max-snippet:-1, max-image-preview:large, max-video-preview:-1\" \/>\n<link rel=\"canonical\" href=\"https:\/\/exceladvisor.org\/tr\/tabloyu-yeniden-adlandir\/\" \/>\n<meta property=\"og:locale\" content=\"tr_TR\" \/>\n<meta property=\"og:type\" content=\"article\" \/>\n<meta property=\"og:title\" content=\"Excel&#039;de bir tablo nas\u0131l yeniden adland\u0131r\u0131l\u0131r? (2023 K\u0131lavuzu)\" \/>\n<meta property=\"og:description\" content=\"Bu dersimizde Excel tablosunu nas\u0131l yeniden adland\u0131raca\u011f\u0131m\u0131z\u0131 \u00f6\u011frenece\u011fiz. Ayr\u0131ca bununla ilgili baz\u0131 \u00f6nemli noktalar\u0131 da \u00f6\u011frenece\u011fiz.\" \/>\n<meta property=\"og:url\" content=\"https:\/\/exceladvisor.org\/tr\/tabloyu-yeniden-adlandir\/\" \/>\n<meta property=\"og:site_name\" content=\"Excel Advisor\" \/>\n<meta property=\"article:modified_time\" content=\"2023-12-10T06:00:48+00:00\" \/>\n<meta property=\"og:image\" content=\"https:\/\/exceladvisor.org\/wp-content\/uploads\/2023\/08\/1-renommer-table-excel.png\" \/>\n<meta name=\"twitter:card\" content=\"summary_large_image\" \/>\n<meta name=\"twitter:label1\" content=\"Tahmini okuma s\u00fcresi\" \/>\n\t<meta name=\"twitter:data1\" content=\"2 dakika\" \/>\n<script type=\"application\/ld+json\" class=\"yoast-schema-graph\">{\"@context\":\"https:\/\/schema.org\",\"@graph\":[{\"@type\":\"WebPage\",\"@id\":\"https:\/\/exceladvisor.org\/tr\/tabloyu-yeniden-adlandir\/\",\"url\":\"https:\/\/exceladvisor.org\/tr\/tabloyu-yeniden-adlandir\/\",\"name\":\"Excel&#39;de bir tablo nas\u0131l yeniden adland\u0131r\u0131l\u0131r? (2023 K\u0131lavuzu)\",\"isPartOf\":{\"@id\":\"https:\/\/exceladvisor.org\/tr\/#website\"},\"primaryImageOfPage\":{\"@id\":\"https:\/\/exceladvisor.org\/tr\/tabloyu-yeniden-adlandir\/#primaryimage\"},\"image\":{\"@id\":\"https:\/\/exceladvisor.org\/tr\/tabloyu-yeniden-adlandir\/#primaryimage\"},\"thumbnailUrl\":\"https:\/\/exceladvisor.org\/wp-content\/uploads\/2023\/08\/1-renommer-table-excel.png\",\"datePublished\":\"2023-10-29T06:51:37+00:00\",\"dateModified\":\"2023-12-10T06:00:48+00:00\",\"description\":\"Bu dersimizde Excel tablosunu nas\u0131l yeniden adland\u0131raca\u011f\u0131m\u0131z\u0131 \u00f6\u011frenece\u011fiz. Ayr\u0131ca bununla ilgili baz\u0131 \u00f6nemli noktalar\u0131 da \u00f6\u011frenece\u011fiz.\",\"breadcrumb\":{\"@id\":\"https:\/\/exceladvisor.org\/tr\/tabloyu-yeniden-adlandir\/#breadcrumb\"},\"inLanguage\":\"tr\",\"potentialAction\":[{\"@type\":\"ReadAction\",\"target\":[\"https:\/\/exceladvisor.org\/tr\/tabloyu-yeniden-adlandir\/\"]}]},{\"@type\":\"ImageObject\",\"inLanguage\":\"tr\",\"@id\":\"https:\/\/exceladvisor.org\/tr\/tabloyu-yeniden-adlandir\/#primaryimage\",\"url\":\"https:\/\/exceladvisor.org\/wp-content\/uploads\/2023\/08\/1-renommer-table-excel.png\",\"contentUrl\":\"https:\/\/exceladvisor.org\/wp-content\/uploads\/2023\/08\/1-renommer-table-excel.png\"},{\"@type\":\"BreadcrumbList\",\"@id\":\"https:\/\/exceladvisor.org\/tr\/tabloyu-yeniden-adlandir\/#breadcrumb\",\"itemListElement\":[{\"@type\":\"ListItem\",\"position\":1,\"name\":\"Ev\",\"item\":\"https:\/\/exceladvisor.org\/tr\/\"},{\"@type\":\"ListItem\",\"position\":2,\"name\":\"Excel&#39;de bir tablo nas\u0131l yeniden adland\u0131r\u0131l\u0131r?\"}]},{\"@type\":\"WebSite\",\"@id\":\"https:\/\/exceladvisor.org\/tr\/#website\",\"url\":\"https:\/\/exceladvisor.org\/tr\/\",\"name\":\"Excel Advisor\",\"description\":\"Veri hakimiyetine y\u00f6nelik nihai rehberiniz!\",\"publisher\":{\"@id\":\"https:\/\/exceladvisor.org\/tr\/#organization\"},\"potentialAction\":[{\"@type\":\"SearchAction\",\"target\":{\"@type\":\"EntryPoint\",\"urlTemplate\":\"https:\/\/exceladvisor.org\/tr\/?s={search_term_string}\"},\"query-input\":{\"@type\":\"PropertyValueSpecification\",\"valueRequired\":true,\"valueName\":\"search_term_string\"}}],\"inLanguage\":\"tr\"},{\"@type\":\"Organization\",\"@id\":\"https:\/\/exceladvisor.org\/tr\/#organization\",\"name\":\"Excel Advisor\",\"url\":\"https:\/\/exceladvisor.org\/tr\/\",\"logo\":{\"@type\":\"ImageObject\",\"inLanguage\":\"tr\",\"@id\":\"https:\/\/exceladvisor.org\/tr\/#\/schema\/logo\/image\/\",\"url\":\"https:\/\/exceladvisor.org\/tr\/wp-content\/uploads\/2023\/12\/exceladvisor.org_.png\",\"contentUrl\":\"https:\/\/exceladvisor.org\/tr\/wp-content\/uploads\/2023\/12\/exceladvisor.org_.png\",\"width\":105,\"height\":36,\"caption\":\"Excel Advisor\"},\"image\":{\"@id\":\"https:\/\/exceladvisor.org\/tr\/#\/schema\/logo\/image\/\"}}]}<\/script>\n<!-- \/ Yoast SEO plugin. -->","yoast_head_json":{"title":"Excel&#39;de bir tablo nas\u0131l yeniden adland\u0131r\u0131l\u0131r? (2023 K\u0131lavuzu)","description":"Bu dersimizde Excel tablosunu nas\u0131l yeniden adland\u0131raca\u011f\u0131m\u0131z\u0131 \u00f6\u011frenece\u011fiz. Ayr\u0131ca bununla ilgili baz\u0131 \u00f6nemli noktalar\u0131 da \u00f6\u011frenece\u011fiz.","robots":{"index":"index","follow":"follow","max-snippet":"max-snippet:-1","max-image-preview":"max-image-preview:large","max-video-preview":"max-video-preview:-1"},"canonical":"https:\/\/exceladvisor.org\/tr\/tabloyu-yeniden-adlandir\/","og_locale":"tr_TR","og_type":"article","og_title":"Excel&#39;de bir tablo nas\u0131l yeniden adland\u0131r\u0131l\u0131r? (2023 K\u0131lavuzu)","og_description":"Bu dersimizde Excel tablosunu nas\u0131l yeniden adland\u0131raca\u011f\u0131m\u0131z\u0131 \u00f6\u011frenece\u011fiz. Ayr\u0131ca bununla ilgili baz\u0131 \u00f6nemli noktalar\u0131 da \u00f6\u011frenece\u011fiz.","og_url":"https:\/\/exceladvisor.org\/tr\/tabloyu-yeniden-adlandir\/","og_site_name":"Excel Advisor","article_modified_time":"2023-12-10T06:00:48+00:00","og_image":[{"url":"https:\/\/exceladvisor.org\/wp-content\/uploads\/2023\/08\/1-renommer-table-excel.png","type":"","width":"","height":""}],"twitter_card":"summary_large_image","twitter_misc":{"Tahmini okuma s\u00fcresi":"2 dakika"},"schema":{"@context":"https:\/\/schema.org","@graph":[{"@type":"WebPage","@id":"https:\/\/exceladvisor.org\/tr\/tabloyu-yeniden-adlandir\/","url":"https:\/\/exceladvisor.org\/tr\/tabloyu-yeniden-adlandir\/","name":"Excel&#39;de bir tablo nas\u0131l yeniden adland\u0131r\u0131l\u0131r? (2023 K\u0131lavuzu)","isPartOf":{"@id":"https:\/\/exceladvisor.org\/tr\/#website"},"primaryImageOfPage":{"@id":"https:\/\/exceladvisor.org\/tr\/tabloyu-yeniden-adlandir\/#primaryimage"},"image":{"@id":"https:\/\/exceladvisor.org\/tr\/tabloyu-yeniden-adlandir\/#primaryimage"},"thumbnailUrl":"https:\/\/exceladvisor.org\/wp-content\/uploads\/2023\/08\/1-renommer-table-excel.png","datePublished":"2023-10-29T06:51:37+00:00","dateModified":"2023-12-10T06:00:48+00:00","description":"Bu dersimizde Excel tablosunu nas\u0131l yeniden adland\u0131raca\u011f\u0131m\u0131z\u0131 \u00f6\u011frenece\u011fiz. Ayr\u0131ca bununla ilgili baz\u0131 \u00f6nemli noktalar\u0131 da \u00f6\u011frenece\u011fiz.","breadcrumb":{"@id":"https:\/\/exceladvisor.org\/tr\/tabloyu-yeniden-adlandir\/#breadcrumb"},"inLanguage":"tr","potentialAction":[{"@type":"ReadAction","target":["https:\/\/exceladvisor.org\/tr\/tabloyu-yeniden-adlandir\/"]}]},{"@type":"ImageObject","inLanguage":"tr","@id":"https:\/\/exceladvisor.org\/tr\/tabloyu-yeniden-adlandir\/#primaryimage","url":"https:\/\/exceladvisor.org\/wp-content\/uploads\/2023\/08\/1-renommer-table-excel.png","contentUrl":"https:\/\/exceladvisor.org\/wp-content\/uploads\/2023\/08\/1-renommer-table-excel.png"},{"@type":"BreadcrumbList","@id":"https:\/\/exceladvisor.org\/tr\/tabloyu-yeniden-adlandir\/#breadcrumb","itemListElement":[{"@type":"ListItem","position":1,"name":"Ev","item":"https:\/\/exceladvisor.org\/tr\/"},{"@type":"ListItem","position":2,"name":"Excel&#39;de bir tablo nas\u0131l yeniden adland\u0131r\u0131l\u0131r?"}]},{"@type":"WebSite","@id":"https:\/\/exceladvisor.org\/tr\/#website","url":"https:\/\/exceladvisor.org\/tr\/","name":"Excel Advisor","description":"Veri hakimiyetine y\u00f6nelik nihai rehberiniz!","publisher":{"@id":"https:\/\/exceladvisor.org\/tr\/#organization"},"potentialAction":[{"@type":"SearchAction","target":{"@type":"EntryPoint","urlTemplate":"https:\/\/exceladvisor.org\/tr\/?s={search_term_string}"},"query-input":{"@type":"PropertyValueSpecification","valueRequired":true,"valueName":"search_term_string"}}],"inLanguage":"tr"},{"@type":"Organization","@id":"https:\/\/exceladvisor.org\/tr\/#organization","name":"Excel Advisor","url":"https:\/\/exceladvisor.org\/tr\/","logo":{"@type":"ImageObject","inLanguage":"tr","@id":"https:\/\/exceladvisor.org\/tr\/#\/schema\/logo\/image\/","url":"https:\/\/exceladvisor.org\/tr\/wp-content\/uploads\/2023\/12\/exceladvisor.org_.png","contentUrl":"https:\/\/exceladvisor.org\/tr\/wp-content\/uploads\/2023\/12\/exceladvisor.org_.png","width":105,"height":36,"caption":"Excel Advisor"},"image":{"@id":"https:\/\/exceladvisor.org\/tr\/#\/schema\/logo\/image\/"}}]}},"yoast_meta":{"yoast_wpseo_title":"","yoast_wpseo_metadesc":"","yoast_wpseo_canonical":""},"_links":{"self":[{"href":"https:\/\/exceladvisor.org\/tr\/wp-json\/wp\/v2\/pages\/1901","targetHints":{"allow":["GET"]}}],"collection":[{"href":"https:\/\/exceladvisor.org\/tr\/wp-json\/wp\/v2\/pages"}],"about":[{"href":"https:\/\/exceladvisor.org\/tr\/wp-json\/wp\/v2\/types\/page"}],"author":[{"embeddable":true,"href":"https:\/\/exceladvisor.org\/tr\/wp-json\/wp\/v2\/users\/1"}],"replies":[{"embeddable":true,"href":"https:\/\/exceladvisor.org\/tr\/wp-json\/wp\/v2\/comments?post=1901"}],"version-history":[{"count":1,"href":"https:\/\/exceladvisor.org\/tr\/wp-json\/wp\/v2\/pages\/1901\/revisions"}],"predecessor-version":[{"id":2436,"href":"https:\/\/exceladvisor.org\/tr\/wp-json\/wp\/v2\/pages\/1901\/revisions\/2436"}],"wp:attachment":[{"href":"https:\/\/exceladvisor.org\/tr\/wp-json\/wp\/v2\/media?parent=1901"}],"curies":[{"name":"wp","href":"https:\/\/api.w.org\/{rel}","templated":true}]}}