{"id":1902,"date":"2023-10-29T06:40:28","date_gmt":"2023-10-29T06:40:28","guid":{"rendered":"https:\/\/exceladvisor.org\/tr\/bicimlendirmeyi-kaldir\/"},"modified":"2023-12-10T06:00:22","modified_gmt":"2023-12-10T06:00:22","slug":"bicimlendirmeyi-kaldir","status":"publish","type":"page","link":"https:\/\/exceladvisor.org\/tr\/bicimlendirmeyi-kaldir\/","title":{"rendered":"Excel&#39;de bi\u00e7imlendirme nas\u0131l temizlenir?"},"content":{"rendered":"<div class=\"excel-icerikten-once\" id=\"excel-3030576398\"><script type=\"text\/javascript\">\r\n\tatOptions = {\r\n\t\t'key' : 'c1158f160081d6540a8409e6925dab94',\r\n\t\t'format' : 'iframe',\r\n\t\t'height' : 250,\r\n\t\t'width' : 300,\r\n\t\t'params' : {}\r\n\t};\r\n<\/script>\r\n<script type=\"text\/javascript\" src=\"\/\/www.highperformanceformat.com\/c1158f160081d6540a8409e6925dab94\/invoke.js\"><\/script><\/div> <p>Excel&#8217;de bi\u00e7imlendirme, ilgili verileri kolayca g\u00f6r\u00fcn\u00fcr k\u0131lmak amac\u0131yla h\u00fccreleri veya h\u00fccre aral\u0131\u011f\u0131n\u0131 vurgulamak i\u00e7in kullan\u0131l\u0131r. Bu, h\u00fccre veya yaz\u0131 tipi rengi, kenarl\u0131klar, hizalama, yaz\u0131 tipi stili ve di\u011fer bi\u00e7imlendirme uygulanarak yap\u0131labilir.<\/p><p> Bazen belirli h\u00fccre aral\u0131klar\u0131ndan veya \u00e7al\u0131\u015fma sayfas\u0131n\u0131n tamam\u0131ndan bi\u00e7imlendirmeyi temizlemeniz gerekebilir ve bunu manuel olarak yapmak s\u0131k\u0131c\u0131 bir i\u015ftir ve verileriniz b\u00fcy\u00fckse temizlemek i\u00e7in baz\u0131 bi\u00e7imlendirmelerin eksik olmas\u0131 olas\u0131l\u0131\u011f\u0131 olabilir.<\/p><p> Ancak rahat olun, Excel&#8217;in bi\u00e7imlendirmeyi h\u0131zl\u0131 ve kolay bir \u015fekilde temizlemenin birka\u00e7 yolu vard\u0131r ve bunlardan baz\u0131lar\u0131 sizin i\u00e7in a\u015fa\u011f\u0131da a\u00e7\u0131klanm\u0131\u015ft\u0131r.<\/p><h2 class=\"wp-block-heading\"> Formatlar\u0131 Temizle Se\u00e7ene\u011fini Kullanarak Formatlamay\u0131 Temizleme Ad\u0131mlar\u0131<\/h2><ol><li> \u0130lk olarak, bi\u00e7imlendirmeyi temizlemek istedi\u011finiz h\u00fccreleri veya h\u00fccre aral\u0131\u011f\u0131n\u0131 veya bi\u00e7imlendirmeyi sayfan\u0131n tamam\u0131ndan temizlemek istiyorsan\u0131z sayfan\u0131n tamam\u0131n\u0131 se\u00e7in.<\/li><li> Bundan sonra \u201cGiri\u015f\u201d sekmesine gidin ve D\u00fczenleme grubunda Temizle a\u00e7\u0131l\u0131r simgesine t\u0131klay\u0131n. <br><img loading=\"lazy\" decoding=\"async\" title=\"1-ana sayfa sekmesi temizleme simgesi\" src=\"https:\/\/exceladvisor.org\/wp-content\/uploads\/2023\/08\/1-icone-deffacement-de-longlet-daccueil.png\" sizes=\"auto, \" srcset=\"\" alt=\"home-tab-clear-icon\" width=\"495\" height=\"395\"><\/li><li> \u015eimdi a\u00e7\u0131l\u0131r listeden Formatlar\u0131 Temizle se\u00e7ene\u011fini se\u00e7in. <br><img loading=\"lazy\" decoding=\"async\" title=\"2-a\u00e7\u0131k-formatlar\u0131 se\u00e7in\" src=\"https:\/\/exceladvisor.org\/wp-content\/uploads\/2023\/08\/2-selectionnez-des-formats-clairs.png\" sizes=\"auto, \" srcset=\"\" alt=\"select-clear-formats\" width=\"196\" height=\"259\"><\/li><li> Formatlar\u0131 Temizle&#8217;yi t\u0131klatt\u0131\u011f\u0131n\u0131z anda, h\u00fccre renkleri, yaz\u0131 tipi renkleri, kenar hizalamas\u0131, ko\u015fullu bi\u00e7imlendirme vb. dahil olmak \u00fczere uygulanan t\u00fcm bi\u00e7imlendirme t\u00fcrleri temizlenecektir. <br><img loading=\"lazy\" decoding=\"async\" title=\"3-format-silindi\" src=\"https:\/\/exceladvisor.org\/wp-content\/uploads\/2023\/08\/3-formatage-efface.png\" sizes=\"auto, \" srcset=\"\" alt=\"formatting-cleared\" width=\"302\" height=\"294\"><\/li><\/ol><div class=\"wp-block-group more-box is-layout-constrained\"><div class=\"wp-block-group__inner-container\"><ul id=\"ub_styled_list-fc5e0c8e-1a81-4ae0-81ad-53d21f6fae54\" class=\"ub_styled_list\"><li class=\"ub_styled_list_item\"> H\u00fccrelerde yaln\u0131zca birka\u00e7 renkli s\u00f6zc\u00fck veya karakter varsa Excel, yukar\u0131da a\u00e7\u0131klanan ad\u0131mlardan herhangi birini kullanarak bu renk bi\u00e7imlendirmesini kald\u0131ramaz. <\/li><\/ul><div class=\"wp-block-image\"><figure class=\"aligncenter size-full is-resized\"><img loading=\"lazy\" decoding=\"async\" class=\"wp-image-77424\" src=\"https:\/\/exceladvisor.org\/wp-content\/uploads\/2023\/08\/6-quelques-caracteres-colores-en-valeur.png\" sizes=\"auto, \" srcset=\"\" alt=\"de\u011ferinde birka\u00e7 renkli karakter\" width=\"177\" height=\"188\"><\/figure><\/div><\/div><\/div><h2 class=\"wp-block-heading\"> Format Boyac\u0131s\u0131n\u0131 kullanarak formatlamay\u0131 temizleme<\/h2><ol><li> \u0130lk \u00f6nce, bi\u00e7imlendirilmemi\u015f herhangi bir h\u00fccreye gidin.<\/li><li> Bundan sonra \u201cGiri\u015f\u201d sekmesine gidin ve Pano grubunun alt\u0131nda Format Boyac\u0131s\u0131&#8217;na t\u0131klay\u0131n.<\/li><li> \u015eimdi bi\u00e7imlendirmeyi temizlemek istedi\u011finiz h\u00fccreyi veya h\u00fccre aral\u0131\u011f\u0131n\u0131 se\u00e7in. <br><img loading=\"lazy\" decoding=\"async\" title=\"ressam-format-4-kullan\u0131mlar\u0131\" src=\"https:\/\/exceladvisor.org\/wp-content\/uploads\/2023\/08\/4-utiliser-format-peintre.png\" sizes=\"auto, \" srcset=\"\" alt=\"use-format-painter\" width=\"430\" height=\"425\"><\/li><li> Bu noktada uygulanan t\u00fcm bi\u00e7imlendirmeler silinecektir. <br><img loading=\"lazy\" decoding=\"async\" title=\"5-t\u00fcm bi\u00e7imlendirmeler temizlendi\" src=\"https:\/\/exceladvisor.org\/wp-content\/uploads\/2023\/08\/5-tout-formatage-efface.png\" sizes=\"auto, \" srcset=\"\" alt=\"all-formatting-cleared\" width=\"287\" height=\"279\"><\/li><\/ol><h2 class=\"wp-block-heading\"> Klavye k\u0131sayolunu kullanarak bi\u00e7imlendirmeyi temizleyin<\/h2><p> Excel&#8217;de ayr\u0131ca bi\u00e7imlendirmeyi temizlemek i\u00e7in bir klavye k\u0131sayolu vard\u0131r ve bunun i\u00e7in a\u015fa\u011f\u0131da belirtilen iki ad\u0131m\u0131 uygulaman\u0131z yeterlidir.<\/p><ul><li> \u0130lk olarak, bi\u00e7imlendirmeyi temizlemek istedi\u011finiz h\u00fccreleri veya h\u00fccre aral\u0131\u011f\u0131n\u0131 veya bi\u00e7imlendirmeyi sayfan\u0131n tamam\u0131ndan temizlemek istiyorsan\u0131z sayfan\u0131n tamam\u0131n\u0131 se\u00e7in.<\/li><li> Bundan sonra s\u0131rayla <kbd>Alt<\/kbd> \u2192 <kbd>H<\/kbd> \u2192 <kbd>E<\/kbd> \u2192 <kbd>F<\/kbd> tu\u015flar\u0131na basman\u0131z yeterlidir; bi\u00e7imlendirme temizlenecektir.<\/li><\/ul><h2 class=\"wp-block-heading\"> VBA kodunu kullanarak bi\u00e7imlendirmeyi temizleyin<\/h2><p> Bi\u00e7imlendirmeyi temizlemek i\u00e7in VBA kodunu da kullanabilirsiniz.<\/p><pre class=\"wp-block-code\"> <code class=\"language-visual-basic\" lang=\"visual-basic\">Range(\u201cA1\u201d).ClearFormats<\/code><\/pre><div class=\"gb-container gb-container-4db6181c gb-container-mt\"> <a class=\"gb-button gb-button-c5897111 gb-button-text gb-button-mt-button\" href=\"https:\/\/exceladvisor.org\/tr\/excelin-temelleri\/\">Microsoft Excel Temelleri (Bile\u015fenler, Par\u00e7alar ve Bilgi Notlar\u0131)<\/a><h2 class=\"gb-headline gb-headline-665e5f6b gb-headline-text gb-headline-mt-heading\"> \u0130lgili e\u011fitimler <\/h2><div class=\"gb-grid-wrapper gb-grid-wrapper-a20baf7c gb-grid-wrapper-mt-grid\"><div class=\"gb-grid-column gb-grid-column-65ddf67e\"><div class=\"gb-container gb-container-65ddf67e\"><ul><li> <a href=\"https:\/\/exceladvisor.org\/tr\/muhasebe-numarasi-formati\/\">Excel&#8217;de muhasebe numaras\u0131 bi\u00e7imini uygulama<\/a><\/li><li> <a href=\"https:\/\/exceladvisor.org\/tr\/sayfa-numarasi-ekle\/\">Excel&#8217;de sayfa numaras\u0131 ekleme<\/a><\/li><li> <a href=\"https:\/\/exceladvisor.org\/tr\/virgul-stilini-uygula\/\">Excel&#8217;de virg\u00fcl stilini uygulama<\/a><\/li><li> <a href=\"https:\/\/exceladvisor.org\/tr\/kamis\/\">Excel&#8217;de \u00fcst\u00fc \u00e7izili uygulama<\/a><\/li><li> <a href=\"https:\/\/exceladvisor.org\/tr\/bos-hucreleri-vurgula\/\">Excel&#8217;de bo\u015f h\u00fccreleri vurgulay\u0131n<\/a> <\/li><\/ul><\/div><\/div><div class=\"gb-grid-column gb-grid-column-50067b57\"><div class=\"gb-container gb-container-50067b57\"><\/div><\/div><\/div><\/div>","protected":false},"excerpt":{"rendered":"","protected":false},"author":1,"featured_media":0,"parent":0,"menu_order":0,"comment_status":"open","ping_status":"closed","template":"","meta":{"ub_ctt_via":"","footnotes":""},"class_list":["post-1902","page","type-page","status-publish","hentry"],"featured_image_src":null,"yoast_head":"<!-- This site is optimized with the Yoast SEO plugin v25.4 - https:\/\/yoast.com\/wordpress\/plugins\/seo\/ -->\n<title>Excel&#039;de bi\u00e7imlendirme nas\u0131l temizlenir? (E\u011fitim 2023)<\/title>\n<meta name=\"description\" content=\"Bu derste Excel&#039;de bi\u00e7imlendirmenin nas\u0131l temizlenece\u011fini \u00f6\u011frenece\u011fiz. Excel&#039;in bi\u00e7imlendirmeyi h\u0131zla temizlemenin birka\u00e7 yolu vard\u0131r...\" \/>\n<meta name=\"robots\" content=\"index, follow, max-snippet:-1, max-image-preview:large, max-video-preview:-1\" \/>\n<link rel=\"canonical\" href=\"https:\/\/exceladvisor.org\/tr\/bicimlendirmeyi-kaldir\/\" \/>\n<meta property=\"og:locale\" content=\"tr_TR\" \/>\n<meta property=\"og:type\" content=\"article\" \/>\n<meta property=\"og:title\" content=\"Excel&#039;de bi\u00e7imlendirme nas\u0131l temizlenir? (E\u011fitim 2023)\" \/>\n<meta property=\"og:description\" content=\"Bu derste Excel&#039;de bi\u00e7imlendirmenin nas\u0131l temizlenece\u011fini \u00f6\u011frenece\u011fiz. Excel&#039;in bi\u00e7imlendirmeyi h\u0131zla temizlemenin birka\u00e7 yolu vard\u0131r...\" \/>\n<meta property=\"og:url\" content=\"https:\/\/exceladvisor.org\/tr\/bicimlendirmeyi-kaldir\/\" \/>\n<meta property=\"og:site_name\" content=\"Excel Advisor\" \/>\n<meta property=\"article:modified_time\" content=\"2023-12-10T06:00:22+00:00\" \/>\n<meta property=\"og:image\" content=\"https:\/\/exceladvisor.org\/wp-content\/uploads\/2023\/08\/1-icone-deffacement-de-longlet-daccueil.png\" \/>\n<meta name=\"twitter:card\" content=\"summary_large_image\" \/>\n<meta name=\"twitter:label1\" content=\"Tahmini okuma s\u00fcresi\" \/>\n\t<meta name=\"twitter:data1\" content=\"2 dakika\" \/>\n<script type=\"application\/ld+json\" class=\"yoast-schema-graph\">{\"@context\":\"https:\/\/schema.org\",\"@graph\":[{\"@type\":\"WebPage\",\"@id\":\"https:\/\/exceladvisor.org\/tr\/bicimlendirmeyi-kaldir\/\",\"url\":\"https:\/\/exceladvisor.org\/tr\/bicimlendirmeyi-kaldir\/\",\"name\":\"Excel&#39;de bi\u00e7imlendirme nas\u0131l temizlenir? (E\u011fitim 2023)\",\"isPartOf\":{\"@id\":\"https:\/\/exceladvisor.org\/tr\/#website\"},\"primaryImageOfPage\":{\"@id\":\"https:\/\/exceladvisor.org\/tr\/bicimlendirmeyi-kaldir\/#primaryimage\"},\"image\":{\"@id\":\"https:\/\/exceladvisor.org\/tr\/bicimlendirmeyi-kaldir\/#primaryimage\"},\"thumbnailUrl\":\"https:\/\/exceladvisor.org\/wp-content\/uploads\/2023\/08\/1-icone-deffacement-de-longlet-daccueil.png\",\"datePublished\":\"2023-10-29T06:40:28+00:00\",\"dateModified\":\"2023-12-10T06:00:22+00:00\",\"description\":\"Bu derste Excel&#39;de bi\u00e7imlendirmenin nas\u0131l temizlenece\u011fini \u00f6\u011frenece\u011fiz. Excel&#39;in bi\u00e7imlendirmeyi h\u0131zla temizlemenin birka\u00e7 yolu vard\u0131r...\",\"breadcrumb\":{\"@id\":\"https:\/\/exceladvisor.org\/tr\/bicimlendirmeyi-kaldir\/#breadcrumb\"},\"inLanguage\":\"tr\",\"potentialAction\":[{\"@type\":\"ReadAction\",\"target\":[\"https:\/\/exceladvisor.org\/tr\/bicimlendirmeyi-kaldir\/\"]}]},{\"@type\":\"ImageObject\",\"inLanguage\":\"tr\",\"@id\":\"https:\/\/exceladvisor.org\/tr\/bicimlendirmeyi-kaldir\/#primaryimage\",\"url\":\"https:\/\/exceladvisor.org\/wp-content\/uploads\/2023\/08\/1-icone-deffacement-de-longlet-daccueil.png\",\"contentUrl\":\"https:\/\/exceladvisor.org\/wp-content\/uploads\/2023\/08\/1-icone-deffacement-de-longlet-daccueil.png\"},{\"@type\":\"BreadcrumbList\",\"@id\":\"https:\/\/exceladvisor.org\/tr\/bicimlendirmeyi-kaldir\/#breadcrumb\",\"itemListElement\":[{\"@type\":\"ListItem\",\"position\":1,\"name\":\"Ev\",\"item\":\"https:\/\/exceladvisor.org\/tr\/\"},{\"@type\":\"ListItem\",\"position\":2,\"name\":\"Excel&#39;de bi\u00e7imlendirme nas\u0131l temizlenir?\"}]},{\"@type\":\"WebSite\",\"@id\":\"https:\/\/exceladvisor.org\/tr\/#website\",\"url\":\"https:\/\/exceladvisor.org\/tr\/\",\"name\":\"Excel Advisor\",\"description\":\"Veri hakimiyetine y\u00f6nelik nihai rehberiniz!\",\"publisher\":{\"@id\":\"https:\/\/exceladvisor.org\/tr\/#organization\"},\"potentialAction\":[{\"@type\":\"SearchAction\",\"target\":{\"@type\":\"EntryPoint\",\"urlTemplate\":\"https:\/\/exceladvisor.org\/tr\/?s={search_term_string}\"},\"query-input\":{\"@type\":\"PropertyValueSpecification\",\"valueRequired\":true,\"valueName\":\"search_term_string\"}}],\"inLanguage\":\"tr\"},{\"@type\":\"Organization\",\"@id\":\"https:\/\/exceladvisor.org\/tr\/#organization\",\"name\":\"Excel Advisor\",\"url\":\"https:\/\/exceladvisor.org\/tr\/\",\"logo\":{\"@type\":\"ImageObject\",\"inLanguage\":\"tr\",\"@id\":\"https:\/\/exceladvisor.org\/tr\/#\/schema\/logo\/image\/\",\"url\":\"https:\/\/exceladvisor.org\/tr\/wp-content\/uploads\/2023\/12\/exceladvisor.org_.png\",\"contentUrl\":\"https:\/\/exceladvisor.org\/tr\/wp-content\/uploads\/2023\/12\/exceladvisor.org_.png\",\"width\":105,\"height\":36,\"caption\":\"Excel Advisor\"},\"image\":{\"@id\":\"https:\/\/exceladvisor.org\/tr\/#\/schema\/logo\/image\/\"}}]}<\/script>\n<!-- \/ Yoast SEO plugin. -->","yoast_head_json":{"title":"Excel&#39;de bi\u00e7imlendirme nas\u0131l temizlenir? (E\u011fitim 2023)","description":"Bu derste Excel&#39;de bi\u00e7imlendirmenin nas\u0131l temizlenece\u011fini \u00f6\u011frenece\u011fiz. Excel&#39;in bi\u00e7imlendirmeyi h\u0131zla temizlemenin birka\u00e7 yolu vard\u0131r...","robots":{"index":"index","follow":"follow","max-snippet":"max-snippet:-1","max-image-preview":"max-image-preview:large","max-video-preview":"max-video-preview:-1"},"canonical":"https:\/\/exceladvisor.org\/tr\/bicimlendirmeyi-kaldir\/","og_locale":"tr_TR","og_type":"article","og_title":"Excel&#39;de bi\u00e7imlendirme nas\u0131l temizlenir? (E\u011fitim 2023)","og_description":"Bu derste Excel&#39;de bi\u00e7imlendirmenin nas\u0131l temizlenece\u011fini \u00f6\u011frenece\u011fiz. Excel&#39;in bi\u00e7imlendirmeyi h\u0131zla temizlemenin birka\u00e7 yolu vard\u0131r...","og_url":"https:\/\/exceladvisor.org\/tr\/bicimlendirmeyi-kaldir\/","og_site_name":"Excel Advisor","article_modified_time":"2023-12-10T06:00:22+00:00","og_image":[{"url":"https:\/\/exceladvisor.org\/wp-content\/uploads\/2023\/08\/1-icone-deffacement-de-longlet-daccueil.png","type":"","width":"","height":""}],"twitter_card":"summary_large_image","twitter_misc":{"Tahmini okuma s\u00fcresi":"2 dakika"},"schema":{"@context":"https:\/\/schema.org","@graph":[{"@type":"WebPage","@id":"https:\/\/exceladvisor.org\/tr\/bicimlendirmeyi-kaldir\/","url":"https:\/\/exceladvisor.org\/tr\/bicimlendirmeyi-kaldir\/","name":"Excel&#39;de bi\u00e7imlendirme nas\u0131l temizlenir? (E\u011fitim 2023)","isPartOf":{"@id":"https:\/\/exceladvisor.org\/tr\/#website"},"primaryImageOfPage":{"@id":"https:\/\/exceladvisor.org\/tr\/bicimlendirmeyi-kaldir\/#primaryimage"},"image":{"@id":"https:\/\/exceladvisor.org\/tr\/bicimlendirmeyi-kaldir\/#primaryimage"},"thumbnailUrl":"https:\/\/exceladvisor.org\/wp-content\/uploads\/2023\/08\/1-icone-deffacement-de-longlet-daccueil.png","datePublished":"2023-10-29T06:40:28+00:00","dateModified":"2023-12-10T06:00:22+00:00","description":"Bu derste Excel&#39;de bi\u00e7imlendirmenin nas\u0131l temizlenece\u011fini \u00f6\u011frenece\u011fiz. Excel&#39;in bi\u00e7imlendirmeyi h\u0131zla temizlemenin birka\u00e7 yolu vard\u0131r...","breadcrumb":{"@id":"https:\/\/exceladvisor.org\/tr\/bicimlendirmeyi-kaldir\/#breadcrumb"},"inLanguage":"tr","potentialAction":[{"@type":"ReadAction","target":["https:\/\/exceladvisor.org\/tr\/bicimlendirmeyi-kaldir\/"]}]},{"@type":"ImageObject","inLanguage":"tr","@id":"https:\/\/exceladvisor.org\/tr\/bicimlendirmeyi-kaldir\/#primaryimage","url":"https:\/\/exceladvisor.org\/wp-content\/uploads\/2023\/08\/1-icone-deffacement-de-longlet-daccueil.png","contentUrl":"https:\/\/exceladvisor.org\/wp-content\/uploads\/2023\/08\/1-icone-deffacement-de-longlet-daccueil.png"},{"@type":"BreadcrumbList","@id":"https:\/\/exceladvisor.org\/tr\/bicimlendirmeyi-kaldir\/#breadcrumb","itemListElement":[{"@type":"ListItem","position":1,"name":"Ev","item":"https:\/\/exceladvisor.org\/tr\/"},{"@type":"ListItem","position":2,"name":"Excel&#39;de bi\u00e7imlendirme nas\u0131l temizlenir?"}]},{"@type":"WebSite","@id":"https:\/\/exceladvisor.org\/tr\/#website","url":"https:\/\/exceladvisor.org\/tr\/","name":"Excel Advisor","description":"Veri hakimiyetine y\u00f6nelik nihai rehberiniz!","publisher":{"@id":"https:\/\/exceladvisor.org\/tr\/#organization"},"potentialAction":[{"@type":"SearchAction","target":{"@type":"EntryPoint","urlTemplate":"https:\/\/exceladvisor.org\/tr\/?s={search_term_string}"},"query-input":{"@type":"PropertyValueSpecification","valueRequired":true,"valueName":"search_term_string"}}],"inLanguage":"tr"},{"@type":"Organization","@id":"https:\/\/exceladvisor.org\/tr\/#organization","name":"Excel Advisor","url":"https:\/\/exceladvisor.org\/tr\/","logo":{"@type":"ImageObject","inLanguage":"tr","@id":"https:\/\/exceladvisor.org\/tr\/#\/schema\/logo\/image\/","url":"https:\/\/exceladvisor.org\/tr\/wp-content\/uploads\/2023\/12\/exceladvisor.org_.png","contentUrl":"https:\/\/exceladvisor.org\/tr\/wp-content\/uploads\/2023\/12\/exceladvisor.org_.png","width":105,"height":36,"caption":"Excel Advisor"},"image":{"@id":"https:\/\/exceladvisor.org\/tr\/#\/schema\/logo\/image\/"}}]}},"yoast_meta":{"yoast_wpseo_title":"","yoast_wpseo_metadesc":"","yoast_wpseo_canonical":""},"_links":{"self":[{"href":"https:\/\/exceladvisor.org\/tr\/wp-json\/wp\/v2\/pages\/1902","targetHints":{"allow":["GET"]}}],"collection":[{"href":"https:\/\/exceladvisor.org\/tr\/wp-json\/wp\/v2\/pages"}],"about":[{"href":"https:\/\/exceladvisor.org\/tr\/wp-json\/wp\/v2\/types\/page"}],"author":[{"embeddable":true,"href":"https:\/\/exceladvisor.org\/tr\/wp-json\/wp\/v2\/users\/1"}],"replies":[{"embeddable":true,"href":"https:\/\/exceladvisor.org\/tr\/wp-json\/wp\/v2\/comments?post=1902"}],"version-history":[{"count":1,"href":"https:\/\/exceladvisor.org\/tr\/wp-json\/wp\/v2\/pages\/1902\/revisions"}],"predecessor-version":[{"id":2400,"href":"https:\/\/exceladvisor.org\/tr\/wp-json\/wp\/v2\/pages\/1902\/revisions\/2400"}],"wp:attachment":[{"href":"https:\/\/exceladvisor.org\/tr\/wp-json\/wp\/v2\/media?parent=1902"}],"curies":[{"name":"wp","href":"https:\/\/api.w.org\/{rel}","templated":true}]}}