{"id":1903,"date":"2023-10-29T06:25:17","date_gmt":"2023-10-29T06:25:17","guid":{"rendered":"https:\/\/exceladvisor.org\/tr\/excel-guvenli-mod\/"},"modified":"2023-12-10T05:59:36","modified_gmt":"2023-12-10T05:59:36","slug":"excel-guvenli-mod","status":"publish","type":"page","link":"https:\/\/exceladvisor.org\/tr\/excel-guvenli-mod\/","title":{"rendered":"Excel g\u00fcvenli modda nas\u0131l a\u00e7\u0131l\u0131r?"},"content":{"rendered":"<div class=\"excel-icerikten-once\" id=\"excel-2867562034\"><script type=\"text\/javascript\">\r\n\tatOptions = {\r\n\t\t'key' : 'c1158f160081d6540a8409e6925dab94',\r\n\t\t'format' : 'iframe',\r\n\t\t'height' : 250,\r\n\t\t'width' : 300,\r\n\t\t'params' : {}\r\n\t};\r\n<\/script>\r\n<script type=\"text\/javascript\" src=\"\/\/www.highperformanceformat.com\/c1158f160081d6540a8409e6925dab94\/invoke.js\"><\/script><\/div> <p>Excel&#8217;i G\u00fcvenli Modda a\u00e7t\u0131\u011f\u0131n\u0131zda dosyadaki sorunlar\u0131 gidermenize olanak tan\u0131r. Bir Excel dosyas\u0131n\u0131 a\u00e7arken \u00e7\u00f6kt\u00fc\u011f\u00fcnde, hesaplamaya \u00e7al\u0131\u015ft\u0131\u011f\u0131n\u0131zda veya kaydetmeye \u00e7al\u0131\u015ft\u0131\u011f\u0131n\u0131zda kilitlendi\u011finde kullan\u0131\u015fl\u0131d\u0131r. G\u00fcvenli mod, bir dosyay\u0131 k\u0131s\u0131tlamalarla a\u00e7man\u0131za olanak tan\u0131r ve sorunu giderebilirsiniz. <\/p><div class=\"wp-block-image\"><figure class=\"aligncenter size-full is-resized\"><img loading=\"lazy\" decoding=\"async\" class=\"wp-image-75213\" src=\"https:\/\/exceladvisor.org\/wp-content\/uploads\/2023\/08\/1-ouvrir-le-mode-sans-echec-excel.png\" sizes=\"auto, \" srcset=\"\" alt=\"a\u00e7\u0131k-excel-g\u00fcvenli mod\" width=\"535\" height=\"296\"><\/figure><\/div><h2 class=\"wp-block-heading\"> Excel&#8217;i G\u00fcvenli Modda A\u00e7ma Ad\u0131mlar\u0131<\/h2><ol><li> \u00d6ncelikle Ctrl tu\u015funu bas\u0131l\u0131 tutun. <br><img loading=\"lazy\" decoding=\"async\" title=\"2 kontrol tu\u015fu\" src=\"https:\/\/exceladvisor.org\/wp-content\/uploads\/2023\/08\/2-touches-de-controle.png\" sizes=\"auto, \" srcset=\"\" alt=\"control-key\" width=\"115\" height=\"79\"><\/li><li> \u015eimdi Ctrl tu\u015funu bas\u0131l\u0131 tutarken g\u00fcvenli modda a\u00e7mak istedi\u011finiz Excel dosyas\u0131na \u00e7ift t\u0131klay\u0131n. <br><img loading=\"lazy\" decoding=\"async\" title=\"3-excel dosyas\u0131na \u00e7ift t\u0131klay\u0131n\" src=\"https:\/\/exceladvisor.org\/wp-content\/uploads\/2023\/08\/3-double-cliquez-sur-le-fichier-excel.png\" sizes=\"auto, \" srcset=\"\" alt=\"double-click-on-excel-file\" width=\"302\" height=\"206\"><\/li><li> Oradan, g\u00fcvenli modda a\u00e7mak isteseniz de istemeseniz de Excel&#8217;den bir mesaj alacaks\u0131n\u0131z. <br><img loading=\"lazy\" decoding=\"async\" title=\"G\u00fcvenli modda a\u00e7\u0131lacak 4 mesaj\" src=\"https:\/\/exceladvisor.org\/wp-content\/uploads\/2023\/08\/4-message-a-ouvrir-en-mode-sans-echec.png\" sizes=\"auto, \" srcset=\"\" alt=\"message-to-open-in-safe-mode\" width=\"430\" height=\"178\"><\/li><li> Sonunda Excel&#8217;i a\u015fa\u011f\u0131daki gibi G\u00fcvenli Modda a\u00e7m\u0131\u015f olacaks\u0131n\u0131z. <br><img loading=\"lazy\" decoding=\"async\" title=\"5-excel g\u00fcvenli modda a\u00e7\" src=\"https:\/\/exceladvisor.org\/wp-content\/uploads\/2023\/08\/5-excel-ouvert-en-mode-sans-echec.png\" sizes=\"auto, \" srcset=\"\" alt=\"excel-opened-in-safe-mode\" width=\"471\" height=\"295\"><\/li><\/ol><p> Excel&#8217;i G\u00fcvenli Modda a\u00e7t\u0131\u011f\u0131n\u0131zda dedi\u011fim gibi Normal Modda Excel&#8217;de sahip oldu\u011funuz bir\u00e7ok se\u00e7ene\u011fi k\u0131s\u0131tl\u0131yor.<\/p><h2 class=\"wp-block-heading\"> Komut Modunu Kullanarak Excel&#8217;i G\u00fcvenli Modda A\u00e7ma<\/h2><ol><li> \u00d6ncelikle Windows arama \u00e7ubu\u011funu a\u00e7\u0131n ve &#8220;\u00e7al\u0131\u015ft\u0131r&#8221; yaz\u0131n, ard\u0131ndan &#8220;\u00c7al\u0131\u015ft\u0131r&#8221; uygulamas\u0131n\u0131 a\u00e7mak i\u00e7in \u00e7al\u0131\u015ft\u0131r&#8217;a t\u0131klay\u0131n. <br><img loading=\"lazy\" decoding=\"async\" title=\"6-a\u00e7\u0131k-\u00e7al\u0131\u015ft\u0131r-uygulama\" src=\"https:\/\/exceladvisor.org\/wp-content\/uploads\/2023\/08\/6-candidatures-ouvertes.png\" sizes=\"auto, \" srcset=\"\" alt=\"open-run-application\" width=\"516\" height=\"229\"><\/li><li> \u201c\u00c7al\u0131\u015ft\u0131r\u201d\u0131 a\u00e7mak i\u00e7in Window + R klavye k\u0131sayolunu da kullanabilirsiniz.<\/li><li> \u015eimdi \u201cA\u00e7\u201d giri\u015f \u00e7ubu\u011funa \u201cexcel\/safe\u201d yaz\u0131n. <br><img loading=\"lazy\" decoding=\"async\" title=\"7-exce-safe'ye girin\" src=\"https:\/\/exceladvisor.org\/wp-content\/uploads\/2023\/08\/7-entrez-dans-le-coffre-fort.png\" sizes=\"auto, \" srcset=\"\" alt=\"enter-excel-safe\" width=\"399\" height=\"237\"><\/li><li> Tamam&#8217;\u0131 t\u0131klad\u0131\u011f\u0131n\u0131zda Excel g\u00fcvenli modda a\u00e7\u0131l\u0131r. <br><img loading=\"lazy\" decoding=\"async\" title=\"8-Excel-g\u00fcvenli modda-\" src=\"https:\/\/exceladvisor.org\/wp-content\/uploads\/2023\/08\/8-excel-en-mode-sans-echec.png\" sizes=\"auto, \" srcset=\"\" alt=\"excel-in-safe-mode\" width=\"450\" height=\"281\"><\/li><\/ol><h2 class=\"wp-block-heading\"> G\u00fcvenli modda a\u00e7mak i\u00e7in belirli bir Excel simgesi olu\u015fturun<\/h2><p> Ayr\u0131ca Excel&#8217;i istedi\u011finiz zaman g\u00fcvenli modda a\u00e7mak i\u00e7in belirtilmi\u015f bir simgeye de sahip olabilirsiniz.<\/p><ol><li> \u00d6ncelikle Ba\u015flat men\u00fcn\u00fczden Excel uygulamas\u0131na gidin, sa\u011f t\u0131klay\u0131p dosya konumunu a\u00e7\u0131n. <br><img loading=\"lazy\" decoding=\"async\" title=\"9-a\u00e7\u0131k-dosya-konumu\" src=\"https:\/\/exceladvisor.org\/wp-content\/uploads\/2023\/08\/9-ouvrir-lemplacement-du-fichier.png\" sizes=\"auto, \" srcset=\"\" alt=\"open-file-location\" width=\"304\" height=\"348\"><\/li><li> Art\u0131k dosya konumunda Excel uygulamas\u0131 i\u00e7in bir simge bulacaks\u0131n\u0131z. <br><img loading=\"lazy\" decoding=\"async\" title=\"Excel uygulamas\u0131 i\u00e7in 10 simge\" src=\"https:\/\/exceladvisor.org\/wp-content\/uploads\/2023\/08\/10-icone-pour-lapplication-excel.png\" sizes=\"auto, \" srcset=\"\" alt=\"icon-for-excel-application\" width=\"386\" height=\"90\"><\/li><li> Bu simgeyi kopyalay\u0131p masa\u00fcst\u00fcn\u00fcze yap\u0131\u015ft\u0131r\u0131n. <br><img loading=\"lazy\" decoding=\"async\" title=\"11-kopyala-yap\u0131\u015ft\u0131r simgesi\" src=\"https:\/\/exceladvisor.org\/wp-content\/uploads\/2023\/08\/11-copier-et-coller-licone.png\" sizes=\"auto, \" srcset=\"\" alt=\"copy-and-paste-icon\" width=\"296\" height=\"250\"><\/li><li> \u015eimdi simgeye sa\u011f t\u0131klay\u0131n ve \u00f6zelliklere t\u0131klay\u0131n. <br><img loading=\"lazy\" decoding=\"async\" title=\"12 t\u0131klamayla \u00f6zellikler\" src=\"https:\/\/exceladvisor.org\/wp-content\/uploads\/2023\/08\/12-cliquez-sur-les-proprietes.png\" sizes=\"auto, \" srcset=\"\" alt=\"click-on-properties\" width=\"294\" height=\"324\"><\/li><li> Oradan \u00d6zellikler&#8217;de K\u0131sayol sekmesine gidin ve &#8220;Hedef&#8221; giri\u015f \u00e7ubu\u011funa t\u0131klay\u0131n. <br><img loading=\"lazy\" decoding=\"async\" title=\"13 t\u0131klamal\u0131 hedef giri\u015f \u00e7ubu\u011fu\" src=\"https:\/\/exceladvisor.org\/wp-content\/uploads\/2023\/08\/Barre-de-saisie-cible-a-13-clics.png\" sizes=\"auto, \" srcset=\"\" alt=\"click-target-input-bar\" width=\"377\" height=\"243\"><\/li><li> \u015eimdi hi\u00e7bir de\u011feri de\u011fi\u015ftirmeden de\u011ferin sonuna gidin ve \u201csafe\u201d girin. <br><img loading=\"lazy\" decoding=\"async\" title=\"14-u\u00e7tan uca-giri\u015f kasas\u0131\" src=\"https:\/\/exceladvisor.org\/wp-content\/uploads\/2023\/08\/14-aller-a-la-fin-entrer-en-toute-securite.png\" sizes=\"auto, \" srcset=\"\" alt=\"go-to-end-enter-safe\" width=\"450\" height=\"59\"><\/li><li> Ayr\u0131ca genel sekmesinden referans\u0131n\u0131z\u0131n ad\u0131n\u0131 da de\u011fi\u015ftirebilirsiniz. <br><img loading=\"lazy\" decoding=\"async\" title=\"15-ad\u0131n\u0131-de\u011fi\u015ftirmek i\u00e7in genel-sekme\" src=\"https:\/\/exceladvisor.org\/wp-content\/uploads\/2023\/08\/15-onglet-general-pour-changer-de-nom.png\" sizes=\"auto, \" srcset=\"\" alt=\"general-tab-to-change-name\" width=\"379\" height=\"209\"><\/li><li> Sonunda Tamam&#8217;\u0131 t\u0131klay\u0131n.<\/li><\/ol><p> Art\u0131k masa\u00fcst\u00fcn\u00fczde Excel&#8217;i istedi\u011finiz zaman G\u00fcvenli Modda a\u00e7mak i\u00e7in kullanabilece\u011finiz bir simge var. <\/p><div class=\"wp-block-image\"><figure class=\"aligncenter size-full is-resized\"><img loading=\"lazy\" decoding=\"async\" class=\"wp-image-75228\" src=\"https:\/\/exceladvisor.org\/wp-content\/uploads\/2023\/08\/16-icone-sur-le-bureau.png\" sizes=\"auto, \" srcset=\"\" alt=\"masa\u00fcst\u00fcndeki simge\" width=\"301\" height=\"270\"><\/figure><\/div><div class=\"gb-container gb-container-4db6181c gb-container-mt\"> <a class=\"gb-button gb-button-c5897111 gb-button-text gb-button-mt-button\" href=\"https:\/\/exceladvisor.org\/tr\/excel-ilerlemesi\/\">\u0130leri D\u00fczey Excel Dersleri<\/a><h2 class=\"gb-headline gb-headline-665e5f6b gb-headline-text gb-headline-mt-heading\"> \u0130lgili e\u011fitimler <\/h2><div class=\"gb-grid-wrapper gb-grid-wrapper-a20baf7c gb-grid-wrapper-mt-grid\"><div class=\"gb-grid-column gb-grid-column-65ddf67e\"><div class=\"gb-container gb-container-65ddf67e\"><ul><li> <a href=\"https:\/\/exceladvisor.org\/tr\/kamera-araci\/\">Excel Kamera Arac\u0131<\/a><\/li><li> <a href=\"https:\/\/exceladvisor.org\/tr\/hedef-aramak\/\">Excel&#8217;de Hedef Bulucu<\/a><\/li><li> <a href=\"https:\/\/exceladvisor.org\/tr\/pencereyi-izle\/\">Excel&#8217;de pencereyi izle<\/a><\/li><li> <a href=\"https:\/\/exceladvisor.org\/tr\/excel-dilimleyici\/\">Excel Dilimleyici (Tam K\u0131lavuz)<\/a><\/li><li> <a href=\"https:\/\/exceladvisor.org\/tr\/macta-varsayilan-olarak-excel\/\">Mac&#8217;te Excel&#8217;i Varsay\u0131lan Yap\u0131n<\/a><\/li><\/ul><\/div><\/div><\/div><\/div>","protected":false},"excerpt":{"rendered":"","protected":false},"author":1,"featured_media":0,"parent":0,"menu_order":0,"comment_status":"open","ping_status":"closed","template":"","meta":{"ub_ctt_via":"","footnotes":""},"class_list":["post-1903","page","type-page","status-publish","hentry"],"featured_image_src":null,"yoast_head":"<!-- This site is optimized with the Yoast SEO plugin v25.4 - https:\/\/yoast.com\/wordpress\/plugins\/seo\/ -->\n<title>Excel g\u00fcvenli modda nas\u0131l a\u00e7\u0131l\u0131r?<\/title>\n<meta name=\"description\" content=\"Bu e\u011fitimde, ad\u0131m ad\u0131m bir y\u00f6ntem kullanarak Excel&#039;i G\u00fcvenli Modda nas\u0131l a\u00e7aca\u011f\u0131m\u0131z\u0131 \u00f6\u011frenece\u011fiz.\" \/>\n<meta name=\"robots\" content=\"index, follow, max-snippet:-1, max-image-preview:large, max-video-preview:-1\" \/>\n<link rel=\"canonical\" href=\"https:\/\/exceladvisor.org\/tr\/excel-guvenli-mod\/\" \/>\n<meta property=\"og:locale\" content=\"tr_TR\" \/>\n<meta property=\"og:type\" content=\"article\" \/>\n<meta property=\"og:title\" content=\"Excel g\u00fcvenli modda nas\u0131l a\u00e7\u0131l\u0131r?\" \/>\n<meta property=\"og:description\" content=\"Bu e\u011fitimde, ad\u0131m ad\u0131m bir y\u00f6ntem kullanarak Excel&#039;i G\u00fcvenli Modda nas\u0131l a\u00e7aca\u011f\u0131m\u0131z\u0131 \u00f6\u011frenece\u011fiz.\" \/>\n<meta property=\"og:url\" content=\"https:\/\/exceladvisor.org\/tr\/excel-guvenli-mod\/\" \/>\n<meta property=\"og:site_name\" content=\"Excel Advisor\" \/>\n<meta property=\"article:modified_time\" content=\"2023-12-10T05:59:36+00:00\" \/>\n<meta property=\"og:image\" content=\"https:\/\/exceladvisor.org\/wp-content\/uploads\/2023\/08\/1-ouvrir-le-mode-sans-echec-excel.png\" \/>\n<meta name=\"twitter:card\" content=\"summary_large_image\" \/>\n<meta name=\"twitter:label1\" content=\"Tahmini okuma s\u00fcresi\" \/>\n\t<meta name=\"twitter:data1\" content=\"2 dakika\" \/>\n<script type=\"application\/ld+json\" class=\"yoast-schema-graph\">{\"@context\":\"https:\/\/schema.org\",\"@graph\":[{\"@type\":\"WebPage\",\"@id\":\"https:\/\/exceladvisor.org\/tr\/excel-guvenli-mod\/\",\"url\":\"https:\/\/exceladvisor.org\/tr\/excel-guvenli-mod\/\",\"name\":\"Excel g\u00fcvenli modda nas\u0131l a\u00e7\u0131l\u0131r?\",\"isPartOf\":{\"@id\":\"https:\/\/exceladvisor.org\/tr\/#website\"},\"primaryImageOfPage\":{\"@id\":\"https:\/\/exceladvisor.org\/tr\/excel-guvenli-mod\/#primaryimage\"},\"image\":{\"@id\":\"https:\/\/exceladvisor.org\/tr\/excel-guvenli-mod\/#primaryimage\"},\"thumbnailUrl\":\"https:\/\/exceladvisor.org\/wp-content\/uploads\/2023\/08\/1-ouvrir-le-mode-sans-echec-excel.png\",\"datePublished\":\"2023-10-29T06:25:17+00:00\",\"dateModified\":\"2023-12-10T05:59:36+00:00\",\"description\":\"Bu e\u011fitimde, ad\u0131m ad\u0131m bir y\u00f6ntem kullanarak Excel&#39;i G\u00fcvenli Modda nas\u0131l a\u00e7aca\u011f\u0131m\u0131z\u0131 \u00f6\u011frenece\u011fiz.\",\"breadcrumb\":{\"@id\":\"https:\/\/exceladvisor.org\/tr\/excel-guvenli-mod\/#breadcrumb\"},\"inLanguage\":\"tr\",\"potentialAction\":[{\"@type\":\"ReadAction\",\"target\":[\"https:\/\/exceladvisor.org\/tr\/excel-guvenli-mod\/\"]}]},{\"@type\":\"ImageObject\",\"inLanguage\":\"tr\",\"@id\":\"https:\/\/exceladvisor.org\/tr\/excel-guvenli-mod\/#primaryimage\",\"url\":\"https:\/\/exceladvisor.org\/wp-content\/uploads\/2023\/08\/1-ouvrir-le-mode-sans-echec-excel.png\",\"contentUrl\":\"https:\/\/exceladvisor.org\/wp-content\/uploads\/2023\/08\/1-ouvrir-le-mode-sans-echec-excel.png\"},{\"@type\":\"BreadcrumbList\",\"@id\":\"https:\/\/exceladvisor.org\/tr\/excel-guvenli-mod\/#breadcrumb\",\"itemListElement\":[{\"@type\":\"ListItem\",\"position\":1,\"name\":\"Ev\",\"item\":\"https:\/\/exceladvisor.org\/tr\/\"},{\"@type\":\"ListItem\",\"position\":2,\"name\":\"Excel g\u00fcvenli modda nas\u0131l a\u00e7\u0131l\u0131r?\"}]},{\"@type\":\"WebSite\",\"@id\":\"https:\/\/exceladvisor.org\/tr\/#website\",\"url\":\"https:\/\/exceladvisor.org\/tr\/\",\"name\":\"Excel Advisor\",\"description\":\"Veri hakimiyetine y\u00f6nelik nihai rehberiniz!\",\"publisher\":{\"@id\":\"https:\/\/exceladvisor.org\/tr\/#organization\"},\"potentialAction\":[{\"@type\":\"SearchAction\",\"target\":{\"@type\":\"EntryPoint\",\"urlTemplate\":\"https:\/\/exceladvisor.org\/tr\/?s={search_term_string}\"},\"query-input\":{\"@type\":\"PropertyValueSpecification\",\"valueRequired\":true,\"valueName\":\"search_term_string\"}}],\"inLanguage\":\"tr\"},{\"@type\":\"Organization\",\"@id\":\"https:\/\/exceladvisor.org\/tr\/#organization\",\"name\":\"Excel Advisor\",\"url\":\"https:\/\/exceladvisor.org\/tr\/\",\"logo\":{\"@type\":\"ImageObject\",\"inLanguage\":\"tr\",\"@id\":\"https:\/\/exceladvisor.org\/tr\/#\/schema\/logo\/image\/\",\"url\":\"https:\/\/exceladvisor.org\/tr\/wp-content\/uploads\/2023\/12\/exceladvisor.org_.png\",\"contentUrl\":\"https:\/\/exceladvisor.org\/tr\/wp-content\/uploads\/2023\/12\/exceladvisor.org_.png\",\"width\":105,\"height\":36,\"caption\":\"Excel Advisor\"},\"image\":{\"@id\":\"https:\/\/exceladvisor.org\/tr\/#\/schema\/logo\/image\/\"}}]}<\/script>\n<!-- \/ Yoast SEO plugin. -->","yoast_head_json":{"title":"Excel g\u00fcvenli modda nas\u0131l a\u00e7\u0131l\u0131r?","description":"Bu e\u011fitimde, ad\u0131m ad\u0131m bir y\u00f6ntem kullanarak Excel&#39;i G\u00fcvenli Modda nas\u0131l a\u00e7aca\u011f\u0131m\u0131z\u0131 \u00f6\u011frenece\u011fiz.","robots":{"index":"index","follow":"follow","max-snippet":"max-snippet:-1","max-image-preview":"max-image-preview:large","max-video-preview":"max-video-preview:-1"},"canonical":"https:\/\/exceladvisor.org\/tr\/excel-guvenli-mod\/","og_locale":"tr_TR","og_type":"article","og_title":"Excel g\u00fcvenli modda nas\u0131l a\u00e7\u0131l\u0131r?","og_description":"Bu e\u011fitimde, ad\u0131m ad\u0131m bir y\u00f6ntem kullanarak Excel&#39;i G\u00fcvenli Modda nas\u0131l a\u00e7aca\u011f\u0131m\u0131z\u0131 \u00f6\u011frenece\u011fiz.","og_url":"https:\/\/exceladvisor.org\/tr\/excel-guvenli-mod\/","og_site_name":"Excel Advisor","article_modified_time":"2023-12-10T05:59:36+00:00","og_image":[{"url":"https:\/\/exceladvisor.org\/wp-content\/uploads\/2023\/08\/1-ouvrir-le-mode-sans-echec-excel.png","type":"","width":"","height":""}],"twitter_card":"summary_large_image","twitter_misc":{"Tahmini okuma s\u00fcresi":"2 dakika"},"schema":{"@context":"https:\/\/schema.org","@graph":[{"@type":"WebPage","@id":"https:\/\/exceladvisor.org\/tr\/excel-guvenli-mod\/","url":"https:\/\/exceladvisor.org\/tr\/excel-guvenli-mod\/","name":"Excel g\u00fcvenli modda nas\u0131l a\u00e7\u0131l\u0131r?","isPartOf":{"@id":"https:\/\/exceladvisor.org\/tr\/#website"},"primaryImageOfPage":{"@id":"https:\/\/exceladvisor.org\/tr\/excel-guvenli-mod\/#primaryimage"},"image":{"@id":"https:\/\/exceladvisor.org\/tr\/excel-guvenli-mod\/#primaryimage"},"thumbnailUrl":"https:\/\/exceladvisor.org\/wp-content\/uploads\/2023\/08\/1-ouvrir-le-mode-sans-echec-excel.png","datePublished":"2023-10-29T06:25:17+00:00","dateModified":"2023-12-10T05:59:36+00:00","description":"Bu e\u011fitimde, ad\u0131m ad\u0131m bir y\u00f6ntem kullanarak Excel&#39;i G\u00fcvenli Modda nas\u0131l a\u00e7aca\u011f\u0131m\u0131z\u0131 \u00f6\u011frenece\u011fiz.","breadcrumb":{"@id":"https:\/\/exceladvisor.org\/tr\/excel-guvenli-mod\/#breadcrumb"},"inLanguage":"tr","potentialAction":[{"@type":"ReadAction","target":["https:\/\/exceladvisor.org\/tr\/excel-guvenli-mod\/"]}]},{"@type":"ImageObject","inLanguage":"tr","@id":"https:\/\/exceladvisor.org\/tr\/excel-guvenli-mod\/#primaryimage","url":"https:\/\/exceladvisor.org\/wp-content\/uploads\/2023\/08\/1-ouvrir-le-mode-sans-echec-excel.png","contentUrl":"https:\/\/exceladvisor.org\/wp-content\/uploads\/2023\/08\/1-ouvrir-le-mode-sans-echec-excel.png"},{"@type":"BreadcrumbList","@id":"https:\/\/exceladvisor.org\/tr\/excel-guvenli-mod\/#breadcrumb","itemListElement":[{"@type":"ListItem","position":1,"name":"Ev","item":"https:\/\/exceladvisor.org\/tr\/"},{"@type":"ListItem","position":2,"name":"Excel g\u00fcvenli modda nas\u0131l a\u00e7\u0131l\u0131r?"}]},{"@type":"WebSite","@id":"https:\/\/exceladvisor.org\/tr\/#website","url":"https:\/\/exceladvisor.org\/tr\/","name":"Excel Advisor","description":"Veri hakimiyetine y\u00f6nelik nihai rehberiniz!","publisher":{"@id":"https:\/\/exceladvisor.org\/tr\/#organization"},"potentialAction":[{"@type":"SearchAction","target":{"@type":"EntryPoint","urlTemplate":"https:\/\/exceladvisor.org\/tr\/?s={search_term_string}"},"query-input":{"@type":"PropertyValueSpecification","valueRequired":true,"valueName":"search_term_string"}}],"inLanguage":"tr"},{"@type":"Organization","@id":"https:\/\/exceladvisor.org\/tr\/#organization","name":"Excel Advisor","url":"https:\/\/exceladvisor.org\/tr\/","logo":{"@type":"ImageObject","inLanguage":"tr","@id":"https:\/\/exceladvisor.org\/tr\/#\/schema\/logo\/image\/","url":"https:\/\/exceladvisor.org\/tr\/wp-content\/uploads\/2023\/12\/exceladvisor.org_.png","contentUrl":"https:\/\/exceladvisor.org\/tr\/wp-content\/uploads\/2023\/12\/exceladvisor.org_.png","width":105,"height":36,"caption":"Excel Advisor"},"image":{"@id":"https:\/\/exceladvisor.org\/tr\/#\/schema\/logo\/image\/"}}]}},"yoast_meta":{"yoast_wpseo_title":"","yoast_wpseo_metadesc":"","yoast_wpseo_canonical":""},"_links":{"self":[{"href":"https:\/\/exceladvisor.org\/tr\/wp-json\/wp\/v2\/pages\/1903","targetHints":{"allow":["GET"]}}],"collection":[{"href":"https:\/\/exceladvisor.org\/tr\/wp-json\/wp\/v2\/pages"}],"about":[{"href":"https:\/\/exceladvisor.org\/tr\/wp-json\/wp\/v2\/types\/page"}],"author":[{"embeddable":true,"href":"https:\/\/exceladvisor.org\/tr\/wp-json\/wp\/v2\/users\/1"}],"replies":[{"embeddable":true,"href":"https:\/\/exceladvisor.org\/tr\/wp-json\/wp\/v2\/comments?post=1903"}],"version-history":[{"count":1,"href":"https:\/\/exceladvisor.org\/tr\/wp-json\/wp\/v2\/pages\/1903\/revisions"}],"predecessor-version":[{"id":2338,"href":"https:\/\/exceladvisor.org\/tr\/wp-json\/wp\/v2\/pages\/1903\/revisions\/2338"}],"wp:attachment":[{"href":"https:\/\/exceladvisor.org\/tr\/wp-json\/wp\/v2\/media?parent=1903"}],"curies":[{"name":"wp","href":"https:\/\/api.w.org\/{rel}","templated":true}]}}