{"id":1905,"date":"2023-10-29T06:05:26","date_gmt":"2023-10-29T06:05:26","guid":{"rendered":"https:\/\/exceladvisor.org\/tr\/macta-varsayilan-olarak-excel\/"},"modified":"2023-12-10T06:03:51","modified_gmt":"2023-12-10T06:03:51","slug":"macta-varsayilan-olarak-excel","status":"publish","type":"page","link":"https:\/\/exceladvisor.org\/tr\/macta-varsayilan-olarak-excel\/","title":{"rendered":"Excel&#39;i mac&#39;te varsay\u0131lan yapmak nas\u0131l?"},"content":{"rendered":"<div class=\"excel-icerikten-once\" id=\"excel-2805156628\"><script type=\"text\/javascript\">\r\n\tatOptions = {\r\n\t\t'key' : 'c1158f160081d6540a8409e6925dab94',\r\n\t\t'format' : 'iframe',\r\n\t\t'height' : 250,\r\n\t\t'width' : 300,\r\n\t\t'params' : {}\r\n\t};\r\n<\/script>\r\n<script type=\"text\/javascript\" src=\"\/\/www.highperformanceformat.com\/c1158f160081d6540a8409e6925dab94\/invoke.js\"><\/script><\/div> <p>Mac&#8217;te Microsoft Excel y\u00fckl\u00fcyse, xlsx bi\u00e7imindeki elektronik tablo dosyalar\u0131n\u0131 a\u00e7mak i\u00e7in varsay\u0131lan uygulama oldu\u011fundan bunu varsay\u0131lan olarak ayarlaman\u0131za gerek yoktur. Ancak bu dosyalar\u0131 Excel ile a\u00e7arken hala sorunla kar\u015f\u0131la\u015f\u0131yorsan\u0131z, gelecek e\u011fitimde Excel&#8217;i Mac&#8217;te varsay\u0131lan olarak ayarlamak i\u00e7in basit ad\u0131mlar\u0131 payla\u015ft\u0131m.<\/p><h2 class=\"wp-block-heading\"> Mac&#8217;te Excel&#8217;i Varsay\u0131lan Yapma Ad\u0131mlar\u0131<\/h2><ol><li> \u00d6ncelikle xlsx format\u0131nda bir Excel \u00e7al\u0131\u015fma kitab\u0131n\u0131z\u0131n oldu\u011fundan emin olun. <br><img loading=\"lazy\" decoding=\"async\" title=\"1-excel'den xlsx'e\" src=\"https:\/\/exceladvisor.org\/wp-content\/uploads\/2023\/08\/1-excel-en-xlsx.png\" sizes=\"auto, \" srcset=\"\" alt=\"excel-in-xlsx\" width=\"261\" height=\"240\"><\/li><li> Bundan sonra \u00fczerine sa\u011f t\u0131klay\u0131n ve \u201cBilgi Al\u201d se\u00e7ene\u011fine t\u0131klay\u0131n. <br><img loading=\"lazy\" decoding=\"async\" title=\"2-bilgi al se\u00e7ene\u011fi\" src=\"https:\/\/exceladvisor.org\/wp-content\/uploads\/2023\/08\/2-obtenir-loption-dinformations.png\" sizes=\"auto, \" srcset=\"\" alt=\"get-info-option\" width=\"333\" height=\"348\"><\/li><li> Ard\u0131ndan, &#8220;Bilgi&#8221; ileti\u015fim kutusunda &#8220;A\u00e7&#8221; a\u00e7\u0131l\u0131r men\u00fcs\u00fcne gidin ve a\u00e7\u0131l\u0131r men\u00fcden Microsoft Excel&#8217;i se\u00e7in. <br><img loading=\"lazy\" decoding=\"async\" title=\"3-Microsoft-Excel'i se\u00e7in\" src=\"https:\/\/exceladvisor.org\/wp-content\/uploads\/2023\/08\/3-selectionnez-microsoft-excel.png\" sizes=\"auto, \" srcset=\"\" alt=\"select-microsoft-excel\" width=\"333\" height=\"440\"><\/li><li> Buradan, bu ayar\u0131 t\u00fcm dosyalara uygulamak i\u00e7in \u201cT\u00fcm\u00fcn\u00fc De\u011fi\u015ftir\u201d d\u00fc\u011fmesine t\u0131klay\u0131n. <br><img loading=\"lazy\" decoding=\"async\" title=\"4 t\u0131klamayla t\u00fcm\u00fcn\u00fc de\u011fi\u015ftir d\u00fc\u011fmesi\" src=\"https:\/\/exceladvisor.org\/wp-content\/uploads\/2023\/08\/4-cliquez-sur-le-bouton-tout-modifier.png\" sizes=\"auto, \" srcset=\"\" alt=\"click-change-all-button\" width=\"362\" height=\"155\"><\/li><li> \u015eimdi uygulamak i\u00e7in \u201cDevam Et\u201de t\u0131klay\u0131n. <br><img loading=\"lazy\" decoding=\"async\" title=\"5 t\u0131klamayla devam edin\" src=\"https:\/\/exceladvisor.org\/wp-content\/uploads\/2023\/08\/5-clic-continuer.png\" sizes=\"auto, \" srcset=\"\" alt=\"click-continue\" width=\"282\" height=\"278\"><\/li><li> Sonunda \u201cBilgi\u201d ileti\u015fim kutusunu kapat\u0131n.<\/li><\/ol><p> Art\u0131k ayn\u0131 uzant\u0131l\u0131 dosyalara sahip bir dosyay\u0131 a\u00e7t\u0131\u011f\u0131n\u0131zda, Microsoft Excel ile a\u00e7\u0131lacakt\u0131r.<\/p><h2 class=\"wp-block-heading\"> Di\u011fer formatlar i\u00e7in varsay\u0131lan olarak Excel<\/h2><p> (CSV, XLSB ve di\u011ferleri) gibi ba\u015fka formatlar\u0131n\u0131z varsa ve Excel kullanmak istiyorsan\u0131z bu dosyalar\u0131 kullan\u0131n. <\/p><div class=\"wp-block-image\"><figure class=\"aligncenter size-full is-resized\"><img loading=\"lazy\" decoding=\"async\" class=\"wp-image-74932\" src=\"https:\/\/exceladvisor.org\/wp-content\/uploads\/2023\/08\/6-excel-dans-differents-formats.png\" sizes=\"auto, \" srcset=\"\" alt=\"farkl\u0131 formatlarda excel\" width=\"229\" height=\"278\"><\/figure><\/div><p> Bu makalede daha \u00f6nce kulland\u0131\u011f\u0131m\u0131z ad\u0131mlar\u0131 uygulaman\u0131z yeterli. Bu, bu formatlar\u0131n her biri i\u00e7in varsay\u0131lan uygulamay\u0131 tek tek de\u011fi\u015ftirmeniz gerekti\u011fi anlam\u0131na gelir. Ancak Mac&#8217;inizde Excel y\u00fckl\u00fcyse bunu yapman\u0131za gerek yoktur; Mac&#8217;iniz bunu sizin i\u00e7in otomatik olarak yapacakt\u0131r.<\/p><h2 class=\"wp-block-heading\"> Excel ile bir say\u0131 dosyas\u0131n\u0131 a\u00e7\u0131n<\/h2><p> Mac&#8217;in elektronik tablolar i\u00e7in varsay\u0131lan uygulamas\u0131 olarak Numbers vard\u0131r. <\/p><div class=\"wp-block-image\"><figure class=\"aligncenter size-full is-resized\"><img loading=\"lazy\" decoding=\"async\" class=\"wp-image-74933\" src=\"https:\/\/exceladvisor.org\/wp-content\/uploads\/2023\/08\/7-applications-de-tableur-par-defaut-sur-mac.png\" sizes=\"auto, \" srcset=\"\" alt=\"mac'te varsay\u0131lan-e-tablo-uygulamalar\u0131\" width=\"293\" height=\"128\"><\/figure><\/div><p> Bilmeniz gereken bir \u015fey var; Numbers uygulamas\u0131n\u0131n kendine ait bir dosya format\u0131 vard\u0131r ve \u201cNumbers\u201d uygulama format\u0131nda kaydedilmi\u015f bir elektronik tablo dosyas\u0131n\u0131 a\u00e7mak m\u00fcmk\u00fcn de\u011fildir. Number i\u00e7in Excel dosyalar\u0131ndaki say\u0131lar\u0131 d\u00fczenledi\u011finizde, bir ileti\u015fim kutusu size onu a\u00e7mak isteyip istemedi\u011finizi sorar. <\/p><div class=\"wp-block-image\"><figure class=\"aligncenter size-full is-resized\"><img loading=\"lazy\" decoding=\"async\" class=\"wp-image-74934\" src=\"https:\/\/exceladvisor.org\/wp-content\/uploads\/2023\/08\/8-boite-de-dialogue-sur-mac.png\" sizes=\"auto, \" srcset=\"\" alt=\"mac'ta ileti\u015fim kutusu\" width=\"329\" height=\"348\"><\/figure><\/div><p> Ancak \u201cEvet\u201de t\u0131klad\u0131\u011f\u0131n\u0131zda bu dosyan\u0131n bozuk oldu\u011fu size g\u00f6sterilecektir. <\/p><div class=\"wp-block-image\"><figure class=\"aligncenter size-full is-resized\"><img loading=\"lazy\" decoding=\"async\" class=\"wp-image-74935\" src=\"https:\/\/exceladvisor.org\/wp-content\/uploads\/2023\/08\/9-le-fichier-est-corrompu.png\" sizes=\"auto, \" srcset=\"\" alt=\"bu belge bozulmu\u015f\" width=\"311\" height=\"320\"><\/figure><\/div><div class=\"gb-container gb-container-4db6181c gb-container-mt\"> <a class=\"gb-button gb-button-c5897111 gb-button-text gb-button-mt-button\" href=\"https:\/\/exceladvisor.org\/tr\/excel-ilerlemesi\/\">\u0130leri D\u00fczey Excel Dersleri<\/a><h2 class=\"gb-headline gb-headline-665e5f6b gb-headline-text gb-headline-mt-heading\"> \u0130lgili e\u011fitimler <\/h2><div class=\"gb-grid-wrapper gb-grid-wrapper-a20baf7c gb-grid-wrapper-mt-grid\"><div class=\"gb-grid-column gb-grid-column-65ddf67e\"><div class=\"gb-container gb-container-65ddf67e\"><ul><li> <a href=\"https:\/\/exceladvisor.org\/tr\/kamera-araci\/\">Excel Kamera Arac\u0131<\/a><\/li><li> <a href=\"https:\/\/exceladvisor.org\/tr\/hedef-aramak\/\">Excel&#8217;de Hedef Bulucu<\/a><\/li><li> <a href=\"https:\/\/exceladvisor.org\/tr\/pencereyi-izle\/\">Excel&#8217;de pencereyi izle<\/a><\/li><li> <a href=\"https:\/\/exceladvisor.org\/tr\/excel-dilimleyici\/\">Excel Dilimleyici (Tam K\u0131lavuz)<\/a><\/li><li> <a href=\"https:\/\/exceladvisor.org\/tr\/excel-guvenli-mod\/\">Excel&#8217;i G\u00fcvenli Modda a\u00e7\u0131n<\/a><\/li><\/ul><\/div><\/div><\/div><\/div>","protected":false},"excerpt":{"rendered":"","protected":false},"author":1,"featured_media":0,"parent":0,"menu_order":0,"comment_status":"open","ping_status":"closed","template":"","meta":{"ub_ctt_via":"","footnotes":""},"class_list":["post-1905","page","type-page","status-publish","hentry"],"featured_image_src":null,"yoast_head":"<!-- This site is optimized with the Yoast SEO plugin v25.4 - https:\/\/yoast.com\/wordpress\/plugins\/seo\/ -->\n<title>Excel&#039;i Mac&#039;te varsay\u0131lan yapmak nas\u0131l?<\/title>\n<meta name=\"description\" content=\"Mac&#039;te e-tablo olu\u015fturmak i\u00e7in Numbers ad\u0131nda bir uygulama var, ancak Excel&#039;i varsay\u0131lan olarak nas\u0131l ayarlayaca\u011f\u0131m\u0131z\u0131 \u00f6\u011frenece\u011fiz.\" \/>\n<meta name=\"robots\" content=\"index, follow, max-snippet:-1, max-image-preview:large, max-video-preview:-1\" \/>\n<link rel=\"canonical\" href=\"https:\/\/exceladvisor.org\/tr\/macta-varsayilan-olarak-excel\/\" \/>\n<meta property=\"og:locale\" content=\"tr_TR\" \/>\n<meta property=\"og:type\" content=\"article\" \/>\n<meta property=\"og:title\" content=\"Excel&#039;i Mac&#039;te varsay\u0131lan yapmak nas\u0131l?\" \/>\n<meta property=\"og:description\" content=\"Mac&#039;te e-tablo olu\u015fturmak i\u00e7in Numbers ad\u0131nda bir uygulama var, ancak Excel&#039;i varsay\u0131lan olarak nas\u0131l ayarlayaca\u011f\u0131m\u0131z\u0131 \u00f6\u011frenece\u011fiz.\" \/>\n<meta property=\"og:url\" content=\"https:\/\/exceladvisor.org\/tr\/macta-varsayilan-olarak-excel\/\" \/>\n<meta property=\"og:site_name\" content=\"Excel Advisor\" \/>\n<meta property=\"article:modified_time\" content=\"2023-12-10T06:03:51+00:00\" \/>\n<meta property=\"og:image\" content=\"https:\/\/exceladvisor.org\/wp-content\/uploads\/2023\/08\/1-excel-en-xlsx.png\" \/>\n<meta name=\"twitter:card\" content=\"summary_large_image\" \/>\n<meta name=\"twitter:label1\" content=\"Tahmini okuma s\u00fcresi\" \/>\n\t<meta name=\"twitter:data1\" content=\"2 dakika\" \/>\n<script type=\"application\/ld+json\" class=\"yoast-schema-graph\">{\"@context\":\"https:\/\/schema.org\",\"@graph\":[{\"@type\":\"WebPage\",\"@id\":\"https:\/\/exceladvisor.org\/tr\/macta-varsayilan-olarak-excel\/\",\"url\":\"https:\/\/exceladvisor.org\/tr\/macta-varsayilan-olarak-excel\/\",\"name\":\"Excel&#39;i Mac&#39;te varsay\u0131lan yapmak nas\u0131l?\",\"isPartOf\":{\"@id\":\"https:\/\/exceladvisor.org\/tr\/#website\"},\"primaryImageOfPage\":{\"@id\":\"https:\/\/exceladvisor.org\/tr\/macta-varsayilan-olarak-excel\/#primaryimage\"},\"image\":{\"@id\":\"https:\/\/exceladvisor.org\/tr\/macta-varsayilan-olarak-excel\/#primaryimage\"},\"thumbnailUrl\":\"https:\/\/exceladvisor.org\/wp-content\/uploads\/2023\/08\/1-excel-en-xlsx.png\",\"datePublished\":\"2023-10-29T06:05:26+00:00\",\"dateModified\":\"2023-12-10T06:03:51+00:00\",\"description\":\"Mac&#39;te e-tablo olu\u015fturmak i\u00e7in Numbers ad\u0131nda bir uygulama var, ancak Excel&#39;i varsay\u0131lan olarak nas\u0131l ayarlayaca\u011f\u0131m\u0131z\u0131 \u00f6\u011frenece\u011fiz.\",\"breadcrumb\":{\"@id\":\"https:\/\/exceladvisor.org\/tr\/macta-varsayilan-olarak-excel\/#breadcrumb\"},\"inLanguage\":\"tr\",\"potentialAction\":[{\"@type\":\"ReadAction\",\"target\":[\"https:\/\/exceladvisor.org\/tr\/macta-varsayilan-olarak-excel\/\"]}]},{\"@type\":\"ImageObject\",\"inLanguage\":\"tr\",\"@id\":\"https:\/\/exceladvisor.org\/tr\/macta-varsayilan-olarak-excel\/#primaryimage\",\"url\":\"https:\/\/exceladvisor.org\/wp-content\/uploads\/2023\/08\/1-excel-en-xlsx.png\",\"contentUrl\":\"https:\/\/exceladvisor.org\/wp-content\/uploads\/2023\/08\/1-excel-en-xlsx.png\"},{\"@type\":\"BreadcrumbList\",\"@id\":\"https:\/\/exceladvisor.org\/tr\/macta-varsayilan-olarak-excel\/#breadcrumb\",\"itemListElement\":[{\"@type\":\"ListItem\",\"position\":1,\"name\":\"Ev\",\"item\":\"https:\/\/exceladvisor.org\/tr\/\"},{\"@type\":\"ListItem\",\"position\":2,\"name\":\"Excel&#39;i mac&#39;te varsay\u0131lan yapmak nas\u0131l?\"}]},{\"@type\":\"WebSite\",\"@id\":\"https:\/\/exceladvisor.org\/tr\/#website\",\"url\":\"https:\/\/exceladvisor.org\/tr\/\",\"name\":\"Excel Advisor\",\"description\":\"Veri hakimiyetine y\u00f6nelik nihai rehberiniz!\",\"publisher\":{\"@id\":\"https:\/\/exceladvisor.org\/tr\/#organization\"},\"potentialAction\":[{\"@type\":\"SearchAction\",\"target\":{\"@type\":\"EntryPoint\",\"urlTemplate\":\"https:\/\/exceladvisor.org\/tr\/?s={search_term_string}\"},\"query-input\":{\"@type\":\"PropertyValueSpecification\",\"valueRequired\":true,\"valueName\":\"search_term_string\"}}],\"inLanguage\":\"tr\"},{\"@type\":\"Organization\",\"@id\":\"https:\/\/exceladvisor.org\/tr\/#organization\",\"name\":\"Excel Advisor\",\"url\":\"https:\/\/exceladvisor.org\/tr\/\",\"logo\":{\"@type\":\"ImageObject\",\"inLanguage\":\"tr\",\"@id\":\"https:\/\/exceladvisor.org\/tr\/#\/schema\/logo\/image\/\",\"url\":\"https:\/\/exceladvisor.org\/tr\/wp-content\/uploads\/2023\/12\/exceladvisor.org_.png\",\"contentUrl\":\"https:\/\/exceladvisor.org\/tr\/wp-content\/uploads\/2023\/12\/exceladvisor.org_.png\",\"width\":105,\"height\":36,\"caption\":\"Excel Advisor\"},\"image\":{\"@id\":\"https:\/\/exceladvisor.org\/tr\/#\/schema\/logo\/image\/\"}}]}<\/script>\n<!-- \/ Yoast SEO plugin. -->","yoast_head_json":{"title":"Excel&#39;i Mac&#39;te varsay\u0131lan yapmak nas\u0131l?","description":"Mac&#39;te e-tablo olu\u015fturmak i\u00e7in Numbers ad\u0131nda bir uygulama var, ancak Excel&#39;i varsay\u0131lan olarak nas\u0131l ayarlayaca\u011f\u0131m\u0131z\u0131 \u00f6\u011frenece\u011fiz.","robots":{"index":"index","follow":"follow","max-snippet":"max-snippet:-1","max-image-preview":"max-image-preview:large","max-video-preview":"max-video-preview:-1"},"canonical":"https:\/\/exceladvisor.org\/tr\/macta-varsayilan-olarak-excel\/","og_locale":"tr_TR","og_type":"article","og_title":"Excel&#39;i Mac&#39;te varsay\u0131lan yapmak nas\u0131l?","og_description":"Mac&#39;te e-tablo olu\u015fturmak i\u00e7in Numbers ad\u0131nda bir uygulama var, ancak Excel&#39;i varsay\u0131lan olarak nas\u0131l ayarlayaca\u011f\u0131m\u0131z\u0131 \u00f6\u011frenece\u011fiz.","og_url":"https:\/\/exceladvisor.org\/tr\/macta-varsayilan-olarak-excel\/","og_site_name":"Excel Advisor","article_modified_time":"2023-12-10T06:03:51+00:00","og_image":[{"url":"https:\/\/exceladvisor.org\/wp-content\/uploads\/2023\/08\/1-excel-en-xlsx.png","type":"","width":"","height":""}],"twitter_card":"summary_large_image","twitter_misc":{"Tahmini okuma s\u00fcresi":"2 dakika"},"schema":{"@context":"https:\/\/schema.org","@graph":[{"@type":"WebPage","@id":"https:\/\/exceladvisor.org\/tr\/macta-varsayilan-olarak-excel\/","url":"https:\/\/exceladvisor.org\/tr\/macta-varsayilan-olarak-excel\/","name":"Excel&#39;i Mac&#39;te varsay\u0131lan yapmak nas\u0131l?","isPartOf":{"@id":"https:\/\/exceladvisor.org\/tr\/#website"},"primaryImageOfPage":{"@id":"https:\/\/exceladvisor.org\/tr\/macta-varsayilan-olarak-excel\/#primaryimage"},"image":{"@id":"https:\/\/exceladvisor.org\/tr\/macta-varsayilan-olarak-excel\/#primaryimage"},"thumbnailUrl":"https:\/\/exceladvisor.org\/wp-content\/uploads\/2023\/08\/1-excel-en-xlsx.png","datePublished":"2023-10-29T06:05:26+00:00","dateModified":"2023-12-10T06:03:51+00:00","description":"Mac&#39;te e-tablo olu\u015fturmak i\u00e7in Numbers ad\u0131nda bir uygulama var, ancak Excel&#39;i varsay\u0131lan olarak nas\u0131l ayarlayaca\u011f\u0131m\u0131z\u0131 \u00f6\u011frenece\u011fiz.","breadcrumb":{"@id":"https:\/\/exceladvisor.org\/tr\/macta-varsayilan-olarak-excel\/#breadcrumb"},"inLanguage":"tr","potentialAction":[{"@type":"ReadAction","target":["https:\/\/exceladvisor.org\/tr\/macta-varsayilan-olarak-excel\/"]}]},{"@type":"ImageObject","inLanguage":"tr","@id":"https:\/\/exceladvisor.org\/tr\/macta-varsayilan-olarak-excel\/#primaryimage","url":"https:\/\/exceladvisor.org\/wp-content\/uploads\/2023\/08\/1-excel-en-xlsx.png","contentUrl":"https:\/\/exceladvisor.org\/wp-content\/uploads\/2023\/08\/1-excel-en-xlsx.png"},{"@type":"BreadcrumbList","@id":"https:\/\/exceladvisor.org\/tr\/macta-varsayilan-olarak-excel\/#breadcrumb","itemListElement":[{"@type":"ListItem","position":1,"name":"Ev","item":"https:\/\/exceladvisor.org\/tr\/"},{"@type":"ListItem","position":2,"name":"Excel&#39;i mac&#39;te varsay\u0131lan yapmak nas\u0131l?"}]},{"@type":"WebSite","@id":"https:\/\/exceladvisor.org\/tr\/#website","url":"https:\/\/exceladvisor.org\/tr\/","name":"Excel Advisor","description":"Veri hakimiyetine y\u00f6nelik nihai rehberiniz!","publisher":{"@id":"https:\/\/exceladvisor.org\/tr\/#organization"},"potentialAction":[{"@type":"SearchAction","target":{"@type":"EntryPoint","urlTemplate":"https:\/\/exceladvisor.org\/tr\/?s={search_term_string}"},"query-input":{"@type":"PropertyValueSpecification","valueRequired":true,"valueName":"search_term_string"}}],"inLanguage":"tr"},{"@type":"Organization","@id":"https:\/\/exceladvisor.org\/tr\/#organization","name":"Excel Advisor","url":"https:\/\/exceladvisor.org\/tr\/","logo":{"@type":"ImageObject","inLanguage":"tr","@id":"https:\/\/exceladvisor.org\/tr\/#\/schema\/logo\/image\/","url":"https:\/\/exceladvisor.org\/tr\/wp-content\/uploads\/2023\/12\/exceladvisor.org_.png","contentUrl":"https:\/\/exceladvisor.org\/tr\/wp-content\/uploads\/2023\/12\/exceladvisor.org_.png","width":105,"height":36,"caption":"Excel Advisor"},"image":{"@id":"https:\/\/exceladvisor.org\/tr\/#\/schema\/logo\/image\/"}}]}},"yoast_meta":{"yoast_wpseo_title":"","yoast_wpseo_metadesc":"","yoast_wpseo_canonical":""},"_links":{"self":[{"href":"https:\/\/exceladvisor.org\/tr\/wp-json\/wp\/v2\/pages\/1905","targetHints":{"allow":["GET"]}}],"collection":[{"href":"https:\/\/exceladvisor.org\/tr\/wp-json\/wp\/v2\/pages"}],"about":[{"href":"https:\/\/exceladvisor.org\/tr\/wp-json\/wp\/v2\/types\/page"}],"author":[{"embeddable":true,"href":"https:\/\/exceladvisor.org\/tr\/wp-json\/wp\/v2\/users\/1"}],"replies":[{"embeddable":true,"href":"https:\/\/exceladvisor.org\/tr\/wp-json\/wp\/v2\/comments?post=1905"}],"version-history":[{"count":1,"href":"https:\/\/exceladvisor.org\/tr\/wp-json\/wp\/v2\/pages\/1905\/revisions"}],"predecessor-version":[{"id":2678,"href":"https:\/\/exceladvisor.org\/tr\/wp-json\/wp\/v2\/pages\/1905\/revisions\/2678"}],"wp:attachment":[{"href":"https:\/\/exceladvisor.org\/tr\/wp-json\/wp\/v2\/media?parent=1905"}],"curies":[{"name":"wp","href":"https:\/\/api.w.org\/{rel}","templated":true}]}}