{"id":1906,"date":"2023-10-29T05:45:34","date_gmt":"2023-10-29T05:45:34","guid":{"rendered":"https:\/\/exceladvisor.org\/tr\/renge-gore-filtrele\/"},"modified":"2023-12-10T06:02:09","modified_gmt":"2023-12-10T06:02:09","slug":"renge-gore-filtrele","status":"publish","type":"page","link":"https:\/\/exceladvisor.org\/tr\/renge-gore-filtrele\/","title":{"rendered":"Excel&#39;de renge g\u00f6re filtreleme nas\u0131l yap\u0131l\u0131r?"},"content":{"rendered":"<div class=\"excel-icerikten-once\" id=\"excel-3958822648\"><script type=\"text\/javascript\">\r\n\tatOptions = {\r\n\t\t'key' : 'c1158f160081d6540a8409e6925dab94',\r\n\t\t'format' : 'iframe',\r\n\t\t'height' : 250,\r\n\t\t'width' : 300,\r\n\t\t'params' : {}\r\n\t};\r\n<\/script>\r\n<script type=\"text\/javascript\" src=\"\/\/www.highperformanceformat.com\/c1158f160081d6540a8409e6925dab94\/invoke.js\"><\/script><\/div> <p>Excel&#8217;de bir s\u00fctuna filtre uygulad\u0131\u011f\u0131n\u0131zda, de\u011ferleri <a href=\"https:\/\/exceladvisor.org\/tr\/hucre-rengi\/\">h\u00fccrenin yaz\u0131 tipi rengine ve arka plan rengine<\/a> g\u00f6re filtreleme se\u00e7ene\u011finiz vard\u0131r. Bu se\u00e7enek filtrede zaten mevcuttur; filtreyi uygulad\u0131ktan sonra bunun i\u00e7in hi\u00e7bir \u015feyi etkinle\u015ftirmenize gerek yoktur. <\/p><div class=\"wp-block-image\"><figure class=\"aligncenter size-full is-resized\"><img loading=\"lazy\" decoding=\"async\" class=\"wp-image-74956\" src=\"https:\/\/exceladvisor.org\/wp-content\/uploads\/2023\/08\/1-filtre-par-couleur.png\" sizes=\"auto, \" srcset=\"\" alt=\"renge g\u00f6re filtrele\" width=\"584\" height=\"485\"><\/figure><\/div><h2 class=\"wp-block-heading\"> Excel&#8217;de bir s\u00fctunu renge g\u00f6re filtreleme ad\u0131mlar\u0131<\/h2><ol type=\"1\"><li> \u00d6ncelikle filtreyi s\u00fctuna uygulay\u0131n.<\/li><li> Bundan sonra filtre a\u00e7\u0131l\u0131r men\u00fcs\u00fcne t\u0131klay\u0131n.<\/li><li> Daha sonra \u201cRenge g\u00f6re filtrele\u201d se\u00e7ene\u011fine gidin.<\/li><li> Sonunda filtreyi uygulamak istedi\u011finiz rengi se\u00e7in.<\/li><\/ol><p> S\u00f6yledi\u011fim gibi, de\u011ferleri filtrelemek i\u00e7in rengi kullanman\u0131n iki yolu vard\u0131r:<\/p><ul><li> H\u00fccre rengine g\u00f6re<\/li><li> Yaz\u0131 tipi rengine g\u00f6re<\/li><\/ul><p> A\u015fa\u011f\u0131daki \u00f6rnekte filtreyi uygulamak i\u00e7in k\u0131rm\u0131z\u0131 yaz\u0131 tipi rengini kulland\u0131k. Ve yaz\u0131 tipi rengi k\u0131rm\u0131z\u0131 olan filtre de\u011ferlerine sahiptir. <\/p><div class=\"wp-block-image\"><figure class=\"aligncenter size-full is-resized\"><img loading=\"lazy\" decoding=\"async\" class=\"wp-image-74957\" src=\"https:\/\/exceladvisor.org\/wp-content\/uploads\/2023\/08\/2-polices-rouges-utilisees-pour-le-filtre.png\" sizes=\"auto, \" srcset=\"\" alt=\"filtre i\u00e7in kullan\u0131lan k\u0131rm\u0131z\u0131 yaz\u0131 tipi\" width=\"590\" height=\"471\"><\/figure><\/div><p> Benzer \u015fekilde h\u00fccre rengine g\u00f6re filtreleme yapabilirsiniz. A\u015fa\u011f\u0131daki \u00f6rnekte de\u011ferleri filtrelemek i\u00e7in sar\u0131 h\u00fccre rengini kulland\u0131k. <\/p><div class=\"wp-block-image\"><figure class=\"aligncenter size-full is-resized\"><img loading=\"lazy\" decoding=\"async\" class=\"wp-image-74958\" src=\"https:\/\/exceladvisor.org\/wp-content\/uploads\/2023\/08\/3-filtres-bases-sur-la-couleur-des-cellules.png\" sizes=\"auto, \" srcset=\"\" alt=\"H\u00fccre rengine g\u00f6re filtre\" width=\"604\" height=\"465\"><\/figure><\/div><p> \u201cRenklere G\u00f6re Filtrele\u201d se\u00e7ene\u011fini a\u00e7t\u0131\u011f\u0131n\u0131zda, h\u00fccre renginiz veya yaz\u0131 tipi renginiz olmayan h\u00fccreleri filtreleme se\u00e7ene\u011finiz vard\u0131r. <\/p><div class=\"wp-block-image\"><figure class=\"aligncenter size-full is-resized\"><img loading=\"lazy\" decoding=\"async\" class=\"wp-image-74959\" src=\"https:\/\/exceladvisor.org\/wp-content\/uploads\/2023\/08\/4-filtrer-les-cellules-sans-couleur.png\" sizes=\"auto, \" srcset=\"\" alt=\"filtre-renksiz-h\u00fccreler\" width=\"153\" height=\"267\"><\/figure><\/div><h2 class=\"wp-block-heading\"> Ba\u011flam men\u00fcs\u00fcnden renge g\u00f6re filtrele<\/h2><p> Se\u00e7ilen h\u00fccrenin h\u00fccre rengine g\u00f6re t\u00fcm h\u00fccreleri filtrelemek istedi\u011finizi varsayal\u0131m. <\/p><div class=\"wp-block-image\"><figure class=\"aligncenter size-full is-resized\"><img loading=\"lazy\" decoding=\"async\" class=\"wp-image-74960\" src=\"https:\/\/exceladvisor.org\/wp-content\/uploads\/2023\/08\/5-filtrer-par-menu-clic-droit.png\" sizes=\"auto, \" srcset=\"\" alt=\"Sa\u011f t\u0131klamayla men\u00fcy\u00fc filtrele\" width=\"617\" height=\"457\"><\/figure><\/div><ol type=\"1\"><li> H\u00fccreyi se\u00e7in.<\/li><li> \u00dczerine sa\u011f t\u0131klay\u0131n.<\/li><li> Filtre se\u00e7ene\u011fine gidin.<\/li><li> &#8220;Se\u00e7ilen h\u00fccrenin rengine g\u00f6re filtrele&#8221; se\u00e7ene\u011fine t\u0131klay\u0131n. <\/li><\/ol><div class=\"wp-block-image\"><figure class=\"aligncenter size-full is-resized\"><img loading=\"lazy\" decoding=\"async\" class=\"wp-image-74961\" src=\"https:\/\/exceladvisor.org\/wp-content\/uploads\/2023\/08\/6-filtrer-par-couleur-selectionnee.png\" sizes=\"auto, \" srcset=\"\" alt=\"se\u00e7ilen renge g\u00f6re filtrele\" width=\"357\" height=\"161\"><\/figure><\/div><p> Benzer \u015fekilde, h\u00fccrenin yaz\u0131 tipi rengine g\u00f6re h\u00fccreleri filtreleyebilirsiniz. <\/p><div class=\"wp-block-image\"><figure class=\"aligncenter size-full is-resized\"><img loading=\"lazy\" decoding=\"async\" class=\"wp-image-74962\" src=\"https:\/\/exceladvisor.org\/wp-content\/uploads\/2023\/08\/7-filtres-bases-sur-la-couleur-de-la-police.png\" sizes=\"auto, \" srcset=\"\" alt=\"yaz\u0131 tipi rengine g\u00f6re filtre\" width=\"627\" height=\"414\"><\/figure><\/div><p> \u201cSe\u00e7ili h\u00fccrenin yaz\u0131 tipi rengine g\u00f6re filtrele\u201d se\u00e7ene\u011fini kullan\u0131n. <\/p><div class=\"wp-block-image\"><figure class=\"aligncenter size-full is-resized\"><img loading=\"lazy\" decoding=\"async\" class=\"wp-image-74963\" src=\"https:\/\/exceladvisor.org\/wp-content\/uploads\/2023\/08\/8-filtrer-par-couleur-de-police-selectionnee.png\" sizes=\"auto, \" srcset=\"\" alt=\"se\u00e7ilen yaz\u0131 tipi rengine g\u00f6re filtrele\" width=\"318\" height=\"120\"><\/figure><\/div><h2 class=\"wp-block-heading\"> Yorumlar<\/h2><ul><li> H\u00fccre rengine ve yaz\u0131 tipi rengine dayal\u0131 filtreyi ayn\u0131 anda tek bir renge uygulayamazs\u0131n\u0131z. Ayn\u0131 anda yaln\u0131zca tek bir filtre t\u00fcr\u00fc kullan\u0131labilir.<\/li><li> Yaz\u0131 tipine ve h\u00fccre rengine g\u00f6re birden \u00e7ok s\u00fctuna filtre uygulayabilirsiniz. \u00d6rne\u011fin, bir s\u00fctunu k\u0131rm\u0131z\u0131 yaz\u0131 tipi rengine g\u00f6re, ikinci s\u00fctunu ise sar\u0131 h\u00fccre rengine g\u00f6re filtreleyebilirsiniz.<\/li><\/ul><div class=\"gb-container gb-container-4db6181c gb-container-mt\"> <a class=\"gb-button gb-button-c5897111 gb-button-text gb-button-mt-button\" href=\"https:\/\/exceladvisor.org\/tr\/excel-ilerlemesi\/\">\u0130leri D\u00fczey Excel Dersleri<\/a><h2 class=\"gb-headline gb-headline-665e5f6b gb-headline-text gb-headline-mt-heading\"> \u0130lgili e\u011fitimler <\/h2><div class=\"gb-grid-wrapper gb-grid-wrapper-a20baf7c gb-grid-wrapper-mt-grid\"><div class=\"gb-grid-column gb-grid-column-65ddf67e\"><div class=\"gb-container gb-container-65ddf67e\"><ul><li> <a href=\"https:\/\/exceladvisor.org\/tr\/onay-kutusu\/\">Excel&#8217;e onay kutusu ekleme<\/a><\/li><li> <a href=\"https:\/\/exceladvisor.org\/tr\/veri-kaybetmeden-hucreleri-birlestirme\/\">Excel&#8217;de veri kaybetmeden h\u00fccreleri birle\u015ftirme<\/a><\/li><li> <a href=\"https:\/\/exceladvisor.org\/tr\/ozel-carpim-yapistir\/\">\u00d6zel Yap\u0131\u015ft\u0131r&#8217;\u0131 kullanarak Excel&#8217;de \u00e7arpma<\/a><\/li><li> <a href=\"https:\/\/exceladvisor.org\/tr\/barkod-ekle\/\" data-wpil=\"url\">Excel&#8217;e barkod ekleme<\/a><\/li><li> <a href=\"https:\/\/exceladvisor.org\/tr\/varsayilan-yazi-tipi\/\">Excel&#8217;de varsay\u0131lan yaz\u0131 tipini de\u011fi\u015ftirme<\/a><\/li><\/ul><\/div><\/div><\/div><\/div>","protected":false},"excerpt":{"rendered":"","protected":false},"author":1,"featured_media":0,"parent":0,"menu_order":0,"comment_status":"open","ping_status":"closed","template":"","meta":{"ub_ctt_via":"","footnotes":""},"class_list":["post-1906","page","type-page","status-publish","hentry"],"featured_image_src":null,"yoast_head":"<!-- This site is optimized with the Yoast SEO plugin v25.4 - https:\/\/yoast.com\/wordpress\/plugins\/seo\/ -->\n<title>Excel&#039;de renge g\u00f6re filtreleme nas\u0131l yap\u0131l\u0131r? (E\u011fitim 2023)<\/title>\n<meta name=\"description\" content=\"S\u00fctundaki de\u011ferleri yaz\u0131 tipi rengini veya h\u00fccre rengini kullanarak filtrelemenin bir yolunu ara\u015ft\u0131r\u0131yoruz.\" \/>\n<meta name=\"robots\" content=\"index, follow, max-snippet:-1, max-image-preview:large, max-video-preview:-1\" \/>\n<link rel=\"canonical\" href=\"https:\/\/exceladvisor.org\/tr\/renge-gore-filtrele\/\" \/>\n<meta property=\"og:locale\" content=\"tr_TR\" \/>\n<meta property=\"og:type\" content=\"article\" \/>\n<meta property=\"og:title\" content=\"Excel&#039;de renge g\u00f6re filtreleme nas\u0131l yap\u0131l\u0131r? (E\u011fitim 2023)\" \/>\n<meta property=\"og:description\" content=\"S\u00fctundaki de\u011ferleri yaz\u0131 tipi rengini veya h\u00fccre rengini kullanarak filtrelemenin bir yolunu ara\u015ft\u0131r\u0131yoruz.\" \/>\n<meta property=\"og:url\" content=\"https:\/\/exceladvisor.org\/tr\/renge-gore-filtrele\/\" \/>\n<meta property=\"og:site_name\" content=\"Excel Advisor\" \/>\n<meta property=\"article:modified_time\" content=\"2023-12-10T06:02:09+00:00\" \/>\n<meta property=\"og:image\" content=\"https:\/\/exceladvisor.org\/wp-content\/uploads\/2023\/08\/1-filtre-par-couleur.png\" \/>\n<meta name=\"twitter:card\" content=\"summary_large_image\" \/>\n<meta name=\"twitter:label1\" content=\"Tahmini okuma s\u00fcresi\" \/>\n\t<meta name=\"twitter:data1\" content=\"2 dakika\" \/>\n<script type=\"application\/ld+json\" class=\"yoast-schema-graph\">{\"@context\":\"https:\/\/schema.org\",\"@graph\":[{\"@type\":\"WebPage\",\"@id\":\"https:\/\/exceladvisor.org\/tr\/renge-gore-filtrele\/\",\"url\":\"https:\/\/exceladvisor.org\/tr\/renge-gore-filtrele\/\",\"name\":\"Excel&#39;de renge g\u00f6re filtreleme nas\u0131l yap\u0131l\u0131r? (E\u011fitim 2023)\",\"isPartOf\":{\"@id\":\"https:\/\/exceladvisor.org\/tr\/#website\"},\"primaryImageOfPage\":{\"@id\":\"https:\/\/exceladvisor.org\/tr\/renge-gore-filtrele\/#primaryimage\"},\"image\":{\"@id\":\"https:\/\/exceladvisor.org\/tr\/renge-gore-filtrele\/#primaryimage\"},\"thumbnailUrl\":\"https:\/\/exceladvisor.org\/wp-content\/uploads\/2023\/08\/1-filtre-par-couleur.png\",\"datePublished\":\"2023-10-29T05:45:34+00:00\",\"dateModified\":\"2023-12-10T06:02:09+00:00\",\"description\":\"S\u00fctundaki de\u011ferleri yaz\u0131 tipi rengini veya h\u00fccre rengini kullanarak filtrelemenin bir yolunu ara\u015ft\u0131r\u0131yoruz.\",\"breadcrumb\":{\"@id\":\"https:\/\/exceladvisor.org\/tr\/renge-gore-filtrele\/#breadcrumb\"},\"inLanguage\":\"tr\",\"potentialAction\":[{\"@type\":\"ReadAction\",\"target\":[\"https:\/\/exceladvisor.org\/tr\/renge-gore-filtrele\/\"]}]},{\"@type\":\"ImageObject\",\"inLanguage\":\"tr\",\"@id\":\"https:\/\/exceladvisor.org\/tr\/renge-gore-filtrele\/#primaryimage\",\"url\":\"https:\/\/exceladvisor.org\/wp-content\/uploads\/2023\/08\/1-filtre-par-couleur.png\",\"contentUrl\":\"https:\/\/exceladvisor.org\/wp-content\/uploads\/2023\/08\/1-filtre-par-couleur.png\"},{\"@type\":\"BreadcrumbList\",\"@id\":\"https:\/\/exceladvisor.org\/tr\/renge-gore-filtrele\/#breadcrumb\",\"itemListElement\":[{\"@type\":\"ListItem\",\"position\":1,\"name\":\"Ev\",\"item\":\"https:\/\/exceladvisor.org\/tr\/\"},{\"@type\":\"ListItem\",\"position\":2,\"name\":\"Excel&#39;de renge g\u00f6re filtreleme nas\u0131l yap\u0131l\u0131r?\"}]},{\"@type\":\"WebSite\",\"@id\":\"https:\/\/exceladvisor.org\/tr\/#website\",\"url\":\"https:\/\/exceladvisor.org\/tr\/\",\"name\":\"Excel Advisor\",\"description\":\"Veri hakimiyetine y\u00f6nelik nihai rehberiniz!\",\"publisher\":{\"@id\":\"https:\/\/exceladvisor.org\/tr\/#organization\"},\"potentialAction\":[{\"@type\":\"SearchAction\",\"target\":{\"@type\":\"EntryPoint\",\"urlTemplate\":\"https:\/\/exceladvisor.org\/tr\/?s={search_term_string}\"},\"query-input\":{\"@type\":\"PropertyValueSpecification\",\"valueRequired\":true,\"valueName\":\"search_term_string\"}}],\"inLanguage\":\"tr\"},{\"@type\":\"Organization\",\"@id\":\"https:\/\/exceladvisor.org\/tr\/#organization\",\"name\":\"Excel Advisor\",\"url\":\"https:\/\/exceladvisor.org\/tr\/\",\"logo\":{\"@type\":\"ImageObject\",\"inLanguage\":\"tr\",\"@id\":\"https:\/\/exceladvisor.org\/tr\/#\/schema\/logo\/image\/\",\"url\":\"https:\/\/exceladvisor.org\/tr\/wp-content\/uploads\/2023\/12\/exceladvisor.org_.png\",\"contentUrl\":\"https:\/\/exceladvisor.org\/tr\/wp-content\/uploads\/2023\/12\/exceladvisor.org_.png\",\"width\":105,\"height\":36,\"caption\":\"Excel Advisor\"},\"image\":{\"@id\":\"https:\/\/exceladvisor.org\/tr\/#\/schema\/logo\/image\/\"}}]}<\/script>\n<!-- \/ Yoast SEO plugin. -->","yoast_head_json":{"title":"Excel&#39;de renge g\u00f6re filtreleme nas\u0131l yap\u0131l\u0131r? (E\u011fitim 2023)","description":"S\u00fctundaki de\u011ferleri yaz\u0131 tipi rengini veya h\u00fccre rengini kullanarak filtrelemenin bir yolunu ara\u015ft\u0131r\u0131yoruz.","robots":{"index":"index","follow":"follow","max-snippet":"max-snippet:-1","max-image-preview":"max-image-preview:large","max-video-preview":"max-video-preview:-1"},"canonical":"https:\/\/exceladvisor.org\/tr\/renge-gore-filtrele\/","og_locale":"tr_TR","og_type":"article","og_title":"Excel&#39;de renge g\u00f6re filtreleme nas\u0131l yap\u0131l\u0131r? (E\u011fitim 2023)","og_description":"S\u00fctundaki de\u011ferleri yaz\u0131 tipi rengini veya h\u00fccre rengini kullanarak filtrelemenin bir yolunu ara\u015ft\u0131r\u0131yoruz.","og_url":"https:\/\/exceladvisor.org\/tr\/renge-gore-filtrele\/","og_site_name":"Excel Advisor","article_modified_time":"2023-12-10T06:02:09+00:00","og_image":[{"url":"https:\/\/exceladvisor.org\/wp-content\/uploads\/2023\/08\/1-filtre-par-couleur.png","type":"","width":"","height":""}],"twitter_card":"summary_large_image","twitter_misc":{"Tahmini okuma s\u00fcresi":"2 dakika"},"schema":{"@context":"https:\/\/schema.org","@graph":[{"@type":"WebPage","@id":"https:\/\/exceladvisor.org\/tr\/renge-gore-filtrele\/","url":"https:\/\/exceladvisor.org\/tr\/renge-gore-filtrele\/","name":"Excel&#39;de renge g\u00f6re filtreleme nas\u0131l yap\u0131l\u0131r? (E\u011fitim 2023)","isPartOf":{"@id":"https:\/\/exceladvisor.org\/tr\/#website"},"primaryImageOfPage":{"@id":"https:\/\/exceladvisor.org\/tr\/renge-gore-filtrele\/#primaryimage"},"image":{"@id":"https:\/\/exceladvisor.org\/tr\/renge-gore-filtrele\/#primaryimage"},"thumbnailUrl":"https:\/\/exceladvisor.org\/wp-content\/uploads\/2023\/08\/1-filtre-par-couleur.png","datePublished":"2023-10-29T05:45:34+00:00","dateModified":"2023-12-10T06:02:09+00:00","description":"S\u00fctundaki de\u011ferleri yaz\u0131 tipi rengini veya h\u00fccre rengini kullanarak filtrelemenin bir yolunu ara\u015ft\u0131r\u0131yoruz.","breadcrumb":{"@id":"https:\/\/exceladvisor.org\/tr\/renge-gore-filtrele\/#breadcrumb"},"inLanguage":"tr","potentialAction":[{"@type":"ReadAction","target":["https:\/\/exceladvisor.org\/tr\/renge-gore-filtrele\/"]}]},{"@type":"ImageObject","inLanguage":"tr","@id":"https:\/\/exceladvisor.org\/tr\/renge-gore-filtrele\/#primaryimage","url":"https:\/\/exceladvisor.org\/wp-content\/uploads\/2023\/08\/1-filtre-par-couleur.png","contentUrl":"https:\/\/exceladvisor.org\/wp-content\/uploads\/2023\/08\/1-filtre-par-couleur.png"},{"@type":"BreadcrumbList","@id":"https:\/\/exceladvisor.org\/tr\/renge-gore-filtrele\/#breadcrumb","itemListElement":[{"@type":"ListItem","position":1,"name":"Ev","item":"https:\/\/exceladvisor.org\/tr\/"},{"@type":"ListItem","position":2,"name":"Excel&#39;de renge g\u00f6re filtreleme nas\u0131l yap\u0131l\u0131r?"}]},{"@type":"WebSite","@id":"https:\/\/exceladvisor.org\/tr\/#website","url":"https:\/\/exceladvisor.org\/tr\/","name":"Excel Advisor","description":"Veri hakimiyetine y\u00f6nelik nihai rehberiniz!","publisher":{"@id":"https:\/\/exceladvisor.org\/tr\/#organization"},"potentialAction":[{"@type":"SearchAction","target":{"@type":"EntryPoint","urlTemplate":"https:\/\/exceladvisor.org\/tr\/?s={search_term_string}"},"query-input":{"@type":"PropertyValueSpecification","valueRequired":true,"valueName":"search_term_string"}}],"inLanguage":"tr"},{"@type":"Organization","@id":"https:\/\/exceladvisor.org\/tr\/#organization","name":"Excel Advisor","url":"https:\/\/exceladvisor.org\/tr\/","logo":{"@type":"ImageObject","inLanguage":"tr","@id":"https:\/\/exceladvisor.org\/tr\/#\/schema\/logo\/image\/","url":"https:\/\/exceladvisor.org\/tr\/wp-content\/uploads\/2023\/12\/exceladvisor.org_.png","contentUrl":"https:\/\/exceladvisor.org\/tr\/wp-content\/uploads\/2023\/12\/exceladvisor.org_.png","width":105,"height":36,"caption":"Excel Advisor"},"image":{"@id":"https:\/\/exceladvisor.org\/tr\/#\/schema\/logo\/image\/"}}]}},"yoast_meta":{"yoast_wpseo_title":"","yoast_wpseo_metadesc":"","yoast_wpseo_canonical":""},"_links":{"self":[{"href":"https:\/\/exceladvisor.org\/tr\/wp-json\/wp\/v2\/pages\/1906","targetHints":{"allow":["GET"]}}],"collection":[{"href":"https:\/\/exceladvisor.org\/tr\/wp-json\/wp\/v2\/pages"}],"about":[{"href":"https:\/\/exceladvisor.org\/tr\/wp-json\/wp\/v2\/types\/page"}],"author":[{"embeddable":true,"href":"https:\/\/exceladvisor.org\/tr\/wp-json\/wp\/v2\/users\/1"}],"replies":[{"embeddable":true,"href":"https:\/\/exceladvisor.org\/tr\/wp-json\/wp\/v2\/comments?post=1906"}],"version-history":[{"count":1,"href":"https:\/\/exceladvisor.org\/tr\/wp-json\/wp\/v2\/pages\/1906\/revisions"}],"predecessor-version":[{"id":2580,"href":"https:\/\/exceladvisor.org\/tr\/wp-json\/wp\/v2\/pages\/1906\/revisions\/2580"}],"wp:attachment":[{"href":"https:\/\/exceladvisor.org\/tr\/wp-json\/wp\/v2\/media?parent=1906"}],"curies":[{"name":"wp","href":"https:\/\/api.w.org\/{rel}","templated":true}]}}