{"id":1907,"date":"2023-10-29T05:18:31","date_gmt":"2023-10-29T05:18:31","guid":{"rendered":"https:\/\/exceladvisor.org\/tr\/alternatif-cizgileri-vurgula\/"},"modified":"2023-12-10T05:58:35","modified_gmt":"2023-12-10T05:58:35","slug":"alternatif-cizgileri-vurgula","status":"publish","type":"page","link":"https:\/\/exceladvisor.org\/tr\/alternatif-cizgileri-vurgula\/","title":{"rendered":"Alternatif sat\u0131rlar\u0131 renk tonuyla nas\u0131l vurgulayabilirim?"},"content":{"rendered":"<div class=\"excel-icerikten-once\" id=\"excel-3183432364\"><script type=\"text\/javascript\">\r\n\tatOptions = {\r\n\t\t'key' : 'c1158f160081d6540a8409e6925dab94',\r\n\t\t'format' : 'iframe',\r\n\t\t'height' : 250,\r\n\t\t'width' : 300,\r\n\t\t'params' : {}\r\n\t};\r\n<\/script>\r\n<script type=\"text\/javascript\" src=\"\/\/www.highperformanceformat.com\/c1158f160081d6540a8409e6925dab94\/invoke.js\"><\/script><\/div> <p>Excel&#8217;de geni\u015f bir veri k\u00fcmesiyle \u00e7al\u0131\u015f\u0131rken, bu durumda daha iyi g\u00f6r\u00fcnmek ve okunabilirli\u011fi art\u0131rmak i\u00e7in alternatif sat\u0131rlar\u0131 bir renk tonuyla vurgulayabilirsiniz. Her veri sat\u0131r\u0131n\u0131 farkl\u0131 k\u0131lar ve okuman\u0131za yard\u0131mc\u0131 olur. <\/p><div class=\"wp-block-image\"><figure class=\"aligncenter size-full is-resized\"><img loading=\"lazy\" decoding=\"async\" class=\"wp-image-74969\" src=\"https:\/\/exceladvisor.org\/wp-content\/uploads\/2023\/08\/1-mettre-en-surbrillance-des-rangees-alternees.png\" sizes=\"auto, \" srcset=\"\" alt=\"alternatif sat\u0131rlar\u0131 vurgula\" width=\"812\" height=\"433\"><\/figure><\/div><p> Bu derste kullanabilece\u011finiz \u00fc\u00e7 basit y\u00f6ntemi tart\u0131\u015faca\u011f\u0131z.<\/p><h2 class=\"wp-block-heading\"> Excel&#8217;de Alternatif Sat\u0131rlar\u0131 Vurgulamak i\u00e7in Excel Tablosu Kullanma<\/h2><p> Excel tablosu kullanmak, Excel&#8217;deki alternatif sat\u0131rlar\u0131 vurgulamak i\u00e7in renk \u00f6rne\u011fini uygulaman\u0131n en iyi ve en kolay yoludur.<\/p><ol><li> Uygulamak istedi\u011finiz verileri se\u00e7in. <br><img loading=\"lazy\" decoding=\"async\" title=\"2-veri se\u00e7\" src=\"https:\/\/exceladvisor.org\/wp-content\/uploads\/2023\/08\/2-selectionner-les-donnees.png\" sizes=\"auto, \" srcset=\"\" alt=\"select-data\" width=\"540\" height=\"279\"><\/li><li> Bundan sonra Ekle sekmesine gidin ve tablo d\u00fc\u011fmesine t\u0131klay\u0131n. Control + T klavye k\u0131sayolunu da kullanabilirsiniz. <br><img loading=\"lazy\" decoding=\"async\" title=\"3 t\u0131klamayla tablo d\u00fc\u011fmesi\" src=\"https:\/\/exceladvisor.org\/wp-content\/uploads\/2023\/08\/Bouton-de-tableau-a-3-clics.png\" sizes=\"auto, \" srcset=\"\" alt=\"click-table-button\" width=\"421\" height=\"304\"><\/li><li> \u015eimdi ileti\u015fim kutusunda \u201cTablomda ba\u015fl\u0131klar var\u201d se\u00e7ene\u011fini i\u015faretledi\u011finizden emin olun. <br><img loading=\"lazy\" decoding=\"async\" title=\"4-tablomun-ba\u015fl\u0131klar\u0131n\u0131-i\u015faretle\" src=\"https:\/\/exceladvisor.org\/wp-content\/uploads\/2023\/08\/4-cochez-mes-en-tetes-de-tableau.png\" sizes=\"auto, \" srcset=\"\" alt=\"check-mark-my-table-headers\" width=\"255\" height=\"158\"><\/li><li> Sonunda tabloyu uygulamak i\u00e7in Tamam&#8217;\u0131 t\u0131klay\u0131n.<\/li><\/ol><p> Tamam&#8217;a t\u0131klad\u0131\u011f\u0131n\u0131zda, verilerinizde a\u015fa\u011f\u0131daki gibi varsay\u0131lan bir tablo stili elde edeceksiniz. <\/p><div class=\"wp-block-image\"><figure class=\"aligncenter size-full is-resized\"><img loading=\"lazy\" decoding=\"async\" class=\"wp-image-74973\" src=\"https:\/\/exceladvisor.org\/wp-content\/uploads\/2023\/08\/5-styles-de-tableau-par-defaut.png\" sizes=\"auto, \" srcset=\"\" alt=\"varsay\u0131lan tablo stili\" width=\"734\" height=\"308\"><\/figure><\/div><p> Ancak varsay\u0131lan stili kullanmak istemiyorsan\u0131z stili de\u011fi\u015ftirebilirsiniz. Tablo Tasar\u0131m\u0131 sekmesine gidin ve ard\u0131ndan Tablo Stilleri&#8217;ni a\u00e7\u0131n. <\/p><div class=\"wp-block-image\"><figure class=\"aligncenter size-full is-resized\"><img loading=\"lazy\" decoding=\"async\" class=\"wp-image-74974\" src=\"https:\/\/exceladvisor.org\/wp-content\/uploads\/2023\/08\/6-onglet-de-conception-de-table.png\" sizes=\"auto, \" srcset=\"\" alt=\"tablo-tasar\u0131m-sekmesi\" width=\"551\" height=\"321\"><\/figure><\/div><p> Stillerden birini se\u00e7ebilir veya s\u0131f\u0131rdan kendinize bir stil olu\u015fturabilirsiniz. <\/p><div class=\"wp-block-image\"><figure class=\"aligncenter size-full is-resized\"><img loading=\"lazy\" decoding=\"async\" class=\"wp-image-74975\" src=\"https:\/\/exceladvisor.org\/wp-content\/uploads\/2023\/08\/7-Choisissez-parmi-plusieurs-modeles-de-table.png\" sizes=\"auto, \" srcset=\"\" alt=\"\u00e7e\u015fitli masa modelleri aras\u0131ndan se\u00e7im yap\u0131n\" width=\"566\" height=\"324\"><\/figure><\/div><h2 class=\"wp-block-heading\"> Alternatif \u00e7izgilere renk \u00f6rnekleri uygulamak i\u00e7in ko\u015fullu bi\u00e7imlendirmeyi kullanma<\/h2><p> Tarihte sahip oldu\u011funuz her sat\u0131ra bir renk \u00f6rne\u011fi uygulamak i\u00e7in ko\u015fullu bi\u00e7imlendirmede bir form\u00fcl de kullanabilirsiniz. Bu y\u00f6ntem size daha iyi kontrol sa\u011flar, daha ki\u015fiselle\u015ftirilmi\u015f bir yola sahip olabilirsiniz.<\/p><ol><li> \u00d6ncelikle renk \u00f6rneklerini uygulamak istedi\u011finiz verileri se\u00e7in. <br><img loading=\"lazy\" decoding=\"async\" title=\"8-renk tonlar\u0131n\u0131 uygulamak i\u00e7in verileri se\u00e7in\" src=\"https:\/\/exceladvisor.org\/wp-content\/uploads\/2023\/08\/8-selectionner-des-donnees-pour-appliquer-des-nuances-de-couleur.png\" sizes=\"auto, \" srcset=\"\" alt=\"select-data-to-apply-color-shades\" width=\"537\" height=\"280\"><\/li><li> Bundan sonra Ana Sayfa sekmesine gidin ve Ko\u015fullu Bi\u00e7imlendirme a\u00e7\u0131l\u0131r listesine t\u0131klay\u0131n. <br><img loading=\"lazy\" decoding=\"async\" title=\"9 T\u0131klamayla Ko\u015fullu Bi\u00e7imlendirme\" src=\"https:\/\/exceladvisor.org\/wp-content\/uploads\/2023\/08\/9-cliquez-sur-la-mise-en-forme-conditionnelle.png\" sizes=\"auto, \" srcset=\"\" alt=\"click-on-conditional-formatting\" width=\"445\" height=\"232\"><\/li><li> Oradan yeni kurala t\u0131klay\u0131n. <br><img loading=\"lazy\" decoding=\"async\" title=\"10 t\u0131klamayla yeni kural\" src=\"https:\/\/exceladvisor.org\/wp-content\/uploads\/2023\/08\/10-clics-nouvelle-regle.png\" sizes=\"auto, \" srcset=\"\" alt=\"click-new-rule\" width=\"238\" height=\"434\"><\/li><li> Daha sonra \u201cHangi h\u00fccrenin bi\u00e7imlendirilece\u011fini belirlemek i\u00e7in form\u00fcl kullan\u201d se\u00e7ene\u011fini t\u0131klay\u0131n. <br><img loading=\"lazy\" decoding=\"async\" title=\"11-hangi h\u00fccrenin formatlanaca\u011f\u0131n\u0131 belirlemek i\u00e7in bir form\u00fcl kullan\u0131n\" src=\"https:\/\/exceladvisor.org\/wp-content\/uploads\/2023\/08\/11-cliquez-sur-utiliser-une-formule-pour-determiner-quelle-cellule-formater.png\" sizes=\"auto, \" srcset=\"\" alt=\"click-on-use-a-formula-to-determine-which-cell-to-format\" width=\"538\" height=\"200\"><\/li><li> Bu noktada t\u0131pk\u0131 a\u015fa\u011f\u0131da oldu\u011fu gibi form\u00fcl eklemek i\u00e7in bir giri\u015f \u00e7ubu\u011funuz var. <br><img loading=\"lazy\" decoding=\"async\" title=\"Form\u00fcl eklemek i\u00e7in 12 form\u00fclden olu\u015fan \u00e7ubuk\" src=\"https:\/\/exceladvisor.org\/wp-content\/uploads\/2023\/08\/12-barre-de-formule-pour-ajouter-une-formule.png\" sizes=\"auto, \" srcset=\"\" alt=\"formula-bar-to-add-a- formula\" width=\"516\" height=\"344\"><\/li><\/ol><p> \u015eimdi a\u015fa\u011f\u0131daki form\u00fcllerden birini girmeniz gerekiyor:<\/p><ul><li class=\"formula\"> =ISEVEN(ROW()) \u2013 \u00c7ift sat\u0131rlar\u0131 g\u00f6lgelendirmek isteyip istemedi\u011finiz.<\/li><li class=\"formula\"> =ISODD(ROW()) \u2013 Tek sat\u0131rlar\u0131 g\u00f6lgelendirmek isteyip istemedi\u011finiz. <\/li><\/ul><div class=\"wp-block-image\"><figure class=\"aligncenter size-full is-resized\"><img loading=\"lazy\" decoding=\"async\" class=\"wp-image-74981\" src=\"https:\/\/exceladvisor.org\/wp-content\/uploads\/2023\/08\/13-entrer-la-formule.png\" sizes=\"auto, \" srcset=\"\" alt=\"form\u00fcle-girin\" width=\"701\" height=\"118\"><\/figure><\/div><p> Bundan sonra, vurgulamak i\u00e7in her alternatif sat\u0131ra hangi renk tonunu atamak istedi\u011finize karar vermek i\u00e7in format d\u00fc\u011fmesine t\u0131klay\u0131n. <\/p><div class=\"wp-block-image\"><figure class=\"aligncenter size-full is-resized\"><img loading=\"lazy\" decoding=\"async\" class=\"wp-image-74982\" src=\"https:\/\/exceladvisor.org\/wp-content\/uploads\/2023\/08\/14-cliquez-sur-le-bouton-formater.png\" sizes=\"auto, \" srcset=\"\" alt=\"bi\u00e7imlendirme d\u00fc\u011fmesine t\u0131klay\u0131n\" width=\"638\" height=\"236\"><\/figure><\/div><p> Sonunda ko\u015fullu bi\u00e7imlendirmeyi uygulamak i\u00e7in Tamam&#8217;\u0131 t\u0131klay\u0131n. <\/p><div class=\"wp-block-image\"><figure class=\"aligncenter size-full is-resized\"><img loading=\"lazy\" decoding=\"async\" class=\"wp-image-74983\" src=\"https:\/\/exceladvisor.org\/wp-content\/uploads\/2023\/08\/15-appliquer-la-mise-en-forme-conditionnelle.png\" sizes=\"auto, \" srcset=\"\" alt=\"ko\u015fullu bi\u00e7imlendirmeyi uygula\" width=\"708\" height=\"385\"><\/figure><\/div><h2 class=\"wp-block-heading\"> Alternatif \u00e7izgilere renk uygulamak i\u00e7in VBA kodunu kullan\u0131n<\/h2><p> Excel&#8217;de VBA&#8217;n\u0131n nas\u0131l kullan\u0131laca\u011f\u0131n\u0131 biliyorsunuz; her alternatif \u00e7izgiye bir renk \u00f6rne\u011fi uygulamak i\u00e7in bir makro kullanabilirsiniz. Sadece aral\u0131\u011f\u0131 se\u00e7in ve a\u015fa\u011f\u0131daki kodu \u00e7al\u0131\u015ft\u0131r\u0131n. <\/p><div class=\"wp-block-image\"><figure class=\"aligncenter size-full is-resized\"><img loading=\"lazy\" decoding=\"async\" class=\"wp-image-74984\" src=\"https:\/\/exceladvisor.org\/wp-content\/uploads\/2023\/08\/16-code-vba-pour-appliquer-la-couleur.png\" sizes=\"auto, \" srcset=\"\" alt=\"vba-uygulanacak-renk kodu\" width=\"612\" height=\"540\"><\/figure><\/div><pre class=\"wp-block-code\"> <code class=\"language-visual-basic\" lang=\"visual-basic\">Sub apply_shades_to_alternate_rows() Dim myRange As Range Dim i As Long Dim C1 As Long Dim C2 As Long 'define colors C1 = RGB(238, 238, 238) C2 = RGB(145, 196, 131) 'checks if a range is selected or not If TypeName(Selection) &lt;&gt; \"Range\" Then Exit Sub 'specify the range to the variable Set myRange = Selection 'end the code if only one row is selected If myRange.Rows.Count = 1 Then Exit Sub 'loop through each row one by one and color alternate rows with different color shade For i = 1 To myRange.Rows.Count If i Mod 2 = 0 Then myRange.Rows(i).Interior.Color = C2 'Even Row Shade Else myRange.Rows(i).Interior.Color = C1 'Odd Row Shade End If Next i End Sub<\/code><\/pre><p> <em>H\u0131zl\u0131 Ba\u011flant\u0131lar: <a href=\"https:\/\/exceladvisor.org\/tr\/temel-gorsel-duzenleyici\/\">Visual Basic D\u00fczenleyicisi<\/a> \u2013 <a href=\"https:\/\/exceladvisor.org\/tr\/makro-2yi-calistir\/\">VBA Kodunu \u00c7al\u0131\u015ft\u0131r\u0131n<\/a><\/em><\/p><div class=\"gb-container gb-container-4db6181c gb-container-mt\"> <a class=\"gb-button gb-button-c5897111 gb-button-text gb-button-mt-button\" href=\"https:\/\/exceladvisor.org\/tr\/excel-ilerlemesi\/\">\u0130leri D\u00fczey Excel Dersleri<\/a><h2 class=\"gb-headline gb-headline-665e5f6b gb-headline-text gb-headline-mt-heading\"> \u0130lgili e\u011fitimler <\/h2><div class=\"gb-grid-wrapper gb-grid-wrapper-a20baf7c gb-grid-wrapper-mt-grid\"><div class=\"gb-grid-column gb-grid-column-65ddf67e\"><div class=\"gb-container gb-container-65ddf67e\"><ul><li> <a href=\"https:\/\/exceladvisor.org\/tr\/formuller-1\/\" data-wpil=\"url\">Ko\u015fullu bi\u00e7imlendirmedeki form\u00fcller<\/a><\/li><li> <a href=\"https:\/\/exceladvisor.org\/tr\/otomatik-format\/\">Excel&#8217;de otomatik bi\u00e7imlendirme se\u00e7ene\u011fi<\/a><\/li><li> <a href=\"https:\/\/exceladvisor.org\/tr\/simge-oyunlari\/\" data-wpil=\"url\">Excel&#8217;de simge k\u00fcmelerini kullanma (ko\u015fullu bi\u00e7imlendirme)<\/a> <\/li><\/ul><\/div><\/div><div class=\"gb-grid-column gb-grid-column-50067b57\"><div class=\"gb-container gb-container-50067b57\"><ul><li> <a href=\"https:\/\/exceladvisor.org\/tr\/en-iyi-yazi-tipleri\/\">Microsoft Excel i\u00e7in En \u0130yi Yaz\u0131 Tipleri<\/a><\/li><li> <a href=\"https:\/\/exceladvisor.org\/tr\/sifirlari-gizle\/\">Excel&#8217;de s\u0131f\u0131r de\u011ferleri gizle<\/a><\/li><li> <a href=\"https:\/\/exceladvisor.org\/tr\/a\/\" data-wpil=\"url\">Excel&#8217;de ko\u015fullu bi\u00e7imlendirmeyi kald\u0131rma<\/a><\/li><\/ul><\/div><\/div><\/div><\/div>","protected":false},"excerpt":{"rendered":"","protected":false},"author":1,"featured_media":0,"parent":0,"menu_order":0,"comment_status":"open","ping_status":"closed","template":"","meta":{"ub_ctt_via":"","footnotes":""},"class_list":["post-1907","page","type-page","status-publish","hentry"],"featured_image_src":null,"yoast_head":"<!-- This site is optimized with the Yoast SEO plugin v25.4 - https:\/\/yoast.com\/wordpress\/plugins\/seo\/ -->\n<title>Excel&#039;de alternatif sat\u0131rlar nas\u0131l vurgulan\u0131r?<\/title>\n<meta name=\"description\" content=\"Bu derste, alternatif \u00e7izgileri renk \u00f6rne\u011fiyle nas\u0131l vurgulayaca\u011f\u0131m\u0131z\u0131 \u00f6\u011frenece\u011fiz.\" \/>\n<meta name=\"robots\" content=\"index, follow, max-snippet:-1, max-image-preview:large, max-video-preview:-1\" \/>\n<link rel=\"canonical\" href=\"https:\/\/exceladvisor.org\/tr\/alternatif-cizgileri-vurgula\/\" \/>\n<meta property=\"og:locale\" content=\"tr_TR\" \/>\n<meta property=\"og:type\" content=\"article\" \/>\n<meta property=\"og:title\" content=\"Excel&#039;de alternatif sat\u0131rlar nas\u0131l vurgulan\u0131r?\" \/>\n<meta property=\"og:description\" content=\"Bu derste, alternatif \u00e7izgileri renk \u00f6rne\u011fiyle nas\u0131l vurgulayaca\u011f\u0131m\u0131z\u0131 \u00f6\u011frenece\u011fiz.\" \/>\n<meta property=\"og:url\" content=\"https:\/\/exceladvisor.org\/tr\/alternatif-cizgileri-vurgula\/\" \/>\n<meta property=\"og:site_name\" content=\"Excel Advisor\" \/>\n<meta property=\"article:modified_time\" content=\"2023-12-10T05:58:35+00:00\" \/>\n<meta property=\"og:image\" content=\"https:\/\/exceladvisor.org\/wp-content\/uploads\/2023\/08\/1-mettre-en-surbrillance-des-rangees-alternees.png\" \/>\n<meta name=\"twitter:card\" content=\"summary_large_image\" \/>\n<meta name=\"twitter:label1\" content=\"Tahmini okuma s\u00fcresi\" \/>\n\t<meta name=\"twitter:data1\" content=\"3 dakika\" \/>\n<script type=\"application\/ld+json\" class=\"yoast-schema-graph\">{\"@context\":\"https:\/\/schema.org\",\"@graph\":[{\"@type\":\"WebPage\",\"@id\":\"https:\/\/exceladvisor.org\/tr\/alternatif-cizgileri-vurgula\/\",\"url\":\"https:\/\/exceladvisor.org\/tr\/alternatif-cizgileri-vurgula\/\",\"name\":\"Excel&#39;de alternatif sat\u0131rlar nas\u0131l vurgulan\u0131r?\",\"isPartOf\":{\"@id\":\"https:\/\/exceladvisor.org\/tr\/#website\"},\"primaryImageOfPage\":{\"@id\":\"https:\/\/exceladvisor.org\/tr\/alternatif-cizgileri-vurgula\/#primaryimage\"},\"image\":{\"@id\":\"https:\/\/exceladvisor.org\/tr\/alternatif-cizgileri-vurgula\/#primaryimage\"},\"thumbnailUrl\":\"https:\/\/exceladvisor.org\/wp-content\/uploads\/2023\/08\/1-mettre-en-surbrillance-des-rangees-alternees.png\",\"datePublished\":\"2023-10-29T05:18:31+00:00\",\"dateModified\":\"2023-12-10T05:58:35+00:00\",\"description\":\"Bu derste, alternatif \u00e7izgileri renk \u00f6rne\u011fiyle nas\u0131l vurgulayaca\u011f\u0131m\u0131z\u0131 \u00f6\u011frenece\u011fiz.\",\"breadcrumb\":{\"@id\":\"https:\/\/exceladvisor.org\/tr\/alternatif-cizgileri-vurgula\/#breadcrumb\"},\"inLanguage\":\"tr\",\"potentialAction\":[{\"@type\":\"ReadAction\",\"target\":[\"https:\/\/exceladvisor.org\/tr\/alternatif-cizgileri-vurgula\/\"]}]},{\"@type\":\"ImageObject\",\"inLanguage\":\"tr\",\"@id\":\"https:\/\/exceladvisor.org\/tr\/alternatif-cizgileri-vurgula\/#primaryimage\",\"url\":\"https:\/\/exceladvisor.org\/wp-content\/uploads\/2023\/08\/1-mettre-en-surbrillance-des-rangees-alternees.png\",\"contentUrl\":\"https:\/\/exceladvisor.org\/wp-content\/uploads\/2023\/08\/1-mettre-en-surbrillance-des-rangees-alternees.png\"},{\"@type\":\"BreadcrumbList\",\"@id\":\"https:\/\/exceladvisor.org\/tr\/alternatif-cizgileri-vurgula\/#breadcrumb\",\"itemListElement\":[{\"@type\":\"ListItem\",\"position\":1,\"name\":\"Ev\",\"item\":\"https:\/\/exceladvisor.org\/tr\/\"},{\"@type\":\"ListItem\",\"position\":2,\"name\":\"Alternatif sat\u0131rlar\u0131 renk tonuyla nas\u0131l vurgulayabilirim?\"}]},{\"@type\":\"WebSite\",\"@id\":\"https:\/\/exceladvisor.org\/tr\/#website\",\"url\":\"https:\/\/exceladvisor.org\/tr\/\",\"name\":\"Excel Advisor\",\"description\":\"Veri hakimiyetine y\u00f6nelik nihai rehberiniz!\",\"publisher\":{\"@id\":\"https:\/\/exceladvisor.org\/tr\/#organization\"},\"potentialAction\":[{\"@type\":\"SearchAction\",\"target\":{\"@type\":\"EntryPoint\",\"urlTemplate\":\"https:\/\/exceladvisor.org\/tr\/?s={search_term_string}\"},\"query-input\":{\"@type\":\"PropertyValueSpecification\",\"valueRequired\":true,\"valueName\":\"search_term_string\"}}],\"inLanguage\":\"tr\"},{\"@type\":\"Organization\",\"@id\":\"https:\/\/exceladvisor.org\/tr\/#organization\",\"name\":\"Excel Advisor\",\"url\":\"https:\/\/exceladvisor.org\/tr\/\",\"logo\":{\"@type\":\"ImageObject\",\"inLanguage\":\"tr\",\"@id\":\"https:\/\/exceladvisor.org\/tr\/#\/schema\/logo\/image\/\",\"url\":\"https:\/\/exceladvisor.org\/tr\/wp-content\/uploads\/2023\/12\/exceladvisor.org_.png\",\"contentUrl\":\"https:\/\/exceladvisor.org\/tr\/wp-content\/uploads\/2023\/12\/exceladvisor.org_.png\",\"width\":105,\"height\":36,\"caption\":\"Excel Advisor\"},\"image\":{\"@id\":\"https:\/\/exceladvisor.org\/tr\/#\/schema\/logo\/image\/\"}}]}<\/script>\n<!-- \/ Yoast SEO plugin. -->","yoast_head_json":{"title":"Excel&#39;de alternatif sat\u0131rlar nas\u0131l vurgulan\u0131r?","description":"Bu derste, alternatif \u00e7izgileri renk \u00f6rne\u011fiyle nas\u0131l vurgulayaca\u011f\u0131m\u0131z\u0131 \u00f6\u011frenece\u011fiz.","robots":{"index":"index","follow":"follow","max-snippet":"max-snippet:-1","max-image-preview":"max-image-preview:large","max-video-preview":"max-video-preview:-1"},"canonical":"https:\/\/exceladvisor.org\/tr\/alternatif-cizgileri-vurgula\/","og_locale":"tr_TR","og_type":"article","og_title":"Excel&#39;de alternatif sat\u0131rlar nas\u0131l vurgulan\u0131r?","og_description":"Bu derste, alternatif \u00e7izgileri renk \u00f6rne\u011fiyle nas\u0131l vurgulayaca\u011f\u0131m\u0131z\u0131 \u00f6\u011frenece\u011fiz.","og_url":"https:\/\/exceladvisor.org\/tr\/alternatif-cizgileri-vurgula\/","og_site_name":"Excel Advisor","article_modified_time":"2023-12-10T05:58:35+00:00","og_image":[{"url":"https:\/\/exceladvisor.org\/wp-content\/uploads\/2023\/08\/1-mettre-en-surbrillance-des-rangees-alternees.png","type":"","width":"","height":""}],"twitter_card":"summary_large_image","twitter_misc":{"Tahmini okuma s\u00fcresi":"3 dakika"},"schema":{"@context":"https:\/\/schema.org","@graph":[{"@type":"WebPage","@id":"https:\/\/exceladvisor.org\/tr\/alternatif-cizgileri-vurgula\/","url":"https:\/\/exceladvisor.org\/tr\/alternatif-cizgileri-vurgula\/","name":"Excel&#39;de alternatif sat\u0131rlar nas\u0131l vurgulan\u0131r?","isPartOf":{"@id":"https:\/\/exceladvisor.org\/tr\/#website"},"primaryImageOfPage":{"@id":"https:\/\/exceladvisor.org\/tr\/alternatif-cizgileri-vurgula\/#primaryimage"},"image":{"@id":"https:\/\/exceladvisor.org\/tr\/alternatif-cizgileri-vurgula\/#primaryimage"},"thumbnailUrl":"https:\/\/exceladvisor.org\/wp-content\/uploads\/2023\/08\/1-mettre-en-surbrillance-des-rangees-alternees.png","datePublished":"2023-10-29T05:18:31+00:00","dateModified":"2023-12-10T05:58:35+00:00","description":"Bu derste, alternatif \u00e7izgileri renk \u00f6rne\u011fiyle nas\u0131l vurgulayaca\u011f\u0131m\u0131z\u0131 \u00f6\u011frenece\u011fiz.","breadcrumb":{"@id":"https:\/\/exceladvisor.org\/tr\/alternatif-cizgileri-vurgula\/#breadcrumb"},"inLanguage":"tr","potentialAction":[{"@type":"ReadAction","target":["https:\/\/exceladvisor.org\/tr\/alternatif-cizgileri-vurgula\/"]}]},{"@type":"ImageObject","inLanguage":"tr","@id":"https:\/\/exceladvisor.org\/tr\/alternatif-cizgileri-vurgula\/#primaryimage","url":"https:\/\/exceladvisor.org\/wp-content\/uploads\/2023\/08\/1-mettre-en-surbrillance-des-rangees-alternees.png","contentUrl":"https:\/\/exceladvisor.org\/wp-content\/uploads\/2023\/08\/1-mettre-en-surbrillance-des-rangees-alternees.png"},{"@type":"BreadcrumbList","@id":"https:\/\/exceladvisor.org\/tr\/alternatif-cizgileri-vurgula\/#breadcrumb","itemListElement":[{"@type":"ListItem","position":1,"name":"Ev","item":"https:\/\/exceladvisor.org\/tr\/"},{"@type":"ListItem","position":2,"name":"Alternatif sat\u0131rlar\u0131 renk tonuyla nas\u0131l vurgulayabilirim?"}]},{"@type":"WebSite","@id":"https:\/\/exceladvisor.org\/tr\/#website","url":"https:\/\/exceladvisor.org\/tr\/","name":"Excel Advisor","description":"Veri hakimiyetine y\u00f6nelik nihai rehberiniz!","publisher":{"@id":"https:\/\/exceladvisor.org\/tr\/#organization"},"potentialAction":[{"@type":"SearchAction","target":{"@type":"EntryPoint","urlTemplate":"https:\/\/exceladvisor.org\/tr\/?s={search_term_string}"},"query-input":{"@type":"PropertyValueSpecification","valueRequired":true,"valueName":"search_term_string"}}],"inLanguage":"tr"},{"@type":"Organization","@id":"https:\/\/exceladvisor.org\/tr\/#organization","name":"Excel Advisor","url":"https:\/\/exceladvisor.org\/tr\/","logo":{"@type":"ImageObject","inLanguage":"tr","@id":"https:\/\/exceladvisor.org\/tr\/#\/schema\/logo\/image\/","url":"https:\/\/exceladvisor.org\/tr\/wp-content\/uploads\/2023\/12\/exceladvisor.org_.png","contentUrl":"https:\/\/exceladvisor.org\/tr\/wp-content\/uploads\/2023\/12\/exceladvisor.org_.png","width":105,"height":36,"caption":"Excel Advisor"},"image":{"@id":"https:\/\/exceladvisor.org\/tr\/#\/schema\/logo\/image\/"}}]}},"yoast_meta":{"yoast_wpseo_title":"","yoast_wpseo_metadesc":"","yoast_wpseo_canonical":""},"_links":{"self":[{"href":"https:\/\/exceladvisor.org\/tr\/wp-json\/wp\/v2\/pages\/1907","targetHints":{"allow":["GET"]}}],"collection":[{"href":"https:\/\/exceladvisor.org\/tr\/wp-json\/wp\/v2\/pages"}],"about":[{"href":"https:\/\/exceladvisor.org\/tr\/wp-json\/wp\/v2\/types\/page"}],"author":[{"embeddable":true,"href":"https:\/\/exceladvisor.org\/tr\/wp-json\/wp\/v2\/users\/1"}],"replies":[{"embeddable":true,"href":"https:\/\/exceladvisor.org\/tr\/wp-json\/wp\/v2\/comments?post=1907"}],"version-history":[{"count":1,"href":"https:\/\/exceladvisor.org\/tr\/wp-json\/wp\/v2\/pages\/1907\/revisions"}],"predecessor-version":[{"id":2255,"href":"https:\/\/exceladvisor.org\/tr\/wp-json\/wp\/v2\/pages\/1907\/revisions\/2255"}],"wp:attachment":[{"href":"https:\/\/exceladvisor.org\/tr\/wp-json\/wp\/v2\/media?parent=1907"}],"curies":[{"name":"wp","href":"https:\/\/api.w.org\/{rel}","templated":true}]}}