{"id":1908,"date":"2023-10-29T05:12:25","date_gmt":"2023-10-29T05:12:25","guid":{"rendered":"https:\/\/exceladvisor.org\/tr\/sayfa-yonunu-degistir\/"},"modified":"2023-12-10T06:02:25","modified_gmt":"2023-12-10T06:02:25","slug":"sayfa-yonunu-degistir","status":"publish","type":"page","link":"https:\/\/exceladvisor.org\/tr\/sayfa-yonunu-degistir\/","title":{"rendered":"Excel&#39;de sayfa y\u00f6n\u00fc nas\u0131l de\u011fi\u015ftirilir?"},"content":{"rendered":"<div class=\"excel-icerikten-once\" id=\"excel-3920784386\"><script type=\"text\/javascript\">\r\n\tatOptions = {\r\n\t\t'key' : 'c1158f160081d6540a8409e6925dab94',\r\n\t\t'format' : 'iframe',\r\n\t\t'height' : 250,\r\n\t\t'width' : 300,\r\n\t\t'params' : {}\r\n\t};\r\n<\/script>\r\n<script type=\"text\/javascript\" src=\"\/\/www.highperformanceformat.com\/c1158f160081d6540a8409e6925dab94\/invoke.js\"><\/script><\/div> <p>Excel&#8217;de kullanabilece\u011finiz ve ihtiya\u00e7lar\u0131n\u0131za g\u00f6re de\u011fi\u015fiklik yapabilece\u011finiz iki farkl\u0131 y\u00f6nlendirme (Dikey veya Yatay) bulunmaktad\u0131r. Bu dersimizde Excel&#8217;de sayfa y\u00f6n\u00fcn\u00fcn nas\u0131l de\u011fi\u015ftirilece\u011fini \u00f6\u011frenece\u011fiz. <\/p><div class=\"wp-block-image\"><figure class=\"aligncenter size-full is-resized\"><img loading=\"lazy\" decoding=\"async\" class=\"wp-image-74829\" src=\"https:\/\/exceladvisor.org\/wp-content\/uploads\/2023\/08\/1-changer-lorientation-des-pages.png\" sizes=\"auto, \" srcset=\"\" alt=\"sayfa y\u00f6n\u00fcn\u00fc de\u011fi\u015ftir\" width=\"590\" height=\"264\"><\/figure><\/div><h2 class=\"wp-block-heading\"> Sayfa Y\u00f6n\u00fcn\u00fc De\u011fi\u015ftirme Ad\u0131mlar\u0131<\/h2><ol><li> \u00d6ncelikle D\u00fczen sekmesine gidin. <br><img loading=\"lazy\" decoding=\"async\" title=\"2 Sayfa D\u00fczeni Sekmesi\" src=\"https:\/\/exceladvisor.org\/wp-content\/uploads\/2023\/08\/onglet-mise-en-page-2-pages.png\" sizes=\"auto, \" srcset=\"\" alt=\"page-layout-tab\" width=\"434\" height=\"100\"><\/li><li> Daha sonra D\u00fczen&#8217;de &#8220;Yerle\u015fim&#8221; grubunuz var ve bir y\u00f6nlendirme se\u00e7ene\u011finiz var. <br><img loading=\"lazy\" decoding=\"async\" title=\"3-y\u00f6nlendirme simgesi\" src=\"https:\/\/exceladvisor.org\/wp-content\/uploads\/2023\/08\/3-icone-dorientation.png\" sizes=\"auto, \" srcset=\"\" alt=\"orientation-icon\" width=\"508\" height=\"130\"><\/li><li> \u015eimdi Y\u00f6nlendirme a\u00e7\u0131l\u0131r men\u00fcs\u00fcne t\u0131klay\u0131n. <br><img loading=\"lazy\" decoding=\"async\" title=\"4 y\u00f6nl\u00fc a\u00e7\u0131l\u0131r liste\" src=\"https:\/\/exceladvisor.org\/wp-content\/uploads\/2023\/08\/4-menus-deroulants-dorientation.png\" sizes=\"auto, \" srcset=\"\" alt=\"orientation-drop-down\" width=\"508\" height=\"285\"><\/li><li> Sonunda, uygulamak istedi\u011finiz y\u00f6n\u00fc (Dikey veya Yatay) se\u00e7in.<\/li><\/ol><p> Bu, Excel&#8217;de bir sayfan\u0131n y\u00f6n\u00fcn\u00fc de\u011fi\u015ftirmenin en kolay yoludur.<\/p><h2 class=\"wp-block-heading\"> Sayfa D\u00fczeni ileti\u015fim kutusundan sayfa y\u00f6n\u00fcn\u00fc de\u011fi\u015ftirme<\/h2><ol><li> \u00d6ncelikle d\u00fczen ileti\u015fim kutusunu a\u00e7mak i\u00e7in klavye k\u0131sayolunu (Alt \u21e2 P \u21e2 S \u21e2 P) kullan\u0131n veya &#8220;D\u00fczen&#8221; grubunda sa\u011f alt k\u0131s\u0131mdaki a\u015fa\u011f\u0131 oka t\u0131klayabilirsiniz. <br><img loading=\"lazy\" decoding=\"async\" title=\"5 sayfal\u0131 konfig\u00fcrasyon grubu\" src=\"https:\/\/exceladvisor.org\/wp-content\/uploads\/2023\/08\/Groupe-de-configuration-de-5-pages.png\" sizes=\"auto, \" srcset=\"\" alt=\"page-setup-group\" width=\"546\" height=\"166\"><\/li><li> Oradan, \u201cSayfa Yap\u0131s\u0131\u201d ileti\u015fim kutusunda se\u00e7ebilece\u011finiz y\u00f6nlendirmeye sahipsiniz. <br><img loading=\"lazy\" decoding=\"async\" title=\"6-portre y\u00f6nlendirmesini se\u00e7in\" src=\"https:\/\/exceladvisor.org\/wp-content\/uploads\/2023\/08\/6-selectionner-lorientation-portrait.png\" sizes=\"auto, \" srcset=\"\" alt=\"select-orientation-portrait\" width=\"528\" height=\"157\"><\/li><li> \u015eimdi y\u00f6nlendirmeyi istedi\u011finiz gibi de\u011fi\u015ftirin. <br><img loading=\"lazy\" decoding=\"async\" title=\"7-manzara y\u00f6n\u00fcn\u00fc se\u00e7in\" src=\"https:\/\/exceladvisor.org\/wp-content\/uploads\/2023\/08\/7-selectionner-lorientation-paysage.png\" sizes=\"auto, \" srcset=\"\" alt=\"select-orientation-landscape\" width=\"525\" height=\"160\"><\/li><li> Sonunda uygulamak i\u00e7in Tamam&#8217;\u0131 t\u0131klay\u0131n.<\/li><\/ol><h2 class=\"wp-block-heading\"> Bask\u0131 \u00f6n izlemeden sayfa y\u00f6n\u00fcn\u00fc de\u011fi\u015ftirme<\/h2><p> Y\u00f6nlendirmeyi bask\u0131 \u00f6nizlemesinden de\u011fi\u015ftirebilirsiniz.<\/p><ol type=\"1\"><li> Bask\u0131 \u00f6nizlemeyi a\u00e7mak i\u00e7in klavye k\u0131sayolunu (Ctrl + P) kullan\u0131n.<\/li><li> Y\u00f6nlendirme a\u00e7\u0131l\u0131r men\u00fcs\u00fcne t\u0131klay\u0131n.<\/li><li> Listeden y\u00f6nlendirmeyi (Dikey ve Yatay) se\u00e7in.<\/li><li> Bu, y\u00f6nelimi an\u0131nda de\u011fi\u015ftirecektir. <\/li><\/ol><div class=\"wp-block-image\"><figure class=\"aligncenter size-full is-resized\"><img loading=\"lazy\" decoding=\"async\" class=\"wp-image-74836\" src=\"https:\/\/exceladvisor.org\/wp-content\/uploads\/2023\/08\/8-orientation-a-partir-de-lapercu-avant-impression.png\" sizes=\"auto, \" srcset=\"\" alt=\"bask\u0131 \u00f6nizlemesinden y\u00f6nlendirme\" width=\"345\" height=\"282\"><\/figure><\/div><h2 class=\"wp-block-heading\"> VBA kodunu kullan<\/h2><p> Y\u00f6nlendirmeyi de\u011fi\u015ftirmek i\u00e7in VBA kodunu da kullanabilirsiniz. <\/p><div class=\"wp-block-image\"><figure class=\"aligncenter size-full is-resized\"><img loading=\"lazy\" decoding=\"async\" class=\"wp-image-74837\" src=\"https:\/\/exceladvisor.org\/wp-content\/uploads\/2023\/08\/9-orientation-du-changement-de-code-vba.png\" sizes=\"auto, \" srcset=\"\" alt=\"vba-kodu-de\u011fi\u015fim-y\u00f6nelimi\" width=\"444\" height=\"238\"><\/figure><\/div><pre class=\"wp-block-code\"> <code class=\"language-visual-basic line-numbers\" lang=\"visual-basic\"><strong>Sub<\/strong> Macro1()   'Apply Portrait Orientation   ActiveSheet.PageSetup.Orientation = xlPortrait   'Apply Landscape Orientation   ActiveSheet.PageSetup.Orientation = xlLandscape <strong>End<\/strong> <strong>Sub<\/strong><\/code><\/pre><div class=\"gb-container gb-container-4db6181c gb-container-mt\"> <a class=\"gb-button gb-button-c5897111 gb-button-text gb-button-mt-button\" href=\"https:\/\/exceladvisor.org\/tr\/excel-ilerlemesi\/\">\u0130leri Excel E\u011fitimi<\/a><h2 class=\"gb-headline gb-headline-665e5f6b gb-headline-text gb-headline-mt-heading\"> \u0130lgili e\u011fitimler <\/h2><div class=\"gb-grid-wrapper gb-grid-wrapper-a20baf7c gb-grid-wrapper-mt-grid\"><div class=\"gb-grid-column gb-grid-column-65ddf67e\"><div class=\"gb-container gb-container-65ddf67e\"><ul><li> <a href=\"https:\/\/exceladvisor.org\/tr\/basliklari-yazdir\/\">Excel&#8217;de Yazd\u0131rma Ba\u015fl\u0131klar\u0131n\u0131 Uygula (sat\u0131r 1&#8217;i her sayfaya yazd\u0131racak \u015fekilde ayarlay\u0131n)<\/a><\/li><li> <a href=\"https:\/\/exceladvisor.org\/tr\/grafik-kagidi\/\">Excel&#8217;de bir grafik ka\u011f\u0131d\u0131 yazd\u0131rma (kare \u0131zgara \u015fablonu)<\/a><\/li><li> <a href=\"https:\/\/exceladvisor.org\/tr\/sayfa-sonunu-kaldir\/\">Excel&#8217;de sayfa sonunu kald\u0131r<\/a><\/li><li> <a href=\"https:\/\/exceladvisor.org\/tr\/yazdirma-alanini-ayarla\/\">Excel&#8217;de Yazd\u0131rma Alan\u0131n\u0131 Ayarlama<\/a><\/li><li> <a href=\"https:\/\/exceladvisor.org\/tr\/calisma-sayfasini-yatay-olarak-ortalayin\/\">Excel&#8217;de \u00e7al\u0131\u015fma sayfas\u0131n\u0131 yatay ve dikey olarak ortalama<\/a><\/li><\/ul><\/div><\/div><\/div><\/div>","protected":false},"excerpt":{"rendered":"","protected":false},"author":1,"featured_media":0,"parent":0,"menu_order":0,"comment_status":"open","ping_status":"closed","template":"","meta":{"ub_ctt_via":"","footnotes":""},"class_list":["post-1908","page","type-page","status-publish","hentry"],"featured_image_src":null,"yoast_head":"<!-- This site is optimized with the Yoast SEO plugin v25.4 - https:\/\/yoast.com\/wordpress\/plugins\/seo\/ -->\n<title>Excel&#039;de sayfa y\u00f6n\u00fc nas\u0131l de\u011fi\u015ftirilir? K\u0131lavuz 2023<\/title>\n<meta name=\"description\" content=\"Bu e\u011fitimde, takip edilmesi kolay iki y\u00f6ntemi kullanarak Excel&#039;de sayfa y\u00f6nlendirmelerini nas\u0131l de\u011fi\u015ftirece\u011fimizi \u00f6\u011frenece\u011fiz...\" \/>\n<meta name=\"robots\" content=\"index, follow, max-snippet:-1, max-image-preview:large, max-video-preview:-1\" \/>\n<link rel=\"canonical\" href=\"https:\/\/exceladvisor.org\/tr\/sayfa-yonunu-degistir\/\" \/>\n<meta property=\"og:locale\" content=\"tr_TR\" \/>\n<meta property=\"og:type\" content=\"article\" \/>\n<meta property=\"og:title\" content=\"Excel&#039;de sayfa y\u00f6n\u00fc nas\u0131l de\u011fi\u015ftirilir? K\u0131lavuz 2023\" \/>\n<meta property=\"og:description\" content=\"Bu e\u011fitimde, takip edilmesi kolay iki y\u00f6ntemi kullanarak Excel&#039;de sayfa y\u00f6nlendirmelerini nas\u0131l de\u011fi\u015ftirece\u011fimizi \u00f6\u011frenece\u011fiz...\" \/>\n<meta property=\"og:url\" content=\"https:\/\/exceladvisor.org\/tr\/sayfa-yonunu-degistir\/\" \/>\n<meta property=\"og:site_name\" content=\"Excel Advisor\" \/>\n<meta property=\"article:modified_time\" content=\"2023-12-10T06:02:25+00:00\" \/>\n<meta property=\"og:image\" content=\"https:\/\/exceladvisor.org\/wp-content\/uploads\/2023\/08\/1-changer-lorientation-des-pages.png\" \/>\n<meta name=\"twitter:card\" content=\"summary_large_image\" \/>\n<meta name=\"twitter:label1\" content=\"Tahmini okuma s\u00fcresi\" \/>\n\t<meta name=\"twitter:data1\" content=\"2 dakika\" \/>\n<script type=\"application\/ld+json\" class=\"yoast-schema-graph\">{\"@context\":\"https:\/\/schema.org\",\"@graph\":[{\"@type\":\"WebPage\",\"@id\":\"https:\/\/exceladvisor.org\/tr\/sayfa-yonunu-degistir\/\",\"url\":\"https:\/\/exceladvisor.org\/tr\/sayfa-yonunu-degistir\/\",\"name\":\"Excel&#39;de sayfa y\u00f6n\u00fc nas\u0131l de\u011fi\u015ftirilir? K\u0131lavuz 2023\",\"isPartOf\":{\"@id\":\"https:\/\/exceladvisor.org\/tr\/#website\"},\"primaryImageOfPage\":{\"@id\":\"https:\/\/exceladvisor.org\/tr\/sayfa-yonunu-degistir\/#primaryimage\"},\"image\":{\"@id\":\"https:\/\/exceladvisor.org\/tr\/sayfa-yonunu-degistir\/#primaryimage\"},\"thumbnailUrl\":\"https:\/\/exceladvisor.org\/wp-content\/uploads\/2023\/08\/1-changer-lorientation-des-pages.png\",\"datePublished\":\"2023-10-29T05:12:25+00:00\",\"dateModified\":\"2023-12-10T06:02:25+00:00\",\"description\":\"Bu e\u011fitimde, takip edilmesi kolay iki y\u00f6ntemi kullanarak Excel&#39;de sayfa y\u00f6nlendirmelerini nas\u0131l de\u011fi\u015ftirece\u011fimizi \u00f6\u011frenece\u011fiz...\",\"breadcrumb\":{\"@id\":\"https:\/\/exceladvisor.org\/tr\/sayfa-yonunu-degistir\/#breadcrumb\"},\"inLanguage\":\"tr\",\"potentialAction\":[{\"@type\":\"ReadAction\",\"target\":[\"https:\/\/exceladvisor.org\/tr\/sayfa-yonunu-degistir\/\"]}]},{\"@type\":\"ImageObject\",\"inLanguage\":\"tr\",\"@id\":\"https:\/\/exceladvisor.org\/tr\/sayfa-yonunu-degistir\/#primaryimage\",\"url\":\"https:\/\/exceladvisor.org\/wp-content\/uploads\/2023\/08\/1-changer-lorientation-des-pages.png\",\"contentUrl\":\"https:\/\/exceladvisor.org\/wp-content\/uploads\/2023\/08\/1-changer-lorientation-des-pages.png\"},{\"@type\":\"BreadcrumbList\",\"@id\":\"https:\/\/exceladvisor.org\/tr\/sayfa-yonunu-degistir\/#breadcrumb\",\"itemListElement\":[{\"@type\":\"ListItem\",\"position\":1,\"name\":\"Ev\",\"item\":\"https:\/\/exceladvisor.org\/tr\/\"},{\"@type\":\"ListItem\",\"position\":2,\"name\":\"Excel&#39;de sayfa y\u00f6n\u00fc nas\u0131l de\u011fi\u015ftirilir?\"}]},{\"@type\":\"WebSite\",\"@id\":\"https:\/\/exceladvisor.org\/tr\/#website\",\"url\":\"https:\/\/exceladvisor.org\/tr\/\",\"name\":\"Excel Advisor\",\"description\":\"Veri hakimiyetine y\u00f6nelik nihai rehberiniz!\",\"publisher\":{\"@id\":\"https:\/\/exceladvisor.org\/tr\/#organization\"},\"potentialAction\":[{\"@type\":\"SearchAction\",\"target\":{\"@type\":\"EntryPoint\",\"urlTemplate\":\"https:\/\/exceladvisor.org\/tr\/?s={search_term_string}\"},\"query-input\":{\"@type\":\"PropertyValueSpecification\",\"valueRequired\":true,\"valueName\":\"search_term_string\"}}],\"inLanguage\":\"tr\"},{\"@type\":\"Organization\",\"@id\":\"https:\/\/exceladvisor.org\/tr\/#organization\",\"name\":\"Excel Advisor\",\"url\":\"https:\/\/exceladvisor.org\/tr\/\",\"logo\":{\"@type\":\"ImageObject\",\"inLanguage\":\"tr\",\"@id\":\"https:\/\/exceladvisor.org\/tr\/#\/schema\/logo\/image\/\",\"url\":\"https:\/\/exceladvisor.org\/tr\/wp-content\/uploads\/2023\/12\/exceladvisor.org_.png\",\"contentUrl\":\"https:\/\/exceladvisor.org\/tr\/wp-content\/uploads\/2023\/12\/exceladvisor.org_.png\",\"width\":105,\"height\":36,\"caption\":\"Excel Advisor\"},\"image\":{\"@id\":\"https:\/\/exceladvisor.org\/tr\/#\/schema\/logo\/image\/\"}}]}<\/script>\n<!-- \/ Yoast SEO plugin. -->","yoast_head_json":{"title":"Excel&#39;de sayfa y\u00f6n\u00fc nas\u0131l de\u011fi\u015ftirilir? K\u0131lavuz 2023","description":"Bu e\u011fitimde, takip edilmesi kolay iki y\u00f6ntemi kullanarak Excel&#39;de sayfa y\u00f6nlendirmelerini nas\u0131l de\u011fi\u015ftirece\u011fimizi \u00f6\u011frenece\u011fiz...","robots":{"index":"index","follow":"follow","max-snippet":"max-snippet:-1","max-image-preview":"max-image-preview:large","max-video-preview":"max-video-preview:-1"},"canonical":"https:\/\/exceladvisor.org\/tr\/sayfa-yonunu-degistir\/","og_locale":"tr_TR","og_type":"article","og_title":"Excel&#39;de sayfa y\u00f6n\u00fc nas\u0131l de\u011fi\u015ftirilir? K\u0131lavuz 2023","og_description":"Bu e\u011fitimde, takip edilmesi kolay iki y\u00f6ntemi kullanarak Excel&#39;de sayfa y\u00f6nlendirmelerini nas\u0131l de\u011fi\u015ftirece\u011fimizi \u00f6\u011frenece\u011fiz...","og_url":"https:\/\/exceladvisor.org\/tr\/sayfa-yonunu-degistir\/","og_site_name":"Excel Advisor","article_modified_time":"2023-12-10T06:02:25+00:00","og_image":[{"url":"https:\/\/exceladvisor.org\/wp-content\/uploads\/2023\/08\/1-changer-lorientation-des-pages.png","type":"","width":"","height":""}],"twitter_card":"summary_large_image","twitter_misc":{"Tahmini okuma s\u00fcresi":"2 dakika"},"schema":{"@context":"https:\/\/schema.org","@graph":[{"@type":"WebPage","@id":"https:\/\/exceladvisor.org\/tr\/sayfa-yonunu-degistir\/","url":"https:\/\/exceladvisor.org\/tr\/sayfa-yonunu-degistir\/","name":"Excel&#39;de sayfa y\u00f6n\u00fc nas\u0131l de\u011fi\u015ftirilir? K\u0131lavuz 2023","isPartOf":{"@id":"https:\/\/exceladvisor.org\/tr\/#website"},"primaryImageOfPage":{"@id":"https:\/\/exceladvisor.org\/tr\/sayfa-yonunu-degistir\/#primaryimage"},"image":{"@id":"https:\/\/exceladvisor.org\/tr\/sayfa-yonunu-degistir\/#primaryimage"},"thumbnailUrl":"https:\/\/exceladvisor.org\/wp-content\/uploads\/2023\/08\/1-changer-lorientation-des-pages.png","datePublished":"2023-10-29T05:12:25+00:00","dateModified":"2023-12-10T06:02:25+00:00","description":"Bu e\u011fitimde, takip edilmesi kolay iki y\u00f6ntemi kullanarak Excel&#39;de sayfa y\u00f6nlendirmelerini nas\u0131l de\u011fi\u015ftirece\u011fimizi \u00f6\u011frenece\u011fiz...","breadcrumb":{"@id":"https:\/\/exceladvisor.org\/tr\/sayfa-yonunu-degistir\/#breadcrumb"},"inLanguage":"tr","potentialAction":[{"@type":"ReadAction","target":["https:\/\/exceladvisor.org\/tr\/sayfa-yonunu-degistir\/"]}]},{"@type":"ImageObject","inLanguage":"tr","@id":"https:\/\/exceladvisor.org\/tr\/sayfa-yonunu-degistir\/#primaryimage","url":"https:\/\/exceladvisor.org\/wp-content\/uploads\/2023\/08\/1-changer-lorientation-des-pages.png","contentUrl":"https:\/\/exceladvisor.org\/wp-content\/uploads\/2023\/08\/1-changer-lorientation-des-pages.png"},{"@type":"BreadcrumbList","@id":"https:\/\/exceladvisor.org\/tr\/sayfa-yonunu-degistir\/#breadcrumb","itemListElement":[{"@type":"ListItem","position":1,"name":"Ev","item":"https:\/\/exceladvisor.org\/tr\/"},{"@type":"ListItem","position":2,"name":"Excel&#39;de sayfa y\u00f6n\u00fc nas\u0131l de\u011fi\u015ftirilir?"}]},{"@type":"WebSite","@id":"https:\/\/exceladvisor.org\/tr\/#website","url":"https:\/\/exceladvisor.org\/tr\/","name":"Excel Advisor","description":"Veri hakimiyetine y\u00f6nelik nihai rehberiniz!","publisher":{"@id":"https:\/\/exceladvisor.org\/tr\/#organization"},"potentialAction":[{"@type":"SearchAction","target":{"@type":"EntryPoint","urlTemplate":"https:\/\/exceladvisor.org\/tr\/?s={search_term_string}"},"query-input":{"@type":"PropertyValueSpecification","valueRequired":true,"valueName":"search_term_string"}}],"inLanguage":"tr"},{"@type":"Organization","@id":"https:\/\/exceladvisor.org\/tr\/#organization","name":"Excel Advisor","url":"https:\/\/exceladvisor.org\/tr\/","logo":{"@type":"ImageObject","inLanguage":"tr","@id":"https:\/\/exceladvisor.org\/tr\/#\/schema\/logo\/image\/","url":"https:\/\/exceladvisor.org\/tr\/wp-content\/uploads\/2023\/12\/exceladvisor.org_.png","contentUrl":"https:\/\/exceladvisor.org\/tr\/wp-content\/uploads\/2023\/12\/exceladvisor.org_.png","width":105,"height":36,"caption":"Excel Advisor"},"image":{"@id":"https:\/\/exceladvisor.org\/tr\/#\/schema\/logo\/image\/"}}]}},"yoast_meta":{"yoast_wpseo_title":"","yoast_wpseo_metadesc":"","yoast_wpseo_canonical":""},"_links":{"self":[{"href":"https:\/\/exceladvisor.org\/tr\/wp-json\/wp\/v2\/pages\/1908","targetHints":{"allow":["GET"]}}],"collection":[{"href":"https:\/\/exceladvisor.org\/tr\/wp-json\/wp\/v2\/pages"}],"about":[{"href":"https:\/\/exceladvisor.org\/tr\/wp-json\/wp\/v2\/types\/page"}],"author":[{"embeddable":true,"href":"https:\/\/exceladvisor.org\/tr\/wp-json\/wp\/v2\/users\/1"}],"replies":[{"embeddable":true,"href":"https:\/\/exceladvisor.org\/tr\/wp-json\/wp\/v2\/comments?post=1908"}],"version-history":[{"count":1,"href":"https:\/\/exceladvisor.org\/tr\/wp-json\/wp\/v2\/pages\/1908\/revisions"}],"predecessor-version":[{"id":2596,"href":"https:\/\/exceladvisor.org\/tr\/wp-json\/wp\/v2\/pages\/1908\/revisions\/2596"}],"wp:attachment":[{"href":"https:\/\/exceladvisor.org\/tr\/wp-json\/wp\/v2\/media?parent=1908"}],"curies":[{"name":"wp","href":"https:\/\/api.w.org\/{rel}","templated":true}]}}