{"id":1909,"date":"2023-10-29T04:55:26","date_gmt":"2023-10-29T04:55:26","guid":{"rendered":"https:\/\/exceladvisor.org\/tr\/sutun-numaralari\/"},"modified":"2023-12-10T06:04:31","modified_gmt":"2023-12-10T06:04:31","slug":"sutun-numaralari","status":"publish","type":"page","link":"https:\/\/exceladvisor.org\/tr\/sutun-numaralari\/","title":{"rendered":"S\u00fctun alfabelerini say\u0131lara nas\u0131l de\u011fi\u015ftirebilirim?"},"content":{"rendered":"<div class=\"excel-icerikten-once\" id=\"excel-3301984797\"><script type=\"text\/javascript\">\r\n\tatOptions = {\r\n\t\t'key' : 'c1158f160081d6540a8409e6925dab94',\r\n\t\t'format' : 'iframe',\r\n\t\t'height' : 250,\r\n\t\t'width' : 300,\r\n\t\t'params' : {}\r\n\t};\r\n<\/script>\r\n<script type=\"text\/javascript\" src=\"\/\/www.highperformanceformat.com\/c1158f160081d6540a8409e6925dab94\/invoke.js\"><\/script><\/div> <p>Excel&#8217;de s\u00fctunlar\u0131n kimlikleri alfabedir, ancak bunlar\u0131 bir say\u0131yla de\u011fi\u015ftirebilirsiniz. Bu, A s\u00fctunu i\u00e7in 1. s\u00fctunu kullanabilece\u011finiz anlam\u0131na gelir. Bu e\u011fitimde kullanabilece\u011finiz iki farkl\u0131 yolu \u00f6\u011frenece\u011fiz.<\/p><ul><li> S\u00fctun numaras\u0131na sahip bir ba\u015fl\u0131k sat\u0131r\u0131 olu\u015fturma<\/li><li> S\u00fctun numaralar\u0131n\u0131 istemek i\u00e7in h\u00fccre referans\u0131n\u0131 R1C1 olarak de\u011fi\u015ftirin <\/li><\/ul><div class=\"wp-block-image\"><figure class=\"aligncenter size-full is-resized\"><img loading=\"lazy\" decoding=\"async\" class=\"wp-image-74845\" src=\"https:\/\/exceladvisor.org\/wp-content\/uploads\/2023\/08\/1-utiliser-les-numeros-de-colonne.png\" sizes=\"auto, \" srcset=\"\" alt=\"s\u00fctun numaralar\u0131n\u0131 kullan\" width=\"531\" height=\"306\"><\/figure><\/div><h2 class=\"wp-block-heading\"> S\u00fctun Alfabelerini Say\u0131ya De\u011fi\u015ftirin (R1C1)<\/h2><ol><li> \u00d6ncelikle Dosya sekmesine t\u0131klay\u0131n. <br><img loading=\"lazy\" decoding=\"async\" title=\"sekme 2 dosyalar\u0131\" src=\"https:\/\/exceladvisor.org\/wp-content\/uploads\/2023\/08\/2-onglet-fichier.png\" sizes=\"auto, \" srcset=\"\" alt=\"file-tab\" width=\"486\" height=\"235\"><\/li><li> Bundan sonra \u201cSe\u00e7enekler\u201d e gidin. <br><img loading=\"lazy\" decoding=\"async\" title=\"3 se\u00e7enek\" src=\"https:\/\/exceladvisor.org\/wp-content\/uploads\/2023\/08\/3-allez-dans-les-options.png\" sizes=\"auto, \" srcset=\"\" alt=\"go-to-options\" width=\"266\" height=\"236\"><\/li><li> Daha sonra \u201cForm\u00fcller\u201de t\u0131klay\u0131n ve oradan \u201cR1C1 Referans Stili\u201dni kontrol edin. <br><img loading=\"lazy\" decoding=\"async\" title=\"4-tick-r1c1-referans stili\" src=\"https:\/\/exceladvisor.org\/wp-content\/uploads\/2023\/08\/4-cochez-le-style-de-reference-r1c1.png\" sizes=\"auto, \" srcset=\"\" alt=\"tick-r1c1-reference-style\" width=\"500\" height=\"315\"><\/li><li> Sonunda ayarlar\u0131 uygulamak i\u00e7in Tamam&#8217;\u0131 t\u0131klay\u0131n. <br><img loading=\"lazy\" decoding=\"async\" title=\"5 uygulama ayar\u0131\" src=\"https:\/\/exceladvisor.org\/wp-content\/uploads\/2023\/08\/5-appliquer-les-parametres.png\" sizes=\"auto, \" srcset=\"\" alt=\"apply-settings\" width=\"378\" height=\"213\"><\/li><\/ol><p> Bunu yapt\u0131\u011f\u0131n\u0131zda t\u00fcm Excel uygulamas\u0131n\u0131n referans stili de\u011fi\u015fir. Bu, art\u0131k bir s\u00fctuna alfabeyi de\u011fil say\u0131y\u0131 kullanarak ba\u015fvurman\u0131z gerekti\u011fi anlam\u0131na gelir. <\/p><div class=\"wp-block-image\"><figure class=\"aligncenter size-full is-resized\"><img loading=\"lazy\" decoding=\"async\" class=\"wp-image-74850\" src=\"https:\/\/exceladvisor.org\/wp-content\/uploads\/2023\/08\/6-styles-de-reference-pour-toute-lapplication-Excel.png\" sizes=\"auto, \" srcset=\"\" alt=\"excel uygulamas\u0131n\u0131n tamam\u0131 i\u00e7in referans stili\" width=\"456\" height=\"134\"><\/figure><\/div><p> Yukar\u0131daki \u00f6rnekte A1 h\u00fccresinden bahsetti\u011fimi g\u00f6r\u00fcyorsunuz, A1 yerine R[-1]C[-2] g\u00f6steriyor. Bu, sat\u0131r ve arkadaki iki s\u00fctuna at\u0131fta bulundu\u011funuz anlam\u0131na gelir.<\/p><p> <em><a href=\"https:\/\/exceladvisor.org\/tr\/r1c1\/\">R1C1 referans stiline<\/a> ili\u015fkin bu kapsaml\u0131 k\u0131lavuzla bu konu hakk\u0131nda daha fazla bilgi edinebilirsiniz.<\/em><\/p><h2 class=\"wp-block-heading\"> S\u00fctun numaralar\u0131n\u0131 i\u00e7eren bir ba\u015fl\u0131k olu\u015fturun<\/h2><p> Bu y\u00f6ntem farkl\u0131 durumlarda kullan\u0131labilir ancak ilki kadar etkilidir.<\/p><ol><li> \u00d6ncelikle A1 <a href=\"https:\/\/exceladvisor.org\/tr\/hucreyi-duzenle\/\">h\u00fccresini d\u00fczenleyin<\/a> ve i\u00e7ine \u201c=COLUMN()\u201d girin. <br><img loading=\"lazy\" decoding=\"async\" title=\"S\u00fctun numaral\u0131 7 ba\u015fl\u0131k\" src=\"https:\/\/exceladvisor.org\/wp-content\/uploads\/2023\/08\/7-en-tete-avec-numeros-de-colonne.png\" sizes=\"auto, \" srcset=\"\" alt=\"header-with-column-numbers\" width=\"544\" height=\"114\"><\/li><li> Bundan sonra ge\u00e7erli s\u00fctun numaras\u0131n\u0131 almak i\u00e7in Enter tu\u015funa bas\u0131n. <br><img loading=\"lazy\" decoding=\"async\" title=\"8-ge\u00e7erli-s\u00fctun-say\u0131s\u0131n\u0131 al\" src=\"https:\/\/exceladvisor.org\/wp-content\/uploads\/2023\/08\/8-obtenir-le-numero-de-la-colonne-en-cours.png\" sizes=\"auto, \" srcset=\"\" alt=\"get-the-number-of-current-column\" width=\"544\" height=\"114\"><\/li><li> \u015eimdi doldurma tutamac\u0131n\u0131 kullan\u0131n ve <a href=\"https:\/\/exceladvisor.org\/tr\/kayip-dusmek\/\">form\u00fcl\u00fc, s\u00fctun numaralar\u0131n\u0131n olmas\u0131n\u0131 istedi\u011finiz s\u00fctuna kadar geni\u015fletin<\/a> . <br><img loading=\"lazy\" decoding=\"async\" title=\"Geni\u015fletme i\u00e7in 9 Sapl\u0131 Form\u00fcl Dolgusu\" src=\"https:\/\/exceladvisor.org\/wp-content\/uploads\/2023\/08\/9-poignee-de-remplissage-pour-etendre-la-formule.png\" sizes=\"auto, \" srcset=\"\" alt=\"fill-handle-to-extend-formula\" width=\"545\" height=\"144\"><\/li><li> Sonunda, klavye k\u0131sayolunu kullanarak t\u00fcm bu form\u00fclleri de\u011ferlere d\u00f6n\u00fc\u015ft\u00fcrebilirsiniz ( <a href=\"https:\/\/exceladvisor.org\/tr\/kopyala-yapistir\/\">kopyalamak i\u00e7in Ctrl + C<\/a> , ard\u0131ndan <a href=\"https:\/\/exceladvisor.org\/tr\/degerleri-yapistir\/\">de\u011ferleri yap\u0131\u015ft\u0131rmak<\/a> i\u00e7in Alt \u2192 H \u2192 V \u2192 V tu\u015flar\u0131na bas\u0131n).<\/li><\/ol><p> Bu y\u00f6ntem, h\u00fccre ba\u015fvurusunu de\u011fil yaln\u0131zca s\u00fctun numaras\u0131n\u0131 de\u011fi\u015ftirmek istedi\u011finizde en iyi sonucu verir.<\/p><div class=\"gb-container gb-container-4db6181c gb-container-mt\"> <a class=\"gb-button gb-button-c5897111 gb-button-text gb-button-mt-button\" href=\"https:\/\/exceladvisor.org\/tr\/excel-ilerlemesi\/\">\u0130leri Excel Dersleri<\/a><h2 class=\"gb-headline gb-headline-665e5f6b gb-headline-text gb-headline-mt-heading\"> \u0130lgili e\u011fitimler <\/h2><div class=\"gb-grid-wrapper gb-grid-wrapper-a20baf7c gb-grid-wrapper-mt-grid\"><div class=\"gb-grid-column gb-grid-column-65ddf67e\"><div class=\"gb-container gb-container-65ddf67e\"><ul><li> <a href=\"https:\/\/exceladvisor.org\/tr\/hizli-analiz-araci\/\">Excel&#8217;de H\u0131zl\u0131 Analiz Arac\u0131<\/a><\/li><li> <a href=\"https:\/\/exceladvisor.org\/tr\/birden-fazla-filtre-uygula\/\">S\u00fctunlara birden \u00e7ok filtre uygulama<\/a><\/li><li> <a href=\"https:\/\/exceladvisor.org\/tr\/ust-alt-degerleri-vurgula\/\">Excel&#8217;de \u00fcst ve alt N de\u011ferlerini vurgulay\u0131n<\/a><\/li><li> <a href=\"https:\/\/exceladvisor.org\/tr\/onay-kutusu\/\">Excel&#8217;e onay kutusu ekleme<\/a><\/li><li> <a href=\"https:\/\/exceladvisor.org\/tr\/veri-kaybetmeden-hucreleri-birlestirme\/\">Excel&#8217;de veri kaybetmeden h\u00fccreleri birle\u015ftirme<\/a><\/li><\/ul><\/div><\/div><\/div><\/div>","protected":false},"excerpt":{"rendered":"","protected":false},"author":1,"featured_media":0,"parent":0,"menu_order":0,"comment_status":"open","ping_status":"closed","template":"","meta":{"ub_ctt_via":"","footnotes":""},"class_list":["post-1909","page","type-page","status-publish","hentry"],"featured_image_src":null,"yoast_head":"<!-- This site is optimized with the Yoast SEO plugin v25.4 - https:\/\/yoast.com\/wordpress\/plugins\/seo\/ -->\n<title>\u25b7 S\u00fctun alfabeleri say\u0131lara nas\u0131l de\u011fi\u015ftirilir?<\/title>\n<meta name=\"description\" content=\"Bu derste, s\u00fctun alfabelerini ba\u015fl\u0131k olarak say\u0131ya d\u00f6n\u00fc\u015ft\u00fcrmenin iki farkl\u0131 yolunu \u00f6\u011frenece\u011fiz.\" \/>\n<meta name=\"robots\" content=\"index, follow, max-snippet:-1, max-image-preview:large, max-video-preview:-1\" \/>\n<link rel=\"canonical\" href=\"https:\/\/exceladvisor.org\/tr\/sutun-numaralari\/\" \/>\n<meta property=\"og:locale\" content=\"tr_TR\" \/>\n<meta property=\"og:type\" content=\"article\" \/>\n<meta property=\"og:title\" content=\"\u25b7 S\u00fctun alfabeleri say\u0131lara nas\u0131l de\u011fi\u015ftirilir?\" \/>\n<meta property=\"og:description\" content=\"Bu derste, s\u00fctun alfabelerini ba\u015fl\u0131k olarak say\u0131ya d\u00f6n\u00fc\u015ft\u00fcrmenin iki farkl\u0131 yolunu \u00f6\u011frenece\u011fiz.\" \/>\n<meta property=\"og:url\" content=\"https:\/\/exceladvisor.org\/tr\/sutun-numaralari\/\" \/>\n<meta property=\"og:site_name\" content=\"Excel Advisor\" \/>\n<meta property=\"article:modified_time\" content=\"2023-12-10T06:04:31+00:00\" \/>\n<meta property=\"og:image\" content=\"https:\/\/exceladvisor.org\/wp-content\/uploads\/2023\/08\/1-utiliser-les-numeros-de-colonne.png\" \/>\n<meta name=\"twitter:card\" content=\"summary_large_image\" \/>\n<meta name=\"twitter:label1\" content=\"Tahmini okuma s\u00fcresi\" \/>\n\t<meta name=\"twitter:data1\" content=\"2 dakika\" \/>\n<script type=\"application\/ld+json\" class=\"yoast-schema-graph\">{\"@context\":\"https:\/\/schema.org\",\"@graph\":[{\"@type\":\"WebPage\",\"@id\":\"https:\/\/exceladvisor.org\/tr\/sutun-numaralari\/\",\"url\":\"https:\/\/exceladvisor.org\/tr\/sutun-numaralari\/\",\"name\":\"\u25b7 S\u00fctun alfabeleri say\u0131lara nas\u0131l de\u011fi\u015ftirilir?\",\"isPartOf\":{\"@id\":\"https:\/\/exceladvisor.org\/tr\/#website\"},\"primaryImageOfPage\":{\"@id\":\"https:\/\/exceladvisor.org\/tr\/sutun-numaralari\/#primaryimage\"},\"image\":{\"@id\":\"https:\/\/exceladvisor.org\/tr\/sutun-numaralari\/#primaryimage\"},\"thumbnailUrl\":\"https:\/\/exceladvisor.org\/wp-content\/uploads\/2023\/08\/1-utiliser-les-numeros-de-colonne.png\",\"datePublished\":\"2023-10-29T04:55:26+00:00\",\"dateModified\":\"2023-12-10T06:04:31+00:00\",\"description\":\"Bu derste, s\u00fctun alfabelerini ba\u015fl\u0131k olarak say\u0131ya d\u00f6n\u00fc\u015ft\u00fcrmenin iki farkl\u0131 yolunu \u00f6\u011frenece\u011fiz.\",\"breadcrumb\":{\"@id\":\"https:\/\/exceladvisor.org\/tr\/sutun-numaralari\/#breadcrumb\"},\"inLanguage\":\"tr\",\"potentialAction\":[{\"@type\":\"ReadAction\",\"target\":[\"https:\/\/exceladvisor.org\/tr\/sutun-numaralari\/\"]}]},{\"@type\":\"ImageObject\",\"inLanguage\":\"tr\",\"@id\":\"https:\/\/exceladvisor.org\/tr\/sutun-numaralari\/#primaryimage\",\"url\":\"https:\/\/exceladvisor.org\/wp-content\/uploads\/2023\/08\/1-utiliser-les-numeros-de-colonne.png\",\"contentUrl\":\"https:\/\/exceladvisor.org\/wp-content\/uploads\/2023\/08\/1-utiliser-les-numeros-de-colonne.png\"},{\"@type\":\"BreadcrumbList\",\"@id\":\"https:\/\/exceladvisor.org\/tr\/sutun-numaralari\/#breadcrumb\",\"itemListElement\":[{\"@type\":\"ListItem\",\"position\":1,\"name\":\"Ev\",\"item\":\"https:\/\/exceladvisor.org\/tr\/\"},{\"@type\":\"ListItem\",\"position\":2,\"name\":\"S\u00fctun alfabelerini say\u0131lara nas\u0131l de\u011fi\u015ftirebilirim?\"}]},{\"@type\":\"WebSite\",\"@id\":\"https:\/\/exceladvisor.org\/tr\/#website\",\"url\":\"https:\/\/exceladvisor.org\/tr\/\",\"name\":\"Excel Advisor\",\"description\":\"Veri hakimiyetine y\u00f6nelik nihai rehberiniz!\",\"publisher\":{\"@id\":\"https:\/\/exceladvisor.org\/tr\/#organization\"},\"potentialAction\":[{\"@type\":\"SearchAction\",\"target\":{\"@type\":\"EntryPoint\",\"urlTemplate\":\"https:\/\/exceladvisor.org\/tr\/?s={search_term_string}\"},\"query-input\":{\"@type\":\"PropertyValueSpecification\",\"valueRequired\":true,\"valueName\":\"search_term_string\"}}],\"inLanguage\":\"tr\"},{\"@type\":\"Organization\",\"@id\":\"https:\/\/exceladvisor.org\/tr\/#organization\",\"name\":\"Excel Advisor\",\"url\":\"https:\/\/exceladvisor.org\/tr\/\",\"logo\":{\"@type\":\"ImageObject\",\"inLanguage\":\"tr\",\"@id\":\"https:\/\/exceladvisor.org\/tr\/#\/schema\/logo\/image\/\",\"url\":\"https:\/\/exceladvisor.org\/tr\/wp-content\/uploads\/2023\/12\/exceladvisor.org_.png\",\"contentUrl\":\"https:\/\/exceladvisor.org\/tr\/wp-content\/uploads\/2023\/12\/exceladvisor.org_.png\",\"width\":105,\"height\":36,\"caption\":\"Excel Advisor\"},\"image\":{\"@id\":\"https:\/\/exceladvisor.org\/tr\/#\/schema\/logo\/image\/\"}}]}<\/script>\n<!-- \/ Yoast SEO plugin. -->","yoast_head_json":{"title":"\u25b7 S\u00fctun alfabeleri say\u0131lara nas\u0131l de\u011fi\u015ftirilir?","description":"Bu derste, s\u00fctun alfabelerini ba\u015fl\u0131k olarak say\u0131ya d\u00f6n\u00fc\u015ft\u00fcrmenin iki farkl\u0131 yolunu \u00f6\u011frenece\u011fiz.","robots":{"index":"index","follow":"follow","max-snippet":"max-snippet:-1","max-image-preview":"max-image-preview:large","max-video-preview":"max-video-preview:-1"},"canonical":"https:\/\/exceladvisor.org\/tr\/sutun-numaralari\/","og_locale":"tr_TR","og_type":"article","og_title":"\u25b7 S\u00fctun alfabeleri say\u0131lara nas\u0131l de\u011fi\u015ftirilir?","og_description":"Bu derste, s\u00fctun alfabelerini ba\u015fl\u0131k olarak say\u0131ya d\u00f6n\u00fc\u015ft\u00fcrmenin iki farkl\u0131 yolunu \u00f6\u011frenece\u011fiz.","og_url":"https:\/\/exceladvisor.org\/tr\/sutun-numaralari\/","og_site_name":"Excel Advisor","article_modified_time":"2023-12-10T06:04:31+00:00","og_image":[{"url":"https:\/\/exceladvisor.org\/wp-content\/uploads\/2023\/08\/1-utiliser-les-numeros-de-colonne.png","type":"","width":"","height":""}],"twitter_card":"summary_large_image","twitter_misc":{"Tahmini okuma s\u00fcresi":"2 dakika"},"schema":{"@context":"https:\/\/schema.org","@graph":[{"@type":"WebPage","@id":"https:\/\/exceladvisor.org\/tr\/sutun-numaralari\/","url":"https:\/\/exceladvisor.org\/tr\/sutun-numaralari\/","name":"\u25b7 S\u00fctun alfabeleri say\u0131lara nas\u0131l de\u011fi\u015ftirilir?","isPartOf":{"@id":"https:\/\/exceladvisor.org\/tr\/#website"},"primaryImageOfPage":{"@id":"https:\/\/exceladvisor.org\/tr\/sutun-numaralari\/#primaryimage"},"image":{"@id":"https:\/\/exceladvisor.org\/tr\/sutun-numaralari\/#primaryimage"},"thumbnailUrl":"https:\/\/exceladvisor.org\/wp-content\/uploads\/2023\/08\/1-utiliser-les-numeros-de-colonne.png","datePublished":"2023-10-29T04:55:26+00:00","dateModified":"2023-12-10T06:04:31+00:00","description":"Bu derste, s\u00fctun alfabelerini ba\u015fl\u0131k olarak say\u0131ya d\u00f6n\u00fc\u015ft\u00fcrmenin iki farkl\u0131 yolunu \u00f6\u011frenece\u011fiz.","breadcrumb":{"@id":"https:\/\/exceladvisor.org\/tr\/sutun-numaralari\/#breadcrumb"},"inLanguage":"tr","potentialAction":[{"@type":"ReadAction","target":["https:\/\/exceladvisor.org\/tr\/sutun-numaralari\/"]}]},{"@type":"ImageObject","inLanguage":"tr","@id":"https:\/\/exceladvisor.org\/tr\/sutun-numaralari\/#primaryimage","url":"https:\/\/exceladvisor.org\/wp-content\/uploads\/2023\/08\/1-utiliser-les-numeros-de-colonne.png","contentUrl":"https:\/\/exceladvisor.org\/wp-content\/uploads\/2023\/08\/1-utiliser-les-numeros-de-colonne.png"},{"@type":"BreadcrumbList","@id":"https:\/\/exceladvisor.org\/tr\/sutun-numaralari\/#breadcrumb","itemListElement":[{"@type":"ListItem","position":1,"name":"Ev","item":"https:\/\/exceladvisor.org\/tr\/"},{"@type":"ListItem","position":2,"name":"S\u00fctun alfabelerini say\u0131lara nas\u0131l de\u011fi\u015ftirebilirim?"}]},{"@type":"WebSite","@id":"https:\/\/exceladvisor.org\/tr\/#website","url":"https:\/\/exceladvisor.org\/tr\/","name":"Excel Advisor","description":"Veri hakimiyetine y\u00f6nelik nihai rehberiniz!","publisher":{"@id":"https:\/\/exceladvisor.org\/tr\/#organization"},"potentialAction":[{"@type":"SearchAction","target":{"@type":"EntryPoint","urlTemplate":"https:\/\/exceladvisor.org\/tr\/?s={search_term_string}"},"query-input":{"@type":"PropertyValueSpecification","valueRequired":true,"valueName":"search_term_string"}}],"inLanguage":"tr"},{"@type":"Organization","@id":"https:\/\/exceladvisor.org\/tr\/#organization","name":"Excel Advisor","url":"https:\/\/exceladvisor.org\/tr\/","logo":{"@type":"ImageObject","inLanguage":"tr","@id":"https:\/\/exceladvisor.org\/tr\/#\/schema\/logo\/image\/","url":"https:\/\/exceladvisor.org\/tr\/wp-content\/uploads\/2023\/12\/exceladvisor.org_.png","contentUrl":"https:\/\/exceladvisor.org\/tr\/wp-content\/uploads\/2023\/12\/exceladvisor.org_.png","width":105,"height":36,"caption":"Excel Advisor"},"image":{"@id":"https:\/\/exceladvisor.org\/tr\/#\/schema\/logo\/image\/"}}]}},"yoast_meta":{"yoast_wpseo_title":"","yoast_wpseo_metadesc":"","yoast_wpseo_canonical":""},"_links":{"self":[{"href":"https:\/\/exceladvisor.org\/tr\/wp-json\/wp\/v2\/pages\/1909","targetHints":{"allow":["GET"]}}],"collection":[{"href":"https:\/\/exceladvisor.org\/tr\/wp-json\/wp\/v2\/pages"}],"about":[{"href":"https:\/\/exceladvisor.org\/tr\/wp-json\/wp\/v2\/types\/page"}],"author":[{"embeddable":true,"href":"https:\/\/exceladvisor.org\/tr\/wp-json\/wp\/v2\/users\/1"}],"replies":[{"embeddable":true,"href":"https:\/\/exceladvisor.org\/tr\/wp-json\/wp\/v2\/comments?post=1909"}],"version-history":[{"count":1,"href":"https:\/\/exceladvisor.org\/tr\/wp-json\/wp\/v2\/pages\/1909\/revisions"}],"predecessor-version":[{"id":2736,"href":"https:\/\/exceladvisor.org\/tr\/wp-json\/wp\/v2\/pages\/1909\/revisions\/2736"}],"wp:attachment":[{"href":"https:\/\/exceladvisor.org\/tr\/wp-json\/wp\/v2\/media?parent=1909"}],"curies":[{"name":"wp","href":"https:\/\/api.w.org\/{rel}","templated":true}]}}