{"id":1910,"date":"2023-10-29T04:31:58","date_gmt":"2023-10-29T04:31:58","guid":{"rendered":"https:\/\/exceladvisor.org\/tr\/onbellegi-bosalt\/"},"modified":"2023-12-10T06:01:51","modified_gmt":"2023-12-10T06:01:51","slug":"onbellegi-bosalt","status":"publish","type":"page","link":"https:\/\/exceladvisor.org\/tr\/onbellegi-bosalt\/","title":{"rendered":"Excel&#39;de \u00f6nbellek nas\u0131l temizlenir?"},"content":{"rendered":"<div class=\"excel-icerikten-once\" id=\"excel-131888449\"><script type=\"text\/javascript\">\r\n\tatOptions = {\r\n\t\t'key' : 'c1158f160081d6540a8409e6925dab94',\r\n\t\t'format' : 'iframe',\r\n\t\t'height' : 250,\r\n\t\t'width' : 300,\r\n\t\t'params' : {}\r\n\t};\r\n<\/script>\r\n<script type=\"text\/javascript\" src=\"\/\/www.highperformanceformat.com\/c1158f160081d6540a8409e6925dab94\/invoke.js\"><\/script><\/div> <p>Microsoft Excel, di\u011fer uygulamalar gibi, olu\u015fturdu\u011funuz dosyalara ili\u015fkin ge\u00e7ici verileri depolamak i\u00e7in bir \u00f6nbellek kullan\u0131r. Bazen \u00f6nbelle\u011fe alma dosyan\u0131z\u0131 yava\u015flat\u0131r ve sisteminizde depolama alan\u0131 kaplar. Bu durumda Excel&#8217;in \u00f6nbelle\u011fini temizleyebilir veya dosyalar\u0131n \u00f6nbelle\u011fe kaydedilece\u011fi g\u00fcnleri de de\u011fi\u015ftirebilirsiniz. <\/p><div class=\"wp-block-image\"><figure class=\"aligncenter size-full is-resized\"><img loading=\"lazy\" decoding=\"async\" class=\"wp-image-72372\" src=\"https:\/\/exceladvisor.org\/wp-content\/uploads\/2023\/08\/1-parametres-de-cache.png\" sizes=\"auto, \" srcset=\"\" alt=\"\u00f6nbellek ayarlar\u0131\" width=\"780\" height=\"165\"><\/figure><\/div><p> \u00d6nbelle\u011fi temizlemenin iki yolu vard\u0131r; birincisi Microsoft Y\u00fckleme Merkezi uygulamas\u0131n\u0131 olu\u015fturup kullanmak, ikincisi ise Excel se\u00e7ene\u011fini kullanmakt\u0131r.<\/p><h2 class=\"wp-block-heading\"> Excel&#8217;de \u00d6nbelle\u011fi Temizleme Ad\u0131mlar\u0131<\/h2><ol><li> \u00d6ncelikle Dosya sekmesine gidin ve Excel se\u00e7eneklerini a\u00e7\u0131n. <br><img loading=\"lazy\" decoding=\"async\" title=\"2-se\u00e7enek-excel\" src=\"https:\/\/exceladvisor.org\/wp-content\/uploads\/2023\/08\/2-options-Excel.png\" sizes=\"auto, \" srcset=\"\" alt=\"excel-options\" width=\"319\" height=\"199\"><\/li><li> Oradan kaydetme se\u00e7ene\u011fine gidin ve ileti\u015fim kutusunun sonuna do\u011fru ilerleyin. <br><img loading=\"lazy\" decoding=\"async\" title=\"3 yedekleme se\u00e7ene\u011fi\" src=\"https:\/\/exceladvisor.org\/wp-content\/uploads\/2023\/08\/3-options-de-sauvegarde.png\" sizes=\"auto, \" srcset=\"\" alt=\"save-option\" width=\"157\" height=\"371\"><\/li><li> \u015eimdi \u00f6nbellek ayarlar\u0131nda \u201c\u00d6nbelle\u011fe al\u0131nm\u0131\u015f dosyalar\u0131 sil\u201d se\u00e7ene\u011fine t\u0131klay\u0131n. <br><img loading=\"lazy\" decoding=\"async\" title=\"4-\u00f6nbelle\u011fe al\u0131nm\u0131\u015f dosyalar\u0131 silin\" src=\"https:\/\/exceladvisor.org\/wp-content\/uploads\/2023\/08\/4-supprimer-les-fichiers-en-cache.png\" sizes=\"auto, \" srcset=\"\" alt=\"delete-cached-files\" width=\"738\" height=\"166\"><\/li><li> Bundan sonra, \u00f6nbelle\u011fe al\u0131nm\u0131\u015f dosyalar\u0131 temizlemek isteyip istemedi\u011finizi onaylayan bir ileti\u015fim kutusu g\u00f6r\u00fcnt\u00fclenir. <br><img loading=\"lazy\" decoding=\"async\" title=\"5-\u00f6nbelle\u011fe al\u0131nm\u0131\u015f dosyalar\u0131 silmeyi onaylay\u0131n\" src=\"https:\/\/exceladvisor.org\/wp-content\/uploads\/2023\/08\/5-confirmez-la-suppression-des-fichiers-en-cache.png\" sizes=\"auto, \" srcset=\"\" alt=\"confirm-delete-cached-files\" width=\"720\" height=\"416\"><\/li><li> Sonunda, Excel&#8217;in \u00f6nbelle\u011fini temizlemek i\u00e7in \u201c\u00d6nbelle\u011fe Al\u0131nm\u0131\u015f Dosyalar\u0131 Sil\u201d i t\u0131klaman\u0131z yeterlidir.<\/li><\/ol><p> Bu noktada, \u00f6nbelle\u011fe al\u0131nm\u0131\u015f t\u00fcm Excel dosyalar\u0131 sisteminizden silinmi\u015ftir. Bunun d\u0131\u015f\u0131nda ayn\u0131 ayarlar grubunda bilmeniz gereken birka\u00e7 se\u00e7enek daha vard\u0131r. <\/p><div class=\"wp-block-image\"><figure class=\"aligncenter size-full is-resized\"><img loading=\"lazy\" decoding=\"async\" class=\"wp-image-72377\" src=\"https:\/\/exceladvisor.org\/wp-content\/uploads\/2023\/08\/6-options-de-fichier-cache.png\" sizes=\"auto, \" srcset=\"\" alt=\"\u00f6nbellek dosyas\u0131 se\u00e7enekleri\" width=\"639\" height=\"142\"><\/figure><\/div><ol type=\"1\"><li> <strong>Dosya saklama g\u00fcnleri<\/strong> : Office&#8217;in dosyalar\u0131n\u0131z\u0131 \u00f6nbellekte tutmas\u0131n\u0131 istedi\u011finiz g\u00fcnleri belirlemek i\u00e7in ayarlar\u0131 de\u011fi\u015ftirebilirsiniz. Varsay\u0131lan olarak 14&#8217;t\u00fcr, ancak istedi\u011finiz herhangi bir g\u00fcn\u00fc belirtebilirsiniz.<\/li><li> <strong>Kapat\u0131ld\u0131\u011f\u0131nda \u00f6nbellek dosyalar\u0131n\u0131 sil<\/strong> : Bu, kapatt\u0131\u011f\u0131n\u0131zda \u00f6nbellekteki dosyalar\u0131 siler.<\/li><\/ol><h2 class=\"wp-block-heading\"> \u00d6nbelle\u011fi Temizlemek i\u00e7in Office Y\u00fckleme Merkezini Kullanma<\/h2><p> Office yaz\u0131l\u0131m paketiyle birlikte gelen Office Y\u00fckleme Merkezi&#8217;ni de kullanabilirsiniz. Y\u00fckleme Merkezi&#8217;ni a\u00e7t\u0131ktan sonra <strong><mark class=\"has-inline-color\" style=\"background-color: #fdde6c;\">Ayarlar \u21e2 \u00d6nbelle\u011fe Al\u0131nm\u0131\u015f Dosyalar\u0131 Sil \u21e2 \u00d6nbelle\u011fe Al\u0131nm\u0131\u015f Bilgileri Sil \u00f6\u011fesine<\/mark><\/strong> t\u0131klay\u0131n. <\/p><div class=\"wp-block-image\"><figure class=\"aligncenter size-full is-resized\"><img loading=\"lazy\" decoding=\"async\" class=\"wp-image-77259\" src=\"https:\/\/exceladvisor.org\/wp-content\/uploads\/2023\/08\/centre-de-telechargement-de-bureau-effacer-le-cache-1.png\" sizes=\"auto, \" srcset=\"\" alt=\"ofis-y\u00fckleme-merkezi-\u00f6nbelle\u011fi temizle-1\" width=\"666\" height=\"489\"><\/figure><\/div><p> Office 365&#8217;te Office Y\u00fckleme Merkezi kald\u0131r\u0131lm\u0131\u015f ve yerine Dikkat Edilmesi Gereken Dosyalar eklenmi\u015ftir. Bu se\u00e7ene\u011fi \u015furada bulabilirsiniz:<mark class=\"has-inline-color\" style=\"background-color: #eedc82;\"> <strong>Dosya \u21e2 A\u00e7 \u21e2 Dikkat gerektiren dosyalar<\/strong><\/mark> . <\/p><div class=\"wp-block-image\"><figure class=\"aligncenter size-full is-resized\"><img loading=\"lazy\" decoding=\"async\" class=\"wp-image-77262\" src=\"https:\/\/exceladvisor.org\/wp-content\/uploads\/2023\/08\/les-fichiers-necessitent-une-attention-vider-le-cache-excel.png\" sizes=\"auto, \" srcset=\"\" alt=\"dosyalar-dikkat edilmesi gereken-excel-\u00f6nbelle\u011fini temizle\" width=\"527\" height=\"375\"><\/figure><\/div><div class=\"gb-container gb-container-4db6181c gb-container-mt\"> <a class=\"gb-button gb-button-c5897111 gb-button-text gb-button-mt-button\" href=\"https:\/\/exceladvisor.org\/tr\/excel-ilerlemesi\/\">\u0130leri D\u00fczey Excel Dersleri<\/a><h2 class=\"gb-headline gb-headline-665e5f6b gb-headline-text gb-headline-mt-heading\"> \u0130lgili e\u011fitimler <\/h2><div class=\"gb-grid-wrapper gb-grid-wrapper-a20baf7c gb-grid-wrapper-mt-grid\"><div class=\"gb-grid-column gb-grid-column-65ddf67e\"><div class=\"gb-container gb-container-65ddf67e\"><ul><li> <a href=\"https:\/\/exceladvisor.org\/tr\/excel-dilimleyici\/\">Excel Dilimleyici (Tam K\u0131lavuz)<\/a><\/li><li> <a href=\"https:\/\/exceladvisor.org\/tr\/macta-varsayilan-olarak-excel\/\">Mac&#8217;te Excel&#8217;i Varsay\u0131lan Yap\u0131n<\/a><\/li><li> <a href=\"https:\/\/exceladvisor.org\/tr\/excel-guvenli-mod\/\">Excel&#8217;i G\u00fcvenli Modda a\u00e7\u0131n<\/a><\/li><li> <a href=\"https:\/\/exceladvisor.org\/tr\/akilli-sanat\/\">Excel&#8217;de Ak\u0131ll\u0131 Sanat<\/a><\/li><li> <a href=\"https:\/\/exceladvisor.org\/tr\/senaryo-laboratuvari\/\">Excel&#8217;de Komut Dosyas\u0131 Laboratuvar\u0131<\/a><\/li><\/ul><\/div><\/div><\/div><\/div>","protected":false},"excerpt":{"rendered":"","protected":false},"author":1,"featured_media":0,"parent":0,"menu_order":0,"comment_status":"open","ping_status":"closed","template":"","meta":{"ub_ctt_via":"","footnotes":""},"class_list":["post-1910","page","type-page","status-publish","hentry"],"featured_image_src":null,"yoast_head":"<!-- This site is optimized with the Yoast SEO plugin v25.4 - https:\/\/yoast.com\/wordpress\/plugins\/seo\/ -->\n<title>Excel&#039;de \u00f6nbellek nas\u0131l temizlenir? (E\u011fitim 2023)<\/title>\n<meta name=\"description\" content=\"Bu derste Excel&#039;de \u00f6nbelle\u011fi temizlemek i\u00e7in basit ad\u0131mlara bakaca\u011f\u0131z. (2 farkl\u0131 y\u00f6ntem)\" \/>\n<meta name=\"robots\" content=\"index, follow, max-snippet:-1, max-image-preview:large, max-video-preview:-1\" \/>\n<link rel=\"canonical\" href=\"https:\/\/exceladvisor.org\/tr\/onbellegi-bosalt\/\" \/>\n<meta property=\"og:locale\" content=\"tr_TR\" \/>\n<meta property=\"og:type\" content=\"article\" \/>\n<meta property=\"og:title\" content=\"Excel&#039;de \u00f6nbellek nas\u0131l temizlenir? (E\u011fitim 2023)\" \/>\n<meta property=\"og:description\" content=\"Bu derste Excel&#039;de \u00f6nbelle\u011fi temizlemek i\u00e7in basit ad\u0131mlara bakaca\u011f\u0131z. (2 farkl\u0131 y\u00f6ntem)\" \/>\n<meta property=\"og:url\" content=\"https:\/\/exceladvisor.org\/tr\/onbellegi-bosalt\/\" \/>\n<meta property=\"og:site_name\" content=\"Excel Advisor\" \/>\n<meta property=\"article:modified_time\" content=\"2023-12-10T06:01:51+00:00\" \/>\n<meta property=\"og:image\" content=\"https:\/\/exceladvisor.org\/wp-content\/uploads\/2023\/08\/1-parametres-de-cache.png\" \/>\n<meta name=\"twitter:card\" content=\"summary_large_image\" \/>\n<meta name=\"twitter:label1\" content=\"Tahmini okuma s\u00fcresi\" \/>\n\t<meta name=\"twitter:data1\" content=\"2 dakika\" \/>\n<script type=\"application\/ld+json\" class=\"yoast-schema-graph\">{\"@context\":\"https:\/\/schema.org\",\"@graph\":[{\"@type\":\"WebPage\",\"@id\":\"https:\/\/exceladvisor.org\/tr\/onbellegi-bosalt\/\",\"url\":\"https:\/\/exceladvisor.org\/tr\/onbellegi-bosalt\/\",\"name\":\"Excel&#39;de \u00f6nbellek nas\u0131l temizlenir? (E\u011fitim 2023)\",\"isPartOf\":{\"@id\":\"https:\/\/exceladvisor.org\/tr\/#website\"},\"primaryImageOfPage\":{\"@id\":\"https:\/\/exceladvisor.org\/tr\/onbellegi-bosalt\/#primaryimage\"},\"image\":{\"@id\":\"https:\/\/exceladvisor.org\/tr\/onbellegi-bosalt\/#primaryimage\"},\"thumbnailUrl\":\"https:\/\/exceladvisor.org\/wp-content\/uploads\/2023\/08\/1-parametres-de-cache.png\",\"datePublished\":\"2023-10-29T04:31:58+00:00\",\"dateModified\":\"2023-12-10T06:01:51+00:00\",\"description\":\"Bu derste Excel&#39;de \u00f6nbelle\u011fi temizlemek i\u00e7in basit ad\u0131mlara bakaca\u011f\u0131z. (2 farkl\u0131 y\u00f6ntem)\",\"breadcrumb\":{\"@id\":\"https:\/\/exceladvisor.org\/tr\/onbellegi-bosalt\/#breadcrumb\"},\"inLanguage\":\"tr\",\"potentialAction\":[{\"@type\":\"ReadAction\",\"target\":[\"https:\/\/exceladvisor.org\/tr\/onbellegi-bosalt\/\"]}]},{\"@type\":\"ImageObject\",\"inLanguage\":\"tr\",\"@id\":\"https:\/\/exceladvisor.org\/tr\/onbellegi-bosalt\/#primaryimage\",\"url\":\"https:\/\/exceladvisor.org\/wp-content\/uploads\/2023\/08\/1-parametres-de-cache.png\",\"contentUrl\":\"https:\/\/exceladvisor.org\/wp-content\/uploads\/2023\/08\/1-parametres-de-cache.png\"},{\"@type\":\"BreadcrumbList\",\"@id\":\"https:\/\/exceladvisor.org\/tr\/onbellegi-bosalt\/#breadcrumb\",\"itemListElement\":[{\"@type\":\"ListItem\",\"position\":1,\"name\":\"Ev\",\"item\":\"https:\/\/exceladvisor.org\/tr\/\"},{\"@type\":\"ListItem\",\"position\":2,\"name\":\"Excel&#39;de \u00f6nbellek nas\u0131l temizlenir?\"}]},{\"@type\":\"WebSite\",\"@id\":\"https:\/\/exceladvisor.org\/tr\/#website\",\"url\":\"https:\/\/exceladvisor.org\/tr\/\",\"name\":\"Excel Advisor\",\"description\":\"Veri hakimiyetine y\u00f6nelik nihai rehberiniz!\",\"publisher\":{\"@id\":\"https:\/\/exceladvisor.org\/tr\/#organization\"},\"potentialAction\":[{\"@type\":\"SearchAction\",\"target\":{\"@type\":\"EntryPoint\",\"urlTemplate\":\"https:\/\/exceladvisor.org\/tr\/?s={search_term_string}\"},\"query-input\":{\"@type\":\"PropertyValueSpecification\",\"valueRequired\":true,\"valueName\":\"search_term_string\"}}],\"inLanguage\":\"tr\"},{\"@type\":\"Organization\",\"@id\":\"https:\/\/exceladvisor.org\/tr\/#organization\",\"name\":\"Excel Advisor\",\"url\":\"https:\/\/exceladvisor.org\/tr\/\",\"logo\":{\"@type\":\"ImageObject\",\"inLanguage\":\"tr\",\"@id\":\"https:\/\/exceladvisor.org\/tr\/#\/schema\/logo\/image\/\",\"url\":\"https:\/\/exceladvisor.org\/tr\/wp-content\/uploads\/2023\/12\/exceladvisor.org_.png\",\"contentUrl\":\"https:\/\/exceladvisor.org\/tr\/wp-content\/uploads\/2023\/12\/exceladvisor.org_.png\",\"width\":105,\"height\":36,\"caption\":\"Excel Advisor\"},\"image\":{\"@id\":\"https:\/\/exceladvisor.org\/tr\/#\/schema\/logo\/image\/\"}}]}<\/script>\n<!-- \/ Yoast SEO plugin. -->","yoast_head_json":{"title":"Excel&#39;de \u00f6nbellek nas\u0131l temizlenir? (E\u011fitim 2023)","description":"Bu derste Excel&#39;de \u00f6nbelle\u011fi temizlemek i\u00e7in basit ad\u0131mlara bakaca\u011f\u0131z. (2 farkl\u0131 y\u00f6ntem)","robots":{"index":"index","follow":"follow","max-snippet":"max-snippet:-1","max-image-preview":"max-image-preview:large","max-video-preview":"max-video-preview:-1"},"canonical":"https:\/\/exceladvisor.org\/tr\/onbellegi-bosalt\/","og_locale":"tr_TR","og_type":"article","og_title":"Excel&#39;de \u00f6nbellek nas\u0131l temizlenir? (E\u011fitim 2023)","og_description":"Bu derste Excel&#39;de \u00f6nbelle\u011fi temizlemek i\u00e7in basit ad\u0131mlara bakaca\u011f\u0131z. (2 farkl\u0131 y\u00f6ntem)","og_url":"https:\/\/exceladvisor.org\/tr\/onbellegi-bosalt\/","og_site_name":"Excel Advisor","article_modified_time":"2023-12-10T06:01:51+00:00","og_image":[{"url":"https:\/\/exceladvisor.org\/wp-content\/uploads\/2023\/08\/1-parametres-de-cache.png","type":"","width":"","height":""}],"twitter_card":"summary_large_image","twitter_misc":{"Tahmini okuma s\u00fcresi":"2 dakika"},"schema":{"@context":"https:\/\/schema.org","@graph":[{"@type":"WebPage","@id":"https:\/\/exceladvisor.org\/tr\/onbellegi-bosalt\/","url":"https:\/\/exceladvisor.org\/tr\/onbellegi-bosalt\/","name":"Excel&#39;de \u00f6nbellek nas\u0131l temizlenir? (E\u011fitim 2023)","isPartOf":{"@id":"https:\/\/exceladvisor.org\/tr\/#website"},"primaryImageOfPage":{"@id":"https:\/\/exceladvisor.org\/tr\/onbellegi-bosalt\/#primaryimage"},"image":{"@id":"https:\/\/exceladvisor.org\/tr\/onbellegi-bosalt\/#primaryimage"},"thumbnailUrl":"https:\/\/exceladvisor.org\/wp-content\/uploads\/2023\/08\/1-parametres-de-cache.png","datePublished":"2023-10-29T04:31:58+00:00","dateModified":"2023-12-10T06:01:51+00:00","description":"Bu derste Excel&#39;de \u00f6nbelle\u011fi temizlemek i\u00e7in basit ad\u0131mlara bakaca\u011f\u0131z. (2 farkl\u0131 y\u00f6ntem)","breadcrumb":{"@id":"https:\/\/exceladvisor.org\/tr\/onbellegi-bosalt\/#breadcrumb"},"inLanguage":"tr","potentialAction":[{"@type":"ReadAction","target":["https:\/\/exceladvisor.org\/tr\/onbellegi-bosalt\/"]}]},{"@type":"ImageObject","inLanguage":"tr","@id":"https:\/\/exceladvisor.org\/tr\/onbellegi-bosalt\/#primaryimage","url":"https:\/\/exceladvisor.org\/wp-content\/uploads\/2023\/08\/1-parametres-de-cache.png","contentUrl":"https:\/\/exceladvisor.org\/wp-content\/uploads\/2023\/08\/1-parametres-de-cache.png"},{"@type":"BreadcrumbList","@id":"https:\/\/exceladvisor.org\/tr\/onbellegi-bosalt\/#breadcrumb","itemListElement":[{"@type":"ListItem","position":1,"name":"Ev","item":"https:\/\/exceladvisor.org\/tr\/"},{"@type":"ListItem","position":2,"name":"Excel&#39;de \u00f6nbellek nas\u0131l temizlenir?"}]},{"@type":"WebSite","@id":"https:\/\/exceladvisor.org\/tr\/#website","url":"https:\/\/exceladvisor.org\/tr\/","name":"Excel Advisor","description":"Veri hakimiyetine y\u00f6nelik nihai rehberiniz!","publisher":{"@id":"https:\/\/exceladvisor.org\/tr\/#organization"},"potentialAction":[{"@type":"SearchAction","target":{"@type":"EntryPoint","urlTemplate":"https:\/\/exceladvisor.org\/tr\/?s={search_term_string}"},"query-input":{"@type":"PropertyValueSpecification","valueRequired":true,"valueName":"search_term_string"}}],"inLanguage":"tr"},{"@type":"Organization","@id":"https:\/\/exceladvisor.org\/tr\/#organization","name":"Excel Advisor","url":"https:\/\/exceladvisor.org\/tr\/","logo":{"@type":"ImageObject","inLanguage":"tr","@id":"https:\/\/exceladvisor.org\/tr\/#\/schema\/logo\/image\/","url":"https:\/\/exceladvisor.org\/tr\/wp-content\/uploads\/2023\/12\/exceladvisor.org_.png","contentUrl":"https:\/\/exceladvisor.org\/tr\/wp-content\/uploads\/2023\/12\/exceladvisor.org_.png","width":105,"height":36,"caption":"Excel Advisor"},"image":{"@id":"https:\/\/exceladvisor.org\/tr\/#\/schema\/logo\/image\/"}}]}},"yoast_meta":{"yoast_wpseo_title":"","yoast_wpseo_metadesc":"","yoast_wpseo_canonical":""},"_links":{"self":[{"href":"https:\/\/exceladvisor.org\/tr\/wp-json\/wp\/v2\/pages\/1910","targetHints":{"allow":["GET"]}}],"collection":[{"href":"https:\/\/exceladvisor.org\/tr\/wp-json\/wp\/v2\/pages"}],"about":[{"href":"https:\/\/exceladvisor.org\/tr\/wp-json\/wp\/v2\/types\/page"}],"author":[{"embeddable":true,"href":"https:\/\/exceladvisor.org\/tr\/wp-json\/wp\/v2\/users\/1"}],"replies":[{"embeddable":true,"href":"https:\/\/exceladvisor.org\/tr\/wp-json\/wp\/v2\/comments?post=1910"}],"version-history":[{"count":1,"href":"https:\/\/exceladvisor.org\/tr\/wp-json\/wp\/v2\/pages\/1910\/revisions"}],"predecessor-version":[{"id":2562,"href":"https:\/\/exceladvisor.org\/tr\/wp-json\/wp\/v2\/pages\/1910\/revisions\/2562"}],"wp:attachment":[{"href":"https:\/\/exceladvisor.org\/tr\/wp-json\/wp\/v2\/media?parent=1910"}],"curies":[{"name":"wp","href":"https:\/\/api.w.org\/{rel}","templated":true}]}}