{"id":1911,"date":"2023-10-29T04:20:39","date_gmt":"2023-10-29T04:20:39","guid":{"rendered":"https:\/\/exceladvisor.org\/tr\/akilli-sanat\/"},"modified":"2023-12-10T06:04:25","modified_gmt":"2023-12-10T06:04:25","slug":"akilli-sanat","status":"publish","type":"page","link":"https:\/\/exceladvisor.org\/tr\/akilli-sanat\/","title":{"rendered":"Smart art excel&#39;de nas\u0131l kullan\u0131l\u0131r?"},"content":{"rendered":"<div class=\"excel-icerikten-once\" id=\"excel-2413827482\"><script type=\"text\/javascript\">\r\n\tatOptions = {\r\n\t\t'key' : 'c1158f160081d6540a8409e6925dab94',\r\n\t\t'format' : 'iframe',\r\n\t\t'height' : 250,\r\n\t\t'width' : 300,\r\n\t\t'params' : {}\r\n\t};\r\n<\/script>\r\n<script type=\"text\/javascript\" src=\"\/\/www.highperformanceformat.com\/c1158f160081d6540a8409e6925dab94\/invoke.js\"><\/script><\/div> <p>Ak\u0131ll\u0131 Sanat, g\u00f6rsel grafikleri kullanarak bilgilerinizi, mesajlar\u0131n\u0131z\u0131 ve fikirlerinizi etkili bir \u015fekilde temsil etmek i\u00e7in kullan\u0131lan bir Excel \u00f6zelli\u011fidir.<\/p><p> Smart Art Graphics ile ihtiyac\u0131n\u0131za g\u00f6re farkl\u0131 t\u00fcrde grafikler ekleyebilir, bunlara metin ve resim eklemenizi sa\u011flayabilirsiniz.<\/p><p> Ak\u0131ll\u0131 Sanat Grafi\u011fi, ak\u0131\u015f \u015femas\u0131, s\u00fcre\u00e7 ak\u0131\u015f\u0131, liste bilgileri, tekrarlanan veya d\u00f6ng\u00fcsel bilgiler, matris, g\u00f6r\u00fcnt\u00fcler vb. bi\u00e7imindeki bilgileri temsil etmek i\u00e7in kullan\u0131labilir.<\/p><h2 class=\"wp-block-heading\"> Ak\u0131ll\u0131 Sanat Grafikleri Ekleme Ad\u0131mlar\u0131<\/h2><ol><li> \u00d6ncelikle \u201cEkle\u201d sekmesine gidin, ard\u0131ndan \u201c\u0130ll\u00fcstrasyonlar\u201d grubunun alt\u0131ndaki \u201cAk\u0131ll\u0131 Sanat\u201d simgesine t\u0131klay\u0131n ve \u201cAk\u0131ll\u0131 Sanat Grafi\u011fi\u201d ileti\u015fim kutusu a\u00e7\u0131lacakt\u0131r. <br><img loading=\"lazy\" decoding=\"async\" title=\"1-ak\u0131ll\u0131 ba\u015flang\u0131\u00e7 simgesi\" src=\"https:\/\/exceladvisor.org\/wp-content\/uploads\/2023\/08\/1-icone-smartart.png\" sizes=\"auto, \" srcset=\"\" alt=\"smartart-icon\" width=\"496\" height=\"137\"><\/li><li> Daha sonra ileti\u015fim kutusunun sol panelinden ihtiyac\u0131n\u0131za g\u00f6re grafik kategorisini se\u00e7in, ard\u0131ndan grafik tasar\u0131m se\u00e7ene\u011fini se\u00e7in ve Tamam&#8217;a t\u0131klay\u0131n. <br><img loading=\"lazy\" decoding=\"async\" title=\"2-smartart-grafik-ileti\u015fim kutusu\" src=\"https:\/\/exceladvisor.org\/wp-content\/uploads\/2023\/08\/2-boite-de-dialogue-graphique-smartart.png\" sizes=\"auto, \" srcset=\"\" alt=\"smartart-graphic-dialog-box\" width=\"597\" height=\"339\"><\/li><li> Tamam&#8217;\u0131 t\u0131klatt\u0131\u011f\u0131n\u0131zda, mesajlar\u0131n\u0131z\u0131, altyaz\u0131lar\u0131n\u0131z\u0131, vurgular\u0131n\u0131z\u0131 vb. yazabilece\u011finiz grafik tasar\u0131m\u0131n\u0131z\u0131 kullan\u0131ma sunacaks\u0131n\u0131z. <br><img loading=\"lazy\" decoding=\"async\" title=\"3-ak\u0131ll\u0131-grafik-tasar\u0131m\" src=\"https:\/\/exceladvisor.org\/wp-content\/uploads\/2023\/08\/3-conception-graphique-intelligente.png\" sizes=\"auto, \" srcset=\"\" alt=\"smartart-graphic-design\" width=\"460\" height=\"272\"><\/li><\/ol><h2 class=\"wp-block-heading\"> G\u00f6r\u00fcnt\u00fc se\u00e7enekleriyle Smart Art grafikleri ekleyin<\/h2><p> Smart Art ayn\u0131 zamanda g\u00f6rsel eklemenize de olanak tan\u0131r ve Smart Art grafi\u011findeki metinle birlikte g\u00f6rselleri de eklemek istiyorsan\u0131z bunu a\u015fa\u011f\u0131daki ad\u0131mlar\u0131 takip ederek yapabilirsiniz:<\/p><ol><li> \u00d6ncelikle \u201cEkle\u201d sekmesine gidin, ard\u0131ndan \u201c\u0130ll\u00fcstrasyonlar\u201d grubunun alt\u0131ndaki \u201cAk\u0131ll\u0131 Sanat\u201d simgesine t\u0131klay\u0131n ve \u201cAk\u0131ll\u0131 Sanat Grafi\u011fi\u201d ileti\u015fim kutusu a\u00e7\u0131lacakt\u0131r. <br><img loading=\"lazy\" decoding=\"async\" title=\"4-ekleme-sekmesi-smartart-simgesi\" src=\"https:\/\/exceladvisor.org\/wp-content\/uploads\/2023\/08\/4-inserer-licone-smartart-de-longlet.png\" sizes=\"auto, \" srcset=\"\" alt=\"insert-tab-smartart-icon\" width=\"463\" height=\"128\"><\/li><li> Bundan sonra, ileti\u015fim kutusunun sol panelinden \u201cG\u00f6r\u00fcnt\u00fc\u201d grafik kategorisini se\u00e7in, ard\u0131ndan grafik tasar\u0131m se\u00e7ene\u011fini se\u00e7in ve Tamam&#8217;a t\u0131klay\u0131n. <br><img loading=\"lazy\" decoding=\"async\" title=\"5 resim se\u00e7ene\u011fi\" src=\"https:\/\/exceladvisor.org\/wp-content\/uploads\/2023\/08\/5-choisissez-loption-dimage.png\" sizes=\"auto, \" srcset=\"\" alt=\"choose-picture-option\" width=\"532\" height=\"302\"><\/li><li> Bu noktada, metin se\u00e7eneklerinin yan\u0131 s\u0131ra resim eklemenize de olanak tan\u0131yan grafik tasar\u0131m\u0131na sahip olacaks\u0131n\u0131z.<\/li><li> \u015eimdi yerel sisteminizden, \u00e7evrimi\u00e7i veya Excel&#8217;in yerle\u015fik simgelerinden g\u00f6r\u00fcnt\u00fcy\u00fc eklemek i\u00e7in g\u00f6r\u00fcnt\u00fc simgesine t\u0131klay\u0131n. <br><img loading=\"lazy\" decoding=\"async\" title=\"6-g\u00f6r\u00fcnt\u00fc-ekleme-se\u00e7enekleriyle-ak\u0131ll\u0131-tasar\u0131m\" src=\"https:\/\/exceladvisor.org\/wp-content\/uploads\/2023\/08\/6-design-smartart-avec-options-dinsertion-dimage.png\" sizes=\"auto, \" srcset=\"\" alt=\"smartart-design-with-insert-picture-options\" width=\"449\" height=\"281\"><\/li><li> Oradan, g\u00f6rseli eklemek veya eklemek istedi\u011finiz se\u00e7ene\u011fi se\u00e7in. <br><img loading=\"lazy\" decoding=\"async\" title=\"7-resim-ekleme-ileti\u015fim kutusu\" src=\"https:\/\/exceladvisor.org\/wp-content\/uploads\/2023\/08\/7-boite-de-dialogue-dinsertion-dimages.png\" sizes=\"auto, \" srcset=\"\" alt=\"insert-pictures-dialog-box\" width=\"523\" height=\"258\"><\/li><\/ol><p> Eklenen g\u00f6rseller \u015fekillerin i\u00e7erisine eklenecek ve a\u015fa\u011f\u0131daki g\u00f6rseldeki gibi g\u00f6r\u00fcnecektir. <\/p><div class=\"wp-block-image\"><figure class=\"aligncenter size-full is-resized\"><img loading=\"lazy\" decoding=\"async\" class=\"wp-image-77374\" src=\"https:\/\/exceladvisor.org\/wp-content\/uploads\/2023\/08\/8-image-ajoutee-a-smartart.png\" sizes=\"auto, \" srcset=\"\" alt=\"smartart'a-eklenen g\u00f6r\u00fcnt\u00fc\" width=\"506\" height=\"299\"><\/figure><\/div><h2 class=\"wp-block-heading\"> Smart Art Graphics&#8217;i Bi\u00e7imlendirme<\/h2><p> Excel Smart Art ayr\u0131ca Smart Art grafik tasar\u0131mlar\u0131n\u0131 bi\u00e7imlendirmenize de olanak tan\u0131r. Arka plan rengini bi\u00e7imlendirebilir, \u015fekil ekleyebilir, \u015fekilleri kald\u0131rabilir ve \u00e7ok daha fazlas\u0131n\u0131 yapabilirsiniz.<\/p><ol><li> \u00d6ncelikle mevcut grafik tasar\u0131m\u0131n\u0131 se\u00e7in ve \u201cAk\u0131ll\u0131 Sanat Tasar\u0131m\u0131\u201d sekmesini g\u00f6receksiniz.<\/li><li> Bundan sonra \u201cAk\u0131ll\u0131 Sanat Tasar\u0131m\u0131\u201d sekmesine t\u0131klay\u0131n; mevcut grafik tasar\u0131m\u0131n\u0131 bi\u00e7imlendirmek i\u00e7in \u00e7e\u015fitli bi\u00e7imlendirme se\u00e7enekleri bulacaks\u0131n\u0131z. <br><img loading=\"lazy\" decoding=\"async\" title=\"9-ak\u0131ll\u0131 tasar\u0131m\" src=\"https:\/\/exceladvisor.org\/wp-content\/uploads\/2023\/08\/9-conception-intelligente.png\" sizes=\"auto, \" srcset=\"\" alt=\"smartart-design\" width=\"839\" height=\"383\"><\/li><li> \u015eimdi tasar\u0131mdaki kutular\u0131n arka plan rengini de\u011fi\u015ftirmek i\u00e7in \u201cRenkleri De\u011fi\u015ftir\u201d simgesine t\u0131klay\u0131n ve renk a\u00e7\u0131l\u0131r listesinden se\u00e7im yap\u0131n, uygulanacakt\u0131r. <br><img loading=\"lazy\" decoding=\"async\" title=\"10 renk de\u011fi\u015ftirme simgesi\" src=\"https:\/\/exceladvisor.org\/wp-content\/uploads\/2023\/08\/icone-10-couleurs-de-changement.png\" sizes=\"auto, \" srcset=\"\" alt=\"change-colors-icon\" width=\"729\" height=\"424\"><\/li><li> Ek \u015fekiller eklemek i\u00e7in, \u00f6ncesine veya sonras\u0131na ba\u015fka bir \u015fekil eklemek istedi\u011finiz mevcut \u015fekli se\u00e7in, ard\u0131ndan &#8220;\u015eekil Ekle&#8221; simgesini t\u0131klay\u0131n ve gerekti\u011fi gibi &#8220;Sonras\u0131na veya \u00d6ncesine \u015eekil Ekle&#8221;yi se\u00e7in. <br><img loading=\"lazy\" decoding=\"async\" title=\"11-ekleme \u015fekilleri\" src=\"https:\/\/exceladvisor.org\/wp-content\/uploads\/2023\/08\/11-ajouter-des-formes.png\" sizes=\"auto, \" srcset=\"\" alt=\"add-shapes\" width=\"550\" height=\"424\"><\/li><li> Se\u00e7ene\u011fi se\u00e7ti\u011finizde (burada \u201cSonras\u0131na \u015fekil ekle\u201dyi se\u00e7iyoruz) ve \u015fekil, se\u00e7ti\u011finiz \u015feklin hemen sonras\u0131na eklenecektir. <br><img loading=\"lazy\" decoding=\"async\" title=\"Smartart'a 12 form eklendi\" src=\"https:\/\/exceladvisor.org\/wp-content\/uploads\/2023\/08\/12-formes-ajoutees-au-smartart.png\" sizes=\"auto, \" srcset=\"\" alt=\"shape-added-to-the-smartart\" width=\"466\" height=\"285\"><\/li><li> \u015eekillerin konumunu de\u011fi\u015ftirmek i\u00e7in &#8220;Yukar\u0131 Ta\u015f\u0131&#8221; veya &#8220;Sa\u011fdan Sola&#8221;ya t\u0131klay\u0131n ve metin \u015fekillerini kald\u0131rmak i\u00e7in &#8220;A\u015fa\u011f\u0131 Ta\u015f\u0131&#8221;ya t\u0131klay\u0131n. <br><img loading=\"lazy\" decoding=\"async\" title=\"13-\u015fekilleri ta\u015f\u0131-sil\" src=\"https:\/\/exceladvisor.org\/wp-content\/uploads\/2023\/08\/13-deplacer-supprimer-des-formes.png\" sizes=\"auto, \" srcset=\"\" alt=\"move-delete-shapes\" width=\"566\" height=\"132\"><\/li><\/ol><p> Tasar\u0131mdaki bir \u015fekli ta\u015f\u0131d\u0131\u011f\u0131n\u0131zda, yeniden boyutland\u0131rd\u0131\u011f\u0131n\u0131zda veya ayarlad\u0131\u011f\u0131n\u0131zda, mevcut di\u011fer \u015fekiller de buna g\u00f6re ayarlanacakt\u0131r, ancak di\u011fer \u015fekilleri sabit\/sabit hale getirmek i\u00e7in &#8220;\u015eekillere D\u00f6n\u00fc\u015ft\u00fcr&#8221; se\u00e7ene\u011fini t\u0131klatarak tasar\u0131m\u0131 \u015fekil format\u0131na d\u00f6n\u00fc\u015ft\u00fcrebilirsiniz. grafik \u015fekil format\u0131na d\u00f6n\u00fc\u015ft\u00fcr\u00fclecek ve bununla birlikte formatlama se\u00e7enekleri de de\u011fi\u015fecek. <\/p><div class=\"wp-block-image\"><figure class=\"aligncenter size-full is-resized\"><img loading=\"lazy\" decoding=\"async\" class=\"wp-image-77380\" src=\"https:\/\/exceladvisor.org\/wp-content\/uploads\/2023\/08\/14-convertir-en-formes.png\" sizes=\"auto, \" srcset=\"\" alt=\"\u015fekillere d\u00f6n\u00fc\u015ft\u00fcr\" width=\"759\" height=\"391\"><\/figure><\/div><div class=\"gb-container gb-container-4db6181c gb-container-mt\"> <a class=\"gb-button gb-button-c5897111 gb-button-text gb-button-mt-button\" href=\"https:\/\/exceladvisor.org\/tr\/excel-ilerlemesi\/\">\u0130leri D\u00fczey Excel Dersleri<\/a><h2 class=\"gb-headline gb-headline-665e5f6b gb-headline-text gb-headline-mt-heading\"> \u0130lgili e\u011fitimler <\/h2><div class=\"gb-grid-wrapper gb-grid-wrapper-a20baf7c gb-grid-wrapper-mt-grid\"><div class=\"gb-grid-column gb-grid-column-65ddf67e\"><div class=\"gb-container gb-container-65ddf67e\"><ul><li> <a href=\"https:\/\/exceladvisor.org\/tr\/kamera-araci\/\">Excel Kamera Arac\u0131<\/a><\/li><li> <a href=\"https:\/\/exceladvisor.org\/tr\/hedef-aramak\/\">Excel&#8217;de Hedef Bulucu<\/a><\/li><li> <a href=\"https:\/\/exceladvisor.org\/tr\/pencereyi-izle\/\">Excel&#8217;de pencereyi izle<\/a><\/li><li> <a href=\"https:\/\/exceladvisor.org\/tr\/excel-dilimleyici\/\">Excel Dilimleyici (Tam K\u0131lavuz)<\/a><\/li><li> <a href=\"https:\/\/exceladvisor.org\/tr\/macta-varsayilan-olarak-excel\/\">Mac&#8217;te Excel&#8217;i Varsay\u0131lan Yap\u0131n<\/a><\/li><\/ul><\/div><\/div><\/div><\/div>","protected":false},"excerpt":{"rendered":"","protected":false},"author":1,"featured_media":0,"parent":0,"menu_order":0,"comment_status":"open","ping_status":"closed","template":"","meta":{"ub_ctt_via":"","footnotes":""},"class_list":["post-1911","page","type-page","status-publish","hentry"],"featured_image_src":null,"yoast_head":"<!-- This site is optimized with the Yoast SEO plugin v25.4 - https:\/\/yoast.com\/wordpress\/plugins\/seo\/ -->\n<title>Smart Art Excel&#039;de nas\u0131l kullan\u0131l\u0131r? (2023 K\u0131lavuzu)<\/title>\n<meta name=\"description\" content=\"Ak\u0131ll\u0131 sanat\u0131 Excel&#039;e nas\u0131l ekleyece\u011finizi ve verileri kullan\u0131c\u0131ya etkili bir \u015fekilde sunmak i\u00e7in nas\u0131l kullanaca\u011f\u0131n\u0131z\u0131 \u00f6\u011frenin...\" \/>\n<meta name=\"robots\" content=\"index, follow, max-snippet:-1, max-image-preview:large, max-video-preview:-1\" \/>\n<link rel=\"canonical\" href=\"https:\/\/exceladvisor.org\/tr\/akilli-sanat\/\" \/>\n<meta property=\"og:locale\" content=\"tr_TR\" \/>\n<meta property=\"og:type\" content=\"article\" \/>\n<meta property=\"og:title\" content=\"Smart Art Excel&#039;de nas\u0131l kullan\u0131l\u0131r? (2023 K\u0131lavuzu)\" \/>\n<meta property=\"og:description\" content=\"Ak\u0131ll\u0131 sanat\u0131 Excel&#039;e nas\u0131l ekleyece\u011finizi ve verileri kullan\u0131c\u0131ya etkili bir \u015fekilde sunmak i\u00e7in nas\u0131l kullanaca\u011f\u0131n\u0131z\u0131 \u00f6\u011frenin...\" \/>\n<meta property=\"og:url\" content=\"https:\/\/exceladvisor.org\/tr\/akilli-sanat\/\" \/>\n<meta property=\"og:site_name\" content=\"Excel Advisor\" \/>\n<meta property=\"article:modified_time\" content=\"2023-12-10T06:04:25+00:00\" \/>\n<meta property=\"og:image\" content=\"https:\/\/exceladvisor.org\/wp-content\/uploads\/2023\/08\/1-icone-smartart.png\" \/>\n<meta name=\"twitter:card\" content=\"summary_large_image\" \/>\n<meta name=\"twitter:label1\" content=\"Tahmini okuma s\u00fcresi\" \/>\n\t<meta name=\"twitter:data1\" content=\"3 dakika\" \/>\n<script type=\"application\/ld+json\" class=\"yoast-schema-graph\">{\"@context\":\"https:\/\/schema.org\",\"@graph\":[{\"@type\":\"WebPage\",\"@id\":\"https:\/\/exceladvisor.org\/tr\/akilli-sanat\/\",\"url\":\"https:\/\/exceladvisor.org\/tr\/akilli-sanat\/\",\"name\":\"Smart Art Excel&#39;de nas\u0131l kullan\u0131l\u0131r? (2023 K\u0131lavuzu)\",\"isPartOf\":{\"@id\":\"https:\/\/exceladvisor.org\/tr\/#website\"},\"primaryImageOfPage\":{\"@id\":\"https:\/\/exceladvisor.org\/tr\/akilli-sanat\/#primaryimage\"},\"image\":{\"@id\":\"https:\/\/exceladvisor.org\/tr\/akilli-sanat\/#primaryimage\"},\"thumbnailUrl\":\"https:\/\/exceladvisor.org\/wp-content\/uploads\/2023\/08\/1-icone-smartart.png\",\"datePublished\":\"2023-10-29T04:20:39+00:00\",\"dateModified\":\"2023-12-10T06:04:25+00:00\",\"description\":\"Ak\u0131ll\u0131 sanat\u0131 Excel&#39;e nas\u0131l ekleyece\u011finizi ve verileri kullan\u0131c\u0131ya etkili bir \u015fekilde sunmak i\u00e7in nas\u0131l kullanaca\u011f\u0131n\u0131z\u0131 \u00f6\u011frenin...\",\"breadcrumb\":{\"@id\":\"https:\/\/exceladvisor.org\/tr\/akilli-sanat\/#breadcrumb\"},\"inLanguage\":\"tr\",\"potentialAction\":[{\"@type\":\"ReadAction\",\"target\":[\"https:\/\/exceladvisor.org\/tr\/akilli-sanat\/\"]}]},{\"@type\":\"ImageObject\",\"inLanguage\":\"tr\",\"@id\":\"https:\/\/exceladvisor.org\/tr\/akilli-sanat\/#primaryimage\",\"url\":\"https:\/\/exceladvisor.org\/wp-content\/uploads\/2023\/08\/1-icone-smartart.png\",\"contentUrl\":\"https:\/\/exceladvisor.org\/wp-content\/uploads\/2023\/08\/1-icone-smartart.png\"},{\"@type\":\"BreadcrumbList\",\"@id\":\"https:\/\/exceladvisor.org\/tr\/akilli-sanat\/#breadcrumb\",\"itemListElement\":[{\"@type\":\"ListItem\",\"position\":1,\"name\":\"Ev\",\"item\":\"https:\/\/exceladvisor.org\/tr\/\"},{\"@type\":\"ListItem\",\"position\":2,\"name\":\"Smart art excel&#39;de nas\u0131l kullan\u0131l\u0131r?\"}]},{\"@type\":\"WebSite\",\"@id\":\"https:\/\/exceladvisor.org\/tr\/#website\",\"url\":\"https:\/\/exceladvisor.org\/tr\/\",\"name\":\"Excel Advisor\",\"description\":\"Veri hakimiyetine y\u00f6nelik nihai rehberiniz!\",\"publisher\":{\"@id\":\"https:\/\/exceladvisor.org\/tr\/#organization\"},\"potentialAction\":[{\"@type\":\"SearchAction\",\"target\":{\"@type\":\"EntryPoint\",\"urlTemplate\":\"https:\/\/exceladvisor.org\/tr\/?s={search_term_string}\"},\"query-input\":{\"@type\":\"PropertyValueSpecification\",\"valueRequired\":true,\"valueName\":\"search_term_string\"}}],\"inLanguage\":\"tr\"},{\"@type\":\"Organization\",\"@id\":\"https:\/\/exceladvisor.org\/tr\/#organization\",\"name\":\"Excel Advisor\",\"url\":\"https:\/\/exceladvisor.org\/tr\/\",\"logo\":{\"@type\":\"ImageObject\",\"inLanguage\":\"tr\",\"@id\":\"https:\/\/exceladvisor.org\/tr\/#\/schema\/logo\/image\/\",\"url\":\"https:\/\/exceladvisor.org\/tr\/wp-content\/uploads\/2023\/12\/exceladvisor.org_.png\",\"contentUrl\":\"https:\/\/exceladvisor.org\/tr\/wp-content\/uploads\/2023\/12\/exceladvisor.org_.png\",\"width\":105,\"height\":36,\"caption\":\"Excel Advisor\"},\"image\":{\"@id\":\"https:\/\/exceladvisor.org\/tr\/#\/schema\/logo\/image\/\"}}]}<\/script>\n<!-- \/ Yoast SEO plugin. -->","yoast_head_json":{"title":"Smart Art Excel&#39;de nas\u0131l kullan\u0131l\u0131r? (2023 K\u0131lavuzu)","description":"Ak\u0131ll\u0131 sanat\u0131 Excel&#39;e nas\u0131l ekleyece\u011finizi ve verileri kullan\u0131c\u0131ya etkili bir \u015fekilde sunmak i\u00e7in nas\u0131l kullanaca\u011f\u0131n\u0131z\u0131 \u00f6\u011frenin...","robots":{"index":"index","follow":"follow","max-snippet":"max-snippet:-1","max-image-preview":"max-image-preview:large","max-video-preview":"max-video-preview:-1"},"canonical":"https:\/\/exceladvisor.org\/tr\/akilli-sanat\/","og_locale":"tr_TR","og_type":"article","og_title":"Smart Art Excel&#39;de nas\u0131l kullan\u0131l\u0131r? (2023 K\u0131lavuzu)","og_description":"Ak\u0131ll\u0131 sanat\u0131 Excel&#39;e nas\u0131l ekleyece\u011finizi ve verileri kullan\u0131c\u0131ya etkili bir \u015fekilde sunmak i\u00e7in nas\u0131l kullanaca\u011f\u0131n\u0131z\u0131 \u00f6\u011frenin...","og_url":"https:\/\/exceladvisor.org\/tr\/akilli-sanat\/","og_site_name":"Excel Advisor","article_modified_time":"2023-12-10T06:04:25+00:00","og_image":[{"url":"https:\/\/exceladvisor.org\/wp-content\/uploads\/2023\/08\/1-icone-smartart.png","type":"","width":"","height":""}],"twitter_card":"summary_large_image","twitter_misc":{"Tahmini okuma s\u00fcresi":"3 dakika"},"schema":{"@context":"https:\/\/schema.org","@graph":[{"@type":"WebPage","@id":"https:\/\/exceladvisor.org\/tr\/akilli-sanat\/","url":"https:\/\/exceladvisor.org\/tr\/akilli-sanat\/","name":"Smart Art Excel&#39;de nas\u0131l kullan\u0131l\u0131r? (2023 K\u0131lavuzu)","isPartOf":{"@id":"https:\/\/exceladvisor.org\/tr\/#website"},"primaryImageOfPage":{"@id":"https:\/\/exceladvisor.org\/tr\/akilli-sanat\/#primaryimage"},"image":{"@id":"https:\/\/exceladvisor.org\/tr\/akilli-sanat\/#primaryimage"},"thumbnailUrl":"https:\/\/exceladvisor.org\/wp-content\/uploads\/2023\/08\/1-icone-smartart.png","datePublished":"2023-10-29T04:20:39+00:00","dateModified":"2023-12-10T06:04:25+00:00","description":"Ak\u0131ll\u0131 sanat\u0131 Excel&#39;e nas\u0131l ekleyece\u011finizi ve verileri kullan\u0131c\u0131ya etkili bir \u015fekilde sunmak i\u00e7in nas\u0131l kullanaca\u011f\u0131n\u0131z\u0131 \u00f6\u011frenin...","breadcrumb":{"@id":"https:\/\/exceladvisor.org\/tr\/akilli-sanat\/#breadcrumb"},"inLanguage":"tr","potentialAction":[{"@type":"ReadAction","target":["https:\/\/exceladvisor.org\/tr\/akilli-sanat\/"]}]},{"@type":"ImageObject","inLanguage":"tr","@id":"https:\/\/exceladvisor.org\/tr\/akilli-sanat\/#primaryimage","url":"https:\/\/exceladvisor.org\/wp-content\/uploads\/2023\/08\/1-icone-smartart.png","contentUrl":"https:\/\/exceladvisor.org\/wp-content\/uploads\/2023\/08\/1-icone-smartart.png"},{"@type":"BreadcrumbList","@id":"https:\/\/exceladvisor.org\/tr\/akilli-sanat\/#breadcrumb","itemListElement":[{"@type":"ListItem","position":1,"name":"Ev","item":"https:\/\/exceladvisor.org\/tr\/"},{"@type":"ListItem","position":2,"name":"Smart art excel&#39;de nas\u0131l kullan\u0131l\u0131r?"}]},{"@type":"WebSite","@id":"https:\/\/exceladvisor.org\/tr\/#website","url":"https:\/\/exceladvisor.org\/tr\/","name":"Excel Advisor","description":"Veri hakimiyetine y\u00f6nelik nihai rehberiniz!","publisher":{"@id":"https:\/\/exceladvisor.org\/tr\/#organization"},"potentialAction":[{"@type":"SearchAction","target":{"@type":"EntryPoint","urlTemplate":"https:\/\/exceladvisor.org\/tr\/?s={search_term_string}"},"query-input":{"@type":"PropertyValueSpecification","valueRequired":true,"valueName":"search_term_string"}}],"inLanguage":"tr"},{"@type":"Organization","@id":"https:\/\/exceladvisor.org\/tr\/#organization","name":"Excel Advisor","url":"https:\/\/exceladvisor.org\/tr\/","logo":{"@type":"ImageObject","inLanguage":"tr","@id":"https:\/\/exceladvisor.org\/tr\/#\/schema\/logo\/image\/","url":"https:\/\/exceladvisor.org\/tr\/wp-content\/uploads\/2023\/12\/exceladvisor.org_.png","contentUrl":"https:\/\/exceladvisor.org\/tr\/wp-content\/uploads\/2023\/12\/exceladvisor.org_.png","width":105,"height":36,"caption":"Excel Advisor"},"image":{"@id":"https:\/\/exceladvisor.org\/tr\/#\/schema\/logo\/image\/"}}]}},"yoast_meta":{"yoast_wpseo_title":"","yoast_wpseo_metadesc":"","yoast_wpseo_canonical":""},"_links":{"self":[{"href":"https:\/\/exceladvisor.org\/tr\/wp-json\/wp\/v2\/pages\/1911","targetHints":{"allow":["GET"]}}],"collection":[{"href":"https:\/\/exceladvisor.org\/tr\/wp-json\/wp\/v2\/pages"}],"about":[{"href":"https:\/\/exceladvisor.org\/tr\/wp-json\/wp\/v2\/types\/page"}],"author":[{"embeddable":true,"href":"https:\/\/exceladvisor.org\/tr\/wp-json\/wp\/v2\/users\/1"}],"replies":[{"embeddable":true,"href":"https:\/\/exceladvisor.org\/tr\/wp-json\/wp\/v2\/comments?post=1911"}],"version-history":[{"count":1,"href":"https:\/\/exceladvisor.org\/tr\/wp-json\/wp\/v2\/pages\/1911\/revisions"}],"predecessor-version":[{"id":2724,"href":"https:\/\/exceladvisor.org\/tr\/wp-json\/wp\/v2\/pages\/1911\/revisions\/2724"}],"wp:attachment":[{"href":"https:\/\/exceladvisor.org\/tr\/wp-json\/wp\/v2\/media?parent=1911"}],"curies":[{"name":"wp","href":"https:\/\/api.w.org\/{rel}","templated":true}]}}