{"id":1912,"date":"2023-10-29T04:01:00","date_gmt":"2023-10-29T04:01:00","guid":{"rendered":"https:\/\/exceladvisor.org\/tr\/sifirlari-gizle\/"},"modified":"2023-12-10T06:02:30","modified_gmt":"2023-12-10T06:02:30","slug":"sifirlari-gizle","status":"publish","type":"page","link":"https:\/\/exceladvisor.org\/tr\/sifirlari-gizle\/","title":{"rendered":"Excel&#39;de s\u0131f\u0131r de\u011ferleri nas\u0131l gizlenir?"},"content":{"rendered":"<div class=\"excel-icerikten-once\" id=\"excel-135104306\"><script type=\"text\/javascript\">\r\n\tatOptions = {\r\n\t\t'key' : 'c1158f160081d6540a8409e6925dab94',\r\n\t\t'format' : 'iframe',\r\n\t\t'height' : 250,\r\n\t\t'width' : 300,\r\n\t\t'params' : {}\r\n\t};\r\n<\/script>\r\n<script type=\"text\/javascript\" src=\"\/\/www.highperformanceformat.com\/c1158f160081d6540a8409e6925dab94\/invoke.js\"><\/script><\/div> <p>Excel&#8217;de kullan\u0131c\u0131lar, veri k\u00fcmelerinde bo\u015f de\u011ferlerin g\u00f6sterilmesini istemezlerse veri k\u00fcmesindeki bo\u015f de\u011ferleri gizleyebilir ve h\u00fccreleri bo\u015f hale getirebilirler.<\/p><p> Ve bunu yaln\u0131zca se\u00e7ilen h\u00fccre aral\u0131\u011f\u0131nda veya \u00e7al\u0131\u015fma sayfas\u0131n\u0131n tamam\u0131nda yapabilirler \u00e7\u00fcnk\u00fc Excel&#8217;in s\u0131f\u0131r de\u011ferlerini gizlemenin birka\u00e7 yolu vard\u0131r.<\/p><p> Bu e\u011fitimde bo\u015f de\u011ferleri gizlemenin birden \u00e7ok yolunu a\u00e7\u0131klad\u0131k<\/p><h2 class=\"wp-block-heading\"> Excel Se\u00e7eneklerini Kullanarak \u00c7al\u0131\u015fma Sayfas\u0131ndaki S\u0131f\u0131rlar\u0131 Gizleme Ad\u0131mlar\u0131<\/h2><p> Excel&#8217;in, a\u015fa\u011f\u0131daki ad\u0131mlar\u0131 izleyerek \u00e7al\u0131\u015fma sayfas\u0131 boyunca t\u00fcm s\u0131f\u0131r de\u011ferlerini otomatik olarak gizlemek i\u00e7in kullan\u0131labilecek yerle\u015fik bir i\u015flevi vard\u0131r.<\/p><ol><li> \u00d6ncelikle \u00e7al\u0131\u015fma kitab\u0131n\u0131 a\u00e7\u0131n ve ard\u0131ndan Dosya sekmesine gidin. <br><img loading=\"lazy\" decoding=\"async\" title=\"1 dosya sekmesi\" src=\"https:\/\/exceladvisor.org\/wp-content\/uploads\/2023\/08\/1-onglet-fichier-2.png\" sizes=\"auto, \" srcset=\"\" alt=\"file-tab\" width=\"389\" height=\"160\"><\/li><li> Bundan sonra Se\u00e7enekler&#8217;e t\u0131klay\u0131n. <br><img loading=\"lazy\" decoding=\"async\" title=\"2-se\u00e7enek-excel\" src=\"https:\/\/exceladvisor.org\/wp-content\/uploads\/2023\/08\/2-options-excel-2.png\" sizes=\"auto, \" srcset=\"\" alt=\"excel-options\" width=\"284\" height=\"200\"><\/li><li> \u015eimdi sol b\u00f6lmedeki &#8220;Geli\u015fmi\u015f&#8221;i t\u0131klay\u0131n ve ard\u0131ndan &#8220;Bu \u00e7al\u0131\u015fma sayfas\u0131 i\u00e7in se\u00e7enekleri g\u00f6r\u00fcnt\u00fcle&#8221;ye ilerleyin.<\/li><li> Oradan a\u00e7\u0131l\u0131r simgeye t\u0131klay\u0131n ve t\u00fcm bo\u015f de\u011ferleri gizlemek istedi\u011finiz \u00e7al\u0131\u015fma sayfas\u0131n\u0131 se\u00e7in.<\/li><li> Sonunda, &#8220;S\u0131f\u0131r de\u011feri olan h\u00fccrelerde s\u0131f\u0131r g\u00f6ster&#8221; kutusunun i\u015faretini kald\u0131r\u0131n ve Tamam&#8217;a t\u0131klay\u0131n. <br><img loading=\"lazy\" decoding=\"async\" title=\"Bu \u00e7al\u0131\u015fma sayfas\u0131 i\u00e7in 3-g\u00f6r\u00fcnt\u00fcleme se\u00e7ene\u011fi\" src=\"https:\/\/exceladvisor.org\/wp-content\/uploads\/2023\/08\/3-options-daffichage-pour-cette-feuille-de-travail.png\" sizes=\"auto, \" srcset=\"\" alt=\"display-options-for-this-worksheet\" width=\"816\" height=\"462\"><\/li><li> Tamam&#8217;a t\u0131klad\u0131\u011f\u0131n\u0131zda \u00e7al\u0131\u015fma sayfas\u0131ndaki t\u00fcm s\u0131f\u0131r de\u011ferler gizlenecek ve bu h\u00fccreler bo\u015f g\u00f6r\u00fcnecektir. <br><img loading=\"lazy\" decoding=\"async\" title=\"4 gizli s\u0131f\u0131r de\u011feri\" src=\"https:\/\/exceladvisor.org\/wp-content\/uploads\/2023\/08\/4-valeurs-zero-cachees.png\" sizes=\"auto, \" srcset=\"\" alt=\"hidden-zero-values\" width=\"347\" height=\"266\"><\/li><\/ol><p> Art\u0131k bu se\u00e7ili \u00e7al\u0131\u015fma sayfas\u0131nda herhangi bir yere s\u0131f\u0131r de\u011ferini girdi\u011finizde Excel bu s\u0131f\u0131r de\u011ferini gizleyecektir.<\/p><h2 class=\"wp-block-heading\"> Bi\u00e7im h\u00fccrelerini kullanarak se\u00e7ilen h\u00fccrelerdeki s\u0131f\u0131r de\u011ferlerini gizle<\/h2><ol><li> \u00d6ncelikle bo\u015f de\u011ferleri gizlemek istedi\u011finiz h\u00fccreleri veya veri aral\u0131\u011f\u0131n\u0131 se\u00e7in.<\/li><li> Bundan sonra fareye sa\u011f t\u0131klay\u0131n ve \u201cH\u00fccreleri Bi\u00e7imlendir\u201d se\u00e7ene\u011fine t\u0131klay\u0131n; \u201cH\u00fccreleri Bi\u00e7imlendir\u201d ileti\u015fim kutusunu a\u00e7acaks\u0131n\u0131z. <br><img loading=\"lazy\" decoding=\"async\" title=\"5 h\u00fccreli format\" src=\"https:\/\/exceladvisor.org\/wp-content\/uploads\/2023\/08\/5-cellules-de-format.png\" sizes=\"auto, \" srcset=\"\" alt=\"format-cells\" width=\"521\" height=\"476\"><\/li><li> \u015eimdi \u201cNumara\u201d sekmesi alt\u0131nda \u201c\u00d6zel\u201d se\u00e7ene\u011fine t\u0131klay\u0131n, ard\u0131ndan \u00f6zel tipi <strong>0;-0;;@<\/strong> olarak girin ve Tamam\u2019a t\u0131klay\u0131n. <br><img loading=\"lazy\" decoding=\"async\" title=\"6 \u00f6zel tip alan\u0131\" src=\"https:\/\/exceladvisor.org\/wp-content\/uploads\/2023\/08\/6-champ-de-type-personnalise.png\" sizes=\"auto, \" srcset=\"\" alt=\"custom-type-field\" width=\"430\" height=\"401\"><\/li><li> Tamam&#8217;a t\u0131klad\u0131\u011f\u0131n\u0131zda se\u00e7ilen aral\u0131ktaki t\u00fcm s\u0131f\u0131r de\u011ferler gizlenecektir. <br><img loading=\"lazy\" decoding=\"async\" title=\"7-s\u0131f\u0131r-de\u011ferlerini gizle\" src=\"https:\/\/exceladvisor.org\/wp-content\/uploads\/2023\/08\/7-masquer-les-valeurs-zero.png\" sizes=\"auto, \" srcset=\"\" alt=\"hide-zero-values\" width=\"340\" height=\"261\"><\/li><\/ol><p> &#8221; <strong>0;-0;;@<\/strong> &#8221; \u00fczerinde kullan\u0131lan \u00f6zel bi\u00e7imlendirme dizesi d\u00f6rt b\u00f6l\u00fcmden olu\u015fur.<\/p><p class=\"mynote\"> \u0130lk 0 pozitif say\u0131lar\u0131n oldu\u011fu gibi pozitif de\u011ferleri g\u00f6stermesi i\u00e7indir, <sup>2.<\/sup> k\u0131s\u0131m -0 negatif say\u0131lar\u0131n oldu\u011fu gibi negatif de\u011ferleri g\u00f6stermesi i\u00e7indir, 3. k\u0131s\u0131m 0 s\u0131f\u0131r de\u011ferlerini gizlemek i\u00e7in eksiktir ve 4. k\u0131s\u0131m @ metni oldu\u011fu gibi g\u00f6r\u00fcnt\u00fclemektir: <strong>&lt;Pozitif say\u0131lar&gt; ;&lt;Negatif say\u0131lar&gt; ;&lt;S\u0131f\u0131r&gt; ;&lt;Metin&gt;<\/strong><\/p><h2 class=\"wp-block-heading\"> Ko\u015fullu bi\u00e7imlendirmeyi kullanarak se\u00e7ili h\u00fccrelerdeki s\u0131f\u0131rlar\u0131 gizle<\/h2><ol><li> \u00d6ncelikle bo\u015f de\u011ferleri gizlemek istedi\u011finiz h\u00fccreleri veya veri aral\u0131\u011f\u0131n\u0131 se\u00e7in ve \u201cGiri\u015f\u201d sekmesine gidin, ard\u0131ndan \u201cKo\u015fullu Bi\u00e7imlendirme\u201d simgesine t\u0131klay\u0131n.<\/li><li> Daha sonra \u201cH\u00fccre Kurallar\u0131n\u0131 Vurgula\u201d se\u00e7ene\u011fine ve ard\u0131ndan \u201cE\u015fittir\u201d se\u00e7ene\u011fine t\u0131klay\u0131n. <br><img loading=\"lazy\" decoding=\"async\" title=\"8-ko\u015fullu-bi\u00e7imlendirme-e\u015fittir\" src=\"https:\/\/exceladvisor.org\/wp-content\/uploads\/2023\/08\/8-mise-en-forme-conditionnelle-egale-a.png\" sizes=\"auto, \" srcset=\"\" alt=\"conditional-formatting-equal-to\" width=\"704\" height=\"364\"><\/li><li> \u015eimdi soldaki \u201cE\u015fittir\u201d ileti\u015fim kutusuna (0) s\u0131f\u0131r girin, ard\u0131ndan sa\u011fdaki a\u00e7\u0131l\u0131r men\u00fcye t\u0131klay\u0131n ve \u201c\u00d6zel Format\u201d\u0131 se\u00e7in. <br><img loading=\"lazy\" decoding=\"async\" title=\"9 e\u015fittir diyalogu\" src=\"https:\/\/exceladvisor.org\/wp-content\/uploads\/2023\/08\/9-egal-a-la-boite-de-dialogue.png\" sizes=\"auto, \" srcset=\"\" alt=\"equal-to-dialog-box\" width=\"402\" height=\"170\"><\/li><li> Buradan \u201cH\u00fccreleri Bi\u00e7imlendir\u201d ileti\u015fim kutusu a\u00e7\u0131lacak ve \u201cYaz\u0131 Tipi\u201d sekmesi alt\u0131nda beyaz rengi se\u00e7ip Tamam&#8217;a t\u0131klay\u0131n. <br><img loading=\"lazy\" decoding=\"async\" title=\"10 h\u00fccre format\u0131 ileti\u015fim kutusu\" src=\"https:\/\/exceladvisor.org\/wp-content\/uploads\/2023\/08\/Boite-de-dialogue-Format-10-cellules.png\" sizes=\"auto, \" srcset=\"\" alt=\"format-cells-dialog-box\" width=\"482\" height=\"480\"><\/li><li> Tamam&#8217;\u0131 t\u0131klatt\u0131\u011f\u0131n\u0131zda, s\u0131f\u0131r de\u011ferini i\u00e7eren h\u00fccrelerin yaz\u0131 tipi rengi beyaza d\u00f6nerek h\u00fccreleri bo\u015f veya bo\u015f hale getirir. <br><img loading=\"lazy\" decoding=\"async\" title=\"11-s\u0131f\u0131r-gizli-de\u011ferler\" src=\"https:\/\/exceladvisor.org\/wp-content\/uploads\/2023\/08\/11-valeurs-zero-masquees.png\" sizes=\"auto, \" srcset=\"\" alt=\"zero-values-hidden\" width=\"365\" height=\"280\"><\/li><\/ol><p class=\"mynote\"> S\u0131f\u0131r (0) de\u011ferini gizlemek yaln\u0131zca h\u00fccrelerdeki de\u011feri silmeden gizlemek anlam\u0131na gelir, yani de\u011fer gizlendikten sonra h\u00fccreler bo\u015f g\u00f6r\u00fcnse bile bir de\u011fer i\u00e7erir.<\/p><div class=\"gb-container gb-container-4db6181c gb-container-mt\"> <a class=\"gb-button gb-button-c5897111 gb-button-text gb-button-mt-button\" href=\"https:\/\/exceladvisor.org\/tr\/excel-ilerlemesi\/\">\u0130leri D\u00fczey Excel Dersleri<\/a><h2 class=\"gb-headline gb-headline-665e5f6b gb-headline-text gb-headline-mt-heading\"> \u0130lgili e\u011fitimler <\/h2><div class=\"gb-grid-wrapper gb-grid-wrapper-a20baf7c gb-grid-wrapper-mt-grid\"><div class=\"gb-grid-column gb-grid-column-65ddf67e\"><div class=\"gb-container gb-container-65ddf67e\"><ul><li> <a href=\"https:\/\/exceladvisor.org\/tr\/formuller-1\/\" data-wpil=\"url\">Ko\u015fullu bi\u00e7imlendirmedeki form\u00fcller<\/a><\/li><li> <a href=\"https:\/\/exceladvisor.org\/tr\/otomatik-format\/\">Excel&#8217;de otomatik bi\u00e7imlendirme se\u00e7ene\u011fi<\/a><\/li><li> <a href=\"https:\/\/exceladvisor.org\/tr\/alternatif-cizgileri-vurgula\/\">Renk \u00f6rne\u011fiyle Excel&#8217;deki alternatif sat\u0131rlar\u0131 vurgulay\u0131n<\/a><\/li><li> <a href=\"https:\/\/exceladvisor.org\/tr\/simge-oyunlari\/\" data-wpil=\"url\">Excel&#8217;de simge k\u00fcmelerini kullanma (ko\u015fullu bi\u00e7imlendirme)<\/a><\/li><\/ul><\/div><\/div><\/div><\/div>","protected":false},"excerpt":{"rendered":"","protected":false},"author":1,"featured_media":0,"parent":0,"menu_order":0,"comment_status":"open","ping_status":"closed","template":"","meta":{"ub_ctt_via":"","footnotes":""},"class_list":["post-1912","page","type-page","status-publish","hentry"],"featured_image_src":null,"yoast_head":"<!-- This site is optimized with the Yoast SEO plugin v25.4 - https:\/\/yoast.com\/wordpress\/plugins\/seo\/ -->\n<title>Excel&#039;de s\u0131f\u0131rlar nas\u0131l gizlenir? (2023 K\u0131lavuzu)<\/title>\n<meta name=\"description\" content=\"Bu takip etmesi kolay e\u011fitimde, de\u011fer olarak yaln\u0131zca s\u0131f\u0131ra sahip oldu\u011funuz bir h\u00fccreden s\u0131f\u0131rlar\u0131 nas\u0131l gizleyece\u011finizi \u00f6\u011freneceksiniz\u2026\" \/>\n<meta name=\"robots\" content=\"index, follow, max-snippet:-1, max-image-preview:large, max-video-preview:-1\" \/>\n<link rel=\"canonical\" href=\"https:\/\/exceladvisor.org\/tr\/sifirlari-gizle\/\" \/>\n<meta property=\"og:locale\" content=\"tr_TR\" \/>\n<meta property=\"og:type\" content=\"article\" \/>\n<meta property=\"og:title\" content=\"Excel&#039;de s\u0131f\u0131rlar nas\u0131l gizlenir? (2023 K\u0131lavuzu)\" \/>\n<meta property=\"og:description\" content=\"Bu takip etmesi kolay e\u011fitimde, de\u011fer olarak yaln\u0131zca s\u0131f\u0131ra sahip oldu\u011funuz bir h\u00fccreden s\u0131f\u0131rlar\u0131 nas\u0131l gizleyece\u011finizi \u00f6\u011freneceksiniz\u2026\" \/>\n<meta property=\"og:url\" content=\"https:\/\/exceladvisor.org\/tr\/sifirlari-gizle\/\" \/>\n<meta property=\"og:site_name\" content=\"Excel Advisor\" \/>\n<meta property=\"article:modified_time\" content=\"2023-12-10T06:02:30+00:00\" \/>\n<meta property=\"og:image\" content=\"https:\/\/exceladvisor.org\/wp-content\/uploads\/2023\/08\/1-onglet-fichier-2.png\" \/>\n<meta name=\"twitter:card\" content=\"summary_large_image\" \/>\n<meta name=\"twitter:label1\" content=\"Tahmini okuma s\u00fcresi\" \/>\n\t<meta name=\"twitter:data1\" content=\"3 dakika\" \/>\n<script type=\"application\/ld+json\" class=\"yoast-schema-graph\">{\"@context\":\"https:\/\/schema.org\",\"@graph\":[{\"@type\":\"WebPage\",\"@id\":\"https:\/\/exceladvisor.org\/tr\/sifirlari-gizle\/\",\"url\":\"https:\/\/exceladvisor.org\/tr\/sifirlari-gizle\/\",\"name\":\"Excel&#39;de s\u0131f\u0131rlar nas\u0131l gizlenir? (2023 K\u0131lavuzu)\",\"isPartOf\":{\"@id\":\"https:\/\/exceladvisor.org\/tr\/#website\"},\"primaryImageOfPage\":{\"@id\":\"https:\/\/exceladvisor.org\/tr\/sifirlari-gizle\/#primaryimage\"},\"image\":{\"@id\":\"https:\/\/exceladvisor.org\/tr\/sifirlari-gizle\/#primaryimage\"},\"thumbnailUrl\":\"https:\/\/exceladvisor.org\/wp-content\/uploads\/2023\/08\/1-onglet-fichier-2.png\",\"datePublished\":\"2023-10-29T04:01:00+00:00\",\"dateModified\":\"2023-12-10T06:02:30+00:00\",\"description\":\"Bu takip etmesi kolay e\u011fitimde, de\u011fer olarak yaln\u0131zca s\u0131f\u0131ra sahip oldu\u011funuz bir h\u00fccreden s\u0131f\u0131rlar\u0131 nas\u0131l gizleyece\u011finizi \u00f6\u011freneceksiniz\u2026\",\"breadcrumb\":{\"@id\":\"https:\/\/exceladvisor.org\/tr\/sifirlari-gizle\/#breadcrumb\"},\"inLanguage\":\"tr\",\"potentialAction\":[{\"@type\":\"ReadAction\",\"target\":[\"https:\/\/exceladvisor.org\/tr\/sifirlari-gizle\/\"]}]},{\"@type\":\"ImageObject\",\"inLanguage\":\"tr\",\"@id\":\"https:\/\/exceladvisor.org\/tr\/sifirlari-gizle\/#primaryimage\",\"url\":\"https:\/\/exceladvisor.org\/wp-content\/uploads\/2023\/08\/1-onglet-fichier-2.png\",\"contentUrl\":\"https:\/\/exceladvisor.org\/wp-content\/uploads\/2023\/08\/1-onglet-fichier-2.png\"},{\"@type\":\"BreadcrumbList\",\"@id\":\"https:\/\/exceladvisor.org\/tr\/sifirlari-gizle\/#breadcrumb\",\"itemListElement\":[{\"@type\":\"ListItem\",\"position\":1,\"name\":\"Ev\",\"item\":\"https:\/\/exceladvisor.org\/tr\/\"},{\"@type\":\"ListItem\",\"position\":2,\"name\":\"Excel&#39;de s\u0131f\u0131r de\u011ferleri nas\u0131l gizlenir?\"}]},{\"@type\":\"WebSite\",\"@id\":\"https:\/\/exceladvisor.org\/tr\/#website\",\"url\":\"https:\/\/exceladvisor.org\/tr\/\",\"name\":\"Excel Advisor\",\"description\":\"Veri hakimiyetine y\u00f6nelik nihai rehberiniz!\",\"publisher\":{\"@id\":\"https:\/\/exceladvisor.org\/tr\/#organization\"},\"potentialAction\":[{\"@type\":\"SearchAction\",\"target\":{\"@type\":\"EntryPoint\",\"urlTemplate\":\"https:\/\/exceladvisor.org\/tr\/?s={search_term_string}\"},\"query-input\":{\"@type\":\"PropertyValueSpecification\",\"valueRequired\":true,\"valueName\":\"search_term_string\"}}],\"inLanguage\":\"tr\"},{\"@type\":\"Organization\",\"@id\":\"https:\/\/exceladvisor.org\/tr\/#organization\",\"name\":\"Excel Advisor\",\"url\":\"https:\/\/exceladvisor.org\/tr\/\",\"logo\":{\"@type\":\"ImageObject\",\"inLanguage\":\"tr\",\"@id\":\"https:\/\/exceladvisor.org\/tr\/#\/schema\/logo\/image\/\",\"url\":\"https:\/\/exceladvisor.org\/tr\/wp-content\/uploads\/2023\/12\/exceladvisor.org_.png\",\"contentUrl\":\"https:\/\/exceladvisor.org\/tr\/wp-content\/uploads\/2023\/12\/exceladvisor.org_.png\",\"width\":105,\"height\":36,\"caption\":\"Excel Advisor\"},\"image\":{\"@id\":\"https:\/\/exceladvisor.org\/tr\/#\/schema\/logo\/image\/\"}}]}<\/script>\n<!-- \/ Yoast SEO plugin. -->","yoast_head_json":{"title":"Excel&#39;de s\u0131f\u0131rlar nas\u0131l gizlenir? (2023 K\u0131lavuzu)","description":"Bu takip etmesi kolay e\u011fitimde, de\u011fer olarak yaln\u0131zca s\u0131f\u0131ra sahip oldu\u011funuz bir h\u00fccreden s\u0131f\u0131rlar\u0131 nas\u0131l gizleyece\u011finizi \u00f6\u011freneceksiniz\u2026","robots":{"index":"index","follow":"follow","max-snippet":"max-snippet:-1","max-image-preview":"max-image-preview:large","max-video-preview":"max-video-preview:-1"},"canonical":"https:\/\/exceladvisor.org\/tr\/sifirlari-gizle\/","og_locale":"tr_TR","og_type":"article","og_title":"Excel&#39;de s\u0131f\u0131rlar nas\u0131l gizlenir? (2023 K\u0131lavuzu)","og_description":"Bu takip etmesi kolay e\u011fitimde, de\u011fer olarak yaln\u0131zca s\u0131f\u0131ra sahip oldu\u011funuz bir h\u00fccreden s\u0131f\u0131rlar\u0131 nas\u0131l gizleyece\u011finizi \u00f6\u011freneceksiniz\u2026","og_url":"https:\/\/exceladvisor.org\/tr\/sifirlari-gizle\/","og_site_name":"Excel Advisor","article_modified_time":"2023-12-10T06:02:30+00:00","og_image":[{"url":"https:\/\/exceladvisor.org\/wp-content\/uploads\/2023\/08\/1-onglet-fichier-2.png","type":"","width":"","height":""}],"twitter_card":"summary_large_image","twitter_misc":{"Tahmini okuma s\u00fcresi":"3 dakika"},"schema":{"@context":"https:\/\/schema.org","@graph":[{"@type":"WebPage","@id":"https:\/\/exceladvisor.org\/tr\/sifirlari-gizle\/","url":"https:\/\/exceladvisor.org\/tr\/sifirlari-gizle\/","name":"Excel&#39;de s\u0131f\u0131rlar nas\u0131l gizlenir? (2023 K\u0131lavuzu)","isPartOf":{"@id":"https:\/\/exceladvisor.org\/tr\/#website"},"primaryImageOfPage":{"@id":"https:\/\/exceladvisor.org\/tr\/sifirlari-gizle\/#primaryimage"},"image":{"@id":"https:\/\/exceladvisor.org\/tr\/sifirlari-gizle\/#primaryimage"},"thumbnailUrl":"https:\/\/exceladvisor.org\/wp-content\/uploads\/2023\/08\/1-onglet-fichier-2.png","datePublished":"2023-10-29T04:01:00+00:00","dateModified":"2023-12-10T06:02:30+00:00","description":"Bu takip etmesi kolay e\u011fitimde, de\u011fer olarak yaln\u0131zca s\u0131f\u0131ra sahip oldu\u011funuz bir h\u00fccreden s\u0131f\u0131rlar\u0131 nas\u0131l gizleyece\u011finizi \u00f6\u011freneceksiniz\u2026","breadcrumb":{"@id":"https:\/\/exceladvisor.org\/tr\/sifirlari-gizle\/#breadcrumb"},"inLanguage":"tr","potentialAction":[{"@type":"ReadAction","target":["https:\/\/exceladvisor.org\/tr\/sifirlari-gizle\/"]}]},{"@type":"ImageObject","inLanguage":"tr","@id":"https:\/\/exceladvisor.org\/tr\/sifirlari-gizle\/#primaryimage","url":"https:\/\/exceladvisor.org\/wp-content\/uploads\/2023\/08\/1-onglet-fichier-2.png","contentUrl":"https:\/\/exceladvisor.org\/wp-content\/uploads\/2023\/08\/1-onglet-fichier-2.png"},{"@type":"BreadcrumbList","@id":"https:\/\/exceladvisor.org\/tr\/sifirlari-gizle\/#breadcrumb","itemListElement":[{"@type":"ListItem","position":1,"name":"Ev","item":"https:\/\/exceladvisor.org\/tr\/"},{"@type":"ListItem","position":2,"name":"Excel&#39;de s\u0131f\u0131r de\u011ferleri nas\u0131l gizlenir?"}]},{"@type":"WebSite","@id":"https:\/\/exceladvisor.org\/tr\/#website","url":"https:\/\/exceladvisor.org\/tr\/","name":"Excel Advisor","description":"Veri hakimiyetine y\u00f6nelik nihai rehberiniz!","publisher":{"@id":"https:\/\/exceladvisor.org\/tr\/#organization"},"potentialAction":[{"@type":"SearchAction","target":{"@type":"EntryPoint","urlTemplate":"https:\/\/exceladvisor.org\/tr\/?s={search_term_string}"},"query-input":{"@type":"PropertyValueSpecification","valueRequired":true,"valueName":"search_term_string"}}],"inLanguage":"tr"},{"@type":"Organization","@id":"https:\/\/exceladvisor.org\/tr\/#organization","name":"Excel Advisor","url":"https:\/\/exceladvisor.org\/tr\/","logo":{"@type":"ImageObject","inLanguage":"tr","@id":"https:\/\/exceladvisor.org\/tr\/#\/schema\/logo\/image\/","url":"https:\/\/exceladvisor.org\/tr\/wp-content\/uploads\/2023\/12\/exceladvisor.org_.png","contentUrl":"https:\/\/exceladvisor.org\/tr\/wp-content\/uploads\/2023\/12\/exceladvisor.org_.png","width":105,"height":36,"caption":"Excel Advisor"},"image":{"@id":"https:\/\/exceladvisor.org\/tr\/#\/schema\/logo\/image\/"}}]}},"yoast_meta":{"yoast_wpseo_title":"","yoast_wpseo_metadesc":"","yoast_wpseo_canonical":""},"_links":{"self":[{"href":"https:\/\/exceladvisor.org\/tr\/wp-json\/wp\/v2\/pages\/1912","targetHints":{"allow":["GET"]}}],"collection":[{"href":"https:\/\/exceladvisor.org\/tr\/wp-json\/wp\/v2\/pages"}],"about":[{"href":"https:\/\/exceladvisor.org\/tr\/wp-json\/wp\/v2\/types\/page"}],"author":[{"embeddable":true,"href":"https:\/\/exceladvisor.org\/tr\/wp-json\/wp\/v2\/users\/1"}],"replies":[{"embeddable":true,"href":"https:\/\/exceladvisor.org\/tr\/wp-json\/wp\/v2\/comments?post=1912"}],"version-history":[{"count":1,"href":"https:\/\/exceladvisor.org\/tr\/wp-json\/wp\/v2\/pages\/1912\/revisions"}],"predecessor-version":[{"id":2601,"href":"https:\/\/exceladvisor.org\/tr\/wp-json\/wp\/v2\/pages\/1912\/revisions\/2601"}],"wp:attachment":[{"href":"https:\/\/exceladvisor.org\/tr\/wp-json\/wp\/v2\/media?parent=1912"}],"curies":[{"name":"wp","href":"https:\/\/api.w.org\/{rel}","templated":true}]}}