{"id":1913,"date":"2023-10-29T03:47:35","date_gmt":"2023-10-29T03:47:35","guid":{"rendered":"https:\/\/exceladvisor.org\/tr\/en-iyi-yazi-tipleri\/"},"modified":"2023-12-10T06:04:36","modified_gmt":"2023-12-10T06:04:36","slug":"en-iyi-yazi-tipleri","status":"publish","type":"page","link":"https:\/\/exceladvisor.org\/tr\/en-iyi-yazi-tipleri\/","title":{"rendered":"Microsoft excel i\u00e7in en i\u0307yi 5 yaz\u0131 tipi"},"content":{"rendered":"<div class=\"excel-icerikten-once\" id=\"excel-3295974478\"><script type=\"text\/javascript\">\r\n\tatOptions = {\r\n\t\t'key' : 'c1158f160081d6540a8409e6925dab94',\r\n\t\t'format' : 'iframe',\r\n\t\t'height' : 250,\r\n\t\t'width' : 300,\r\n\t\t'params' : {}\r\n\t};\r\n<\/script>\r\n<script type=\"text\/javascript\" src=\"\/\/www.highperformanceformat.com\/c1158f160081d6540a8409e6925dab94\/invoke.js\"><\/script><\/div> <p>Excel&#8217;de verilerle \u00e7al\u0131\u015f\u0131rken, bu verileri kullan\u0131c\u0131n\u0131n anlayabilece\u011fi \u015fekilde sunmak i\u00e7in bir yaz\u0131 tipi kullanmak \u00f6nemlidir. <a href=\"https:\/\/exceladvisor.org\/tr\/varsayilan-yazi-tipi\/\">Excel&#8217;deki varsay\u0131lan yaz\u0131 tipi,<\/a> yaz\u0131 tipi boyutu 11 olan Calibri&#8217;dir, ancak istedi\u011finiz yaz\u0131 tipini kullanabilirsiniz.<\/p><p> Bu e\u011fitimde, varsay\u0131lan yaz\u0131 tipinin yerine iyi bir alternatif oldu\u011funu d\u00fc\u015f\u00fcnd\u00fc\u011f\u00fcm be\u015f farkl\u0131 yaz\u0131 tipini payla\u015faca\u011f\u0131m.<\/p><h2 class=\"wp-block-heading\"> 1. Segoe Kullan\u0131c\u0131 Aray\u00fcz\u00fc<\/h2><p> Segoe UI&#8217;nin Calibri&#8217;nin yerine m\u00fckemmel bir alternatif oldu\u011funu g\u00f6rd\u00fcm. Bu yaz\u0131 tipi Windows&#8217;ta zaten y\u00fckl\u00fc. Bunu Ana Sayfa \u21e2 Yaz\u0131 Tipi sekmesinden de\u011fi\u015ftirmeniz gerekebilir. <\/p><div class=\"wp-block-image\"><figure class=\"aligncenter size-full is-resized\"><img loading=\"lazy\" decoding=\"async\" class=\"wp-image-77602\" src=\"https:\/\/exceladvisor.org\/wp-content\/uploads\/2023\/08\/1-interface-utilisateur.png\" sizes=\"auto, \" srcset=\"\" alt=\"segoe-ui\" width=\"543\" height=\"334\"><\/figure><\/div><h2 class=\"wp-block-heading\"> 2. K\u00f6knar Kodu<\/h2><p> Fira Code, sisteminize <a href=\"https:\/\/fonts.google.com\/specimen\/Fira+Code\" target=\"_blank\" rel=\"noreferrer noopener nofollow\">indirip y\u00fckleyebilece\u011finiz<\/a> bir Google yaz\u0131 tipidir. Say\u0131lar\u0131 sunmam gerekti\u011finde bunu faydal\u0131 buldum. Biraz ince ve okumay\u0131 kolayla\u015ft\u0131r\u0131yor. <\/p><div class=\"wp-block-image\"><figure class=\"aligncenter size-full is-resized\"><img loading=\"lazy\" decoding=\"async\" class=\"wp-image-77603\" src=\"https:\/\/exceladvisor.org\/wp-content\/uploads\/2023\/08\/2-fira-code.png\" sizes=\"auto, \" srcset=\"\" alt=\"fira kodu\" width=\"562\" height=\"342\"><\/figure><\/div><h2 class=\"wp-block-heading\"> 3. Verdan<\/h2><p> Verdana, Windows&#8217;ta \u00f6nceden y\u00fcklenmi\u015f bir yaz\u0131 tipidir ve d\u00fcnyada en \u00e7ok kullan\u0131lan yaz\u0131 tiplerinden biridir. B\u00fcy\u00fck veri k\u00fcmeleri \u00fczerinde \u00e7al\u0131\u015f\u0131rken bu yaz\u0131 tipini kullan\u0131yorum. D\u00fcnyan\u0131n her yerinde kullan\u0131ld\u0131\u011f\u0131 i\u00e7in okunabilirli\u011fi m\u00fckemmeldir ve raporlarda da kullanabilirsiniz. <\/p><div class=\"wp-block-image\"><figure class=\"aligncenter size-full is-resized\"><img loading=\"lazy\" decoding=\"async\" class=\"wp-image-77604\" src=\"https:\/\/exceladvisor.org\/wp-content\/uploads\/2023\/08\/3-verdure.png\" sizes=\"auto, \" srcset=\"\" alt=\"ye\u015fil\" width=\"601\" height=\"323\"><\/figure><\/div><h2 class=\"wp-block-heading\"> 4. Helvetik<\/h2><p> Helvetica ayr\u0131ca Windows&#8217;ta \u00f6nceden y\u00fcklenmi\u015f bir yaz\u0131 tipidir ve bunu Excel&#8217;de de kullanabilirsiniz. Bu yaz\u0131 tipi b\u00fcy\u00fck veri k\u00fcmeleriyle ve \u00f6zellikle s\u00fctun ba\u015fl\u0131klar\u0131yla harika \u00e7al\u0131\u015f\u0131r. <\/p><div class=\"wp-block-image\"><figure class=\"aligncenter size-full is-resized\"><img loading=\"lazy\" decoding=\"async\" class=\"wp-image-77605\" src=\"https:\/\/exceladvisor.org\/wp-content\/uploads\/2023\/08\/4-helvetiques.png\" sizes=\"auto, \" srcset=\"\" alt=\"\u0130svi\u00e7re\" width=\"609\" height=\"354\"><\/figure><\/div><h2 class=\"wp-block-heading\"> 5. Profesyonel Kaynak Kodu<\/h2><p> Source Code Pro ayn\u0131 zamanda indirip sisteme kurman\u0131z gereken bir Google yaz\u0131 tipidir. \u00d6zellikle b\u00fcy\u00fck yaz\u0131 tipi boyutu kullanman\u0131z gerekti\u011finde g\u00f6sterge tablolar\u0131nda ve raporlarda kullan\u0131labilecek \u015f\u0131k bir yaz\u0131 tipidir. <\/p><div class=\"wp-block-image\"><figure class=\"aligncenter size-full is-resized\"><img loading=\"lazy\" decoding=\"async\" class=\"wp-image-77606\" src=\"https:\/\/exceladvisor.org\/wp-content\/uploads\/2023\/08\/5-code-source-pro.png\" sizes=\"auto, \" srcset=\"\" alt=\"kod-kaynak-pro\" width=\"627\" height=\"360\"><\/figure><\/div><div class=\"gb-container gb-container-6f14e053 gb-container-note\"><p class=\"gb-headline gb-headline-b900408c gb-headline-text\"> Bu listede sadece sans serif yaz\u0131 tiplerini \u00f6nerdim. <a href=\"https:\/\/exceladvisor.org\/tr\/excelin-temelleri\/\">Excel bir elektronik tablodur<\/a> ve verilerle \u00e7al\u0131\u015f\u0131rken yaz\u0131 tipi stilinin kullan\u0131c\u0131 taraf\u0131ndan kolayca anla\u015f\u0131labilmesi gerekir.<\/p><\/div><div class=\"gb-container gb-container-4db6181c gb-container-mt\"> <a class=\"gb-button gb-button-c5897111 gb-button-text gb-button-mt-button\" href=\"https:\/\/exceladvisor.org\/tr\/excel-ilerlemesi\/\">\u0130leri D\u00fczey Excel Dersleri<\/a><h2 class=\"gb-headline gb-headline-665e5f6b gb-headline-text gb-headline-mt-heading\"> \u0130lgili e\u011fitimler <\/h2><div class=\"gb-grid-wrapper gb-grid-wrapper-a20baf7c gb-grid-wrapper-mt-grid\"><div class=\"gb-grid-column gb-grid-column-65ddf67e\"><div class=\"gb-container gb-container-65ddf67e\"><ul><li> <a href=\"https:\/\/exceladvisor.org\/tr\/formuller-1\/\" data-wpil=\"url\">Ko\u015fullu bi\u00e7imlendirmedeki form\u00fcller<\/a><\/li><li> <a href=\"https:\/\/exceladvisor.org\/tr\/otomatik-format\/\">Excel&#8217;de otomatik bi\u00e7imlendirme se\u00e7ene\u011fi<\/a><\/li><li> <a href=\"https:\/\/exceladvisor.org\/tr\/alternatif-cizgileri-vurgula\/\">Renk \u00f6rne\u011fiyle Excel&#8217;deki alternatif sat\u0131rlar\u0131 vurgulay\u0131n<\/a><\/li><li> <a href=\"https:\/\/exceladvisor.org\/tr\/simge-oyunlari\/\" data-wpil=\"url\">Excel&#8217;de simge k\u00fcmelerini kullanma (ko\u015fullu bi\u00e7imlendirme)<\/a><\/li><\/ul><\/div><\/div><\/div><\/div>","protected":false},"excerpt":{"rendered":"","protected":false},"author":1,"featured_media":0,"parent":0,"menu_order":0,"comment_status":"open","ping_status":"closed","template":"","meta":{"ub_ctt_via":"","footnotes":""},"class_list":["post-1913","page","type-page","status-publish","hentry"],"featured_image_src":null,"yoast_head":"<!-- This site is optimized with the Yoast SEO plugin v25.4 - https:\/\/yoast.com\/wordpress\/plugins\/seo\/ -->\n<title>\u25b7 2023&#039;te Microsoft Excel i\u00e7in En \u0130yi 5 Yaz\u0131 Tipi<\/title>\n<meta name=\"description\" content=\"Bu e\u011fitimde Microsoft Excel&#039;de kullanabilece\u011finiz en iyi be\u015f yaz\u0131 tipini listeledik.\" \/>\n<meta name=\"robots\" content=\"index, follow, max-snippet:-1, max-image-preview:large, max-video-preview:-1\" \/>\n<link rel=\"canonical\" href=\"https:\/\/exceladvisor.org\/tr\/en-iyi-yazi-tipleri\/\" \/>\n<meta property=\"og:locale\" content=\"tr_TR\" \/>\n<meta property=\"og:type\" content=\"article\" \/>\n<meta property=\"og:title\" content=\"\u25b7 2023&#039;te Microsoft Excel i\u00e7in En \u0130yi 5 Yaz\u0131 Tipi\" \/>\n<meta property=\"og:description\" content=\"Bu e\u011fitimde Microsoft Excel&#039;de kullanabilece\u011finiz en iyi be\u015f yaz\u0131 tipini listeledik.\" \/>\n<meta property=\"og:url\" content=\"https:\/\/exceladvisor.org\/tr\/en-iyi-yazi-tipleri\/\" \/>\n<meta property=\"og:site_name\" content=\"Excel Advisor\" \/>\n<meta property=\"article:modified_time\" content=\"2023-12-10T06:04:36+00:00\" \/>\n<meta property=\"og:image\" content=\"https:\/\/exceladvisor.org\/wp-content\/uploads\/2023\/08\/1-interface-utilisateur.png\" \/>\n<meta name=\"twitter:card\" content=\"summary_large_image\" \/>\n<meta name=\"twitter:label1\" content=\"Tahmini okuma s\u00fcresi\" \/>\n\t<meta name=\"twitter:data1\" content=\"2 dakika\" \/>\n<script type=\"application\/ld+json\" class=\"yoast-schema-graph\">{\"@context\":\"https:\/\/schema.org\",\"@graph\":[{\"@type\":\"WebPage\",\"@id\":\"https:\/\/exceladvisor.org\/tr\/en-iyi-yazi-tipleri\/\",\"url\":\"https:\/\/exceladvisor.org\/tr\/en-iyi-yazi-tipleri\/\",\"name\":\"\u25b7 2023&#39;te Microsoft Excel i\u00e7in En \u0130yi 5 Yaz\u0131 Tipi\",\"isPartOf\":{\"@id\":\"https:\/\/exceladvisor.org\/tr\/#website\"},\"primaryImageOfPage\":{\"@id\":\"https:\/\/exceladvisor.org\/tr\/en-iyi-yazi-tipleri\/#primaryimage\"},\"image\":{\"@id\":\"https:\/\/exceladvisor.org\/tr\/en-iyi-yazi-tipleri\/#primaryimage\"},\"thumbnailUrl\":\"https:\/\/exceladvisor.org\/wp-content\/uploads\/2023\/08\/1-interface-utilisateur.png\",\"datePublished\":\"2023-10-29T03:47:35+00:00\",\"dateModified\":\"2023-12-10T06:04:36+00:00\",\"description\":\"Bu e\u011fitimde Microsoft Excel&#39;de kullanabilece\u011finiz en iyi be\u015f yaz\u0131 tipini listeledik.\",\"breadcrumb\":{\"@id\":\"https:\/\/exceladvisor.org\/tr\/en-iyi-yazi-tipleri\/#breadcrumb\"},\"inLanguage\":\"tr\",\"potentialAction\":[{\"@type\":\"ReadAction\",\"target\":[\"https:\/\/exceladvisor.org\/tr\/en-iyi-yazi-tipleri\/\"]}]},{\"@type\":\"ImageObject\",\"inLanguage\":\"tr\",\"@id\":\"https:\/\/exceladvisor.org\/tr\/en-iyi-yazi-tipleri\/#primaryimage\",\"url\":\"https:\/\/exceladvisor.org\/wp-content\/uploads\/2023\/08\/1-interface-utilisateur.png\",\"contentUrl\":\"https:\/\/exceladvisor.org\/wp-content\/uploads\/2023\/08\/1-interface-utilisateur.png\"},{\"@type\":\"BreadcrumbList\",\"@id\":\"https:\/\/exceladvisor.org\/tr\/en-iyi-yazi-tipleri\/#breadcrumb\",\"itemListElement\":[{\"@type\":\"ListItem\",\"position\":1,\"name\":\"Ev\",\"item\":\"https:\/\/exceladvisor.org\/tr\/\"},{\"@type\":\"ListItem\",\"position\":2,\"name\":\"Microsoft excel i\u00e7in en i\u0307yi 5 yaz\u0131 tipi\"}]},{\"@type\":\"WebSite\",\"@id\":\"https:\/\/exceladvisor.org\/tr\/#website\",\"url\":\"https:\/\/exceladvisor.org\/tr\/\",\"name\":\"Excel Advisor\",\"description\":\"Veri hakimiyetine y\u00f6nelik nihai rehberiniz!\",\"publisher\":{\"@id\":\"https:\/\/exceladvisor.org\/tr\/#organization\"},\"potentialAction\":[{\"@type\":\"SearchAction\",\"target\":{\"@type\":\"EntryPoint\",\"urlTemplate\":\"https:\/\/exceladvisor.org\/tr\/?s={search_term_string}\"},\"query-input\":{\"@type\":\"PropertyValueSpecification\",\"valueRequired\":true,\"valueName\":\"search_term_string\"}}],\"inLanguage\":\"tr\"},{\"@type\":\"Organization\",\"@id\":\"https:\/\/exceladvisor.org\/tr\/#organization\",\"name\":\"Excel Advisor\",\"url\":\"https:\/\/exceladvisor.org\/tr\/\",\"logo\":{\"@type\":\"ImageObject\",\"inLanguage\":\"tr\",\"@id\":\"https:\/\/exceladvisor.org\/tr\/#\/schema\/logo\/image\/\",\"url\":\"https:\/\/exceladvisor.org\/tr\/wp-content\/uploads\/2023\/12\/exceladvisor.org_.png\",\"contentUrl\":\"https:\/\/exceladvisor.org\/tr\/wp-content\/uploads\/2023\/12\/exceladvisor.org_.png\",\"width\":105,\"height\":36,\"caption\":\"Excel Advisor\"},\"image\":{\"@id\":\"https:\/\/exceladvisor.org\/tr\/#\/schema\/logo\/image\/\"}}]}<\/script>\n<!-- \/ Yoast SEO plugin. -->","yoast_head_json":{"title":"\u25b7 2023&#39;te Microsoft Excel i\u00e7in En \u0130yi 5 Yaz\u0131 Tipi","description":"Bu e\u011fitimde Microsoft Excel&#39;de kullanabilece\u011finiz en iyi be\u015f yaz\u0131 tipini listeledik.","robots":{"index":"index","follow":"follow","max-snippet":"max-snippet:-1","max-image-preview":"max-image-preview:large","max-video-preview":"max-video-preview:-1"},"canonical":"https:\/\/exceladvisor.org\/tr\/en-iyi-yazi-tipleri\/","og_locale":"tr_TR","og_type":"article","og_title":"\u25b7 2023&#39;te Microsoft Excel i\u00e7in En \u0130yi 5 Yaz\u0131 Tipi","og_description":"Bu e\u011fitimde Microsoft Excel&#39;de kullanabilece\u011finiz en iyi be\u015f yaz\u0131 tipini listeledik.","og_url":"https:\/\/exceladvisor.org\/tr\/en-iyi-yazi-tipleri\/","og_site_name":"Excel Advisor","article_modified_time":"2023-12-10T06:04:36+00:00","og_image":[{"url":"https:\/\/exceladvisor.org\/wp-content\/uploads\/2023\/08\/1-interface-utilisateur.png","type":"","width":"","height":""}],"twitter_card":"summary_large_image","twitter_misc":{"Tahmini okuma s\u00fcresi":"2 dakika"},"schema":{"@context":"https:\/\/schema.org","@graph":[{"@type":"WebPage","@id":"https:\/\/exceladvisor.org\/tr\/en-iyi-yazi-tipleri\/","url":"https:\/\/exceladvisor.org\/tr\/en-iyi-yazi-tipleri\/","name":"\u25b7 2023&#39;te Microsoft Excel i\u00e7in En \u0130yi 5 Yaz\u0131 Tipi","isPartOf":{"@id":"https:\/\/exceladvisor.org\/tr\/#website"},"primaryImageOfPage":{"@id":"https:\/\/exceladvisor.org\/tr\/en-iyi-yazi-tipleri\/#primaryimage"},"image":{"@id":"https:\/\/exceladvisor.org\/tr\/en-iyi-yazi-tipleri\/#primaryimage"},"thumbnailUrl":"https:\/\/exceladvisor.org\/wp-content\/uploads\/2023\/08\/1-interface-utilisateur.png","datePublished":"2023-10-29T03:47:35+00:00","dateModified":"2023-12-10T06:04:36+00:00","description":"Bu e\u011fitimde Microsoft Excel&#39;de kullanabilece\u011finiz en iyi be\u015f yaz\u0131 tipini listeledik.","breadcrumb":{"@id":"https:\/\/exceladvisor.org\/tr\/en-iyi-yazi-tipleri\/#breadcrumb"},"inLanguage":"tr","potentialAction":[{"@type":"ReadAction","target":["https:\/\/exceladvisor.org\/tr\/en-iyi-yazi-tipleri\/"]}]},{"@type":"ImageObject","inLanguage":"tr","@id":"https:\/\/exceladvisor.org\/tr\/en-iyi-yazi-tipleri\/#primaryimage","url":"https:\/\/exceladvisor.org\/wp-content\/uploads\/2023\/08\/1-interface-utilisateur.png","contentUrl":"https:\/\/exceladvisor.org\/wp-content\/uploads\/2023\/08\/1-interface-utilisateur.png"},{"@type":"BreadcrumbList","@id":"https:\/\/exceladvisor.org\/tr\/en-iyi-yazi-tipleri\/#breadcrumb","itemListElement":[{"@type":"ListItem","position":1,"name":"Ev","item":"https:\/\/exceladvisor.org\/tr\/"},{"@type":"ListItem","position":2,"name":"Microsoft excel i\u00e7in en i\u0307yi 5 yaz\u0131 tipi"}]},{"@type":"WebSite","@id":"https:\/\/exceladvisor.org\/tr\/#website","url":"https:\/\/exceladvisor.org\/tr\/","name":"Excel Advisor","description":"Veri hakimiyetine y\u00f6nelik nihai rehberiniz!","publisher":{"@id":"https:\/\/exceladvisor.org\/tr\/#organization"},"potentialAction":[{"@type":"SearchAction","target":{"@type":"EntryPoint","urlTemplate":"https:\/\/exceladvisor.org\/tr\/?s={search_term_string}"},"query-input":{"@type":"PropertyValueSpecification","valueRequired":true,"valueName":"search_term_string"}}],"inLanguage":"tr"},{"@type":"Organization","@id":"https:\/\/exceladvisor.org\/tr\/#organization","name":"Excel Advisor","url":"https:\/\/exceladvisor.org\/tr\/","logo":{"@type":"ImageObject","inLanguage":"tr","@id":"https:\/\/exceladvisor.org\/tr\/#\/schema\/logo\/image\/","url":"https:\/\/exceladvisor.org\/tr\/wp-content\/uploads\/2023\/12\/exceladvisor.org_.png","contentUrl":"https:\/\/exceladvisor.org\/tr\/wp-content\/uploads\/2023\/12\/exceladvisor.org_.png","width":105,"height":36,"caption":"Excel Advisor"},"image":{"@id":"https:\/\/exceladvisor.org\/tr\/#\/schema\/logo\/image\/"}}]}},"yoast_meta":{"yoast_wpseo_title":"","yoast_wpseo_metadesc":"","yoast_wpseo_canonical":""},"_links":{"self":[{"href":"https:\/\/exceladvisor.org\/tr\/wp-json\/wp\/v2\/pages\/1913","targetHints":{"allow":["GET"]}}],"collection":[{"href":"https:\/\/exceladvisor.org\/tr\/wp-json\/wp\/v2\/pages"}],"about":[{"href":"https:\/\/exceladvisor.org\/tr\/wp-json\/wp\/v2\/types\/page"}],"author":[{"embeddable":true,"href":"https:\/\/exceladvisor.org\/tr\/wp-json\/wp\/v2\/users\/1"}],"replies":[{"embeddable":true,"href":"https:\/\/exceladvisor.org\/tr\/wp-json\/wp\/v2\/comments?post=1913"}],"version-history":[{"count":1,"href":"https:\/\/exceladvisor.org\/tr\/wp-json\/wp\/v2\/pages\/1913\/revisions"}],"predecessor-version":[{"id":2745,"href":"https:\/\/exceladvisor.org\/tr\/wp-json\/wp\/v2\/pages\/1913\/revisions\/2745"}],"wp:attachment":[{"href":"https:\/\/exceladvisor.org\/tr\/wp-json\/wp\/v2\/media?parent=1913"}],"curies":[{"name":"wp","href":"https:\/\/api.w.org\/{rel}","templated":true}]}}