{"id":1914,"date":"2023-10-29T03:25:02","date_gmt":"2023-10-29T03:25:02","guid":{"rendered":"https:\/\/exceladvisor.org\/tr\/sayfa-kenar-boslugu\/"},"modified":"2023-12-10T06:02:22","modified_gmt":"2023-12-10T06:02:22","slug":"sayfa-kenar-boslugu","status":"publish","type":"page","link":"https:\/\/exceladvisor.org\/tr\/sayfa-kenar-boslugu\/","title":{"rendered":"Excel&#39;de sayfa kenar bo\u015flu\u011fu nas\u0131l de\u011fi\u015ftirilir?"},"content":{"rendered":"<div class=\"excel-icerikten-once\" id=\"excel-757143499\"><script type=\"text\/javascript\">\r\n\tatOptions = {\r\n\t\t'key' : 'c1158f160081d6540a8409e6925dab94',\r\n\t\t'format' : 'iframe',\r\n\t\t'height' : 250,\r\n\t\t'width' : 300,\r\n\t\t'params' : {}\r\n\t};\r\n<\/script>\r\n<script type=\"text\/javascript\" src=\"\/\/www.highperformanceformat.com\/c1158f160081d6540a8409e6925dab94\/invoke.js\"><\/script><\/div> <p>Excel&#8217;de bas\u0131l\u0131 bir rapor yazd\u0131rmak istiyorsan\u0131z sayfa kenar bo\u015fluklar\u0131n\u0131 ihtiya\u00e7lar\u0131n\u0131za g\u00f6re de\u011fi\u015ftirebilirsiniz. Varsay\u0131lan olarak kenar bo\u015fluklar\u0131n\u0131z sol ve sa\u011f i\u00e7in 1,78 cm, alt ve \u00fcst i\u00e7in 1,91 cm&#8217;dir. <\/p><div class=\"wp-block-image\"><figure class=\"aligncenter size-full is-resized\"><img loading=\"lazy\" decoding=\"async\" class=\"wp-image-77636\" src=\"https:\/\/exceladvisor.org\/wp-content\/uploads\/2023\/08\/1-marge-de-page-dans-excel.png\" sizes=\"auto, \" srcset=\"\" alt=\"Excel'de sayfa kenar bo\u015flu\u011fu\" width=\"323\" height=\"465\"><\/figure><\/div><p> Bu kenar bo\u015fluklar\u0131n\u0131 ihtiya\u00e7lar\u0131n\u0131za g\u00f6re de\u011fi\u015ftirebilirsiniz. Bu e\u011fitimde t\u00fcm farkl\u0131 se\u00e7eneklere bakaca\u011f\u0131z ve Excel&#8217;de sayfa kenar bo\u015fluklar\u0131n\u0131 de\u011fi\u015ftirme y\u00f6ntemleriniz var.<\/p><h2 class=\"wp-block-heading\"> Excel&#8217;de sayfa kenar bo\u015flu\u011funu de\u011fi\u015ftirme<\/h2><ol type=\"1\"><li> \u00d6ncelikle D\u00fczen sekmesine gidin.<\/li><li> Bundan sonra sayfa yap\u0131land\u0131rma se\u00e7enekleri grubuna gidin.<\/li><li> Daha sonra \u201cD\u00fczen\u201d a\u00e7\u0131l\u0131r men\u00fcs\u00fcne t\u0131klay\u0131n.<\/li><li> Sonunda kullanmak istedi\u011finiz sayfa kenar bo\u015flu\u011fu ayar\u0131n\u0131 se\u00e7in. <\/li><\/ol><div class=\"wp-block-image\"><figure class=\"aligncenter size-full is-resized\"><img loading=\"lazy\" decoding=\"async\" class=\"wp-image-77637\" src=\"https:\/\/exceladvisor.org\/wp-content\/uploads\/2023\/08\/2-modifier-la-marge-de-la-page.png\" sizes=\"auto, \" srcset=\"\" alt=\"sayfa kenar bo\u015flu\u011funu de\u011fi\u015ftir\" width=\"550\" height=\"502\"><\/figure><\/div><p> Kullanabilece\u011finiz \u00fc\u00e7 ana \u00f6n ayar vard\u0131r: Normal (varsay\u0131lan), Geni\u015f ve Dar.<\/p><h2 class=\"wp-block-heading\"> \u00d6zel sayfa kenar bo\u015fluklar\u0131<\/h2><p> \u00d6zel sayfa kenar bo\u015flu\u011fu de\u011ferlerini de kullanabilirsiniz. D\u00fczen a\u00e7\u0131l\u0131r listesini a\u015fa\u011f\u0131 kayd\u0131rd\u0131\u011f\u0131n\u0131zda, \u201c\u00d6zel Kenar Bo\u015flu\u011fu\u201d se\u00e7ene\u011fine t\u0131klay\u0131n ve ileti\u015fim kutusunu a\u00e7\u0131n. Alt \u21e2 P \u21e2 M \u21e2 A <a href=\"https:\/\/exceladvisor.org\/tr\/klavye-kisayollari\/\">klavye k\u0131sayolunu<\/a> da kullanabilirsiniz. <\/p><div class=\"wp-block-image\"><figure class=\"aligncenter size-full is-resized\"><img loading=\"lazy\" decoding=\"async\" class=\"wp-image-77639\" src=\"https:\/\/exceladvisor.org\/wp-content\/uploads\/2023\/08\/3-marges-de-page-personnalisees.png\" sizes=\"auto, \" srcset=\"\" alt=\"\u00f6zel sayfa kenar bo\u015fluklar\u0131\" width=\"362\" height=\"527\"><\/figure><\/div><p> \u0130leti\u015fim kutusunda sayfa kenar bo\u015flu\u011fu de\u011ferlerini de\u011fi\u015ftirebilir ve yenisini ayarlayabilirsiniz. <\/p><div class=\"wp-block-image\"><figure class=\"aligncenter size-full is-resized\"><img loading=\"lazy\" decoding=\"async\" class=\"wp-image-77640\" src=\"https:\/\/exceladvisor.org\/wp-content\/uploads\/2023\/08\/Boite-de-dialogue-de-configuration-a-4-pages.png\" sizes=\"auto, \" srcset=\"\" alt=\"d\u00fczen ileti\u015fim kutusu\" width=\"506\" height=\"488\"><\/figure><\/div><p> Ayr\u0131ca <a href=\"https:\/\/exceladvisor.org\/tr\/altbilgi-basligi-ekle\/\">\u00fcstbilgi ve altbilgi<\/a> de\u011ferlerini de\u011fi\u015ftirebilir ve i\u00e7eri\u011fi <a href=\"https:\/\/exceladvisor.org\/tr\/calisma-sayfasini-yatay-olarak-ortalayin\/\">dikey ve yatay olarak<\/a> ortalayabilirsiniz.<\/p><h2 class=\"wp-block-heading\"> Bask\u0131 \u00f6nizleme penceresinden kenar bo\u015fluklar\u0131n\u0131 ayarlay\u0131n<\/h2><p> <a href=\"https:\/\/exceladvisor.org\/tr\/baski-onizleme-1\/\">Bask\u0131 \u00d6nizleme&#8217;yi<\/a> a\u00e7t\u0131\u011f\u0131n\u0131zda kenar bo\u015fluklar\u0131n\u0131 de\u011fi\u015ftirme se\u00e7ene\u011finiz de olur. Ayarlar b\u00f6l\u00fcm\u00fcnde a\u015fa\u011f\u0131 kayd\u0131r\u0131n ve kenar bo\u015flu\u011fu a\u00e7\u0131l\u0131r men\u00fcs\u00fcn\u00fc t\u0131klay\u0131n. <\/p><div class=\"wp-block-image\"><figure class=\"aligncenter size-full is-resized\"><img loading=\"lazy\" decoding=\"async\" class=\"wp-image-77641\" src=\"https:\/\/exceladvisor.org\/wp-content\/uploads\/2023\/08\/5-ajuster-les-marges.png\" sizes=\"auto, \" srcset=\"\" alt=\"kenar bo\u015fluklar\u0131n\u0131 ayarla\" width=\"248\" height=\"416\"><\/figure><\/div><p> \u00dczerine t\u0131klad\u0131\u011f\u0131n\u0131zda \u00f6n ayarlara ve \u00f6zel kenar bo\u015flu\u011fu se\u00e7ene\u011fine sahip olacaks\u0131n\u0131z ve ayr\u0131ca son kullan\u0131lan ayar\u0131 da se\u00e7eceksiniz. <\/p><div class=\"wp-block-image\"><figure class=\"aligncenter size-full is-resized\"><img loading=\"lazy\" decoding=\"async\" class=\"wp-image-77642\" src=\"https:\/\/exceladvisor.org\/wp-content\/uploads\/2023\/08\/6-marges-predefinies.png\" sizes=\"auto, \" srcset=\"\" alt=\"\u00f6nceden tan\u0131mlanm\u0131\u015f kenar bo\u015fluklar\u0131\" width=\"353\" height=\"524\"><\/figure><\/div><p> Bu, \u015feridin D\u00fczen sekmesindeki se\u00e7eneklerin ayn\u0131 listesidir.<\/p><h2 class=\"wp-block-heading\"> Kenar bo\u015fluklar\u0131n\u0131 g\u00f6sterin ve fareyle de\u011fi\u015ftirin<\/h2><p> Kenar bo\u015fluklar\u0131n\u0131 fare imlecinizle de\u011fi\u015ftirmek i\u00e7in bask\u0131 \u00f6nizlemedeki \u201cKenar Bo\u015flu\u011funu G\u00f6ster\u201d se\u00e7ene\u011fini de kullanabilirsiniz. Bask\u0131 \u00f6nizleme penceresinin sa\u011f alt k\u0131sm\u0131nda k\u00fc\u00e7\u00fck bir d\u00fc\u011fme bulunur; etkinle\u015ftirmek i\u00e7in ona t\u0131klay\u0131n. <\/p><div class=\"wp-block-image\"><figure class=\"aligncenter size-full is-resized\"><img loading=\"lazy\" decoding=\"async\" class=\"wp-image-77643\" src=\"https:\/\/exceladvisor.org\/wp-content\/uploads\/2023\/08\/7-afficher-la-copie-des-marges.png\" sizes=\"auto, \" srcset=\"\" alt=\"kenar bo\u015fluklar\u0131n\u0131 g\u00f6ster -Kopyala\" width=\"402\" height=\"557\"><\/figure><\/div><p> \u00dczerine t\u0131klad\u0131\u011f\u0131n\u0131z anda sayfadaki t\u00fcm kenar bo\u015fluklar\u0131n\u0131n \u00f6nizlemesini verir ve bunu fare imleciyle de\u011fi\u015ftirirsiniz. <\/p><div class=\"wp-block-image\"><figure class=\"aligncenter size-full is-resized\"><img loading=\"lazy\" decoding=\"async\" class=\"wp-image-77644\" src=\"https:\/\/exceladvisor.org\/wp-content\/uploads\/2023\/08\/8-marges-dapercu-sur-la-page.png\" sizes=\"auto, \" srcset=\"\" alt=\"sayfadaki-\u00f6nizleme-kenar bo\u015fluklar\u0131\" width=\"408\" height=\"565\"><\/figure><\/div><p> \u00c7al\u0131\u015fma kitab\u0131n\u0131zda birden fazla \u00e7al\u0131\u015fma sayfan\u0131z varsa ve yazd\u0131rma i\u00e7in \u00f6zel bir kenar bo\u015flu\u011fu de\u011feri kullanmak istiyorsan\u0131z, bunu her sayfa i\u00e7in de\u011fi\u015ftirmeniz gerekir.<\/p><div class=\"gb-container gb-container-4db6181c gb-container-mt\"> <a class=\"gb-button gb-button-c5897111 gb-button-text gb-button-mt-button\" href=\"https:\/\/exceladvisor.org\/tr\/excel-ilerlemesi\/\">\u0130leri Excel E\u011fitimi<\/a><h2 class=\"gb-headline gb-headline-665e5f6b gb-headline-text gb-headline-mt-heading\"> \u0130lgili e\u011fitimler <\/h2><div class=\"gb-grid-wrapper gb-grid-wrapper-a20baf7c gb-grid-wrapper-mt-grid\"><div class=\"gb-grid-column gb-grid-column-65ddf67e\"><div class=\"gb-container gb-container-65ddf67e\"><ul><li> <a href=\"https:\/\/exceladvisor.org\/tr\/basliklari-yazdir\/\">Excel&#8217;de Yazd\u0131rma Ba\u015fl\u0131klar\u0131n\u0131 Uygula (sat\u0131r 1&#8217;i her sayfaya yazd\u0131racak \u015fekilde ayarlay\u0131n)<\/a><\/li><li> <a href=\"https:\/\/exceladvisor.org\/tr\/grafik-kagidi\/\">Excel&#8217;de bir grafik ka\u011f\u0131d\u0131 yazd\u0131rma (kare \u0131zgara \u015fablonu)<\/a><\/li><li> <a href=\"https:\/\/exceladvisor.org\/tr\/sayfa-sonunu-kaldir\/\">Excel&#8217;de sayfa sonunu kald\u0131r<\/a><\/li><li> <a href=\"https:\/\/exceladvisor.org\/tr\/yazdirma-alanini-ayarla\/\">Excel&#8217;de Yazd\u0131rma Alan\u0131n\u0131 Ayarlama<\/a><\/li><li> <a href=\"https:\/\/exceladvisor.org\/tr\/calisma-sayfasini-yatay-olarak-ortalayin\/\">Excel&#8217;de \u00e7al\u0131\u015fma sayfas\u0131n\u0131 yatay ve dikey olarak ortalama<\/a><\/li><\/ul><\/div><\/div><\/div><\/div>","protected":false},"excerpt":{"rendered":"","protected":false},"author":1,"featured_media":0,"parent":0,"menu_order":0,"comment_status":"open","ping_status":"closed","template":"","meta":{"ub_ctt_via":"","footnotes":""},"class_list":["post-1914","page","type-page","status-publish","hentry"],"featured_image_src":null,"yoast_head":"<!-- This site is optimized with the Yoast SEO plugin v25.4 - https:\/\/yoast.com\/wordpress\/plugins\/seo\/ -->\n<title>Excel&#039;de sayfa kenar bo\u015flu\u011fu nas\u0131l de\u011fi\u015ftirilir?<\/title>\n<meta name=\"description\" content=\"Bu takip etmesi kolay e\u011fitimde, Excel&#039;de sayfa kenar bo\u015fluklar\u0131n\u0131 nas\u0131l de\u011fi\u015ftirece\u011finizi ve onunla birlikte gelen t\u00fcm se\u00e7enekleri \u00f6\u011freneceksiniz\u2026\" \/>\n<meta name=\"robots\" content=\"index, follow, max-snippet:-1, max-image-preview:large, max-video-preview:-1\" \/>\n<link rel=\"canonical\" href=\"https:\/\/exceladvisor.org\/tr\/sayfa-kenar-boslugu\/\" \/>\n<meta property=\"og:locale\" content=\"tr_TR\" \/>\n<meta property=\"og:type\" content=\"article\" \/>\n<meta property=\"og:title\" content=\"Excel&#039;de sayfa kenar bo\u015flu\u011fu nas\u0131l de\u011fi\u015ftirilir?\" \/>\n<meta property=\"og:description\" content=\"Bu takip etmesi kolay e\u011fitimde, Excel&#039;de sayfa kenar bo\u015fluklar\u0131n\u0131 nas\u0131l de\u011fi\u015ftirece\u011finizi ve onunla birlikte gelen t\u00fcm se\u00e7enekleri \u00f6\u011freneceksiniz\u2026\" \/>\n<meta property=\"og:url\" content=\"https:\/\/exceladvisor.org\/tr\/sayfa-kenar-boslugu\/\" \/>\n<meta property=\"og:site_name\" content=\"Excel Advisor\" \/>\n<meta property=\"article:modified_time\" content=\"2023-12-10T06:02:22+00:00\" \/>\n<meta property=\"og:image\" content=\"https:\/\/exceladvisor.org\/wp-content\/uploads\/2023\/08\/1-marge-de-page-dans-excel.png\" \/>\n<meta name=\"twitter:card\" content=\"summary_large_image\" \/>\n<meta name=\"twitter:label1\" content=\"Tahmini okuma s\u00fcresi\" \/>\n\t<meta name=\"twitter:data1\" content=\"2 dakika\" \/>\n<script type=\"application\/ld+json\" class=\"yoast-schema-graph\">{\"@context\":\"https:\/\/schema.org\",\"@graph\":[{\"@type\":\"WebPage\",\"@id\":\"https:\/\/exceladvisor.org\/tr\/sayfa-kenar-boslugu\/\",\"url\":\"https:\/\/exceladvisor.org\/tr\/sayfa-kenar-boslugu\/\",\"name\":\"Excel&#39;de sayfa kenar bo\u015flu\u011fu nas\u0131l de\u011fi\u015ftirilir?\",\"isPartOf\":{\"@id\":\"https:\/\/exceladvisor.org\/tr\/#website\"},\"primaryImageOfPage\":{\"@id\":\"https:\/\/exceladvisor.org\/tr\/sayfa-kenar-boslugu\/#primaryimage\"},\"image\":{\"@id\":\"https:\/\/exceladvisor.org\/tr\/sayfa-kenar-boslugu\/#primaryimage\"},\"thumbnailUrl\":\"https:\/\/exceladvisor.org\/wp-content\/uploads\/2023\/08\/1-marge-de-page-dans-excel.png\",\"datePublished\":\"2023-10-29T03:25:02+00:00\",\"dateModified\":\"2023-12-10T06:02:22+00:00\",\"description\":\"Bu takip etmesi kolay e\u011fitimde, Excel&#39;de sayfa kenar bo\u015fluklar\u0131n\u0131 nas\u0131l de\u011fi\u015ftirece\u011finizi ve onunla birlikte gelen t\u00fcm se\u00e7enekleri \u00f6\u011freneceksiniz\u2026\",\"breadcrumb\":{\"@id\":\"https:\/\/exceladvisor.org\/tr\/sayfa-kenar-boslugu\/#breadcrumb\"},\"inLanguage\":\"tr\",\"potentialAction\":[{\"@type\":\"ReadAction\",\"target\":[\"https:\/\/exceladvisor.org\/tr\/sayfa-kenar-boslugu\/\"]}]},{\"@type\":\"ImageObject\",\"inLanguage\":\"tr\",\"@id\":\"https:\/\/exceladvisor.org\/tr\/sayfa-kenar-boslugu\/#primaryimage\",\"url\":\"https:\/\/exceladvisor.org\/wp-content\/uploads\/2023\/08\/1-marge-de-page-dans-excel.png\",\"contentUrl\":\"https:\/\/exceladvisor.org\/wp-content\/uploads\/2023\/08\/1-marge-de-page-dans-excel.png\"},{\"@type\":\"BreadcrumbList\",\"@id\":\"https:\/\/exceladvisor.org\/tr\/sayfa-kenar-boslugu\/#breadcrumb\",\"itemListElement\":[{\"@type\":\"ListItem\",\"position\":1,\"name\":\"Ev\",\"item\":\"https:\/\/exceladvisor.org\/tr\/\"},{\"@type\":\"ListItem\",\"position\":2,\"name\":\"Excel&#39;de sayfa kenar bo\u015flu\u011fu nas\u0131l de\u011fi\u015ftirilir?\"}]},{\"@type\":\"WebSite\",\"@id\":\"https:\/\/exceladvisor.org\/tr\/#website\",\"url\":\"https:\/\/exceladvisor.org\/tr\/\",\"name\":\"Excel Advisor\",\"description\":\"Veri hakimiyetine y\u00f6nelik nihai rehberiniz!\",\"publisher\":{\"@id\":\"https:\/\/exceladvisor.org\/tr\/#organization\"},\"potentialAction\":[{\"@type\":\"SearchAction\",\"target\":{\"@type\":\"EntryPoint\",\"urlTemplate\":\"https:\/\/exceladvisor.org\/tr\/?s={search_term_string}\"},\"query-input\":{\"@type\":\"PropertyValueSpecification\",\"valueRequired\":true,\"valueName\":\"search_term_string\"}}],\"inLanguage\":\"tr\"},{\"@type\":\"Organization\",\"@id\":\"https:\/\/exceladvisor.org\/tr\/#organization\",\"name\":\"Excel Advisor\",\"url\":\"https:\/\/exceladvisor.org\/tr\/\",\"logo\":{\"@type\":\"ImageObject\",\"inLanguage\":\"tr\",\"@id\":\"https:\/\/exceladvisor.org\/tr\/#\/schema\/logo\/image\/\",\"url\":\"https:\/\/exceladvisor.org\/tr\/wp-content\/uploads\/2023\/12\/exceladvisor.org_.png\",\"contentUrl\":\"https:\/\/exceladvisor.org\/tr\/wp-content\/uploads\/2023\/12\/exceladvisor.org_.png\",\"width\":105,\"height\":36,\"caption\":\"Excel Advisor\"},\"image\":{\"@id\":\"https:\/\/exceladvisor.org\/tr\/#\/schema\/logo\/image\/\"}}]}<\/script>\n<!-- \/ Yoast SEO plugin. -->","yoast_head_json":{"title":"Excel&#39;de sayfa kenar bo\u015flu\u011fu nas\u0131l de\u011fi\u015ftirilir?","description":"Bu takip etmesi kolay e\u011fitimde, Excel&#39;de sayfa kenar bo\u015fluklar\u0131n\u0131 nas\u0131l de\u011fi\u015ftirece\u011finizi ve onunla birlikte gelen t\u00fcm se\u00e7enekleri \u00f6\u011freneceksiniz\u2026","robots":{"index":"index","follow":"follow","max-snippet":"max-snippet:-1","max-image-preview":"max-image-preview:large","max-video-preview":"max-video-preview:-1"},"canonical":"https:\/\/exceladvisor.org\/tr\/sayfa-kenar-boslugu\/","og_locale":"tr_TR","og_type":"article","og_title":"Excel&#39;de sayfa kenar bo\u015flu\u011fu nas\u0131l de\u011fi\u015ftirilir?","og_description":"Bu takip etmesi kolay e\u011fitimde, Excel&#39;de sayfa kenar bo\u015fluklar\u0131n\u0131 nas\u0131l de\u011fi\u015ftirece\u011finizi ve onunla birlikte gelen t\u00fcm se\u00e7enekleri \u00f6\u011freneceksiniz\u2026","og_url":"https:\/\/exceladvisor.org\/tr\/sayfa-kenar-boslugu\/","og_site_name":"Excel Advisor","article_modified_time":"2023-12-10T06:02:22+00:00","og_image":[{"url":"https:\/\/exceladvisor.org\/wp-content\/uploads\/2023\/08\/1-marge-de-page-dans-excel.png","type":"","width":"","height":""}],"twitter_card":"summary_large_image","twitter_misc":{"Tahmini okuma s\u00fcresi":"2 dakika"},"schema":{"@context":"https:\/\/schema.org","@graph":[{"@type":"WebPage","@id":"https:\/\/exceladvisor.org\/tr\/sayfa-kenar-boslugu\/","url":"https:\/\/exceladvisor.org\/tr\/sayfa-kenar-boslugu\/","name":"Excel&#39;de sayfa kenar bo\u015flu\u011fu nas\u0131l de\u011fi\u015ftirilir?","isPartOf":{"@id":"https:\/\/exceladvisor.org\/tr\/#website"},"primaryImageOfPage":{"@id":"https:\/\/exceladvisor.org\/tr\/sayfa-kenar-boslugu\/#primaryimage"},"image":{"@id":"https:\/\/exceladvisor.org\/tr\/sayfa-kenar-boslugu\/#primaryimage"},"thumbnailUrl":"https:\/\/exceladvisor.org\/wp-content\/uploads\/2023\/08\/1-marge-de-page-dans-excel.png","datePublished":"2023-10-29T03:25:02+00:00","dateModified":"2023-12-10T06:02:22+00:00","description":"Bu takip etmesi kolay e\u011fitimde, Excel&#39;de sayfa kenar bo\u015fluklar\u0131n\u0131 nas\u0131l de\u011fi\u015ftirece\u011finizi ve onunla birlikte gelen t\u00fcm se\u00e7enekleri \u00f6\u011freneceksiniz\u2026","breadcrumb":{"@id":"https:\/\/exceladvisor.org\/tr\/sayfa-kenar-boslugu\/#breadcrumb"},"inLanguage":"tr","potentialAction":[{"@type":"ReadAction","target":["https:\/\/exceladvisor.org\/tr\/sayfa-kenar-boslugu\/"]}]},{"@type":"ImageObject","inLanguage":"tr","@id":"https:\/\/exceladvisor.org\/tr\/sayfa-kenar-boslugu\/#primaryimage","url":"https:\/\/exceladvisor.org\/wp-content\/uploads\/2023\/08\/1-marge-de-page-dans-excel.png","contentUrl":"https:\/\/exceladvisor.org\/wp-content\/uploads\/2023\/08\/1-marge-de-page-dans-excel.png"},{"@type":"BreadcrumbList","@id":"https:\/\/exceladvisor.org\/tr\/sayfa-kenar-boslugu\/#breadcrumb","itemListElement":[{"@type":"ListItem","position":1,"name":"Ev","item":"https:\/\/exceladvisor.org\/tr\/"},{"@type":"ListItem","position":2,"name":"Excel&#39;de sayfa kenar bo\u015flu\u011fu nas\u0131l de\u011fi\u015ftirilir?"}]},{"@type":"WebSite","@id":"https:\/\/exceladvisor.org\/tr\/#website","url":"https:\/\/exceladvisor.org\/tr\/","name":"Excel Advisor","description":"Veri hakimiyetine y\u00f6nelik nihai rehberiniz!","publisher":{"@id":"https:\/\/exceladvisor.org\/tr\/#organization"},"potentialAction":[{"@type":"SearchAction","target":{"@type":"EntryPoint","urlTemplate":"https:\/\/exceladvisor.org\/tr\/?s={search_term_string}"},"query-input":{"@type":"PropertyValueSpecification","valueRequired":true,"valueName":"search_term_string"}}],"inLanguage":"tr"},{"@type":"Organization","@id":"https:\/\/exceladvisor.org\/tr\/#organization","name":"Excel Advisor","url":"https:\/\/exceladvisor.org\/tr\/","logo":{"@type":"ImageObject","inLanguage":"tr","@id":"https:\/\/exceladvisor.org\/tr\/#\/schema\/logo\/image\/","url":"https:\/\/exceladvisor.org\/tr\/wp-content\/uploads\/2023\/12\/exceladvisor.org_.png","contentUrl":"https:\/\/exceladvisor.org\/tr\/wp-content\/uploads\/2023\/12\/exceladvisor.org_.png","width":105,"height":36,"caption":"Excel Advisor"},"image":{"@id":"https:\/\/exceladvisor.org\/tr\/#\/schema\/logo\/image\/"}}]}},"yoast_meta":{"yoast_wpseo_title":"","yoast_wpseo_metadesc":"","yoast_wpseo_canonical":""},"_links":{"self":[{"href":"https:\/\/exceladvisor.org\/tr\/wp-json\/wp\/v2\/pages\/1914","targetHints":{"allow":["GET"]}}],"collection":[{"href":"https:\/\/exceladvisor.org\/tr\/wp-json\/wp\/v2\/pages"}],"about":[{"href":"https:\/\/exceladvisor.org\/tr\/wp-json\/wp\/v2\/types\/page"}],"author":[{"embeddable":true,"href":"https:\/\/exceladvisor.org\/tr\/wp-json\/wp\/v2\/users\/1"}],"replies":[{"embeddable":true,"href":"https:\/\/exceladvisor.org\/tr\/wp-json\/wp\/v2\/comments?post=1914"}],"version-history":[{"count":1,"href":"https:\/\/exceladvisor.org\/tr\/wp-json\/wp\/v2\/pages\/1914\/revisions"}],"predecessor-version":[{"id":2593,"href":"https:\/\/exceladvisor.org\/tr\/wp-json\/wp\/v2\/pages\/1914\/revisions\/2593"}],"wp:attachment":[{"href":"https:\/\/exceladvisor.org\/tr\/wp-json\/wp\/v2\/media?parent=1914"}],"curies":[{"name":"wp","href":"https:\/\/api.w.org\/{rel}","templated":true}]}}