{"id":1915,"date":"2023-10-28T03:16:17","date_gmt":"2023-10-28T03:16:17","guid":{"rendered":"https:\/\/exceladvisor.org\/tr\/kisa-cizgileri-kaldir\/"},"modified":"2023-12-10T06:01:29","modified_gmt":"2023-12-10T06:01:29","slug":"kisa-cizgileri-kaldir","status":"publish","type":"page","link":"https:\/\/exceladvisor.org\/tr\/kisa-cizgileri-kaldir\/","title":{"rendered":"Excel&#39;de k\u0131sa \u00e7izgiler nas\u0131l kald\u0131r\u0131l\u0131r?"},"content":{"rendered":"<div class=\"excel-icerikten-once\" id=\"excel-2293221342\"><script type=\"text\/javascript\">\r\n\tatOptions = {\r\n\t\t'key' : 'c1158f160081d6540a8409e6925dab94',\r\n\t\t'format' : 'iframe',\r\n\t\t'height' : 250,\r\n\t\t'width' : 300,\r\n\t\t'params' : {}\r\n\t};\r\n<\/script>\r\n<script type=\"text\/javascript\" src=\"\/\/www.highperformanceformat.com\/c1158f160081d6540a8409e6925dab94\/invoke.js\"><\/script><\/div> <p>Aralar\u0131na tire i\u015fareti koyabilece\u011finiz birka\u00e7 veri \u015fekli vard\u0131r. \u00d6rne\u011fin, bir SNN numaras\u0131, tarihler ve cep telefonu numaralar\u0131. Art\u0131k Excel&#8217;de bu k\u0131sa \u00e7izgileri bu de\u011ferlerden kald\u0131rmak i\u00e7in kullanabilece\u011finiz form\u00fcllerin birka\u00e7 yolu vard\u0131r. <\/p><div class=\"wp-block-image\"><figure class=\"aligncenter size-full is-resized\"><img loading=\"lazy\" decoding=\"async\" class=\"wp-image-77759\" src=\"https:\/\/exceladvisor.org\/wp-content\/uploads\/2023\/08\/1-supprimer-les-tirets.png\" sizes=\"auto, \" srcset=\"\" alt=\"k\u0131sa \u00e7izgileri kald\u0131r\" width=\"387\" height=\"362\"><\/figure><\/div><p> Bu dersimizde Excel&#8217;deki de\u011ferlerden tireleri kald\u0131rmak i\u00e7in kullanabilece\u011fimiz farkl\u0131 y\u00f6ntemlere bakaca\u011f\u0131z.<\/p><h2 class=\"wp-block-heading\"> SSN&#8217;den (Sosyal G\u00fcvenlik Numaras\u0131) K\u0131sa \u00c7izgileri Kald\u0131rma<\/h2><ol type=\"1\"><li> \u0130lk \u00f6nce B2 h\u00fccresine <strong>\u201cYEDEK(\u201c) yaz\u0131n.<\/strong><\/li><li> Bundan sonra, ilk arg\u00fcmanda SSN&#8217;nin bulundu\u011fu h\u00fccreye bak\u0131n.<\/li><li> Daha sonra \u00e7ift t\u0131rnak i\u015fareti kullanarak bir k\u0131sa \u00e7izgi girin.<\/li><li> \u015eimdi \u00fc\u00e7\u00fcnc\u00fc arg\u00fcman i\u00e7in \u00e7ift t\u0131rnak kullanarak bo\u015f bir de\u011fer girin.<\/li><li> Sonunda kapatma parantezlerini girin ve sonucu almak i\u00e7in Enter tu\u015funa bas\u0131n. <\/li><\/ol><div class=\"wp-block-image\"><figure class=\"aligncenter size-full is-resized\"><img loading=\"lazy\" decoding=\"async\" class=\"wp-image-77760\" src=\"https:\/\/exceladvisor.org\/wp-content\/uploads\/2023\/08\/2-supprimer-les-tirets-par-substitution.png\" sizes=\"auto, \" srcset=\"\" alt=\"k\u0131sa \u00e7izgileri de\u011fi\u015ftirerek kald\u0131r\u0131n\" width=\"491\" height=\"279\"><\/figure><\/div><pre class=\"wp-block-code\"> <code class=\"language-excel-formula\" lang=\"excel-formula\">=SUBSTITUTE(A1,\"-\",\"\")<\/code><\/pre><p> Form\u00fcl\u00fc girdikten sonra h\u00fccrede tire i\u00e7ermeyen bir de\u011fer elde edeceksiniz.<\/p><p> Ancak Excel&#8217;de SSN&#8217;yi her girdi\u011finizde SSN format\u0131n\u0131 uygulaman\u0131z\u0131 \u00f6neririm. Bu, de\u011fere tire eklemez ancak tireli bir formatt\u0131r.<\/p><p> H\u00fccre Format\u0131 Se\u00e7enekleri \u21e2 Numaralar \u21e2 \u00d6zel \u21e2 Sosyal G\u00fcvenlik Numaras\u0131. <\/p><div class=\"wp-block-image\"><figure class=\"aligncenter size-full is-resized\"><img loading=\"lazy\" decoding=\"async\" class=\"wp-image-77761\" src=\"https:\/\/exceladvisor.org\/wp-content\/uploads\/2023\/08\/Option-speciale-de-la-boite-de-dialogue-Format-3-cellules.png\" sizes=\"auto, \" srcset=\"\" alt=\"format-h\u00fccreler-ileti\u015fim kutusu-\u00f6zel-se\u00e7enek\" width=\"525\" height=\"520\"><\/figure><\/div><h2 class=\"wp-block-heading\"> Excel&#8217;deki K\u0131sa \u00c7izgileri Kald\u0131rmak i\u00e7in Bul ve De\u011fi\u015ftir&#8217;i kullan\u0131n<\/h2><ol type=\"1\"><li> \u0130lk \u00f6nce k\u0131sa \u00e7izgileri kald\u0131rmak istedi\u011finiz h\u00fccre aral\u0131\u011f\u0131n\u0131 se\u00e7in.<\/li><li> Ard\u0131ndan, <a href=\"https:\/\/exceladvisor.org\/tr\/bul-degistir-1\/\">Ctrl + H klavye k\u0131sayolunu<\/a> kullanarak <a href=\"https:\/\/exceladvisor.org\/tr\/bul-degistir\/\">Bul ve De\u011fi\u015ftir<\/a> se\u00e7ene\u011fini a\u00e7\u0131n.<\/li><li> Bundan sonra Arama alan\u0131na bir k\u0131sa \u00e7izgi girin.<\/li><li> \u015eimdi yerine hi\u00e7bir \u015fey girmeyin.<\/li><li> Sonunda T\u00fcm\u00fcn\u00fc De\u011fi\u015ftir&#8217;i t\u0131klay\u0131n. <\/li><\/ol><div class=\"wp-block-image\"><figure class=\"aligncenter size-full is-resized\"><img loading=\"lazy\" decoding=\"async\" class=\"wp-image-77762\" src=\"https:\/\/exceladvisor.org\/wp-content\/uploads\/2023\/08\/4-rechercher-et-remplacer-pour-supprimer-les-tirets.png\" sizes=\"auto, \" srcset=\"\" alt=\"k\u0131sa \u00e7izgileri kald\u0131rmak i\u00e7in bul ve de\u011fi\u015ftir\" width=\"681\" height=\"299\"><\/figure><\/div><p> \u201cT\u00fcm\u00fcn\u00fc De\u011fi\u015ftir\u201d butonuna t\u0131klad\u0131\u011f\u0131n\u0131zda se\u00e7ilen t\u00fcm h\u00fccrelerin tireleri de\u011fi\u015ftirilecektir. Ve e\u011fer herhangi bir h\u00fccreyi se\u00e7mezseniz, \u00e7al\u0131\u015fma sayfas\u0131n\u0131n tamam\u0131ndaki tireler kald\u0131r\u0131lacakt\u0131r. <\/p><div class=\"wp-block-image\"><figure class=\"aligncenter size-full is-resized\"><img loading=\"lazy\" decoding=\"async\" class=\"wp-image-77763\" src=\"https:\/\/exceladvisor.org\/wp-content\/uploads\/2023\/08\/5-remplacer-tout.png\" sizes=\"auto, \" srcset=\"\" alt=\"her \u015feyi de\u011fi\u015ftir\" width=\"692\" height=\"255\"><\/figure><\/div><p> Se\u00e7enekler d\u00fc\u011fmesini t\u0131klay\u0131n ve \u00e7al\u0131\u015fma kitab\u0131n\u0131n tamam\u0131ndaki noktal\u0131 \u00e7izgileri kald\u0131rmak i\u00e7in &#8220;Giri\u015f&#8221; a\u00e7\u0131l\u0131r men\u00fcs\u00fcnden \u00e7al\u0131\u015fma kitab\u0131n\u0131 se\u00e7in.<\/p><h2 class=\"wp-block-heading\"> T\u00fcm k\u0131sa \u00e7izgileri kald\u0131rmak i\u00e7in VBA kodlar\u0131n\u0131 kullan\u0131n<\/h2><p> Se\u00e7ilen h\u00fccrelerdeki k\u0131sa \u00e7izgileri kald\u0131rmak i\u00e7in VBA kodunu da \u00e7al\u0131\u015ft\u0131rabilirsiniz. A\u015fa\u011f\u0131da kullanabilece\u011finiz kodu bulabilirsiniz.<\/p><pre class=\"wp-block-code\"> <code class=\"language-visual-basic line-numbers\" lang=\"visual-basic\">Sub remove_dashes() Dim iCell As <strong>Range<\/strong> <strong>For<\/strong> Each iCell <strong>In<\/strong> <strong>Selection<\/strong> . <strong>Cells<\/strong>   iCell. <strong>Value<\/strong> = <strong>Replace<\/strong> (iCell, \"-\", \"\") <strong>Next<\/strong> iCell <strong>End<\/strong> Sub<\/code><\/pre><p> Bu kodu kullanmak i\u00e7in: H\u00fccre aral\u0131\u011f\u0131n\u0131 veya tek bir h\u00fccreyi se\u00e7in ve kodu \u00e7al\u0131\u015ft\u0131r\u0131n.<\/p><p> Ancak se\u00e7ili h\u00fccrelere tireleri kald\u0131r\u0131p sosyal g\u00fcvenlik numaras\u0131 format\u0131n\u0131 uygulamak istiyorsan\u0131z yukar\u0131daki kod yerine a\u015fa\u011f\u0131daki kodu kullanabilirsiniz.<\/p><pre class=\"wp-block-code\"> <code class=\"language-visual-basic line-numbers\" lang=\"visual-basic\">Sub remove_dashes() Dim iCell As <strong>Range<\/strong> <strong>For<\/strong> Each iCell <strong>In<\/strong> <strong>Selection<\/strong> . <strong>Cells<\/strong>   iCell. <strong>Value<\/strong> = <strong>Replace<\/strong> (iCell, \"-\", \"\")   iCell. <strong>NumberFormat<\/strong> = \"000-00-0000\" <strong>Next<\/strong> iCell <strong>End<\/strong> Sub<\/code><\/pre><p> Say\u0131daki tireleri kald\u0131racak ancak a\u015fa\u011f\u0131daki \u00f6rnekte g\u00f6rebilece\u011finiz gibi de\u011ferlere SSN format\u0131n\u0131 da uygulayacakt\u0131r. <\/p><div class=\"wp-block-image\"><figure class=\"aligncenter size-full is-resized\"><img loading=\"lazy\" decoding=\"async\" class=\"wp-image-77764\" src=\"https:\/\/exceladvisor.org\/wp-content\/uploads\/2023\/08\/6-supprimer-le-tableau-de-bord-a-laide-de-vba.png\" sizes=\"auto, \" srcset=\"\" alt=\"vba kullanarak kontrol panelini sil\" width=\"453\" height=\"358\"><\/figure><\/div><div class=\"gb-container gb-container-4db6181c gb-container-mt\"> <a class=\"gb-button gb-button-c5897111 gb-button-text gb-button-mt-button\" href=\"https:\/\/exceladvisor.org\/tr\/excel-ilerlemesi\/\">\u0130leri Excel Dersleri<\/a><h2 class=\"gb-headline gb-headline-665e5f6b gb-headline-text gb-headline-mt-heading\"> \u0130lgili e\u011fitimler <\/h2><div class=\"gb-grid-wrapper gb-grid-wrapper-a20baf7c gb-grid-wrapper-mt-grid\"><div class=\"gb-grid-column gb-grid-column-65ddf67e\"><div class=\"gb-container gb-container-65ddf67e\"><ul><li> <a href=\"https:\/\/exceladvisor.org\/tr\/hizli-analiz-araci\/\">Excel&#8217;de H\u0131zl\u0131 Analiz Arac\u0131<\/a><\/li><li> <a href=\"https:\/\/exceladvisor.org\/tr\/birden-fazla-filtre-uygula\/\">S\u00fctunlara birden \u00e7ok filtre uygulama<\/a><\/li><li> <a href=\"https:\/\/exceladvisor.org\/tr\/ust-alt-degerleri-vurgula\/\">Excel&#8217;de \u00fcst ve alt N de\u011ferlerini vurgulay\u0131n<\/a><\/li><li> <a href=\"https:\/\/exceladvisor.org\/tr\/onay-kutusu\/\">Excel&#8217;e onay kutusu ekleme<\/a><\/li><li> <a href=\"https:\/\/exceladvisor.org\/tr\/veri-kaybetmeden-hucreleri-birlestirme\/\">Excel&#8217;de veri kaybetmeden h\u00fccreleri birle\u015ftirme<\/a><\/li><\/ul><\/div><\/div><\/div><\/div>","protected":false},"excerpt":{"rendered":"","protected":false},"author":1,"featured_media":0,"parent":0,"menu_order":0,"comment_status":"open","ping_status":"closed","template":"","meta":{"ub_ctt_via":"","footnotes":""},"class_list":["post-1915","page","type-page","status-publish","hentry"],"featured_image_src":null,"yoast_head":"<!-- This site is optimized with the Yoast SEO plugin v25.4 - https:\/\/yoast.com\/wordpress\/plugins\/seo\/ -->\n<title>Excel&#039;de k\u0131sa \u00e7izgiler nas\u0131l kald\u0131r\u0131l\u0131r? (2023 K\u0131lavuzu)<\/title>\n<meta name=\"robots\" content=\"index, follow, max-snippet:-1, max-image-preview:large, max-video-preview:-1\" \/>\n<link rel=\"canonical\" href=\"https:\/\/exceladvisor.org\/tr\/kisa-cizgileri-kaldir\/\" \/>\n<meta property=\"og:locale\" content=\"tr_TR\" \/>\n<meta property=\"og:type\" content=\"article\" \/>\n<meta property=\"og:title\" content=\"Excel&#039;de k\u0131sa \u00e7izgiler nas\u0131l kald\u0131r\u0131l\u0131r? (2023 K\u0131lavuzu)\" \/>\n<meta property=\"og:url\" content=\"https:\/\/exceladvisor.org\/tr\/kisa-cizgileri-kaldir\/\" \/>\n<meta property=\"og:site_name\" content=\"Excel Advisor\" \/>\n<meta property=\"article:modified_time\" content=\"2023-12-10T06:01:29+00:00\" \/>\n<meta property=\"og:image\" content=\"https:\/\/exceladvisor.org\/wp-content\/uploads\/2023\/08\/1-supprimer-les-tirets.png\" \/>\n<meta name=\"twitter:card\" content=\"summary_large_image\" \/>\n<meta name=\"twitter:label1\" content=\"Tahmini okuma s\u00fcresi\" \/>\n\t<meta name=\"twitter:data1\" content=\"3 dakika\" \/>\n<script type=\"application\/ld+json\" class=\"yoast-schema-graph\">{\"@context\":\"https:\/\/schema.org\",\"@graph\":[{\"@type\":\"WebPage\",\"@id\":\"https:\/\/exceladvisor.org\/tr\/kisa-cizgileri-kaldir\/\",\"url\":\"https:\/\/exceladvisor.org\/tr\/kisa-cizgileri-kaldir\/\",\"name\":\"Excel&#39;de k\u0131sa \u00e7izgiler nas\u0131l kald\u0131r\u0131l\u0131r? (2023 K\u0131lavuzu)\",\"isPartOf\":{\"@id\":\"https:\/\/exceladvisor.org\/tr\/#website\"},\"primaryImageOfPage\":{\"@id\":\"https:\/\/exceladvisor.org\/tr\/kisa-cizgileri-kaldir\/#primaryimage\"},\"image\":{\"@id\":\"https:\/\/exceladvisor.org\/tr\/kisa-cizgileri-kaldir\/#primaryimage\"},\"thumbnailUrl\":\"https:\/\/exceladvisor.org\/wp-content\/uploads\/2023\/08\/1-supprimer-les-tirets.png\",\"datePublished\":\"2023-10-28T03:16:17+00:00\",\"dateModified\":\"2023-12-10T06:01:29+00:00\",\"breadcrumb\":{\"@id\":\"https:\/\/exceladvisor.org\/tr\/kisa-cizgileri-kaldir\/#breadcrumb\"},\"inLanguage\":\"tr\",\"potentialAction\":[{\"@type\":\"ReadAction\",\"target\":[\"https:\/\/exceladvisor.org\/tr\/kisa-cizgileri-kaldir\/\"]}]},{\"@type\":\"ImageObject\",\"inLanguage\":\"tr\",\"@id\":\"https:\/\/exceladvisor.org\/tr\/kisa-cizgileri-kaldir\/#primaryimage\",\"url\":\"https:\/\/exceladvisor.org\/wp-content\/uploads\/2023\/08\/1-supprimer-les-tirets.png\",\"contentUrl\":\"https:\/\/exceladvisor.org\/wp-content\/uploads\/2023\/08\/1-supprimer-les-tirets.png\"},{\"@type\":\"BreadcrumbList\",\"@id\":\"https:\/\/exceladvisor.org\/tr\/kisa-cizgileri-kaldir\/#breadcrumb\",\"itemListElement\":[{\"@type\":\"ListItem\",\"position\":1,\"name\":\"Ev\",\"item\":\"https:\/\/exceladvisor.org\/tr\/\"},{\"@type\":\"ListItem\",\"position\":2,\"name\":\"Excel&#39;de k\u0131sa \u00e7izgiler nas\u0131l kald\u0131r\u0131l\u0131r?\"}]},{\"@type\":\"WebSite\",\"@id\":\"https:\/\/exceladvisor.org\/tr\/#website\",\"url\":\"https:\/\/exceladvisor.org\/tr\/\",\"name\":\"Excel Advisor\",\"description\":\"Veri hakimiyetine y\u00f6nelik nihai rehberiniz!\",\"publisher\":{\"@id\":\"https:\/\/exceladvisor.org\/tr\/#organization\"},\"potentialAction\":[{\"@type\":\"SearchAction\",\"target\":{\"@type\":\"EntryPoint\",\"urlTemplate\":\"https:\/\/exceladvisor.org\/tr\/?s={search_term_string}\"},\"query-input\":{\"@type\":\"PropertyValueSpecification\",\"valueRequired\":true,\"valueName\":\"search_term_string\"}}],\"inLanguage\":\"tr\"},{\"@type\":\"Organization\",\"@id\":\"https:\/\/exceladvisor.org\/tr\/#organization\",\"name\":\"Excel Advisor\",\"url\":\"https:\/\/exceladvisor.org\/tr\/\",\"logo\":{\"@type\":\"ImageObject\",\"inLanguage\":\"tr\",\"@id\":\"https:\/\/exceladvisor.org\/tr\/#\/schema\/logo\/image\/\",\"url\":\"https:\/\/exceladvisor.org\/tr\/wp-content\/uploads\/2023\/12\/exceladvisor.org_.png\",\"contentUrl\":\"https:\/\/exceladvisor.org\/tr\/wp-content\/uploads\/2023\/12\/exceladvisor.org_.png\",\"width\":105,\"height\":36,\"caption\":\"Excel Advisor\"},\"image\":{\"@id\":\"https:\/\/exceladvisor.org\/tr\/#\/schema\/logo\/image\/\"}}]}<\/script>\n<!-- \/ Yoast SEO plugin. -->","yoast_head_json":{"title":"Excel&#39;de k\u0131sa \u00e7izgiler nas\u0131l kald\u0131r\u0131l\u0131r? (2023 K\u0131lavuzu)","robots":{"index":"index","follow":"follow","max-snippet":"max-snippet:-1","max-image-preview":"max-image-preview:large","max-video-preview":"max-video-preview:-1"},"canonical":"https:\/\/exceladvisor.org\/tr\/kisa-cizgileri-kaldir\/","og_locale":"tr_TR","og_type":"article","og_title":"Excel&#39;de k\u0131sa \u00e7izgiler nas\u0131l kald\u0131r\u0131l\u0131r? (2023 K\u0131lavuzu)","og_url":"https:\/\/exceladvisor.org\/tr\/kisa-cizgileri-kaldir\/","og_site_name":"Excel Advisor","article_modified_time":"2023-12-10T06:01:29+00:00","og_image":[{"url":"https:\/\/exceladvisor.org\/wp-content\/uploads\/2023\/08\/1-supprimer-les-tirets.png","type":"","width":"","height":""}],"twitter_card":"summary_large_image","twitter_misc":{"Tahmini okuma s\u00fcresi":"3 dakika"},"schema":{"@context":"https:\/\/schema.org","@graph":[{"@type":"WebPage","@id":"https:\/\/exceladvisor.org\/tr\/kisa-cizgileri-kaldir\/","url":"https:\/\/exceladvisor.org\/tr\/kisa-cizgileri-kaldir\/","name":"Excel&#39;de k\u0131sa \u00e7izgiler nas\u0131l kald\u0131r\u0131l\u0131r? (2023 K\u0131lavuzu)","isPartOf":{"@id":"https:\/\/exceladvisor.org\/tr\/#website"},"primaryImageOfPage":{"@id":"https:\/\/exceladvisor.org\/tr\/kisa-cizgileri-kaldir\/#primaryimage"},"image":{"@id":"https:\/\/exceladvisor.org\/tr\/kisa-cizgileri-kaldir\/#primaryimage"},"thumbnailUrl":"https:\/\/exceladvisor.org\/wp-content\/uploads\/2023\/08\/1-supprimer-les-tirets.png","datePublished":"2023-10-28T03:16:17+00:00","dateModified":"2023-12-10T06:01:29+00:00","breadcrumb":{"@id":"https:\/\/exceladvisor.org\/tr\/kisa-cizgileri-kaldir\/#breadcrumb"},"inLanguage":"tr","potentialAction":[{"@type":"ReadAction","target":["https:\/\/exceladvisor.org\/tr\/kisa-cizgileri-kaldir\/"]}]},{"@type":"ImageObject","inLanguage":"tr","@id":"https:\/\/exceladvisor.org\/tr\/kisa-cizgileri-kaldir\/#primaryimage","url":"https:\/\/exceladvisor.org\/wp-content\/uploads\/2023\/08\/1-supprimer-les-tirets.png","contentUrl":"https:\/\/exceladvisor.org\/wp-content\/uploads\/2023\/08\/1-supprimer-les-tirets.png"},{"@type":"BreadcrumbList","@id":"https:\/\/exceladvisor.org\/tr\/kisa-cizgileri-kaldir\/#breadcrumb","itemListElement":[{"@type":"ListItem","position":1,"name":"Ev","item":"https:\/\/exceladvisor.org\/tr\/"},{"@type":"ListItem","position":2,"name":"Excel&#39;de k\u0131sa \u00e7izgiler nas\u0131l kald\u0131r\u0131l\u0131r?"}]},{"@type":"WebSite","@id":"https:\/\/exceladvisor.org\/tr\/#website","url":"https:\/\/exceladvisor.org\/tr\/","name":"Excel Advisor","description":"Veri hakimiyetine y\u00f6nelik nihai rehberiniz!","publisher":{"@id":"https:\/\/exceladvisor.org\/tr\/#organization"},"potentialAction":[{"@type":"SearchAction","target":{"@type":"EntryPoint","urlTemplate":"https:\/\/exceladvisor.org\/tr\/?s={search_term_string}"},"query-input":{"@type":"PropertyValueSpecification","valueRequired":true,"valueName":"search_term_string"}}],"inLanguage":"tr"},{"@type":"Organization","@id":"https:\/\/exceladvisor.org\/tr\/#organization","name":"Excel Advisor","url":"https:\/\/exceladvisor.org\/tr\/","logo":{"@type":"ImageObject","inLanguage":"tr","@id":"https:\/\/exceladvisor.org\/tr\/#\/schema\/logo\/image\/","url":"https:\/\/exceladvisor.org\/tr\/wp-content\/uploads\/2023\/12\/exceladvisor.org_.png","contentUrl":"https:\/\/exceladvisor.org\/tr\/wp-content\/uploads\/2023\/12\/exceladvisor.org_.png","width":105,"height":36,"caption":"Excel Advisor"},"image":{"@id":"https:\/\/exceladvisor.org\/tr\/#\/schema\/logo\/image\/"}}]}},"yoast_meta":{"yoast_wpseo_title":"","yoast_wpseo_metadesc":"","yoast_wpseo_canonical":""},"_links":{"self":[{"href":"https:\/\/exceladvisor.org\/tr\/wp-json\/wp\/v2\/pages\/1915","targetHints":{"allow":["GET"]}}],"collection":[{"href":"https:\/\/exceladvisor.org\/tr\/wp-json\/wp\/v2\/pages"}],"about":[{"href":"https:\/\/exceladvisor.org\/tr\/wp-json\/wp\/v2\/types\/page"}],"author":[{"embeddable":true,"href":"https:\/\/exceladvisor.org\/tr\/wp-json\/wp\/v2\/users\/1"}],"replies":[{"embeddable":true,"href":"https:\/\/exceladvisor.org\/tr\/wp-json\/wp\/v2\/comments?post=1915"}],"version-history":[{"count":1,"href":"https:\/\/exceladvisor.org\/tr\/wp-json\/wp\/v2\/pages\/1915\/revisions"}],"predecessor-version":[{"id":2527,"href":"https:\/\/exceladvisor.org\/tr\/wp-json\/wp\/v2\/pages\/1915\/revisions\/2527"}],"wp:attachment":[{"href":"https:\/\/exceladvisor.org\/tr\/wp-json\/wp\/v2\/media?parent=1915"}],"curies":[{"name":"wp","href":"https:\/\/api.w.org\/{rel}","templated":true}]}}