{"id":1916,"date":"2023-10-28T02:58:16","date_gmt":"2023-10-28T02:58:16","guid":{"rendered":"https:\/\/exceladvisor.org\/tr\/birlestirilmis-hucreleri-bul\/"},"modified":"2023-12-10T06:00:54","modified_gmt":"2023-12-10T06:00:54","slug":"birlestirilmis-hucreleri-bul","status":"publish","type":"page","link":"https:\/\/exceladvisor.org\/tr\/birlestirilmis-hucreleri-bul\/","title":{"rendered":"Excel&#39;de birle\u015ftirilmi\u015f h\u00fccreleri nas\u0131l bulabilirim?"},"content":{"rendered":"<div class=\"excel-icerikten-once\" id=\"excel-3656986008\"><script type=\"text\/javascript\">\r\n\tatOptions = {\r\n\t\t'key' : 'c1158f160081d6540a8409e6925dab94',\r\n\t\t'format' : 'iframe',\r\n\t\t'height' : 250,\r\n\t\t'width' : 300,\r\n\t\t'params' : {}\r\n\t};\r\n<\/script>\r\n<script type=\"text\/javascript\" src=\"\/\/www.highperformanceformat.com\/c1158f160081d6540a8409e6925dab94\/invoke.js\"><\/script><\/div> <p>\u00c7o\u011funlukla, verileri s\u0131ralamak, form\u00fcllerde birle\u015ftirilmi\u015f h\u00fccrelere referans kullanmak ve filtre se\u00e7imini do\u011fru kullanmak gibi belirli etkinlikleri ger\u00e7ekle\u015ftirmenizi engelleyen birle\u015ftirilmi\u015f h\u00fccreler i\u00e7eren veriler al\u0131rs\u0131n\u0131z.<\/p><p> Bu durumda birle\u015ftirilen h\u00fccreleri bulup gruplar\u0131n\u0131 \u00e7\u00f6z\u00fcp ayarlaman\u0131z gerekir ve birle\u015ftirilen h\u00fccreleri tek tek bulmak zaman alabilir.<\/p><p> Ancak arkan\u0131za yaslan\u0131n ve rahatlay\u0131n; Excel, grupland\u0131rmadan \u00f6nce t\u00fcm birle\u015ftirilmi\u015f h\u00fccreleri ayn\u0131 anda bulma ve vurgulama ve bunlar\u0131 grupland\u0131rmadan \u00f6nce h\u0131zl\u0131 bir \u015fekilde g\u00f6r\u00fcnt\u00fcleme i\u015flevine sahiptir ve bu i\u015flevi sizin i\u00e7in a\u00e7\u0131klad\u0131k.<\/p><h2 class=\"wp-block-heading\"> Bul ve De\u011fi\u015ftir&#8217;i Kullanarak Birle\u015ftirilmi\u015f H\u00fccreleri Bulma Ad\u0131mlar\u0131<\/h2><ol><li> \u0130lk olarak, birle\u015ftirilmi\u015f h\u00fccreleri bulmak istedi\u011finiz h\u00fccre aral\u0131\u011f\u0131n\u0131 veya sayfan\u0131n tamam\u0131n\u0131 se\u00e7in.<\/li><li> Aral\u0131k se\u00e7ildikten sonra &#8220;Ana Sayfa&#8221; sekmesine gidin ve &#8220;D\u00fczenle&#8221; grubunun alt\u0131nda &#8220;Bul ve De\u011fi\u015ftir&#8221; simgesine t\u0131klay\u0131n ve De\u011fi\u015ftir ileti\u015fim kutusunu a\u00e7mak i\u00e7in De\u011fi\u015ftir se\u00e7ene\u011fini se\u00e7in.<\/li><li> Veya \u201cDe\u011fi\u015ftir\u201d ileti\u015fim kutusunu a\u00e7mak i\u00e7in sadece \u201cCtrl + H\u201d k\u0131sayol tu\u015funa bas\u0131n. <br><img loading=\"lazy\" decoding=\"async\" title=\"1-bul ve de\u011fi\u015ftir kullan\" src=\"https:\/\/exceladvisor.org\/wp-content\/uploads\/2023\/08\/1-utiliser-rechercher-et-remplacer.png\" sizes=\"auto, \" srcset=\"\" alt=\"use-find-and-replace\" width=\"664\" height=\"363\"><\/li><li> Bundan sonra, \u201cBul ve De\u011fi\u015ftir\u201d ileti\u015fim kutusundaki \u201cBi\u00e7imlendir\u201d se\u00e7ene\u011fine t\u0131klay\u0131n ve \u201cFormat Bul\u201d ileti\u015fim kutusu a\u00e7\u0131lacakt\u0131r. <br><img loading=\"lazy\" decoding=\"async\" title=\"2 t\u0131klamayla bi\u00e7imlendirme se\u00e7ene\u011fi\" src=\"https:\/\/exceladvisor.org\/wp-content\/uploads\/2023\/08\/2-cliquez-sur-loption-de-format.png\" sizes=\"auto, \" srcset=\"\" alt=\"click-on-format-option\" width=\"468\" height=\"223\"><\/li><li> \u201cBi\u00e7im Bul\u201d ileti\u015fim kutusunda, \u201cHizalama\u201d sekmesine gidin, \u201cH\u00fccreleri Birle\u015ftir\u201d se\u00e7ene\u011fini i\u015faretleyin ve resimde g\u00f6sterildi\u011fi gibi \u201cMetni Sar\u201d ve \u201cS\u0131\u011facak \u015eekilde K\u00fc\u00e7\u00fclt\u201d se\u00e7eneklerinin i\u015faretini kald\u0131r\u0131n ve ard\u0131ndan Tamam&#8217;a t\u0131klay\u0131n. <br><img loading=\"lazy\" decoding=\"async\" title=\"Yaln\u0131zca 3 onay i\u015faretli birle\u015ftirilmi\u015f h\u00fccreler\" src=\"https:\/\/exceladvisor.org\/wp-content\/uploads\/2023\/08\/3-coches-uniquement-pour-les-cellules-fusionnees.png\" sizes=\"auto, \" srcset=\"\" alt=\"tickmark-only-merged-cells\" width=\"475\" height=\"335\"><\/li><li> \u015eimdi \u201cBul ve De\u011fi\u015ftir\u201d ileti\u015fim kutusunda \u201cT\u00fcm\u00fcn\u00fc Bul\u201du t\u0131klad\u0131\u011f\u0131n\u0131zda, a\u015fa\u011f\u0131da listelenen t\u00fcm birle\u015ftirilmi\u015f h\u00fccreleri ileti\u015fim kutusunda g\u00f6receksiniz. <br><img loading=\"lazy\" decoding=\"async\" title=\"Her \u015feyi 4 t\u0131klamayla bulun\" src=\"https:\/\/exceladvisor.org\/wp-content\/uploads\/2023\/08\/4-clics-pour-tout-trouver.png\" sizes=\"auto, \" srcset=\"\" alt=\"click-find-all\" width=\"468\" height=\"306\"><\/li><li> \u015eimdi Bul ve De\u011fi\u015ftir ileti\u015fim kutusunda listelenen herhangi bir h\u00fccreye t\u0131klay\u0131n ve listelenen t\u00fcm h\u00fccreleri \u201cCtrl+A\u201d tu\u015flar\u0131n\u0131 kullanarak se\u00e7in; verilerdeki birle\u015ftirilmi\u015f h\u00fccreleriniz se\u00e7ilecektir. <br><img loading=\"lazy\" decoding=\"async\" title=\"5-listelenen t\u00fcm h\u00fccreleri se\u00e7\" src=\"https:\/\/exceladvisor.org\/wp-content\/uploads\/2023\/08\/5-selectionner-toutes-les-cellules-repertoriees.png\" sizes=\"auto, \" srcset=\"\" alt=\"select-all-listed-cells\" width=\"697\" height=\"386\"><\/li><li> Se\u00e7ilen birle\u015ftirilmi\u015f h\u00fccreleri vurgulamak i\u00e7in &#8220;Giri\u015f&#8221; sekmesine gidin ve &#8220;Yaz\u0131 Tipi&#8221; grubunun alt\u0131nda &#8220;Dolgu Rengi&#8221; simgesini t\u0131klay\u0131n ve rengi se\u00e7in; birle\u015ftirilmi\u015f h\u00fccreleriniz vurgulanacak ve bunlar\u0131 h\u0131zl\u0131 bir \u015fekilde g\u00f6r\u00fcnt\u00fcleyebileceksiniz. onlar\u0131 ay\u0131rmadan \u00f6nce.<\/li><li> Sonunda, gruplar\u0131n\u0131 \u00e7\u00f6zmek i\u00e7in &#8220;Hizalama&#8221; grubunun alt\u0131ndaki &#8220;Birle\u015ftir ve Ortala&#8221; simgesine t\u0131klaman\u0131z yeterlidir; birle\u015ftirilen t\u00fcm h\u00fccrelerin grubu \u00e7\u00f6z\u00fclecektir. <br><img loading=\"lazy\" decoding=\"async\" title=\"6 birle\u015ftirilmi\u015f h\u00fccre vurguland\u0131\" src=\"https:\/\/exceladvisor.org\/wp-content\/uploads\/2023\/08\/6-cellules-fusionnees-en-surbrillance.png\" sizes=\"auto, \" srcset=\"\" alt=\"highlight-merged-cells\" width=\"775\" height=\"429\"><\/li><\/ol><h2 class=\"wp-block-heading\"> VBA kodunu kullanarak birle\u015ftirilmi\u015f h\u00fccreleri bulun<\/h2><p> Kullan\u0131c\u0131lar birle\u015ftirilmi\u015f h\u00fccreleri bulmak ve vurgulamak i\u00e7in VBA kodunu da kullanabilir.<\/p><pre class=\"wp-block-code\"> <code class=\"language-visual-basic line-numbers\" lang=\"visual-basic\">Sub find_merged_cells() Dim Cel As Range, Msg As String, Addr As String For Each Cel In ActiveSheet.UsedRange If Cel.MergeCells Then Cel.Interior.Color = 65535 End If Next End Sub<\/code><\/pre><div class=\"gb-container gb-container-4db6181c gb-container-mt\"> <a class=\"gb-button gb-button-c5897111 gb-button-text gb-button-mt-button\" href=\"https:\/\/exceladvisor.org\/tr\/excel-ilerlemesi\/\">\u0130leri Excel Dersleri<\/a><h2 class=\"gb-headline gb-headline-665e5f6b gb-headline-text gb-headline-mt-heading\"> \u0130lgili e\u011fitimler <\/h2><div class=\"gb-grid-wrapper gb-grid-wrapper-a20baf7c gb-grid-wrapper-mt-grid\"><div class=\"gb-grid-column gb-grid-column-65ddf67e\"><div class=\"gb-container gb-container-65ddf67e\"><ul><li> <a href=\"https:\/\/exceladvisor.org\/tr\/hizli-analiz-araci\/\">Excel&#8217;de H\u0131zl\u0131 Analiz Arac\u0131<\/a><\/li><li> <a href=\"https:\/\/exceladvisor.org\/tr\/birden-fazla-filtre-uygula\/\">S\u00fctunlara birden \u00e7ok filtre uygulama<\/a><\/li><li> <a href=\"https:\/\/exceladvisor.org\/tr\/ust-alt-degerleri-vurgula\/\">Excel&#8217;de \u00fcst ve alt N de\u011ferlerini vurgulay\u0131n<\/a><\/li><li> <a href=\"https:\/\/exceladvisor.org\/tr\/onay-kutusu\/\">Excel&#8217;e onay kutusu ekleme<\/a><\/li><li> <a href=\"https:\/\/exceladvisor.org\/tr\/veri-kaybetmeden-hucreleri-birlestirme\/\">Excel&#8217;de veri kaybetmeden h\u00fccreleri birle\u015ftirme<\/a><\/li><\/ul><\/div><\/div><\/div><\/div>","protected":false},"excerpt":{"rendered":"","protected":false},"author":1,"featured_media":0,"parent":0,"menu_order":0,"comment_status":"open","ping_status":"closed","template":"","meta":{"ub_ctt_via":"","footnotes":""},"class_list":["post-1916","page","type-page","status-publish","hentry"],"featured_image_src":null,"yoast_head":"<!-- This site is optimized with the Yoast SEO plugin v25.4 - https:\/\/yoast.com\/wordpress\/plugins\/seo\/ -->\n<title>Excel&#039;de Birle\u015ftirilmi\u015f H\u00fccreleri Bulman\u0131n 2 Yolu<\/title>\n<meta name=\"description\" content=\"Bu derste Excel&#039;de birle\u015ftirilmi\u015f h\u00fccreleri iki farkl\u0131 \u015fekilde nas\u0131l bulaca\u011f\u0131m\u0131z\u0131 \u00f6\u011frenece\u011fiz.\" \/>\n<meta name=\"robots\" content=\"index, follow, max-snippet:-1, max-image-preview:large, max-video-preview:-1\" \/>\n<link rel=\"canonical\" href=\"https:\/\/exceladvisor.org\/tr\/birlestirilmis-hucreleri-bul\/\" \/>\n<meta property=\"og:locale\" content=\"tr_TR\" \/>\n<meta property=\"og:type\" content=\"article\" \/>\n<meta property=\"og:title\" content=\"Excel&#039;de Birle\u015ftirilmi\u015f H\u00fccreleri Bulman\u0131n 2 Yolu\" \/>\n<meta property=\"og:description\" content=\"Bu derste Excel&#039;de birle\u015ftirilmi\u015f h\u00fccreleri iki farkl\u0131 \u015fekilde nas\u0131l bulaca\u011f\u0131m\u0131z\u0131 \u00f6\u011frenece\u011fiz.\" \/>\n<meta property=\"og:url\" content=\"https:\/\/exceladvisor.org\/tr\/birlestirilmis-hucreleri-bul\/\" \/>\n<meta property=\"og:site_name\" content=\"Excel Advisor\" \/>\n<meta property=\"article:modified_time\" content=\"2023-12-10T06:00:54+00:00\" \/>\n<meta property=\"og:image\" content=\"https:\/\/exceladvisor.org\/wp-content\/uploads\/2023\/08\/1-utiliser-rechercher-et-remplacer.png\" \/>\n<meta name=\"twitter:card\" content=\"summary_large_image\" \/>\n<meta name=\"twitter:label1\" content=\"Tahmini okuma s\u00fcresi\" \/>\n\t<meta name=\"twitter:data1\" content=\"3 dakika\" \/>\n<script type=\"application\/ld+json\" class=\"yoast-schema-graph\">{\"@context\":\"https:\/\/schema.org\",\"@graph\":[{\"@type\":\"WebPage\",\"@id\":\"https:\/\/exceladvisor.org\/tr\/birlestirilmis-hucreleri-bul\/\",\"url\":\"https:\/\/exceladvisor.org\/tr\/birlestirilmis-hucreleri-bul\/\",\"name\":\"Excel&#39;de Birle\u015ftirilmi\u015f H\u00fccreleri Bulman\u0131n 2 Yolu\",\"isPartOf\":{\"@id\":\"https:\/\/exceladvisor.org\/tr\/#website\"},\"primaryImageOfPage\":{\"@id\":\"https:\/\/exceladvisor.org\/tr\/birlestirilmis-hucreleri-bul\/#primaryimage\"},\"image\":{\"@id\":\"https:\/\/exceladvisor.org\/tr\/birlestirilmis-hucreleri-bul\/#primaryimage\"},\"thumbnailUrl\":\"https:\/\/exceladvisor.org\/wp-content\/uploads\/2023\/08\/1-utiliser-rechercher-et-remplacer.png\",\"datePublished\":\"2023-10-28T02:58:16+00:00\",\"dateModified\":\"2023-12-10T06:00:54+00:00\",\"description\":\"Bu derste Excel&#39;de birle\u015ftirilmi\u015f h\u00fccreleri iki farkl\u0131 \u015fekilde nas\u0131l bulaca\u011f\u0131m\u0131z\u0131 \u00f6\u011frenece\u011fiz.\",\"breadcrumb\":{\"@id\":\"https:\/\/exceladvisor.org\/tr\/birlestirilmis-hucreleri-bul\/#breadcrumb\"},\"inLanguage\":\"tr\",\"potentialAction\":[{\"@type\":\"ReadAction\",\"target\":[\"https:\/\/exceladvisor.org\/tr\/birlestirilmis-hucreleri-bul\/\"]}]},{\"@type\":\"ImageObject\",\"inLanguage\":\"tr\",\"@id\":\"https:\/\/exceladvisor.org\/tr\/birlestirilmis-hucreleri-bul\/#primaryimage\",\"url\":\"https:\/\/exceladvisor.org\/wp-content\/uploads\/2023\/08\/1-utiliser-rechercher-et-remplacer.png\",\"contentUrl\":\"https:\/\/exceladvisor.org\/wp-content\/uploads\/2023\/08\/1-utiliser-rechercher-et-remplacer.png\"},{\"@type\":\"BreadcrumbList\",\"@id\":\"https:\/\/exceladvisor.org\/tr\/birlestirilmis-hucreleri-bul\/#breadcrumb\",\"itemListElement\":[{\"@type\":\"ListItem\",\"position\":1,\"name\":\"Ev\",\"item\":\"https:\/\/exceladvisor.org\/tr\/\"},{\"@type\":\"ListItem\",\"position\":2,\"name\":\"Excel&#39;de birle\u015ftirilmi\u015f h\u00fccreleri nas\u0131l bulabilirim?\"}]},{\"@type\":\"WebSite\",\"@id\":\"https:\/\/exceladvisor.org\/tr\/#website\",\"url\":\"https:\/\/exceladvisor.org\/tr\/\",\"name\":\"Excel Advisor\",\"description\":\"Veri hakimiyetine y\u00f6nelik nihai rehberiniz!\",\"publisher\":{\"@id\":\"https:\/\/exceladvisor.org\/tr\/#organization\"},\"potentialAction\":[{\"@type\":\"SearchAction\",\"target\":{\"@type\":\"EntryPoint\",\"urlTemplate\":\"https:\/\/exceladvisor.org\/tr\/?s={search_term_string}\"},\"query-input\":{\"@type\":\"PropertyValueSpecification\",\"valueRequired\":true,\"valueName\":\"search_term_string\"}}],\"inLanguage\":\"tr\"},{\"@type\":\"Organization\",\"@id\":\"https:\/\/exceladvisor.org\/tr\/#organization\",\"name\":\"Excel Advisor\",\"url\":\"https:\/\/exceladvisor.org\/tr\/\",\"logo\":{\"@type\":\"ImageObject\",\"inLanguage\":\"tr\",\"@id\":\"https:\/\/exceladvisor.org\/tr\/#\/schema\/logo\/image\/\",\"url\":\"https:\/\/exceladvisor.org\/tr\/wp-content\/uploads\/2023\/12\/exceladvisor.org_.png\",\"contentUrl\":\"https:\/\/exceladvisor.org\/tr\/wp-content\/uploads\/2023\/12\/exceladvisor.org_.png\",\"width\":105,\"height\":36,\"caption\":\"Excel Advisor\"},\"image\":{\"@id\":\"https:\/\/exceladvisor.org\/tr\/#\/schema\/logo\/image\/\"}}]}<\/script>\n<!-- \/ Yoast SEO plugin. -->","yoast_head_json":{"title":"Excel&#39;de Birle\u015ftirilmi\u015f H\u00fccreleri Bulman\u0131n 2 Yolu","description":"Bu derste Excel&#39;de birle\u015ftirilmi\u015f h\u00fccreleri iki farkl\u0131 \u015fekilde nas\u0131l bulaca\u011f\u0131m\u0131z\u0131 \u00f6\u011frenece\u011fiz.","robots":{"index":"index","follow":"follow","max-snippet":"max-snippet:-1","max-image-preview":"max-image-preview:large","max-video-preview":"max-video-preview:-1"},"canonical":"https:\/\/exceladvisor.org\/tr\/birlestirilmis-hucreleri-bul\/","og_locale":"tr_TR","og_type":"article","og_title":"Excel&#39;de Birle\u015ftirilmi\u015f H\u00fccreleri Bulman\u0131n 2 Yolu","og_description":"Bu derste Excel&#39;de birle\u015ftirilmi\u015f h\u00fccreleri iki farkl\u0131 \u015fekilde nas\u0131l bulaca\u011f\u0131m\u0131z\u0131 \u00f6\u011frenece\u011fiz.","og_url":"https:\/\/exceladvisor.org\/tr\/birlestirilmis-hucreleri-bul\/","og_site_name":"Excel Advisor","article_modified_time":"2023-12-10T06:00:54+00:00","og_image":[{"url":"https:\/\/exceladvisor.org\/wp-content\/uploads\/2023\/08\/1-utiliser-rechercher-et-remplacer.png","type":"","width":"","height":""}],"twitter_card":"summary_large_image","twitter_misc":{"Tahmini okuma s\u00fcresi":"3 dakika"},"schema":{"@context":"https:\/\/schema.org","@graph":[{"@type":"WebPage","@id":"https:\/\/exceladvisor.org\/tr\/birlestirilmis-hucreleri-bul\/","url":"https:\/\/exceladvisor.org\/tr\/birlestirilmis-hucreleri-bul\/","name":"Excel&#39;de Birle\u015ftirilmi\u015f H\u00fccreleri Bulman\u0131n 2 Yolu","isPartOf":{"@id":"https:\/\/exceladvisor.org\/tr\/#website"},"primaryImageOfPage":{"@id":"https:\/\/exceladvisor.org\/tr\/birlestirilmis-hucreleri-bul\/#primaryimage"},"image":{"@id":"https:\/\/exceladvisor.org\/tr\/birlestirilmis-hucreleri-bul\/#primaryimage"},"thumbnailUrl":"https:\/\/exceladvisor.org\/wp-content\/uploads\/2023\/08\/1-utiliser-rechercher-et-remplacer.png","datePublished":"2023-10-28T02:58:16+00:00","dateModified":"2023-12-10T06:00:54+00:00","description":"Bu derste Excel&#39;de birle\u015ftirilmi\u015f h\u00fccreleri iki farkl\u0131 \u015fekilde nas\u0131l bulaca\u011f\u0131m\u0131z\u0131 \u00f6\u011frenece\u011fiz.","breadcrumb":{"@id":"https:\/\/exceladvisor.org\/tr\/birlestirilmis-hucreleri-bul\/#breadcrumb"},"inLanguage":"tr","potentialAction":[{"@type":"ReadAction","target":["https:\/\/exceladvisor.org\/tr\/birlestirilmis-hucreleri-bul\/"]}]},{"@type":"ImageObject","inLanguage":"tr","@id":"https:\/\/exceladvisor.org\/tr\/birlestirilmis-hucreleri-bul\/#primaryimage","url":"https:\/\/exceladvisor.org\/wp-content\/uploads\/2023\/08\/1-utiliser-rechercher-et-remplacer.png","contentUrl":"https:\/\/exceladvisor.org\/wp-content\/uploads\/2023\/08\/1-utiliser-rechercher-et-remplacer.png"},{"@type":"BreadcrumbList","@id":"https:\/\/exceladvisor.org\/tr\/birlestirilmis-hucreleri-bul\/#breadcrumb","itemListElement":[{"@type":"ListItem","position":1,"name":"Ev","item":"https:\/\/exceladvisor.org\/tr\/"},{"@type":"ListItem","position":2,"name":"Excel&#39;de birle\u015ftirilmi\u015f h\u00fccreleri nas\u0131l bulabilirim?"}]},{"@type":"WebSite","@id":"https:\/\/exceladvisor.org\/tr\/#website","url":"https:\/\/exceladvisor.org\/tr\/","name":"Excel Advisor","description":"Veri hakimiyetine y\u00f6nelik nihai rehberiniz!","publisher":{"@id":"https:\/\/exceladvisor.org\/tr\/#organization"},"potentialAction":[{"@type":"SearchAction","target":{"@type":"EntryPoint","urlTemplate":"https:\/\/exceladvisor.org\/tr\/?s={search_term_string}"},"query-input":{"@type":"PropertyValueSpecification","valueRequired":true,"valueName":"search_term_string"}}],"inLanguage":"tr"},{"@type":"Organization","@id":"https:\/\/exceladvisor.org\/tr\/#organization","name":"Excel Advisor","url":"https:\/\/exceladvisor.org\/tr\/","logo":{"@type":"ImageObject","inLanguage":"tr","@id":"https:\/\/exceladvisor.org\/tr\/#\/schema\/logo\/image\/","url":"https:\/\/exceladvisor.org\/tr\/wp-content\/uploads\/2023\/12\/exceladvisor.org_.png","contentUrl":"https:\/\/exceladvisor.org\/tr\/wp-content\/uploads\/2023\/12\/exceladvisor.org_.png","width":105,"height":36,"caption":"Excel Advisor"},"image":{"@id":"https:\/\/exceladvisor.org\/tr\/#\/schema\/logo\/image\/"}}]}},"yoast_meta":{"yoast_wpseo_title":"","yoast_wpseo_metadesc":"","yoast_wpseo_canonical":""},"_links":{"self":[{"href":"https:\/\/exceladvisor.org\/tr\/wp-json\/wp\/v2\/pages\/1916","targetHints":{"allow":["GET"]}}],"collection":[{"href":"https:\/\/exceladvisor.org\/tr\/wp-json\/wp\/v2\/pages"}],"about":[{"href":"https:\/\/exceladvisor.org\/tr\/wp-json\/wp\/v2\/types\/page"}],"author":[{"embeddable":true,"href":"https:\/\/exceladvisor.org\/tr\/wp-json\/wp\/v2\/users\/1"}],"replies":[{"embeddable":true,"href":"https:\/\/exceladvisor.org\/tr\/wp-json\/wp\/v2\/comments?post=1916"}],"version-history":[{"count":1,"href":"https:\/\/exceladvisor.org\/tr\/wp-json\/wp\/v2\/pages\/1916\/revisions"}],"predecessor-version":[{"id":2444,"href":"https:\/\/exceladvisor.org\/tr\/wp-json\/wp\/v2\/pages\/1916\/revisions\/2444"}],"wp:attachment":[{"href":"https:\/\/exceladvisor.org\/tr\/wp-json\/wp\/v2\/media?parent=1916"}],"curies":[{"name":"wp","href":"https:\/\/api.w.org\/{rel}","templated":true}]}}