{"id":1917,"date":"2023-10-28T02:40:46","date_gmt":"2023-10-28T02:40:46","guid":{"rendered":"https:\/\/exceladvisor.org\/tr\/metin-dosyasini-ac\/"},"modified":"2023-12-10T06:00:38","modified_gmt":"2023-12-10T06:00:38","slug":"metin-dosyasini-ac","status":"publish","type":"page","link":"https:\/\/exceladvisor.org\/tr\/metin-dosyasini-ac\/","title":{"rendered":"Excel&#39;de bir metin dosyas\u0131 nas\u0131l a\u00e7\u0131l\u0131r? (.txt)"},"content":{"rendered":"<div class=\"excel-icerikten-once\" id=\"excel-2485779286\"><script type=\"text\/javascript\">\r\n\tatOptions = {\r\n\t\t'key' : 'c1158f160081d6540a8409e6925dab94',\r\n\t\t'format' : 'iframe',\r\n\t\t'height' : 250,\r\n\t\t'width' : 300,\r\n\t\t'params' : {}\r\n\t};\r\n<\/script>\r\n<script type=\"text\/javascript\" src=\"\/\/www.highperformanceformat.com\/c1158f160081d6540a8409e6925dab94\/invoke.js\"><\/script><\/div> <p>Excel&#8217;de bir metin dosyas\u0131n\u0131 a\u00e7mak i\u00e7in dosyay\u0131 a\u00e7 ileti\u015fim kutusunu kullanarak a\u00e7abilirsiniz. A\u00e7t\u0131\u011f\u0131n\u0131zda, Excel size verileri \u00e7al\u0131\u015fma sayfas\u0131na aktarmak i\u00e7in metni s\u00fctunlara d\u00f6n\u00fc\u015ft\u00fcrme se\u00e7ene\u011fini g\u00f6sterecektir. Veriler tablo bi\u00e7imindeyse, Excel&#8217;e eklemek yaln\u0131zca birka\u00e7 t\u0131klamay\u0131 al\u0131r. <\/p><div class=\"wp-block-image\"><figure class=\"aligncenter size-full is-resized\"><img loading=\"lazy\" decoding=\"async\" class=\"wp-image-77769\" src=\"https:\/\/exceladvisor.org\/wp-content\/uploads\/2023\/08\/1-fichier-texte-ouvert-dans-excel.png\" sizes=\"auto, \" srcset=\"\" alt=\"excel'de a\u00e7\u0131k metin dosyas\u0131\" width=\"687\" height=\"506\"><\/figure><\/div><p> Bu derste Excel kullanarak bir metin dosyas\u0131n\u0131 a\u00e7man\u0131n \u00fc\u00e7 farkl\u0131 yoluna bakaca\u011f\u0131z.<\/p><h2 class=\"wp-block-heading\"> Excel&#8217;de bir metin dosyas\u0131n\u0131 a\u00e7ma ad\u0131mlar\u0131<\/h2><ol><li> \u00d6ncelikle Dosya sekmesine gidin, A\u00e7&#8217;a t\u0131klay\u0131n ve ard\u0131ndan G\u00f6zat&#8217;a t\u0131klay\u0131n. <br><img loading=\"lazy\" decoding=\"async\" title=\"2 t\u0131klamayla a\u00e7\u0131n ve g\u00f6z at\u0131n\" src=\"https:\/\/exceladvisor.org\/wp-content\/uploads\/2023\/08\/2-cliquez-sur-ouvrir-et-parcourir.png\" sizes=\"auto, \" srcset=\"\" alt=\"click-open-and-browse\" width=\"436\" height=\"480\"><\/li><li> Bundan sonra, gezinme ileti\u015fim kutusunda dosya ad\u0131n\u0131n yan\u0131ndaki a\u00e7\u0131l\u0131r men\u00fcden \u201cT\u00fcm Dosyalar\u201d\u0131 se\u00e7in. <br><img loading=\"lazy\" decoding=\"async\" title=\"3-t\u00fcm dosyalar\u0131 se\u00e7\" src=\"https:\/\/exceladvisor.org\/wp-content\/uploads\/2023\/08\/3-selectionner-tous-les-fichiers.png\" sizes=\"auto, \" srcset=\"\" alt=\"select-all-files\" width=\"550\" height=\"95\"><\/li><li> Daha sonra a\u00e7mak istedi\u011finiz metin dosyas\u0131na t\u0131klay\u0131n ve Tamam&#8217;a t\u0131klay\u0131n. <br><img loading=\"lazy\" decoding=\"async\" title=\"4-metin dosyas\u0131n\u0131 se\u00e7in\" src=\"https:\/\/exceladvisor.org\/wp-content\/uploads\/2023\/08\/4-selectionnez-le-fichier-texte.png\" sizes=\"auto, \" srcset=\"\" alt=\"select-the-text-file\" width=\"436\" height=\"362\"><\/li><li> Metni s\u00fctunlara d\u00f6n\u00fc\u015ft\u00fcrme ileti\u015fim kutunuz var. Bir sonraki ad\u0131ma ge\u00e7mek i\u00e7in ileri butonuna t\u0131klay\u0131n ve \u201cVerilerimin ba\u015fl\u0131klar\u0131 var\u201d se\u00e7ene\u011fini i\u015faretleyin. Verilerinizde zaten ba\u015fl\u0131klar varsa. <br><img loading=\"lazy\" decoding=\"async\" title=\"5 Metni S\u00fctunlara D\u00f6n\u00fc\u015ft\u00fcrme \u0130leti\u015fim Kutusu\" src=\"https:\/\/exceladvisor.org\/wp-content\/uploads\/2023\/08\/5-boite-de-dialogue-de-texte-en-colonne.png\" sizes=\"auto, \" srcset=\"\" alt=\"text-to-column-dialog-box\" width=\"618\" height=\"442\"><\/li><li> Bir sonraki ad\u0131mda \u201cSekme\u201d kutusunu i\u015faretleyin ve ard\u0131ndan \u0130leri&#8217;ye t\u0131klay\u0131n. <br><img loading=\"lazy\" decoding=\"async\" title=\"6-sekmeyi kontrol edin ve ileriyi t\u0131klay\u0131n\" src=\"https:\/\/exceladvisor.org\/wp-content\/uploads\/2023\/08\/6-onglet-coche-et-cliquez-sur-suivant.png\" sizes=\"auto, \" srcset=\"\" alt=\"checkmark-tab-and-click-next\" width=\"528\" height=\"410\"><\/li><li> Sonunda, verileri e-tabloya almak i\u00e7in Son&#8217;u t\u0131klay\u0131n. <br><img loading=\"lazy\" decoding=\"async\" title=\"7 t\u0131klamayla bitirin\" src=\"https:\/\/exceladvisor.org\/wp-content\/uploads\/2023\/08\/Terminer-en-7-clics.png\" sizes=\"auto, \" srcset=\"\" alt=\"click-finish\" width=\"529\" height=\"408\"><\/li><\/ol><p> Bitir&#8217;i t\u0131klatt\u0131\u011f\u0131n\u0131zda, sayfada a\u015fa\u011f\u0131daki gibi verilere sahip olacaks\u0131n\u0131z: <\/p><div class=\"wp-block-image\"><figure class=\"aligncenter size-full is-resized\"><img loading=\"lazy\" decoding=\"async\" class=\"wp-image-77776\" src=\"https:\/\/exceladvisor.org\/wp-content\/uploads\/2023\/08\/8-donnees-ouvertes-dans-la-feuille.png\" sizes=\"auto, \" srcset=\"\" alt=\"sayfadaki verileri a\u00e7\" width=\"487\" height=\"425\"><\/figure><\/div><p> Excel&#8217;de bir metin dosyas\u0131n\u0131 a\u00e7t\u0131\u011f\u0131n\u0131zda verileri al\u0131rs\u0131n\u0131z, ancak bu metin dosyas\u0131n\u0131 Excel dosyas\u0131 olarak kaydetmez. Bunu bir Excel \u00e7al\u0131\u015fma kitab\u0131 olarak kaydedin, Dosya \u21e2 <a href=\"https:\/\/exceladvisor.org\/tr\/farkli-kaydet\/\">Farkl\u0131 Kaydet se\u00e7ene\u011fine<\/a> gidin.<\/p><h2 class=\"wp-block-heading\"> Power Query ile Excel&#8217;de bir metin dosyas\u0131n\u0131 a\u00e7ma<\/h2><ol><li> Veri \u21e2 Dosyadan \u21e2 Metin\/CSV&#8217;den se\u00e7ene\u011fine gidin. <br><img loading=\"lazy\" decoding=\"async\" title=\"9-g\u00fc\u00e7 sorgusu ile a\u00e7\u0131k metin dosyas\u0131\" src=\"https:\/\/exceladvisor.org\/wp-content\/uploads\/2023\/08\/9-fichier-texte-ouvert-avec-requete-de-puissance.png\" sizes=\"auto, \" srcset=\"\" alt=\"open-text-file-with-power-query\" width=\"515\" height=\"482\"><\/li><li> \u0130\u00e7e aktarmak istedi\u011finiz dosyay\u0131 se\u00e7in ve \u0130\u00e7e Aktar d\u00fc\u011fmesini t\u0131klay\u0131n. <br><img loading=\"lazy\" decoding=\"async\" title=\"10-dosyay\u0131 se\u00e7 ve i\u00e7e aktar\" src=\"https:\/\/exceladvisor.org\/wp-content\/uploads\/2023\/08\/10-selectionner-le-fichier-et-importer.png\" sizes=\"auto, \" srcset=\"\" alt=\"select-file-and-import\" width=\"498\" height=\"245\"><\/li><li> Verileri e-tabloya y\u00fcklemek i\u00e7in y\u00fckle d\u00fc\u011fmesini t\u0131klay\u0131n. <br><img loading=\"lazy\" decoding=\"async\" title=\"11-y\u00fckleme dosyas\u0131\" src=\"https:\/\/exceladvisor.org\/wp-content\/uploads\/2023\/08\/11-charger-le-fichier.png\" sizes=\"auto, \" srcset=\"\" alt=\"load-the-file\" width=\"663\" height=\"308\"><\/li><li> Art\u0131k e-tablodaki verilere sahipsiniz. <br><img loading=\"lazy\" decoding=\"async\" title=\"Bir sayfaya 12 veri y\u00fcklendi\" src=\"https:\/\/exceladvisor.org\/wp-content\/uploads\/2023\/08\/12-donnees-chargees-dans-la-feuille.png\" sizes=\"auto, \" srcset=\"\" alt=\"data-loaded-in-sheet\" width=\"530\" height=\"237\"><\/li><\/ol><p> Metin dosyas\u0131ndan verileri i\u00e7e aktarmak i\u00e7in <a href=\"https:\/\/exceladvisor.org\/tr\/guc-talebi\/\">g\u00fc\u00e7 sorgusunu<\/a> kullanman\u0131n en iyi yan\u0131 dinamik olmas\u0131d\u0131r. Metin dosyas\u0131ndaki verileri g\u00fcncelledi\u011finizde, Excel&#8217;de yenile d\u00fc\u011fmesini t\u0131klatarak kolayca g\u00fcncelleyebilirsiniz.<\/p><h2 class=\"wp-block-heading\"> Verileri bir metin dosyas\u0131ndan bir Excel elektronik tablosuna kopyalay\u0131p yap\u0131\u015ft\u0131r\u0131n<\/h2><p> Bunu yapmak i\u00e7in metin dosyas\u0131n\u0131 a\u00e7\u0131n ve metin dosyas\u0131ndaki t\u00fcm verileri se\u00e7mek i\u00e7in Ctrl + A klavye k\u0131sayolunu kullan\u0131n. <\/p><div class=\"wp-block-image\"><figure class=\"aligncenter size-full is-resized\"><img loading=\"lazy\" decoding=\"async\" class=\"wp-image-77781\" src=\"https:\/\/exceladvisor.org\/wp-content\/uploads\/2023\/08\/13-copier-coller-des-donnees-du-texte-vers-excel.png\" sizes=\"auto, \" srcset=\"\" alt=\"metinden-excel'e-veri-kopyala-yap\u0131\u015ft\u0131r\" width=\"674\" height=\"362\"><\/figure><\/div><p> Elektronik tabloya gidin, A1 h\u00fccresini se\u00e7in ve verileri oraya yap\u0131\u015ft\u0131rmak i\u00e7in <a href=\"https:\/\/exceladvisor.org\/tr\/kopyala-yapistir\/\">Ctrl + V tu\u015flar\u0131na bas\u0131n<\/a> . <\/p><div class=\"wp-block-image\"><figure class=\"aligncenter size-full is-resized\"><img loading=\"lazy\" decoding=\"async\" class=\"wp-image-77782\" src=\"https:\/\/exceladvisor.org\/wp-content\/uploads\/2023\/08\/14-donnees-textuelles-collees-dans-la-feuille.png\" sizes=\"auto, \" srcset=\"\" alt=\"sayfaya-yap\u0131\u015ft\u0131r\u0131lan metin-veri\" width=\"513\" height=\"372\"><\/figure><\/div><div class=\"gb-container gb-container-4db6181c gb-container-mt\"> <a class=\"gb-button gb-button-c5897111 gb-button-text gb-button-mt-button\" href=\"https:\/\/exceladvisor.org\/tr\/excel-ilerlemesi\/\">\u0130leri D\u00fczey Excel Dersleri<\/a><h2 class=\"gb-headline gb-headline-665e5f6b gb-headline-text gb-headline-mt-heading\"> \u0130lgili e\u011fitimler <\/h2><div class=\"gb-grid-wrapper gb-grid-wrapper-a20baf7c gb-grid-wrapper-mt-grid\"><div class=\"gb-grid-column gb-grid-column-65ddf67e\"><div class=\"gb-container gb-container-65ddf67e\"><ul><li> <a href=\"https:\/\/exceladvisor.org\/tr\/bozuk-excel-dosyasini-onar\/\">Bozuk Excel Dosyas\u0131n\u0131 Onar<\/a><\/li><li> <a href=\"https:\/\/exceladvisor.org\/tr\/kaydedilmemis-dosyalari-kurtar\/\">Excel \u00e7\u00f6kt\u00fc\u011f\u00fcnde kaydedilmemi\u015f Excel dosyalar\u0131n\u0131 kurtar\u0131n<\/a><\/li><li> Excel dosyas\u0131n\u0131 (\u00e7al\u0131\u015fma kitab\u0131n\u0131) CSV format\u0131nda (XLSX TO CSV) kaydedin<\/li><li> <a href=\"https:\/\/exceladvisor.org\/tr\/calisma-kitabini-gosteri-gizle\/\">Excel&#8217;de \u00e7al\u0131\u015fma kitab\u0131n\u0131 gizleme ve g\u00f6sterme<\/a><\/li><\/ul><\/div><\/div><\/div><\/div>","protected":false},"excerpt":{"rendered":"","protected":false},"author":1,"featured_media":0,"parent":0,"menu_order":0,"comment_status":"open","ping_status":"closed","template":"","meta":{"ub_ctt_via":"","footnotes":""},"class_list":["post-1917","page","type-page","status-publish","hentry"],"featured_image_src":null,"yoast_head":"<!-- This site is optimized with the Yoast SEO plugin v25.4 - https:\/\/yoast.com\/wordpress\/plugins\/seo\/ -->\n<title>Excel&#039;de bir metin dosyas\u0131 nas\u0131l a\u00e7\u0131l\u0131r? (.TXT)<\/title>\n<meta name=\"description\" content=\"Excel&#039;de bir metin (.txt) dosyas\u0131n\u0131n nas\u0131l a\u00e7\u0131laca\u011f\u0131n\u0131 ve bu dosyadaki verilerin elektronik tabloya nas\u0131l al\u0131naca\u011f\u0131n\u0131 \u00f6\u011frenin.\" \/>\n<meta name=\"robots\" content=\"index, follow, max-snippet:-1, max-image-preview:large, max-video-preview:-1\" \/>\n<link rel=\"canonical\" href=\"https:\/\/exceladvisor.org\/tr\/metin-dosyasini-ac\/\" \/>\n<meta property=\"og:locale\" content=\"tr_TR\" \/>\n<meta property=\"og:type\" content=\"article\" \/>\n<meta property=\"og:title\" content=\"Excel&#039;de bir metin dosyas\u0131 nas\u0131l a\u00e7\u0131l\u0131r? (.TXT)\" \/>\n<meta property=\"og:description\" content=\"Excel&#039;de bir metin (.txt) dosyas\u0131n\u0131n nas\u0131l a\u00e7\u0131laca\u011f\u0131n\u0131 ve bu dosyadaki verilerin elektronik tabloya nas\u0131l al\u0131naca\u011f\u0131n\u0131 \u00f6\u011frenin.\" \/>\n<meta property=\"og:url\" content=\"https:\/\/exceladvisor.org\/tr\/metin-dosyasini-ac\/\" \/>\n<meta property=\"og:site_name\" content=\"Excel Advisor\" \/>\n<meta property=\"article:modified_time\" content=\"2023-12-10T06:00:38+00:00\" \/>\n<meta property=\"og:image\" content=\"https:\/\/exceladvisor.org\/wp-content\/uploads\/2023\/08\/1-fichier-texte-ouvert-dans-excel.png\" \/>\n<meta name=\"twitter:card\" content=\"summary_large_image\" \/>\n<meta name=\"twitter:label1\" content=\"Tahmini okuma s\u00fcresi\" \/>\n\t<meta name=\"twitter:data1\" content=\"2 dakika\" \/>\n<script type=\"application\/ld+json\" class=\"yoast-schema-graph\">{\"@context\":\"https:\/\/schema.org\",\"@graph\":[{\"@type\":\"WebPage\",\"@id\":\"https:\/\/exceladvisor.org\/tr\/metin-dosyasini-ac\/\",\"url\":\"https:\/\/exceladvisor.org\/tr\/metin-dosyasini-ac\/\",\"name\":\"Excel&#39;de bir metin dosyas\u0131 nas\u0131l a\u00e7\u0131l\u0131r? (.TXT)\",\"isPartOf\":{\"@id\":\"https:\/\/exceladvisor.org\/tr\/#website\"},\"primaryImageOfPage\":{\"@id\":\"https:\/\/exceladvisor.org\/tr\/metin-dosyasini-ac\/#primaryimage\"},\"image\":{\"@id\":\"https:\/\/exceladvisor.org\/tr\/metin-dosyasini-ac\/#primaryimage\"},\"thumbnailUrl\":\"https:\/\/exceladvisor.org\/wp-content\/uploads\/2023\/08\/1-fichier-texte-ouvert-dans-excel.png\",\"datePublished\":\"2023-10-28T02:40:46+00:00\",\"dateModified\":\"2023-12-10T06:00:38+00:00\",\"description\":\"Excel&#39;de bir metin (.txt) dosyas\u0131n\u0131n nas\u0131l a\u00e7\u0131laca\u011f\u0131n\u0131 ve bu dosyadaki verilerin elektronik tabloya nas\u0131l al\u0131naca\u011f\u0131n\u0131 \u00f6\u011frenin.\",\"breadcrumb\":{\"@id\":\"https:\/\/exceladvisor.org\/tr\/metin-dosyasini-ac\/#breadcrumb\"},\"inLanguage\":\"tr\",\"potentialAction\":[{\"@type\":\"ReadAction\",\"target\":[\"https:\/\/exceladvisor.org\/tr\/metin-dosyasini-ac\/\"]}]},{\"@type\":\"ImageObject\",\"inLanguage\":\"tr\",\"@id\":\"https:\/\/exceladvisor.org\/tr\/metin-dosyasini-ac\/#primaryimage\",\"url\":\"https:\/\/exceladvisor.org\/wp-content\/uploads\/2023\/08\/1-fichier-texte-ouvert-dans-excel.png\",\"contentUrl\":\"https:\/\/exceladvisor.org\/wp-content\/uploads\/2023\/08\/1-fichier-texte-ouvert-dans-excel.png\"},{\"@type\":\"BreadcrumbList\",\"@id\":\"https:\/\/exceladvisor.org\/tr\/metin-dosyasini-ac\/#breadcrumb\",\"itemListElement\":[{\"@type\":\"ListItem\",\"position\":1,\"name\":\"Ev\",\"item\":\"https:\/\/exceladvisor.org\/tr\/\"},{\"@type\":\"ListItem\",\"position\":2,\"name\":\"Excel&#39;de bir metin dosyas\u0131 nas\u0131l a\u00e7\u0131l\u0131r? (.txt)\"}]},{\"@type\":\"WebSite\",\"@id\":\"https:\/\/exceladvisor.org\/tr\/#website\",\"url\":\"https:\/\/exceladvisor.org\/tr\/\",\"name\":\"Excel Advisor\",\"description\":\"Veri hakimiyetine y\u00f6nelik nihai rehberiniz!\",\"publisher\":{\"@id\":\"https:\/\/exceladvisor.org\/tr\/#organization\"},\"potentialAction\":[{\"@type\":\"SearchAction\",\"target\":{\"@type\":\"EntryPoint\",\"urlTemplate\":\"https:\/\/exceladvisor.org\/tr\/?s={search_term_string}\"},\"query-input\":{\"@type\":\"PropertyValueSpecification\",\"valueRequired\":true,\"valueName\":\"search_term_string\"}}],\"inLanguage\":\"tr\"},{\"@type\":\"Organization\",\"@id\":\"https:\/\/exceladvisor.org\/tr\/#organization\",\"name\":\"Excel Advisor\",\"url\":\"https:\/\/exceladvisor.org\/tr\/\",\"logo\":{\"@type\":\"ImageObject\",\"inLanguage\":\"tr\",\"@id\":\"https:\/\/exceladvisor.org\/tr\/#\/schema\/logo\/image\/\",\"url\":\"https:\/\/exceladvisor.org\/tr\/wp-content\/uploads\/2023\/12\/exceladvisor.org_.png\",\"contentUrl\":\"https:\/\/exceladvisor.org\/tr\/wp-content\/uploads\/2023\/12\/exceladvisor.org_.png\",\"width\":105,\"height\":36,\"caption\":\"Excel Advisor\"},\"image\":{\"@id\":\"https:\/\/exceladvisor.org\/tr\/#\/schema\/logo\/image\/\"}}]}<\/script>\n<!-- \/ Yoast SEO plugin. -->","yoast_head_json":{"title":"Excel&#39;de bir metin dosyas\u0131 nas\u0131l a\u00e7\u0131l\u0131r? (.TXT)","description":"Excel&#39;de bir metin (.txt) dosyas\u0131n\u0131n nas\u0131l a\u00e7\u0131laca\u011f\u0131n\u0131 ve bu dosyadaki verilerin elektronik tabloya nas\u0131l al\u0131naca\u011f\u0131n\u0131 \u00f6\u011frenin.","robots":{"index":"index","follow":"follow","max-snippet":"max-snippet:-1","max-image-preview":"max-image-preview:large","max-video-preview":"max-video-preview:-1"},"canonical":"https:\/\/exceladvisor.org\/tr\/metin-dosyasini-ac\/","og_locale":"tr_TR","og_type":"article","og_title":"Excel&#39;de bir metin dosyas\u0131 nas\u0131l a\u00e7\u0131l\u0131r? (.TXT)","og_description":"Excel&#39;de bir metin (.txt) dosyas\u0131n\u0131n nas\u0131l a\u00e7\u0131laca\u011f\u0131n\u0131 ve bu dosyadaki verilerin elektronik tabloya nas\u0131l al\u0131naca\u011f\u0131n\u0131 \u00f6\u011frenin.","og_url":"https:\/\/exceladvisor.org\/tr\/metin-dosyasini-ac\/","og_site_name":"Excel Advisor","article_modified_time":"2023-12-10T06:00:38+00:00","og_image":[{"url":"https:\/\/exceladvisor.org\/wp-content\/uploads\/2023\/08\/1-fichier-texte-ouvert-dans-excel.png","type":"","width":"","height":""}],"twitter_card":"summary_large_image","twitter_misc":{"Tahmini okuma s\u00fcresi":"2 dakika"},"schema":{"@context":"https:\/\/schema.org","@graph":[{"@type":"WebPage","@id":"https:\/\/exceladvisor.org\/tr\/metin-dosyasini-ac\/","url":"https:\/\/exceladvisor.org\/tr\/metin-dosyasini-ac\/","name":"Excel&#39;de bir metin dosyas\u0131 nas\u0131l a\u00e7\u0131l\u0131r? (.TXT)","isPartOf":{"@id":"https:\/\/exceladvisor.org\/tr\/#website"},"primaryImageOfPage":{"@id":"https:\/\/exceladvisor.org\/tr\/metin-dosyasini-ac\/#primaryimage"},"image":{"@id":"https:\/\/exceladvisor.org\/tr\/metin-dosyasini-ac\/#primaryimage"},"thumbnailUrl":"https:\/\/exceladvisor.org\/wp-content\/uploads\/2023\/08\/1-fichier-texte-ouvert-dans-excel.png","datePublished":"2023-10-28T02:40:46+00:00","dateModified":"2023-12-10T06:00:38+00:00","description":"Excel&#39;de bir metin (.txt) dosyas\u0131n\u0131n nas\u0131l a\u00e7\u0131laca\u011f\u0131n\u0131 ve bu dosyadaki verilerin elektronik tabloya nas\u0131l al\u0131naca\u011f\u0131n\u0131 \u00f6\u011frenin.","breadcrumb":{"@id":"https:\/\/exceladvisor.org\/tr\/metin-dosyasini-ac\/#breadcrumb"},"inLanguage":"tr","potentialAction":[{"@type":"ReadAction","target":["https:\/\/exceladvisor.org\/tr\/metin-dosyasini-ac\/"]}]},{"@type":"ImageObject","inLanguage":"tr","@id":"https:\/\/exceladvisor.org\/tr\/metin-dosyasini-ac\/#primaryimage","url":"https:\/\/exceladvisor.org\/wp-content\/uploads\/2023\/08\/1-fichier-texte-ouvert-dans-excel.png","contentUrl":"https:\/\/exceladvisor.org\/wp-content\/uploads\/2023\/08\/1-fichier-texte-ouvert-dans-excel.png"},{"@type":"BreadcrumbList","@id":"https:\/\/exceladvisor.org\/tr\/metin-dosyasini-ac\/#breadcrumb","itemListElement":[{"@type":"ListItem","position":1,"name":"Ev","item":"https:\/\/exceladvisor.org\/tr\/"},{"@type":"ListItem","position":2,"name":"Excel&#39;de bir metin dosyas\u0131 nas\u0131l a\u00e7\u0131l\u0131r? (.txt)"}]},{"@type":"WebSite","@id":"https:\/\/exceladvisor.org\/tr\/#website","url":"https:\/\/exceladvisor.org\/tr\/","name":"Excel Advisor","description":"Veri hakimiyetine y\u00f6nelik nihai rehberiniz!","publisher":{"@id":"https:\/\/exceladvisor.org\/tr\/#organization"},"potentialAction":[{"@type":"SearchAction","target":{"@type":"EntryPoint","urlTemplate":"https:\/\/exceladvisor.org\/tr\/?s={search_term_string}"},"query-input":{"@type":"PropertyValueSpecification","valueRequired":true,"valueName":"search_term_string"}}],"inLanguage":"tr"},{"@type":"Organization","@id":"https:\/\/exceladvisor.org\/tr\/#organization","name":"Excel Advisor","url":"https:\/\/exceladvisor.org\/tr\/","logo":{"@type":"ImageObject","inLanguage":"tr","@id":"https:\/\/exceladvisor.org\/tr\/#\/schema\/logo\/image\/","url":"https:\/\/exceladvisor.org\/tr\/wp-content\/uploads\/2023\/12\/exceladvisor.org_.png","contentUrl":"https:\/\/exceladvisor.org\/tr\/wp-content\/uploads\/2023\/12\/exceladvisor.org_.png","width":105,"height":36,"caption":"Excel Advisor"},"image":{"@id":"https:\/\/exceladvisor.org\/tr\/#\/schema\/logo\/image\/"}}]}},"yoast_meta":{"yoast_wpseo_title":"","yoast_wpseo_metadesc":"","yoast_wpseo_canonical":""},"_links":{"self":[{"href":"https:\/\/exceladvisor.org\/tr\/wp-json\/wp\/v2\/pages\/1917","targetHints":{"allow":["GET"]}}],"collection":[{"href":"https:\/\/exceladvisor.org\/tr\/wp-json\/wp\/v2\/pages"}],"about":[{"href":"https:\/\/exceladvisor.org\/tr\/wp-json\/wp\/v2\/types\/page"}],"author":[{"embeddable":true,"href":"https:\/\/exceladvisor.org\/tr\/wp-json\/wp\/v2\/users\/1"}],"replies":[{"embeddable":true,"href":"https:\/\/exceladvisor.org\/tr\/wp-json\/wp\/v2\/comments?post=1917"}],"version-history":[{"count":1,"href":"https:\/\/exceladvisor.org\/tr\/wp-json\/wp\/v2\/pages\/1917\/revisions"}],"predecessor-version":[{"id":2422,"href":"https:\/\/exceladvisor.org\/tr\/wp-json\/wp\/v2\/pages\/1917\/revisions\/2422"}],"wp:attachment":[{"href":"https:\/\/exceladvisor.org\/tr\/wp-json\/wp\/v2\/media?parent=1917"}],"curies":[{"name":"wp","href":"https:\/\/api.w.org\/{rel}","templated":true}]}}