{"id":1918,"date":"2023-10-28T02:23:25","date_gmt":"2023-10-28T02:23:25","guid":{"rendered":"https:\/\/exceladvisor.org\/tr\/gri-hucreler\/"},"modified":"2023-12-10T06:03:35","modified_gmt":"2023-12-10T06:03:35","slug":"gri-hucreler","status":"publish","type":"page","link":"https:\/\/exceladvisor.org\/tr\/gri-hucreler\/","title":{"rendered":"Excel&#39;deki h\u00fccreler nas\u0131l grile\u015ftirilir?"},"content":{"rendered":"<div class=\"excel-icerikten-once\" id=\"excel-225663094\"><script type=\"text\/javascript\">\r\n\tatOptions = {\r\n\t\t'key' : 'c1158f160081d6540a8409e6925dab94',\r\n\t\t'format' : 'iframe',\r\n\t\t'height' : 250,\r\n\t\t'width' : 300,\r\n\t\t'params' : {}\r\n\t};\r\n<\/script>\r\n<script type=\"text\/javascript\" src=\"\/\/www.highperformanceformat.com\/c1158f160081d6540a8409e6925dab94\/invoke.js\"><\/script><\/div> <p>Bir raporu veya veriyi birisiyle payla\u015ft\u0131\u011f\u0131n\u0131zda kullan\u0131lmayan h\u00fccreleri grile\u015ftirebilirsiniz. Bu, kullan\u0131c\u0131n\u0131n e-tablonun yaln\u0131zca verilerimizin bulundu\u011fu k\u0131sm\u0131na odaklanmas\u0131na yard\u0131mc\u0131 olur. <\/p><div class=\"wp-block-image\"><figure class=\"aligncenter size-full is-resized\"><img loading=\"lazy\" decoding=\"async\" class=\"wp-image-77730\" src=\"https:\/\/exceladvisor.org\/wp-content\/uploads\/2023\/08\/1-cellules-grisees.png\" sizes=\"auto, \" srcset=\"\" alt=\"gri h\u00fccreler\" width=\"583\" height=\"386\"><\/figure><\/div><p> Bu derste, kullan\u0131lmayan h\u00fccrelere gri renk eklemenin farkl\u0131 yollar\u0131na bakaca\u011f\u0131z.<\/p><h2 class=\"wp-block-heading\"> Kullan\u0131lmayan h\u00fccreleri grile\u015ftirmek i\u00e7in ko\u015fullu bi\u00e7imlendirmeyi kullan\u0131n<\/h2><ol><li> \u0130lk \u00f6nce A1 h\u00fccresini se\u00e7in ve t\u00fcm h\u00fccreleri se\u00e7mek i\u00e7in Ctrl + A klavye k\u0131sayolunu kullan\u0131n. <br><img loading=\"lazy\" decoding=\"async\" title=\"2-bir h\u00fccre se\u00e7\" src=\"https:\/\/exceladvisor.org\/wp-content\/uploads\/2023\/08\/2-selectionner-une-cellule.png\" sizes=\"auto, \" srcset=\"\" alt=\"select-a-cell\" width=\"416\" height=\"277\"><\/li><li> \u015eimdi giri\u015f sekmesine gidin, ko\u015fullu bi\u00e7imlendirmeye t\u0131klay\u0131n ve ard\u0131ndan yeni kural se\u00e7ene\u011fini se\u00e7in. <br><img loading=\"lazy\" decoding=\"async\" title=\"3-ko\u015fullu-bi\u00e7imlendirme-yeni-kural\" src=\"https:\/\/exceladvisor.org\/wp-content\/uploads\/2023\/08\/3-nouvelle-regle-de-mise-en-forme-conditionnelle.png\" sizes=\"auto, \" srcset=\"\" alt=\"conditional-formatting-new-rule\" width=\"203\" height=\"343\"><\/li><li> Bundan sonra, yeni bi\u00e7imlendirme kural\u0131 ileti\u015fim kutusunda \u201cBi\u00e7imlendirilecek h\u00fccreyi belirlemek i\u00e7in form\u00fcl kullan\u201d se\u00e7ene\u011fini t\u0131klay\u0131n. <br><img loading=\"lazy\" decoding=\"async\" title=\"4-yeni-bi\u00e7imlendirme-ileti\u015fim kutusu\" src=\"https:\/\/exceladvisor.org\/wp-content\/uploads\/2023\/08\/4-nouvelle-boite-de-dialogue-de-formatage.png\" sizes=\"auto, \" srcset=\"\" alt=\"new-formatting-dialog-box\" width=\"449\" height=\"324\"><\/li><li> Oradan, &#8220;Bu form\u00fcl\u00fcn do\u011fru oldu\u011fu de\u011ferleri bi\u00e7imlendir&#8221; alan\u0131na <code>=IF(A1=\"\",TRUE,FALSE).<br> <img loading=\"lazy\" decoding=\"async\" title=\"5-form\u00fcl\u00fc-girin\" src=\"https:\/\/exceladvisor.org\/wp-content\/uploads\/2023\/08\/5-entrer-la-formule.png\" sizes=\"auto, \" srcset=\"\" alt=\"enter-the-formula\" width=\"533\" height=\"198\"><\/code><\/li><li> Daha sonra \u201cFormat\u201d butonuna t\u0131klay\u0131n, doldurma sekmesine gidin ve gri rengi se\u00e7in. <br><img loading=\"lazy\" decoding=\"async\" title=\"6 t\u0131klamayla bi\u00e7imlendirme d\u00fc\u011fmesi\" src=\"https:\/\/exceladvisor.org\/wp-content\/uploads\/2023\/08\/Bouton-format-6-clics.png\" sizes=\"auto, \" srcset=\"\" alt=\"click-format-button\" width=\"541\" height=\"502\"><\/li><li> Se\u00e7ene\u011fi kaydetmek i\u00e7in Tamam&#8217;\u0131 t\u0131klay\u0131n. <br><img loading=\"lazy\" decoding=\"async\" title=\"7-kaydetmek i\u00e7in tamam\" src=\"https:\/\/exceladvisor.org\/wp-content\/uploads\/2023\/08\/7-ok-pour-sauvegarder.png\" sizes=\"auto, \" srcset=\"\" alt=\"ok-to-save\" width=\"543\" height=\"204\"><code><\/code><\/li><\/ol><p> \u00c7al\u0131\u015fma sayfan\u0131zdaki t\u00fcm h\u00fccreleri grile\u015ftirir ve bir h\u00fccreye de\u011fer girdi\u011finiz anda h\u00fccre rengi otomatik olarak beyaz olur. <\/p><div class=\"wp-block-image\"><figure class=\"aligncenter size-full is-resized\"><img loading=\"lazy\" decoding=\"async\" class=\"wp-image-77737\" src=\"https:\/\/exceladvisor.org\/wp-content\/uploads\/2023\/08\/8-toutes-les-cellules-grisees.png\" sizes=\"auto, \" srcset=\"\" alt=\"t\u00fcm h\u00fccreler gri renkte\" width=\"702\" height=\"437\"><\/figure><\/div><h2 class=\"wp-block-heading\"> Kullan\u0131lmayan alanlar\u0131 grile\u015ftirmek i\u00e7in sat\u0131rlar\u0131 ve s\u00fctunlar\u0131 gizleyin<\/h2><p> Yukar\u0131daki y\u00f6ntemin yan\u0131 s\u0131ra, e-tablonun hi\u00e7bir verinizin olmad\u0131\u011f\u0131 t\u00fcm b\u00f6l\u00fcmlerini gizleyebilirsiniz. A\u015fa\u011f\u0131daki \u00f6rnekte, A1&#8217;den N13&#8217;e kadar olan h\u00fccrelere ait verileriniz var. <\/p><div class=\"wp-block-image\"><figure class=\"aligncenter size-full is-resized\"><img loading=\"lazy\" decoding=\"async\" class=\"wp-image-77738\" src=\"https:\/\/exceladvisor.org\/wp-content\/uploads\/2023\/08\/9-zones-grises-inutilisees.png\" sizes=\"auto, \" srcset=\"\" alt=\"kullan\u0131lmayan alanlar\u0131 grile\u015ftirin\" width=\"645\" height=\"425\"><\/figure><\/div><p> N s\u00fctunundan sonraki t\u00fcm s\u00fctunlar\u0131 se\u00e7in, sa\u011f t\u0131klay\u0131n ve gizle se\u00e7ene\u011fini t\u0131klay\u0131n. <\/p><div class=\"wp-block-image\"><figure class=\"aligncenter size-full is-resized\"><img loading=\"lazy\" decoding=\"async\" class=\"wp-image-77739\" src=\"https:\/\/exceladvisor.org\/wp-content\/uploads\/2023\/08\/10-selectionnez-loption-de-masquage.png\" sizes=\"auto, \" srcset=\"\" alt=\"gizleme se\u00e7ene\u011fini se\u00e7\" width=\"393\" height=\"476\"><\/figure><\/div><p> \u015eimdi 13. sat\u0131rdan sonraki t\u00fcm sat\u0131rlar\u0131 se\u00e7in, sa\u011f t\u0131klay\u0131n ve oradan gizle se\u00e7ene\u011fini se\u00e7in. <\/p><div class=\"wp-block-image\"><figure class=\"aligncenter size-full is-resized\"><img loading=\"lazy\" decoding=\"async\" class=\"wp-image-77740\" src=\"https:\/\/exceladvisor.org\/wp-content\/uploads\/2023\/08\/11-selectionner-les-lignes-et-masquer.png\" sizes=\"auto, \" srcset=\"\" alt=\"sat\u0131rlar\u0131 se\u00e7 ve gizle\" width=\"387\" height=\"446\"><\/figure><\/div><p> Bunu yapt\u0131\u011f\u0131n\u0131z anda, 13. sat\u0131r\u0131n alt\u0131ndaki t\u00fcm sat\u0131rlar gizlenecek ve verilere sahip olmad\u0131\u011f\u0131n\u0131z alanlar gri renkte olacakt\u0131r. <\/p><div class=\"wp-block-image\"><figure class=\"aligncenter size-full is-resized\"><img loading=\"lazy\" decoding=\"async\" class=\"wp-image-77741\" src=\"https:\/\/exceladvisor.org\/wp-content\/uploads\/2023\/08\/12-lignes-masquees.png\" sizes=\"auto, \" srcset=\"\" alt=\"gizli \u00e7izgiler\" width=\"677\" height=\"445\"><\/figure><\/div><h2 class=\"wp-block-heading\"> H\u00fccreleri grile\u015ftirmek i\u00e7in sayfa sonu g\u00f6r\u00fcn\u00fcm\u00fcn\u00fc kullan\u0131n<\/h2><p> Excel ortam\u0131n\u0131z\u0131 de\u011fi\u015ftirmek istemiyorsan\u0131z, \u00e7al\u0131\u015fma sayfas\u0131nda kullan\u0131lmayan gri renkli h\u00fccreleri g\u00f6r\u00fcnt\u00fclemek i\u00e7in sayfa sonu g\u00f6r\u00fcn\u00fcm\u00fcn\u00fc kullanabilirsiniz.<\/p><p> G\u00f6r\u00fcn\u00fcm sekmesi \u2192 \u00c7al\u0131\u015fma Kitab\u0131 G\u00f6r\u00fcn\u00fcmleri \u2192 Sayfa Sonu \u00d6nizleme&#8217;ye gidin. <\/p><div class=\"wp-block-image\"><figure class=\"aligncenter size-full is-resized\"><img loading=\"lazy\" decoding=\"async\" class=\"wp-image-77742\" src=\"https:\/\/exceladvisor.org\/wp-content\/uploads\/2023\/08\/Vue-de-saut-de-page-de-13-pages-pour-griser-les-cellules.png\" sizes=\"auto, \" srcset=\"\" alt=\"sayfa sonu g\u00f6r\u00fcn\u00fcm\u00fcnden gri h\u00fccrelere\" width=\"615\" height=\"241\"><\/figure><\/div><p> Bundan sonra <a href=\"https:\/\/exceladvisor.org\/tr\/yaklastir-uzaklastir\/\">yak\u0131nla\u015ft\u0131rma d\u00fczeyini 100 olarak de\u011fi\u015ftirmeniz<\/a> gerekiyor \u00e7\u00fcnk\u00fc sayfa sonu g\u00f6r\u00fcn\u00fcm\u00fcne ge\u00e7ti\u011finizde Excel <a href=\"https:\/\/exceladvisor.org\/tr\/yakinlastirma\/\">yak\u0131nla\u015ft\u0131rma d\u00fczeyini %60 olarak de\u011fi\u015ftiriyor<\/a> . <\/p><div class=\"wp-block-image\"><figure class=\"aligncenter size-full is-resized\"><img loading=\"lazy\" decoding=\"async\" class=\"wp-image-77743\" src=\"https:\/\/exceladvisor.org\/wp-content\/uploads\/2023\/08\/14-diminuer-le-niveau-de-zoom.png\" sizes=\"auto, \" srcset=\"\" alt=\"yak\u0131nla\u015ft\u0131rma d\u00fczeyini azalt\" width=\"377\" height=\"236\"><\/figure><\/div><p> Yak\u0131nla\u015ft\u0131rma d\u00fczeyini %100 olarak de\u011fi\u015ftirin; bunun gibi bir e-tablo g\u00f6r\u00fcn\u00fcm\u00fcne sahip olacaks\u0131n\u0131z. <\/p><div class=\"wp-block-image\"><figure class=\"aligncenter size-full is-resized\"><img loading=\"lazy\" decoding=\"async\" class=\"wp-image-77744\" src=\"https:\/\/exceladvisor.org\/wp-content\/uploads\/2023\/08\/15-changer-le-niveau-de-zoom-a-100.png\" sizes=\"auto, \" srcset=\"\" alt=\"yak\u0131nla\u015ft\u0131rma d\u00fczeyini %100 olarak de\u011fi\u015ftir\" width=\"680\" height=\"423\"><\/figure><\/div><div class=\"gb-container gb-container-4db6181c gb-container-mt\"> <a class=\"gb-button gb-button-c5897111 gb-button-text gb-button-mt-button\" href=\"https:\/\/exceladvisor.org\/tr\/excel-ilerlemesi\/\">\u0130leri D\u00fczey Excel Dersleri<\/a><h2 class=\"gb-headline gb-headline-665e5f6b gb-headline-text gb-headline-mt-heading\"> \u0130lgili e\u011fitimler <\/h2><div class=\"gb-grid-wrapper gb-grid-wrapper-a20baf7c gb-grid-wrapper-mt-grid\"><div class=\"gb-grid-column gb-grid-column-65ddf67e\"><div class=\"gb-container gb-container-65ddf67e\"><ul><li> <a href=\"https:\/\/exceladvisor.org\/tr\/veri-kaybetmeden-hucreleri-birlestirme\/\">Excel&#8217;de veri kaybetmeden h\u00fccreleri birle\u015ftirme<\/a><\/li><li> <a href=\"https:\/\/exceladvisor.org\/tr\/ozel-carpim-yapistir\/\">\u00d6zel Yap\u0131\u015ft\u0131r&#8217;\u0131 kullanarak Excel&#8217;de \u00e7arpma<\/a><\/li><li> <a href=\"https:\/\/exceladvisor.org\/tr\/barkod-ekle\/\" data-wpil=\"url\">Excel&#8217;e barkod ekleme<\/a><\/li><li> <a href=\"https:\/\/exceladvisor.org\/tr\/varsayilan-yazi-tipi\/\">Excel&#8217;de varsay\u0131lan yaz\u0131 tipini de\u011fi\u015ftirme<\/a><\/li><li> <a href=\"https:\/\/exceladvisor.org\/tr\/renge-gore-filtrele\/\">Excel&#8217;de renge g\u00f6re filtrele<\/a><\/li><\/ul><\/div><\/div><\/div><\/div>","protected":false},"excerpt":{"rendered":"","protected":false},"author":1,"featured_media":0,"parent":0,"menu_order":0,"comment_status":"open","ping_status":"closed","template":"","meta":{"ub_ctt_via":"","footnotes":""},"class_list":["post-1918","page","type-page","status-publish","hentry"],"featured_image_src":null,"yoast_head":"<!-- This site is optimized with the Yoast SEO plugin v25.4 - https:\/\/yoast.com\/wordpress\/plugins\/seo\/ -->\n<title>Excel&#039;deki h\u00fccreler nas\u0131l grile\u015ftirilir? (E\u011fitim 2023)<\/title>\n<meta name=\"description\" content=\"Bu derste Excel&#039;deki h\u00fccrelerin farkl\u0131 \u015fekillerde nas\u0131l grile\u015ftirilece\u011fini \u00f6\u011frenece\u011fiz.\" \/>\n<meta name=\"robots\" content=\"index, follow, max-snippet:-1, max-image-preview:large, max-video-preview:-1\" \/>\n<link rel=\"canonical\" href=\"https:\/\/exceladvisor.org\/tr\/gri-hucreler\/\" \/>\n<meta property=\"og:locale\" content=\"tr_TR\" \/>\n<meta property=\"og:type\" content=\"article\" \/>\n<meta property=\"og:title\" content=\"Excel&#039;deki h\u00fccreler nas\u0131l grile\u015ftirilir? (E\u011fitim 2023)\" \/>\n<meta property=\"og:description\" content=\"Bu derste Excel&#039;deki h\u00fccrelerin farkl\u0131 \u015fekillerde nas\u0131l grile\u015ftirilece\u011fini \u00f6\u011frenece\u011fiz.\" \/>\n<meta property=\"og:url\" content=\"https:\/\/exceladvisor.org\/tr\/gri-hucreler\/\" \/>\n<meta property=\"og:site_name\" content=\"Excel Advisor\" \/>\n<meta property=\"article:modified_time\" content=\"2023-12-10T06:03:35+00:00\" \/>\n<meta property=\"og:image\" content=\"https:\/\/exceladvisor.org\/wp-content\/uploads\/2023\/08\/1-cellules-grisees.png\" \/>\n<meta name=\"twitter:card\" content=\"summary_large_image\" \/>\n<meta name=\"twitter:label1\" content=\"Tahmini okuma s\u00fcresi\" \/>\n\t<meta name=\"twitter:data1\" content=\"2 dakika\" \/>\n<script type=\"application\/ld+json\" class=\"yoast-schema-graph\">{\"@context\":\"https:\/\/schema.org\",\"@graph\":[{\"@type\":\"WebPage\",\"@id\":\"https:\/\/exceladvisor.org\/tr\/gri-hucreler\/\",\"url\":\"https:\/\/exceladvisor.org\/tr\/gri-hucreler\/\",\"name\":\"Excel&#39;deki h\u00fccreler nas\u0131l grile\u015ftirilir? (E\u011fitim 2023)\",\"isPartOf\":{\"@id\":\"https:\/\/exceladvisor.org\/tr\/#website\"},\"primaryImageOfPage\":{\"@id\":\"https:\/\/exceladvisor.org\/tr\/gri-hucreler\/#primaryimage\"},\"image\":{\"@id\":\"https:\/\/exceladvisor.org\/tr\/gri-hucreler\/#primaryimage\"},\"thumbnailUrl\":\"https:\/\/exceladvisor.org\/wp-content\/uploads\/2023\/08\/1-cellules-grisees.png\",\"datePublished\":\"2023-10-28T02:23:25+00:00\",\"dateModified\":\"2023-12-10T06:03:35+00:00\",\"description\":\"Bu derste Excel&#39;deki h\u00fccrelerin farkl\u0131 \u015fekillerde nas\u0131l grile\u015ftirilece\u011fini \u00f6\u011frenece\u011fiz.\",\"breadcrumb\":{\"@id\":\"https:\/\/exceladvisor.org\/tr\/gri-hucreler\/#breadcrumb\"},\"inLanguage\":\"tr\",\"potentialAction\":[{\"@type\":\"ReadAction\",\"target\":[\"https:\/\/exceladvisor.org\/tr\/gri-hucreler\/\"]}]},{\"@type\":\"ImageObject\",\"inLanguage\":\"tr\",\"@id\":\"https:\/\/exceladvisor.org\/tr\/gri-hucreler\/#primaryimage\",\"url\":\"https:\/\/exceladvisor.org\/wp-content\/uploads\/2023\/08\/1-cellules-grisees.png\",\"contentUrl\":\"https:\/\/exceladvisor.org\/wp-content\/uploads\/2023\/08\/1-cellules-grisees.png\"},{\"@type\":\"BreadcrumbList\",\"@id\":\"https:\/\/exceladvisor.org\/tr\/gri-hucreler\/#breadcrumb\",\"itemListElement\":[{\"@type\":\"ListItem\",\"position\":1,\"name\":\"Ev\",\"item\":\"https:\/\/exceladvisor.org\/tr\/\"},{\"@type\":\"ListItem\",\"position\":2,\"name\":\"Excel&#39;deki h\u00fccreler nas\u0131l grile\u015ftirilir?\"}]},{\"@type\":\"WebSite\",\"@id\":\"https:\/\/exceladvisor.org\/tr\/#website\",\"url\":\"https:\/\/exceladvisor.org\/tr\/\",\"name\":\"Excel Advisor\",\"description\":\"Veri hakimiyetine y\u00f6nelik nihai rehberiniz!\",\"publisher\":{\"@id\":\"https:\/\/exceladvisor.org\/tr\/#organization\"},\"potentialAction\":[{\"@type\":\"SearchAction\",\"target\":{\"@type\":\"EntryPoint\",\"urlTemplate\":\"https:\/\/exceladvisor.org\/tr\/?s={search_term_string}\"},\"query-input\":{\"@type\":\"PropertyValueSpecification\",\"valueRequired\":true,\"valueName\":\"search_term_string\"}}],\"inLanguage\":\"tr\"},{\"@type\":\"Organization\",\"@id\":\"https:\/\/exceladvisor.org\/tr\/#organization\",\"name\":\"Excel Advisor\",\"url\":\"https:\/\/exceladvisor.org\/tr\/\",\"logo\":{\"@type\":\"ImageObject\",\"inLanguage\":\"tr\",\"@id\":\"https:\/\/exceladvisor.org\/tr\/#\/schema\/logo\/image\/\",\"url\":\"https:\/\/exceladvisor.org\/tr\/wp-content\/uploads\/2023\/12\/exceladvisor.org_.png\",\"contentUrl\":\"https:\/\/exceladvisor.org\/tr\/wp-content\/uploads\/2023\/12\/exceladvisor.org_.png\",\"width\":105,\"height\":36,\"caption\":\"Excel Advisor\"},\"image\":{\"@id\":\"https:\/\/exceladvisor.org\/tr\/#\/schema\/logo\/image\/\"}}]}<\/script>\n<!-- \/ Yoast SEO plugin. -->","yoast_head_json":{"title":"Excel&#39;deki h\u00fccreler nas\u0131l grile\u015ftirilir? (E\u011fitim 2023)","description":"Bu derste Excel&#39;deki h\u00fccrelerin farkl\u0131 \u015fekillerde nas\u0131l grile\u015ftirilece\u011fini \u00f6\u011frenece\u011fiz.","robots":{"index":"index","follow":"follow","max-snippet":"max-snippet:-1","max-image-preview":"max-image-preview:large","max-video-preview":"max-video-preview:-1"},"canonical":"https:\/\/exceladvisor.org\/tr\/gri-hucreler\/","og_locale":"tr_TR","og_type":"article","og_title":"Excel&#39;deki h\u00fccreler nas\u0131l grile\u015ftirilir? (E\u011fitim 2023)","og_description":"Bu derste Excel&#39;deki h\u00fccrelerin farkl\u0131 \u015fekillerde nas\u0131l grile\u015ftirilece\u011fini \u00f6\u011frenece\u011fiz.","og_url":"https:\/\/exceladvisor.org\/tr\/gri-hucreler\/","og_site_name":"Excel Advisor","article_modified_time":"2023-12-10T06:03:35+00:00","og_image":[{"url":"https:\/\/exceladvisor.org\/wp-content\/uploads\/2023\/08\/1-cellules-grisees.png","type":"","width":"","height":""}],"twitter_card":"summary_large_image","twitter_misc":{"Tahmini okuma s\u00fcresi":"2 dakika"},"schema":{"@context":"https:\/\/schema.org","@graph":[{"@type":"WebPage","@id":"https:\/\/exceladvisor.org\/tr\/gri-hucreler\/","url":"https:\/\/exceladvisor.org\/tr\/gri-hucreler\/","name":"Excel&#39;deki h\u00fccreler nas\u0131l grile\u015ftirilir? (E\u011fitim 2023)","isPartOf":{"@id":"https:\/\/exceladvisor.org\/tr\/#website"},"primaryImageOfPage":{"@id":"https:\/\/exceladvisor.org\/tr\/gri-hucreler\/#primaryimage"},"image":{"@id":"https:\/\/exceladvisor.org\/tr\/gri-hucreler\/#primaryimage"},"thumbnailUrl":"https:\/\/exceladvisor.org\/wp-content\/uploads\/2023\/08\/1-cellules-grisees.png","datePublished":"2023-10-28T02:23:25+00:00","dateModified":"2023-12-10T06:03:35+00:00","description":"Bu derste Excel&#39;deki h\u00fccrelerin farkl\u0131 \u015fekillerde nas\u0131l grile\u015ftirilece\u011fini \u00f6\u011frenece\u011fiz.","breadcrumb":{"@id":"https:\/\/exceladvisor.org\/tr\/gri-hucreler\/#breadcrumb"},"inLanguage":"tr","potentialAction":[{"@type":"ReadAction","target":["https:\/\/exceladvisor.org\/tr\/gri-hucreler\/"]}]},{"@type":"ImageObject","inLanguage":"tr","@id":"https:\/\/exceladvisor.org\/tr\/gri-hucreler\/#primaryimage","url":"https:\/\/exceladvisor.org\/wp-content\/uploads\/2023\/08\/1-cellules-grisees.png","contentUrl":"https:\/\/exceladvisor.org\/wp-content\/uploads\/2023\/08\/1-cellules-grisees.png"},{"@type":"BreadcrumbList","@id":"https:\/\/exceladvisor.org\/tr\/gri-hucreler\/#breadcrumb","itemListElement":[{"@type":"ListItem","position":1,"name":"Ev","item":"https:\/\/exceladvisor.org\/tr\/"},{"@type":"ListItem","position":2,"name":"Excel&#39;deki h\u00fccreler nas\u0131l grile\u015ftirilir?"}]},{"@type":"WebSite","@id":"https:\/\/exceladvisor.org\/tr\/#website","url":"https:\/\/exceladvisor.org\/tr\/","name":"Excel Advisor","description":"Veri hakimiyetine y\u00f6nelik nihai rehberiniz!","publisher":{"@id":"https:\/\/exceladvisor.org\/tr\/#organization"},"potentialAction":[{"@type":"SearchAction","target":{"@type":"EntryPoint","urlTemplate":"https:\/\/exceladvisor.org\/tr\/?s={search_term_string}"},"query-input":{"@type":"PropertyValueSpecification","valueRequired":true,"valueName":"search_term_string"}}],"inLanguage":"tr"},{"@type":"Organization","@id":"https:\/\/exceladvisor.org\/tr\/#organization","name":"Excel Advisor","url":"https:\/\/exceladvisor.org\/tr\/","logo":{"@type":"ImageObject","inLanguage":"tr","@id":"https:\/\/exceladvisor.org\/tr\/#\/schema\/logo\/image\/","url":"https:\/\/exceladvisor.org\/tr\/wp-content\/uploads\/2023\/12\/exceladvisor.org_.png","contentUrl":"https:\/\/exceladvisor.org\/tr\/wp-content\/uploads\/2023\/12\/exceladvisor.org_.png","width":105,"height":36,"caption":"Excel Advisor"},"image":{"@id":"https:\/\/exceladvisor.org\/tr\/#\/schema\/logo\/image\/"}}]}},"yoast_meta":{"yoast_wpseo_title":"","yoast_wpseo_metadesc":"","yoast_wpseo_canonical":""},"_links":{"self":[{"href":"https:\/\/exceladvisor.org\/tr\/wp-json\/wp\/v2\/pages\/1918","targetHints":{"allow":["GET"]}}],"collection":[{"href":"https:\/\/exceladvisor.org\/tr\/wp-json\/wp\/v2\/pages"}],"about":[{"href":"https:\/\/exceladvisor.org\/tr\/wp-json\/wp\/v2\/types\/page"}],"author":[{"embeddable":true,"href":"https:\/\/exceladvisor.org\/tr\/wp-json\/wp\/v2\/users\/1"}],"replies":[{"embeddable":true,"href":"https:\/\/exceladvisor.org\/tr\/wp-json\/wp\/v2\/comments?post=1918"}],"version-history":[{"count":1,"href":"https:\/\/exceladvisor.org\/tr\/wp-json\/wp\/v2\/pages\/1918\/revisions"}],"predecessor-version":[{"id":2662,"href":"https:\/\/exceladvisor.org\/tr\/wp-json\/wp\/v2\/pages\/1918\/revisions\/2662"}],"wp:attachment":[{"href":"https:\/\/exceladvisor.org\/tr\/wp-json\/wp\/v2\/media?parent=1918"}],"curies":[{"name":"wp","href":"https:\/\/api.w.org\/{rel}","templated":true}]}}