{"id":1921,"date":"2023-10-28T01:26:59","date_gmt":"2023-10-28T01:26:59","guid":{"rendered":"https:\/\/exceladvisor.org\/tr\/ust-alt-degerleri-vurgula\/"},"modified":"2023-12-10T06:04:49","modified_gmt":"2023-12-10T06:04:49","slug":"ust-alt-degerleri-vurgula","status":"publish","type":"page","link":"https:\/\/exceladvisor.org\/tr\/ust-alt-degerleri-vurgula\/","title":{"rendered":"\u00dcst ve alt n de\u011ferleri nas\u0131l vurgulan\u0131r?"},"content":{"rendered":"<div class=\"excel-icerikten-once\" id=\"excel-1017775968\"><script type=\"text\/javascript\">\r\n\tatOptions = {\r\n\t\t'key' : 'c1158f160081d6540a8409e6925dab94',\r\n\t\t'format' : 'iframe',\r\n\t\t'height' : 250,\r\n\t\t'width' : 300,\r\n\t\t'params' : {}\r\n\t};\r\n<\/script>\r\n<script type=\"text\/javascript\" src=\"\/\/www.highperformanceformat.com\/c1158f160081d6540a8409e6925dab94\/invoke.js\"><\/script><\/div> <p>De\u011ferleri yukar\u0131dan a\u015fa\u011f\u0131ya do\u011fru vurgulaman\u0131n en iyi yolu ko\u015fullu bi\u00e7imlendirmeyi kullanmakt\u0131r. H\u0131zl\u0131 ve kolayd\u0131r ve yaln\u0131zca birka\u00e7 t\u0131klama al\u0131r. Ancak i\u015fin g\u00fczel yan\u0131 bunun i\u00e7in form\u00fcl yazman\u0131za bile gerek yok.<\/p><p> \u0130lk i\u015fe ba\u015flad\u0131\u011f\u0131mdan beri kullan\u0131yorum. patronum beni arad\u0131 Ne zaman bir rapor olsa, bunu \u00fcst ve alt de\u011ferleri vurgulamay\u0131 ihmal etmeden yap\u0131yorum. E\u011fer hen\u00fcz kullanm\u0131yorsan\u0131z size nas\u0131l kullanaca\u011f\u0131n\u0131z\u0131 anlatay\u0131m. <\/p><div class=\"wp-block-image\"><figure class=\"aligncenter\"><img loading=\"lazy\" decoding=\"async\" class=\"wp-image-10058\" src=\"https:\/\/exceladvisor.org\/wp-content\/uploads\/2023\/08\/comment-mettre-en-surbrillance-les-valeurs-n-superieures-inferieures-dans-le-tableau-de-donnees-Excel-1.png\" sizes=\"auto, \" srcset=\"\" alt=\"excel veri tablosunda \u00fcst alt n de\u011ferleri nas\u0131l vurgulan\u0131r\" width=\"202\" height=\"555\"><\/figure><\/div><p> A\u015fa\u011f\u0131da g\u00fcnl\u00fck sat\u0131\u015flar\u0131 g\u00f6steren bir tablom var ve en y\u00fcksek sat\u0131\u015f\u0131n oldu\u011fu ilk 10 g\u00fcn\u00fc vurgulamak istiyorum (tablo burada biraz uzun).<\/p><h2 class=\"wp-block-heading\"> \u0130lk 10 de\u011feri vurgulay\u0131n<\/h2><ul><li> \u00d6ncelikle en y\u00fcksek de\u011ferleri vurgulamak istedi\u011finiz verileri se\u00e7in.<\/li><li> Ana Sayfa sekmesine gidin -&gt; Stiller -&gt; Ko\u015fullu Bi\u00e7imlendirme -&gt; \u00dcst\/Alt Kurallar -&gt; \u0130lk 10. <\/li><\/ul><div class=\"wp-block-image\"><figure class=\"aligncenter\"><img loading=\"lazy\" decoding=\"async\" class=\"wp-image-10056\" src=\"https:\/\/exceladvisor.org\/wp-content\/uploads\/2023\/08\/comment-mettre-en-surbrillance-les-n-valeurs-les-plus-basses-dans-la-regle-excel-top-botm-1.png\" sizes=\"auto, \" srcset=\"\" alt=\"excel \u00fcst alt kural\u0131nda en d\u00fc\u015f\u00fck n de\u011ferleri nas\u0131l vurgulan\u0131r\" width=\"357\" height=\"412\"><\/figure><\/div><ul><li> Art\u0131k a\u00e7\u0131l\u0131r pencerede belirtmeniz gereken iki \u015fey var.<ol><li> Vurgulanacak de\u011fer say\u0131s\u0131 ( <em>\u015fimdilik ilk 10<\/em> ).<\/li><li> De\u011ferleri vurgulamak i\u00e7in kullan\u0131lacak bi\u00e7imlendirme. <\/li><\/ol><\/li><\/ul><div class=\"wp-block-image\"><figure class=\"aligncenter\"><img loading=\"lazy\" decoding=\"async\" class=\"wp-image-10054\" src=\"https:\/\/exceladvisor.org\/wp-content\/uploads\/2023\/08\/comment-mettre-en-surbrillance-les-n-valeurs-superieures-inferieures-au-format-Excel-pour-mettre-en-surbrillance-les-cellules-1.png\" sizes=\"auto, \" srcset=\"\" alt=\"excel veri tablosunda \u00fcst alt n de\u011ferleri nas\u0131l vurgulan\u0131r\" width=\"307\" height=\"190\"><\/figure><\/div><ul><li> Bundan sonra Tamam&#8217;\u0131 t\u0131klay\u0131n. <\/li><\/ul><div class=\"wp-block-image\"><figure class=\"aligncenter\"><img loading=\"lazy\" decoding=\"async\" class=\"wp-image-10059\" src=\"https:\/\/exceladvisor.org\/wp-content\/uploads\/2023\/08\/comment-mettre-en-surbrillance-les-valeurs-n-superieures-inferieures-dans-Excel-avec-le-formatage-1.png\" sizes=\"auto, \" srcset=\"\" alt=\"bi\u00e7imlendirme ile excel'de \u00fcst alt n de\u011ferleri nas\u0131l vurgulan\u0131r\" width=\"202\" height=\"555\"><\/figure><\/div><p> Bahsetti\u011finiz format stili ile verinin ilk 10 de\u011ferini an\u0131nda \u00f6ne \u00e7\u0131karacakt\u0131r.<\/p><h2 class=\"wp-block-heading\"> Son 10 de\u011feri vurgulay\u0131n<\/h2><p> Son 10 de\u011feri vurgulamak i\u00e7in ayn\u0131 ad\u0131mlar\u0131 takip edebilirsiniz. Ancak ilk 10 yerine alttaki 10&#8217;a t\u0131klad\u0131\u011f\u0131n\u0131zda geri kalan \u015feyler ayn\u0131d\u0131r.<\/p><ul><li> Vurgulanacak de\u011fer say\u0131s\u0131n\u0131 se\u00e7in.<\/li><li> Ve kullan\u0131lacak format.<\/li><\/ul><h2 class=\"wp-block-heading\"> Ba\u015fka ne? <\/h2><div class=\"wp-block-image\"><figure class=\"aligncenter\"><img loading=\"lazy\" decoding=\"async\" class=\"wp-image-10055\" src=\"https:\/\/exceladvisor.org\/wp-content\/uploads\/2023\/08\/comment-mettre-en-surbrillance-les-valeurs-n-superieures-inferieures-dans-Excel-autres-options-1.png\" sizes=\"auto, \" srcset=\"\" alt=\"excel di\u011fer se\u00e7eneklerde \u00fcst alt n de\u011ferleri nas\u0131l vurgulan\u0131r\" width=\"176\" height=\"266\"><\/figure><\/div><p> Ko\u015fullu bi\u00e7imlendirme \u00fcst\/alt kural\u0131 se\u00e7ene\u011finde ba\u015fka yararl\u0131 se\u00e7enekleriniz de vard\u0131r.<\/p><ul><li> <strong>\u0130lk %10<\/strong> \u2013 Verilerin %10&#8217;una kar\u015f\u0131l\u0131k gelen en y\u00fcksek de\u011ferleri vurgulamak i\u00e7in bunu kullan\u0131n.<\/li><li> <strong>Alt %10<\/strong> \u2013 Verilerin %10&#8217;una e\u015fit olan alt de\u011ferleri vurgulay\u0131n.<\/li><li> <strong>Ortalaman\u0131n \u00dcst\u00fcnde<\/strong> \u2013 Verilerin ortalama de\u011ferinin \u00fczerindeki de\u011ferleri vurgulamak i\u00e7in.<\/li><li> <strong>Ortalaman\u0131n Alt\u0131nda<\/strong> \u2013 Verilerin ortalama de\u011ferinin alt\u0131ndaki de\u011ferleri vurgulamak i\u00e7in bu se\u00e7ene\u011fi kullan\u0131n.<\/li><\/ul><p> Daha \u00f6nce de s\u00f6yledi\u011fim gibi t\u00fcm raporlar\u0131mda \u00fcst ve alt de\u011ferleri \u00f6n plana \u00e7\u0131kar\u0131yorum. Ayr\u0131ca, veriler yaln\u0131zca bir tablo olsa bile di\u011fer ki\u015finin h\u0131zl\u0131 bir genel bak\u0131\u015f elde etmesine de yard\u0131mc\u0131 olur.<\/p><div class=\"gb-container gb-container-4db6181c gb-container-mt\"> <a class=\"gb-button gb-button-c5897111 gb-button-text gb-button-mt-button\" href=\"https:\/\/exceladvisor.org\/tr\/excel-ilerlemesi\/\">\u0130leri Excel Dersleri<\/a><h2 class=\"gb-headline gb-headline-665e5f6b gb-headline-text gb-headline-mt-heading\"> \u0130lgili e\u011fitimler <\/h2><div class=\"gb-grid-wrapper gb-grid-wrapper-a20baf7c gb-grid-wrapper-mt-grid\"><div class=\"gb-grid-column gb-grid-column-65ddf67e\"><div class=\"gb-container gb-container-65ddf67e\"><ul><li> <a href=\"https:\/\/exceladvisor.org\/tr\/veri-kaybetmeden-hucreleri-birlestirme\/\">Excel&#8217;de veri kaybetmeden h\u00fccreleri birle\u015ftirme<\/a><\/li><li> <a href=\"https:\/\/exceladvisor.org\/tr\/ozel-carpim-yapistir\/\">\u00d6zel Yap\u0131\u015ft\u0131r&#8217;\u0131 kullanarak Excel&#8217;de \u00e7arpma<\/a><\/li><li> <a href=\"https:\/\/exceladvisor.org\/tr\/barkod-ekle\/\" data-wpil=\"url\">Excel&#8217;e barkod ekleme<\/a><\/li><li> <a href=\"https:\/\/exceladvisor.org\/tr\/varsayilan-yazi-tipi\/\">Excel&#8217;de varsay\u0131lan yaz\u0131 tipini de\u011fi\u015ftirme<\/a><\/li><li> <a href=\"https:\/\/exceladvisor.org\/tr\/renge-gore-filtrele\/\">Excel&#8217;de renge g\u00f6re filtrele<\/a><\/li><\/ul><\/div><\/div><\/div><\/div>","protected":false},"excerpt":{"rendered":"","protected":false},"author":1,"featured_media":0,"parent":0,"menu_order":0,"comment_status":"open","ping_status":"closed","template":"","meta":{"ub_ctt_via":"","footnotes":""},"class_list":["post-1921","page","type-page","status-publish","hentry"],"featured_image_src":null,"yoast_head":"<!-- This site is optimized with the Yoast SEO plugin v25.4 - https:\/\/yoast.com\/wordpress\/plugins\/seo\/ -->\n<title>\u00dcst ve alt N de\u011ferlerini vurgulay\u0131n<\/title>\n<meta name=\"description\" content=\"Bu yaz\u0131da Excel&#039;de \u00fcst ve alt de\u011ferlerin nas\u0131l vurgulanaca\u011f\u0131n\u0131 \u00f6\u011freneceksiniz.\" \/>\n<meta name=\"robots\" content=\"index, follow, max-snippet:-1, max-image-preview:large, max-video-preview:-1\" \/>\n<link rel=\"canonical\" href=\"https:\/\/exceladvisor.org\/tr\/ust-alt-degerleri-vurgula\/\" \/>\n<meta property=\"og:locale\" content=\"tr_TR\" \/>\n<meta property=\"og:type\" content=\"article\" \/>\n<meta property=\"og:title\" content=\"\u00dcst ve alt N de\u011ferlerini vurgulay\u0131n\" \/>\n<meta property=\"og:description\" content=\"Bu yaz\u0131da Excel&#039;de \u00fcst ve alt de\u011ferlerin nas\u0131l vurgulanaca\u011f\u0131n\u0131 \u00f6\u011freneceksiniz.\" \/>\n<meta property=\"og:url\" content=\"https:\/\/exceladvisor.org\/tr\/ust-alt-degerleri-vurgula\/\" \/>\n<meta property=\"og:site_name\" content=\"Excel Advisor\" \/>\n<meta property=\"article:modified_time\" content=\"2023-12-10T06:04:49+00:00\" \/>\n<meta property=\"og:image\" content=\"https:\/\/exceladvisor.org\/wp-content\/uploads\/2023\/08\/comment-mettre-en-surbrillance-les-valeurs-n-superieures-inferieures-dans-le-tableau-de-donnees-Excel-1.png\" \/>\n<meta name=\"twitter:card\" content=\"summary_large_image\" \/>\n<meta name=\"twitter:label1\" content=\"Tahmini okuma s\u00fcresi\" \/>\n\t<meta name=\"twitter:data1\" content=\"2 dakika\" \/>\n<script type=\"application\/ld+json\" class=\"yoast-schema-graph\">{\"@context\":\"https:\/\/schema.org\",\"@graph\":[{\"@type\":\"WebPage\",\"@id\":\"https:\/\/exceladvisor.org\/tr\/ust-alt-degerleri-vurgula\/\",\"url\":\"https:\/\/exceladvisor.org\/tr\/ust-alt-degerleri-vurgula\/\",\"name\":\"\u00dcst ve alt N de\u011ferlerini vurgulay\u0131n\",\"isPartOf\":{\"@id\":\"https:\/\/exceladvisor.org\/tr\/#website\"},\"primaryImageOfPage\":{\"@id\":\"https:\/\/exceladvisor.org\/tr\/ust-alt-degerleri-vurgula\/#primaryimage\"},\"image\":{\"@id\":\"https:\/\/exceladvisor.org\/tr\/ust-alt-degerleri-vurgula\/#primaryimage\"},\"thumbnailUrl\":\"https:\/\/exceladvisor.org\/wp-content\/uploads\/2023\/08\/comment-mettre-en-surbrillance-les-valeurs-n-superieures-inferieures-dans-le-tableau-de-donnees-Excel-1.png\",\"datePublished\":\"2023-10-28T01:26:59+00:00\",\"dateModified\":\"2023-12-10T06:04:49+00:00\",\"description\":\"Bu yaz\u0131da Excel&#39;de \u00fcst ve alt de\u011ferlerin nas\u0131l vurgulanaca\u011f\u0131n\u0131 \u00f6\u011freneceksiniz.\",\"breadcrumb\":{\"@id\":\"https:\/\/exceladvisor.org\/tr\/ust-alt-degerleri-vurgula\/#breadcrumb\"},\"inLanguage\":\"tr\",\"potentialAction\":[{\"@type\":\"ReadAction\",\"target\":[\"https:\/\/exceladvisor.org\/tr\/ust-alt-degerleri-vurgula\/\"]}]},{\"@type\":\"ImageObject\",\"inLanguage\":\"tr\",\"@id\":\"https:\/\/exceladvisor.org\/tr\/ust-alt-degerleri-vurgula\/#primaryimage\",\"url\":\"https:\/\/exceladvisor.org\/wp-content\/uploads\/2023\/08\/comment-mettre-en-surbrillance-les-valeurs-n-superieures-inferieures-dans-le-tableau-de-donnees-Excel-1.png\",\"contentUrl\":\"https:\/\/exceladvisor.org\/wp-content\/uploads\/2023\/08\/comment-mettre-en-surbrillance-les-valeurs-n-superieures-inferieures-dans-le-tableau-de-donnees-Excel-1.png\"},{\"@type\":\"BreadcrumbList\",\"@id\":\"https:\/\/exceladvisor.org\/tr\/ust-alt-degerleri-vurgula\/#breadcrumb\",\"itemListElement\":[{\"@type\":\"ListItem\",\"position\":1,\"name\":\"Ev\",\"item\":\"https:\/\/exceladvisor.org\/tr\/\"},{\"@type\":\"ListItem\",\"position\":2,\"name\":\"\u00dcst ve alt n de\u011ferleri nas\u0131l vurgulan\u0131r?\"}]},{\"@type\":\"WebSite\",\"@id\":\"https:\/\/exceladvisor.org\/tr\/#website\",\"url\":\"https:\/\/exceladvisor.org\/tr\/\",\"name\":\"Excel Advisor\",\"description\":\"Veri hakimiyetine y\u00f6nelik nihai rehberiniz!\",\"publisher\":{\"@id\":\"https:\/\/exceladvisor.org\/tr\/#organization\"},\"potentialAction\":[{\"@type\":\"SearchAction\",\"target\":{\"@type\":\"EntryPoint\",\"urlTemplate\":\"https:\/\/exceladvisor.org\/tr\/?s={search_term_string}\"},\"query-input\":{\"@type\":\"PropertyValueSpecification\",\"valueRequired\":true,\"valueName\":\"search_term_string\"}}],\"inLanguage\":\"tr\"},{\"@type\":\"Organization\",\"@id\":\"https:\/\/exceladvisor.org\/tr\/#organization\",\"name\":\"Excel Advisor\",\"url\":\"https:\/\/exceladvisor.org\/tr\/\",\"logo\":{\"@type\":\"ImageObject\",\"inLanguage\":\"tr\",\"@id\":\"https:\/\/exceladvisor.org\/tr\/#\/schema\/logo\/image\/\",\"url\":\"https:\/\/exceladvisor.org\/tr\/wp-content\/uploads\/2023\/12\/exceladvisor.org_.png\",\"contentUrl\":\"https:\/\/exceladvisor.org\/tr\/wp-content\/uploads\/2023\/12\/exceladvisor.org_.png\",\"width\":105,\"height\":36,\"caption\":\"Excel Advisor\"},\"image\":{\"@id\":\"https:\/\/exceladvisor.org\/tr\/#\/schema\/logo\/image\/\"}}]}<\/script>\n<!-- \/ Yoast SEO plugin. -->","yoast_head_json":{"title":"\u00dcst ve alt N de\u011ferlerini vurgulay\u0131n","description":"Bu yaz\u0131da Excel&#39;de \u00fcst ve alt de\u011ferlerin nas\u0131l vurgulanaca\u011f\u0131n\u0131 \u00f6\u011freneceksiniz.","robots":{"index":"index","follow":"follow","max-snippet":"max-snippet:-1","max-image-preview":"max-image-preview:large","max-video-preview":"max-video-preview:-1"},"canonical":"https:\/\/exceladvisor.org\/tr\/ust-alt-degerleri-vurgula\/","og_locale":"tr_TR","og_type":"article","og_title":"\u00dcst ve alt N de\u011ferlerini vurgulay\u0131n","og_description":"Bu yaz\u0131da Excel&#39;de \u00fcst ve alt de\u011ferlerin nas\u0131l vurgulanaca\u011f\u0131n\u0131 \u00f6\u011freneceksiniz.","og_url":"https:\/\/exceladvisor.org\/tr\/ust-alt-degerleri-vurgula\/","og_site_name":"Excel Advisor","article_modified_time":"2023-12-10T06:04:49+00:00","og_image":[{"url":"https:\/\/exceladvisor.org\/wp-content\/uploads\/2023\/08\/comment-mettre-en-surbrillance-les-valeurs-n-superieures-inferieures-dans-le-tableau-de-donnees-Excel-1.png","type":"","width":"","height":""}],"twitter_card":"summary_large_image","twitter_misc":{"Tahmini okuma s\u00fcresi":"2 dakika"},"schema":{"@context":"https:\/\/schema.org","@graph":[{"@type":"WebPage","@id":"https:\/\/exceladvisor.org\/tr\/ust-alt-degerleri-vurgula\/","url":"https:\/\/exceladvisor.org\/tr\/ust-alt-degerleri-vurgula\/","name":"\u00dcst ve alt N de\u011ferlerini vurgulay\u0131n","isPartOf":{"@id":"https:\/\/exceladvisor.org\/tr\/#website"},"primaryImageOfPage":{"@id":"https:\/\/exceladvisor.org\/tr\/ust-alt-degerleri-vurgula\/#primaryimage"},"image":{"@id":"https:\/\/exceladvisor.org\/tr\/ust-alt-degerleri-vurgula\/#primaryimage"},"thumbnailUrl":"https:\/\/exceladvisor.org\/wp-content\/uploads\/2023\/08\/comment-mettre-en-surbrillance-les-valeurs-n-superieures-inferieures-dans-le-tableau-de-donnees-Excel-1.png","datePublished":"2023-10-28T01:26:59+00:00","dateModified":"2023-12-10T06:04:49+00:00","description":"Bu yaz\u0131da Excel&#39;de \u00fcst ve alt de\u011ferlerin nas\u0131l vurgulanaca\u011f\u0131n\u0131 \u00f6\u011freneceksiniz.","breadcrumb":{"@id":"https:\/\/exceladvisor.org\/tr\/ust-alt-degerleri-vurgula\/#breadcrumb"},"inLanguage":"tr","potentialAction":[{"@type":"ReadAction","target":["https:\/\/exceladvisor.org\/tr\/ust-alt-degerleri-vurgula\/"]}]},{"@type":"ImageObject","inLanguage":"tr","@id":"https:\/\/exceladvisor.org\/tr\/ust-alt-degerleri-vurgula\/#primaryimage","url":"https:\/\/exceladvisor.org\/wp-content\/uploads\/2023\/08\/comment-mettre-en-surbrillance-les-valeurs-n-superieures-inferieures-dans-le-tableau-de-donnees-Excel-1.png","contentUrl":"https:\/\/exceladvisor.org\/wp-content\/uploads\/2023\/08\/comment-mettre-en-surbrillance-les-valeurs-n-superieures-inferieures-dans-le-tableau-de-donnees-Excel-1.png"},{"@type":"BreadcrumbList","@id":"https:\/\/exceladvisor.org\/tr\/ust-alt-degerleri-vurgula\/#breadcrumb","itemListElement":[{"@type":"ListItem","position":1,"name":"Ev","item":"https:\/\/exceladvisor.org\/tr\/"},{"@type":"ListItem","position":2,"name":"\u00dcst ve alt n de\u011ferleri nas\u0131l vurgulan\u0131r?"}]},{"@type":"WebSite","@id":"https:\/\/exceladvisor.org\/tr\/#website","url":"https:\/\/exceladvisor.org\/tr\/","name":"Excel Advisor","description":"Veri hakimiyetine y\u00f6nelik nihai rehberiniz!","publisher":{"@id":"https:\/\/exceladvisor.org\/tr\/#organization"},"potentialAction":[{"@type":"SearchAction","target":{"@type":"EntryPoint","urlTemplate":"https:\/\/exceladvisor.org\/tr\/?s={search_term_string}"},"query-input":{"@type":"PropertyValueSpecification","valueRequired":true,"valueName":"search_term_string"}}],"inLanguage":"tr"},{"@type":"Organization","@id":"https:\/\/exceladvisor.org\/tr\/#organization","name":"Excel Advisor","url":"https:\/\/exceladvisor.org\/tr\/","logo":{"@type":"ImageObject","inLanguage":"tr","@id":"https:\/\/exceladvisor.org\/tr\/#\/schema\/logo\/image\/","url":"https:\/\/exceladvisor.org\/tr\/wp-content\/uploads\/2023\/12\/exceladvisor.org_.png","contentUrl":"https:\/\/exceladvisor.org\/tr\/wp-content\/uploads\/2023\/12\/exceladvisor.org_.png","width":105,"height":36,"caption":"Excel Advisor"},"image":{"@id":"https:\/\/exceladvisor.org\/tr\/#\/schema\/logo\/image\/"}}]}},"yoast_meta":{"yoast_wpseo_title":"","yoast_wpseo_metadesc":"","yoast_wpseo_canonical":""},"_links":{"self":[{"href":"https:\/\/exceladvisor.org\/tr\/wp-json\/wp\/v2\/pages\/1921","targetHints":{"allow":["GET"]}}],"collection":[{"href":"https:\/\/exceladvisor.org\/tr\/wp-json\/wp\/v2\/pages"}],"about":[{"href":"https:\/\/exceladvisor.org\/tr\/wp-json\/wp\/v2\/types\/page"}],"author":[{"embeddable":true,"href":"https:\/\/exceladvisor.org\/tr\/wp-json\/wp\/v2\/users\/1"}],"replies":[{"embeddable":true,"href":"https:\/\/exceladvisor.org\/tr\/wp-json\/wp\/v2\/comments?post=1921"}],"version-history":[{"count":1,"href":"https:\/\/exceladvisor.org\/tr\/wp-json\/wp\/v2\/pages\/1921\/revisions"}],"predecessor-version":[{"id":2763,"href":"https:\/\/exceladvisor.org\/tr\/wp-json\/wp\/v2\/pages\/1921\/revisions\/2763"}],"wp:attachment":[{"href":"https:\/\/exceladvisor.org\/tr\/wp-json\/wp\/v2\/media?parent=1921"}],"curies":[{"name":"wp","href":"https:\/\/api.w.org\/{rel}","templated":true}]}}