{"id":1922,"date":"2023-10-28T00:51:49","date_gmt":"2023-10-28T00:51:49","guid":{"rendered":"https:\/\/exceladvisor.org\/tr\/kisisellestirilmis-listeler\/"},"modified":"2023-12-10T06:01:59","modified_gmt":"2023-12-10T06:01:59","slug":"kisisellestirilmis-listeler","status":"publish","type":"page","link":"https:\/\/exceladvisor.org\/tr\/kisisellestirilmis-listeler\/","title":{"rendered":"Excel&#39;de \u00f6zel bir liste nas\u0131l olu\u015fturulur?"},"content":{"rendered":"<div class=\"excel-icerikten-once\" id=\"excel-2951161818\"><script type=\"text\/javascript\">\r\n\tatOptions = {\r\n\t\t'key' : 'c1158f160081d6540a8409e6925dab94',\r\n\t\t'format' : 'iframe',\r\n\t\t'height' : 250,\r\n\t\t'width' : 300,\r\n\t\t'params' : {}\r\n\t};\r\n<\/script>\r\n<script type=\"text\/javascript\" src=\"\/\/www.highperformanceformat.com\/c1158f160081d6540a8409e6925dab94\/invoke.js\"><\/script><\/div> <p>Excel&#8217;deki \u00f6zel listeler, kullan\u0131c\u0131lar\u0131n gerekti\u011finde olu\u015fturabilece\u011fi ve h\u00fccre aral\u0131klar\u0131n\u0131 otomatik olarak doldurmak ve verileri bu listelere g\u00f6re s\u0131ralamak i\u00e7in kullanabilece\u011fi listelerdir. \u00d6zel liste \u00f6zelli\u011fi, \u00e7o\u011funlukla benzer veri k\u00fcmeleri \u00fczerinde \u00e7al\u0131\u015fan kullan\u0131c\u0131lar i\u00e7in olduk\u00e7a kullan\u0131\u015fl\u0131d\u0131r.<\/p><p> Kullan\u0131c\u0131lar \u00e7al\u0131\u015fan adlar\u0131, \u00f6\u011frenci adlar\u0131, m\u00fc\u015fteri adlar\u0131, departman adlar\u0131, \u00f6ncelik vb. gibi kendi \u00f6zel listelerini olu\u015fturabilir ve siz de bu listeleri kullanarak veri aral\u0131\u011f\u0131n\u0131 otomatik olarak doldurmak i\u00e7in kullanabilirsiniz <strong>.<\/strong> <\/p><div class=\"wp-block-image\"><figure class=\"aligncenter size-full is-resized\"><img loading=\"lazy\" decoding=\"async\" class=\"wp-image-80406\" src=\"https:\/\/exceladvisor.org\/wp-content\/uploads\/2023\/08\/1-remplissage-automatique-a-laide-de-la-poignee-de-remplissage-min.gif\" sizes=\"auto, \" srcset=\"\" alt=\"doldurma kolunu kullanarak otomatik doldurma\" width=\"224\" height=\"353\"><\/figure><\/div><p> Excel&#8217;de varsay\u0131lan olarak hafta adlar\u0131 ve ay adlar\u0131ndan olu\u015fan iki yerle\u015fik, \u00f6nceden tan\u0131mlanm\u0131\u015f \u00f6zel liste bulunur.<\/p><p> H\u00fccrelere hafta veya ay adlar\u0131n\u0131 girmek istedi\u011finizde, h\u00fccreye ilk ad\u0131 girmeniz yeterlidir; hafta adlar\u0131 i\u00e7in Pazar veya Pazar, ay adlar\u0131 i\u00e7in Ocak veya Ocak gibi.<\/p><p> Doldurma tutamac\u0131n\u0131 kullanarak dinlenme g\u00fcnlerini veya ay adlar\u0131n\u0131 otomatik olarak doldurabilirsiniz. <\/p><div class=\"wp-block-image\"><figure class=\"aligncenter size-full is-resized\"><img loading=\"lazy\" decoding=\"async\" class=\"wp-image-80407\" src=\"https:\/\/exceladvisor.org\/wp-content\/uploads\/2023\/08\/2-boite-de-dialogue-de-liste-personnalisee.png\" sizes=\"auto, \" srcset=\"\" alt=\"\u00f6zel liste ileti\u015fim kutusu\" width=\"540\" height=\"421\"><\/figure><\/div><h2 class=\"wp-block-heading\"> Excel&#8217;de \u00d6zel Listeler Olu\u015fturma Ad\u0131mlar\u0131<\/h2><p> A\u015fa\u011f\u0131daki ad\u0131mlar\u0131 takip ederek kendi \u00f6zel tan\u0131ml\u0131 listelerinizi olu\u015fturabilirsiniz:<\/p><ol><li> \u0130lk \u00f6nce \u201cDosya\u201d sekmesine gidin. <br><img loading=\"lazy\" decoding=\"async\" title=\"3 dosya men\u00fcs\u00fc\" src=\"https:\/\/exceladvisor.org\/wp-content\/uploads\/2023\/08\/Menu-3-fichiers.png\" sizes=\"auto, \" srcset=\"\" alt=\"file-menu\" width=\"437\" height=\"160\"><\/li><li> Daha sonra \u201cExcel Se\u00e7ene\u011fi\u201d ileti\u015fim kutusunu a\u00e7mak i\u00e7in \u201cSe\u00e7enekler\u201de t\u0131klay\u0131n. <br><img loading=\"lazy\" decoding=\"async\" title=\"4 Excel se\u00e7ene\u011fi\" src=\"https:\/\/exceladvisor.org\/wp-content\/uploads\/2023\/08\/4-options-Excel.png\" sizes=\"auto, \" srcset=\"\" alt=\"excel-options\" width=\"132\" height=\"392\"><\/li><li> Bundan sonra, \u201cGeli\u015fmi\u015f\u201d se\u00e7ene\u011fine t\u0131klay\u0131n, ard\u0131ndan sa\u011f kayd\u0131rma \u00e7ubu\u011funu \u201cGenel\u201d se\u00e7ene\u011fine kayd\u0131r\u0131n ve ard\u0131ndan \u201c\u00d6zel Listeleri D\u00fczenle\u201d se\u00e7ene\u011fine t\u0131klay\u0131n. <br><img loading=\"lazy\" decoding=\"async\" title=\"5-t\u0131klama-d\u00fczenleme-\u00f6zel listeler\" src=\"https:\/\/exceladvisor.org\/wp-content\/uploads\/2023\/08\/5-clics-pour-modifier-les-listes-personnalisees.png\" sizes=\"auto, \" srcset=\"\" alt=\"click-edit-custom-lists\" width=\"562\" height=\"565\"><\/li><li> &#8220;\u00d6zel Listeleri D\u00fczenle&#8221;ye t\u0131klad\u0131\u011f\u0131n\u0131zda, \u00f6zel listeler olu\u015fturmak i\u00e7in &#8220;\u00d6zel Listeler&#8221; ileti\u015fim kutusu a\u00e7\u0131l\u0131r.<\/li><li> Burada, \u201cH\u00fccre Listesini \u0130\u00e7e Aktar\u201d alan\u0131na t\u0131klay\u0131n ve daha \u00f6nce olu\u015fturduysan\u0131z listelenen aral\u0131\u011f\u0131 se\u00e7in veya olu\u015fturulmu\u015fsa \u201cAd Aral\u0131\u011f\u0131\u201d ad\u0131n\u0131 girin ve ard\u0131ndan listeyi i\u00e7e aktarmak i\u00e7in \u201c\u0130\u00e7e Aktar\u201d d\u00fc\u011fmesini t\u0131klay\u0131n.<\/li><li> Veya \u201cListe Giri\u015fi\u201d kutusuna listeyi manuel olarak girebilirsiniz.<\/li><li> \u0130\u00e7e aktarma listesini veya manuel listeyi bitirdikten sonra &#8220;Ekle&#8221; d\u00fc\u011fmesini ve ard\u0131ndan Tamam&#8217;\u0131 t\u0131klay\u0131n.<\/li><li> Art\u0131k \u00f6zel listenizi olu\u015fturdunuz ve bu, yerle\u015fik \u00f6zel listelere yans\u0131maya ba\u015fl\u0131yor. <br><img loading=\"lazy\" decoding=\"async\" title=\"6-i\u00e7e aktarma \u00f6zel listesi\" src=\"https:\/\/exceladvisor.org\/wp-content\/uploads\/2023\/08\/6-importer-une-liste-personnalisee.png\" sizes=\"auto, \" srcset=\"\" alt=\"import-custom-list\" width=\"520\" height=\"408\"><\/li><li> Bu noktada, \u00f6zel listeniz art\u0131k <a href=\"https:\/\/exceladvisor.org\/tr\/doldurma-kolu\/\">&#8220;Doldurma Tutamac\u0131&#8221;<\/a> kullan\u0131larak otomatik doldurma i\u00e7in kullan\u0131lmaya haz\u0131rd\u0131r. <br><img loading=\"lazy\" decoding=\"async\" title=\"7-haz\u0131r-\u00f6zel-liste-min.gif\" src=\"https:\/\/exceladvisor.org\/wp-content\/uploads\/2023\/08\/7-liste-personnalisee-prete-min.gif\" sizes=\"auto, \" srcset=\"\" alt=\"ready-custom-list\" width=\"206\" height=\"265\"><\/li><\/ol><h2 class=\"wp-block-heading\"> \u00d6zel listeleri kullanarak verileri s\u0131ralama<\/h2><p> Normalde verileri A&#8217;dan Z&#8217;ye veya Z&#8217;den A&#8217;ya alfabetik olarak ve say\u0131sal olarak artan veya azalan s\u0131rada s\u0131ralayabilirsiniz.<\/p><p> Ancak \u00e7o\u011fumuz verileri \u00f6zel liste s\u0131ran\u0131za g\u00f6re de s\u0131ralayabilece\u011finizi bilmiyoruz.<\/p><p> Yukar\u0131daki ad\u0131mlarda olu\u015fturdu\u011fumuz \u00f6zel listeyi kullanarak &#8220;Verileri \u00f6zel listeler kullanarak s\u0131ralama&#8221; i\u015flevini anlay\u0131n.<\/p><ol><li> \u00d6ncelikle veri k\u00fcmesindeki herhangi bir h\u00fccreye gidin ve \u201cVeri\u201d sekmesine t\u0131klay\u0131n, ard\u0131ndan \u015feritteki \u201cS\u0131rala ve Filtrele\u201d grubunun alt\u0131ndaki \u201cS\u0131rala\u201d simgesine t\u0131klay\u0131n. <br><img loading=\"lazy\" decoding=\"async\" title=\"8 veri sekmesinin s\u0131ralama simgesi\" src=\"https:\/\/exceladvisor.org\/wp-content\/uploads\/2023\/08\/8-icone-de-tri-des-onglets-de-donnees.png\" sizes=\"auto, \" srcset=\"\" alt=\"data-tab-sort-icon\" width=\"655\" height=\"405\"><\/li><li> Bundan sonra, &#8220;S\u0131ralama \u00f6l\u00e7\u00fct\u00fc&#8221; alan\u0131nda s\u00fctun ba\u015fl\u0131\u011f\u0131n\u0131 se\u00e7in ve se\u00e7in.<\/li><li> \u015eimdi \u201cSipari\u015f\u201d alan\u0131n\u0131n a\u00e7\u0131l\u0131r okuna t\u0131klay\u0131n ve \u201c\u00d6zel Liste\u201dye t\u0131klay\u0131n, ard\u0131ndan verileri s\u0131ralamak i\u00e7in kullanmak istedi\u011finiz listeyi se\u00e7in ve Tamam&#8217;a t\u0131klay\u0131n. <br><img loading=\"lazy\" decoding=\"async\" title=\"9-S\u0131ralama \u0130leti\u015fim Kutusu\" src=\"https:\/\/exceladvisor.org\/wp-content\/uploads\/2023\/08\/9-boite-de-dialogue-de-tri.png\" sizes=\"auto, \" srcset=\"\" alt=\"sort-dialog-box\" width=\"551\" height=\"259\"><\/li><li> \u015eu anda verileriniz \u00f6zel liste s\u0131ras\u0131na g\u00f6re s\u0131ralanacakt\u0131r. <br><img loading=\"lazy\" decoding=\"async\" title=\"\u00d6zel listeye g\u00f6re s\u0131ralanm\u0131\u015f 10 veri\" src=\"https:\/\/exceladvisor.org\/wp-content\/uploads\/2023\/08\/10-donnees-triees-par-liste-personnalisee.png\" sizes=\"auto, \" srcset=\"\" alt=\"sorted-data-per-custom-list\" width=\"421\" height=\"255\"><\/li><\/ol><p> Yukar\u0131daki resimde verilerin A&#8217;dan Z&#8217;ye veya Z&#8217;den A&#8217;ya alfabetik olarak de\u011fil, \u00f6zel liste s\u0131ras\u0131na g\u00f6re s\u0131raland\u0131\u011f\u0131n\u0131 g\u00f6rebilirsiniz.<\/p><h2 class=\"wp-block-heading\"> Herhangi bir \u00f6zel listeyi silin veya silin<\/h2><ol><li> \u00d6zel listeyi silmek i\u00e7in \u201c\u00d6zel Listeler\u201d ileti\u015fim kutusunu a\u00e7\u0131n.<\/li><li> Daha sonra silmek istedi\u011finiz listeye t\u0131klay\u0131n, ard\u0131ndan \u201cSil\u201d butonuna t\u0131klay\u0131n ve son olarak Tamam\u2019a t\u0131klay\u0131n. <\/li><\/ol><div class=\"wp-block-image\"><figure class=\"aligncenter size-full is-resized\"><img loading=\"lazy\" decoding=\"async\" class=\"wp-image-80416\" src=\"https:\/\/exceladvisor.org\/wp-content\/uploads\/2023\/08\/11-supprimer-la-liste-personnalisee.png\" sizes=\"auto, \" srcset=\"\" alt=\"\u00f6zel listeyi sil\" width=\"539\" height=\"404\"><\/figure><\/div><p class=\"grey-note\"> Excel&#8217;de \u00f6nceden tan\u0131mlanm\u0131\u015f yerle\u015fik \u00f6zel listeleri (hafta ve ay adlar\u0131) silemezsiniz.<\/p><div class=\"gb-container gb-container-4db6181c gb-container-mt\"> <a class=\"gb-button gb-button-c5897111 gb-button-text gb-button-mt-button\" href=\"https:\/\/exceladvisor.org\/tr\/excel-ilerlemesi\/\">\u0130leri D\u00fczey Excel Dersleri<\/a><h2 class=\"gb-headline gb-headline-665e5f6b gb-headline-text gb-headline-mt-heading\"> \u0130lgili e\u011fitimler <\/h2><div class=\"gb-grid-wrapper gb-grid-wrapper-a20baf7c gb-grid-wrapper-mt-grid\"><div class=\"gb-grid-column gb-grid-column-65ddf67e\"><div class=\"gb-container gb-container-65ddf67e\"><ul><li> <a href=\"https:\/\/exceladvisor.org\/tr\/kamera-araci\/\">Excel Kamera Arac\u0131<\/a><\/li><li> <a href=\"https:\/\/exceladvisor.org\/tr\/hedef-aramak\/\">Excel&#8217;de Hedef Bulucu<\/a><\/li><li> <a href=\"https:\/\/exceladvisor.org\/tr\/pencereyi-izle\/\">Excel&#8217;de pencereyi izle<\/a><\/li><li> <a href=\"https:\/\/exceladvisor.org\/tr\/excel-dilimleyici\/\">Excel Dilimleyici (Tam K\u0131lavuz)<\/a><\/li><li> <a href=\"https:\/\/exceladvisor.org\/tr\/macta-varsayilan-olarak-excel\/\">Mac&#8217;te Excel&#8217;i Varsay\u0131lan Yap\u0131n<\/a><\/li><\/ul><\/div><\/div><\/div><\/div>","protected":false},"excerpt":{"rendered":"","protected":false},"author":1,"featured_media":0,"parent":0,"menu_order":0,"comment_status":"open","ping_status":"closed","template":"","meta":{"ub_ctt_via":"","footnotes":""},"class_list":["post-1922","page","type-page","status-publish","hentry"],"featured_image_src":null,"yoast_head":"<!-- This site is optimized with the Yoast SEO plugin v25.4 - https:\/\/yoast.com\/wordpress\/plugins\/seo\/ -->\n<title>Excel&#039;de \u00f6zel bir liste nas\u0131l olu\u015fturulur? (2023 K\u0131lavuzu)<\/title>\n<meta name=\"description\" content=\"Bu e\u011fitim, veri giri\u015fini h\u0131zland\u0131rmak i\u00e7in Excel&#039;de \u00f6zel bir liste olu\u015fturmaya odaklanmaktad\u0131r.\" \/>\n<meta name=\"robots\" content=\"index, follow, max-snippet:-1, max-image-preview:large, max-video-preview:-1\" \/>\n<link rel=\"canonical\" href=\"https:\/\/exceladvisor.org\/tr\/kisisellestirilmis-listeler\/\" \/>\n<meta property=\"og:locale\" content=\"tr_TR\" \/>\n<meta property=\"og:type\" content=\"article\" \/>\n<meta property=\"og:title\" content=\"Excel&#039;de \u00f6zel bir liste nas\u0131l olu\u015fturulur? (2023 K\u0131lavuzu)\" \/>\n<meta property=\"og:description\" content=\"Bu e\u011fitim, veri giri\u015fini h\u0131zland\u0131rmak i\u00e7in Excel&#039;de \u00f6zel bir liste olu\u015fturmaya odaklanmaktad\u0131r.\" \/>\n<meta property=\"og:url\" content=\"https:\/\/exceladvisor.org\/tr\/kisisellestirilmis-listeler\/\" \/>\n<meta property=\"og:site_name\" content=\"Excel Advisor\" \/>\n<meta property=\"article:modified_time\" content=\"2023-12-10T06:01:59+00:00\" \/>\n<meta property=\"og:image\" content=\"https:\/\/exceladvisor.org\/wp-content\/uploads\/2023\/08\/1-remplissage-automatique-a-laide-de-la-poignee-de-remplissage-min.gif\" \/>\n<meta name=\"twitter:card\" content=\"summary_large_image\" \/>\n<meta name=\"twitter:label1\" content=\"Tahmini okuma s\u00fcresi\" \/>\n\t<meta name=\"twitter:data1\" content=\"3 dakika\" \/>\n<script type=\"application\/ld+json\" class=\"yoast-schema-graph\">{\"@context\":\"https:\/\/schema.org\",\"@graph\":[{\"@type\":\"WebPage\",\"@id\":\"https:\/\/exceladvisor.org\/tr\/kisisellestirilmis-listeler\/\",\"url\":\"https:\/\/exceladvisor.org\/tr\/kisisellestirilmis-listeler\/\",\"name\":\"Excel&#39;de \u00f6zel bir liste nas\u0131l olu\u015fturulur? (2023 K\u0131lavuzu)\",\"isPartOf\":{\"@id\":\"https:\/\/exceladvisor.org\/tr\/#website\"},\"primaryImageOfPage\":{\"@id\":\"https:\/\/exceladvisor.org\/tr\/kisisellestirilmis-listeler\/#primaryimage\"},\"image\":{\"@id\":\"https:\/\/exceladvisor.org\/tr\/kisisellestirilmis-listeler\/#primaryimage\"},\"thumbnailUrl\":\"https:\/\/exceladvisor.org\/wp-content\/uploads\/2023\/08\/1-remplissage-automatique-a-laide-de-la-poignee-de-remplissage-min.gif\",\"datePublished\":\"2023-10-28T00:51:49+00:00\",\"dateModified\":\"2023-12-10T06:01:59+00:00\",\"description\":\"Bu e\u011fitim, veri giri\u015fini h\u0131zland\u0131rmak i\u00e7in Excel&#39;de \u00f6zel bir liste olu\u015fturmaya odaklanmaktad\u0131r.\",\"breadcrumb\":{\"@id\":\"https:\/\/exceladvisor.org\/tr\/kisisellestirilmis-listeler\/#breadcrumb\"},\"inLanguage\":\"tr\",\"potentialAction\":[{\"@type\":\"ReadAction\",\"target\":[\"https:\/\/exceladvisor.org\/tr\/kisisellestirilmis-listeler\/\"]}]},{\"@type\":\"ImageObject\",\"inLanguage\":\"tr\",\"@id\":\"https:\/\/exceladvisor.org\/tr\/kisisellestirilmis-listeler\/#primaryimage\",\"url\":\"https:\/\/exceladvisor.org\/wp-content\/uploads\/2023\/08\/1-remplissage-automatique-a-laide-de-la-poignee-de-remplissage-min.gif\",\"contentUrl\":\"https:\/\/exceladvisor.org\/wp-content\/uploads\/2023\/08\/1-remplissage-automatique-a-laide-de-la-poignee-de-remplissage-min.gif\"},{\"@type\":\"BreadcrumbList\",\"@id\":\"https:\/\/exceladvisor.org\/tr\/kisisellestirilmis-listeler\/#breadcrumb\",\"itemListElement\":[{\"@type\":\"ListItem\",\"position\":1,\"name\":\"Ev\",\"item\":\"https:\/\/exceladvisor.org\/tr\/\"},{\"@type\":\"ListItem\",\"position\":2,\"name\":\"Excel&#39;de \u00f6zel bir liste nas\u0131l olu\u015fturulur?\"}]},{\"@type\":\"WebSite\",\"@id\":\"https:\/\/exceladvisor.org\/tr\/#website\",\"url\":\"https:\/\/exceladvisor.org\/tr\/\",\"name\":\"Excel Advisor\",\"description\":\"Veri hakimiyetine y\u00f6nelik nihai rehberiniz!\",\"publisher\":{\"@id\":\"https:\/\/exceladvisor.org\/tr\/#organization\"},\"potentialAction\":[{\"@type\":\"SearchAction\",\"target\":{\"@type\":\"EntryPoint\",\"urlTemplate\":\"https:\/\/exceladvisor.org\/tr\/?s={search_term_string}\"},\"query-input\":{\"@type\":\"PropertyValueSpecification\",\"valueRequired\":true,\"valueName\":\"search_term_string\"}}],\"inLanguage\":\"tr\"},{\"@type\":\"Organization\",\"@id\":\"https:\/\/exceladvisor.org\/tr\/#organization\",\"name\":\"Excel Advisor\",\"url\":\"https:\/\/exceladvisor.org\/tr\/\",\"logo\":{\"@type\":\"ImageObject\",\"inLanguage\":\"tr\",\"@id\":\"https:\/\/exceladvisor.org\/tr\/#\/schema\/logo\/image\/\",\"url\":\"https:\/\/exceladvisor.org\/tr\/wp-content\/uploads\/2023\/12\/exceladvisor.org_.png\",\"contentUrl\":\"https:\/\/exceladvisor.org\/tr\/wp-content\/uploads\/2023\/12\/exceladvisor.org_.png\",\"width\":105,\"height\":36,\"caption\":\"Excel Advisor\"},\"image\":{\"@id\":\"https:\/\/exceladvisor.org\/tr\/#\/schema\/logo\/image\/\"}}]}<\/script>\n<!-- \/ Yoast SEO plugin. -->","yoast_head_json":{"title":"Excel&#39;de \u00f6zel bir liste nas\u0131l olu\u015fturulur? (2023 K\u0131lavuzu)","description":"Bu e\u011fitim, veri giri\u015fini h\u0131zland\u0131rmak i\u00e7in Excel&#39;de \u00f6zel bir liste olu\u015fturmaya odaklanmaktad\u0131r.","robots":{"index":"index","follow":"follow","max-snippet":"max-snippet:-1","max-image-preview":"max-image-preview:large","max-video-preview":"max-video-preview:-1"},"canonical":"https:\/\/exceladvisor.org\/tr\/kisisellestirilmis-listeler\/","og_locale":"tr_TR","og_type":"article","og_title":"Excel&#39;de \u00f6zel bir liste nas\u0131l olu\u015fturulur? (2023 K\u0131lavuzu)","og_description":"Bu e\u011fitim, veri giri\u015fini h\u0131zland\u0131rmak i\u00e7in Excel&#39;de \u00f6zel bir liste olu\u015fturmaya odaklanmaktad\u0131r.","og_url":"https:\/\/exceladvisor.org\/tr\/kisisellestirilmis-listeler\/","og_site_name":"Excel Advisor","article_modified_time":"2023-12-10T06:01:59+00:00","og_image":[{"url":"https:\/\/exceladvisor.org\/wp-content\/uploads\/2023\/08\/1-remplissage-automatique-a-laide-de-la-poignee-de-remplissage-min.gif","type":"","width":"","height":""}],"twitter_card":"summary_large_image","twitter_misc":{"Tahmini okuma s\u00fcresi":"3 dakika"},"schema":{"@context":"https:\/\/schema.org","@graph":[{"@type":"WebPage","@id":"https:\/\/exceladvisor.org\/tr\/kisisellestirilmis-listeler\/","url":"https:\/\/exceladvisor.org\/tr\/kisisellestirilmis-listeler\/","name":"Excel&#39;de \u00f6zel bir liste nas\u0131l olu\u015fturulur? (2023 K\u0131lavuzu)","isPartOf":{"@id":"https:\/\/exceladvisor.org\/tr\/#website"},"primaryImageOfPage":{"@id":"https:\/\/exceladvisor.org\/tr\/kisisellestirilmis-listeler\/#primaryimage"},"image":{"@id":"https:\/\/exceladvisor.org\/tr\/kisisellestirilmis-listeler\/#primaryimage"},"thumbnailUrl":"https:\/\/exceladvisor.org\/wp-content\/uploads\/2023\/08\/1-remplissage-automatique-a-laide-de-la-poignee-de-remplissage-min.gif","datePublished":"2023-10-28T00:51:49+00:00","dateModified":"2023-12-10T06:01:59+00:00","description":"Bu e\u011fitim, veri giri\u015fini h\u0131zland\u0131rmak i\u00e7in Excel&#39;de \u00f6zel bir liste olu\u015fturmaya odaklanmaktad\u0131r.","breadcrumb":{"@id":"https:\/\/exceladvisor.org\/tr\/kisisellestirilmis-listeler\/#breadcrumb"},"inLanguage":"tr","potentialAction":[{"@type":"ReadAction","target":["https:\/\/exceladvisor.org\/tr\/kisisellestirilmis-listeler\/"]}]},{"@type":"ImageObject","inLanguage":"tr","@id":"https:\/\/exceladvisor.org\/tr\/kisisellestirilmis-listeler\/#primaryimage","url":"https:\/\/exceladvisor.org\/wp-content\/uploads\/2023\/08\/1-remplissage-automatique-a-laide-de-la-poignee-de-remplissage-min.gif","contentUrl":"https:\/\/exceladvisor.org\/wp-content\/uploads\/2023\/08\/1-remplissage-automatique-a-laide-de-la-poignee-de-remplissage-min.gif"},{"@type":"BreadcrumbList","@id":"https:\/\/exceladvisor.org\/tr\/kisisellestirilmis-listeler\/#breadcrumb","itemListElement":[{"@type":"ListItem","position":1,"name":"Ev","item":"https:\/\/exceladvisor.org\/tr\/"},{"@type":"ListItem","position":2,"name":"Excel&#39;de \u00f6zel bir liste nas\u0131l olu\u015fturulur?"}]},{"@type":"WebSite","@id":"https:\/\/exceladvisor.org\/tr\/#website","url":"https:\/\/exceladvisor.org\/tr\/","name":"Excel Advisor","description":"Veri hakimiyetine y\u00f6nelik nihai rehberiniz!","publisher":{"@id":"https:\/\/exceladvisor.org\/tr\/#organization"},"potentialAction":[{"@type":"SearchAction","target":{"@type":"EntryPoint","urlTemplate":"https:\/\/exceladvisor.org\/tr\/?s={search_term_string}"},"query-input":{"@type":"PropertyValueSpecification","valueRequired":true,"valueName":"search_term_string"}}],"inLanguage":"tr"},{"@type":"Organization","@id":"https:\/\/exceladvisor.org\/tr\/#organization","name":"Excel Advisor","url":"https:\/\/exceladvisor.org\/tr\/","logo":{"@type":"ImageObject","inLanguage":"tr","@id":"https:\/\/exceladvisor.org\/tr\/#\/schema\/logo\/image\/","url":"https:\/\/exceladvisor.org\/tr\/wp-content\/uploads\/2023\/12\/exceladvisor.org_.png","contentUrl":"https:\/\/exceladvisor.org\/tr\/wp-content\/uploads\/2023\/12\/exceladvisor.org_.png","width":105,"height":36,"caption":"Excel Advisor"},"image":{"@id":"https:\/\/exceladvisor.org\/tr\/#\/schema\/logo\/image\/"}}]}},"yoast_meta":{"yoast_wpseo_title":"","yoast_wpseo_metadesc":"","yoast_wpseo_canonical":""},"_links":{"self":[{"href":"https:\/\/exceladvisor.org\/tr\/wp-json\/wp\/v2\/pages\/1922","targetHints":{"allow":["GET"]}}],"collection":[{"href":"https:\/\/exceladvisor.org\/tr\/wp-json\/wp\/v2\/pages"}],"about":[{"href":"https:\/\/exceladvisor.org\/tr\/wp-json\/wp\/v2\/types\/page"}],"author":[{"embeddable":true,"href":"https:\/\/exceladvisor.org\/tr\/wp-json\/wp\/v2\/users\/1"}],"replies":[{"embeddable":true,"href":"https:\/\/exceladvisor.org\/tr\/wp-json\/wp\/v2\/comments?post=1922"}],"version-history":[{"count":1,"href":"https:\/\/exceladvisor.org\/tr\/wp-json\/wp\/v2\/pages\/1922\/revisions"}],"predecessor-version":[{"id":2570,"href":"https:\/\/exceladvisor.org\/tr\/wp-json\/wp\/v2\/pages\/1922\/revisions\/2570"}],"wp:attachment":[{"href":"https:\/\/exceladvisor.org\/tr\/wp-json\/wp\/v2\/media?parent=1922"}],"curies":[{"name":"wp","href":"https:\/\/api.w.org\/{rel}","templated":true}]}}