{"id":1923,"date":"2023-10-27T23:50:11","date_gmt":"2023-10-27T23:50:11","guid":{"rendered":"https:\/\/exceladvisor.org\/tr\/resim-ekle\/"},"modified":"2023-12-10T06:00:35","modified_gmt":"2023-12-10T06:00:35","slug":"resim-ekle","status":"publish","type":"page","link":"https:\/\/exceladvisor.org\/tr\/resim-ekle\/","title":{"rendered":"Excel&#39;de bir h\u00fccreye resim ekleme"},"content":{"rendered":"<div class=\"excel-icerikten-once\" id=\"excel-4216328592\"><script type=\"text\/javascript\">\r\n\tatOptions = {\r\n\t\t'key' : 'c1158f160081d6540a8409e6925dab94',\r\n\t\t'format' : 'iframe',\r\n\t\t'height' : 250,\r\n\t\t'width' : 300,\r\n\t\t'params' : {}\r\n\t};\r\n<\/script>\r\n<script type=\"text\/javascript\" src=\"\/\/www.highperformanceformat.com\/c1158f160081d6540a8409e6925dab94\/invoke.js\"><\/script><\/div> <p>Herkesin bildi\u011fi gibi Excel esas olarak say\u0131lar ve metin verileriyle \u00e7al\u0131\u015fmak i\u00e7in kullan\u0131l\u0131r, ancak Excel&#8217;in ayn\u0131 zamanda h\u00fccrelere resim ekleme \u00f6zelli\u011fi de vard\u0131r. G\u00f6r\u00fcnt\u00fcy\u00fc bir h\u00fccreye eklemek \u00e7ok basit bir i\u015ftir ve g\u00f6r\u00fcnt\u00fcy\u00fc yerel sisteminizden veya \u00e7evrimi\u00e7i olarak ekleyebilirsiniz.<\/p><p> Bazen kendinizi, referans verilen verilere g\u00f6rsel \u00f6\u011feler sa\u011flamak i\u00e7in g\u00f6rselleri ve verileri dahil etmek istedi\u011finiz bir kurulu\u015fta \u00e7al\u0131\u015ft\u0131\u011f\u0131n\u0131z bir durumda bulursunuz.<\/p><p> \u00dcr\u00fcn ayr\u0131nt\u0131lar\u0131n\u0131z\u0131 Excel&#8217;de tutman\u0131z gereken bir \u00fcr\u00fcn imalat \u015firketinde \u00e7al\u0131\u015ft\u0131\u011f\u0131n\u0131z\u0131 ve bu \u00fcr\u00fcnlerin referans g\u00f6rsellerini de eklemek istedi\u011finizi varsayal\u0131m; Burada Excel&#8217;in resim ekleme i\u015flevini kullanabilirsiniz.<\/p><p> Gayrimenkul, logo veya bina tasar\u0131m\u0131 gibi bu \u00f6zelli\u011fe her zaman ihtiya\u00e7 duydu\u011funuz bir\u00e7ok kurulu\u015f t\u00fcr\u00fc ve verilerle birlikte referans g\u00f6rsellerini g\u00f6r\u00fcnt\u00fclemek i\u00e7in \u00e7ok daha fazlas\u0131 vard\u0131r.<\/p><h2 class=\"wp-block-heading\"> H\u00fccreye resim ekleme ad\u0131mlar\u0131<\/h2><ol><li> \u00d6ncelikle \u015feritteki \u201cEkle\u201d sekmesine gidin, ard\u0131ndan \u201c\u00c7izimler\u201d grubunun alt\u0131ndaki \u201cResimler\u201d simgesine t\u0131klay\u0131n.<\/li><li> &#8220;Resimler&#8221;e t\u0131klad\u0131\u011f\u0131n\u0131zda, yerel sisteminizden veya \u00e7evrimi\u00e7i olarak bir resmi nereye eklemek istedi\u011finizi se\u00e7ebilece\u011finiz a\u00e7\u0131l\u0131r kutu a\u00e7\u0131l\u0131r.<\/li><li> Bundan sonra, yerel veya ba\u011fl\u0131 sisteminizin g\u00f6r\u00fcnt\u00fcs\u00fcn\u00fc eklemek i\u00e7in \u201cBu Cihaz\u201da t\u0131klay\u0131n veya g\u00f6r\u00fcnt\u00fcy\u00fc \u00e7evrimi\u00e7i olarak eklemek istiyorsan\u0131z \u201c\u00c7evrimi\u00e7i G\u00f6r\u00fcnt\u00fcler\u201de t\u0131klay\u0131n. <br><img loading=\"lazy\" decoding=\"async\" title=\"1-excel'e resim ekleme\" src=\"https:\/\/exceladvisor.org\/wp-content\/uploads\/2023\/08\/1-insertion-dimage-dans-excel.png\" sizes=\"auto, \" srcset=\"\" alt=\"insert-picture-in-excel\" width=\"414\" height=\"207\"><\/li><li> Burada eklemek istedi\u011finiz g\u00f6rseli bulup se\u00e7in ve \u201cEkle\u201d butonuna t\u0131klay\u0131n. <br><img loading=\"lazy\" decoding=\"async\" title=\"2-foto\u011fraf\u0131-se\u00e7in\" src=\"https:\/\/exceladvisor.org\/wp-content\/uploads\/2023\/08\/2-choisir-limage.png\" sizes=\"auto, \" srcset=\"\" alt=\"choose-the-picture\" width=\"648\" height=\"407\"><\/li><li> &#8220;Ekle&#8221;yi t\u0131klad\u0131\u011f\u0131n\u0131zda resim e-tabloya eklenecektir.<\/li><li> \u015eimdi fare imlecinizi herhangi bir yuvarlak \u015fekilli kenarl\u0131\u011f\u0131n \u00fczerine getirin, ard\u0131ndan g\u00f6r\u00fcnt\u00fcy\u00fc h\u00fccreye s\u0131\u011facak \u015fekilde yeniden boyutland\u0131rmak i\u00e7in s\u00fcr\u00fckleyip k\u00fc\u00e7\u00fclt\u00fcn. <br><img loading=\"lazy\" decoding=\"async\" title=\"3-resmi yeniden boyutland\u0131r\" src=\"https:\/\/exceladvisor.org\/wp-content\/uploads\/2023\/08\/3-redimensionner-limage.png\" sizes=\"auto, \" srcset=\"\" alt=\"resize-the-image\" width=\"582\" height=\"157\"><\/li><li> Yeniden boyutland\u0131r\u0131ld\u0131ktan sonra fare t\u0131klamas\u0131yla kenarl\u0131klardan birini tutun ve g\u00f6r\u00fcnt\u00fcy\u00fc yerle\u015ftirmek istedi\u011finiz h\u00fccreye s\u00fcr\u00fckleyin. <br><img loading=\"lazy\" decoding=\"async\" title=\"4-resmi s\u00fcr\u00fckleyin\" src=\"https:\/\/exceladvisor.org\/wp-content\/uploads\/2023\/08\/4-faites-glisser-limage.png\" sizes=\"auto, \" srcset=\"\" alt=\"drag-the-image\" width=\"491\" height=\"173\"><\/li><\/ol><h2 class=\"wp-block-heading\"> Resmi h\u00fccreye kilitle<\/h2><p> G\u00f6r\u00fcnt\u00fc, varsay\u0131lan olarak, ilgili h\u00fccrelere atand\u0131ktan sonra sabitlenmez veya yerinde kalmaz; bu, h\u00fccrenin yeniden boyutland\u0131r\u0131lmas\u0131yla g\u00f6r\u00fcnt\u00fcn\u00fcn ba\u015fka bir yere serbest\u00e7e ta\u015f\u0131nabilece\u011fi anlam\u0131na gelir.<\/p><p> Yani g\u00f6r\u00fcnt\u00fcy\u00fc yerle\u015ftirdikten sonra g\u00f6r\u00fcnt\u00fcn\u00fcn h\u00fccreye g\u00f6m\u00fclmesi ve yerinden hareket etmemesi i\u00e7in kilitlememiz gerekiyor. Bunun i\u00e7in g\u00f6rseli ekledikten sonra a\u015fa\u011f\u0131daki ad\u0131mlar\u0131 takip edin.<\/p><ol><li> \u0130lk \u00f6nce g\u00f6rsele\/resme sa\u011f t\u0131klay\u0131n, a\u00e7\u0131l\u0131r listeyi a\u00e7acaks\u0131n\u0131z.<\/li><li> Bundan sonra \u201cBoyut ve \u00d6zellikler\u201d se\u00e7ene\u011fini se\u00e7in. <br><img loading=\"lazy\" decoding=\"async\" title=\"5 boyut ve \u00f6zellik se\u00e7ene\u011fi\" src=\"https:\/\/exceladvisor.org\/wp-content\/uploads\/2023\/08\/5-options-de-taille-et-de-proprietes.png\" sizes=\"auto, \" srcset=\"\" alt=\"size-and-properties-option\" width=\"651\" height=\"374\"><\/li><li> \u015eimdi \u201cH\u00fccrelerle ta\u015f\u0131 ve boyutland\u0131r\u201d se\u00e7ene\u011fini se\u00e7in, b\u00f6ylece bu h\u00fccreye kilitlenebilir ve yaln\u0131zca h\u00fccre i\u00e7inde hareket edebilir. <br><img loading=\"lazy\" decoding=\"async\" title=\"H\u00fccrelerle 6-hareket ve boyut\" src=\"https:\/\/exceladvisor.org\/wp-content\/uploads\/2023\/08\/6-deplacer-et-dimensionner-avec-des-cellules.png\" sizes=\"auto, \" srcset=\"\" alt=\"move-and-size-with-cells\" width=\"746\" height=\"501\"><\/li><\/ol><p> Art\u0131k bu g\u00f6r\u00fcnt\u00fc yaln\u0131zca h\u00fccrenin hareketiyle hareket edecek; \u00f6rne\u011fin art\u0131k sat\u0131r\u0131 &#8220;B&#8221; ve &#8220;C&#8221; s\u00fctunlar\u0131 aras\u0131na yerle\u015ftirdi\u011fim i\u00e7in h\u00fccrenin hareketiyle g\u00f6r\u00fcnt\u00fc sa\u011fa do\u011fru hareket etti.<\/p><p> H\u00fccreyi yeniden boyutland\u0131rd\u0131\u011f\u0131mda g\u00f6r\u00fcnt\u00fc buna g\u00f6re ayarland\u0131 ve h\u00fccrenin d\u0131\u015f\u0131na ta\u015fmad\u0131. <\/p><div class=\"wp-block-image\"><figure class=\"aligncenter size-full is-resized\"><img loading=\"lazy\" decoding=\"async\" class=\"wp-image-79183\" src=\"https:\/\/exceladvisor.org\/wp-content\/uploads\/2023\/08\/7-image-enfermee-dans-une-cellule.png\" sizes=\"auto, \" srcset=\"\" alt=\"h\u00fccrede kilitli g\u00f6r\u00fcnt\u00fc\" width=\"538\" height=\"125\"><\/figure><\/div><div class=\"gb-container gb-container-4db6181c gb-container-mt\"> <a class=\"gb-button gb-button-c5897111 gb-button-text gb-button-mt-button\" href=\"https:\/\/exceladvisor.org\/tr\/excel-ilerlemesi\/\">\u0130leri D\u00fczey Excel Dersleri<\/a><h2 class=\"gb-headline gb-headline-665e5f6b gb-headline-text gb-headline-mt-heading\"> \u0130lgili e\u011fitimler <\/h2><div class=\"gb-grid-wrapper gb-grid-wrapper-a20baf7c gb-grid-wrapper-mt-grid\"><div class=\"gb-grid-column gb-grid-column-65ddf67e\"><div class=\"gb-container gb-container-65ddf67e\"><ul><li> <a href=\"https:\/\/exceladvisor.org\/tr\/kamera-araci\/\">Excel Kamera Arac\u0131<\/a><\/li><li> <a href=\"https:\/\/exceladvisor.org\/tr\/hedef-aramak\/\">Excel&#8217;de Hedef Bulucu<\/a><\/li><li> <a href=\"https:\/\/exceladvisor.org\/tr\/pencereyi-izle\/\">Excel&#8217;de pencereyi izle<\/a><\/li><li> <a href=\"https:\/\/exceladvisor.org\/tr\/excel-dilimleyici\/\">Excel Dilimleyici (Tam K\u0131lavuz)<\/a><\/li><li> <a href=\"https:\/\/exceladvisor.org\/tr\/macta-varsayilan-olarak-excel\/\">Mac&#8217;te Excel&#8217;i Varsay\u0131lan Yap\u0131n<\/a><\/li><\/ul><\/div><\/div><\/div><\/div>","protected":false},"excerpt":{"rendered":"","protected":false},"author":1,"featured_media":0,"parent":0,"menu_order":0,"comment_status":"open","ping_status":"closed","template":"","meta":{"ub_ctt_via":"","footnotes":""},"class_list":["post-1923","page","type-page","status-publish","hentry"],"featured_image_src":null,"yoast_head":"<!-- This site is optimized with the Yoast SEO plugin v25.4 - https:\/\/yoast.com\/wordpress\/plugins\/seo\/ -->\n<title>Excel&#039;de bir h\u00fccreye resim nas\u0131l eklenir?<\/title>\n<meta name=\"robots\" content=\"index, follow, max-snippet:-1, max-image-preview:large, max-video-preview:-1\" \/>\n<link rel=\"canonical\" href=\"https:\/\/exceladvisor.org\/tr\/resim-ekle\/\" \/>\n<meta property=\"og:locale\" content=\"tr_TR\" \/>\n<meta property=\"og:type\" content=\"article\" \/>\n<meta property=\"og:title\" content=\"Excel&#039;de bir h\u00fccreye resim nas\u0131l eklenir?\" \/>\n<meta property=\"og:url\" content=\"https:\/\/exceladvisor.org\/tr\/resim-ekle\/\" \/>\n<meta property=\"og:site_name\" content=\"Excel Advisor\" \/>\n<meta property=\"article:modified_time\" content=\"2023-12-10T06:00:35+00:00\" \/>\n<meta property=\"og:image\" content=\"https:\/\/exceladvisor.org\/wp-content\/uploads\/2023\/08\/1-insertion-dimage-dans-excel.png\" \/>\n<meta name=\"twitter:card\" content=\"summary_large_image\" \/>\n<meta name=\"twitter:label1\" content=\"Tahmini okuma s\u00fcresi\" \/>\n\t<meta name=\"twitter:data1\" content=\"3 dakika\" \/>\n<script type=\"application\/ld+json\" class=\"yoast-schema-graph\">{\"@context\":\"https:\/\/schema.org\",\"@graph\":[{\"@type\":\"WebPage\",\"@id\":\"https:\/\/exceladvisor.org\/tr\/resim-ekle\/\",\"url\":\"https:\/\/exceladvisor.org\/tr\/resim-ekle\/\",\"name\":\"Excel&#39;de bir h\u00fccreye resim nas\u0131l eklenir?\",\"isPartOf\":{\"@id\":\"https:\/\/exceladvisor.org\/tr\/#website\"},\"primaryImageOfPage\":{\"@id\":\"https:\/\/exceladvisor.org\/tr\/resim-ekle\/#primaryimage\"},\"image\":{\"@id\":\"https:\/\/exceladvisor.org\/tr\/resim-ekle\/#primaryimage\"},\"thumbnailUrl\":\"https:\/\/exceladvisor.org\/wp-content\/uploads\/2023\/08\/1-insertion-dimage-dans-excel.png\",\"datePublished\":\"2023-10-27T23:50:11+00:00\",\"dateModified\":\"2023-12-10T06:00:35+00:00\",\"breadcrumb\":{\"@id\":\"https:\/\/exceladvisor.org\/tr\/resim-ekle\/#breadcrumb\"},\"inLanguage\":\"tr\",\"potentialAction\":[{\"@type\":\"ReadAction\",\"target\":[\"https:\/\/exceladvisor.org\/tr\/resim-ekle\/\"]}]},{\"@type\":\"ImageObject\",\"inLanguage\":\"tr\",\"@id\":\"https:\/\/exceladvisor.org\/tr\/resim-ekle\/#primaryimage\",\"url\":\"https:\/\/exceladvisor.org\/wp-content\/uploads\/2023\/08\/1-insertion-dimage-dans-excel.png\",\"contentUrl\":\"https:\/\/exceladvisor.org\/wp-content\/uploads\/2023\/08\/1-insertion-dimage-dans-excel.png\"},{\"@type\":\"BreadcrumbList\",\"@id\":\"https:\/\/exceladvisor.org\/tr\/resim-ekle\/#breadcrumb\",\"itemListElement\":[{\"@type\":\"ListItem\",\"position\":1,\"name\":\"Ev\",\"item\":\"https:\/\/exceladvisor.org\/tr\/\"},{\"@type\":\"ListItem\",\"position\":2,\"name\":\"Excel&#39;de bir h\u00fccreye resim ekleme\"}]},{\"@type\":\"WebSite\",\"@id\":\"https:\/\/exceladvisor.org\/tr\/#website\",\"url\":\"https:\/\/exceladvisor.org\/tr\/\",\"name\":\"Excel Advisor\",\"description\":\"Veri hakimiyetine y\u00f6nelik nihai rehberiniz!\",\"publisher\":{\"@id\":\"https:\/\/exceladvisor.org\/tr\/#organization\"},\"potentialAction\":[{\"@type\":\"SearchAction\",\"target\":{\"@type\":\"EntryPoint\",\"urlTemplate\":\"https:\/\/exceladvisor.org\/tr\/?s={search_term_string}\"},\"query-input\":{\"@type\":\"PropertyValueSpecification\",\"valueRequired\":true,\"valueName\":\"search_term_string\"}}],\"inLanguage\":\"tr\"},{\"@type\":\"Organization\",\"@id\":\"https:\/\/exceladvisor.org\/tr\/#organization\",\"name\":\"Excel Advisor\",\"url\":\"https:\/\/exceladvisor.org\/tr\/\",\"logo\":{\"@type\":\"ImageObject\",\"inLanguage\":\"tr\",\"@id\":\"https:\/\/exceladvisor.org\/tr\/#\/schema\/logo\/image\/\",\"url\":\"https:\/\/exceladvisor.org\/tr\/wp-content\/uploads\/2023\/12\/exceladvisor.org_.png\",\"contentUrl\":\"https:\/\/exceladvisor.org\/tr\/wp-content\/uploads\/2023\/12\/exceladvisor.org_.png\",\"width\":105,\"height\":36,\"caption\":\"Excel Advisor\"},\"image\":{\"@id\":\"https:\/\/exceladvisor.org\/tr\/#\/schema\/logo\/image\/\"}}]}<\/script>\n<!-- \/ Yoast SEO plugin. -->","yoast_head_json":{"title":"Excel&#39;de bir h\u00fccreye resim nas\u0131l eklenir?","robots":{"index":"index","follow":"follow","max-snippet":"max-snippet:-1","max-image-preview":"max-image-preview:large","max-video-preview":"max-video-preview:-1"},"canonical":"https:\/\/exceladvisor.org\/tr\/resim-ekle\/","og_locale":"tr_TR","og_type":"article","og_title":"Excel&#39;de bir h\u00fccreye resim nas\u0131l eklenir?","og_url":"https:\/\/exceladvisor.org\/tr\/resim-ekle\/","og_site_name":"Excel Advisor","article_modified_time":"2023-12-10T06:00:35+00:00","og_image":[{"url":"https:\/\/exceladvisor.org\/wp-content\/uploads\/2023\/08\/1-insertion-dimage-dans-excel.png","type":"","width":"","height":""}],"twitter_card":"summary_large_image","twitter_misc":{"Tahmini okuma s\u00fcresi":"3 dakika"},"schema":{"@context":"https:\/\/schema.org","@graph":[{"@type":"WebPage","@id":"https:\/\/exceladvisor.org\/tr\/resim-ekle\/","url":"https:\/\/exceladvisor.org\/tr\/resim-ekle\/","name":"Excel&#39;de bir h\u00fccreye resim nas\u0131l eklenir?","isPartOf":{"@id":"https:\/\/exceladvisor.org\/tr\/#website"},"primaryImageOfPage":{"@id":"https:\/\/exceladvisor.org\/tr\/resim-ekle\/#primaryimage"},"image":{"@id":"https:\/\/exceladvisor.org\/tr\/resim-ekle\/#primaryimage"},"thumbnailUrl":"https:\/\/exceladvisor.org\/wp-content\/uploads\/2023\/08\/1-insertion-dimage-dans-excel.png","datePublished":"2023-10-27T23:50:11+00:00","dateModified":"2023-12-10T06:00:35+00:00","breadcrumb":{"@id":"https:\/\/exceladvisor.org\/tr\/resim-ekle\/#breadcrumb"},"inLanguage":"tr","potentialAction":[{"@type":"ReadAction","target":["https:\/\/exceladvisor.org\/tr\/resim-ekle\/"]}]},{"@type":"ImageObject","inLanguage":"tr","@id":"https:\/\/exceladvisor.org\/tr\/resim-ekle\/#primaryimage","url":"https:\/\/exceladvisor.org\/wp-content\/uploads\/2023\/08\/1-insertion-dimage-dans-excel.png","contentUrl":"https:\/\/exceladvisor.org\/wp-content\/uploads\/2023\/08\/1-insertion-dimage-dans-excel.png"},{"@type":"BreadcrumbList","@id":"https:\/\/exceladvisor.org\/tr\/resim-ekle\/#breadcrumb","itemListElement":[{"@type":"ListItem","position":1,"name":"Ev","item":"https:\/\/exceladvisor.org\/tr\/"},{"@type":"ListItem","position":2,"name":"Excel&#39;de bir h\u00fccreye resim ekleme"}]},{"@type":"WebSite","@id":"https:\/\/exceladvisor.org\/tr\/#website","url":"https:\/\/exceladvisor.org\/tr\/","name":"Excel Advisor","description":"Veri hakimiyetine y\u00f6nelik nihai rehberiniz!","publisher":{"@id":"https:\/\/exceladvisor.org\/tr\/#organization"},"potentialAction":[{"@type":"SearchAction","target":{"@type":"EntryPoint","urlTemplate":"https:\/\/exceladvisor.org\/tr\/?s={search_term_string}"},"query-input":{"@type":"PropertyValueSpecification","valueRequired":true,"valueName":"search_term_string"}}],"inLanguage":"tr"},{"@type":"Organization","@id":"https:\/\/exceladvisor.org\/tr\/#organization","name":"Excel Advisor","url":"https:\/\/exceladvisor.org\/tr\/","logo":{"@type":"ImageObject","inLanguage":"tr","@id":"https:\/\/exceladvisor.org\/tr\/#\/schema\/logo\/image\/","url":"https:\/\/exceladvisor.org\/tr\/wp-content\/uploads\/2023\/12\/exceladvisor.org_.png","contentUrl":"https:\/\/exceladvisor.org\/tr\/wp-content\/uploads\/2023\/12\/exceladvisor.org_.png","width":105,"height":36,"caption":"Excel Advisor"},"image":{"@id":"https:\/\/exceladvisor.org\/tr\/#\/schema\/logo\/image\/"}}]}},"yoast_meta":{"yoast_wpseo_title":"","yoast_wpseo_metadesc":"","yoast_wpseo_canonical":""},"_links":{"self":[{"href":"https:\/\/exceladvisor.org\/tr\/wp-json\/wp\/v2\/pages\/1923","targetHints":{"allow":["GET"]}}],"collection":[{"href":"https:\/\/exceladvisor.org\/tr\/wp-json\/wp\/v2\/pages"}],"about":[{"href":"https:\/\/exceladvisor.org\/tr\/wp-json\/wp\/v2\/types\/page"}],"author":[{"embeddable":true,"href":"https:\/\/exceladvisor.org\/tr\/wp-json\/wp\/v2\/users\/1"}],"replies":[{"embeddable":true,"href":"https:\/\/exceladvisor.org\/tr\/wp-json\/wp\/v2\/comments?post=1923"}],"version-history":[{"count":1,"href":"https:\/\/exceladvisor.org\/tr\/wp-json\/wp\/v2\/pages\/1923\/revisions"}],"predecessor-version":[{"id":2418,"href":"https:\/\/exceladvisor.org\/tr\/wp-json\/wp\/v2\/pages\/1923\/revisions\/2418"}],"wp:attachment":[{"href":"https:\/\/exceladvisor.org\/tr\/wp-json\/wp\/v2\/media?parent=1923"}],"curies":[{"name":"wp","href":"https:\/\/api.w.org\/{rel}","templated":true}]}}