{"id":1924,"date":"2023-10-27T23:44:57","date_gmt":"2023-10-27T23:44:57","guid":{"rendered":"https:\/\/exceladvisor.org\/tr\/ad-araligini-bul\/"},"modified":"2023-12-10T06:01:02","modified_gmt":"2023-12-10T06:01:02","slug":"ad-araligini-bul","status":"publish","type":"page","link":"https:\/\/exceladvisor.org\/tr\/ad-araligini-bul\/","title":{"rendered":"Excel&#39;de \u00e7e\u015fitli adlar nas\u0131l bulunur?"},"content":{"rendered":"<div class=\"excel-icerikten-once\" id=\"excel-1448315112\"><script type=\"text\/javascript\">\r\n\tatOptions = {\r\n\t\t'key' : 'c1158f160081d6540a8409e6925dab94',\r\n\t\t'format' : 'iframe',\r\n\t\t'height' : 250,\r\n\t\t'width' : 300,\r\n\t\t'params' : {}\r\n\t};\r\n<\/script>\r\n<script type=\"text\/javascript\" src=\"\/\/www.highperformanceformat.com\/c1158f160081d6540a8409e6925dab94\/invoke.js\"><\/script><\/div> <p>Excel&#8217;de bir h\u00fccre aral\u0131\u011f\u0131n\u0131 adland\u0131rmak, form\u00fcldeki bu h\u00fccrelere ba\u015fvurman\u0131n en kolay ve en h\u0131zl\u0131 yoludur. \u00c7al\u0131\u015fma sayfas\u0131nda birden fazla ad aral\u0131\u011f\u0131 olu\u015fturabilir ve form\u00fcl\u00fc uygularken bunlar\u0131 h\u00fccre referans\u0131 olarak kullanabilirsiniz.<\/p><p> Ancak bazen \u00e7al\u0131\u015fma kitab\u0131nda birden fazla adland\u0131r\u0131lm\u0131\u015f aral\u0131\u011f\u0131n\u0131z varsa ad aral\u0131klar\u0131n\u0131n adlar\u0131n\u0131 ve konumlar\u0131n\u0131 hat\u0131rlamak zorla\u015fabilir.<\/p><p> Bu e\u011fitimde size mevcut \u00e7al\u0131\u015fma kitab\u0131ndaki ad aral\u0131klar\u0131n\u0131 nas\u0131l bulaca\u011f\u0131n\u0131z\u0131 g\u00f6sterece\u011fiz.<\/p><h2 class=\"wp-block-heading\"> Ad Y\u00f6neticisini Kullanarak Ad Aral\u0131\u011f\u0131n\u0131 Bulma Ad\u0131mlar\u0131<\/h2><p> \u00c7al\u0131\u015fma kitab\u0131n\u0131n tamam\u0131ndaki t\u00fcm ad aral\u0131klar\u0131n\u0131 bulmak i\u00e7in \u00f6nerilen en iyi y\u00f6ntem &#8220;Ad Y\u00f6neticisi&#8221;ni kullanmakt\u0131r. Buradan, a\u015fa\u011f\u0131daki ad\u0131mlar\u0131 izleyerek herhangi bir adland\u0131r\u0131lm\u0131\u015f aral\u0131\u011f\u0131n ilgili h\u00fccrelerini d\u00fczenleyebilir ve herhangi bir adland\u0131r\u0131lm\u0131\u015f aral\u0131\u011f\u0131n ad\u0131n\u0131 de\u011fi\u015ftirebilirsiniz:<\/p><ol><li> \u00d6ncelikle \u201cForm\u00fcller\u201d sekmesine gidin, ard\u0131ndan \u201cTan\u0131ml\u0131 Adlar\u201d grubunun alt\u0131ndaki \u201cAd Y\u00f6neticisi\u201d simgesine t\u0131klay\u0131n.<\/li><li> Veya \u00f6nce \u201cCtrl\u201d tu\u015funu bas\u0131l\u0131 tutun ve ard\u0131ndan \u201cF3\u201d tu\u015funa bas\u0131n. <br><img loading=\"lazy\" decoding=\"async\" title=\"-isim-y\u00f6netici-simgesi\" src=\"https:\/\/exceladvisor.org\/wp-content\/uploads\/2023\/08\/1-icone-de-gestionnaire-de-noms.png\" sizes=\"auto, \" srcset=\"\" alt=\"name-manager-icon\" width=\"726\" height=\"132\"><\/li><li> Bu noktada \u201cAd Y\u00f6neticisi\u201d ileti\u015fim kutusu a\u00e7\u0131lacakt\u0131r.<\/li><li> \u0130\u00e7inde, &#8220;Ad&#8221; sekmesi alt\u0131nda adlar\u0131yla birlikte t\u00fcm ad aral\u0131klar\u0131n\u0131 ve &#8220;Ba\u015fvur&#8221; sekmesi alt\u0131nda kendilerine atanan h\u00fccre aral\u0131\u011f\u0131 da dahil olmak \u00fczere konumu (sayfa ad\u0131) bulacaks\u0131n\u0131z.<\/li><li> Buradan, d\u00fczenlemek istedi\u011finiz ad aral\u0131klar\u0131ndan birine \u00e7ift t\u0131klay\u0131n veya o ad aral\u0131\u011f\u0131na ili\u015fkin ilgili h\u00fccrelere gidin. <br><img loading=\"lazy\" decoding=\"async\" title=\"-y\u00f6netici-ad\u0131-ileti\u015fim kutusu\" src=\"https:\/\/exceladvisor.org\/wp-content\/uploads\/2023\/08\/Boite-de-dialogue-du-gestionnaire-de-2-noms.png\" sizes=\"auto, \" srcset=\"\" alt=\"name-manager-dialog-box\" width=\"517\" height=\"405\"><\/li><li> Bireysel ad aral\u0131\u011f\u0131na \u00e7ift t\u0131klad\u0131\u011f\u0131n\u0131zda, a\u015fa\u011f\u0131daki resimde g\u00f6sterildi\u011fi gibi o ad aral\u0131\u011f\u0131na ait ileti\u015fim kutusu a\u00e7\u0131lacakt\u0131r.<\/li><li> \u015eimdi bu ad aral\u0131\u011f\u0131n\u0131n ad\u0131n\u0131 de\u011fi\u015ftirmek i\u00e7in \u201cAd\u201d alan\u0131na giderek mevcut ad\u0131 silin ve yeni ad\u0131 ekleyin ve ard\u0131ndan Tamam tu\u015funa bas\u0131n.<\/li><li> Referans verilen h\u00fccrelere eri\u015fmek i\u00e7in verilen referans\u0131n sonuncusuna t\u0131klay\u0131n; bu sizi referans verilen h\u00fccrelere g\u00f6t\u00fcrecektir. <br><img loading=\"lazy\" decoding=\"async\" title=\"-ad aral\u0131\u011f\u0131 ileti\u015fim kutusunu d\u00fczenle\" src=\"https:\/\/exceladvisor.org\/wp-content\/uploads\/2023\/08\/3-boite-de-dialogue-de-modification-de-la-plage-de-noms.png\" sizes=\"auto, \" srcset=\"\" alt=\"edit-name-range-dialog-box\" width=\"299\" height=\"227\"><\/li><li> Buradan h\u00fccre aral\u0131\u011f\u0131n\u0131 yeniden se\u00e7ebilirsiniz; aral\u0131k g\u00fcncellenecektir.<\/li><li> bunu ileti\u015fim kutusundaki \u201cReferans\u201d alan\u0131nda g\u00f6rebilir ve ard\u0131ndan Tamam&#8217;a basabilirsiniz. <br><img loading=\"lazy\" decoding=\"async\" title=\"-aral\u0131\u011f\u0131 yeniden se\u00e7\" src=\"https:\/\/exceladvisor.org\/wp-content\/uploads\/2023\/08\/4-reselectionner-la-gamme.png\" sizes=\"auto, \" srcset=\"\" alt=\"reselect-the-range\" width=\"446\" height=\"276\"><\/li><\/ol><h2 class=\"wp-block-heading\"> Git se\u00e7ene\u011fini kullanarak ad aral\u0131\u011f\u0131n\u0131 bulun<\/h2><ol><li> \u00d6ncelikle \u201cGiri\u015f\u201d sekmesine gidin, ard\u0131ndan \u201cBul ve Se\u00e7\u201d simgesine t\u0131klay\u0131n, ard\u0131ndan \u201cGOTO\u201d ileti\u015fim kutusunu a\u00e7mak i\u00e7in \u201cGOTO\u201d se\u00e7ene\u011fine t\u0131klay\u0131n.<\/li><li> Veya sadece \u201cCtrl + G\u201d klavye k\u0131sayoluna bast\u0131\u011f\u0131n\u0131zda \u201cGOTO\u201d ileti\u015fim kutusu a\u00e7\u0131lacakt\u0131r. <br><img loading=\"lazy\" decoding=\"async\" title=\"- se\u00e7ene\u011fe git\" src=\"https:\/\/exceladvisor.org\/wp-content\/uploads\/2023\/08\/5-aller-a-loption.png\" sizes=\"auto, \" srcset=\"\" alt=\"go-to-option\" width=\"653\" height=\"277\"><\/li><li> Buradaki \u201cGOTO\u201d ileti\u015fim kutusunda \u00e7al\u0131\u015fma kitab\u0131n\u0131zdaki t\u00fcm ad aral\u0131klar\u0131n\u0131 bulacaks\u0131n\u0131z. <br><img loading=\"lazy\" decoding=\"async\" title=\"-ileti\u015fim kutusuna git\" src=\"https:\/\/exceladvisor.org\/wp-content\/uploads\/2023\/08\/6-aller-a-la-boite-de-dialogue.png\" sizes=\"auto, \" srcset=\"\" alt=\"go-to-dialog-box\" width=\"329\" height=\"270\"><\/li><\/ol><h2 class=\"wp-block-heading\"> Uzakla\u015ft\u0131rarak ad aral\u0131\u011f\u0131n\u0131 bulun<\/h2><p> Ge\u00e7erli \u00e7al\u0131\u015fma sayfas\u0131ndaki ad aral\u0131klar\u0131n\u0131 bulmak i\u00e7in, \u00e7al\u0131\u015fma sayfas\u0131n\u0131 %30&#8217;a kadar uzakla\u015ft\u0131rman\u0131z yeterlidir; ad aral\u0131klar\u0131n\u0131n adlar\u0131n\u0131n ilgili h\u00fccrelerinde vurguland\u0131\u011f\u0131n\u0131 g\u00f6receksiniz. <\/p><div class=\"wp-block-image\"><figure class=\"aligncenter size-full\"><img loading=\"lazy\" decoding=\"async\" class=\"wp-image-82876\" src=\"https:\/\/exceladvisor.org\/wp-content\/uploads\/2023\/08\/7-dezoomer.png\" sizes=\"auto, \" srcset=\"\" alt=\"Uzakla\u015ft\u0131r\" width=\"424\" height=\"83\"><\/figure><\/div><p> A\u015fa\u011f\u0131daki g\u00f6rselde \u00e7al\u0131\u015fma sayfas\u0131 %30 yak\u0131nla\u015ft\u0131r\u0131lm\u0131\u015f olup, mevcut \u00e7al\u0131\u015fma sayfas\u0131nda tan\u0131ml\u0131, adlar\u0131n vurguland\u0131\u011f\u0131 iki ayr\u0131 ad aral\u0131\u011f\u0131m\u0131z\u0131n oldu\u011funu g\u00f6rebilirsiniz. <\/p><div class=\"wp-block-image\"><figure class=\"aligncenter size-full is-resized\"><img loading=\"lazy\" decoding=\"async\" class=\"wp-image-82877\" src=\"https:\/\/exceladvisor.org\/wp-content\/uploads\/2023\/08\/8-plages-de-noms-en-surbrillance.png\" sizes=\"auto, \" srcset=\"\" alt=\"vurgulanan ad aral\u0131klar\u0131\" width=\"472\" height=\"253\"><\/figure><\/div><h2 class=\"wp-block-heading\"> Ad kutusundan ad aral\u0131\u011f\u0131n\u0131 bulun<\/h2><p> Ayr\u0131ca ad aral\u0131klar\u0131n\u0131 e-tablonun sol \u00fcst k\u00f6\u015fesindeki &#8220;ad kutusu&#8221;nda bulabilir ve ad aral\u0131\u011f\u0131ndaki ilgili h\u00fccrelere gitmek i\u00e7in \u00fczerlerine t\u0131klaman\u0131z yeterlidir. <\/p><div class=\"wp-block-image\"><figure class=\"aligncenter size-full is-resized\"><img loading=\"lazy\" decoding=\"async\" class=\"wp-image-82878\" src=\"https:\/\/exceladvisor.org\/wp-content\/uploads\/2023\/08\/boite-a-9-noms.png\" sizes=\"auto, \" srcset=\"\" alt=\"kutu ad\u0131\" width=\"223\" height=\"393\"><\/figure><\/div><div class=\"gb-container gb-container-4db6181c gb-container-mt\"> <a class=\"gb-button gb-button-c5897111 gb-button-text gb-button-mt-button\" href=\"https:\/\/exceladvisor.org\/tr\/excel-ilerlemesi\/\">\u0130leri D\u00fczey Excel Dersleri<\/a><h2 class=\"gb-headline gb-headline-665e5f6b gb-headline-text gb-headline-mt-heading\"> \u0130lgili e\u011fitimler <\/h2><div class=\"gb-grid-wrapper gb-grid-wrapper-a20baf7c gb-grid-wrapper-mt-grid\"><div class=\"gb-grid-column gb-grid-column-65ddf67e\"><div class=\"gb-container gb-container-65ddf67e\"><ul><li> <a href=\"https:\/\/exceladvisor.org\/tr\/hizli-analiz-araci\/\">Excel&#8217;de H\u0131zl\u0131 Analiz Arac\u0131<\/a><\/li><li> <a href=\"https:\/\/exceladvisor.org\/tr\/birden-fazla-filtre-uygula\/\">S\u00fctunlara birden \u00e7ok filtre uygulama<\/a><\/li><li> <a href=\"https:\/\/exceladvisor.org\/tr\/ust-alt-degerleri-vurgula\/\">Excel&#8217;de \u00fcst ve alt N de\u011ferlerini vurgulay\u0131n<\/a><\/li><li> <a href=\"https:\/\/exceladvisor.org\/tr\/onay-kutusu\/\">Excel&#8217;e onay kutusu ekleme<\/a><\/li><li> <a href=\"https:\/\/exceladvisor.org\/tr\/veri-kaybetmeden-hucreleri-birlestirme\/\">Excel&#8217;de veri kaybetmeden h\u00fccreleri birle\u015ftirme<\/a><\/li><\/ul><\/div><\/div><\/div><\/div>","protected":false},"excerpt":{"rendered":"","protected":false},"author":1,"featured_media":0,"parent":0,"menu_order":0,"comment_status":"open","ping_status":"closed","template":"","meta":{"ub_ctt_via":"","footnotes":""},"class_list":["post-1924","page","type-page","status-publish","hentry"],"featured_image_src":null,"yoast_head":"<!-- This site is optimized with the Yoast SEO plugin v25.4 - https:\/\/yoast.com\/wordpress\/plugins\/seo\/ -->\n<title>Excel&#039;de \u00e7e\u015fitli adlar nas\u0131l bulunur?<\/title>\n<meta name=\"description\" content=\"Bu h\u0131zl\u0131 k\u0131lavuz, Excel&#039;de adland\u0131r\u0131lm\u0131\u015f bir aral\u0131k bulman\u0131za yard\u0131mc\u0131 olacakt\u0131r. Bunu takip edilmesi kolay ad\u0131mlarla tart\u0131\u015faca\u011f\u0131z.\" \/>\n<meta name=\"robots\" content=\"index, follow, max-snippet:-1, max-image-preview:large, max-video-preview:-1\" \/>\n<link rel=\"canonical\" href=\"https:\/\/exceladvisor.org\/tr\/ad-araligini-bul\/\" \/>\n<meta property=\"og:locale\" content=\"tr_TR\" \/>\n<meta property=\"og:type\" content=\"article\" \/>\n<meta property=\"og:title\" content=\"Excel&#039;de \u00e7e\u015fitli adlar nas\u0131l bulunur?\" \/>\n<meta property=\"og:description\" content=\"Bu h\u0131zl\u0131 k\u0131lavuz, Excel&#039;de adland\u0131r\u0131lm\u0131\u015f bir aral\u0131k bulman\u0131za yard\u0131mc\u0131 olacakt\u0131r. Bunu takip edilmesi kolay ad\u0131mlarla tart\u0131\u015faca\u011f\u0131z.\" \/>\n<meta property=\"og:url\" content=\"https:\/\/exceladvisor.org\/tr\/ad-araligini-bul\/\" \/>\n<meta property=\"og:site_name\" content=\"Excel Advisor\" \/>\n<meta property=\"article:modified_time\" content=\"2023-12-10T06:01:02+00:00\" \/>\n<meta property=\"og:image\" content=\"https:\/\/exceladvisor.org\/wp-content\/uploads\/2023\/08\/1-icone-de-gestionnaire-de-noms.png\" \/>\n<meta name=\"twitter:card\" content=\"summary_large_image\" \/>\n<meta name=\"twitter:label1\" content=\"Tahmini okuma s\u00fcresi\" \/>\n\t<meta name=\"twitter:data1\" content=\"3 dakika\" \/>\n<script type=\"application\/ld+json\" class=\"yoast-schema-graph\">{\"@context\":\"https:\/\/schema.org\",\"@graph\":[{\"@type\":\"WebPage\",\"@id\":\"https:\/\/exceladvisor.org\/tr\/ad-araligini-bul\/\",\"url\":\"https:\/\/exceladvisor.org\/tr\/ad-araligini-bul\/\",\"name\":\"Excel&#39;de \u00e7e\u015fitli adlar nas\u0131l bulunur?\",\"isPartOf\":{\"@id\":\"https:\/\/exceladvisor.org\/tr\/#website\"},\"primaryImageOfPage\":{\"@id\":\"https:\/\/exceladvisor.org\/tr\/ad-araligini-bul\/#primaryimage\"},\"image\":{\"@id\":\"https:\/\/exceladvisor.org\/tr\/ad-araligini-bul\/#primaryimage\"},\"thumbnailUrl\":\"https:\/\/exceladvisor.org\/wp-content\/uploads\/2023\/08\/1-icone-de-gestionnaire-de-noms.png\",\"datePublished\":\"2023-10-27T23:44:57+00:00\",\"dateModified\":\"2023-12-10T06:01:02+00:00\",\"description\":\"Bu h\u0131zl\u0131 k\u0131lavuz, Excel&#39;de adland\u0131r\u0131lm\u0131\u015f bir aral\u0131k bulman\u0131za yard\u0131mc\u0131 olacakt\u0131r. Bunu takip edilmesi kolay ad\u0131mlarla tart\u0131\u015faca\u011f\u0131z.\",\"breadcrumb\":{\"@id\":\"https:\/\/exceladvisor.org\/tr\/ad-araligini-bul\/#breadcrumb\"},\"inLanguage\":\"tr\",\"potentialAction\":[{\"@type\":\"ReadAction\",\"target\":[\"https:\/\/exceladvisor.org\/tr\/ad-araligini-bul\/\"]}]},{\"@type\":\"ImageObject\",\"inLanguage\":\"tr\",\"@id\":\"https:\/\/exceladvisor.org\/tr\/ad-araligini-bul\/#primaryimage\",\"url\":\"https:\/\/exceladvisor.org\/wp-content\/uploads\/2023\/08\/1-icone-de-gestionnaire-de-noms.png\",\"contentUrl\":\"https:\/\/exceladvisor.org\/wp-content\/uploads\/2023\/08\/1-icone-de-gestionnaire-de-noms.png\"},{\"@type\":\"BreadcrumbList\",\"@id\":\"https:\/\/exceladvisor.org\/tr\/ad-araligini-bul\/#breadcrumb\",\"itemListElement\":[{\"@type\":\"ListItem\",\"position\":1,\"name\":\"Ev\",\"item\":\"https:\/\/exceladvisor.org\/tr\/\"},{\"@type\":\"ListItem\",\"position\":2,\"name\":\"Excel&#39;de \u00e7e\u015fitli adlar nas\u0131l bulunur?\"}]},{\"@type\":\"WebSite\",\"@id\":\"https:\/\/exceladvisor.org\/tr\/#website\",\"url\":\"https:\/\/exceladvisor.org\/tr\/\",\"name\":\"Excel Advisor\",\"description\":\"Veri hakimiyetine y\u00f6nelik nihai rehberiniz!\",\"publisher\":{\"@id\":\"https:\/\/exceladvisor.org\/tr\/#organization\"},\"potentialAction\":[{\"@type\":\"SearchAction\",\"target\":{\"@type\":\"EntryPoint\",\"urlTemplate\":\"https:\/\/exceladvisor.org\/tr\/?s={search_term_string}\"},\"query-input\":{\"@type\":\"PropertyValueSpecification\",\"valueRequired\":true,\"valueName\":\"search_term_string\"}}],\"inLanguage\":\"tr\"},{\"@type\":\"Organization\",\"@id\":\"https:\/\/exceladvisor.org\/tr\/#organization\",\"name\":\"Excel Advisor\",\"url\":\"https:\/\/exceladvisor.org\/tr\/\",\"logo\":{\"@type\":\"ImageObject\",\"inLanguage\":\"tr\",\"@id\":\"https:\/\/exceladvisor.org\/tr\/#\/schema\/logo\/image\/\",\"url\":\"https:\/\/exceladvisor.org\/tr\/wp-content\/uploads\/2023\/12\/exceladvisor.org_.png\",\"contentUrl\":\"https:\/\/exceladvisor.org\/tr\/wp-content\/uploads\/2023\/12\/exceladvisor.org_.png\",\"width\":105,\"height\":36,\"caption\":\"Excel Advisor\"},\"image\":{\"@id\":\"https:\/\/exceladvisor.org\/tr\/#\/schema\/logo\/image\/\"}}]}<\/script>\n<!-- \/ Yoast SEO plugin. -->","yoast_head_json":{"title":"Excel&#39;de \u00e7e\u015fitli adlar nas\u0131l bulunur?","description":"Bu h\u0131zl\u0131 k\u0131lavuz, Excel&#39;de adland\u0131r\u0131lm\u0131\u015f bir aral\u0131k bulman\u0131za yard\u0131mc\u0131 olacakt\u0131r. Bunu takip edilmesi kolay ad\u0131mlarla tart\u0131\u015faca\u011f\u0131z.","robots":{"index":"index","follow":"follow","max-snippet":"max-snippet:-1","max-image-preview":"max-image-preview:large","max-video-preview":"max-video-preview:-1"},"canonical":"https:\/\/exceladvisor.org\/tr\/ad-araligini-bul\/","og_locale":"tr_TR","og_type":"article","og_title":"Excel&#39;de \u00e7e\u015fitli adlar nas\u0131l bulunur?","og_description":"Bu h\u0131zl\u0131 k\u0131lavuz, Excel&#39;de adland\u0131r\u0131lm\u0131\u015f bir aral\u0131k bulman\u0131za yard\u0131mc\u0131 olacakt\u0131r. Bunu takip edilmesi kolay ad\u0131mlarla tart\u0131\u015faca\u011f\u0131z.","og_url":"https:\/\/exceladvisor.org\/tr\/ad-araligini-bul\/","og_site_name":"Excel Advisor","article_modified_time":"2023-12-10T06:01:02+00:00","og_image":[{"url":"https:\/\/exceladvisor.org\/wp-content\/uploads\/2023\/08\/1-icone-de-gestionnaire-de-noms.png","type":"","width":"","height":""}],"twitter_card":"summary_large_image","twitter_misc":{"Tahmini okuma s\u00fcresi":"3 dakika"},"schema":{"@context":"https:\/\/schema.org","@graph":[{"@type":"WebPage","@id":"https:\/\/exceladvisor.org\/tr\/ad-araligini-bul\/","url":"https:\/\/exceladvisor.org\/tr\/ad-araligini-bul\/","name":"Excel&#39;de \u00e7e\u015fitli adlar nas\u0131l bulunur?","isPartOf":{"@id":"https:\/\/exceladvisor.org\/tr\/#website"},"primaryImageOfPage":{"@id":"https:\/\/exceladvisor.org\/tr\/ad-araligini-bul\/#primaryimage"},"image":{"@id":"https:\/\/exceladvisor.org\/tr\/ad-araligini-bul\/#primaryimage"},"thumbnailUrl":"https:\/\/exceladvisor.org\/wp-content\/uploads\/2023\/08\/1-icone-de-gestionnaire-de-noms.png","datePublished":"2023-10-27T23:44:57+00:00","dateModified":"2023-12-10T06:01:02+00:00","description":"Bu h\u0131zl\u0131 k\u0131lavuz, Excel&#39;de adland\u0131r\u0131lm\u0131\u015f bir aral\u0131k bulman\u0131za yard\u0131mc\u0131 olacakt\u0131r. Bunu takip edilmesi kolay ad\u0131mlarla tart\u0131\u015faca\u011f\u0131z.","breadcrumb":{"@id":"https:\/\/exceladvisor.org\/tr\/ad-araligini-bul\/#breadcrumb"},"inLanguage":"tr","potentialAction":[{"@type":"ReadAction","target":["https:\/\/exceladvisor.org\/tr\/ad-araligini-bul\/"]}]},{"@type":"ImageObject","inLanguage":"tr","@id":"https:\/\/exceladvisor.org\/tr\/ad-araligini-bul\/#primaryimage","url":"https:\/\/exceladvisor.org\/wp-content\/uploads\/2023\/08\/1-icone-de-gestionnaire-de-noms.png","contentUrl":"https:\/\/exceladvisor.org\/wp-content\/uploads\/2023\/08\/1-icone-de-gestionnaire-de-noms.png"},{"@type":"BreadcrumbList","@id":"https:\/\/exceladvisor.org\/tr\/ad-araligini-bul\/#breadcrumb","itemListElement":[{"@type":"ListItem","position":1,"name":"Ev","item":"https:\/\/exceladvisor.org\/tr\/"},{"@type":"ListItem","position":2,"name":"Excel&#39;de \u00e7e\u015fitli adlar nas\u0131l bulunur?"}]},{"@type":"WebSite","@id":"https:\/\/exceladvisor.org\/tr\/#website","url":"https:\/\/exceladvisor.org\/tr\/","name":"Excel Advisor","description":"Veri hakimiyetine y\u00f6nelik nihai rehberiniz!","publisher":{"@id":"https:\/\/exceladvisor.org\/tr\/#organization"},"potentialAction":[{"@type":"SearchAction","target":{"@type":"EntryPoint","urlTemplate":"https:\/\/exceladvisor.org\/tr\/?s={search_term_string}"},"query-input":{"@type":"PropertyValueSpecification","valueRequired":true,"valueName":"search_term_string"}}],"inLanguage":"tr"},{"@type":"Organization","@id":"https:\/\/exceladvisor.org\/tr\/#organization","name":"Excel Advisor","url":"https:\/\/exceladvisor.org\/tr\/","logo":{"@type":"ImageObject","inLanguage":"tr","@id":"https:\/\/exceladvisor.org\/tr\/#\/schema\/logo\/image\/","url":"https:\/\/exceladvisor.org\/tr\/wp-content\/uploads\/2023\/12\/exceladvisor.org_.png","contentUrl":"https:\/\/exceladvisor.org\/tr\/wp-content\/uploads\/2023\/12\/exceladvisor.org_.png","width":105,"height":36,"caption":"Excel Advisor"},"image":{"@id":"https:\/\/exceladvisor.org\/tr\/#\/schema\/logo\/image\/"}}]}},"yoast_meta":{"yoast_wpseo_title":"","yoast_wpseo_metadesc":"","yoast_wpseo_canonical":""},"_links":{"self":[{"href":"https:\/\/exceladvisor.org\/tr\/wp-json\/wp\/v2\/pages\/1924","targetHints":{"allow":["GET"]}}],"collection":[{"href":"https:\/\/exceladvisor.org\/tr\/wp-json\/wp\/v2\/pages"}],"about":[{"href":"https:\/\/exceladvisor.org\/tr\/wp-json\/wp\/v2\/types\/page"}],"author":[{"embeddable":true,"href":"https:\/\/exceladvisor.org\/tr\/wp-json\/wp\/v2\/users\/1"}],"replies":[{"embeddable":true,"href":"https:\/\/exceladvisor.org\/tr\/wp-json\/wp\/v2\/comments?post=1924"}],"version-history":[{"count":1,"href":"https:\/\/exceladvisor.org\/tr\/wp-json\/wp\/v2\/pages\/1924\/revisions"}],"predecessor-version":[{"id":2460,"href":"https:\/\/exceladvisor.org\/tr\/wp-json\/wp\/v2\/pages\/1924\/revisions\/2460"}],"wp:attachment":[{"href":"https:\/\/exceladvisor.org\/tr\/wp-json\/wp\/v2\/media?parent=1924"}],"curies":[{"name":"wp","href":"https:\/\/api.w.org\/{rel}","templated":true}]}}