{"id":1925,"date":"2023-10-27T23:22:27","date_gmt":"2023-10-27T23:22:27","guid":{"rendered":"https:\/\/exceladvisor.org\/tr\/sadece-oku\/"},"modified":"2023-12-10T06:02:14","modified_gmt":"2023-12-10T06:02:14","slug":"sadece-oku","status":"publish","type":"page","link":"https:\/\/exceladvisor.org\/tr\/sadece-oku\/","title":{"rendered":"Excel&#39;de salt okunur nas\u0131l yap\u0131l\u0131r?"},"content":{"rendered":"<div class=\"excel-icerikten-once\" id=\"excel-357204232\"><script type=\"text\/javascript\">\r\n\tatOptions = {\r\n\t\t'key' : 'c1158f160081d6540a8409e6925dab94',\r\n\t\t'format' : 'iframe',\r\n\t\t'height' : 250,\r\n\t\t'width' : 300,\r\n\t\t'params' : {}\r\n\t};\r\n<\/script>\r\n<script type=\"text\/javascript\" src=\"\/\/www.highperformanceformat.com\/c1158f160081d6540a8409e6925dab94\/invoke.js\"><\/script><\/div> <p>Bazen kullan\u0131c\u0131lar, yanl\u0131\u015fl\u0131kla veya kas\u0131tl\u0131 olarak verilerdeki herhangi bir \u015feyi de\u011fi\u015ftirmelerini \u00f6nlemek i\u00e7in \u00e7al\u0131\u015fma kitab\u0131n\u0131n varsay\u0131lan modunu salt okunur olarak ayarlamak isterler.<\/p><p> Kullan\u0131c\u0131lar genellikle \u00e7al\u0131\u015fma kitab\u0131 modunu yaln\u0131zca verilerde \u00e7ok fazla form\u00fcl veya hesaplama oldu\u011funda ve bunu bozmak istemedikleri zaman haz\u0131rlarlar.<\/p><p> Bu e\u011fitimde size yaln\u0131zca varsay\u0131lan Excel \u00e7al\u0131\u015fma kitab\u0131 modunu haz\u0131rlaman\u0131n birka\u00e7 yolunu g\u00f6sterece\u011fiz ve tercihlerinize g\u00f6re bunlardan herhangi birini se\u00e7ebilirsiniz.<\/p><h2 id=\"h-make-workbook-ready-only-using-save-as\" class=\"wp-block-heading\"> \u00c7al\u0131\u015fma kitab\u0131n\u0131 yaln\u0131zca Farkl\u0131 Kaydet&#8217;i kullanarak haz\u0131r hale getirin<\/h2><ol><li> \u00c7al\u0131\u015fma kitab\u0131n\u0131 salt okunur modda kaydetmek i\u00e7in \u00f6nce &#8220;Dosya&#8221; sekmesine gidin ve ard\u0131ndan &#8220;Farkl\u0131 Kaydet&#8221;i t\u0131klay\u0131n. <br><img loading=\"lazy\" decoding=\"async\" title=\"1-farkl\u0131-kaydet se\u00e7ene\u011fi\" src=\"https:\/\/exceladvisor.org\/wp-content\/uploads\/2023\/08\/1-enregistrer-en-tant-quoption.png\" sizes=\"auto, \" srcset=\"\" alt=\"save-as-option\" width=\"130\" height=\"367\"><\/li><li> Bundan sonra, kaydedilece\u011fi konumu se\u00e7in, ard\u0131ndan &#8220;Ara\u00e7lar&#8221; d\u00fc\u011fmesini t\u0131klay\u0131n ve ard\u0131ndan a\u00e7\u0131l\u0131r men\u00fcden &#8220;Genel Se\u00e7enekler&#8221;i se\u00e7in. <br><img loading=\"lazy\" decoding=\"async\" title=\"2-genel-se\u00e7enekleri se\u00e7in\" src=\"https:\/\/exceladvisor.org\/wp-content\/uploads\/2023\/08\/2-choisir-les-options-generales.png\" sizes=\"auto, \" srcset=\"\" alt=\"choose-general-options\" width=\"674\" height=\"251\"><br><br><\/li><li> \u015eimdi, \u201cDe\u011fi\u015ftirilecek \u015eifre\u201d alan\u0131nda \u015fifreyi ayarlay\u0131n, ard\u0131ndan \u201cSalt okunur \u00f6nerilir\u201d se\u00e7ene\u011fini se\u00e7in ve Tamam&#8217;a t\u0131klay\u0131n. <br><img loading=\"lazy\" decoding=\"async\" title=\"3-de\u011fi\u015ftirmek i\u00e7in \u015fifreyi girin\" src=\"https:\/\/exceladvisor.org\/wp-content\/uploads\/2023\/08\/3-entrez-le-mot-de-passe-pour-modifier.png\" sizes=\"auto, \" srcset=\"\" alt=\"enter-password-to-modify\" width=\"305\" height=\"206\"><\/li><li> Parola ayarlamak istemiyorsan\u0131z ve kullan\u0131c\u0131lar\u0131n yaln\u0131zca dosyay\u0131 salt okunur modda a\u00e7mas\u0131n\u0131 \u00f6nermek istiyorsan\u0131z &#8220;De\u011fi\u015ftirilecek parola&#8221; alan\u0131n\u0131 bo\u015f b\u0131rak\u0131n. <br><img loading=\"lazy\" decoding=\"async\" title=\"4-onay i\u015fareti-salt okunur-\u00f6nerilir\" src=\"https:\/\/exceladvisor.org\/wp-content\/uploads\/2023\/08\/4-coches-lecture-seule-recommandee.png\" sizes=\"auto, \" srcset=\"\" alt=\"tickmark-read-only-recommended\" width=\"305\" height=\"209\"><\/li><li> \u0130\u015flem tamamland\u0131ktan sonra, kullan\u0131c\u0131lar, d\u00fczenleme modunda a\u00e7mak isterlerse \u015fifreyi girmeleri i\u00e7in bir mesaj kutusu al\u0131rlar veya salt g\u00f6r\u00fcnt\u00fcleme modunda a\u00e7mak i\u00e7in &#8220;Salt Okunur&#8221;u t\u0131klat\u0131rlar. <br><img loading=\"lazy\" decoding=\"async\" title=\"D\u00fczenleme modunda a\u00e7mak i\u00e7in 5 \u015fifre gerekli\" src=\"https:\/\/exceladvisor.org\/wp-content\/uploads\/2023\/08\/5-mot-de-passe-requis-pour-ouvrir-en-mode-edition.png\" sizes=\"auto, \" srcset=\"\" alt=\"password-required-to-open-in-edit-mode\" width=\"332\" height=\"173\"><\/li><\/ol><h2 id=\"h-make-workbook-ready-only-using-info-option\" class=\"wp-block-heading\"> Yaln\u0131zca bilgi se\u00e7ene\u011fini kullanarak \u00e7al\u0131\u015fma kitab\u0131n\u0131 haz\u0131r hale getirin<\/h2><ol><li> \u0130lk \u00f6nce \u201cDosya\u201d sekmesine gidin. <br><img loading=\"lazy\" decoding=\"async\" title=\"sekme 6-dosyaya git\" src=\"https:\/\/exceladvisor.org\/wp-content\/uploads\/2023\/08\/6-aller-a-longlet-fichier.png\" sizes=\"auto, \" srcset=\"\" alt=\"go-to-file-tab\" width=\"329\" height=\"179\"><\/li><li> Bundan sonra, \u201cBilgi\u201d se\u00e7ene\u011fine t\u0131klay\u0131n, ard\u0131ndan \u201c\u00c7al\u0131\u015fma Kitab\u0131n\u0131 Koru\u201dya t\u0131klay\u0131n ve ard\u0131ndan \u201cHer zaman salt okunur olarak a\u00e7\u201d se\u00e7ene\u011fini se\u00e7in. <br><img loading=\"lazy\" decoding=\"async\" title=\"7-se\u00e7im-her zaman-a\u00e7\u0131k-salt okunur\" src=\"https:\/\/exceladvisor.org\/wp-content\/uploads\/2023\/08\/7-choisissez-toujours-ouvert-en-lecture-seule.png\" sizes=\"auto, \" srcset=\"\" alt=\"choose-always-open-read-only\" width=\"540\" height=\"381\"><\/li><li> Art\u0131k \u00e7al\u0131\u015fma kitab\u0131n\u0131n varsay\u0131lan modu salt okunur olarak de\u011fi\u015ftirildi ve bu dosyay\u0131 a\u00e7an herkes, \u201cDosyay\u0131 yazar\u0131n iste\u011fine g\u00f6re salt haz\u0131r modunda veya \u00e7al\u0131\u015fma kitab\u0131n\u0131 a\u00e7arken d\u00fczenlenebilir modda a\u00e7\u0131n.<\/li><li> \u201cEvet\u201de t\u0131klad\u0131\u011f\u0131n\u0131zda salt okunur modda a\u00e7\u0131lacakt\u0131r, aksi halde d\u00fczenlenebilir modda a\u00e7mak istiyorsan\u0131z \u201cHay\u0131r\u201da t\u0131klay\u0131n. <br><img loading=\"lazy\" decoding=\"async\" title=\"8-salt okunur modda a\u00e7mak i\u00e7in evet'i se\u00e7in\" src=\"https:\/\/exceladvisor.org\/wp-content\/uploads\/2023\/08\/8-choisissez-oui-pour-ouvrir-en-mode-lecture-seule.png\" sizes=\"auto, \" srcset=\"\" alt=\"choose-yes-to-open-in-read-only-mode\" width=\"664\" height=\"118\"><\/li><\/ol><h2 id=\"h-make-workbook-to-ready-only-mode-using-toggle-read-only\" class=\"wp-block-heading\"> \u00c7al\u0131\u015fma kitab\u0131n\u0131 yaln\u0131zca salt okunur ge\u00e7i\u015f d\u00fc\u011fmesini kullanarak haz\u0131r moduna ge\u00e7irme<\/h2><p> Salt Okunur&#8217;a Ge\u00e7i\u015f, \u00e7al\u0131\u015fma kitab\u0131n\u0131n bir kopyas\u0131n\u0131 olu\u015fturmadan istedi\u011finiz zaman \u00e7al\u0131\u015fma kitab\u0131n\u0131 salt okunur moda ve d\u00fczenlenebilir moda ge\u00e7irmenin en iyi ve en h\u0131zl\u0131 yoludur.<\/p><ol><li> \u00d6ncelikle \u201cH\u0131zl\u0131 Eri\u015fim Ara\u00e7 \u00c7ubu\u011fu\u201dndaki \u201cOk\u201d i\u015faretine t\u0131klay\u0131n ve a\u00e7\u0131l\u0131r men\u00fcden \u201cDi\u011fer Komutlar\u201d\u0131 se\u00e7in. <br><img loading=\"lazy\" decoding=\"async\" title=\"9-daha-sipari\u015f se\u00e7ene\u011fi\" src=\"https:\/\/exceladvisor.org\/wp-content\/uploads\/2023\/08\/9-options-de-commandes-supplementaires.png\" sizes=\"auto, \" srcset=\"\" alt=\"more-commands-option\" width=\"281\" height=\"389\"><\/li><li> Bundan sonra, \u201cKomutlar\u0131 se\u00e7\u201d alan\u0131nda \u201c\u015eeritte olmayan komutlar\u201d se\u00e7ene\u011fini se\u00e7in.<\/li><li> \u015eimdi a\u015fa\u011f\u0131 kayd\u0131r\u0131n ve \u201cSalt Okunur&#8217;a Ge\u00e7\u201d se\u00e7ene\u011fine t\u0131klay\u0131n, ard\u0131ndan \u201cH\u0131zl\u0131 Eri\u015fim Ara\u00e7 \u00c7ubu\u011fu\u201dna eklemek i\u00e7in \u201cEkle\u201d ye t\u0131klay\u0131n.<\/li><li> Bitirdi\u011finizde Tamam&#8217;\u0131 t\u0131klay\u0131n. <br><img loading=\"lazy\" decoding=\"async\" title=\"10-ara\u00e7 \u00e7ubu\u011funda ekleme-ge\u00e7i\u015f-salt-okunur\" src=\"https:\/\/exceladvisor.org\/wp-content\/uploads\/2023\/08\/10-ajouter-une-bascule-en-lecture-seule-dans-la-barre-doutils.png\" sizes=\"auto, \" srcset=\"\" alt=\"add-toggle-read-only-in-toolbar\" width=\"664\" height=\"547\"><\/li><li> Bu noktada &#8220;H\u0131zl\u0131 Eri\u015fim Ara\u00e7 \u00c7ubu\u011fu&#8221;na &#8220;Salt Okunur&#8217;u A\u00e7\/Kapat&#8221; butonu eklenmi\u015ftir.<\/li><li> \u015eimdi salt okunur modu etkinle\u015ftirmek i\u00e7in \u201cSalt okunura ge\u00e7\u201d d\u00fc\u011fmesine t\u0131klay\u0131n; \u00e7al\u0131\u015fma kitab\u0131 modu salt okunur moda de\u011fi\u015ftirilecektir.<\/li><li> D\u00fczenlenebilir modu tekrar a\u00e7mak i\u00e7in \u201cSalt Okunur Moduna Ge\u00e7\u201d d\u00fc\u011fmesine tekrar t\u0131klay\u0131n. <br><img loading=\"lazy\" decoding=\"async\" title=\"11 salt okunur ge\u00e7i\u015f d\u00fc\u011fmesi\" src=\"https:\/\/exceladvisor.org\/wp-content\/uploads\/2023\/08\/11-basculer-le-bouton-de-lecture-seule.png\" sizes=\"auto, \" srcset=\"\" alt=\"toggle-read-only-button\" width=\"326\" height=\"172\"><\/li><\/ol><p class=\"qt-tip\"> <strong>Not:<\/strong> \u00c7al\u0131\u015fma kitab\u0131n\u0131 kaydetmediyseniz Excel, salt okunur modu etkinle\u015ftirmeden \u00f6nce yapt\u0131\u011f\u0131n\u0131z de\u011fi\u015fiklikleri kaydetmenizi isteyecektir. <\/p><div class=\"wp-block-image\"><figure class=\"aligncenter size-full is-resized\"><img loading=\"lazy\" decoding=\"async\" class=\"wp-image-84807\" src=\"https:\/\/exceladvisor.org\/wp-content\/uploads\/2023\/08\/12-enregistrer-les-modifications.png\" sizes=\"auto, \" srcset=\"\" alt=\"De\u011fi\u015fiklikleri Kaydet\" width=\"390\" height=\"133\"><\/figure><\/div><h2 id=\"h-remove-read-only-mode-of-the-file\" class=\"wp-block-heading\"> Salt okunur modu dosyadan kald\u0131r<\/h2><p> \u00c7al\u0131\u015fma kitab\u0131ndan salt okunur modunu kald\u0131rmak ve yeniden d\u00fczenlenebilir hale getirmek i\u00e7in, &#8220;Farkl\u0131 Kaydet&#8221;i kullanarak \u00e7al\u0131\u015fma kitab\u0131n\u0131n yeni bir kopyas\u0131n\u0131 olu\u015fturman\u0131z ve yeni kopyay\u0131 kaydederken &#8220;Salt okunur olarak \u00f6nerilen&#8221; se\u00e7ene\u011finin i\u015faretini kald\u0131rman\u0131z gerekir. \u00bbGenel Se\u00e7enekler ileti\u015fim kutusu. <\/p><div class=\"wp-block-image\"><figure class=\"aligncenter size-full is-resized\"><img loading=\"lazy\" decoding=\"async\" class=\"wp-image-84808\" src=\"https:\/\/exceladvisor.org\/wp-content\/uploads\/2023\/08\/13-supprimer-le-mode-lecture-seule.png\" sizes=\"auto, \" srcset=\"\" alt=\"salt okunur modu kald\u0131r\" width=\"658\" height=\"346\"><\/figure><\/div><div class=\"gb-container gb-container-4db6181c gb-container-mt\"> <a class=\"gb-button gb-button-c5897111 gb-button-text gb-button-mt-button\" href=\"https:\/\/exceladvisor.org\/tr\/excel-ilerlemesi\/\">\u0130leri D\u00fczey Excel Dersleri<\/a><h2 class=\"gb-headline gb-headline-665e5f6b gb-headline-text gb-headline-mt-heading\"> \u0130lgili e\u011fitimler <\/h2><div class=\"gb-grid-wrapper gb-grid-wrapper-a20baf7c gb-grid-wrapper-mt-grid\"><div class=\"gb-grid-column gb-grid-column-65ddf67e\"><div class=\"gb-container gb-container-65ddf67e\"><ul><li> <a href=\"https:\/\/exceladvisor.org\/tr\/kamera-araci\/\">Excel Kamera Arac\u0131<\/a><\/li><li> <a href=\"https:\/\/exceladvisor.org\/tr\/pencereyi-izle\/\">Excel&#8217;de pencereyi izle<\/a><\/li><li> <a href=\"https:\/\/exceladvisor.org\/tr\/excel-dilimleyici\/\">Excel Dilimleyici (Tam K\u0131lavuz)<\/a><\/li><li> <a href=\"https:\/\/exceladvisor.org\/tr\/macta-varsayilan-olarak-excel\/\">Mac&#8217;te Excel&#8217;i Varsay\u0131lan Yap\u0131n<\/a><\/li><\/ul><\/div><\/div><\/div><\/div>","protected":false},"excerpt":{"rendered":"","protected":false},"author":1,"featured_media":0,"parent":0,"menu_order":0,"comment_status":"open","ping_status":"closed","template":"","meta":{"ub_ctt_via":"","footnotes":""},"class_list":["post-1925","page","type-page","status-publish","hentry"],"featured_image_src":null,"yoast_head":"<!-- This site is optimized with the Yoast SEO plugin v25.4 - https:\/\/yoast.com\/wordpress\/plugins\/seo\/ -->\n<title>Excel&#039;de Salt Okunur Dosyalar Olu\u015fturman\u0131n 3 Yolu<\/title>\n<meta name=\"robots\" content=\"index, follow, max-snippet:-1, max-image-preview:large, max-video-preview:-1\" \/>\n<link rel=\"canonical\" href=\"https:\/\/exceladvisor.org\/tr\/sadece-oku\/\" \/>\n<meta property=\"og:locale\" content=\"tr_TR\" \/>\n<meta property=\"og:type\" content=\"article\" \/>\n<meta property=\"og:title\" content=\"Excel&#039;de Salt Okunur Dosyalar Olu\u015fturman\u0131n 3 Yolu\" \/>\n<meta property=\"og:url\" content=\"https:\/\/exceladvisor.org\/tr\/sadece-oku\/\" \/>\n<meta property=\"og:site_name\" content=\"Excel Advisor\" \/>\n<meta property=\"article:modified_time\" content=\"2023-12-10T06:02:14+00:00\" \/>\n<meta property=\"og:image\" content=\"https:\/\/exceladvisor.org\/wp-content\/uploads\/2023\/08\/1-enregistrer-en-tant-quoption.png\" \/>\n<meta name=\"twitter:card\" content=\"summary_large_image\" \/>\n<meta name=\"twitter:label1\" content=\"Tahmini okuma s\u00fcresi\" \/>\n\t<meta name=\"twitter:data1\" content=\"3 dakika\" \/>\n<script type=\"application\/ld+json\" class=\"yoast-schema-graph\">{\"@context\":\"https:\/\/schema.org\",\"@graph\":[{\"@type\":\"WebPage\",\"@id\":\"https:\/\/exceladvisor.org\/tr\/sadece-oku\/\",\"url\":\"https:\/\/exceladvisor.org\/tr\/sadece-oku\/\",\"name\":\"Excel&#39;de Salt Okunur Dosyalar Olu\u015fturman\u0131n 3 Yolu\",\"isPartOf\":{\"@id\":\"https:\/\/exceladvisor.org\/tr\/#website\"},\"primaryImageOfPage\":{\"@id\":\"https:\/\/exceladvisor.org\/tr\/sadece-oku\/#primaryimage\"},\"image\":{\"@id\":\"https:\/\/exceladvisor.org\/tr\/sadece-oku\/#primaryimage\"},\"thumbnailUrl\":\"https:\/\/exceladvisor.org\/wp-content\/uploads\/2023\/08\/1-enregistrer-en-tant-quoption.png\",\"datePublished\":\"2023-10-27T23:22:27+00:00\",\"dateModified\":\"2023-12-10T06:02:14+00:00\",\"breadcrumb\":{\"@id\":\"https:\/\/exceladvisor.org\/tr\/sadece-oku\/#breadcrumb\"},\"inLanguage\":\"tr\",\"potentialAction\":[{\"@type\":\"ReadAction\",\"target\":[\"https:\/\/exceladvisor.org\/tr\/sadece-oku\/\"]}]},{\"@type\":\"ImageObject\",\"inLanguage\":\"tr\",\"@id\":\"https:\/\/exceladvisor.org\/tr\/sadece-oku\/#primaryimage\",\"url\":\"https:\/\/exceladvisor.org\/wp-content\/uploads\/2023\/08\/1-enregistrer-en-tant-quoption.png\",\"contentUrl\":\"https:\/\/exceladvisor.org\/wp-content\/uploads\/2023\/08\/1-enregistrer-en-tant-quoption.png\"},{\"@type\":\"BreadcrumbList\",\"@id\":\"https:\/\/exceladvisor.org\/tr\/sadece-oku\/#breadcrumb\",\"itemListElement\":[{\"@type\":\"ListItem\",\"position\":1,\"name\":\"Ev\",\"item\":\"https:\/\/exceladvisor.org\/tr\/\"},{\"@type\":\"ListItem\",\"position\":2,\"name\":\"Excel&#39;de salt okunur nas\u0131l yap\u0131l\u0131r?\"}]},{\"@type\":\"WebSite\",\"@id\":\"https:\/\/exceladvisor.org\/tr\/#website\",\"url\":\"https:\/\/exceladvisor.org\/tr\/\",\"name\":\"Excel Advisor\",\"description\":\"Veri hakimiyetine y\u00f6nelik nihai rehberiniz!\",\"publisher\":{\"@id\":\"https:\/\/exceladvisor.org\/tr\/#organization\"},\"potentialAction\":[{\"@type\":\"SearchAction\",\"target\":{\"@type\":\"EntryPoint\",\"urlTemplate\":\"https:\/\/exceladvisor.org\/tr\/?s={search_term_string}\"},\"query-input\":{\"@type\":\"PropertyValueSpecification\",\"valueRequired\":true,\"valueName\":\"search_term_string\"}}],\"inLanguage\":\"tr\"},{\"@type\":\"Organization\",\"@id\":\"https:\/\/exceladvisor.org\/tr\/#organization\",\"name\":\"Excel Advisor\",\"url\":\"https:\/\/exceladvisor.org\/tr\/\",\"logo\":{\"@type\":\"ImageObject\",\"inLanguage\":\"tr\",\"@id\":\"https:\/\/exceladvisor.org\/tr\/#\/schema\/logo\/image\/\",\"url\":\"https:\/\/exceladvisor.org\/tr\/wp-content\/uploads\/2023\/12\/exceladvisor.org_.png\",\"contentUrl\":\"https:\/\/exceladvisor.org\/tr\/wp-content\/uploads\/2023\/12\/exceladvisor.org_.png\",\"width\":105,\"height\":36,\"caption\":\"Excel Advisor\"},\"image\":{\"@id\":\"https:\/\/exceladvisor.org\/tr\/#\/schema\/logo\/image\/\"}}]}<\/script>\n<!-- \/ Yoast SEO plugin. -->","yoast_head_json":{"title":"Excel&#39;de Salt Okunur Dosyalar Olu\u015fturman\u0131n 3 Yolu","robots":{"index":"index","follow":"follow","max-snippet":"max-snippet:-1","max-image-preview":"max-image-preview:large","max-video-preview":"max-video-preview:-1"},"canonical":"https:\/\/exceladvisor.org\/tr\/sadece-oku\/","og_locale":"tr_TR","og_type":"article","og_title":"Excel&#39;de Salt Okunur Dosyalar Olu\u015fturman\u0131n 3 Yolu","og_url":"https:\/\/exceladvisor.org\/tr\/sadece-oku\/","og_site_name":"Excel Advisor","article_modified_time":"2023-12-10T06:02:14+00:00","og_image":[{"url":"https:\/\/exceladvisor.org\/wp-content\/uploads\/2023\/08\/1-enregistrer-en-tant-quoption.png","type":"","width":"","height":""}],"twitter_card":"summary_large_image","twitter_misc":{"Tahmini okuma s\u00fcresi":"3 dakika"},"schema":{"@context":"https:\/\/schema.org","@graph":[{"@type":"WebPage","@id":"https:\/\/exceladvisor.org\/tr\/sadece-oku\/","url":"https:\/\/exceladvisor.org\/tr\/sadece-oku\/","name":"Excel&#39;de Salt Okunur Dosyalar Olu\u015fturman\u0131n 3 Yolu","isPartOf":{"@id":"https:\/\/exceladvisor.org\/tr\/#website"},"primaryImageOfPage":{"@id":"https:\/\/exceladvisor.org\/tr\/sadece-oku\/#primaryimage"},"image":{"@id":"https:\/\/exceladvisor.org\/tr\/sadece-oku\/#primaryimage"},"thumbnailUrl":"https:\/\/exceladvisor.org\/wp-content\/uploads\/2023\/08\/1-enregistrer-en-tant-quoption.png","datePublished":"2023-10-27T23:22:27+00:00","dateModified":"2023-12-10T06:02:14+00:00","breadcrumb":{"@id":"https:\/\/exceladvisor.org\/tr\/sadece-oku\/#breadcrumb"},"inLanguage":"tr","potentialAction":[{"@type":"ReadAction","target":["https:\/\/exceladvisor.org\/tr\/sadece-oku\/"]}]},{"@type":"ImageObject","inLanguage":"tr","@id":"https:\/\/exceladvisor.org\/tr\/sadece-oku\/#primaryimage","url":"https:\/\/exceladvisor.org\/wp-content\/uploads\/2023\/08\/1-enregistrer-en-tant-quoption.png","contentUrl":"https:\/\/exceladvisor.org\/wp-content\/uploads\/2023\/08\/1-enregistrer-en-tant-quoption.png"},{"@type":"BreadcrumbList","@id":"https:\/\/exceladvisor.org\/tr\/sadece-oku\/#breadcrumb","itemListElement":[{"@type":"ListItem","position":1,"name":"Ev","item":"https:\/\/exceladvisor.org\/tr\/"},{"@type":"ListItem","position":2,"name":"Excel&#39;de salt okunur nas\u0131l yap\u0131l\u0131r?"}]},{"@type":"WebSite","@id":"https:\/\/exceladvisor.org\/tr\/#website","url":"https:\/\/exceladvisor.org\/tr\/","name":"Excel Advisor","description":"Veri hakimiyetine y\u00f6nelik nihai rehberiniz!","publisher":{"@id":"https:\/\/exceladvisor.org\/tr\/#organization"},"potentialAction":[{"@type":"SearchAction","target":{"@type":"EntryPoint","urlTemplate":"https:\/\/exceladvisor.org\/tr\/?s={search_term_string}"},"query-input":{"@type":"PropertyValueSpecification","valueRequired":true,"valueName":"search_term_string"}}],"inLanguage":"tr"},{"@type":"Organization","@id":"https:\/\/exceladvisor.org\/tr\/#organization","name":"Excel Advisor","url":"https:\/\/exceladvisor.org\/tr\/","logo":{"@type":"ImageObject","inLanguage":"tr","@id":"https:\/\/exceladvisor.org\/tr\/#\/schema\/logo\/image\/","url":"https:\/\/exceladvisor.org\/tr\/wp-content\/uploads\/2023\/12\/exceladvisor.org_.png","contentUrl":"https:\/\/exceladvisor.org\/tr\/wp-content\/uploads\/2023\/12\/exceladvisor.org_.png","width":105,"height":36,"caption":"Excel Advisor"},"image":{"@id":"https:\/\/exceladvisor.org\/tr\/#\/schema\/logo\/image\/"}}]}},"yoast_meta":{"yoast_wpseo_title":"","yoast_wpseo_metadesc":"","yoast_wpseo_canonical":""},"_links":{"self":[{"href":"https:\/\/exceladvisor.org\/tr\/wp-json\/wp\/v2\/pages\/1925","targetHints":{"allow":["GET"]}}],"collection":[{"href":"https:\/\/exceladvisor.org\/tr\/wp-json\/wp\/v2\/pages"}],"about":[{"href":"https:\/\/exceladvisor.org\/tr\/wp-json\/wp\/v2\/types\/page"}],"author":[{"embeddable":true,"href":"https:\/\/exceladvisor.org\/tr\/wp-json\/wp\/v2\/users\/1"}],"replies":[{"embeddable":true,"href":"https:\/\/exceladvisor.org\/tr\/wp-json\/wp\/v2\/comments?post=1925"}],"version-history":[{"count":1,"href":"https:\/\/exceladvisor.org\/tr\/wp-json\/wp\/v2\/pages\/1925\/revisions"}],"predecessor-version":[{"id":2585,"href":"https:\/\/exceladvisor.org\/tr\/wp-json\/wp\/v2\/pages\/1925\/revisions\/2585"}],"wp:attachment":[{"href":"https:\/\/exceladvisor.org\/tr\/wp-json\/wp\/v2\/media?parent=1925"}],"curies":[{"name":"wp","href":"https:\/\/api.w.org\/{rel}","templated":true}]}}