{"id":1926,"date":"2023-10-27T23:10:54","date_gmt":"2023-10-27T23:10:54","guid":{"rendered":"https:\/\/exceladvisor.org\/tr\/otomatik-kaydetmeyi-devre-disi-birak\/"},"modified":"2023-12-10T06:01:56","modified_gmt":"2023-12-10T06:01:56","slug":"otomatik-kaydetmeyi-devre-disi-birak","status":"publish","type":"page","link":"https:\/\/exceladvisor.org\/tr\/otomatik-kaydetmeyi-devre-disi-birak\/","title":{"rendered":"Excel&#39;de otomatik kaydetme nas\u0131l devre d\u0131\u015f\u0131 b\u0131rak\u0131l\u0131r?"},"content":{"rendered":"<div class=\"excel-icerikten-once\" id=\"excel-3112133991\"><script type=\"text\/javascript\">\r\n\tatOptions = {\r\n\t\t'key' : 'c1158f160081d6540a8409e6925dab94',\r\n\t\t'format' : 'iframe',\r\n\t\t'height' : 250,\r\n\t\t'width' : 300,\r\n\t\t'params' : {}\r\n\t};\r\n<\/script>\r\n<script type=\"text\/javascript\" src=\"\/\/www.highperformanceformat.com\/c1158f160081d6540a8409e6925dab94\/invoke.js\"><\/script><\/div> <p>Otomatik Kaydetme, Microsoft&#8217;un Excel dahil t\u00fcm Office uygulamalar\u0131nda sundu\u011fu yeni bir \u00f6zelliktir. Dosyalar\u0131n\u0131z\u0131 d\u00fczenli aral\u0131klarla otomatik olarak kaydetmek i\u00e7in OneDrive ve SharePoint ile birlikte \u00e7al\u0131\u015f\u0131r. Yani her zaman dosyan\u0131n bir arkas\u0131 vard\u0131r. <\/p><div class=\"wp-block-image\"><figure class=\"aligncenter size-full is-resized\"><img loading=\"lazy\" decoding=\"async\" class=\"wp-image-85885\" src=\"https:\/\/exceladvisor.org\/wp-content\/uploads\/2023\/08\/1-desactiver-la-fonction-de-sauvegarde-automatique.png\" sizes=\"auto, \" srcset=\"\" alt=\"otomatik kaydetme \u00f6zelli\u011fini devre d\u0131\u015f\u0131 b\u0131rak\" width=\"476\" height=\"220\"><\/figure><\/div><p> Ve devre d\u0131\u015f\u0131 b\u0131rakmak istiyorsan\u0131z bunu yapabilirsiniz.<\/p><h2 class=\"wp-block-heading\"> Otomatik Kaydetmeyi Excel Se\u00e7eneklerinden Devre D\u0131\u015f\u0131 B\u0131rakma<\/h2><ol><li> \u00d6nce Dosya sekmesine, ard\u0131ndan Se\u00e7enekler&#8217;e giderek <a href=\"https:\/\/exceladvisor.org\/tr\/secenekler\/\">Excel Se\u00e7enekleri&#8217;ni<\/a> a\u00e7\u0131n.<\/li><li> Bundan sonra sa\u011f taraftaki Kaydet sekmesine t\u0131klay\u0131n.<\/li><li> &#8220;\u00c7al\u0131\u015fma kitaplar\u0131n\u0131 kaydet&#8221; ba\u015fl\u0131\u011f\u0131 alt\u0131nda, &#8220;Bulutta depolanan dosyalar\u0131 varsay\u0131lan olarak Excel&#8217;e otomatik olarak kaydet&#8221; se\u00e7ene\u011finin i\u015faretini kald\u0131r\u0131n.<\/li><li> Sonunda ayarlar\u0131 kaydetmek i\u00e7in Tamam&#8217;\u0131 t\u0131klay\u0131n. <\/li><\/ol><div class=\"wp-block-image\"><figure class=\"aligncenter size-full is-resized\"><img loading=\"lazy\" decoding=\"async\" class=\"wp-image-85886\" src=\"https:\/\/exceladvisor.org\/wp-content\/uploads\/2023\/08\/2-options-de-sauvegarde-automatique-a-partir-dExcel.png\" sizes=\"auto, \" srcset=\"\" alt=\"excel'den otomatik kaydetme se\u00e7enekleri\" width=\"750\" height=\"460\"><\/figure><\/div><p> Bu ayarlar\u0131 kaydetti\u011finizde Excel, OneDrive&#8217;a kaydetti\u011finiz yeni dosya i\u00e7in otomatik kaydetmeyi etkinle\u015ftirmeyi durduracakt\u0131r.<\/p><p> Ancak bu ayardan \u00f6nce OneDrive&#8217;a kaydedilen dosyalarda Otomatik Kaydetme h\u00e2l\u00e2 &#8220;A\u00e7\u0131k&#8221; durumda olacakt\u0131r ve bu \u00f6zelli\u011fi <a href=\"https:\/\/exceladvisor.org\/tr\/hizli-erisim-cubugu\/\">H\u0131zl\u0131 Eri\u015fim Ara\u00e7 \u00c7ubu\u011fu&#8217;ndaki<\/a> Otomatik Kaydetme d\u00fc\u011fmesinden kapatman\u0131z gerekir.<\/p><h2 class=\"wp-block-heading\"> Otomatik kaydetmeyi kapatmadan devre d\u0131\u015f\u0131 b\u0131rak\u0131n!<\/h2><p> Otomatik Kaydetme, dosyalar\u0131 kaydetmenize yard\u0131mc\u0131 olan harika bir \u00f6zelliktir. Ve size bunu Excel Se\u00e7enekleri&#8217;nden devre d\u0131\u015f\u0131 b\u0131rakmak yerine, etkinle\u015ftirmek ve devre d\u0131\u015f\u0131 b\u0131rakmak i\u00e7in H\u0131zl\u0131 Eri\u015fim Ara\u00e7 \u00c7ubu\u011fu&#8217;ndaki ge\u00e7i\u015f d\u00fc\u011fmesini kullanman\u0131z\u0131 \u00f6neririm. <\/p><div class=\"wp-block-image\"><figure class=\"aligncenter size-full is-resized\"><img loading=\"lazy\" decoding=\"async\" class=\"wp-image-85887\" src=\"https:\/\/exceladvisor.org\/wp-content\/uploads\/2023\/08\/3-desactiver-la-sauvegarde-automatique-sans-la-desactiver.png\" sizes=\"auto, \" srcset=\"\" alt=\"kapatmadan otomatik kaydetmeyi devre d\u0131\u015f\u0131 b\u0131rak\" width=\"682\" height=\"175\"><\/figure><\/div><div class=\"gb-container gb-container-4db6181c gb-container-mt\"> <a class=\"gb-button gb-button-c5897111 gb-button-text gb-button-mt-button\" href=\"https:\/\/exceladvisor.org\/tr\/excel-ilerlemesi\/\">\u0130leri Excel Dersleri<\/a><h2 class=\"gb-headline gb-headline-665e5f6b gb-headline-text gb-headline-mt-heading\"> \u0130lgili e\u011fitimler <\/h2><div class=\"gb-grid-wrapper gb-grid-wrapper-a20baf7c gb-grid-wrapper-mt-grid\"><div class=\"gb-grid-column gb-grid-column-65ddf67e\"><div class=\"gb-container gb-container-65ddf67e\"><ul><li> <a href=\"https:\/\/exceladvisor.org\/tr\/kamera-araci\/\">Excel Kamera Arac\u0131<\/a><\/li><li> <a href=\"https:\/\/exceladvisor.org\/tr\/hedef-aramak\/\">Excel&#8217;de Hedef Bulucu<\/a><\/li><li> <a href=\"https:\/\/exceladvisor.org\/tr\/pencereyi-izle\/\">Excel&#8217;de pencereyi izle<\/a><\/li><li> <a href=\"https:\/\/exceladvisor.org\/tr\/excel-dilimleyici\/\">Excel Dilimleyici (Tam K\u0131lavuz)<\/a><\/li><li> <a href=\"https:\/\/exceladvisor.org\/tr\/macta-varsayilan-olarak-excel\/\">Mac&#8217;te Excel&#8217;i Varsay\u0131lan Yap\u0131n<\/a><\/li><\/ul><\/div><\/div><\/div><\/div>","protected":false},"excerpt":{"rendered":"","protected":false},"author":1,"featured_media":0,"parent":0,"menu_order":0,"comment_status":"open","ping_status":"closed","template":"","meta":{"ub_ctt_via":"","footnotes":""},"class_list":["post-1926","page","type-page","status-publish","hentry"],"featured_image_src":null,"yoast_head":"<!-- This site is optimized with the Yoast SEO plugin v25.4 - https:\/\/yoast.com\/wordpress\/plugins\/seo\/ -->\n<title>Excel&#039;de otomatik kaydetme nas\u0131l devre d\u0131\u015f\u0131 b\u0131rak\u0131l\u0131r?<\/title>\n<meta name=\"description\" content=\"Bu, otomatik kaydetme se\u00e7ene\u011fini nas\u0131l etkinle\u015ftirip devre d\u0131\u015f\u0131 b\u0131rakaca\u011f\u0131n\u0131z\u0131 \u00f6\u011frenmenize yard\u0131mc\u0131 olacak geli\u015fmi\u015f bir Excel e\u011fitimidir.\" \/>\n<meta name=\"robots\" content=\"index, follow, max-snippet:-1, max-image-preview:large, max-video-preview:-1\" \/>\n<link rel=\"canonical\" href=\"https:\/\/exceladvisor.org\/tr\/otomatik-kaydetmeyi-devre-disi-birak\/\" \/>\n<meta property=\"og:locale\" content=\"tr_TR\" \/>\n<meta property=\"og:type\" content=\"article\" \/>\n<meta property=\"og:title\" content=\"Excel&#039;de otomatik kaydetme nas\u0131l devre d\u0131\u015f\u0131 b\u0131rak\u0131l\u0131r?\" \/>\n<meta property=\"og:description\" content=\"Bu, otomatik kaydetme se\u00e7ene\u011fini nas\u0131l etkinle\u015ftirip devre d\u0131\u015f\u0131 b\u0131rakaca\u011f\u0131n\u0131z\u0131 \u00f6\u011frenmenize yard\u0131mc\u0131 olacak geli\u015fmi\u015f bir Excel e\u011fitimidir.\" \/>\n<meta property=\"og:url\" content=\"https:\/\/exceladvisor.org\/tr\/otomatik-kaydetmeyi-devre-disi-birak\/\" \/>\n<meta property=\"og:site_name\" content=\"Excel Advisor\" \/>\n<meta property=\"article:modified_time\" content=\"2023-12-10T06:01:56+00:00\" \/>\n<meta property=\"og:image\" content=\"https:\/\/exceladvisor.org\/wp-content\/uploads\/2023\/08\/1-desactiver-la-fonction-de-sauvegarde-automatique.png\" \/>\n<meta name=\"twitter:card\" content=\"summary_large_image\" \/>\n<meta name=\"twitter:label1\" content=\"Tahmini okuma s\u00fcresi\" \/>\n\t<meta name=\"twitter:data1\" content=\"1 dakika\" \/>\n<script type=\"application\/ld+json\" class=\"yoast-schema-graph\">{\"@context\":\"https:\/\/schema.org\",\"@graph\":[{\"@type\":\"WebPage\",\"@id\":\"https:\/\/exceladvisor.org\/tr\/otomatik-kaydetmeyi-devre-disi-birak\/\",\"url\":\"https:\/\/exceladvisor.org\/tr\/otomatik-kaydetmeyi-devre-disi-birak\/\",\"name\":\"Excel&#39;de otomatik kaydetme nas\u0131l devre d\u0131\u015f\u0131 b\u0131rak\u0131l\u0131r?\",\"isPartOf\":{\"@id\":\"https:\/\/exceladvisor.org\/tr\/#website\"},\"primaryImageOfPage\":{\"@id\":\"https:\/\/exceladvisor.org\/tr\/otomatik-kaydetmeyi-devre-disi-birak\/#primaryimage\"},\"image\":{\"@id\":\"https:\/\/exceladvisor.org\/tr\/otomatik-kaydetmeyi-devre-disi-birak\/#primaryimage\"},\"thumbnailUrl\":\"https:\/\/exceladvisor.org\/wp-content\/uploads\/2023\/08\/1-desactiver-la-fonction-de-sauvegarde-automatique.png\",\"datePublished\":\"2023-10-27T23:10:54+00:00\",\"dateModified\":\"2023-12-10T06:01:56+00:00\",\"description\":\"Bu, otomatik kaydetme se\u00e7ene\u011fini nas\u0131l etkinle\u015ftirip devre d\u0131\u015f\u0131 b\u0131rakaca\u011f\u0131n\u0131z\u0131 \u00f6\u011frenmenize yard\u0131mc\u0131 olacak geli\u015fmi\u015f bir Excel e\u011fitimidir.\",\"breadcrumb\":{\"@id\":\"https:\/\/exceladvisor.org\/tr\/otomatik-kaydetmeyi-devre-disi-birak\/#breadcrumb\"},\"inLanguage\":\"tr\",\"potentialAction\":[{\"@type\":\"ReadAction\",\"target\":[\"https:\/\/exceladvisor.org\/tr\/otomatik-kaydetmeyi-devre-disi-birak\/\"]}]},{\"@type\":\"ImageObject\",\"inLanguage\":\"tr\",\"@id\":\"https:\/\/exceladvisor.org\/tr\/otomatik-kaydetmeyi-devre-disi-birak\/#primaryimage\",\"url\":\"https:\/\/exceladvisor.org\/wp-content\/uploads\/2023\/08\/1-desactiver-la-fonction-de-sauvegarde-automatique.png\",\"contentUrl\":\"https:\/\/exceladvisor.org\/wp-content\/uploads\/2023\/08\/1-desactiver-la-fonction-de-sauvegarde-automatique.png\"},{\"@type\":\"BreadcrumbList\",\"@id\":\"https:\/\/exceladvisor.org\/tr\/otomatik-kaydetmeyi-devre-disi-birak\/#breadcrumb\",\"itemListElement\":[{\"@type\":\"ListItem\",\"position\":1,\"name\":\"Ev\",\"item\":\"https:\/\/exceladvisor.org\/tr\/\"},{\"@type\":\"ListItem\",\"position\":2,\"name\":\"Excel&#39;de otomatik kaydetme nas\u0131l devre d\u0131\u015f\u0131 b\u0131rak\u0131l\u0131r?\"}]},{\"@type\":\"WebSite\",\"@id\":\"https:\/\/exceladvisor.org\/tr\/#website\",\"url\":\"https:\/\/exceladvisor.org\/tr\/\",\"name\":\"Excel Advisor\",\"description\":\"Veri hakimiyetine y\u00f6nelik nihai rehberiniz!\",\"publisher\":{\"@id\":\"https:\/\/exceladvisor.org\/tr\/#organization\"},\"potentialAction\":[{\"@type\":\"SearchAction\",\"target\":{\"@type\":\"EntryPoint\",\"urlTemplate\":\"https:\/\/exceladvisor.org\/tr\/?s={search_term_string}\"},\"query-input\":{\"@type\":\"PropertyValueSpecification\",\"valueRequired\":true,\"valueName\":\"search_term_string\"}}],\"inLanguage\":\"tr\"},{\"@type\":\"Organization\",\"@id\":\"https:\/\/exceladvisor.org\/tr\/#organization\",\"name\":\"Excel Advisor\",\"url\":\"https:\/\/exceladvisor.org\/tr\/\",\"logo\":{\"@type\":\"ImageObject\",\"inLanguage\":\"tr\",\"@id\":\"https:\/\/exceladvisor.org\/tr\/#\/schema\/logo\/image\/\",\"url\":\"https:\/\/exceladvisor.org\/tr\/wp-content\/uploads\/2023\/12\/exceladvisor.org_.png\",\"contentUrl\":\"https:\/\/exceladvisor.org\/tr\/wp-content\/uploads\/2023\/12\/exceladvisor.org_.png\",\"width\":105,\"height\":36,\"caption\":\"Excel Advisor\"},\"image\":{\"@id\":\"https:\/\/exceladvisor.org\/tr\/#\/schema\/logo\/image\/\"}}]}<\/script>\n<!-- \/ Yoast SEO plugin. -->","yoast_head_json":{"title":"Excel&#39;de otomatik kaydetme nas\u0131l devre d\u0131\u015f\u0131 b\u0131rak\u0131l\u0131r?","description":"Bu, otomatik kaydetme se\u00e7ene\u011fini nas\u0131l etkinle\u015ftirip devre d\u0131\u015f\u0131 b\u0131rakaca\u011f\u0131n\u0131z\u0131 \u00f6\u011frenmenize yard\u0131mc\u0131 olacak geli\u015fmi\u015f bir Excel e\u011fitimidir.","robots":{"index":"index","follow":"follow","max-snippet":"max-snippet:-1","max-image-preview":"max-image-preview:large","max-video-preview":"max-video-preview:-1"},"canonical":"https:\/\/exceladvisor.org\/tr\/otomatik-kaydetmeyi-devre-disi-birak\/","og_locale":"tr_TR","og_type":"article","og_title":"Excel&#39;de otomatik kaydetme nas\u0131l devre d\u0131\u015f\u0131 b\u0131rak\u0131l\u0131r?","og_description":"Bu, otomatik kaydetme se\u00e7ene\u011fini nas\u0131l etkinle\u015ftirip devre d\u0131\u015f\u0131 b\u0131rakaca\u011f\u0131n\u0131z\u0131 \u00f6\u011frenmenize yard\u0131mc\u0131 olacak geli\u015fmi\u015f bir Excel e\u011fitimidir.","og_url":"https:\/\/exceladvisor.org\/tr\/otomatik-kaydetmeyi-devre-disi-birak\/","og_site_name":"Excel Advisor","article_modified_time":"2023-12-10T06:01:56+00:00","og_image":[{"url":"https:\/\/exceladvisor.org\/wp-content\/uploads\/2023\/08\/1-desactiver-la-fonction-de-sauvegarde-automatique.png","type":"","width":"","height":""}],"twitter_card":"summary_large_image","twitter_misc":{"Tahmini okuma s\u00fcresi":"1 dakika"},"schema":{"@context":"https:\/\/schema.org","@graph":[{"@type":"WebPage","@id":"https:\/\/exceladvisor.org\/tr\/otomatik-kaydetmeyi-devre-disi-birak\/","url":"https:\/\/exceladvisor.org\/tr\/otomatik-kaydetmeyi-devre-disi-birak\/","name":"Excel&#39;de otomatik kaydetme nas\u0131l devre d\u0131\u015f\u0131 b\u0131rak\u0131l\u0131r?","isPartOf":{"@id":"https:\/\/exceladvisor.org\/tr\/#website"},"primaryImageOfPage":{"@id":"https:\/\/exceladvisor.org\/tr\/otomatik-kaydetmeyi-devre-disi-birak\/#primaryimage"},"image":{"@id":"https:\/\/exceladvisor.org\/tr\/otomatik-kaydetmeyi-devre-disi-birak\/#primaryimage"},"thumbnailUrl":"https:\/\/exceladvisor.org\/wp-content\/uploads\/2023\/08\/1-desactiver-la-fonction-de-sauvegarde-automatique.png","datePublished":"2023-10-27T23:10:54+00:00","dateModified":"2023-12-10T06:01:56+00:00","description":"Bu, otomatik kaydetme se\u00e7ene\u011fini nas\u0131l etkinle\u015ftirip devre d\u0131\u015f\u0131 b\u0131rakaca\u011f\u0131n\u0131z\u0131 \u00f6\u011frenmenize yard\u0131mc\u0131 olacak geli\u015fmi\u015f bir Excel e\u011fitimidir.","breadcrumb":{"@id":"https:\/\/exceladvisor.org\/tr\/otomatik-kaydetmeyi-devre-disi-birak\/#breadcrumb"},"inLanguage":"tr","potentialAction":[{"@type":"ReadAction","target":["https:\/\/exceladvisor.org\/tr\/otomatik-kaydetmeyi-devre-disi-birak\/"]}]},{"@type":"ImageObject","inLanguage":"tr","@id":"https:\/\/exceladvisor.org\/tr\/otomatik-kaydetmeyi-devre-disi-birak\/#primaryimage","url":"https:\/\/exceladvisor.org\/wp-content\/uploads\/2023\/08\/1-desactiver-la-fonction-de-sauvegarde-automatique.png","contentUrl":"https:\/\/exceladvisor.org\/wp-content\/uploads\/2023\/08\/1-desactiver-la-fonction-de-sauvegarde-automatique.png"},{"@type":"BreadcrumbList","@id":"https:\/\/exceladvisor.org\/tr\/otomatik-kaydetmeyi-devre-disi-birak\/#breadcrumb","itemListElement":[{"@type":"ListItem","position":1,"name":"Ev","item":"https:\/\/exceladvisor.org\/tr\/"},{"@type":"ListItem","position":2,"name":"Excel&#39;de otomatik kaydetme nas\u0131l devre d\u0131\u015f\u0131 b\u0131rak\u0131l\u0131r?"}]},{"@type":"WebSite","@id":"https:\/\/exceladvisor.org\/tr\/#website","url":"https:\/\/exceladvisor.org\/tr\/","name":"Excel Advisor","description":"Veri hakimiyetine y\u00f6nelik nihai rehberiniz!","publisher":{"@id":"https:\/\/exceladvisor.org\/tr\/#organization"},"potentialAction":[{"@type":"SearchAction","target":{"@type":"EntryPoint","urlTemplate":"https:\/\/exceladvisor.org\/tr\/?s={search_term_string}"},"query-input":{"@type":"PropertyValueSpecification","valueRequired":true,"valueName":"search_term_string"}}],"inLanguage":"tr"},{"@type":"Organization","@id":"https:\/\/exceladvisor.org\/tr\/#organization","name":"Excel Advisor","url":"https:\/\/exceladvisor.org\/tr\/","logo":{"@type":"ImageObject","inLanguage":"tr","@id":"https:\/\/exceladvisor.org\/tr\/#\/schema\/logo\/image\/","url":"https:\/\/exceladvisor.org\/tr\/wp-content\/uploads\/2023\/12\/exceladvisor.org_.png","contentUrl":"https:\/\/exceladvisor.org\/tr\/wp-content\/uploads\/2023\/12\/exceladvisor.org_.png","width":105,"height":36,"caption":"Excel Advisor"},"image":{"@id":"https:\/\/exceladvisor.org\/tr\/#\/schema\/logo\/image\/"}}]}},"yoast_meta":{"yoast_wpseo_title":"","yoast_wpseo_metadesc":"","yoast_wpseo_canonical":""},"_links":{"self":[{"href":"https:\/\/exceladvisor.org\/tr\/wp-json\/wp\/v2\/pages\/1926","targetHints":{"allow":["GET"]}}],"collection":[{"href":"https:\/\/exceladvisor.org\/tr\/wp-json\/wp\/v2\/pages"}],"about":[{"href":"https:\/\/exceladvisor.org\/tr\/wp-json\/wp\/v2\/types\/page"}],"author":[{"embeddable":true,"href":"https:\/\/exceladvisor.org\/tr\/wp-json\/wp\/v2\/users\/1"}],"replies":[{"embeddable":true,"href":"https:\/\/exceladvisor.org\/tr\/wp-json\/wp\/v2\/comments?post=1926"}],"version-history":[{"count":1,"href":"https:\/\/exceladvisor.org\/tr\/wp-json\/wp\/v2\/pages\/1926\/revisions"}],"predecessor-version":[{"id":2567,"href":"https:\/\/exceladvisor.org\/tr\/wp-json\/wp\/v2\/pages\/1926\/revisions\/2567"}],"wp:attachment":[{"href":"https:\/\/exceladvisor.org\/tr\/wp-json\/wp\/v2\/media?parent=1926"}],"curies":[{"name":"wp","href":"https:\/\/api.w.org\/{rel}","templated":true}]}}