{"id":1927,"date":"2023-10-27T22:57:31","date_gmt":"2023-10-27T22:57:31","guid":{"rendered":"https:\/\/exceladvisor.org\/tr\/senaryo-laboratuvari\/"},"modified":"2023-12-10T06:02:26","modified_gmt":"2023-12-10T06:02:26","slug":"senaryo-laboratuvari","status":"publish","type":"page","link":"https:\/\/exceladvisor.org\/tr\/senaryo-laboratuvari\/","title":{"rendered":"Excel&#39;de script lab nas\u0131l kullan\u0131l\u0131r?"},"content":{"rendered":"<div class=\"excel-icerikten-once\" id=\"excel-2047518771\"><script type=\"text\/javascript\">\r\n\tatOptions = {\r\n\t\t'key' : 'c1158f160081d6540a8409e6925dab94',\r\n\t\t'format' : 'iframe',\r\n\t\t'height' : 250,\r\n\t\t'width' : 300,\r\n\t\t'params' : {}\r\n\t};\r\n<\/script>\r\n<script type=\"text\/javascript\" src=\"\/\/www.highperformanceformat.com\/c1158f160081d6540a8409e6925dab94\/invoke.js\"><\/script><\/div> <p>Script Lab ile Office JavaScript API&#8217;sini kullanabilirsiniz. \u201cScript Lab\u201d\u0131 edinmek i\u00e7in, Ekle sekmesinden \u21e2 Eklentileri Al \u21e2 Script Lab&#8217;den script lab eklentisini y\u00fcklemeniz gerekir. <\/p><div class=\"wp-block-image\"><figure class=\"aligncenter size-full is-resized\"><img loading=\"lazy\" decoding=\"async\" class=\"wp-image-88977\" src=\"https:\/\/exceladvisor.org\/wp-content\/uploads\/2023\/08\/1-laboratoire-de-script-dans-Excel.png\" sizes=\"auto, \" srcset=\"\" alt=\"Excel'de komut dosyas\u0131 laboratuvar\u0131\" width=\"686\" height=\"393\"><\/figure><\/div><p> Yapman\u0131z gereken bir sonraki \u015fey, Script Lab sekmesini \u015feride eklemek. Bunun i\u00e7in Dosya sekmesine gidin \u21e2 Se\u00e7enekler \u21e2 \u015eeridi \u00d6zelle\u015ftir \u21e2 Onay \u0130\u015fareti \u21e2 Komut Dosyas\u0131 Laboratuvar\u0131. <\/p><div class=\"wp-block-image\"><figure class=\"aligncenter size-full is-resized\"><img loading=\"lazy\" decoding=\"async\" class=\"wp-image-88978\" src=\"https:\/\/exceladvisor.org\/wp-content\/uploads\/2023\/08\/2-ajouter-un-laboratoire-de-script-sur-le-ruban.png\" sizes=\"auto, \" srcset=\"\" alt=\"\u015ferit \u00fczerinde komut dosyas\u0131-lab-ekleme\" width=\"692\" height=\"334\"><\/figure><\/div><p> Elektronik tablonuza d\u00f6n\u00fcn ve Komut Dosyas\u0131 Laboratuvar\u0131 sekmesindeki &#8220;Kod&#8221; d\u00fc\u011fmesini t\u0131klay\u0131n. <\/p><div class=\"wp-block-image\"><figure class=\"aligncenter size-full is-resized\"><img loading=\"lazy\" decoding=\"async\" class=\"wp-image-88979\" src=\"https:\/\/exceladvisor.org\/wp-content\/uploads\/2023\/08\/3-clics-sur-le-code-de-longlet-du-laboratoire-de-script.png\" sizes=\"auto, \" srcset=\"\" alt=\"script-lab-sekmesinden-kod-kodu\" width=\"710\" height=\"161\"><\/figure><\/div><p> Kod butonuna t\u0131klad\u0131\u011f\u0131n\u0131zda Excel penceresinin sa\u011f taraf\u0131nda bir b\u00f6lme g\u00f6receksiniz. <\/p><div class=\"wp-block-image\"><figure class=\"aligncenter size-full is-resized\"><img loading=\"lazy\" decoding=\"async\" class=\"wp-image-88980\" src=\"https:\/\/exceladvisor.org\/wp-content\/uploads\/2023\/08\/4-volet-sur-le-cote-droit.png\" sizes=\"auto, \" srcset=\"\" alt=\"sa\u011f taraftaki deklan\u015f\u00f6r\" width=\"355\" height=\"433\"><\/figure><\/div><p> Script Lab ile kod yazmak ve Excel&#8217;de \u00f6zel bir i\u015flev olu\u015fturmak i\u00e7in JavaScript&#8217;i kullanabilirsiniz. \u015eimdi men\u00fc d\u00fc\u011fmesine t\u0131klay\u0131n ve ard\u0131ndan Yeni d\u00fc\u011fmesine t\u0131klay\u0131n. <\/p><div class=\"wp-block-image\"><figure class=\"aligncenter size-full is-resized\"><img loading=\"lazy\" decoding=\"async\" class=\"wp-image-88981\" src=\"https:\/\/exceladvisor.org\/wp-content\/uploads\/2023\/08\/5-avec-script-lab-utiliser-javascript-pour-ecrire-des-codes.png\" sizes=\"auto, \" srcset=\"\" alt=\"script-lab-use-javascript-to-write-codes ile\" width=\"369\" height=\"121\"><\/figure><\/div><p> Daha sonra, Komut Dosyas\u0131, HTML ve CSS olmak \u00fczere \u00fc\u00e7 sekmede zaten mevcut olan kodu silin. <\/p><div class=\"wp-block-image\"><figure class=\"aligncenter size-full is-resized\"><img loading=\"lazy\" decoding=\"async\" class=\"wp-image-88982\" src=\"https:\/\/exceladvisor.org\/wp-content\/uploads\/2023\/08\/6-supprimer-les-codes-deja-presents.png\" sizes=\"auto, \" srcset=\"\" alt=\"zaten orada olan kodlar\u0131 sil\" width=\"644\" height=\"232\"><\/figure><\/div><p> Kodu yap\u0131\u015ft\u0131rd\u0131\u011f\u0131n\u0131zda bu kod bir fonksiyon olu\u015fturdu\u011fundan HTML ve CSS sekmesi kayboluyor. Ve bu fonksiyon B\u0130R SAYININ KARES\u0130N\u0130 hesaplaman\u0131za yard\u0131mc\u0131 olur.<\/p><pre class=\"wp-block-code\"> <code class=\"language-typescript\" lang=\"typescript\">\/** * calculates the square root of the number. * @customfunction *\/ function getsquare(num) { return Math.pow(num, 2); }<\/code><\/pre><p> Buradan bu fonksiyonu Excel uygulaman\u0131za kaydetmeniz gerekmektedir. \u00d6ncelikle \u201cKay\u0131t Ol\u201d butonuna t\u0131klay\u0131n. <\/p><div class=\"wp-block-image\"><figure class=\"aligncenter size-full is-resized\"><img loading=\"lazy\" decoding=\"async\" class=\"wp-image-88983\" src=\"https:\/\/exceladvisor.org\/wp-content\/uploads\/2023\/08\/Fonction-7-registres-avec-application-Excel.png\" sizes=\"auto, \" srcset=\"\" alt=\"excel uygulamas\u0131yla kaydetme i\u015flevi\" width=\"578\" height=\"379\"><\/figure><\/div><p> Kaydet butonuna t\u0131klad\u0131\u011f\u0131n\u0131zda \u201cA\u015fa\u011f\u0131daki i\u015flevler ba\u015far\u0131yla kaydedildi\u201d mesaj\u0131 g\u00f6r\u00fcnt\u00fclenir. <\/p><div class=\"wp-block-image\"><figure class=\"aligncenter size-full is-resized\"><img loading=\"lazy\" decoding=\"async\" class=\"wp-image-88984\" src=\"https:\/\/exceladvisor.org\/wp-content\/uploads\/2023\/08\/8-montre-les-fonctions-enregistrees-avec-succes.png\" sizes=\"auto, \" srcset=\"\" alt=\"izleme-i\u015flevleri-ba\u015far\u0131yla kaydedildi\" width=\"646\" height=\"294\"><\/figure><\/div><p> \u015eimdi e-tabloya geri d\u00f6n\u00fcn ve bir h\u00fccreye bir say\u0131 girin. \u00d6rne\u011fin, ba\u015fka bir h\u00fccreye \u201c=ScriptLab\u201d yaz\u0131n ve GETSQUARE i\u015flevini se\u00e7in. Numaran\u0131n bulundu\u011fu h\u00fccreye bak\u0131n. <\/p><div class=\"wp-block-image\"><figure class=\"aligncenter size-full is-resized\"><img loading=\"lazy\" decoding=\"async\" class=\"wp-image-88985\" src=\"https:\/\/exceladvisor.org\/wp-content\/uploads\/2023\/08\/9-entrez-un-nombre-dans-la-cellule.png\" sizes=\"auto, \" srcset=\"\" alt=\"h\u00fccreye bir say\u0131 girin\" width=\"540\" height=\"334\"><\/figure><\/div><p> Sonunda sonucu almak i\u00e7in Enter tu\u015funa bas\u0131n. <\/p><div class=\"wp-block-image\"><figure class=\"aligncenter size-full is-resized\"><img loading=\"lazy\" decoding=\"async\" class=\"wp-image-88986\" src=\"https:\/\/exceladvisor.org\/wp-content\/uploads\/2023\/08\/10-appuyez-sur-Entree-pour-obtenir-le-resultat.png\" sizes=\"auto, \" srcset=\"\" alt=\"sonucu almak i\u00e7in enter tu\u015funa bas\u0131n\" width=\"569\" height=\"370\"><\/figure><\/div><div class=\"gb-container gb-container-4db6181c gb-container-mt\"> <a class=\"gb-button gb-button-c5897111 gb-button-text gb-button-mt-button\" href=\"https:\/\/exceladvisor.org\/tr\/excel-ilerlemesi\/\">\u0130leri Excel Dersleri<\/a><h2 class=\"gb-headline gb-headline-665e5f6b gb-headline-text gb-headline-mt-heading\"> \u0130lgili e\u011fitimler <\/h2><div class=\"gb-grid-wrapper gb-grid-wrapper-a20baf7c gb-grid-wrapper-mt-grid\"><div class=\"gb-grid-column gb-grid-column-65ddf67e\"><div class=\"gb-container gb-container-65ddf67e\"><ul><li> <a href=\"https:\/\/exceladvisor.org\/tr\/macta-varsayilan-olarak-excel\/\">Mac&#8217;te Excel&#8217;i Varsay\u0131lan Yap\u0131n<\/a><\/li><li> <a href=\"https:\/\/exceladvisor.org\/tr\/excel-guvenli-mod\/\">Excel&#8217;i G\u00fcvenli Modda a\u00e7\u0131n<\/a><\/li><li> <a href=\"https:\/\/exceladvisor.org\/tr\/onbellegi-bosalt\/\">Excel&#8217;de \u00f6nbelle\u011fi temizle<\/a><\/li><li> <a href=\"https:\/\/exceladvisor.org\/tr\/otomatik-duzeltme\/\">Excel&#8217;de Otomatik D\u00fczelt&#8217;i kullanma<\/a><\/li><\/ul><\/div><\/div><\/div><\/div>","protected":false},"excerpt":{"rendered":"","protected":false},"author":1,"featured_media":0,"parent":0,"menu_order":0,"comment_status":"open","ping_status":"closed","template":"","meta":{"ub_ctt_via":"","footnotes":""},"class_list":["post-1927","page","type-page","status-publish","hentry"],"featured_image_src":null,"yoast_head":"<!-- This site is optimized with the Yoast SEO plugin v25.4 - https:\/\/yoast.com\/wordpress\/plugins\/seo\/ -->\n<title>Excel&#039;de Script Lab nas\u0131l kullan\u0131l\u0131r?<\/title>\n<meta name=\"description\" content=\"Bu, Excel&#039;deki Komut Dosyas\u0131 Laboratuvar\u0131&#039;n\u0131 kullanmaya ba\u015flaman\u0131z\u0131 sa\u011flayacak h\u0131zl\u0131 bir e\u011fitimdir.\" \/>\n<meta name=\"robots\" content=\"index, follow, max-snippet:-1, max-image-preview:large, max-video-preview:-1\" \/>\n<link rel=\"canonical\" href=\"https:\/\/exceladvisor.org\/tr\/senaryo-laboratuvari\/\" \/>\n<meta property=\"og:locale\" content=\"tr_TR\" \/>\n<meta property=\"og:type\" content=\"article\" \/>\n<meta property=\"og:title\" content=\"Excel&#039;de Script Lab nas\u0131l kullan\u0131l\u0131r?\" \/>\n<meta property=\"og:description\" content=\"Bu, Excel&#039;deki Komut Dosyas\u0131 Laboratuvar\u0131&#039;n\u0131 kullanmaya ba\u015flaman\u0131z\u0131 sa\u011flayacak h\u0131zl\u0131 bir e\u011fitimdir.\" \/>\n<meta property=\"og:url\" content=\"https:\/\/exceladvisor.org\/tr\/senaryo-laboratuvari\/\" \/>\n<meta property=\"og:site_name\" content=\"Excel Advisor\" \/>\n<meta property=\"article:modified_time\" content=\"2023-12-10T06:02:26+00:00\" \/>\n<meta property=\"og:image\" content=\"https:\/\/exceladvisor.org\/wp-content\/uploads\/2023\/08\/1-laboratoire-de-script-dans-Excel.png\" \/>\n<meta name=\"twitter:card\" content=\"summary_large_image\" \/>\n<meta name=\"twitter:label1\" content=\"Tahmini okuma s\u00fcresi\" \/>\n\t<meta name=\"twitter:data1\" content=\"1 dakika\" \/>\n<script type=\"application\/ld+json\" class=\"yoast-schema-graph\">{\"@context\":\"https:\/\/schema.org\",\"@graph\":[{\"@type\":\"WebPage\",\"@id\":\"https:\/\/exceladvisor.org\/tr\/senaryo-laboratuvari\/\",\"url\":\"https:\/\/exceladvisor.org\/tr\/senaryo-laboratuvari\/\",\"name\":\"Excel&#39;de Script Lab nas\u0131l kullan\u0131l\u0131r?\",\"isPartOf\":{\"@id\":\"https:\/\/exceladvisor.org\/tr\/#website\"},\"primaryImageOfPage\":{\"@id\":\"https:\/\/exceladvisor.org\/tr\/senaryo-laboratuvari\/#primaryimage\"},\"image\":{\"@id\":\"https:\/\/exceladvisor.org\/tr\/senaryo-laboratuvari\/#primaryimage\"},\"thumbnailUrl\":\"https:\/\/exceladvisor.org\/wp-content\/uploads\/2023\/08\/1-laboratoire-de-script-dans-Excel.png\",\"datePublished\":\"2023-10-27T22:57:31+00:00\",\"dateModified\":\"2023-12-10T06:02:26+00:00\",\"description\":\"Bu, Excel&#39;deki Komut Dosyas\u0131 Laboratuvar\u0131&#39;n\u0131 kullanmaya ba\u015flaman\u0131z\u0131 sa\u011flayacak h\u0131zl\u0131 bir e\u011fitimdir.\",\"breadcrumb\":{\"@id\":\"https:\/\/exceladvisor.org\/tr\/senaryo-laboratuvari\/#breadcrumb\"},\"inLanguage\":\"tr\",\"potentialAction\":[{\"@type\":\"ReadAction\",\"target\":[\"https:\/\/exceladvisor.org\/tr\/senaryo-laboratuvari\/\"]}]},{\"@type\":\"ImageObject\",\"inLanguage\":\"tr\",\"@id\":\"https:\/\/exceladvisor.org\/tr\/senaryo-laboratuvari\/#primaryimage\",\"url\":\"https:\/\/exceladvisor.org\/wp-content\/uploads\/2023\/08\/1-laboratoire-de-script-dans-Excel.png\",\"contentUrl\":\"https:\/\/exceladvisor.org\/wp-content\/uploads\/2023\/08\/1-laboratoire-de-script-dans-Excel.png\"},{\"@type\":\"BreadcrumbList\",\"@id\":\"https:\/\/exceladvisor.org\/tr\/senaryo-laboratuvari\/#breadcrumb\",\"itemListElement\":[{\"@type\":\"ListItem\",\"position\":1,\"name\":\"Ev\",\"item\":\"https:\/\/exceladvisor.org\/tr\/\"},{\"@type\":\"ListItem\",\"position\":2,\"name\":\"Excel&#39;de script lab nas\u0131l kullan\u0131l\u0131r?\"}]},{\"@type\":\"WebSite\",\"@id\":\"https:\/\/exceladvisor.org\/tr\/#website\",\"url\":\"https:\/\/exceladvisor.org\/tr\/\",\"name\":\"Excel Advisor\",\"description\":\"Veri hakimiyetine y\u00f6nelik nihai rehberiniz!\",\"publisher\":{\"@id\":\"https:\/\/exceladvisor.org\/tr\/#organization\"},\"potentialAction\":[{\"@type\":\"SearchAction\",\"target\":{\"@type\":\"EntryPoint\",\"urlTemplate\":\"https:\/\/exceladvisor.org\/tr\/?s={search_term_string}\"},\"query-input\":{\"@type\":\"PropertyValueSpecification\",\"valueRequired\":true,\"valueName\":\"search_term_string\"}}],\"inLanguage\":\"tr\"},{\"@type\":\"Organization\",\"@id\":\"https:\/\/exceladvisor.org\/tr\/#organization\",\"name\":\"Excel Advisor\",\"url\":\"https:\/\/exceladvisor.org\/tr\/\",\"logo\":{\"@type\":\"ImageObject\",\"inLanguage\":\"tr\",\"@id\":\"https:\/\/exceladvisor.org\/tr\/#\/schema\/logo\/image\/\",\"url\":\"https:\/\/exceladvisor.org\/tr\/wp-content\/uploads\/2023\/12\/exceladvisor.org_.png\",\"contentUrl\":\"https:\/\/exceladvisor.org\/tr\/wp-content\/uploads\/2023\/12\/exceladvisor.org_.png\",\"width\":105,\"height\":36,\"caption\":\"Excel Advisor\"},\"image\":{\"@id\":\"https:\/\/exceladvisor.org\/tr\/#\/schema\/logo\/image\/\"}}]}<\/script>\n<!-- \/ Yoast SEO plugin. -->","yoast_head_json":{"title":"Excel&#39;de Script Lab nas\u0131l kullan\u0131l\u0131r?","description":"Bu, Excel&#39;deki Komut Dosyas\u0131 Laboratuvar\u0131&#39;n\u0131 kullanmaya ba\u015flaman\u0131z\u0131 sa\u011flayacak h\u0131zl\u0131 bir e\u011fitimdir.","robots":{"index":"index","follow":"follow","max-snippet":"max-snippet:-1","max-image-preview":"max-image-preview:large","max-video-preview":"max-video-preview:-1"},"canonical":"https:\/\/exceladvisor.org\/tr\/senaryo-laboratuvari\/","og_locale":"tr_TR","og_type":"article","og_title":"Excel&#39;de Script Lab nas\u0131l kullan\u0131l\u0131r?","og_description":"Bu, Excel&#39;deki Komut Dosyas\u0131 Laboratuvar\u0131&#39;n\u0131 kullanmaya ba\u015flaman\u0131z\u0131 sa\u011flayacak h\u0131zl\u0131 bir e\u011fitimdir.","og_url":"https:\/\/exceladvisor.org\/tr\/senaryo-laboratuvari\/","og_site_name":"Excel Advisor","article_modified_time":"2023-12-10T06:02:26+00:00","og_image":[{"url":"https:\/\/exceladvisor.org\/wp-content\/uploads\/2023\/08\/1-laboratoire-de-script-dans-Excel.png","type":"","width":"","height":""}],"twitter_card":"summary_large_image","twitter_misc":{"Tahmini okuma s\u00fcresi":"1 dakika"},"schema":{"@context":"https:\/\/schema.org","@graph":[{"@type":"WebPage","@id":"https:\/\/exceladvisor.org\/tr\/senaryo-laboratuvari\/","url":"https:\/\/exceladvisor.org\/tr\/senaryo-laboratuvari\/","name":"Excel&#39;de Script Lab nas\u0131l kullan\u0131l\u0131r?","isPartOf":{"@id":"https:\/\/exceladvisor.org\/tr\/#website"},"primaryImageOfPage":{"@id":"https:\/\/exceladvisor.org\/tr\/senaryo-laboratuvari\/#primaryimage"},"image":{"@id":"https:\/\/exceladvisor.org\/tr\/senaryo-laboratuvari\/#primaryimage"},"thumbnailUrl":"https:\/\/exceladvisor.org\/wp-content\/uploads\/2023\/08\/1-laboratoire-de-script-dans-Excel.png","datePublished":"2023-10-27T22:57:31+00:00","dateModified":"2023-12-10T06:02:26+00:00","description":"Bu, Excel&#39;deki Komut Dosyas\u0131 Laboratuvar\u0131&#39;n\u0131 kullanmaya ba\u015flaman\u0131z\u0131 sa\u011flayacak h\u0131zl\u0131 bir e\u011fitimdir.","breadcrumb":{"@id":"https:\/\/exceladvisor.org\/tr\/senaryo-laboratuvari\/#breadcrumb"},"inLanguage":"tr","potentialAction":[{"@type":"ReadAction","target":["https:\/\/exceladvisor.org\/tr\/senaryo-laboratuvari\/"]}]},{"@type":"ImageObject","inLanguage":"tr","@id":"https:\/\/exceladvisor.org\/tr\/senaryo-laboratuvari\/#primaryimage","url":"https:\/\/exceladvisor.org\/wp-content\/uploads\/2023\/08\/1-laboratoire-de-script-dans-Excel.png","contentUrl":"https:\/\/exceladvisor.org\/wp-content\/uploads\/2023\/08\/1-laboratoire-de-script-dans-Excel.png"},{"@type":"BreadcrumbList","@id":"https:\/\/exceladvisor.org\/tr\/senaryo-laboratuvari\/#breadcrumb","itemListElement":[{"@type":"ListItem","position":1,"name":"Ev","item":"https:\/\/exceladvisor.org\/tr\/"},{"@type":"ListItem","position":2,"name":"Excel&#39;de script lab nas\u0131l kullan\u0131l\u0131r?"}]},{"@type":"WebSite","@id":"https:\/\/exceladvisor.org\/tr\/#website","url":"https:\/\/exceladvisor.org\/tr\/","name":"Excel Advisor","description":"Veri hakimiyetine y\u00f6nelik nihai rehberiniz!","publisher":{"@id":"https:\/\/exceladvisor.org\/tr\/#organization"},"potentialAction":[{"@type":"SearchAction","target":{"@type":"EntryPoint","urlTemplate":"https:\/\/exceladvisor.org\/tr\/?s={search_term_string}"},"query-input":{"@type":"PropertyValueSpecification","valueRequired":true,"valueName":"search_term_string"}}],"inLanguage":"tr"},{"@type":"Organization","@id":"https:\/\/exceladvisor.org\/tr\/#organization","name":"Excel Advisor","url":"https:\/\/exceladvisor.org\/tr\/","logo":{"@type":"ImageObject","inLanguage":"tr","@id":"https:\/\/exceladvisor.org\/tr\/#\/schema\/logo\/image\/","url":"https:\/\/exceladvisor.org\/tr\/wp-content\/uploads\/2023\/12\/exceladvisor.org_.png","contentUrl":"https:\/\/exceladvisor.org\/tr\/wp-content\/uploads\/2023\/12\/exceladvisor.org_.png","width":105,"height":36,"caption":"Excel Advisor"},"image":{"@id":"https:\/\/exceladvisor.org\/tr\/#\/schema\/logo\/image\/"}}]}},"yoast_meta":{"yoast_wpseo_title":"","yoast_wpseo_metadesc":"","yoast_wpseo_canonical":""},"_links":{"self":[{"href":"https:\/\/exceladvisor.org\/tr\/wp-json\/wp\/v2\/pages\/1927","targetHints":{"allow":["GET"]}}],"collection":[{"href":"https:\/\/exceladvisor.org\/tr\/wp-json\/wp\/v2\/pages"}],"about":[{"href":"https:\/\/exceladvisor.org\/tr\/wp-json\/wp\/v2\/types\/page"}],"author":[{"embeddable":true,"href":"https:\/\/exceladvisor.org\/tr\/wp-json\/wp\/v2\/users\/1"}],"replies":[{"embeddable":true,"href":"https:\/\/exceladvisor.org\/tr\/wp-json\/wp\/v2\/comments?post=1927"}],"version-history":[{"count":1,"href":"https:\/\/exceladvisor.org\/tr\/wp-json\/wp\/v2\/pages\/1927\/revisions"}],"predecessor-version":[{"id":2597,"href":"https:\/\/exceladvisor.org\/tr\/wp-json\/wp\/v2\/pages\/1927\/revisions\/2597"}],"wp:attachment":[{"href":"https:\/\/exceladvisor.org\/tr\/wp-json\/wp\/v2\/media?parent=1927"}],"curies":[{"name":"wp","href":"https:\/\/api.w.org\/{rel}","templated":true}]}}