{"id":1929,"date":"2023-10-27T19:06:55","date_gmt":"2023-10-27T19:06:55","guid":{"rendered":"https:\/\/exceladvisor.org\/tr\/kisi-tablosu\/"},"modified":"2023-12-10T06:03:46","modified_gmt":"2023-12-10T06:03:46","slug":"kisi-tablosu","status":"publish","type":"page","link":"https:\/\/exceladvisor.org\/tr\/kisi-tablosu\/","title":{"rendered":"Excel&#39;e ki\u015fi grafi\u011fi nas\u0131l eklenir?"},"content":{"rendered":"<div class=\"excel-icerikten-once\" id=\"excel-1152344284\"><script type=\"text\/javascript\">\r\n\tatOptions = {\r\n\t\t'key' : 'c1158f160081d6540a8409e6925dab94',\r\n\t\t'format' : 'iframe',\r\n\t\t'height' : 250,\r\n\t\t'width' : 300,\r\n\t\t'params' : {}\r\n\t};\r\n<\/script>\r\n<script type=\"text\/javascript\" src=\"\/\/www.highperformanceformat.com\/c1158f160081d6540a8409e6925dab94\/invoke.js\"><\/script><\/div> <p>\u0130nfografiklere ve hikayeye dayal\u0131 g\u00f6rsellere her zaman hayran olmu\u015fumdur. Bu t\u00fcr \u015feyler verilerle bir hikaye anlatmama yard\u0131mc\u0131 oluyor. Bir <a style=\"outline: none;\" href=\"https:\/\/exceladvisor.org\/tr\/piktogram\/\">piktogram m\u00fckemmel bir \u00f6rnektir<\/a> . Ancak bunun d\u0131\u015f\u0131nda Excel&#8217;de \u00e7o\u011fumuzun bilmedi\u011fi bir grafik var.<\/p><p> Ad\u0131: <strong>Ki\u015fi Grafi\u011fi<\/strong> <\/p><div class=\"wp-block-image\"><figure class=\"aligncenter\"><img decoding=\"async\" src=\"https:\/\/exceladvisor.org\/wp-content\/uploads\/2023\/08\/inserer-un-graphique-de-personnes-dans-excel-min-1.png\" sizes=\"\" srcset=\"\" alt=\"excel'e ki\u015fi grafi\u011fi ekleme\"><\/figure><\/div><p> \u0130nsanlar\u0131n infografik olu\u015fturmas\u0131na yard\u0131mc\u0131 olmak i\u00e7in ilk olarak Microsoft Excel 2013 ile tan\u0131t\u0131ld\u0131. Ki\u015fi grafi\u011finde s\u00fctun, \u00e7ubuk veya \u00e7izgi yerine verileri sunmak i\u00e7in simgeler bulunur. Ve g\u00fczel ve profesyonel g\u00f6r\u00fcn\u00fcyor.<\/p><p> Bug\u00fcn bu makalede Excel&#8217;e ki\u015fi grafi\u011fi eklemeye y\u00f6nelik basit ad\u0131mlar\u0131 ve onunla kullanabilece\u011fimiz se\u00e7ene\u011fi payla\u015fmak istiyorum. \u00d6yleyse ba\u015flayal\u0131m.<\/p><h2 class=\"wp-block-heading\"> Excel&#8217;de Ki\u015fi Grafi\u011fi Eklemenin 7 Ad\u0131m\u0131<\/h2><p> Excel&#8217;de ki\u015fi grafi\u011fi olu\u015fturmak basit ve kolayd\u0131r; yaln\u0131zca birka\u00e7 t\u0131klamaya ihtiyac\u0131m\u0131z var. \u0130\u015fte burada kulland\u0131\u011f\u0131m veri tablosu, takip etmek i\u00e7in buradan indirebilirsiniz. <\/p><div class=\"wp-block-image\"><figure class=\"aligncenter\"><img decoding=\"async\" src=\"https:\/\/exceladvisor.org\/wp-content\/uploads\/2023\/08\/donnees-pour-inserer-un-graphique-de-personnes-dans-excel-min-1.png\" sizes=\"\" srcset=\"\" alt=\"excel'e ki\u015fi grafi\u011fi eklemek i\u00e7in veriler\"><\/figure><\/div><ol><li> \u0130lk \u00f6nce Ekle Sekmesi -&gt; Eklentiler -&gt; k\u00fc\u00e7\u00fck ye\u015fil d\u00fc\u011fmeye t\u0131klay\u0131n. <br><img decoding=\"async\" title=\"Excel'de-daki-ki\u015fi-grafi\u011fini-eklemek i\u00e7in-sekme-eklemeye git\" src=\"https:\/\/exceladvisor.org\/wp-content\/uploads\/2023\/08\/allez-a-longlet-inserer-pour-inserer-un-graphique-de-personnes-dans-excel-min-1.png\" sizes=\"\" srcset=\"\" alt=\"go to insert tab to insert a people graph in excel\"><\/li><li> Yapay veriler i\u00e7eren bir ki\u015fi grafi\u011fi ekleyecektir. <br><img decoding=\"async\" title=\"ki\u015fi grafi\u011fini Excel-min'e ekleme\" src=\"https:\/\/exceladvisor.org\/wp-content\/uploads\/2023\/08\/inserer-un-graphique-de-personnes-dans-excel-min-1.png\" sizes=\"\" srcset=\"\" alt=\"insert a people graph in excel\"><\/li><li> \u015eimdi bir sonraki ad\u0131m\u0131n\u0131z verileri grafi\u011fe ba\u011flamakt\u0131r. <br><img decoding=\"async\" title=\"excel-daki-ki\u015fi-grafik-eklemek i\u00e7in iki simge\" src=\"https:\/\/exceladvisor.org\/wp-content\/uploads\/2023\/08\/deux-icones-pour-inserer-un-graphique-de-personnes-dans-excel-min-1.png\" sizes=\"\" srcset=\"\" alt=\"two icons to insert a people graph in excel\"><\/li><li> Veri simgesini t\u0131klay\u0131n, ard\u0131ndan verilerinizi se\u00e7in d\u00fc\u011fmesini t\u0131klay\u0131n. <br><img decoding=\"async\" title=\"Excel'de-dk-1-bir-ki\u015fi-tablosunu-eklemek i\u00e7in-verilerinizi-se\u00e7in\" src=\"https:\/\/exceladvisor.org\/wp-content\/uploads\/2023\/08\/selectionnez-vos-donnees-pour-inserer-un-graphique-de-personnes-dans-excel-min-1.png\" sizes=\"\" srcset=\"\" alt=\"select your data to insert a people graph in excel\"><\/li><li> \u015eimdi veri tablosunu se\u00e7in ve Olu\u015ftur d\u00fc\u011fmesine t\u0131klay\u0131n. <br><img decoding=\"async\" title=\"Ki\u015fi grafi\u011fini Excel-min'e eklemek i\u00e7in olu\u015ftur'a t\u0131klay\u0131n\" src=\"https:\/\/exceladvisor.org\/wp-content\/uploads\/2023\/08\/cliquez-sur-creer-pour-inserer-un-graphique-de-personnes-dans-excel-min-1.png\" sizes=\"\" srcset=\"\" alt=\"click on create to insert a people graph in excel\"><\/li><li> Son \u015fey, grafi\u011finiz i\u00e7in bir ba\u015fl\u0131kt\u0131r.<\/li><li> Veri simgesini tekrar t\u0131klay\u0131n ve varsay\u0131lan ba\u015fl\u0131\u011f\u0131 istedi\u011finiz ba\u015fl\u0131kla de\u011fi\u015ftirin. <br><img decoding=\"async\" title=\"Excel'de-daki-ki\u015fi-tablosunu-eklemek i\u00e7in-ba\u015fl\u0131\u011f\u0131 girin\" src=\"https:\/\/exceladvisor.org\/wp-content\/uploads\/2023\/08\/entrez-le-titre-pour-inserer-un-graphique-de-personnes-dans-Excel-min-1.png\" sizes=\"\" srcset=\"\" alt=\"\"><\/li><\/ol><p> Tebrikler! \u0130lk bilgi grafi\u011finiz hikayesini anlatmaya haz\u0131r. Bu gurur verici bir an. <\/p><div class=\"wp-block-image\"><figure class=\"aligncenter\"><img decoding=\"async\" src=\"https:\/\/exceladvisor.org\/wp-content\/uploads\/2023\/08\/pret-a-utiliser-le-graphique-des-personnes-dans-excel-min-1.png\" sizes=\"\" srcset=\"\" alt=\"excel'de kullan\u0131ma haz\u0131r ki\u015fi grafi\u011fi\"><\/figure><\/div><h2 class=\"wp-block-heading\"> Ki\u015fiselle\u015ftirme ve di\u011fer se\u00e7enekler<\/h2><p> S\u00f6yledi\u011fim gibi, ki\u015fi tablosu eklemek kolayd\u0131r. Ancak bundan sonra yap\u0131labilecek baz\u0131 \u00f6zelle\u015ftirme se\u00e7enekleri vard\u0131r.<\/p><h3 class=\"wp-block-heading\"> 1. Grafik T\u00fcr\u00fc<\/h3><p> Kullanabilece\u011fimiz 3 t\u00fcr \u00f6nceden tan\u0131mlanm\u0131\u015f grafik vard\u0131r. Ayar d\u00fc\u011fmesine t\u0131klay\u0131n ve istedi\u011finiz t\u00fcr\u00fc se\u00e7in. <\/p><div class=\"wp-block-image\"><figure class=\"aligncenter\"><img decoding=\"async\" src=\"https:\/\/exceladvisor.org\/wp-content\/uploads\/2023\/08\/changer-le-type-dans-le-graphique-des-personnes-dans-excel-min-1.png\" sizes=\"\" srcset=\"\" alt=\"excel'de ki\u015fi grafi\u011findeki t\u00fcr\u00fc de\u011fi\u015ftirme\"><\/figure><\/div><h3 class=\"wp-block-heading\"> 2. Tema<\/h3><p> Grafi\u011fimiz i\u00e7in farkl\u0131 temalar da kullanabiliriz. Kullanabilece\u011fimiz \u00f6nceden tan\u0131mlanm\u0131\u015f 7 tema var. Ayar d\u00fc\u011fmesine t\u0131klay\u0131n ve istedi\u011finiz t\u00fcr\u00fc se\u00e7in. <\/p><div class=\"wp-block-image\"><figure class=\"aligncenter\"><img decoding=\"async\" src=\"https:\/\/exceladvisor.org\/wp-content\/uploads\/2023\/08\/changer-le-theme-dans-le-graphique-des-personnes-dans-excel-min-1.png\" sizes=\"\" srcset=\"\" alt=\"excel'deki ki\u015fi grafi\u011findeki temay\u0131 de\u011fi\u015ftirme\"><\/figure><\/div><h3 class=\"wp-block-heading\"> 3.\u015eekil (Simge)<\/h3><p> T\u00fcm veri t\u00fcrleri i\u00e7in tek bir form kullanamay\u0131z. Bu y\u00fczden se\u00e7ebilece\u011fimiz 12 farkl\u0131 \u015fekil var. Ayar d\u00fc\u011fmesine t\u0131klay\u0131n ve istedi\u011finiz \u015fekli se\u00e7in. <\/p><div class=\"wp-block-image\"><figure class=\"aligncenter\"><img decoding=\"async\" src=\"https:\/\/exceladvisor.org\/wp-content\/uploads\/2023\/08\/changer-les-icones-dans-le-graphique-des-personnes-dans-excel-min-1.png\" sizes=\"\" srcset=\"\" alt=\"excel'deki ki\u015fi grafi\u011findeki simgeleri de\u011fi\u015ftirme\"><\/figure><\/div><h3 class=\"wp-block-heading\"> 4. Resim olarak kaydet<\/h3><p> Resim olarak kaydetme se\u00e7ene\u011fi var. Bununla PowerPoint&#8217;te daha fazla kullanabilir, e-postayla g\u00f6nderebilir, web&#8217;e y\u00fckleyebilir vb.<\/p><h3 class=\"wp-block-heading\"> 5.Devam\u0131<\/h3><ul><li> Kaynak verilerdeki bir de\u011feri g\u00fcncelledi\u011finizde, g\u00fcncellemek i\u00e7in grafi\u011fe bir kez t\u0131klad\u0131\u011f\u0131n\u0131zdan emin olun.<\/li><li> Ayr\u0131ca kopyalay\u0131p yap\u0131\u015ft\u0131rarak e-tabloya resim olarak da yap\u0131\u015ft\u0131rabilirsiniz.<\/li><\/ul><h2 class=\"wp-block-heading\"> \u00c7\u00f6z\u00fcm<\/h2><p> \u0130nfografikler, verileri canl\u0131 bir \u015fekilde sunmak i\u00e7in m\u00fckemmeldir. Ve bence Excel&#8217;de bir ki\u015fi grafi\u011fi olu\u015fturman\u0131n ger\u00e7ekten e\u011flenceli oldu\u011funu d\u00fc\u015f\u00fcn\u00fcyorum.<\/p><p> Ayr\u0131ca, etkileyici g\u00f6r\u00fcnmelerini sa\u011flamak ve verilerin ba\u015fkalar\u0131 taraf\u0131ndan anla\u015f\u0131lmas\u0131n\u0131 sa\u011flaman\u0131n etkili bir yolunu bulmak i\u00e7in kontrol panellerinizde ve \u015fablonlar\u0131n\u0131zda da kullanabilirsiniz. Eminim bu tabloyu faydal\u0131 bulmu\u015fsunuzdur ve \u00e7al\u0131\u015fmalar\u0131n\u0131zda size yard\u0131mc\u0131 olacakt\u0131r.<\/p><p> \u015eimdi bana bir \u015fey s\u00f6yle.<\/p><p> <span style=\"color: #ea493f;\">Bunu daha \u00f6nce hi\u00e7 denedin mi?<\/span> Peki bunu kontrol panellerimizde kullanabilece\u011fimizi d\u00fc\u015f\u00fcn\u00fcyor musunuz?<\/p><p> L\u00fctfen d\u00fc\u015f\u00fcncelerinizi yorum b\u00f6l\u00fcm\u00fcnde payla\u015f\u0131n, sizden haber almay\u0131 \u00e7ok isterim. Ve bu ipucunu arkada\u015flar\u0131n\u0131zla payla\u015fmay\u0131 unutmay\u0131n.<\/p><h2 class=\"wp-block-heading\"> Daha Fazla Grafik \u0130pu\u00e7lar\u0131 ve \u00d6\u011freticiler<\/h2><ul><li> <a style=\"outline: none;\" href=\"https:\/\/exceladvisor.org\/tr\/yatay-bir-cizgi-ekle\/\">Excel&#8217;deki bir grafi\u011fe yatay \u00e7izgi nas\u0131l eklenir<\/a><\/li><li> <a style=\"outline: none;\" href=\"https:\/\/exceladvisor.org\/tr\/dikey-bir-cizgi-ekle\/\">Excel&#8217;deki bir grafi\u011fe dikey \u00e7izgi nas\u0131l eklenir<\/a><\/li><li> <a style=\"outline: none;\" href=\"https:\/\/exceladvisor.org\/tr\/kursun-tahtasi\/\">Excel&#8217;de Madde \u0130\u015fareti Grafi\u011fi Nas\u0131l Olu\u015fturulur<\/a><\/li><li> <a style=\"outline: none;\" href=\"https:\/\/exceladvisor.org\/tr\/dinamik-grafik-araligi\/\">Excel&#8217;de Dinamik Grafik Aral\u0131\u011f\u0131 Nas\u0131l Olu\u015fturulur<\/a><\/li><li> <a style=\"outline: none;\" href=\"https:\/\/exceladvisor.org\/tr\/dinamik-grafik-basligi\/\">Excel&#8217;de Dinamik Grafik Ba\u015fl\u0131\u011f\u0131 Nas\u0131l Olu\u015fturulur<\/a><\/li><\/ul>","protected":false},"excerpt":{"rendered":"","protected":false},"author":1,"featured_media":0,"parent":0,"menu_order":0,"comment_status":"open","ping_status":"closed","template":"","meta":{"ub_ctt_via":"","footnotes":""},"class_list":["post-1929","page","type-page","status-publish","hentry"],"featured_image_src":null,"yoast_head":"<!-- This site is optimized with the Yoast SEO plugin v25.4 - https:\/\/yoast.com\/wordpress\/plugins\/seo\/ -->\n<title>Excel&#039;e ki\u015fi grafi\u011fi nas\u0131l eklenir?<\/title>\n<meta name=\"description\" content=\"Excel&#039;de ki\u015fi grafi\u011fini nas\u0131l ekleyece\u011finizi \u00f6\u011frenin. Burada ad\u0131m ad\u0131m bir k\u0131lavuz verilmi\u015ftir.\" \/>\n<meta name=\"robots\" content=\"index, follow, max-snippet:-1, max-image-preview:large, max-video-preview:-1\" \/>\n<link rel=\"canonical\" href=\"https:\/\/exceladvisor.org\/tr\/kisi-tablosu\/\" \/>\n<meta property=\"og:locale\" content=\"tr_TR\" \/>\n<meta property=\"og:type\" content=\"article\" \/>\n<meta property=\"og:title\" content=\"Excel&#039;e ki\u015fi grafi\u011fi nas\u0131l eklenir?\" \/>\n<meta property=\"og:description\" content=\"Excel&#039;de ki\u015fi grafi\u011fini nas\u0131l ekleyece\u011finizi \u00f6\u011frenin. Burada ad\u0131m ad\u0131m bir k\u0131lavuz verilmi\u015ftir.\" \/>\n<meta property=\"og:url\" content=\"https:\/\/exceladvisor.org\/tr\/kisi-tablosu\/\" \/>\n<meta property=\"og:site_name\" content=\"Excel Advisor\" \/>\n<meta property=\"article:modified_time\" content=\"2023-12-10T06:03:46+00:00\" \/>\n<meta property=\"og:image\" content=\"https:\/\/exceladvisor.org\/wp-content\/uploads\/2023\/08\/inserer-un-graphique-de-personnes-dans-excel-min-1.png\" \/>\n<meta name=\"twitter:card\" content=\"summary_large_image\" \/>\n<meta name=\"twitter:label1\" content=\"Tahmini okuma s\u00fcresi\" \/>\n\t<meta name=\"twitter:data1\" content=\"3 dakika\" \/>\n<script type=\"application\/ld+json\" class=\"yoast-schema-graph\">{\"@context\":\"https:\/\/schema.org\",\"@graph\":[{\"@type\":\"WebPage\",\"@id\":\"https:\/\/exceladvisor.org\/tr\/kisi-tablosu\/\",\"url\":\"https:\/\/exceladvisor.org\/tr\/kisi-tablosu\/\",\"name\":\"Excel&#39;e ki\u015fi grafi\u011fi nas\u0131l eklenir?\",\"isPartOf\":{\"@id\":\"https:\/\/exceladvisor.org\/tr\/#website\"},\"primaryImageOfPage\":{\"@id\":\"https:\/\/exceladvisor.org\/tr\/kisi-tablosu\/#primaryimage\"},\"image\":{\"@id\":\"https:\/\/exceladvisor.org\/tr\/kisi-tablosu\/#primaryimage\"},\"thumbnailUrl\":\"https:\/\/exceladvisor.org\/wp-content\/uploads\/2023\/08\/inserer-un-graphique-de-personnes-dans-excel-min-1.png\",\"datePublished\":\"2023-10-27T19:06:55+00:00\",\"dateModified\":\"2023-12-10T06:03:46+00:00\",\"description\":\"Excel&#39;de ki\u015fi grafi\u011fini nas\u0131l ekleyece\u011finizi \u00f6\u011frenin. Burada ad\u0131m ad\u0131m bir k\u0131lavuz verilmi\u015ftir.\",\"breadcrumb\":{\"@id\":\"https:\/\/exceladvisor.org\/tr\/kisi-tablosu\/#breadcrumb\"},\"inLanguage\":\"tr\",\"potentialAction\":[{\"@type\":\"ReadAction\",\"target\":[\"https:\/\/exceladvisor.org\/tr\/kisi-tablosu\/\"]}]},{\"@type\":\"ImageObject\",\"inLanguage\":\"tr\",\"@id\":\"https:\/\/exceladvisor.org\/tr\/kisi-tablosu\/#primaryimage\",\"url\":\"https:\/\/exceladvisor.org\/wp-content\/uploads\/2023\/08\/inserer-un-graphique-de-personnes-dans-excel-min-1.png\",\"contentUrl\":\"https:\/\/exceladvisor.org\/wp-content\/uploads\/2023\/08\/inserer-un-graphique-de-personnes-dans-excel-min-1.png\"},{\"@type\":\"BreadcrumbList\",\"@id\":\"https:\/\/exceladvisor.org\/tr\/kisi-tablosu\/#breadcrumb\",\"itemListElement\":[{\"@type\":\"ListItem\",\"position\":1,\"name\":\"Ev\",\"item\":\"https:\/\/exceladvisor.org\/tr\/\"},{\"@type\":\"ListItem\",\"position\":2,\"name\":\"Excel&#39;e ki\u015fi grafi\u011fi nas\u0131l eklenir?\"}]},{\"@type\":\"WebSite\",\"@id\":\"https:\/\/exceladvisor.org\/tr\/#website\",\"url\":\"https:\/\/exceladvisor.org\/tr\/\",\"name\":\"Excel Advisor\",\"description\":\"Veri hakimiyetine y\u00f6nelik nihai rehberiniz!\",\"publisher\":{\"@id\":\"https:\/\/exceladvisor.org\/tr\/#organization\"},\"potentialAction\":[{\"@type\":\"SearchAction\",\"target\":{\"@type\":\"EntryPoint\",\"urlTemplate\":\"https:\/\/exceladvisor.org\/tr\/?s={search_term_string}\"},\"query-input\":{\"@type\":\"PropertyValueSpecification\",\"valueRequired\":true,\"valueName\":\"search_term_string\"}}],\"inLanguage\":\"tr\"},{\"@type\":\"Organization\",\"@id\":\"https:\/\/exceladvisor.org\/tr\/#organization\",\"name\":\"Excel Advisor\",\"url\":\"https:\/\/exceladvisor.org\/tr\/\",\"logo\":{\"@type\":\"ImageObject\",\"inLanguage\":\"tr\",\"@id\":\"https:\/\/exceladvisor.org\/tr\/#\/schema\/logo\/image\/\",\"url\":\"https:\/\/exceladvisor.org\/tr\/wp-content\/uploads\/2023\/12\/exceladvisor.org_.png\",\"contentUrl\":\"https:\/\/exceladvisor.org\/tr\/wp-content\/uploads\/2023\/12\/exceladvisor.org_.png\",\"width\":105,\"height\":36,\"caption\":\"Excel Advisor\"},\"image\":{\"@id\":\"https:\/\/exceladvisor.org\/tr\/#\/schema\/logo\/image\/\"}}]}<\/script>\n<!-- \/ Yoast SEO plugin. -->","yoast_head_json":{"title":"Excel&#39;e ki\u015fi grafi\u011fi nas\u0131l eklenir?","description":"Excel&#39;de ki\u015fi grafi\u011fini nas\u0131l ekleyece\u011finizi \u00f6\u011frenin. Burada ad\u0131m ad\u0131m bir k\u0131lavuz verilmi\u015ftir.","robots":{"index":"index","follow":"follow","max-snippet":"max-snippet:-1","max-image-preview":"max-image-preview:large","max-video-preview":"max-video-preview:-1"},"canonical":"https:\/\/exceladvisor.org\/tr\/kisi-tablosu\/","og_locale":"tr_TR","og_type":"article","og_title":"Excel&#39;e ki\u015fi grafi\u011fi nas\u0131l eklenir?","og_description":"Excel&#39;de ki\u015fi grafi\u011fini nas\u0131l ekleyece\u011finizi \u00f6\u011frenin. Burada ad\u0131m ad\u0131m bir k\u0131lavuz verilmi\u015ftir.","og_url":"https:\/\/exceladvisor.org\/tr\/kisi-tablosu\/","og_site_name":"Excel Advisor","article_modified_time":"2023-12-10T06:03:46+00:00","og_image":[{"url":"https:\/\/exceladvisor.org\/wp-content\/uploads\/2023\/08\/inserer-un-graphique-de-personnes-dans-excel-min-1.png","type":"","width":"","height":""}],"twitter_card":"summary_large_image","twitter_misc":{"Tahmini okuma s\u00fcresi":"3 dakika"},"schema":{"@context":"https:\/\/schema.org","@graph":[{"@type":"WebPage","@id":"https:\/\/exceladvisor.org\/tr\/kisi-tablosu\/","url":"https:\/\/exceladvisor.org\/tr\/kisi-tablosu\/","name":"Excel&#39;e ki\u015fi grafi\u011fi nas\u0131l eklenir?","isPartOf":{"@id":"https:\/\/exceladvisor.org\/tr\/#website"},"primaryImageOfPage":{"@id":"https:\/\/exceladvisor.org\/tr\/kisi-tablosu\/#primaryimage"},"image":{"@id":"https:\/\/exceladvisor.org\/tr\/kisi-tablosu\/#primaryimage"},"thumbnailUrl":"https:\/\/exceladvisor.org\/wp-content\/uploads\/2023\/08\/inserer-un-graphique-de-personnes-dans-excel-min-1.png","datePublished":"2023-10-27T19:06:55+00:00","dateModified":"2023-12-10T06:03:46+00:00","description":"Excel&#39;de ki\u015fi grafi\u011fini nas\u0131l ekleyece\u011finizi \u00f6\u011frenin. Burada ad\u0131m ad\u0131m bir k\u0131lavuz verilmi\u015ftir.","breadcrumb":{"@id":"https:\/\/exceladvisor.org\/tr\/kisi-tablosu\/#breadcrumb"},"inLanguage":"tr","potentialAction":[{"@type":"ReadAction","target":["https:\/\/exceladvisor.org\/tr\/kisi-tablosu\/"]}]},{"@type":"ImageObject","inLanguage":"tr","@id":"https:\/\/exceladvisor.org\/tr\/kisi-tablosu\/#primaryimage","url":"https:\/\/exceladvisor.org\/wp-content\/uploads\/2023\/08\/inserer-un-graphique-de-personnes-dans-excel-min-1.png","contentUrl":"https:\/\/exceladvisor.org\/wp-content\/uploads\/2023\/08\/inserer-un-graphique-de-personnes-dans-excel-min-1.png"},{"@type":"BreadcrumbList","@id":"https:\/\/exceladvisor.org\/tr\/kisi-tablosu\/#breadcrumb","itemListElement":[{"@type":"ListItem","position":1,"name":"Ev","item":"https:\/\/exceladvisor.org\/tr\/"},{"@type":"ListItem","position":2,"name":"Excel&#39;e ki\u015fi grafi\u011fi nas\u0131l eklenir?"}]},{"@type":"WebSite","@id":"https:\/\/exceladvisor.org\/tr\/#website","url":"https:\/\/exceladvisor.org\/tr\/","name":"Excel Advisor","description":"Veri hakimiyetine y\u00f6nelik nihai rehberiniz!","publisher":{"@id":"https:\/\/exceladvisor.org\/tr\/#organization"},"potentialAction":[{"@type":"SearchAction","target":{"@type":"EntryPoint","urlTemplate":"https:\/\/exceladvisor.org\/tr\/?s={search_term_string}"},"query-input":{"@type":"PropertyValueSpecification","valueRequired":true,"valueName":"search_term_string"}}],"inLanguage":"tr"},{"@type":"Organization","@id":"https:\/\/exceladvisor.org\/tr\/#organization","name":"Excel Advisor","url":"https:\/\/exceladvisor.org\/tr\/","logo":{"@type":"ImageObject","inLanguage":"tr","@id":"https:\/\/exceladvisor.org\/tr\/#\/schema\/logo\/image\/","url":"https:\/\/exceladvisor.org\/tr\/wp-content\/uploads\/2023\/12\/exceladvisor.org_.png","contentUrl":"https:\/\/exceladvisor.org\/tr\/wp-content\/uploads\/2023\/12\/exceladvisor.org_.png","width":105,"height":36,"caption":"Excel Advisor"},"image":{"@id":"https:\/\/exceladvisor.org\/tr\/#\/schema\/logo\/image\/"}}]}},"yoast_meta":{"yoast_wpseo_title":"","yoast_wpseo_metadesc":"","yoast_wpseo_canonical":""},"_links":{"self":[{"href":"https:\/\/exceladvisor.org\/tr\/wp-json\/wp\/v2\/pages\/1929","targetHints":{"allow":["GET"]}}],"collection":[{"href":"https:\/\/exceladvisor.org\/tr\/wp-json\/wp\/v2\/pages"}],"about":[{"href":"https:\/\/exceladvisor.org\/tr\/wp-json\/wp\/v2\/types\/page"}],"author":[{"embeddable":true,"href":"https:\/\/exceladvisor.org\/tr\/wp-json\/wp\/v2\/users\/1"}],"replies":[{"embeddable":true,"href":"https:\/\/exceladvisor.org\/tr\/wp-json\/wp\/v2\/comments?post=1929"}],"version-history":[{"count":1,"href":"https:\/\/exceladvisor.org\/tr\/wp-json\/wp\/v2\/pages\/1929\/revisions"}],"predecessor-version":[{"id":2673,"href":"https:\/\/exceladvisor.org\/tr\/wp-json\/wp\/v2\/pages\/1929\/revisions\/2673"}],"wp:attachment":[{"href":"https:\/\/exceladvisor.org\/tr\/wp-json\/wp\/v2\/media?parent=1929"}],"curies":[{"name":"wp","href":"https:\/\/api.w.org\/{rel}","templated":true}]}}