{"id":1931,"date":"2023-10-27T16:38:30","date_gmt":"2023-10-27T16:38:30","guid":{"rendered":"https:\/\/exceladvisor.org\/tr\/piktogram\/"},"modified":"2023-12-10T06:00:38","modified_gmt":"2023-12-10T06:00:38","slug":"piktogram","status":"publish","type":"page","link":"https:\/\/exceladvisor.org\/tr\/piktogram\/","title":{"rendered":"Excel&#39;de bir piktogram nas\u0131l olu\u015fturulur?"},"content":{"rendered":"<div class=\"excel-icerikten-once\" id=\"excel-3780497333\"><script type=\"text\/javascript\">\r\n\tatOptions = {\r\n\t\t'key' : 'c1158f160081d6540a8409e6925dab94',\r\n\t\t'format' : 'iframe',\r\n\t\t'height' : 250,\r\n\t\t'width' : 300,\r\n\t\t'params' : {}\r\n\t};\r\n<\/script>\r\n<script type=\"text\/javascript\" src=\"\/\/www.highperformanceformat.com\/c1158f160081d6540a8409e6925dab94\/invoke.js\"><\/script><\/div> <p>Verileri anla\u015f\u0131l\u0131r ve etkili bir \u015fekilde nas\u0131l sunaca\u011f\u0131n\u0131z\u0131 biliyorsan\u0131z mesaj\u0131n\u0131z\u0131 g\u00fc\u00e7l\u00fc bir \u015fekilde iletebilirsiniz. Bu ama\u00e7la en sevdi\u011fim \u015feylerden biri P\u0130KTOGRAF\u00c7I&#8217;d\u0131r. Ve Excel&#8217;de piktogram olu\u015fturmak olduk\u00e7a basit ve kolayd\u0131r. <\/p><div class=\"wp-block-image\"><figure class=\"aligncenter\"><img decoding=\"async\" src=\"https:\/\/exceladvisor.org\/wp-content\/uploads\/2023\/08\/comment-faire-un-pictogramme-dans-excel-en-utilisant-un-graphique-a-barres-1.png\" sizes=\"\" srcset=\"\" alt=\"\u00e7ubuk grafi\u011fi kullanarak excel'de piktogram nas\u0131l yap\u0131l\u0131r\"><\/figure><\/div><p> Bug\u00fcn bu makalede sizinle Excel&#8217;de bir piktogram olu\u015fturmak i\u00e7in basit bir ad\u0131m ad\u0131m s\u00fcreci payla\u015fmak istiyorum. Burada benim fikrim bir \u015firketteki farkl\u0131 ya\u015f gruplar\u0131ndaki \u00e7al\u0131\u015fan say\u0131s\u0131n\u0131 sunmakt\u0131r.<\/p><p> \u015eimdi daha fazla uzatmadan ba\u015flayal\u0131m.<\/p><h2 class=\"wp-block-heading\"> Excel&#8217;de Piktogram Olu\u015fturman\u0131n Basit Ad\u0131mlar\u0131<\/h2><p> Bu grafik i\u00e7in a\u015fa\u011f\u0131daki verileri kullanmam\u0131z gerekiyor, <a style=\"outline: none;\" href=\"https:\/\/exceladvisor.org\/wp-content\/uploads\/2023\/08\/pictogramme-de-fichiers.zip\" rel=\"nofollow\"><span style=\"color: #0000ee;\">buradan indirebilirsiniz<\/span><\/a> <span style=\"color: #0000ee;\">&nbsp;<\/span> devam edecek. Dedi\u011fim gibi bu bir \u015firketteki ya\u015fa g\u00f6re toplam \u00e7al\u0131\u015fan say\u0131s\u0131d\u0131r ve bu tabloyu kullanarak bu gruplar\u0131 sunmam\u0131za gerek yok. <\/p><div class=\"wp-block-image\"><figure class=\"aligncenter\"><img decoding=\"async\" src=\"https:\/\/exceladvisor.org\/wp-content\/uploads\/2023\/08\/donnees-pour-creer-un-pictogramme-simple-dans-excel.png\" sizes=\"\" srcset=\"\" alt=\"excel'de basit bir piktogram olu\u015fturmak i\u00e7in veriler\"><\/figure><\/div><p> Ancak ba\u015flamadan \u00f6nce bu panoda kullanaca\u011f\u0131m\u0131z bir simgeye ihtiyac\u0131m\u0131z var ve <a href=\"https:\/\/www.iconfinder.com\/icons\/2530821\/business_man_employee_general_human_member_office_tie_icon#size=256\" target=\"_blank\" rel=\"noreferrer noopener nofollow\">onu \u00fccretsiz bir simge sitesinden indirebilirsiniz<\/a> .<\/p><ul><li> \u00d6ncelikle \u00e7ubuk grafik olu\u015fturmak i\u00e7in verilerinizi se\u00e7meniz yeterlidir. Bunu yapmak i\u00e7in Ekle \u279c Grafikler \u279c 2-B K\u00fcmelenmi\u015f \u00c7ubuk Grafik&#8217;e gidin. <br><img decoding=\"async\" title=\"Excel'de bir piktogram olu\u015fturmak i\u00e7in grupland\u0131r\u0131lm\u0131\u015f bir \u00e7ubuk grafik ekleme\" src=\"https:\/\/exceladvisor.org\/wp-content\/uploads\/2023\/08\/inserer-un-graphique-a-barres-groupees-pour-creer-un-pictogramme-dans-Excel.png\" sizes=\"\" srcset=\"\" alt=\"insert a clustered bar chart to create a pictograph in excel\"><\/li><li> Bundan sonra grafikteki veri \u00e7ubuklar\u0131n\u0131 se\u00e7in ve Sa\u011f T\u0131k \u279c Veri Serisini Formatla se\u00e7ene\u011fine gidin. <br><img decoding=\"async\" title=\"excel'de-piktografi-olu\u015fturma-veri serisine-se\u00e7enek\" src=\"https:\/\/exceladvisor.org\/wp-content\/uploads\/2023\/08\/aller-a-loption-de-serie-de-donnees-pour-creer-un-pictogramme-dans-Excel.png\" sizes=\"\" srcset=\"\" alt=\"go to data series option to create a pictograph in excel\"><\/li><li> Oradan \u201cDolgu\u201d b\u00f6l\u00fcm\u00fcne gidin ve \u201cResim veya doku dolgusu\u201d se\u00e7ene\u011fini se\u00e7in; bunu yapt\u0131\u011f\u0131n\u0131zda, resim ekleme se\u00e7ene\u011fini g\u00f6receksiniz. <br><img decoding=\"async\" title=\"Excel'de bir resim yaz\u0131s\u0131na-resim eklemek i\u00e7in-doldurma b\u00f6l\u00fcm\u00fcne gidin\" src=\"https:\/\/exceladvisor.org\/wp-content\/uploads\/2023\/08\/aller-remplir-la-section-pour-ajouter-une-image-a-un-pictogramme-dans-Excel.png\" sizes=\"\" srcset=\"\" alt=\"go fill section to add picture to a pictograph in excel\"><\/li><li> \u015eimdi g\u00f6rseli ekleme zaman\u0131 geldi ve bunun i\u00e7in \u00fc\u00e7 se\u00e7ene\u011fimiz var. \u201cDosya\u201d se\u00e7ene\u011fine t\u0131klay\u0131n ve <a href=\"https:\/\/www.iconfinder.com\/icons\/2530821\/business_man_employee_general_human_member_office_tie_icon#size=256\" target=\"_blank\" rel=\"noopener noreferrer\">indirdi\u011finiz g\u00f6rseli<\/a> y\u00fckleyin.<\/li><li> Resmi ekledikten sonra, o resmi grafikte g\u00f6r\u00fcnt\u00fclemek i\u00e7in \u00fc\u00e7 se\u00e7ene\u011finiz daha vard\u0131r. [ <strong>\u00dc\u00e7\u00fcnc\u00fc se\u00e7ene\u011fi se\u00e7in<\/strong> ]<\/li><\/ul><ol><li> Stretch \u2013 Tek bir g\u00f6r\u00fcnt\u00fc veri \u00e7ubu\u011funa uzanacakt\u0131r.<\/li><li> Y\u0131\u011f\u0131n \u2013 Veri \u00e7ubu\u011funda y\u0131\u011f\u0131lm\u0131\u015f g\u00f6r\u00fcnt\u00fcler elde edersiniz.<\/li><li> Y\u0131\u011f\u0131nla ve \u00f6l\u00e7eklendir \u2013 G\u00f6r\u00fcnt\u00fcler verilere g\u00f6re g\u00f6r\u00fcnt\u00fclenecektir.<\/li><\/ol><p> <strong><span style=\"color: #000000; background-color: #ffff00;\">Boom!<\/span><\/strong> masam\u0131z sallanmaya haz\u0131r. <\/p><div class=\"wp-block-image\"><figure class=\"aligncenter\"><img decoding=\"async\" src=\"https:\/\/exceladvisor.org\/wp-content\/uploads\/2023\/08\/pictogramme-simple-pret-a-lemploi-dans-excel.png\" sizes=\"\" srcset=\"\" alt=\"excel'de kullan\u0131ma haz\u0131r basit piktogram\"><\/figure><\/div><p class=\"qt-tip\"> <strong>Not:<\/strong> Grafik i\u00e7in birim\/\u00e7er\u00e7eve belirtme se\u00e7ene\u011fi mevcuttur. Grafi\u011finizde \u00e7ubuk ba\u015f\u0131na de\u011ferler b\u00fcy\u00fckse (20&#8217;den fazla) kullanabilirsiniz. Mesele \u015fu ki, resim simgeleri daha fazla say\u0131yla k\u00fc\u00e7\u00fclecek ve bu se\u00e7enek bu durumda yard\u0131mc\u0131 olacakt\u0131r. <\/p><div class=\"wp-block-image\"><figure class=\"aligncenter\"><img decoding=\"async\" src=\"https:\/\/exceladvisor.org\/wp-content\/uploads\/2023\/08\/utiliser-lunite-par-image-pour-diffuser-limage-de-la-ligne-dans-le-pictogramme-Excel-1.png\" sizes=\"\" srcset=\"\" alt=\"Excel piktogram\u0131ndaki \u00e7izgi g\u00f6r\u00fcnt\u00fcs\u00fcn\u00fc yaymak i\u00e7in g\u00f6r\u00fcnt\u00fc ba\u015f\u0131na birimi kullan\u0131n\"><\/figure><\/div><p> A\u015fa\u011f\u0131daki tabloda kulland\u0131\u011f\u0131m gibi farkl\u0131 \u00e7ubuklar i\u00e7in farkl\u0131 bir g\u00f6rsel de kullanabilirsiniz. <\/p><div class=\"wp-block-image\"><figure class=\"aligncenter\"><img decoding=\"async\" src=\"https:\/\/exceladvisor.org\/wp-content\/uploads\/2023\/08\/utiliser-differentes-images-en-pictogramme-dans-excel-1.png\" sizes=\"\" srcset=\"\" alt=\"excel'de farkl\u0131 g\u00f6rselleri piktogram olarak kullanma\"><\/figure><\/div><p> Her veri \u00e7ubu\u011funu ayr\u0131 ayr\u0131 se\u00e7in ve t\u00fcm \u00e7ubuklar i\u00e7in tek tek resim ekleyin.<\/p><h2 id=\"tab-con-1\" class=\"wp-block-heading\"> Excel&#8217;de dinamik piktogram<\/h2><p> Her zaman <a href=\"https:\/\/exceladvisor.org\/tr\/etkilesimli-grafikler\/\">etkile\u015fimli grafikler olu\u015fturmay\u0131<\/a> severim ve bu sefer bu P\u0130KTOGRAF\u00c7I&#8217;y\u0131 verileri dinamik olarak kullanabilece\u011fimiz bir grafi\u011fe d\u00f6n\u00fc\u015ft\u00fcrmek istiyorum. T\u0131pk\u0131 a\u015fa\u011f\u0131daki gibi. <\/p><div class=\"wp-block-image\"><figure class=\"aligncenter\"><img decoding=\"async\" src=\"https:\/\/exceladvisor.org\/wp-content\/uploads\/2023\/08\/notre-pictogramme-dynamique-pret-a-lemploi-dans-excel-1.gif\" sizes=\"\" srcset=\"\" alt=\"excel'de kullan\u0131ma haz\u0131r dinamik piktogram\u0131m\u0131z\"><\/figure><\/div><p> Ayn\u0131 \u015firketin \u00e7al\u0131\u015fanlar\u0131n\u0131n verilerine sahip oldu\u011fumuz ancak departman baz\u0131nda olan a\u015fa\u011f\u0131daki verilere bak\u0131n ve burada se\u00e7enek butonu ile kullanabilece\u011fimiz dinamik bir grafik olu\u015fturmam\u0131z gerekiyor. <\/p><div class=\"wp-block-image\"><figure class=\"aligncenter\"><img decoding=\"async\" src=\"https:\/\/exceladvisor.org\/wp-content\/uploads\/2023\/08\/donnees-pour-creer-un-pictogramme-dynamique-dans-excel-1.png\" sizes=\"\" srcset=\"\" alt=\"Excel'de dinamik bir piktogram olu\u015fturmak i\u00e7in veriler\"><\/figure><\/div><p> <a href=\"https:\/\/exceladvisor.org\/wp-content\/uploads\/2023\/08\/pictogramme-de-fichiers.zip\" rel=\"nofollow\"><span style=\"color: #0000ee;\">Bu dosyay\u0131 buradan indirebilirsiniz<\/span><\/a> <span style=\"color: #0000ee;\">&nbsp;<\/span> dinamik bir piktogram olu\u015fturmak i\u00e7in a\u015fa\u011f\u0131daki ad\u0131mlar\u0131 takip edin ve kullan\u0131n.<\/p><ul><li> <strong>\u00d6ncelikle<\/strong> a\u015fa\u011f\u0131da yapt\u0131\u011f\u0131m gibi iki s\u00fctunlu farkl\u0131 bir tablo olu\u015fturun. <br><img decoding=\"async\" title=\"excel'de-dinamik-piktogram-olu\u015fturmak i\u00e7in-yeni-k\u00fc\u00e7\u00fck-tablo olu\u015ftur\" src=\"https:\/\/exceladvisor.org\/wp-content\/uploads\/2023\/08\/creer-un-nouveau-petit-tableau-pour-creer-un-pictogramme-dynamique-dans-excel-1.png\" sizes=\"\" srcset=\"\" alt=\"create a new small table to create a dynamic pictograph in excel\"><\/li><li> \u015eimdi e-tablonuza d\u00f6rt se\u00e7enek d\u00fc\u011fmesi ekleyin. Bunu yapmak i\u00e7in <a href=\"https:\/\/exceladvisor.org\/tr\/gelistirici-sekmesi-ekle\/\">Geli\u015ftirici sekmesine<\/a> gidin \u279c Kontroller \u279c Ekle \u279c Se\u00e7enek d\u00fc\u011fmesi.<\/li><li> Bundan sonra bu se\u00e7enek d\u00fc\u011fmelerini bir h\u00fccreye ba\u011flay\u0131n. Benim durumumda onlar\u0131 A8 h\u00fccresine ba\u011fl\u0131yorum. <br><img decoding=\"async\" title=\"h\u00fccreli-kontrol-dinamik-resim grafi\u011fine-se\u00e7enek-d\u00fc\u011fmelerini ba\u011flama\" src=\"https:\/\/exceladvisor.org\/wp-content\/uploads\/2023\/08\/connectez-les-boutons-doption-avec-une-cellule-pour-controler-le-pictogramme-dynamique-1.png\" sizes=\"\" srcset=\"\" alt=\"connect option buttons with a cell to control dynamic pictograph\"><\/li><li> Verileri (departmana g\u00f6re) radyo butonlar\u0131 ile kontrol etmemiz gerekti\u011finden, t\u00fcm butonlar\u0131 departman ad\u0131na g\u00f6re adland\u0131rd\u0131\u011f\u0131n\u0131zdan emin olun.<\/li><li> Buradan, ilk h\u00fccreye (ba\u015fl\u0131\u011fa) a\u015fa\u011f\u0131daki form\u00fcl\u00fc yeni tablonun ikinci s\u00fctununun son h\u00fccresine ekleyin.<\/li><\/ul><p style=\"padding-left: 40px;\"> = <a href=\"https:\/\/exceladvisor.org\/tr\/excel-arama-fonksiyonlari\/\" target=\"_blank\" rel=\"noopener noreferrer\">D\u00dc\u015eEYARA<\/a> (A9,A1:E6,$A$8+1,0) <\/p><p style=\"padding-left: 80px;\"><br><img decoding=\"async\" style=\"display: block; margin-left: auto; margin-right: auto;\" title=\"piktogram i\u00e7in-dinamik-tablo-olu\u015fturmak i\u00e7in form\u00fcl ekle\" src=\"https:\/\/exceladvisor.org\/wp-content\/uploads\/2023\/08\/inserer-une-formule-pour-creer-un-tableau-dynamique-pour-le-pictogramme-1.png\" sizes=\"\" srcset=\"\" alt=\"insert formula to create a dynamic table for pictograph\"><\/p><ul><li> Bu noktada se\u00e7enek butonlar\u0131n\u0131 kullanarak veri alabilece\u011fimiz dinamik bir tablomuz var. <br><img decoding=\"async\" title=\"\u015fimdi-dinamik-tablo-excel.gif'te-piktogram-olu\u015fturmaya-haz\u0131r\" src=\"https:\/\/exceladvisor.org\/wp-content\/uploads\/2023\/08\/le-tableau-dynamique-est-maintenant-pret-a-creer-un-pictogramme-dans-Excel-1.gif\" sizes=\"\" srcset=\"\" alt=\"now dynamic table is ready to create a pictograph in excel\"><\/li><li> Sonunda bu tabloyu se\u00e7in ve bir \u00e7ubuk grafik ekleyin ve \u00f6\u011frendi\u011finiz ad\u0131mlar\u0131 takip ederek onu piktograma d\u00f6n\u00fc\u015ft\u00fcr\u00fcn.<\/li><\/ul><p> <span style=\"color: #000000; background-color: #ffff00;\"><strong>Acele!<\/strong><\/span> dinamik piktogram\u0131m\u0131z burada. <\/p><div class=\"wp-block-image\"><figure class=\"aligncenter\"><img decoding=\"async\" src=\"https:\/\/exceladvisor.org\/wp-content\/uploads\/2023\/08\/notre-pictogramme-dynamique-pret-a-lemploi-dans-excel-1.gif\" sizes=\"\" srcset=\"\" alt=\"excel'de kullan\u0131ma haz\u0131r dinamik piktogram\u0131m\u0131z\"><\/figure><\/div><p> <a href=\"https:\/\/exceladvisor.org\/wp-content\/uploads\/2023\/08\/pictogramme-de-fichiers.zip\" rel=\"nofollow\"><span style=\"color: #0000ee;\"><strong>\u00f6rnek dosya<\/strong><\/span><\/a><\/p><div class=\"gb-container gb-container-a61970aa gb-container-mt\"> <a class=\"gb-button gb-button-b4293c6c gb-button-text gb-button-mt-button\" href=\"https:\/\/exceladvisor.org\/tr\/excel-cizelgeleri\/\">Excel Grafik T\u00fcrleri<\/a><h2 class=\"gb-headline gb-headline-5bf2e581 gb-headline-text gb-headline-mt-heading\"> \u0130lgili e\u011fitimler <\/h2><div class=\"gb-grid-wrapper gb-grid-wrapper-9b70abf1 gb-grid-wrapper-mt-grid\"><div class=\"gb-grid-column gb-grid-column-97a95c29\"><div class=\"gb-container gb-container-97a95c29\"><ul><li> <a href=\"https:\/\/exceladvisor.org\/tr\/gozleme-grafigi\/\">KABARTMALI LEVHA<\/a><\/li><li> <a href=\"https:\/\/exceladvisor.org\/tr\/huni-grafigi\/\">Huni grafi\u011fi<\/a><\/li><li> <a href=\"https:\/\/exceladvisor.org\/tr\/gantt-semasi\/\">Gantt \u015femas\u0131<\/a><\/li><li> <a href=\"https:\/\/exceladvisor.org\/tr\/kursun-tahtasi\/\">Madde i\u015fareti grafi\u011fi<\/a><\/li><li> <a href=\"https:\/\/exceladvisor.org\/tr\/sicaklik-haritasi\/\">S\u0131cakl\u0131k haritas\u0131<\/a><\/li><\/ul><\/div><\/div><\/div><\/div>","protected":false},"excerpt":{"rendered":"","protected":false},"author":1,"featured_media":0,"parent":0,"menu_order":0,"comment_status":"open","ping_status":"closed","template":"","meta":{"ub_ctt_via":"","footnotes":""},"class_list":["post-1931","page","type-page","status-publish","hentry"],"featured_image_src":null,"yoast_head":"<!-- This site is optimized with the Yoast SEO plugin v25.4 - https:\/\/yoast.com\/wordpress\/plugins\/seo\/ -->\n<title>Excel&#039;de bir piktogram nas\u0131l olu\u015fturulur? (5 basit ad\u0131m)<\/title>\n<meta name=\"description\" content=\"Bu derste Excel&#039;de 5 basit ad\u0131mda nas\u0131l piktogram olu\u015fturulaca\u011f\u0131n\u0131 \u00f6\u011frenece\u011fiz.\" \/>\n<meta name=\"robots\" content=\"index, follow, max-snippet:-1, max-image-preview:large, max-video-preview:-1\" \/>\n<link rel=\"canonical\" href=\"https:\/\/exceladvisor.org\/tr\/piktogram\/\" \/>\n<meta property=\"og:locale\" content=\"tr_TR\" \/>\n<meta property=\"og:type\" content=\"article\" \/>\n<meta property=\"og:title\" content=\"Excel&#039;de bir piktogram nas\u0131l olu\u015fturulur? (5 basit ad\u0131m)\" \/>\n<meta property=\"og:description\" content=\"Bu derste Excel&#039;de 5 basit ad\u0131mda nas\u0131l piktogram olu\u015fturulaca\u011f\u0131n\u0131 \u00f6\u011frenece\u011fiz.\" \/>\n<meta property=\"og:url\" content=\"https:\/\/exceladvisor.org\/tr\/piktogram\/\" \/>\n<meta property=\"og:site_name\" content=\"Excel Advisor\" \/>\n<meta property=\"article:modified_time\" content=\"2023-12-10T06:00:38+00:00\" \/>\n<meta property=\"og:image\" content=\"https:\/\/exceladvisor.org\/wp-content\/uploads\/2023\/08\/comment-faire-un-pictogramme-dans-excel-en-utilisant-un-graphique-a-barres-1.png\" \/>\n<meta name=\"twitter:card\" content=\"summary_large_image\" \/>\n<meta name=\"twitter:label1\" content=\"Tahmini okuma s\u00fcresi\" \/>\n\t<meta name=\"twitter:data1\" content=\"3 dakika\" \/>\n<script type=\"application\/ld+json\" class=\"yoast-schema-graph\">{\"@context\":\"https:\/\/schema.org\",\"@graph\":[{\"@type\":\"WebPage\",\"@id\":\"https:\/\/exceladvisor.org\/tr\/piktogram\/\",\"url\":\"https:\/\/exceladvisor.org\/tr\/piktogram\/\",\"name\":\"Excel&#39;de bir piktogram nas\u0131l olu\u015fturulur? (5 basit ad\u0131m)\",\"isPartOf\":{\"@id\":\"https:\/\/exceladvisor.org\/tr\/#website\"},\"primaryImageOfPage\":{\"@id\":\"https:\/\/exceladvisor.org\/tr\/piktogram\/#primaryimage\"},\"image\":{\"@id\":\"https:\/\/exceladvisor.org\/tr\/piktogram\/#primaryimage\"},\"thumbnailUrl\":\"https:\/\/exceladvisor.org\/wp-content\/uploads\/2023\/08\/comment-faire-un-pictogramme-dans-excel-en-utilisant-un-graphique-a-barres-1.png\",\"datePublished\":\"2023-10-27T16:38:30+00:00\",\"dateModified\":\"2023-12-10T06:00:38+00:00\",\"description\":\"Bu derste Excel&#39;de 5 basit ad\u0131mda nas\u0131l piktogram olu\u015fturulaca\u011f\u0131n\u0131 \u00f6\u011frenece\u011fiz.\",\"breadcrumb\":{\"@id\":\"https:\/\/exceladvisor.org\/tr\/piktogram\/#breadcrumb\"},\"inLanguage\":\"tr\",\"potentialAction\":[{\"@type\":\"ReadAction\",\"target\":[\"https:\/\/exceladvisor.org\/tr\/piktogram\/\"]}]},{\"@type\":\"ImageObject\",\"inLanguage\":\"tr\",\"@id\":\"https:\/\/exceladvisor.org\/tr\/piktogram\/#primaryimage\",\"url\":\"https:\/\/exceladvisor.org\/wp-content\/uploads\/2023\/08\/comment-faire-un-pictogramme-dans-excel-en-utilisant-un-graphique-a-barres-1.png\",\"contentUrl\":\"https:\/\/exceladvisor.org\/wp-content\/uploads\/2023\/08\/comment-faire-un-pictogramme-dans-excel-en-utilisant-un-graphique-a-barres-1.png\"},{\"@type\":\"BreadcrumbList\",\"@id\":\"https:\/\/exceladvisor.org\/tr\/piktogram\/#breadcrumb\",\"itemListElement\":[{\"@type\":\"ListItem\",\"position\":1,\"name\":\"Ev\",\"item\":\"https:\/\/exceladvisor.org\/tr\/\"},{\"@type\":\"ListItem\",\"position\":2,\"name\":\"Excel&#39;de bir piktogram nas\u0131l olu\u015fturulur?\"}]},{\"@type\":\"WebSite\",\"@id\":\"https:\/\/exceladvisor.org\/tr\/#website\",\"url\":\"https:\/\/exceladvisor.org\/tr\/\",\"name\":\"Excel Advisor\",\"description\":\"Veri hakimiyetine y\u00f6nelik nihai rehberiniz!\",\"publisher\":{\"@id\":\"https:\/\/exceladvisor.org\/tr\/#organization\"},\"potentialAction\":[{\"@type\":\"SearchAction\",\"target\":{\"@type\":\"EntryPoint\",\"urlTemplate\":\"https:\/\/exceladvisor.org\/tr\/?s={search_term_string}\"},\"query-input\":{\"@type\":\"PropertyValueSpecification\",\"valueRequired\":true,\"valueName\":\"search_term_string\"}}],\"inLanguage\":\"tr\"},{\"@type\":\"Organization\",\"@id\":\"https:\/\/exceladvisor.org\/tr\/#organization\",\"name\":\"Excel Advisor\",\"url\":\"https:\/\/exceladvisor.org\/tr\/\",\"logo\":{\"@type\":\"ImageObject\",\"inLanguage\":\"tr\",\"@id\":\"https:\/\/exceladvisor.org\/tr\/#\/schema\/logo\/image\/\",\"url\":\"https:\/\/exceladvisor.org\/tr\/wp-content\/uploads\/2023\/12\/exceladvisor.org_.png\",\"contentUrl\":\"https:\/\/exceladvisor.org\/tr\/wp-content\/uploads\/2023\/12\/exceladvisor.org_.png\",\"width\":105,\"height\":36,\"caption\":\"Excel Advisor\"},\"image\":{\"@id\":\"https:\/\/exceladvisor.org\/tr\/#\/schema\/logo\/image\/\"}}]}<\/script>\n<!-- \/ Yoast SEO plugin. -->","yoast_head_json":{"title":"Excel&#39;de bir piktogram nas\u0131l olu\u015fturulur? (5 basit ad\u0131m)","description":"Bu derste Excel&#39;de 5 basit ad\u0131mda nas\u0131l piktogram olu\u015fturulaca\u011f\u0131n\u0131 \u00f6\u011frenece\u011fiz.","robots":{"index":"index","follow":"follow","max-snippet":"max-snippet:-1","max-image-preview":"max-image-preview:large","max-video-preview":"max-video-preview:-1"},"canonical":"https:\/\/exceladvisor.org\/tr\/piktogram\/","og_locale":"tr_TR","og_type":"article","og_title":"Excel&#39;de bir piktogram nas\u0131l olu\u015fturulur? (5 basit ad\u0131m)","og_description":"Bu derste Excel&#39;de 5 basit ad\u0131mda nas\u0131l piktogram olu\u015fturulaca\u011f\u0131n\u0131 \u00f6\u011frenece\u011fiz.","og_url":"https:\/\/exceladvisor.org\/tr\/piktogram\/","og_site_name":"Excel Advisor","article_modified_time":"2023-12-10T06:00:38+00:00","og_image":[{"url":"https:\/\/exceladvisor.org\/wp-content\/uploads\/2023\/08\/comment-faire-un-pictogramme-dans-excel-en-utilisant-un-graphique-a-barres-1.png","type":"","width":"","height":""}],"twitter_card":"summary_large_image","twitter_misc":{"Tahmini okuma s\u00fcresi":"3 dakika"},"schema":{"@context":"https:\/\/schema.org","@graph":[{"@type":"WebPage","@id":"https:\/\/exceladvisor.org\/tr\/piktogram\/","url":"https:\/\/exceladvisor.org\/tr\/piktogram\/","name":"Excel&#39;de bir piktogram nas\u0131l olu\u015fturulur? (5 basit ad\u0131m)","isPartOf":{"@id":"https:\/\/exceladvisor.org\/tr\/#website"},"primaryImageOfPage":{"@id":"https:\/\/exceladvisor.org\/tr\/piktogram\/#primaryimage"},"image":{"@id":"https:\/\/exceladvisor.org\/tr\/piktogram\/#primaryimage"},"thumbnailUrl":"https:\/\/exceladvisor.org\/wp-content\/uploads\/2023\/08\/comment-faire-un-pictogramme-dans-excel-en-utilisant-un-graphique-a-barres-1.png","datePublished":"2023-10-27T16:38:30+00:00","dateModified":"2023-12-10T06:00:38+00:00","description":"Bu derste Excel&#39;de 5 basit ad\u0131mda nas\u0131l piktogram olu\u015fturulaca\u011f\u0131n\u0131 \u00f6\u011frenece\u011fiz.","breadcrumb":{"@id":"https:\/\/exceladvisor.org\/tr\/piktogram\/#breadcrumb"},"inLanguage":"tr","potentialAction":[{"@type":"ReadAction","target":["https:\/\/exceladvisor.org\/tr\/piktogram\/"]}]},{"@type":"ImageObject","inLanguage":"tr","@id":"https:\/\/exceladvisor.org\/tr\/piktogram\/#primaryimage","url":"https:\/\/exceladvisor.org\/wp-content\/uploads\/2023\/08\/comment-faire-un-pictogramme-dans-excel-en-utilisant-un-graphique-a-barres-1.png","contentUrl":"https:\/\/exceladvisor.org\/wp-content\/uploads\/2023\/08\/comment-faire-un-pictogramme-dans-excel-en-utilisant-un-graphique-a-barres-1.png"},{"@type":"BreadcrumbList","@id":"https:\/\/exceladvisor.org\/tr\/piktogram\/#breadcrumb","itemListElement":[{"@type":"ListItem","position":1,"name":"Ev","item":"https:\/\/exceladvisor.org\/tr\/"},{"@type":"ListItem","position":2,"name":"Excel&#39;de bir piktogram nas\u0131l olu\u015fturulur?"}]},{"@type":"WebSite","@id":"https:\/\/exceladvisor.org\/tr\/#website","url":"https:\/\/exceladvisor.org\/tr\/","name":"Excel Advisor","description":"Veri hakimiyetine y\u00f6nelik nihai rehberiniz!","publisher":{"@id":"https:\/\/exceladvisor.org\/tr\/#organization"},"potentialAction":[{"@type":"SearchAction","target":{"@type":"EntryPoint","urlTemplate":"https:\/\/exceladvisor.org\/tr\/?s={search_term_string}"},"query-input":{"@type":"PropertyValueSpecification","valueRequired":true,"valueName":"search_term_string"}}],"inLanguage":"tr"},{"@type":"Organization","@id":"https:\/\/exceladvisor.org\/tr\/#organization","name":"Excel Advisor","url":"https:\/\/exceladvisor.org\/tr\/","logo":{"@type":"ImageObject","inLanguage":"tr","@id":"https:\/\/exceladvisor.org\/tr\/#\/schema\/logo\/image\/","url":"https:\/\/exceladvisor.org\/tr\/wp-content\/uploads\/2023\/12\/exceladvisor.org_.png","contentUrl":"https:\/\/exceladvisor.org\/tr\/wp-content\/uploads\/2023\/12\/exceladvisor.org_.png","width":105,"height":36,"caption":"Excel Advisor"},"image":{"@id":"https:\/\/exceladvisor.org\/tr\/#\/schema\/logo\/image\/"}}]}},"yoast_meta":{"yoast_wpseo_title":"","yoast_wpseo_metadesc":"","yoast_wpseo_canonical":""},"_links":{"self":[{"href":"https:\/\/exceladvisor.org\/tr\/wp-json\/wp\/v2\/pages\/1931","targetHints":{"allow":["GET"]}}],"collection":[{"href":"https:\/\/exceladvisor.org\/tr\/wp-json\/wp\/v2\/pages"}],"about":[{"href":"https:\/\/exceladvisor.org\/tr\/wp-json\/wp\/v2\/types\/page"}],"author":[{"embeddable":true,"href":"https:\/\/exceladvisor.org\/tr\/wp-json\/wp\/v2\/users\/1"}],"replies":[{"embeddable":true,"href":"https:\/\/exceladvisor.org\/tr\/wp-json\/wp\/v2\/comments?post=1931"}],"version-history":[{"count":1,"href":"https:\/\/exceladvisor.org\/tr\/wp-json\/wp\/v2\/pages\/1931\/revisions"}],"predecessor-version":[{"id":2423,"href":"https:\/\/exceladvisor.org\/tr\/wp-json\/wp\/v2\/pages\/1931\/revisions\/2423"}],"wp:attachment":[{"href":"https:\/\/exceladvisor.org\/tr\/wp-json\/wp\/v2\/media?parent=1931"}],"curies":[{"name":"wp","href":"https:\/\/api.w.org\/{rel}","templated":true}]}}