{"id":1932,"date":"2023-10-27T15:36:20","date_gmt":"2023-10-27T15:36:20","guid":{"rendered":"https:\/\/exceladvisor.org\/tr\/grafik-formatini-kopyala\/"},"modified":"2023-12-10T06:04:01","modified_gmt":"2023-12-10T06:04:01","slug":"grafik-formatini-kopyala","status":"publish","type":"page","link":"https:\/\/exceladvisor.org\/tr\/grafik-formatini-kopyala\/","title":{"rendered":"Grafik formatlar\u0131 nas\u0131l kopyalan\u0131p yap\u0131\u015ft\u0131r\u0131l\u0131r?"},"content":{"rendered":"<div class=\"excel-icerikten-once\" id=\"excel-3796117918\"><script type=\"text\/javascript\">\r\n\tatOptions = {\r\n\t\t'key' : 'c1158f160081d6540a8409e6925dab94',\r\n\t\t'format' : 'iframe',\r\n\t\t'height' : 250,\r\n\t\t'width' : 300,\r\n\t\t'params' : {}\r\n\t};\r\n<\/script>\r\n<script type=\"text\/javascript\" src=\"\/\/www.highperformanceformat.com\/c1158f160081d6540a8409e6925dab94\/invoke.js\"><\/script><\/div> <p>Diyelim ki b\u00fcy\u00fck \u00e7abalar harcayarak bir grafi\u011fi bi\u00e7imlendirdiniz, sonra bi\u00e7imlendirmeniz gereken daha fazla grafi\u011finiz oldu\u011funu fark ettiniz. Ayn\u0131 format\u0131 t\u00fcm grafiklere uygulamak s\u0131k\u0131c\u0131 bir i\u015ftir, ayn\u0131 \u015fey tekrar tekrar yap\u0131l\u0131r. Bu bir ac\u0131.<\/p><p> \u0130yi haber \u015fu ki, ac\u0131n\u0131za s\u00fcper h\u0131zl\u0131 bir \u00e7\u00f6z\u00fcm var. Tek ihtiyac\u0131n\u0131z olan farenizle birka\u00e7 t\u0131klama. Evet bu do\u011fru. \u00d6zel yap\u0131\u015ft\u0131rma se\u00e7ene\u011fiyle, t\u0131pk\u0131 basit bir kopyalay\u0131p yap\u0131\u015ft\u0131rma i\u015fleminde yapt\u0131\u011f\u0131n\u0131z gibi, bi\u00e7imlendirmeyi bir grafikten di\u011ferine kopyalayabilirsiniz. Haydi bu numaray\u0131 \u00f6\u011frenelim ve herkesi WOW.<\/p><h2 class=\"wp-block-heading\"> Bi\u00e7imlendirmeyi bir grafikten di\u011ferine kopyalama ad\u0131mlar\u0131 <\/h2><div class=\"wp-block-image\"><figure class=\"aligncenter\"><img decoding=\"async\" src=\"https:\/\/exceladvisor.org\/wp-content\/uploads\/2023\/08\/copier-la-mise-en-forme-du-graphique-dun-graphique-a-un-autre-en-utilisant-le-collage-special.gif\" sizes=\"\" srcset=\"\" alt=\"\u00f6zel yap\u0131\u015ft\u0131rmay\u0131 kullanarak grafik bi\u00e7imlendirmesini bir grafikten di\u011ferine kopyalay\u0131n.\"><\/figure><\/div><ol><li> \u00d6ncelikle grafik format\u0131n\u0131 kopyalamak istedi\u011finiz grafi\u011fe sa\u011f t\u0131klay\u0131n.<\/li><li> Ve ard\u0131ndan kopyaya t\u0131klay\u0131n.<\/li><li> Bundan sonra, bi\u00e7imlendirmeyi uygulamak\/yap\u0131\u015ft\u0131rmak istedi\u011finiz di\u011fer grafi\u011fe sa\u011f t\u0131klay\u0131n.<\/li><li> \u015eimdi Ana Sayfa sekmesine gidin -&gt; Pano -&gt; Yap\u0131\u015ft\u0131r -&gt; \u00d6zel Yap\u0131\u015ft\u0131r.<\/li><li> Burada bir a\u00e7\u0131l\u0131r pencereniz var.<\/li><li> Formatlar\u0131 se\u00e7in ve Tamam&#8217;a t\u0131klay\u0131n.<\/li><\/ol><h2 class=\"wp-block-heading\"> Grafik bi\u00e7imlendirmesini kopyalamak i\u00e7in k\u0131sayol<\/h2><p> Evet, bunu yapmak i\u00e7in bir k\u0131sayol tu\u015fu kullanabilirsiniz. Kopyalamak istedi\u011finiz grafi\u011fe t\u0131klay\u0131p Ctrl + C tu\u015flar\u0131n\u0131 kullanarak kopyalaman\u0131z ve ard\u0131ndan di\u011fer grafi\u011fi se\u00e7meniz yeterlidir. Sonunda, bi\u00e7imlendirmeyi yap\u0131\u015ft\u0131rmak\/uygulamak i\u00e7in Alt + E + S k\u0131sayol tu\u015funu kullan\u0131n.<\/p><h2 class=\"wp-block-heading\"> Hat\u0131rlanacak \u015feyler<\/h2><ol><li> Bir grafi\u011fin boyutunu ba\u015fka bir grafi\u011fe uygulayamazs\u0131n\u0131z.<\/li><li><u><\/u> Bi\u00e7imlendirmeyi her grafi\u011fe teker teker uygulaman\u0131z gerekir; bi\u00e7imlendirmeyi birden \u00e7ok grafi\u011fe ortak olarak uygulayamazs\u0131n\u0131z.<\/li><li> Bi\u00e7imlendirmeyi bir grafikten (\u00f6rne\u011fin \u00e7ubuk grafik) ba\u015fka bir grafik t\u00fcr\u00fcne (\u00f6rne\u011fin \u00e7izgi grafik) uygulamaya \u00e7al\u0131\u015f\u0131rsan\u0131z, bu ayn\u0131 zamanda hedef grafik t\u00fcr\u00fcn\u00fc de de\u011fi\u015ftirir.<\/li><\/ol><p> Art\u0131k birden fazla grafi\u011fi bi\u00e7imlendirme konusunda endi\u015felenmenize gerek yok. Grafik bi\u00e7imlendirmesini ba\u015fka bir Excel grafi\u011fine kopyalaman\u0131n \u00e7ok h\u0131zl\u0131 bir yolu var. Umar\u0131m bu ipucunu faydal\u0131 bulmu\u015fsunuzdur. <strong>Ne d\u00fc\u015f\u00fcn\u00fcyorsun?<\/strong> L\u00fctfen yorum k\u0131sm\u0131nda d\u00fc\u015f\u00fcncelerinizi benimle payla\u015f\u0131n, sizden haber almay\u0131 \u00e7ok isterim.<\/p><p> <strong>Grafik e\u011fitimlerini okumal\u0131s\u0131n\u0131z<\/strong><\/p><ol><li> <a href=\"https:\/\/exceladvisor.org\/tr\/yatay-bir-cizgi-ekle\/\">Grafi\u011fe yatay \u00e7izgi nas\u0131l eklenir<\/a><\/li><li> <a href=\"https:\/\/exceladvisor.org\/tr\/dikey-bir-cizgi-ekle\/\">Grafi\u011fe dikey \u00e7izgi nas\u0131l eklenir<\/a><\/li><li> <a href=\"https:\/\/exceladvisor.org\/tr\/dinamik-grafik-araligi\/\">Excel&#8217;de Dinamik Grafik Aral\u0131\u011f\u0131 Nas\u0131l Olu\u015fturulur<\/a><\/li><li> <a href=\"https:\/\/exceladvisor.org\/tr\/dinamik-grafik-basligi\/\">Excel&#8217;de Dinamik Grafik Ba\u015fl\u0131\u011f\u0131 Nas\u0131l Olu\u015fturulur<\/a><\/li><li> <a href=\"https:\/\/exceladvisor.org\/tr\/gelismis-grafikler\/\">\u00d6\u011frenmeniz Gereken En \u0130yi 10 Geli\u015fmi\u015f Excel Tablosu<\/a><\/li><\/ol>","protected":false},"excerpt":{"rendered":"","protected":false},"author":1,"featured_media":0,"parent":0,"menu_order":0,"comment_status":"open","ping_status":"closed","template":"","meta":{"ub_ctt_via":"","footnotes":""},"class_list":["post-1932","page","type-page","status-publish","hentry"],"featured_image_src":null,"yoast_head":"<!-- This site is optimized with the Yoast SEO plugin v25.4 - https:\/\/yoast.com\/wordpress\/plugins\/seo\/ -->\n<title>Excel&#039;de grafik formatlar\u0131 nas\u0131l kopyalan\u0131p yap\u0131\u015ft\u0131r\u0131l\u0131r?<\/title>\n<meta name=\"description\" content=\"Bi\u00e7imlendirmeniz gereken \u00e7ok say\u0131da grafi\u011finiz mi var? Grafik bi\u00e7imlendirmesini ba\u015fka bir Excel grafi\u011fine kopyalamak i\u00e7in \u00f6deme ipucu.\" \/>\n<meta name=\"robots\" content=\"index, follow, max-snippet:-1, max-image-preview:large, max-video-preview:-1\" \/>\n<link rel=\"canonical\" href=\"https:\/\/exceladvisor.org\/tr\/grafik-formatini-kopyala\/\" \/>\n<meta property=\"og:locale\" content=\"tr_TR\" \/>\n<meta property=\"og:type\" content=\"article\" \/>\n<meta property=\"og:title\" content=\"Excel&#039;de grafik formatlar\u0131 nas\u0131l kopyalan\u0131p yap\u0131\u015ft\u0131r\u0131l\u0131r?\" \/>\n<meta property=\"og:description\" content=\"Bi\u00e7imlendirmeniz gereken \u00e7ok say\u0131da grafi\u011finiz mi var? Grafik bi\u00e7imlendirmesini ba\u015fka bir Excel grafi\u011fine kopyalamak i\u00e7in \u00f6deme ipucu.\" \/>\n<meta property=\"og:url\" content=\"https:\/\/exceladvisor.org\/tr\/grafik-formatini-kopyala\/\" \/>\n<meta property=\"og:site_name\" content=\"Excel Advisor\" \/>\n<meta property=\"article:modified_time\" content=\"2023-12-10T06:04:01+00:00\" \/>\n<meta property=\"og:image\" content=\"https:\/\/exceladvisor.org\/wp-content\/uploads\/2023\/08\/copier-la-mise-en-forme-du-graphique-dun-graphique-a-un-autre-en-utilisant-le-collage-special.gif\" \/>\n<meta name=\"twitter:card\" content=\"summary_large_image\" \/>\n<meta name=\"twitter:label1\" content=\"Tahmini okuma s\u00fcresi\" \/>\n\t<meta name=\"twitter:data1\" content=\"2 dakika\" \/>\n<script type=\"application\/ld+json\" class=\"yoast-schema-graph\">{\"@context\":\"https:\/\/schema.org\",\"@graph\":[{\"@type\":\"WebPage\",\"@id\":\"https:\/\/exceladvisor.org\/tr\/grafik-formatini-kopyala\/\",\"url\":\"https:\/\/exceladvisor.org\/tr\/grafik-formatini-kopyala\/\",\"name\":\"Excel&#39;de grafik formatlar\u0131 nas\u0131l kopyalan\u0131p yap\u0131\u015ft\u0131r\u0131l\u0131r?\",\"isPartOf\":{\"@id\":\"https:\/\/exceladvisor.org\/tr\/#website\"},\"primaryImageOfPage\":{\"@id\":\"https:\/\/exceladvisor.org\/tr\/grafik-formatini-kopyala\/#primaryimage\"},\"image\":{\"@id\":\"https:\/\/exceladvisor.org\/tr\/grafik-formatini-kopyala\/#primaryimage\"},\"thumbnailUrl\":\"https:\/\/exceladvisor.org\/wp-content\/uploads\/2023\/08\/copier-la-mise-en-forme-du-graphique-dun-graphique-a-un-autre-en-utilisant-le-collage-special.gif\",\"datePublished\":\"2023-10-27T15:36:20+00:00\",\"dateModified\":\"2023-12-10T06:04:01+00:00\",\"description\":\"Bi\u00e7imlendirmeniz gereken \u00e7ok say\u0131da grafi\u011finiz mi var? Grafik bi\u00e7imlendirmesini ba\u015fka bir Excel grafi\u011fine kopyalamak i\u00e7in \u00f6deme ipucu.\",\"breadcrumb\":{\"@id\":\"https:\/\/exceladvisor.org\/tr\/grafik-formatini-kopyala\/#breadcrumb\"},\"inLanguage\":\"tr\",\"potentialAction\":[{\"@type\":\"ReadAction\",\"target\":[\"https:\/\/exceladvisor.org\/tr\/grafik-formatini-kopyala\/\"]}]},{\"@type\":\"ImageObject\",\"inLanguage\":\"tr\",\"@id\":\"https:\/\/exceladvisor.org\/tr\/grafik-formatini-kopyala\/#primaryimage\",\"url\":\"https:\/\/exceladvisor.org\/wp-content\/uploads\/2023\/08\/copier-la-mise-en-forme-du-graphique-dun-graphique-a-un-autre-en-utilisant-le-collage-special.gif\",\"contentUrl\":\"https:\/\/exceladvisor.org\/wp-content\/uploads\/2023\/08\/copier-la-mise-en-forme-du-graphique-dun-graphique-a-un-autre-en-utilisant-le-collage-special.gif\"},{\"@type\":\"BreadcrumbList\",\"@id\":\"https:\/\/exceladvisor.org\/tr\/grafik-formatini-kopyala\/#breadcrumb\",\"itemListElement\":[{\"@type\":\"ListItem\",\"position\":1,\"name\":\"Ev\",\"item\":\"https:\/\/exceladvisor.org\/tr\/\"},{\"@type\":\"ListItem\",\"position\":2,\"name\":\"Grafik formatlar\u0131 nas\u0131l kopyalan\u0131p yap\u0131\u015ft\u0131r\u0131l\u0131r?\"}]},{\"@type\":\"WebSite\",\"@id\":\"https:\/\/exceladvisor.org\/tr\/#website\",\"url\":\"https:\/\/exceladvisor.org\/tr\/\",\"name\":\"Excel Advisor\",\"description\":\"Veri hakimiyetine y\u00f6nelik nihai rehberiniz!\",\"publisher\":{\"@id\":\"https:\/\/exceladvisor.org\/tr\/#organization\"},\"potentialAction\":[{\"@type\":\"SearchAction\",\"target\":{\"@type\":\"EntryPoint\",\"urlTemplate\":\"https:\/\/exceladvisor.org\/tr\/?s={search_term_string}\"},\"query-input\":{\"@type\":\"PropertyValueSpecification\",\"valueRequired\":true,\"valueName\":\"search_term_string\"}}],\"inLanguage\":\"tr\"},{\"@type\":\"Organization\",\"@id\":\"https:\/\/exceladvisor.org\/tr\/#organization\",\"name\":\"Excel Advisor\",\"url\":\"https:\/\/exceladvisor.org\/tr\/\",\"logo\":{\"@type\":\"ImageObject\",\"inLanguage\":\"tr\",\"@id\":\"https:\/\/exceladvisor.org\/tr\/#\/schema\/logo\/image\/\",\"url\":\"https:\/\/exceladvisor.org\/tr\/wp-content\/uploads\/2023\/12\/exceladvisor.org_.png\",\"contentUrl\":\"https:\/\/exceladvisor.org\/tr\/wp-content\/uploads\/2023\/12\/exceladvisor.org_.png\",\"width\":105,\"height\":36,\"caption\":\"Excel Advisor\"},\"image\":{\"@id\":\"https:\/\/exceladvisor.org\/tr\/#\/schema\/logo\/image\/\"}}]}<\/script>\n<!-- \/ Yoast SEO plugin. -->","yoast_head_json":{"title":"Excel&#39;de grafik formatlar\u0131 nas\u0131l kopyalan\u0131p yap\u0131\u015ft\u0131r\u0131l\u0131r?","description":"Bi\u00e7imlendirmeniz gereken \u00e7ok say\u0131da grafi\u011finiz mi var? Grafik bi\u00e7imlendirmesini ba\u015fka bir Excel grafi\u011fine kopyalamak i\u00e7in \u00f6deme ipucu.","robots":{"index":"index","follow":"follow","max-snippet":"max-snippet:-1","max-image-preview":"max-image-preview:large","max-video-preview":"max-video-preview:-1"},"canonical":"https:\/\/exceladvisor.org\/tr\/grafik-formatini-kopyala\/","og_locale":"tr_TR","og_type":"article","og_title":"Excel&#39;de grafik formatlar\u0131 nas\u0131l kopyalan\u0131p yap\u0131\u015ft\u0131r\u0131l\u0131r?","og_description":"Bi\u00e7imlendirmeniz gereken \u00e7ok say\u0131da grafi\u011finiz mi var? Grafik bi\u00e7imlendirmesini ba\u015fka bir Excel grafi\u011fine kopyalamak i\u00e7in \u00f6deme ipucu.","og_url":"https:\/\/exceladvisor.org\/tr\/grafik-formatini-kopyala\/","og_site_name":"Excel Advisor","article_modified_time":"2023-12-10T06:04:01+00:00","og_image":[{"url":"https:\/\/exceladvisor.org\/wp-content\/uploads\/2023\/08\/copier-la-mise-en-forme-du-graphique-dun-graphique-a-un-autre-en-utilisant-le-collage-special.gif","type":"","width":"","height":""}],"twitter_card":"summary_large_image","twitter_misc":{"Tahmini okuma s\u00fcresi":"2 dakika"},"schema":{"@context":"https:\/\/schema.org","@graph":[{"@type":"WebPage","@id":"https:\/\/exceladvisor.org\/tr\/grafik-formatini-kopyala\/","url":"https:\/\/exceladvisor.org\/tr\/grafik-formatini-kopyala\/","name":"Excel&#39;de grafik formatlar\u0131 nas\u0131l kopyalan\u0131p yap\u0131\u015ft\u0131r\u0131l\u0131r?","isPartOf":{"@id":"https:\/\/exceladvisor.org\/tr\/#website"},"primaryImageOfPage":{"@id":"https:\/\/exceladvisor.org\/tr\/grafik-formatini-kopyala\/#primaryimage"},"image":{"@id":"https:\/\/exceladvisor.org\/tr\/grafik-formatini-kopyala\/#primaryimage"},"thumbnailUrl":"https:\/\/exceladvisor.org\/wp-content\/uploads\/2023\/08\/copier-la-mise-en-forme-du-graphique-dun-graphique-a-un-autre-en-utilisant-le-collage-special.gif","datePublished":"2023-10-27T15:36:20+00:00","dateModified":"2023-12-10T06:04:01+00:00","description":"Bi\u00e7imlendirmeniz gereken \u00e7ok say\u0131da grafi\u011finiz mi var? Grafik bi\u00e7imlendirmesini ba\u015fka bir Excel grafi\u011fine kopyalamak i\u00e7in \u00f6deme ipucu.","breadcrumb":{"@id":"https:\/\/exceladvisor.org\/tr\/grafik-formatini-kopyala\/#breadcrumb"},"inLanguage":"tr","potentialAction":[{"@type":"ReadAction","target":["https:\/\/exceladvisor.org\/tr\/grafik-formatini-kopyala\/"]}]},{"@type":"ImageObject","inLanguage":"tr","@id":"https:\/\/exceladvisor.org\/tr\/grafik-formatini-kopyala\/#primaryimage","url":"https:\/\/exceladvisor.org\/wp-content\/uploads\/2023\/08\/copier-la-mise-en-forme-du-graphique-dun-graphique-a-un-autre-en-utilisant-le-collage-special.gif","contentUrl":"https:\/\/exceladvisor.org\/wp-content\/uploads\/2023\/08\/copier-la-mise-en-forme-du-graphique-dun-graphique-a-un-autre-en-utilisant-le-collage-special.gif"},{"@type":"BreadcrumbList","@id":"https:\/\/exceladvisor.org\/tr\/grafik-formatini-kopyala\/#breadcrumb","itemListElement":[{"@type":"ListItem","position":1,"name":"Ev","item":"https:\/\/exceladvisor.org\/tr\/"},{"@type":"ListItem","position":2,"name":"Grafik formatlar\u0131 nas\u0131l kopyalan\u0131p yap\u0131\u015ft\u0131r\u0131l\u0131r?"}]},{"@type":"WebSite","@id":"https:\/\/exceladvisor.org\/tr\/#website","url":"https:\/\/exceladvisor.org\/tr\/","name":"Excel Advisor","description":"Veri hakimiyetine y\u00f6nelik nihai rehberiniz!","publisher":{"@id":"https:\/\/exceladvisor.org\/tr\/#organization"},"potentialAction":[{"@type":"SearchAction","target":{"@type":"EntryPoint","urlTemplate":"https:\/\/exceladvisor.org\/tr\/?s={search_term_string}"},"query-input":{"@type":"PropertyValueSpecification","valueRequired":true,"valueName":"search_term_string"}}],"inLanguage":"tr"},{"@type":"Organization","@id":"https:\/\/exceladvisor.org\/tr\/#organization","name":"Excel Advisor","url":"https:\/\/exceladvisor.org\/tr\/","logo":{"@type":"ImageObject","inLanguage":"tr","@id":"https:\/\/exceladvisor.org\/tr\/#\/schema\/logo\/image\/","url":"https:\/\/exceladvisor.org\/tr\/wp-content\/uploads\/2023\/12\/exceladvisor.org_.png","contentUrl":"https:\/\/exceladvisor.org\/tr\/wp-content\/uploads\/2023\/12\/exceladvisor.org_.png","width":105,"height":36,"caption":"Excel Advisor"},"image":{"@id":"https:\/\/exceladvisor.org\/tr\/#\/schema\/logo\/image\/"}}]}},"yoast_meta":{"yoast_wpseo_title":"","yoast_wpseo_metadesc":"","yoast_wpseo_canonical":""},"_links":{"self":[{"href":"https:\/\/exceladvisor.org\/tr\/wp-json\/wp\/v2\/pages\/1932","targetHints":{"allow":["GET"]}}],"collection":[{"href":"https:\/\/exceladvisor.org\/tr\/wp-json\/wp\/v2\/pages"}],"about":[{"href":"https:\/\/exceladvisor.org\/tr\/wp-json\/wp\/v2\/types\/page"}],"author":[{"embeddable":true,"href":"https:\/\/exceladvisor.org\/tr\/wp-json\/wp\/v2\/users\/1"}],"replies":[{"embeddable":true,"href":"https:\/\/exceladvisor.org\/tr\/wp-json\/wp\/v2\/comments?post=1932"}],"version-history":[{"count":1,"href":"https:\/\/exceladvisor.org\/tr\/wp-json\/wp\/v2\/pages\/1932\/revisions"}],"predecessor-version":[{"id":2687,"href":"https:\/\/exceladvisor.org\/tr\/wp-json\/wp\/v2\/pages\/1932\/revisions\/2687"}],"wp:attachment":[{"href":"https:\/\/exceladvisor.org\/tr\/wp-json\/wp\/v2\/media?parent=1932"}],"curies":[{"name":"wp","href":"https:\/\/api.w.org\/{rel}","templated":true}]}}