{"id":1933,"date":"2023-10-27T15:28:32","date_gmt":"2023-10-27T15:28:32","guid":{"rendered":"https:\/\/exceladvisor.org\/tr\/ikincil-eksen\/"},"modified":"2023-12-10T05:59:36","modified_gmt":"2023-12-10T05:59:36","slug":"ikincil-eksen","status":"publish","type":"page","link":"https:\/\/exceladvisor.org\/tr\/ikincil-eksen\/","title":{"rendered":"Excel grafiklerine ikincil eksen nas\u0131l eklenir?"},"content":{"rendered":"<div class=\"excel-icerikten-once\" id=\"excel-1366909899\"><script type=\"text\/javascript\">\r\n\tatOptions = {\r\n\t\t'key' : 'c1158f160081d6540a8409e6925dab94',\r\n\t\t'format' : 'iframe',\r\n\t\t'height' : 250,\r\n\t\t'width' : 300,\r\n\t\t'params' : {}\r\n\t};\r\n<\/script>\r\n<script type=\"text\/javascript\" src=\"\/\/www.highperformanceformat.com\/c1158f160081d6540a8409e6925dab94\/invoke.js\"><\/script><\/div> <p><a href=\"https:\/\/exceladvisor.org\/tr\/gelismis-grafikler\/\">Geli\u015fmi\u015f Excel grafikleri<\/a> olu\u015fturman\u0131n ilk ad\u0131m\u0131, bir grafi\u011fe ikincil eksenin nas\u0131l eklenece\u011fini \u00f6\u011frenmektir. A\u015fa\u011f\u0131daki iki grafi\u011fe bakarsan\u0131z, ilk grafikte iki farkl\u0131 veri s\u00fctunu k\u00fcmesi vard\u0131r ancak eksen ayn\u0131d\u0131r. <\/p><div class=\"wp-block-image\"><figure class=\"aligncenter\"><img decoding=\"async\" src=\"https:\/\/exceladvisor.org\/wp-content\/uploads\/2023\/08\/comment-ajouter-un-graphique-excel-a-axe-secondaire-1.png\" sizes=\"\" srcset=\"\" alt=\"ikincil eksen excel grafi\u011fi nas\u0131l eklenir\"><\/figure><\/div><p> \u0130lk grafikteki sorun, iki serinin farkl\u0131 bir veri aral\u0131\u011f\u0131na ancak ayn\u0131 eksene sahip olmas\u0131d\u0131r. Ancak ikinci grafikte iki veri serisi i\u00e7in farkl\u0131 bir eksen var, bu da anla\u015f\u0131lmas\u0131n\u0131 kolayla\u015ft\u0131r\u0131yor.<\/p><h2 class=\"wp-block-heading\"> Grafi\u011finize ikincil eksen ekleme ad\u0131mlar\u0131<\/h2><p> \u00c7ift eksen olu\u015fturmak i\u00e7in izlemeniz gereken basit ad\u0131mlar \u015funlard\u0131r.<\/p><ul><li> \u0130kincil eksen eklemek istedi\u011finiz veri serisini se\u00e7in. <\/li><\/ul><div class=\"wp-block-image\"><figure class=\"aligncenter\"><img decoding=\"async\" src=\"https:\/\/exceladvisor.org\/wp-content\/uploads\/2023\/08\/selectionner-la-serie-de-donnees-pour-creer-un-axe-secondaire-1.png\" sizes=\"\" srcset=\"\" alt=\"ikincil eksen olu\u015fturmak i\u00e7in veri serisini se\u00e7in\"><\/figure><\/div><ul><li> \u00dczerine sa\u011f t\u0131klay\u0131n ve Veri Serisini Formatla \u279c Seri Se\u00e7ene\u011fi \u279c \u0130kincil Ekseni Etkinle\u015ftir se\u00e7ene\u011fine gidin. <\/li><\/ul><div class=\"wp-block-image\"><figure class=\"aligncenter\"><img decoding=\"async\" src=\"https:\/\/exceladvisor.org\/wp-content\/uploads\/2023\/08\/selectionner-laxe-secondaire-a-ajouter-a-un-graphique-1.png\" sizes=\"\" srcset=\"\" alt=\"\"><\/figure><\/div><ul><li> Art\u0131k grafi\u011finizde iki \u00f6l\u00e7ek var. <\/li><\/ul><div class=\"wp-block-image\"><figure class=\"aligncenter\"><img decoding=\"async\" src=\"https:\/\/exceladvisor.org\/wp-content\/uploads\/2023\/08\/votre-graphique-excel-final-avec-axe-secondaire-1.png\" sizes=\"\" srcset=\"\" alt=\"ikincil eksenli son excel grafi\u011finiz\"><\/figure><\/div><h2 class=\"wp-block-heading\"> Alternatif y\u00f6ntem<\/h2><ul><li> \u0130kincil eksen eklemek istedi\u011finiz veri serisini se\u00e7in.<\/li><li> Format sekmesine gidin \u279c Ge\u00e7erli Se\u00e7im \u279c Format Se\u00e7imi \u279c Veri Serisi Format\u0131 \u279c Seri Se\u00e7ene\u011fi \u279c \u0130kincil Ekseni Etkinle\u015ftir. <\/li><\/ul><div class=\"wp-block-image\"><figure class=\"aligncenter\"><img decoding=\"async\" src=\"https:\/\/exceladvisor.org\/wp-content\/uploads\/2023\/08\/cliquez-sur-la-selection-de-format-pour-ajouter-un-axe-secondaire-a-un-graphique-excel-1.png\" sizes=\"\" srcset=\"\" alt=\"excel grafi\u011fine ikincil bir eksen eklemek i\u00e7in format se\u00e7imine t\u0131klay\u0131n\"><\/figure><\/div><h2 class=\"wp-block-heading\"> Grafikler hakk\u0131nda daha fazla bilgi edinin<\/h2><ul><li> <a href=\"https:\/\/exceladvisor.org\/tr\/etkilesimli-grafikler\/\">Excel&#8217;de etkile\u015fimli grafikler<\/a><\/li><li> <a href=\"https:\/\/exceladvisor.org\/tr\/yatay-bir-cizgi-ekle\/\">Excel&#8217;deki bir grafi\u011fe yatay \u00e7izgi ekleme<\/a><\/li><li> <a href=\"https:\/\/exceladvisor.org\/tr\/dikey-bir-cizgi-ekle\/\">Excel&#8217;deki bir grafi\u011fe dikey \u00e7izgi ekleme<\/a><\/li><li> <a href=\"https:\/\/exceladvisor.org\/tr\/dinamik-grafik-araligi\/\">Excel&#8217;de dinamik grafik aral\u0131\u011f\u0131<\/a><\/li><li> <a href=\"https:\/\/exceladvisor.org\/tr\/grafik-formatini-kopyala\/\">Grafik bi\u00e7imlendirmesini Excel&#8217;deki ba\u015fka bir grafi\u011fe kopyalama<\/a><\/li><\/ul>","protected":false},"excerpt":{"rendered":"","protected":false},"author":1,"featured_media":0,"parent":0,"menu_order":0,"comment_status":"open","ping_status":"closed","template":"","meta":{"ub_ctt_via":"","footnotes":""},"class_list":["post-1933","page","type-page","status-publish","hentry"],"featured_image_src":null,"yoast_head":"<!-- This site is optimized with the Yoast SEO plugin v25.4 - https:\/\/yoast.com\/wordpress\/plugins\/seo\/ -->\n<title>Excel grafiklerine ikincil eksen nas\u0131l eklenir?<\/title>\n<meta name=\"description\" content=\"Excel grafiklerine ikincil bir eksen eklemek i\u00e7in a\u015fa\u011f\u0131daki basit ad\u0131mlar\u0131 uygulaman\u0131z yeterlidir.\" \/>\n<meta name=\"robots\" content=\"index, follow, max-snippet:-1, max-image-preview:large, max-video-preview:-1\" \/>\n<link rel=\"canonical\" href=\"https:\/\/exceladvisor.org\/tr\/ikincil-eksen\/\" \/>\n<meta property=\"og:locale\" content=\"tr_TR\" \/>\n<meta property=\"og:type\" content=\"article\" \/>\n<meta property=\"og:title\" content=\"Excel grafiklerine ikincil eksen nas\u0131l eklenir?\" \/>\n<meta property=\"og:description\" content=\"Excel grafiklerine ikincil bir eksen eklemek i\u00e7in a\u015fa\u011f\u0131daki basit ad\u0131mlar\u0131 uygulaman\u0131z yeterlidir.\" \/>\n<meta property=\"og:url\" content=\"https:\/\/exceladvisor.org\/tr\/ikincil-eksen\/\" \/>\n<meta property=\"og:site_name\" content=\"Excel Advisor\" \/>\n<meta property=\"article:modified_time\" content=\"2023-12-10T05:59:36+00:00\" \/>\n<meta property=\"og:image\" content=\"https:\/\/exceladvisor.org\/wp-content\/uploads\/2023\/08\/comment-ajouter-un-graphique-excel-a-axe-secondaire-1.png\" \/>\n<meta name=\"twitter:card\" content=\"summary_large_image\" \/>\n<meta name=\"twitter:label1\" content=\"Tahmini okuma s\u00fcresi\" \/>\n\t<meta name=\"twitter:data1\" content=\"1 dakika\" \/>\n<script type=\"application\/ld+json\" class=\"yoast-schema-graph\">{\"@context\":\"https:\/\/schema.org\",\"@graph\":[{\"@type\":\"WebPage\",\"@id\":\"https:\/\/exceladvisor.org\/tr\/ikincil-eksen\/\",\"url\":\"https:\/\/exceladvisor.org\/tr\/ikincil-eksen\/\",\"name\":\"Excel grafiklerine ikincil eksen nas\u0131l eklenir?\",\"isPartOf\":{\"@id\":\"https:\/\/exceladvisor.org\/tr\/#website\"},\"primaryImageOfPage\":{\"@id\":\"https:\/\/exceladvisor.org\/tr\/ikincil-eksen\/#primaryimage\"},\"image\":{\"@id\":\"https:\/\/exceladvisor.org\/tr\/ikincil-eksen\/#primaryimage\"},\"thumbnailUrl\":\"https:\/\/exceladvisor.org\/wp-content\/uploads\/2023\/08\/comment-ajouter-un-graphique-excel-a-axe-secondaire-1.png\",\"datePublished\":\"2023-10-27T15:28:32+00:00\",\"dateModified\":\"2023-12-10T05:59:36+00:00\",\"description\":\"Excel grafiklerine ikincil bir eksen eklemek i\u00e7in a\u015fa\u011f\u0131daki basit ad\u0131mlar\u0131 uygulaman\u0131z yeterlidir.\",\"breadcrumb\":{\"@id\":\"https:\/\/exceladvisor.org\/tr\/ikincil-eksen\/#breadcrumb\"},\"inLanguage\":\"tr\",\"potentialAction\":[{\"@type\":\"ReadAction\",\"target\":[\"https:\/\/exceladvisor.org\/tr\/ikincil-eksen\/\"]}]},{\"@type\":\"ImageObject\",\"inLanguage\":\"tr\",\"@id\":\"https:\/\/exceladvisor.org\/tr\/ikincil-eksen\/#primaryimage\",\"url\":\"https:\/\/exceladvisor.org\/wp-content\/uploads\/2023\/08\/comment-ajouter-un-graphique-excel-a-axe-secondaire-1.png\",\"contentUrl\":\"https:\/\/exceladvisor.org\/wp-content\/uploads\/2023\/08\/comment-ajouter-un-graphique-excel-a-axe-secondaire-1.png\"},{\"@type\":\"BreadcrumbList\",\"@id\":\"https:\/\/exceladvisor.org\/tr\/ikincil-eksen\/#breadcrumb\",\"itemListElement\":[{\"@type\":\"ListItem\",\"position\":1,\"name\":\"Ev\",\"item\":\"https:\/\/exceladvisor.org\/tr\/\"},{\"@type\":\"ListItem\",\"position\":2,\"name\":\"Excel grafiklerine ikincil eksen nas\u0131l eklenir?\"}]},{\"@type\":\"WebSite\",\"@id\":\"https:\/\/exceladvisor.org\/tr\/#website\",\"url\":\"https:\/\/exceladvisor.org\/tr\/\",\"name\":\"Excel Advisor\",\"description\":\"Veri hakimiyetine y\u00f6nelik nihai rehberiniz!\",\"publisher\":{\"@id\":\"https:\/\/exceladvisor.org\/tr\/#organization\"},\"potentialAction\":[{\"@type\":\"SearchAction\",\"target\":{\"@type\":\"EntryPoint\",\"urlTemplate\":\"https:\/\/exceladvisor.org\/tr\/?s={search_term_string}\"},\"query-input\":{\"@type\":\"PropertyValueSpecification\",\"valueRequired\":true,\"valueName\":\"search_term_string\"}}],\"inLanguage\":\"tr\"},{\"@type\":\"Organization\",\"@id\":\"https:\/\/exceladvisor.org\/tr\/#organization\",\"name\":\"Excel Advisor\",\"url\":\"https:\/\/exceladvisor.org\/tr\/\",\"logo\":{\"@type\":\"ImageObject\",\"inLanguage\":\"tr\",\"@id\":\"https:\/\/exceladvisor.org\/tr\/#\/schema\/logo\/image\/\",\"url\":\"https:\/\/exceladvisor.org\/tr\/wp-content\/uploads\/2023\/12\/exceladvisor.org_.png\",\"contentUrl\":\"https:\/\/exceladvisor.org\/tr\/wp-content\/uploads\/2023\/12\/exceladvisor.org_.png\",\"width\":105,\"height\":36,\"caption\":\"Excel Advisor\"},\"image\":{\"@id\":\"https:\/\/exceladvisor.org\/tr\/#\/schema\/logo\/image\/\"}}]}<\/script>\n<!-- \/ Yoast SEO plugin. -->","yoast_head_json":{"title":"Excel grafiklerine ikincil eksen nas\u0131l eklenir?","description":"Excel grafiklerine ikincil bir eksen eklemek i\u00e7in a\u015fa\u011f\u0131daki basit ad\u0131mlar\u0131 uygulaman\u0131z yeterlidir.","robots":{"index":"index","follow":"follow","max-snippet":"max-snippet:-1","max-image-preview":"max-image-preview:large","max-video-preview":"max-video-preview:-1"},"canonical":"https:\/\/exceladvisor.org\/tr\/ikincil-eksen\/","og_locale":"tr_TR","og_type":"article","og_title":"Excel grafiklerine ikincil eksen nas\u0131l eklenir?","og_description":"Excel grafiklerine ikincil bir eksen eklemek i\u00e7in a\u015fa\u011f\u0131daki basit ad\u0131mlar\u0131 uygulaman\u0131z yeterlidir.","og_url":"https:\/\/exceladvisor.org\/tr\/ikincil-eksen\/","og_site_name":"Excel Advisor","article_modified_time":"2023-12-10T05:59:36+00:00","og_image":[{"url":"https:\/\/exceladvisor.org\/wp-content\/uploads\/2023\/08\/comment-ajouter-un-graphique-excel-a-axe-secondaire-1.png","type":"","width":"","height":""}],"twitter_card":"summary_large_image","twitter_misc":{"Tahmini okuma s\u00fcresi":"1 dakika"},"schema":{"@context":"https:\/\/schema.org","@graph":[{"@type":"WebPage","@id":"https:\/\/exceladvisor.org\/tr\/ikincil-eksen\/","url":"https:\/\/exceladvisor.org\/tr\/ikincil-eksen\/","name":"Excel grafiklerine ikincil eksen nas\u0131l eklenir?","isPartOf":{"@id":"https:\/\/exceladvisor.org\/tr\/#website"},"primaryImageOfPage":{"@id":"https:\/\/exceladvisor.org\/tr\/ikincil-eksen\/#primaryimage"},"image":{"@id":"https:\/\/exceladvisor.org\/tr\/ikincil-eksen\/#primaryimage"},"thumbnailUrl":"https:\/\/exceladvisor.org\/wp-content\/uploads\/2023\/08\/comment-ajouter-un-graphique-excel-a-axe-secondaire-1.png","datePublished":"2023-10-27T15:28:32+00:00","dateModified":"2023-12-10T05:59:36+00:00","description":"Excel grafiklerine ikincil bir eksen eklemek i\u00e7in a\u015fa\u011f\u0131daki basit ad\u0131mlar\u0131 uygulaman\u0131z yeterlidir.","breadcrumb":{"@id":"https:\/\/exceladvisor.org\/tr\/ikincil-eksen\/#breadcrumb"},"inLanguage":"tr","potentialAction":[{"@type":"ReadAction","target":["https:\/\/exceladvisor.org\/tr\/ikincil-eksen\/"]}]},{"@type":"ImageObject","inLanguage":"tr","@id":"https:\/\/exceladvisor.org\/tr\/ikincil-eksen\/#primaryimage","url":"https:\/\/exceladvisor.org\/wp-content\/uploads\/2023\/08\/comment-ajouter-un-graphique-excel-a-axe-secondaire-1.png","contentUrl":"https:\/\/exceladvisor.org\/wp-content\/uploads\/2023\/08\/comment-ajouter-un-graphique-excel-a-axe-secondaire-1.png"},{"@type":"BreadcrumbList","@id":"https:\/\/exceladvisor.org\/tr\/ikincil-eksen\/#breadcrumb","itemListElement":[{"@type":"ListItem","position":1,"name":"Ev","item":"https:\/\/exceladvisor.org\/tr\/"},{"@type":"ListItem","position":2,"name":"Excel grafiklerine ikincil eksen nas\u0131l eklenir?"}]},{"@type":"WebSite","@id":"https:\/\/exceladvisor.org\/tr\/#website","url":"https:\/\/exceladvisor.org\/tr\/","name":"Excel Advisor","description":"Veri hakimiyetine y\u00f6nelik nihai rehberiniz!","publisher":{"@id":"https:\/\/exceladvisor.org\/tr\/#organization"},"potentialAction":[{"@type":"SearchAction","target":{"@type":"EntryPoint","urlTemplate":"https:\/\/exceladvisor.org\/tr\/?s={search_term_string}"},"query-input":{"@type":"PropertyValueSpecification","valueRequired":true,"valueName":"search_term_string"}}],"inLanguage":"tr"},{"@type":"Organization","@id":"https:\/\/exceladvisor.org\/tr\/#organization","name":"Excel Advisor","url":"https:\/\/exceladvisor.org\/tr\/","logo":{"@type":"ImageObject","inLanguage":"tr","@id":"https:\/\/exceladvisor.org\/tr\/#\/schema\/logo\/image\/","url":"https:\/\/exceladvisor.org\/tr\/wp-content\/uploads\/2023\/12\/exceladvisor.org_.png","contentUrl":"https:\/\/exceladvisor.org\/tr\/wp-content\/uploads\/2023\/12\/exceladvisor.org_.png","width":105,"height":36,"caption":"Excel Advisor"},"image":{"@id":"https:\/\/exceladvisor.org\/tr\/#\/schema\/logo\/image\/"}}]}},"yoast_meta":{"yoast_wpseo_title":"","yoast_wpseo_metadesc":"","yoast_wpseo_canonical":""},"_links":{"self":[{"href":"https:\/\/exceladvisor.org\/tr\/wp-json\/wp\/v2\/pages\/1933","targetHints":{"allow":["GET"]}}],"collection":[{"href":"https:\/\/exceladvisor.org\/tr\/wp-json\/wp\/v2\/pages"}],"about":[{"href":"https:\/\/exceladvisor.org\/tr\/wp-json\/wp\/v2\/types\/page"}],"author":[{"embeddable":true,"href":"https:\/\/exceladvisor.org\/tr\/wp-json\/wp\/v2\/users\/1"}],"replies":[{"embeddable":true,"href":"https:\/\/exceladvisor.org\/tr\/wp-json\/wp\/v2\/comments?post=1933"}],"version-history":[{"count":1,"href":"https:\/\/exceladvisor.org\/tr\/wp-json\/wp\/v2\/pages\/1933\/revisions"}],"predecessor-version":[{"id":2337,"href":"https:\/\/exceladvisor.org\/tr\/wp-json\/wp\/v2\/pages\/1933\/revisions\/2337"}],"wp:attachment":[{"href":"https:\/\/exceladvisor.org\/tr\/wp-json\/wp\/v2\/media?parent=1933"}],"curies":[{"name":"wp","href":"https:\/\/api.w.org\/{rel}","templated":true}]}}