{"id":1942,"date":"2023-10-27T00:49:48","date_gmt":"2023-10-27T00:49:48","guid":{"rendered":"https:\/\/exceladvisor.org\/tr\/kilit-hucreleri-1\/"},"modified":"2023-12-10T06:01:01","modified_gmt":"2023-12-10T06:01:01","slug":"kilit-hucreleri-1","status":"publish","type":"page","link":"https:\/\/exceladvisor.org\/tr\/kilit-hucreleri-1\/","title":{"rendered":"Excel&#39;de h\u00fccreler nas\u0131l kilitlenir?"},"content":{"rendered":"<div class=\"excel-icerikten-once\" id=\"excel-3479615499\"><script type=\"text\/javascript\">\r\n\tatOptions = {\r\n\t\t'key' : 'c1158f160081d6540a8409e6925dab94',\r\n\t\t'format' : 'iframe',\r\n\t\t'height' : 250,\r\n\t\t'width' : 300,\r\n\t\t'params' : {}\r\n\t};\r\n<\/script>\r\n<script type=\"text\/javascript\" src=\"\/\/www.highperformanceformat.com\/c1158f160081d6540a8409e6925dab94\/invoke.js\"><\/script><\/div> <p>H\u00fccreleri kilitlemek, h\u00fccre verilerinin herhangi bir kullan\u0131c\u0131 taraf\u0131ndan d\u00fczenlenmesini, de\u011fi\u015ftirilmesini veya silinmesini \u00f6nleyen bir Excel \u00f6zelli\u011fidir.<\/p><p> Excel&#8217;de kullan\u0131c\u0131lar, \u00e7al\u0131\u015fma sayfas\u0131 h\u00fccrelerinin tamam\u0131n\u0131 korumak i\u00e7in belirli bir \u00e7al\u0131\u015fma sayfas\u0131na sahip t\u00fcm h\u00fccreleri kilitleyebilir veya yaln\u0131zca belirli h\u00fccreleri d\u00fczenlemeden korumak i\u00e7in yaln\u0131zca belirli \u00e7al\u0131\u015fma sayfas\u0131 h\u00fccrelerini kilitleyebilir.<\/p><p> Bu dersimizde t\u00fcm h\u00fccreleri, belirli h\u00fccreleri ve h\u00fccreleri form\u00fcllerle nas\u0131l kilitleyece\u011fimizi ve kilitlerini nas\u0131l a\u00e7aca\u011f\u0131m\u0131z\u0131 anlatt\u0131k.<\/p><h2 id=\"h-steps-to-lock-all-cells-in-excel\" class=\"wp-block-heading\"> Excel&#8217;deki T\u00fcm H\u00fccreleri Kilitleme Ad\u0131mlar\u0131<\/h2><p> Excel&#8217;de t\u00fcm h\u00fccreler varsay\u0131lan olarak kilitlidir, ancak biz <a href=\"https:\/\/exceladvisor.org\/tr\/yapragi-korumak\/\">\u00e7al\u0131\u015fma sayfas\u0131n\u0131 koruyana<\/a> kadar herkes h\u00fccreleri d\u00fczenleyebilir. H\u00fccre kilitleme \u00f6zelli\u011fini etkinle\u015ftirmek i\u00e7in sayfay\u0131 korumak gerekir ve sayfa korunduktan sonra t\u00fcm h\u00fccreler kilitlenir ve d\u00fczenlenemez hale gelir.<\/p><p> T\u00fcm kilitli h\u00fccre \u00f6zelliklerinin etkili olmas\u0131 i\u00e7in a\u015fa\u011f\u0131daki ad\u0131mlar\u0131 izleyin:<\/p><ol><li> \u00d6ncelikle \u201cCtrl + A\u201d k\u0131sayolunu kullanarak veya s\u00fctun ba\u015fl\u0131k \u00e7ubu\u011funun sol \u00fcst k\u00f6\u015fesindeki \u00fc\u00e7gene t\u0131klayarak t\u00fcm h\u00fccreleri se\u00e7in. <br><img loading=\"lazy\" decoding=\"async\" title=\"1-t\u00fcm h\u00fccreleri se\u00e7\" src=\"https:\/\/exceladvisor.org\/wp-content\/uploads\/2023\/08\/1-selectionner-toutes-les-cellules.png\" sizes=\"auto, \" srcset=\"\" alt=\"select-all-cells\" width=\"746\" height=\"262\"><\/li><li> Bundan sonra, sa\u011f t\u0131klay\u0131p \u201cH\u00fccreleri Bi\u00e7imlendir\u201d se\u00e7ene\u011fini se\u00e7in veya \u201cH\u00fccreleri Bi\u00e7imlendir\u201d ileti\u015fim kutusunu a\u00e7mak i\u00e7in \u201cHizalama\u201d grubundaki oku t\u0131klay\u0131n. <br><img loading=\"lazy\" decoding=\"async\" title=\"2 h\u00fccreli a\u00e7\u0131k format se\u00e7ene\u011fi\" src=\"https:\/\/exceladvisor.org\/wp-content\/uploads\/2023\/08\/Option-2-cellules-de-format-ouvert.png\" sizes=\"auto, \" srcset=\"\" alt=\"open-format-cells-option\" width=\"713\" height=\"499\"><\/li><li> Burada \u201cKoruma\u201d sekmesine t\u0131klay\u0131n ve \u201cKilitli\u201d se\u00e7ene\u011finin se\u00e7ilip se\u00e7ilmedi\u011fine bak\u0131n, aksi takdirde \u201cKilitli\u201d se\u00e7ene\u011fini se\u00e7in ve Tamam\u2019a t\u0131klay\u0131n. <br><img loading=\"lazy\" decoding=\"async\" title=\"3-kilitli-se\u00e7enek se\u00e7in\" src=\"https:\/\/exceladvisor.org\/wp-content\/uploads\/2023\/08\/3-selectionnez-loption-verrouillee.png\" sizes=\"auto, \" srcset=\"\" alt=\"select-locked-option\" width=\"705\" height=\"365\"><\/li><li> \u015eimdi \u201c\u0130ncele\u201d sekmesine gidin ve \u201cSayfay\u0131 Koru\u201dya t\u0131klay\u0131n, ard\u0131ndan kullan\u0131c\u0131lara vermek isteyebilece\u011finiz \u015fifreyi ve di\u011fer izinleri sa\u011flay\u0131n ve ard\u0131ndan Tamam&#8217;a t\u0131klay\u0131n. <br><img loading=\"lazy\" decoding=\"async\" title=\"4-koru-sayfa-simgesi\" src=\"https:\/\/exceladvisor.org\/wp-content\/uploads\/2023\/08\/4-proteger-licone-de-la-feuille.png\" sizes=\"auto, \" srcset=\"\" alt=\"protect-sheet-icon\" width=\"863\" height=\"534\"><\/li><li> Sonunda \u015fifreyi tekrar girin, t\u00fcm h\u00fccreleri kilitleme \u00f6zelli\u011finiz etkinle\u015fecektir. Art\u0131k sayfa korumas\u0131z olmad\u0131\u011f\u0131 s\u00fcrece hi\u00e7 kimse bir h\u00fccreyi d\u00fczenleyemeyecektir. <br><img loading=\"lazy\" decoding=\"async\" title=\"5-\u015fifreyi tekrar girin\" src=\"https:\/\/exceladvisor.org\/wp-content\/uploads\/2023\/08\/5-re-entrer-le-mot-de-passe.png\" sizes=\"auto, \" srcset=\"\" alt=\"re-enter-password\" width=\"353\" height=\"197\"><\/li><\/ol><h2 id=\"h-lock-specific-cells-in-excel\" class=\"wp-block-heading\"> Excel&#8217;de belirli h\u00fccreleri kilitleme<\/h2><ol><li> \u00d6ncelikle \u201cCtrl + A\u201d tu\u015flar\u0131n\u0131 kullanarak veya s\u00fctun ba\u015fl\u0131k \u00e7ubu\u011funun sol \u00fcst k\u00f6\u015fesindeki \u00fc\u00e7gene t\u0131klayarak t\u00fcm h\u00fccreleri se\u00e7in.<\/li><li> Bundan sonra, sa\u011f t\u0131klay\u0131p \u201cH\u00fccreleri Bi\u00e7imlendir\u201d se\u00e7ene\u011fini se\u00e7in veya \u201cH\u00fccreleri Bi\u00e7imlendir\u201d ileti\u015fim kutusunu a\u00e7mak i\u00e7in \u201cHizalama\u201d grubundaki oku t\u0131klay\u0131n. <br><img loading=\"lazy\" decoding=\"async\" title=\"Yaln\u0131zca 6 kilide \u00f6zg\u00fc h\u00fccre\" src=\"https:\/\/exceladvisor.org\/wp-content\/uploads\/2023\/08\/6-verrouiller-des-cellules-specifiques-uniquement.png\" sizes=\"auto, \" srcset=\"\" alt=\"lock-specific-cells-only\" width=\"680\" height=\"476\"><\/li><li> Burada \u201cKoruma\u201d sekmesine t\u0131klay\u0131n ve varsay\u0131lan olarak kilitli h\u00fccrelerin kilidini a\u00e7mak i\u00e7in \u201cKilitli\u201d se\u00e7ene\u011finin i\u015faretini kald\u0131rd\u0131\u011f\u0131n\u0131zdan emin olun ve Tamam&#8217;a t\u0131klay\u0131n. <br><img loading=\"lazy\" decoding=\"async\" title=\"7-se\u00e7im kald\u0131rma se\u00e7ene\u011fi kilitli\" src=\"https:\/\/exceladvisor.org\/wp-content\/uploads\/2023\/08\/7-deselectionnez-loption-verrouillee.png\" sizes=\"auto, \" srcset=\"\" alt=\"un-select-locked-option\" width=\"541\" height=\"311\"><\/li><li> \u015eimdi yaln\u0131zca kilitlemek istedi\u011finiz h\u00fccreleri veya h\u00fccre aral\u0131\u011f\u0131n\u0131 se\u00e7in ve \u201cH\u00fccreleri Bi\u00e7imlendir\u201d ileti\u015fim kutusunu a\u00e7\u0131n. <br><img loading=\"lazy\" decoding=\"async\" title=\"Kilitlenecek 8 aral\u0131k\" src=\"https:\/\/exceladvisor.org\/wp-content\/uploads\/2023\/08\/8-plages-a-verrouiller.png\" sizes=\"auto, \" srcset=\"\" alt=\"range-to-be-locked\" width=\"684\" height=\"203\"><\/li><li> \u201cH\u00fccreleri Bi\u00e7imlendir\u201d ileti\u015fim kutusunda, \u201cKoruma\u201d sekmesine gidin ve \u201cKilitli\u201d se\u00e7ene\u011fini se\u00e7in, b\u00f6ylece bu sefer yaln\u0131zca se\u00e7ilen h\u00fccreler kilitlenir. <br><img loading=\"lazy\" decoding=\"async\" title=\"9 ad\u0131ml\u0131 kilit se\u00e7ene\u011fi\" src=\"https:\/\/exceladvisor.org\/wp-content\/uploads\/2023\/08\/9-option-verrouillee-par-une-coche.png\" sizes=\"auto, \" srcset=\"\" alt=\"tickmark-locked-option\" width=\"619\" height=\"395\"><\/li><li> Bu noktada \u201c\u0130ncele\u201d sekmesine gidin ve \u201cSayfay\u0131 Koru\u201d simgesine t\u0131klay\u0131n, ard\u0131ndan kullan\u0131c\u0131lara vermek istedi\u011finiz \u015fifreyi ve di\u011fer izinleri sa\u011flay\u0131n ve ard\u0131ndan Tamam&#8217;a t\u0131klay\u0131n. <br><img loading=\"lazy\" decoding=\"async\" title=\"10-sayfay\u0131-korumak i\u00e7in-\u015fifreyi-girin\" src=\"https:\/\/exceladvisor.org\/wp-content\/uploads\/2023\/08\/10-entrez-le-mot-de-passe-pour-proteger-la-feuille.png\" sizes=\"auto, \" srcset=\"\" alt=\"enter-password-to-protect-sheet\" width=\"805\" height=\"499\"><\/li><li> Sonunda \u015fifreyi tekrar girin; bu kez yaln\u0131zca se\u00e7ti\u011finiz h\u00fccreleriniz kilitlenecektir ve art\u0131k kullan\u0131c\u0131lar yaln\u0131zca se\u00e7ilen kilit h\u00fccreleri d\u0131\u015f\u0131ndaki h\u00fccreleri d\u00fczenleyebilir. <br><img loading=\"lazy\" decoding=\"async\" title=\"11-\u015fifreyi tekrar girin\" src=\"https:\/\/exceladvisor.org\/wp-content\/uploads\/2023\/08\/11-saisir-a-nouveau-le-mot-de-passe.png\" sizes=\"auto, \" srcset=\"\" alt=\"enter-password-again\" width=\"351\" height=\"196\"><\/li><\/ol><h2 id=\"h-shortcut-to-lock-specific-cells-in-excel\" class=\"wp-block-heading\"> Excel&#8217;de belirli h\u00fccreleri kilitlemek i\u00e7in k\u0131sayol<\/h2><p> H\u00fccreleri kilitlemek i\u00e7in do\u011frudan bir klavye k\u0131sayolu yoktur, ancak h\u00fccreleri kilitlemek i\u00e7in a\u015fa\u011f\u0131da g\u00f6sterildi\u011fi gibi iki k\u0131sayolun birle\u015fimini kullanabilirsiniz:<\/p><ol><li> \u00d6ncelikle \u201cCtrl + A\u201d klavye k\u0131sayolunu kullanarak sayfan\u0131n tamam\u0131n\u0131 se\u00e7in.<\/li><li> Bundan sonra <a href=\"https:\/\/exceladvisor.org\/tr\/acik-formatli-hucre-secenekleri\/\" target=\"_blank\" rel=\"noopener\">\u201cH\u00fccreleri Bi\u00e7imlendir\u201d ileti\u015fim kutusunu a\u00e7mak<\/a> i\u00e7in \u201cCtrl+1\u201d tu\u015flar\u0131na bas\u0131n.<\/li><li> \u201cKoruma\u201d sekmesine gitmek i\u00e7in \u201cP\u201d tu\u015funa bas\u0131n, ard\u0131ndan \u201cKilitli\u201d se\u00e7ene\u011finin i\u015faretini kald\u0131rmak i\u00e7in \u201cSekme + Bo\u015fluk \u00c7ubu\u011fu\u201d tu\u015flar\u0131na ayn\u0131 anda bas\u0131n ve \u201cEnter\u201d tu\u015funa bas\u0131n. <br><img loading=\"lazy\" decoding=\"async\" title=\"Se\u00e7enek 12-i\u015fareti kald\u0131r\u0131lm\u0131\u015f kilitli\" src=\"https:\/\/exceladvisor.org\/wp-content\/uploads\/2023\/08\/12-decochez-loption-verrouillee.png\" sizes=\"auto, \" srcset=\"\" alt=\"untick-locked-option\" width=\"529\" height=\"304\"><\/li><li> \u015eimdi yaln\u0131zca kilitlemek istedi\u011finiz h\u00fccreleri veya h\u00fccre aral\u0131\u011f\u0131n\u0131 se\u00e7in.<\/li><li> Tekrar \u201cCtrl+1\u201d tu\u015flar\u0131na bast\u0131\u011f\u0131n\u0131zda \u201cH\u00fccreleri Bi\u00e7imlendir\u201d diyalog kutunuz a\u00e7\u0131lacakt\u0131r.<\/li><li> \u201cKoruma\u201d sekmesine gitmek i\u00e7in \u201cP\u201d tu\u015funa bas\u0131n, ard\u0131ndan \u201cSekme\u201d tu\u015funa, ard\u0131ndan \u201cBo\u015fluk \u00c7ubu\u011fu\u201d tu\u015funa basarak \u201cKilitli\u201d se\u00e7ene\u011fini se\u00e7in ve \u201cEnter\u201d tu\u015funa bas\u0131n. <br><img loading=\"lazy\" decoding=\"async\" title=\"13 kilitli se\u00e7enek se\u00e7ildi\" src=\"https:\/\/exceladvisor.org\/wp-content\/uploads\/2023\/08\/13-option-verrouillee-selectionnee.png\" sizes=\"auto, \" srcset=\"\" alt=\"locked-option-selected\" width=\"543\" height=\"252\"><\/li><li> Sonunda, \u201cSayfay\u0131 Koru\u201d ileti\u015fim kutusunu a\u00e7mak i\u00e7in \u201cAlt \u2192 T \u2192 P \u2192 P\u201d tu\u015flar\u0131na bas\u0131n ve \u015fifreyi girin, ard\u0131ndan \u201cEnter\u201d tu\u015funa bas\u0131n. <br><img loading=\"lazy\" decoding=\"async\" title=\"\u015eifre Girmek \u0130\u00e7in 14 K\u0131sayol\" src=\"https:\/\/exceladvisor.org\/wp-content\/uploads\/2023\/08\/14-raccourci-pour-entrer-le-mot-de-passe.png\" sizes=\"auto, \" srcset=\"\" alt=\"shortcut-to-enter-password\" width=\"259\" height=\"434\"><\/li><\/ol><h2 id=\"h-lock-only-the-formula-cells-in-excel\" class=\"wp-block-heading\"> Excel&#8217;de yaln\u0131zca form\u00fcl h\u00fccrelerini kilitleme<\/h2><ol><li> \u00d6ncelikle t\u00fcm h\u00fccreleri se\u00e7in ve \u201cKilitli\u201d se\u00e7ene\u011finin se\u00e7imini kald\u0131rmak i\u00e7in \u201cH\u00fccreleri Bi\u00e7imlendir\u201d ileti\u015fim kutusunu a\u00e7\u0131n. <br><img loading=\"lazy\" decoding=\"async\" title=\"15-kilit h\u00fccreli form\u00fcl\" src=\"https:\/\/exceladvisor.org\/wp-content\/uploads\/2023\/08\/15-cellules-de-formule-de-verrouillage.png\" sizes=\"auto, \" srcset=\"\" alt=\"lock-formula-cells\" width=\"517\" height=\"297\"><\/li><li> Bundan sonra \u201cAna Sayfa\u201d sekmesine gidin, ard\u0131ndan \u201cBul ve De\u011fi\u015ftir\u201d simgesine t\u0131klay\u0131n, ard\u0131ndan \u201c\u00d6zel Git\u201d se\u00e7ene\u011fine t\u0131klay\u0131n. <br><img loading=\"lazy\" decoding=\"async\" title=\"16-\u00f6zel se\u00e7ene\u011fe git\" src=\"https:\/\/exceladvisor.org\/wp-content\/uploads\/2023\/08\/16-aller-a-loption-speciale.png\" sizes=\"auto, \" srcset=\"\" alt=\"go-to-special-option\" width=\"949\" height=\"374\"><\/li><li> \u015eimdi \u201cForm\u00fcller\u201d se\u00e7ene\u011fini se\u00e7in ve ard\u0131ndan Tamam&#8217;a t\u0131klay\u0131n. <br><img loading=\"lazy\" decoding=\"async\" title=\"Yaln\u0131zca Se\u00e7enek 17 se\u00e7im form\u00fclleri\" src=\"https:\/\/exceladvisor.org\/wp-content\/uploads\/2023\/08\/17-selectionner-uniquement-loption-de-formules.png\" sizes=\"auto, \" srcset=\"\" alt=\"select-only-formulas-option\" width=\"305\" height=\"358\"><\/li><li> Tamam&#8217;a t\u0131klad\u0131\u011f\u0131n\u0131z anda form\u00fcl i\u00e7eren t\u00fcm h\u00fccreler se\u00e7ilecektir. <br><img loading=\"lazy\" decoding=\"async\" title=\"18-Form\u00fcll\u00fc-se\u00e7ilmi\u015f-h\u00fccreler\" src=\"https:\/\/exceladvisor.org\/wp-content\/uploads\/2023\/08\/18-cellules-selectionnees-avec-des-formules.png\" sizes=\"auto, \" srcset=\"\" alt=\"selected-cells-with-formulas\" width=\"611\" height=\"240\"><\/li><li> Bu noktada \u201cH\u00fccreleri Bi\u00e7imlendir\u201d ileti\u015fim kutusunu tekrar a\u00e7\u0131n ve yaln\u0131zca yukar\u0131da se\u00e7ilen h\u00fccreleri kilitlemek i\u00e7in \u201cKilitli\u201d se\u00e7ene\u011fini se\u00e7in. <br><img loading=\"lazy\" decoding=\"async\" title=\"19 h\u00fccreli formatta a\u00e7\u0131k ileti\u015fim kutusu\" src=\"https:\/\/exceladvisor.org\/wp-content\/uploads\/2023\/08\/Boite-de-dialogue-de-format-19-cellules-ouverte.png\" sizes=\"auto, \" srcset=\"\" alt=\"format-cells-dialog-box-opened\" width=\"847\" height=\"231\"><\/li><li> Bunun i\u00e7in \u201c\u0130ncele\u201d sekmesine gidin ve \u201cSayfay\u0131 Koru\u201d simgesine t\u0131klay\u0131n, ard\u0131ndan kullan\u0131c\u0131lara vermek istedi\u011finiz \u015fifreyi ve di\u011fer izinleri girip Tamam\u2019a t\u0131klay\u0131n. <br><img loading=\"lazy\" decoding=\"async\" title=\"Sayfay\u0131 korumak i\u00e7in 20 \u015fifre\" src=\"https:\/\/exceladvisor.org\/wp-content\/uploads\/2023\/08\/20-mot-de-passe-pour-proteger-la-feuille.png\" sizes=\"auto, \" srcset=\"\" alt=\"password-to-protect-sheet\" width=\"809\" height=\"501\"><\/li><\/ol><p> Art\u0131k yaln\u0131zca form\u00fcl i\u00e7eren se\u00e7ili h\u00fccreler d\u00fczenleme i\u00e7in kilitlendi.<\/p><h2 id=\"h-unlock-the-locked-cells-in-excel\" class=\"wp-block-heading\"> Excel&#8217;de kilitli h\u00fccrelerin kilidini a\u00e7\u0131n<\/h2><p> H\u00fccrelerin kilidini a\u00e7mak i\u00e7in sayfan\u0131n korumas\u0131n\u0131 kald\u0131r\u0131n; h\u00fccrelerin kilidi a\u00e7\u0131lacakt\u0131r.<\/p><div class=\"gb-container gb-container-4db6181c gb-container-mt\"> <a class=\"gb-button gb-button-c5897111 gb-button-text gb-button-mt-button\" href=\"https:\/\/exceladvisor.org\/tr\/excel-ilerlemesi\/\">\u0130leri D\u00fczey Excel Dersleri<\/a><h2 class=\"gb-headline gb-headline-665e5f6b gb-headline-text gb-headline-mt-heading\"> \u0130lgili e\u011fitimler <\/h2><div class=\"gb-grid-wrapper gb-grid-wrapper-a20baf7c gb-grid-wrapper-mt-grid\"><div class=\"gb-grid-column gb-grid-column-65ddf67e\"><div class=\"gb-container gb-container-65ddf67e\"><ul><li> <a href=\"https:\/\/exceladvisor.org\/tr\/veri-kaybetmeden-hucreleri-birlestirme\/\">Excel&#8217;de veri kaybetmeden h\u00fccreleri birle\u015ftirme<\/a><\/li><li> <a href=\"https:\/\/exceladvisor.org\/tr\/ozel-carpim-yapistir\/\">\u00d6zel Yap\u0131\u015ft\u0131r&#8217;\u0131 kullanarak Excel&#8217;de \u00e7arpma<\/a><\/li><li> <a href=\"https:\/\/exceladvisor.org\/tr\/barkod-ekle\/\" data-wpil=\"url\">Excel&#8217;e barkod ekleme<\/a><\/li><li> <a href=\"https:\/\/exceladvisor.org\/tr\/varsayilan-yazi-tipi\/\">Excel&#8217;de varsay\u0131lan yaz\u0131 tipini de\u011fi\u015ftirme<\/a><\/li><li> <a href=\"https:\/\/exceladvisor.org\/tr\/renge-gore-filtrele\/\">Excel&#8217;de renge g\u00f6re filtrele<\/a><\/li><\/ul><\/div><\/div><\/div><\/div>","protected":false},"excerpt":{"rendered":"","protected":false},"author":1,"featured_media":0,"parent":0,"menu_order":0,"comment_status":"open","ping_status":"closed","template":"","meta":{"ub_ctt_via":"","footnotes":""},"class_list":["post-1942","page","type-page","status-publish","hentry"],"featured_image_src":null,"yoast_head":"<!-- This site is optimized with the Yoast SEO plugin v25.4 - https:\/\/yoast.com\/wordpress\/plugins\/seo\/ -->\n<title>Excel&#039;de h\u00fccreler nas\u0131l kilitlenir? (2023 K\u0131lavuzu)<\/title>\n<meta name=\"description\" content=\"Bu h\u0131zl\u0131 k\u0131lavuz bir veya daha fazla h\u00fccreyi kilitlemenize yard\u0131mc\u0131 olacakt\u0131r. Bunu takip edilmesi kolay ad\u0131mlarla tart\u0131\u015faca\u011f\u0131z.\" \/>\n<meta name=\"robots\" content=\"index, follow, max-snippet:-1, max-image-preview:large, max-video-preview:-1\" \/>\n<link rel=\"canonical\" href=\"https:\/\/exceladvisor.org\/tr\/kilit-hucreleri-1\/\" \/>\n<meta property=\"og:locale\" content=\"tr_TR\" \/>\n<meta property=\"og:type\" content=\"article\" \/>\n<meta property=\"og:title\" content=\"Excel&#039;de h\u00fccreler nas\u0131l kilitlenir? (2023 K\u0131lavuzu)\" \/>\n<meta property=\"og:description\" content=\"Bu h\u0131zl\u0131 k\u0131lavuz bir veya daha fazla h\u00fccreyi kilitlemenize yard\u0131mc\u0131 olacakt\u0131r. Bunu takip edilmesi kolay ad\u0131mlarla tart\u0131\u015faca\u011f\u0131z.\" \/>\n<meta property=\"og:url\" content=\"https:\/\/exceladvisor.org\/tr\/kilit-hucreleri-1\/\" \/>\n<meta property=\"og:site_name\" content=\"Excel Advisor\" \/>\n<meta property=\"article:modified_time\" content=\"2023-12-10T06:01:01+00:00\" \/>\n<meta property=\"og:image\" content=\"https:\/\/exceladvisor.org\/wp-content\/uploads\/2023\/08\/1-selectionner-toutes-les-cellules.png\" \/>\n<meta name=\"twitter:card\" content=\"summary_large_image\" \/>\n<meta name=\"twitter:label1\" content=\"Tahmini okuma s\u00fcresi\" \/>\n\t<meta name=\"twitter:data1\" content=\"5 dakika\" \/>\n<script type=\"application\/ld+json\" class=\"yoast-schema-graph\">{\"@context\":\"https:\/\/schema.org\",\"@graph\":[{\"@type\":\"WebPage\",\"@id\":\"https:\/\/exceladvisor.org\/tr\/kilit-hucreleri-1\/\",\"url\":\"https:\/\/exceladvisor.org\/tr\/kilit-hucreleri-1\/\",\"name\":\"Excel&#39;de h\u00fccreler nas\u0131l kilitlenir? (2023 K\u0131lavuzu)\",\"isPartOf\":{\"@id\":\"https:\/\/exceladvisor.org\/tr\/#website\"},\"primaryImageOfPage\":{\"@id\":\"https:\/\/exceladvisor.org\/tr\/kilit-hucreleri-1\/#primaryimage\"},\"image\":{\"@id\":\"https:\/\/exceladvisor.org\/tr\/kilit-hucreleri-1\/#primaryimage\"},\"thumbnailUrl\":\"https:\/\/exceladvisor.org\/wp-content\/uploads\/2023\/08\/1-selectionner-toutes-les-cellules.png\",\"datePublished\":\"2023-10-27T00:49:48+00:00\",\"dateModified\":\"2023-12-10T06:01:01+00:00\",\"description\":\"Bu h\u0131zl\u0131 k\u0131lavuz bir veya daha fazla h\u00fccreyi kilitlemenize yard\u0131mc\u0131 olacakt\u0131r. Bunu takip edilmesi kolay ad\u0131mlarla tart\u0131\u015faca\u011f\u0131z.\",\"breadcrumb\":{\"@id\":\"https:\/\/exceladvisor.org\/tr\/kilit-hucreleri-1\/#breadcrumb\"},\"inLanguage\":\"tr\",\"potentialAction\":[{\"@type\":\"ReadAction\",\"target\":[\"https:\/\/exceladvisor.org\/tr\/kilit-hucreleri-1\/\"]}]},{\"@type\":\"ImageObject\",\"inLanguage\":\"tr\",\"@id\":\"https:\/\/exceladvisor.org\/tr\/kilit-hucreleri-1\/#primaryimage\",\"url\":\"https:\/\/exceladvisor.org\/wp-content\/uploads\/2023\/08\/1-selectionner-toutes-les-cellules.png\",\"contentUrl\":\"https:\/\/exceladvisor.org\/wp-content\/uploads\/2023\/08\/1-selectionner-toutes-les-cellules.png\"},{\"@type\":\"BreadcrumbList\",\"@id\":\"https:\/\/exceladvisor.org\/tr\/kilit-hucreleri-1\/#breadcrumb\",\"itemListElement\":[{\"@type\":\"ListItem\",\"position\":1,\"name\":\"Ev\",\"item\":\"https:\/\/exceladvisor.org\/tr\/\"},{\"@type\":\"ListItem\",\"position\":2,\"name\":\"Excel&#39;de h\u00fccreler nas\u0131l kilitlenir?\"}]},{\"@type\":\"WebSite\",\"@id\":\"https:\/\/exceladvisor.org\/tr\/#website\",\"url\":\"https:\/\/exceladvisor.org\/tr\/\",\"name\":\"Excel Advisor\",\"description\":\"Veri hakimiyetine y\u00f6nelik nihai rehberiniz!\",\"publisher\":{\"@id\":\"https:\/\/exceladvisor.org\/tr\/#organization\"},\"potentialAction\":[{\"@type\":\"SearchAction\",\"target\":{\"@type\":\"EntryPoint\",\"urlTemplate\":\"https:\/\/exceladvisor.org\/tr\/?s={search_term_string}\"},\"query-input\":{\"@type\":\"PropertyValueSpecification\",\"valueRequired\":true,\"valueName\":\"search_term_string\"}}],\"inLanguage\":\"tr\"},{\"@type\":\"Organization\",\"@id\":\"https:\/\/exceladvisor.org\/tr\/#organization\",\"name\":\"Excel Advisor\",\"url\":\"https:\/\/exceladvisor.org\/tr\/\",\"logo\":{\"@type\":\"ImageObject\",\"inLanguage\":\"tr\",\"@id\":\"https:\/\/exceladvisor.org\/tr\/#\/schema\/logo\/image\/\",\"url\":\"https:\/\/exceladvisor.org\/tr\/wp-content\/uploads\/2023\/12\/exceladvisor.org_.png\",\"contentUrl\":\"https:\/\/exceladvisor.org\/tr\/wp-content\/uploads\/2023\/12\/exceladvisor.org_.png\",\"width\":105,\"height\":36,\"caption\":\"Excel Advisor\"},\"image\":{\"@id\":\"https:\/\/exceladvisor.org\/tr\/#\/schema\/logo\/image\/\"}}]}<\/script>\n<!-- \/ Yoast SEO plugin. -->","yoast_head_json":{"title":"Excel&#39;de h\u00fccreler nas\u0131l kilitlenir? (2023 K\u0131lavuzu)","description":"Bu h\u0131zl\u0131 k\u0131lavuz bir veya daha fazla h\u00fccreyi kilitlemenize yard\u0131mc\u0131 olacakt\u0131r. Bunu takip edilmesi kolay ad\u0131mlarla tart\u0131\u015faca\u011f\u0131z.","robots":{"index":"index","follow":"follow","max-snippet":"max-snippet:-1","max-image-preview":"max-image-preview:large","max-video-preview":"max-video-preview:-1"},"canonical":"https:\/\/exceladvisor.org\/tr\/kilit-hucreleri-1\/","og_locale":"tr_TR","og_type":"article","og_title":"Excel&#39;de h\u00fccreler nas\u0131l kilitlenir? (2023 K\u0131lavuzu)","og_description":"Bu h\u0131zl\u0131 k\u0131lavuz bir veya daha fazla h\u00fccreyi kilitlemenize yard\u0131mc\u0131 olacakt\u0131r. Bunu takip edilmesi kolay ad\u0131mlarla tart\u0131\u015faca\u011f\u0131z.","og_url":"https:\/\/exceladvisor.org\/tr\/kilit-hucreleri-1\/","og_site_name":"Excel Advisor","article_modified_time":"2023-12-10T06:01:01+00:00","og_image":[{"url":"https:\/\/exceladvisor.org\/wp-content\/uploads\/2023\/08\/1-selectionner-toutes-les-cellules.png","type":"","width":"","height":""}],"twitter_card":"summary_large_image","twitter_misc":{"Tahmini okuma s\u00fcresi":"5 dakika"},"schema":{"@context":"https:\/\/schema.org","@graph":[{"@type":"WebPage","@id":"https:\/\/exceladvisor.org\/tr\/kilit-hucreleri-1\/","url":"https:\/\/exceladvisor.org\/tr\/kilit-hucreleri-1\/","name":"Excel&#39;de h\u00fccreler nas\u0131l kilitlenir? (2023 K\u0131lavuzu)","isPartOf":{"@id":"https:\/\/exceladvisor.org\/tr\/#website"},"primaryImageOfPage":{"@id":"https:\/\/exceladvisor.org\/tr\/kilit-hucreleri-1\/#primaryimage"},"image":{"@id":"https:\/\/exceladvisor.org\/tr\/kilit-hucreleri-1\/#primaryimage"},"thumbnailUrl":"https:\/\/exceladvisor.org\/wp-content\/uploads\/2023\/08\/1-selectionner-toutes-les-cellules.png","datePublished":"2023-10-27T00:49:48+00:00","dateModified":"2023-12-10T06:01:01+00:00","description":"Bu h\u0131zl\u0131 k\u0131lavuz bir veya daha fazla h\u00fccreyi kilitlemenize yard\u0131mc\u0131 olacakt\u0131r. Bunu takip edilmesi kolay ad\u0131mlarla tart\u0131\u015faca\u011f\u0131z.","breadcrumb":{"@id":"https:\/\/exceladvisor.org\/tr\/kilit-hucreleri-1\/#breadcrumb"},"inLanguage":"tr","potentialAction":[{"@type":"ReadAction","target":["https:\/\/exceladvisor.org\/tr\/kilit-hucreleri-1\/"]}]},{"@type":"ImageObject","inLanguage":"tr","@id":"https:\/\/exceladvisor.org\/tr\/kilit-hucreleri-1\/#primaryimage","url":"https:\/\/exceladvisor.org\/wp-content\/uploads\/2023\/08\/1-selectionner-toutes-les-cellules.png","contentUrl":"https:\/\/exceladvisor.org\/wp-content\/uploads\/2023\/08\/1-selectionner-toutes-les-cellules.png"},{"@type":"BreadcrumbList","@id":"https:\/\/exceladvisor.org\/tr\/kilit-hucreleri-1\/#breadcrumb","itemListElement":[{"@type":"ListItem","position":1,"name":"Ev","item":"https:\/\/exceladvisor.org\/tr\/"},{"@type":"ListItem","position":2,"name":"Excel&#39;de h\u00fccreler nas\u0131l kilitlenir?"}]},{"@type":"WebSite","@id":"https:\/\/exceladvisor.org\/tr\/#website","url":"https:\/\/exceladvisor.org\/tr\/","name":"Excel Advisor","description":"Veri hakimiyetine y\u00f6nelik nihai rehberiniz!","publisher":{"@id":"https:\/\/exceladvisor.org\/tr\/#organization"},"potentialAction":[{"@type":"SearchAction","target":{"@type":"EntryPoint","urlTemplate":"https:\/\/exceladvisor.org\/tr\/?s={search_term_string}"},"query-input":{"@type":"PropertyValueSpecification","valueRequired":true,"valueName":"search_term_string"}}],"inLanguage":"tr"},{"@type":"Organization","@id":"https:\/\/exceladvisor.org\/tr\/#organization","name":"Excel Advisor","url":"https:\/\/exceladvisor.org\/tr\/","logo":{"@type":"ImageObject","inLanguage":"tr","@id":"https:\/\/exceladvisor.org\/tr\/#\/schema\/logo\/image\/","url":"https:\/\/exceladvisor.org\/tr\/wp-content\/uploads\/2023\/12\/exceladvisor.org_.png","contentUrl":"https:\/\/exceladvisor.org\/tr\/wp-content\/uploads\/2023\/12\/exceladvisor.org_.png","width":105,"height":36,"caption":"Excel Advisor"},"image":{"@id":"https:\/\/exceladvisor.org\/tr\/#\/schema\/logo\/image\/"}}]}},"yoast_meta":{"yoast_wpseo_title":"","yoast_wpseo_metadesc":"","yoast_wpseo_canonical":""},"_links":{"self":[{"href":"https:\/\/exceladvisor.org\/tr\/wp-json\/wp\/v2\/pages\/1942","targetHints":{"allow":["GET"]}}],"collection":[{"href":"https:\/\/exceladvisor.org\/tr\/wp-json\/wp\/v2\/pages"}],"about":[{"href":"https:\/\/exceladvisor.org\/tr\/wp-json\/wp\/v2\/types\/page"}],"author":[{"embeddable":true,"href":"https:\/\/exceladvisor.org\/tr\/wp-json\/wp\/v2\/users\/1"}],"replies":[{"embeddable":true,"href":"https:\/\/exceladvisor.org\/tr\/wp-json\/wp\/v2\/comments?post=1942"}],"version-history":[{"count":1,"href":"https:\/\/exceladvisor.org\/tr\/wp-json\/wp\/v2\/pages\/1942\/revisions"}],"predecessor-version":[{"id":2459,"href":"https:\/\/exceladvisor.org\/tr\/wp-json\/wp\/v2\/pages\/1942\/revisions\/2459"}],"wp:attachment":[{"href":"https:\/\/exceladvisor.org\/tr\/wp-json\/wp\/v2\/media?parent=1942"}],"curies":[{"name":"wp","href":"https:\/\/api.w.org\/{rel}","templated":true}]}}