{"id":1943,"date":"2023-10-27T00:16:49","date_gmt":"2023-10-27T00:16:49","guid":{"rendered":"https:\/\/exceladvisor.org\/tr\/otomatik-duzeltme\/"},"modified":"2023-12-10T06:01:53","modified_gmt":"2023-12-10T06:01:53","slug":"otomatik-duzeltme","status":"publish","type":"page","link":"https:\/\/exceladvisor.org\/tr\/otomatik-duzeltme\/","title":{"rendered":"Excel&#39;de otomatik d\u00fczeltme nas\u0131l kullan\u0131l\u0131r?"},"content":{"rendered":"<div class=\"excel-icerikten-once\" id=\"excel-3049101073\"><script type=\"text\/javascript\">\r\n\tatOptions = {\r\n\t\t'key' : 'c1158f160081d6540a8409e6925dab94',\r\n\t\t'format' : 'iframe',\r\n\t\t'height' : 250,\r\n\t\t'width' : 300,\r\n\t\t'params' : {}\r\n\t};\r\n<\/script>\r\n<script type=\"text\/javascript\" src=\"\/\/www.highperformanceformat.com\/c1158f160081d6540a8409e6925dab94\/invoke.js\"><\/script><\/div> <p>Ad\u0131ndan da anla\u015f\u0131laca\u011f\u0131 gibi Otomatik D\u00fczeltme, yanl\u0131\u015f yaz\u0131lan s\u00f6zc\u00fckleri otomatik olarak d\u00fczelten bir Excel \u00f6zelli\u011fidir. Ancak bu sadece yanl\u0131\u015f yaz\u0131lan kelimeleri d\u00fczeltmekle s\u0131n\u0131rl\u0131 de\u011fil. A\u015fa\u011f\u0131dakiler i\u00e7in kullan\u0131labilecek bir\u00e7ok ek \u00f6zelli\u011fe sahiptir:<\/p><ul><li> Yaz\u0131m hatalar\u0131n\u0131 d\u00fczeltin,<\/li><li> B\u00fcy\u00fck harf hatalar\u0131,<\/li><li> K\u0131saltmalar\u0131 tam metne d\u00f6n\u00fc\u015ft\u00fcr\u00fcn,<\/li><li> Onay i\u015faretleri ekleyin,<\/li><li> Semboller,<\/li><li> Vesaire.<\/li><\/ul><p> Bu e\u011fitimde Otomatik D\u00fczelt \u00f6zelli\u011finde kullan\u0131labilecek farkl\u0131 se\u00e7enekler hakk\u0131nda bilgi edineceksiniz.<\/p><h2 class=\"wp-block-heading\"> Excel&#8217;de yaln\u0131zca gerekli otomatik d\u00fczeltme se\u00e7eneklerini se\u00e7in<\/h2><p> Otomatik d\u00fczeltme, Excel&#8217;de varsay\u0131lan olarak etkinle\u015ftirilen ve t\u00fcm se\u00e7eneklerin mevcut oldu\u011fu \u00f6zelliktir. Ancak otomatik d\u00fczeltme \u00f6zelli\u011fi kapsam\u0131nda kullanmak istemedi\u011finiz bir veya birka\u00e7 se\u00e7ene\u011fi se\u00e7ip devre d\u0131\u015f\u0131 b\u0131rakabilirsiniz ve bunun i\u00e7in a\u015fa\u011f\u0131daki ad\u0131mlar\u0131 izlemeniz gerekir:<\/p><ol><li> \u00d6ncelikle \u015feritteki \u201cDosya\u201d sekmesine gidin, ard\u0131ndan \u201cSe\u00e7enekler\u201de t\u0131klay\u0131n, \u201cExcel Se\u00e7enekleri\u201d ileti\u015fim kutusu a\u00e7\u0131lacakt\u0131r. <br><img loading=\"lazy\" decoding=\"async\" title=\"1-se\u00e7enekler-excel\" src=\"https:\/\/exceladvisor.org\/wp-content\/uploads\/2023\/08\/1-option-excel.png\" sizes=\"auto, \" srcset=\"\" alt=\"excel-options\" width=\"517\" height=\"480\"><\/li><li> Bundan sonra, sol paneldeki \u201cYaz\u0131m Denetimi\u201dne ve ard\u0131ndan \u201cOtomatik D\u00fczeltme Se\u00e7enekleri\u201dne t\u0131klay\u0131n. <br><img loading=\"lazy\" decoding=\"async\" title=\"2-otomatik d\u00fczeltme se\u00e7ene\u011fi\" src=\"https:\/\/exceladvisor.org\/wp-content\/uploads\/2023\/08\/2-options-de-correction-automatique.png\" sizes=\"auto, \" srcset=\"\" alt=\"autocorrect-option\" width=\"552\" height=\"418\"><\/li><li> Bu noktada, t\u00fcm varsay\u0131lan se\u00e7eneklerin zaten se\u00e7ili oldu\u011fu \u201cOtomatik D\u00fczelt\u201d ileti\u015fim kutusunu a\u00e7acaks\u0131n\u0131z.<\/li><li> &#8220;Otomatik D\u00fczelt&#8221; sekmesi alt\u0131nda, Otomatik D\u00fczelt \u00f6zelli\u011finin bir par\u00e7as\u0131 olarak kullanmak istemedi\u011finiz se\u00e7ene\u011fin se\u00e7imini kald\u0131r\u0131n ve ard\u0131ndan Tamam&#8217;\u0131 t\u0131klay\u0131n. Bu se\u00e7enek hari\u00e7 tutuldu\u011funda otomatik d\u00fczeltme \u00f6zelli\u011fi etkinle\u015ftirilecektir. <br><img loading=\"lazy\" decoding=\"async\" title=\"3-otomatik d\u00fczeltme ileti\u015fim kutusu\" src=\"https:\/\/exceladvisor.org\/wp-content\/uploads\/2023\/08\/3-boite-de-dialogue-de-correction-automatique.png\" sizes=\"auto, \" srcset=\"\" alt=\"autocorrect-dialog-box\" width=\"359\" height=\"428\"><\/li><\/ol><h2 class=\"wp-block-heading\"> Otomatik D\u00fczelt Sekmesi Se\u00e7enekleri<\/h2><p> Otomatik D\u00fczelt \u00f6zelli\u011fiyle birlikte kullan\u0131lmak \u00fczere varsay\u0131lan olarak se\u00e7ilmi\u015f olan Otomatik D\u00fczelt&#8217;te bir\u00e7ok se\u00e7enek mevcuttur. Burada bu se\u00e7eneklerin tan\u0131mlar\u0131n\u0131 anlaman\u0131z i\u00e7in a\u00e7\u0131klad\u0131k.<\/p><ol><li> <strong>Her iki ilk harfi de d\u00fczelt:<\/strong> Bu se\u00e7enek etkinle\u015ftirildi\u011finde, kelimelerin ilk iki b\u00fcy\u00fck harfini otomatik olarak d\u00fczeltir. Mesela &#8220;MESsage&#8221; yazarsan\u0131z otomatik olarak Mesaj olarak d\u00fczeltecektir. Ancak bu se\u00e7ene\u011fin se\u00e7imini kald\u0131r\u0131rsan\u0131z, otomatik d\u00fczeltme ilk iki b\u00fcy\u00fck harfi d\u00fczeltmez.<\/li><li> <strong>C\u00fcmlelerin ilk harfini b\u00fcy\u00fck harf yap:<\/strong> Bu se\u00e7enek etkinle\u015ftirildi\u011finde, her yeni c\u00fcmlenin ilk harfini otomatik olarak b\u00fcy\u00fck harf yapar. \u00d6rne\u011fin, \u201cNas\u0131ls\u0131n\u0131z arkada\u015flar. biz iyiyiz\u201d, i\u00e7imizdeki \u201cw\u201d harfini otomatik olarak b\u00fcy\u00fck harfe \u00e7evirecek ve \u201cNas\u0131ls\u0131n\u0131z arkada\u015flar. Biz iyiyiz.<\/li><li> <strong>G\u00fcn adlar\u0131n\u0131 b\u00fcy\u00fck harf yap:<\/strong> Ad\u0131ndan da anla\u015f\u0131laca\u011f\u0131 gibi, bu se\u00e7enek etkinle\u015ftirildi\u011finde Excel&#8217;de girdi\u011finiz g\u00fcnlerin ad\u0131n\u0131 otomatik olarak b\u00fcy\u00fck harfe \u00e7evirir. \u00d6rne\u011fin &#8220;Pazar&#8221; yazarsan\u0131z &#8220;s&#8221; harfini b\u00fcy\u00fck harf yapar ve &#8220;Pazar&#8221; yapar.<\/li><li> <strong>B\u00fcy\u00fck harf kilidi tu\u015funun yanl\u0131\u015fl\u0131kla kullan\u0131lmas\u0131n\u0131 d\u00fczeltin:<\/strong> Bu se\u00e7enek etkinle\u015ftirildi\u011finde, b\u00fcy\u00fck harf kilidi kullan\u0131larak yanl\u0131\u015fl\u0131kla yaz\u0131lan s\u00f6zc\u00fckleri otomatik olarak d\u00fczeltir. \u00d6rne\u011fin, &#8220;Pazar&#8221; yazarsan\u0131z, o kelimeyi otomatik olarak &#8220;Pazar&#8221; olarak d\u00fczeltir.<\/li><li> <strong>Yazarken metni de\u011fi\u015ftir:<\/strong> Bu se\u00e7enek, baz\u0131 k\u0131sa kodlar\u0131, tam metin metnini veya k\u0131saltmalar\u0131 de\u011fi\u015ftirmek, baz\u0131 metinleri sembollerle de\u011fi\u015ftirmek ve baz\u0131 yanl\u0131\u015f yaz\u0131lan kelimeleri do\u011fru kelimelerle de\u011fi\u015ftirmek i\u00e7in kullan\u0131l\u0131r. Otomatik d\u00fczeltme zaten \u00f6nceden tan\u0131mlanm\u0131\u015f metin ve kelimeler listesine sahiptir ve bunlar\u0131 e-tabloya girdi\u011fimizde otomatik olarak \u00f6nceden tan\u0131mlanm\u0131\u015f sonu\u00e7larla de\u011fi\u015ftirilecektir. \u00d6nceden tan\u0131mlanm\u0131\u015f baz\u0131 kelimeleri listeden \u00e7\u0131karabilir ve bu listeye ba\u015fka kelimeler ekleyerek listeyi geni\u015fletebilirsiniz.<\/li><\/ol><h2 class=\"wp-block-heading\"> Otomatik d\u00fczeltme istisnalar\u0131<\/h2><p> Otomatik d\u00fczeltme \u00f6zelli\u011fi ayr\u0131ca belirli istisnalar belirleme yetene\u011fine de sahiptir. Daha fazla istisna ekleyerek geni\u015fletebilece\u011finiz veya gerekli olmayan istisnalar\u0131 listeden kald\u0131rarak silebilece\u011finiz istisnalar alt\u0131nda \u00f6nceden tan\u0131mlanm\u0131\u015f bir liste bulacaks\u0131n\u0131z.<\/p><ol><li> Otomatik D\u00fczelt sekmesinin alt\u0131nda \u201c\u0130stisnalar\u201d d\u00fc\u011fmesini t\u0131klay\u0131n. <br><img loading=\"lazy\" decoding=\"async\" title=\"4-otomatik d\u00fczeltme-istisnalar\u0131\" src=\"https:\/\/exceladvisor.org\/wp-content\/uploads\/2023\/08\/4-exceptions-de-correction-automatique.png\" sizes=\"auto, \" srcset=\"\" alt=\"autocorrect-exceptions\" width=\"364\" height=\"433\"><\/li><li> \u201c\u0130stisnalar\u201d d\u00fc\u011fmesine t\u0131klad\u0131\u011f\u0131n\u0131zda, \u201cOtomatik D\u00fczelt \u0130stisnalar\u201d ileti\u015fim kutusu a\u00e7\u0131l\u0131r.<\/li><li> &#8220;\u0130lk harf&#8221; sekmesi alt\u0131nda, belirli harf veya kelimelerin nokta (.)\/noktas\u0131ndan sonra otomatik d\u00fczeltmenin ilk harfi b\u00fcy\u00fck harf yapmayaca\u011f\u0131 istisnalar\u0131n \u00f6nceden tan\u0131mlanm\u0131\u015f listesini bulacaks\u0131n\u0131z. \u0130htiya\u00e7lar\u0131n\u0131za g\u00f6re bu listeyi uzatabilir veya silebilirsiniz. <br><img loading=\"lazy\" decoding=\"async\" title=\"sekme 5-ilk harf\" src=\"https:\/\/exceladvisor.org\/wp-content\/uploads\/2023\/08\/5-onglet-premiere-lettre.png\" sizes=\"auto, \" srcset=\"\" alt=\"first-letter-tab\" width=\"337\" height=\"265\"><\/li><li> &#8220;Ba\u015f Harfleri B\u00fcy\u00fck&#8221; sekmesi alt\u0131nda, otomatik d\u00fczeltme se\u00e7eneklerinde &#8220;\u0130lk iki harfi b\u00fcy\u00fck&#8221; se\u00e7ene\u011fini se\u00e7ti\u011finizde oldu\u011fu gibi, kelimelerin ilk iki b\u00fcy\u00fck harfini kontrol etmek i\u00e7in otomatik d\u00fczeltme istemedi\u011finiz kelimelerin listesini ekleyebilirsiniz. yukar\u0131da bahsedilen. <br><img loading=\"lazy\" decoding=\"async\" title=\"sekme 6 ilk b\u00fcy\u00fck harfler\" src=\"https:\/\/exceladvisor.org\/wp-content\/uploads\/2023\/08\/Onglet-6-majuscules-initiales.png\" sizes=\"auto, \" srcset=\"\" alt=\"initial-caps-tab\" width=\"333\" height=\"261\"><\/li><\/ol><p> Yukar\u0131daki ekran g\u00f6r\u00fcnt\u00fcs\u00fcnde de g\u00f6rebilece\u011finiz gibi listeye &#8220;Exceladvisor&#8221; ve ID&#8217;leri ekledik yani art\u0131k bu iki kelimeyi \u00e7al\u0131\u015fma sayfas\u0131 hesaplamas\u0131na her girdi\u011fimizde otomatik d\u00fczeltme kelimenin ikinci harfini de\u011fi\u015ftirmeyecek sona erecek \u00e7\u00fcnk\u00fc bu iki kelime i\u00e7in istisnay\u0131 tan\u0131mlad\u0131k.<\/p><h2 class=\"wp-block-heading\"> Yazarken otomatik bi\u00e7imlendirme se\u00e7enekleri<\/h2><p> Otomatik Format sekmesi, varsay\u0131lan olarak se\u00e7ilen ve Excel&#8217;de \u00e7al\u0131\u015f\u0131rken \u00e7ok faydal\u0131 olan ve a\u015fa\u011f\u0131da a\u00e7\u0131klanan \u00fc\u00e7 otomatik format se\u00e7ene\u011finden olu\u015fur: <\/p><div class=\"wp-block-image\"><figure class=\"aligncenter size-full is-resized\"><img loading=\"lazy\" decoding=\"async\" class=\"wp-image-79157\" src=\"https:\/\/exceladvisor.org\/wp-content\/uploads\/2023\/08\/7-mise-en-forme-automatique-au-fur-et-a-mesure-de-la-frappe.png\" sizes=\"auto, \" srcset=\"\" alt=\"yazarken otomatik bi\u00e7imlendirme\" width=\"391\" height=\"461\"><\/figure><\/div><ol><li> <strong>K\u00f6pr\u00fcl\u00fc \u0130nternet ve A\u011f Yolu:<\/strong> Elektronik tabloya bir k\u00f6pr\u00fc veya web adresi girdi\u011finizde, o ba\u011flant\u0131 adresine y\u00f6nlendirebilecek olana t\u0131kland\u0131\u011f\u0131nda bunun bir k\u00f6pr\u00fcye d\u00f6n\u00fc\u015ft\u00fcr\u00fcld\u00fc\u011f\u00fcn\u00fc her zaman g\u00f6rm\u00fc\u015fs\u00fcn\u00fczd\u00fcr. B\u00fct\u00fcn bunlar bu se\u00e7enek sayesinde ger\u00e7ekle\u015fir. Bu ba\u011flant\u0131lar\u0131 k\u00f6pr\u00fclere d\u00f6n\u00fc\u015ft\u00fcrmek istemiyorsan\u0131z bu se\u00e7ene\u011fin se\u00e7imini kald\u0131r\u0131n.<\/li><li> <strong>Tabloda Yeni Sat\u0131r ve S\u00fctunlar:<\/strong> Excel tablosunun biti\u015fik s\u00fctununa veya sat\u0131r\u0131na bir de\u011fer girdi\u011finizde tablonun, bunlar\u0131 tabloya dahil ederek o sat\u0131r veya s\u00fctuna kadar geni\u015fletilece\u011fini her zaman g\u00f6rm\u00fc\u015fs\u00fcn\u00fczd\u00fcr. B\u00fct\u00fcn bunlar bu se\u00e7enek sayesinde ger\u00e7ekle\u015fir. Bunu kapat\u0131rsan\u0131z Excel tablosu art\u0131k otomatik olarak geni\u015flemeyecektir.<\/li><li> <strong>Tablodaki Form\u00fclleri Doldur:<\/strong> Bu se\u00e7enek, form\u00fcl\u00fcn h\u00fccre referanslar\u0131n\u0131 ayarlayarak girdi\u011finiz form\u00fcl\u00fc Excel tablosundaki t\u00fcm h\u00fccrelere ayn\u0131 s\u00fctunun alt\u0131na otomatik olarak kopyalar.<\/li><\/ol><h2 class=\"wp-block-heading\"> Sekme Eylemleri<\/h2><p> Eylem sekmesi belirli s\u00f6zc\u00fcklere, metne veya de\u011ferlere dayal\u0131 olarak ek eylemler olu\u015fturabilir. Varsay\u0131lan olarak ek eylemlerin devre d\u0131\u015f\u0131 oldu\u011funu g\u00f6receksiniz ve bunu etkinle\u015ftirmek i\u00e7in \u201cBa\u011flam men\u00fcs\u00fcnden ek eylemleri etkinle\u015ftir\u201d se\u00e7ene\u011fini se\u00e7in.<\/p><p> Excel&#8217;de listede \u00f6nceden tan\u0131mlanm\u0131\u015f ek bir eylem olarak yaln\u0131zca Tarih (XML) bulunur, ancak gerekti\u011finde ba\u015fkalar\u0131n\u0131 da olu\u015fturabilirsiniz. <\/p><div class=\"wp-block-image\"><figure class=\"aligncenter size-full is-resized\"><img loading=\"lazy\" decoding=\"async\" class=\"wp-image-79158\" src=\"https:\/\/exceladvisor.org\/wp-content\/uploads\/2023\/08\/onglet-8-actions.png\" sizes=\"auto, \" srcset=\"\" alt=\"sekme eylemleri\" width=\"379\" height=\"446\"><\/figure><\/div><p> Bu se\u00e7ene\u011fi etkinle\u015ftirdi\u011finizde, tarih eylemi Excel taraf\u0131ndan \u00f6nceden tan\u0131mland\u0131\u011f\u0131 i\u00e7in etkinle\u015ftirilecektir, yani bundan sonra h\u00fccreye tarihi girdi\u011finizde.<\/p><p> \u00dczerine sa\u011f t\u0131klarsan\u0131z, Excel size takviminize y\u00f6nlendirilece\u011finiz Outlook Takvim se\u00e7eneklerini g\u00f6sterecektir.<\/p><p> Bu ek takvim se\u00e7ene\u011finin g\u00f6r\u00fcnt\u00fclenmesi i\u00e7in Outlook&#8217;un e-posta kimli\u011fiyle yap\u0131land\u0131r\u0131lmas\u0131 gerekir.<\/p><h2 class=\"wp-block-heading\"> Matematik Otomatik D\u00fczeltme sekmesi<\/h2><p> Matematik Otomatik D\u00fczeltme sekmesi denklemlere matematik sembolleri eklemek i\u00e7in kullan\u0131l\u0131r. <\/p><div class=\"wp-block-image\"><figure class=\"aligncenter size-full is-resized\"><img loading=\"lazy\" decoding=\"async\" class=\"wp-image-79159\" src=\"https:\/\/exceladvisor.org\/wp-content\/uploads\/2023\/08\/9-onglet-de-correction-automatique-des-mathematiques.png\" sizes=\"auto, \" srcset=\"\" alt=\"matematik sekmesi-otomatik d\u00fczeltme\" width=\"379\" height=\"445\"><\/figure><\/div><p class=\"grey-note\"> Bu Matematik Otomatik D\u00fczeltme i\u015flevi h\u00fccrede \u00e7al\u0131\u015fmaz. Bu yaln\u0131zca denklemlerde \u00e7al\u0131\u015f\u0131r (Sembollerden Denklemlere Ekle sekmesi)<\/p><h2 class=\"wp-block-heading\"> Otomatik d\u00fczeltmeyi kapat<\/h2><p> Excel&#8217;in Otomatik D\u00fczelt \u00f6zelli\u011fini do\u011frudan kapatma se\u00e7ene\u011fi yoktur. Otomatik D\u00fczelt \u00f6zelli\u011fini tamamen durdurmak i\u00e7in kullan\u0131c\u0131lar\u0131n t\u00fcm &#8220;Otomatik D\u00fczelt&#8221; ve di\u011fer sekme se\u00e7eneklerinin se\u00e7imini kald\u0131rmas\u0131 gerekir. <\/p><div class=\"wp-block-image\"><figure class=\"aligncenter size-full is-resized\"><img loading=\"lazy\" decoding=\"async\" class=\"wp-image-79160\" src=\"https:\/\/exceladvisor.org\/wp-content\/uploads\/2023\/08\/10-options-de-correction-automatique.png\" sizes=\"auto, \" srcset=\"\" alt=\"otomatik d\u00fczeltme se\u00e7eneklerinin se\u00e7imini kald\u0131r\u0131n\" width=\"382\" height=\"449\"><\/figure><\/div><div class=\"gb-container gb-container-4db6181c gb-container-mt\"> <a class=\"gb-button gb-button-c5897111 gb-button-text gb-button-mt-button\" href=\"https:\/\/exceladvisor.org\/tr\/excel-ilerlemesi\/\">\u0130leri Excel Dersleri<\/a><h2 class=\"gb-headline gb-headline-665e5f6b gb-headline-text gb-headline-mt-heading\"> \u0130lgili e\u011fitimler <\/h2><div class=\"gb-grid-wrapper gb-grid-wrapper-a20baf7c gb-grid-wrapper-mt-grid\"><div class=\"gb-grid-column gb-grid-column-50067b57\"><div class=\"gb-container gb-container-50067b57\"><ul><li> <a href=\"https:\/\/exceladvisor.org\/tr\/kisisellestirilmis-listeler\/\">Excel&#8217;de \u00d6zel Liste<\/a><\/li><li> <a href=\"https:\/\/exceladvisor.org\/tr\/excelde-pdf\/\">Excel&#8217;e PDF ekleme<\/a><\/li><li> <a href=\"https:\/\/exceladvisor.org\/tr\/resim-ekle\/\">Excel&#8217;de bir h\u00fccreye resim ekleme<\/a><\/li><li> <a href=\"https:\/\/exceladvisor.org\/tr\/dosya-yerlestirme\/\">Excel&#8217;e dosya g\u00f6mme<\/a><\/li><li> PDF&#8217;yi Excel&#8217;e d\u00f6n\u00fc\u015ft\u00fcr\u00fcn<\/li><\/ul><\/div><\/div><\/div><\/div>","protected":false},"excerpt":{"rendered":"","protected":false},"author":1,"featured_media":0,"parent":0,"menu_order":0,"comment_status":"open","ping_status":"closed","template":"","meta":{"ub_ctt_via":"","footnotes":""},"class_list":["post-1943","page","type-page","status-publish","hentry"],"featured_image_src":null,"yoast_head":"<!-- This site is optimized with the Yoast SEO plugin v25.4 - https:\/\/yoast.com\/wordpress\/plugins\/seo\/ -->\n<title>Excel&#039;de Otomatik D\u00fczeltme nas\u0131l kullan\u0131l\u0131r?<\/title>\n<meta name=\"description\" content=\"Bu h\u0131zl\u0131 k\u0131lavuz, Excel&#039;deki Otomatik D\u00fczelt se\u00e7ene\u011fi hakk\u0131nda daha fazla bilgi edinmenize yard\u0131mc\u0131 olacakt\u0131r.\" \/>\n<meta name=\"robots\" content=\"index, follow, max-snippet:-1, max-image-preview:large, max-video-preview:-1\" \/>\n<link rel=\"canonical\" href=\"https:\/\/exceladvisor.org\/tr\/otomatik-duzeltme\/\" \/>\n<meta property=\"og:locale\" content=\"tr_TR\" \/>\n<meta property=\"og:type\" content=\"article\" \/>\n<meta property=\"og:title\" content=\"Excel&#039;de Otomatik D\u00fczeltme nas\u0131l kullan\u0131l\u0131r?\" \/>\n<meta property=\"og:description\" content=\"Bu h\u0131zl\u0131 k\u0131lavuz, Excel&#039;deki Otomatik D\u00fczelt se\u00e7ene\u011fi hakk\u0131nda daha fazla bilgi edinmenize yard\u0131mc\u0131 olacakt\u0131r.\" \/>\n<meta property=\"og:url\" content=\"https:\/\/exceladvisor.org\/tr\/otomatik-duzeltme\/\" \/>\n<meta property=\"og:site_name\" content=\"Excel Advisor\" \/>\n<meta property=\"article:modified_time\" content=\"2023-12-10T06:01:53+00:00\" \/>\n<meta property=\"og:image\" content=\"https:\/\/exceladvisor.org\/wp-content\/uploads\/2023\/08\/1-option-excel.png\" \/>\n<meta name=\"twitter:card\" content=\"summary_large_image\" \/>\n<meta name=\"twitter:label1\" content=\"Tahmini okuma s\u00fcresi\" \/>\n\t<meta name=\"twitter:data1\" content=\"7 dakika\" \/>\n<script type=\"application\/ld+json\" class=\"yoast-schema-graph\">{\"@context\":\"https:\/\/schema.org\",\"@graph\":[{\"@type\":\"WebPage\",\"@id\":\"https:\/\/exceladvisor.org\/tr\/otomatik-duzeltme\/\",\"url\":\"https:\/\/exceladvisor.org\/tr\/otomatik-duzeltme\/\",\"name\":\"Excel&#39;de Otomatik D\u00fczeltme nas\u0131l kullan\u0131l\u0131r?\",\"isPartOf\":{\"@id\":\"https:\/\/exceladvisor.org\/tr\/#website\"},\"primaryImageOfPage\":{\"@id\":\"https:\/\/exceladvisor.org\/tr\/otomatik-duzeltme\/#primaryimage\"},\"image\":{\"@id\":\"https:\/\/exceladvisor.org\/tr\/otomatik-duzeltme\/#primaryimage\"},\"thumbnailUrl\":\"https:\/\/exceladvisor.org\/wp-content\/uploads\/2023\/08\/1-option-excel.png\",\"datePublished\":\"2023-10-27T00:16:49+00:00\",\"dateModified\":\"2023-12-10T06:01:53+00:00\",\"description\":\"Bu h\u0131zl\u0131 k\u0131lavuz, Excel&#39;deki Otomatik D\u00fczelt se\u00e7ene\u011fi hakk\u0131nda daha fazla bilgi edinmenize yard\u0131mc\u0131 olacakt\u0131r.\",\"breadcrumb\":{\"@id\":\"https:\/\/exceladvisor.org\/tr\/otomatik-duzeltme\/#breadcrumb\"},\"inLanguage\":\"tr\",\"potentialAction\":[{\"@type\":\"ReadAction\",\"target\":[\"https:\/\/exceladvisor.org\/tr\/otomatik-duzeltme\/\"]}]},{\"@type\":\"ImageObject\",\"inLanguage\":\"tr\",\"@id\":\"https:\/\/exceladvisor.org\/tr\/otomatik-duzeltme\/#primaryimage\",\"url\":\"https:\/\/exceladvisor.org\/wp-content\/uploads\/2023\/08\/1-option-excel.png\",\"contentUrl\":\"https:\/\/exceladvisor.org\/wp-content\/uploads\/2023\/08\/1-option-excel.png\"},{\"@type\":\"BreadcrumbList\",\"@id\":\"https:\/\/exceladvisor.org\/tr\/otomatik-duzeltme\/#breadcrumb\",\"itemListElement\":[{\"@type\":\"ListItem\",\"position\":1,\"name\":\"Ev\",\"item\":\"https:\/\/exceladvisor.org\/tr\/\"},{\"@type\":\"ListItem\",\"position\":2,\"name\":\"Excel&#39;de otomatik d\u00fczeltme nas\u0131l kullan\u0131l\u0131r?\"}]},{\"@type\":\"WebSite\",\"@id\":\"https:\/\/exceladvisor.org\/tr\/#website\",\"url\":\"https:\/\/exceladvisor.org\/tr\/\",\"name\":\"Excel Advisor\",\"description\":\"Veri hakimiyetine y\u00f6nelik nihai rehberiniz!\",\"publisher\":{\"@id\":\"https:\/\/exceladvisor.org\/tr\/#organization\"},\"potentialAction\":[{\"@type\":\"SearchAction\",\"target\":{\"@type\":\"EntryPoint\",\"urlTemplate\":\"https:\/\/exceladvisor.org\/tr\/?s={search_term_string}\"},\"query-input\":{\"@type\":\"PropertyValueSpecification\",\"valueRequired\":true,\"valueName\":\"search_term_string\"}}],\"inLanguage\":\"tr\"},{\"@type\":\"Organization\",\"@id\":\"https:\/\/exceladvisor.org\/tr\/#organization\",\"name\":\"Excel Advisor\",\"url\":\"https:\/\/exceladvisor.org\/tr\/\",\"logo\":{\"@type\":\"ImageObject\",\"inLanguage\":\"tr\",\"@id\":\"https:\/\/exceladvisor.org\/tr\/#\/schema\/logo\/image\/\",\"url\":\"https:\/\/exceladvisor.org\/tr\/wp-content\/uploads\/2023\/12\/exceladvisor.org_.png\",\"contentUrl\":\"https:\/\/exceladvisor.org\/tr\/wp-content\/uploads\/2023\/12\/exceladvisor.org_.png\",\"width\":105,\"height\":36,\"caption\":\"Excel Advisor\"},\"image\":{\"@id\":\"https:\/\/exceladvisor.org\/tr\/#\/schema\/logo\/image\/\"}}]}<\/script>\n<!-- \/ Yoast SEO plugin. -->","yoast_head_json":{"title":"Excel&#39;de Otomatik D\u00fczeltme nas\u0131l kullan\u0131l\u0131r?","description":"Bu h\u0131zl\u0131 k\u0131lavuz, Excel&#39;deki Otomatik D\u00fczelt se\u00e7ene\u011fi hakk\u0131nda daha fazla bilgi edinmenize yard\u0131mc\u0131 olacakt\u0131r.","robots":{"index":"index","follow":"follow","max-snippet":"max-snippet:-1","max-image-preview":"max-image-preview:large","max-video-preview":"max-video-preview:-1"},"canonical":"https:\/\/exceladvisor.org\/tr\/otomatik-duzeltme\/","og_locale":"tr_TR","og_type":"article","og_title":"Excel&#39;de Otomatik D\u00fczeltme nas\u0131l kullan\u0131l\u0131r?","og_description":"Bu h\u0131zl\u0131 k\u0131lavuz, Excel&#39;deki Otomatik D\u00fczelt se\u00e7ene\u011fi hakk\u0131nda daha fazla bilgi edinmenize yard\u0131mc\u0131 olacakt\u0131r.","og_url":"https:\/\/exceladvisor.org\/tr\/otomatik-duzeltme\/","og_site_name":"Excel Advisor","article_modified_time":"2023-12-10T06:01:53+00:00","og_image":[{"url":"https:\/\/exceladvisor.org\/wp-content\/uploads\/2023\/08\/1-option-excel.png","type":"","width":"","height":""}],"twitter_card":"summary_large_image","twitter_misc":{"Tahmini okuma s\u00fcresi":"7 dakika"},"schema":{"@context":"https:\/\/schema.org","@graph":[{"@type":"WebPage","@id":"https:\/\/exceladvisor.org\/tr\/otomatik-duzeltme\/","url":"https:\/\/exceladvisor.org\/tr\/otomatik-duzeltme\/","name":"Excel&#39;de Otomatik D\u00fczeltme nas\u0131l kullan\u0131l\u0131r?","isPartOf":{"@id":"https:\/\/exceladvisor.org\/tr\/#website"},"primaryImageOfPage":{"@id":"https:\/\/exceladvisor.org\/tr\/otomatik-duzeltme\/#primaryimage"},"image":{"@id":"https:\/\/exceladvisor.org\/tr\/otomatik-duzeltme\/#primaryimage"},"thumbnailUrl":"https:\/\/exceladvisor.org\/wp-content\/uploads\/2023\/08\/1-option-excel.png","datePublished":"2023-10-27T00:16:49+00:00","dateModified":"2023-12-10T06:01:53+00:00","description":"Bu h\u0131zl\u0131 k\u0131lavuz, Excel&#39;deki Otomatik D\u00fczelt se\u00e7ene\u011fi hakk\u0131nda daha fazla bilgi edinmenize yard\u0131mc\u0131 olacakt\u0131r.","breadcrumb":{"@id":"https:\/\/exceladvisor.org\/tr\/otomatik-duzeltme\/#breadcrumb"},"inLanguage":"tr","potentialAction":[{"@type":"ReadAction","target":["https:\/\/exceladvisor.org\/tr\/otomatik-duzeltme\/"]}]},{"@type":"ImageObject","inLanguage":"tr","@id":"https:\/\/exceladvisor.org\/tr\/otomatik-duzeltme\/#primaryimage","url":"https:\/\/exceladvisor.org\/wp-content\/uploads\/2023\/08\/1-option-excel.png","contentUrl":"https:\/\/exceladvisor.org\/wp-content\/uploads\/2023\/08\/1-option-excel.png"},{"@type":"BreadcrumbList","@id":"https:\/\/exceladvisor.org\/tr\/otomatik-duzeltme\/#breadcrumb","itemListElement":[{"@type":"ListItem","position":1,"name":"Ev","item":"https:\/\/exceladvisor.org\/tr\/"},{"@type":"ListItem","position":2,"name":"Excel&#39;de otomatik d\u00fczeltme nas\u0131l kullan\u0131l\u0131r?"}]},{"@type":"WebSite","@id":"https:\/\/exceladvisor.org\/tr\/#website","url":"https:\/\/exceladvisor.org\/tr\/","name":"Excel Advisor","description":"Veri hakimiyetine y\u00f6nelik nihai rehberiniz!","publisher":{"@id":"https:\/\/exceladvisor.org\/tr\/#organization"},"potentialAction":[{"@type":"SearchAction","target":{"@type":"EntryPoint","urlTemplate":"https:\/\/exceladvisor.org\/tr\/?s={search_term_string}"},"query-input":{"@type":"PropertyValueSpecification","valueRequired":true,"valueName":"search_term_string"}}],"inLanguage":"tr"},{"@type":"Organization","@id":"https:\/\/exceladvisor.org\/tr\/#organization","name":"Excel Advisor","url":"https:\/\/exceladvisor.org\/tr\/","logo":{"@type":"ImageObject","inLanguage":"tr","@id":"https:\/\/exceladvisor.org\/tr\/#\/schema\/logo\/image\/","url":"https:\/\/exceladvisor.org\/tr\/wp-content\/uploads\/2023\/12\/exceladvisor.org_.png","contentUrl":"https:\/\/exceladvisor.org\/tr\/wp-content\/uploads\/2023\/12\/exceladvisor.org_.png","width":105,"height":36,"caption":"Excel Advisor"},"image":{"@id":"https:\/\/exceladvisor.org\/tr\/#\/schema\/logo\/image\/"}}]}},"yoast_meta":{"yoast_wpseo_title":"","yoast_wpseo_metadesc":"","yoast_wpseo_canonical":""},"_links":{"self":[{"href":"https:\/\/exceladvisor.org\/tr\/wp-json\/wp\/v2\/pages\/1943","targetHints":{"allow":["GET"]}}],"collection":[{"href":"https:\/\/exceladvisor.org\/tr\/wp-json\/wp\/v2\/pages"}],"about":[{"href":"https:\/\/exceladvisor.org\/tr\/wp-json\/wp\/v2\/types\/page"}],"author":[{"embeddable":true,"href":"https:\/\/exceladvisor.org\/tr\/wp-json\/wp\/v2\/users\/1"}],"replies":[{"embeddable":true,"href":"https:\/\/exceladvisor.org\/tr\/wp-json\/wp\/v2\/comments?post=1943"}],"version-history":[{"count":1,"href":"https:\/\/exceladvisor.org\/tr\/wp-json\/wp\/v2\/pages\/1943\/revisions"}],"predecessor-version":[{"id":2564,"href":"https:\/\/exceladvisor.org\/tr\/wp-json\/wp\/v2\/pages\/1943\/revisions\/2564"}],"wp:attachment":[{"href":"https:\/\/exceladvisor.org\/tr\/wp-json\/wp\/v2\/media?parent=1943"}],"curies":[{"name":"wp","href":"https:\/\/api.w.org\/{rel}","templated":true}]}}