{"id":1944,"date":"2023-10-27T00:10:45","date_gmt":"2023-10-27T00:10:45","guid":{"rendered":"https:\/\/exceladvisor.org\/tr\/excelde-pdf\/"},"modified":"2023-12-10T06:03:49","modified_gmt":"2023-12-10T06:03:49","slug":"excelde-pdf","status":"publish","type":"page","link":"https:\/\/exceladvisor.org\/tr\/excelde-pdf\/","title":{"rendered":"Excel&#39;e pdf nas\u0131l eklenir?"},"content":{"rendered":"<div class=\"excel-icerikten-once\" id=\"excel-348446726\"><script type=\"text\/javascript\">\r\n\tatOptions = {\r\n\t\t'key' : 'c1158f160081d6540a8409e6925dab94',\r\n\t\t'format' : 'iframe',\r\n\t\t'height' : 250,\r\n\t\t'width' : 300,\r\n\t\t'params' : {}\r\n\t};\r\n<\/script>\r\n<script type=\"text\/javascript\" src=\"\/\/www.highperformanceformat.com\/c1158f160081d6540a8409e6925dab94\/invoke.js\"><\/script><\/div> <p>Microsoft Excel, veri k\u00fcmesini etkilemeden PDF belgelerini elektronik tabloya ekleyebilir. Kullan\u0131c\u0131lar, s\u00f6z konusu PDF belgesini e-tabloyla payla\u015fmak ve bu PDF belgesine ba\u015fvurmak istediklerinde, PDF belgelerini e-tabloya ekleyebilir veya g\u00f6mebilirler.<\/p><p> Bu e\u011fitim size PDF dosyalar\u0131n\u0131 herhangi bir e-tabloya h\u0131zl\u0131 bir \u015fekilde nas\u0131l ekleyece\u011finizi g\u00f6sterecektir.<\/p><h2 class=\"wp-block-heading\"> PDF&#8217;yi Excel&#8217;e Nesne Olarak Ekle<\/h2><p> PDF belgesini e-tabloya nesne olarak ekleyebilirsiniz.<\/p><p> Ve bir kez eklendi\u011finde, bu Excel dosyas\u0131n\u0131 herhangi bir kullan\u0131c\u0131ya payla\u015ft\u0131\u011f\u0131n\u0131zda veya g\u00f6nderdi\u011finizde, o kullan\u0131c\u0131 bu g\u00f6m\u00fcl\u00fc PDF&#8217;yi ve Excel dosyas\u0131n\u0131 al\u0131r ve bu PDF&#8217;yi a\u00e7\u0131p kaydedebilir.<\/p><ol><li> <span data-preserver-spaces=\"true\">\u00d6ncelikle PDF belgesini ek olarak eklemek istedi\u011finiz \u00e7al\u0131\u015fma kitab\u0131n\u0131 a\u00e7\u0131n.<\/span><\/li><li> Bundan sonra \u201cEkle\u201d sekmesine gidin ve \u201cMetin\u201d simgesine t\u0131klay\u0131n ve ard\u0131ndan \u201cNesne\u201d se\u00e7ene\u011fine t\u0131klay\u0131n. <br><img loading=\"lazy\" decoding=\"async\" title=\"\u015eeritte 1 metin simgesi\" src=\"https:\/\/exceladvisor.org\/wp-content\/uploads\/2023\/08\/1-icone-de-texte-dans-le-ruban.png\" sizes=\"auto, \" srcset=\"\" alt=\"text-icon-in-ribbon\" width=\"652\" height=\"354\"><\/li><li> Burada \u201cNesne\u201d ileti\u015fim kutusunda \u201cDosyadan Olu\u015ftur\u201d sekmesine ve ard\u0131ndan sisteminizden PDF dosyas\u0131n\u0131 se\u00e7mek i\u00e7in \u201cG\u00f6zat\u201d d\u00fc\u011fmesine t\u0131klay\u0131n. <br><img loading=\"lazy\" decoding=\"async\" title=\"sekme 2-dosyadan-olu\u015ftur\" src=\"https:\/\/exceladvisor.org\/wp-content\/uploads\/2023\/08\/2-creer-a-partir-de-longlet-fichier.png\" sizes=\"auto, \" srcset=\"\" alt=\"create-from-file-tab\" width=\"506\" height=\"439\"><\/li><li> Dosyay\u0131 se\u00e7tikten sonra dosyan\u0131n nesne olarak g\u00f6m\u00fclmesi i\u00e7in \u201cSimge Olarak G\u00f6ster\u201d se\u00e7ene\u011fini se\u00e7in ve Tamam\u2019a t\u0131klay\u0131n.<\/li><li> Orijinal PDF belgesinde yapaca\u011f\u0131n\u0131z de\u011fi\u015fiklikleri g\u00f6m\u00fcl\u00fc PDF&#8217;de senkronize etmek istiyorsan\u0131z, l\u00fctfen ayn\u0131 anda &#8220;Dosyaya ba\u011fla&#8221; se\u00e7ene\u011fini de se\u00e7in. <br><img loading=\"lazy\" decoding=\"async\" title=\"3-simge olarak g\u00f6stermeyi se\u00e7\" src=\"https:\/\/exceladvisor.org\/wp-content\/uploads\/2023\/08\/3-selectionner-laffichage-sous-forme-dicone.png\" sizes=\"auto, \" srcset=\"\" alt=\"select-display-as-icon\" width=\"507\" height=\"443\"><\/li><li> PDF&#8217;yi g\u00f6md\u00fckten sonra, fare imlecini herhangi bir yuvarlak \u015fekilli kenarl\u0131\u011f\u0131n \u00fczerine getirip ard\u0131ndan h\u00fccreye s\u0131\u011facak \u015fekilde s\u00fcr\u00fckleyip k\u00fc\u00e7\u00fclterek PDF&#8217;yi h\u00fccre boyutuna g\u00f6re yeniden boyutland\u0131rabilirsiniz. <br><img loading=\"lazy\" decoding=\"async\" title=\"4-belge-pdf-g\u00f6m\u00fcl\u00fc\" src=\"https:\/\/exceladvisor.org\/wp-content\/uploads\/2023\/08\/4-documents-pdf-integres.png\" sizes=\"auto, \" srcset=\"\" alt=\"embedded-pdf-document\" width=\"373\" height=\"188\"><\/li><li> \u015eimdi, g\u00f6m\u00fcl\u00fc PDF belgesi simgesini h\u00fccreye kilitlemek i\u00e7in, \u00fczerine sa\u011f t\u0131klay\u0131n ve \u201cNesneyi Bi\u00e7imlendir\u201d se\u00e7ene\u011fine t\u0131klay\u0131n. <br><img loading=\"lazy\" decoding=\"async\" title=\"5-pdf-g\u00f6m\u00fcl\u00fc-kilitleme\" src=\"https:\/\/exceladvisor.org\/wp-content\/uploads\/2023\/08\/5-verrouiller-le-pdf-integre.png\" sizes=\"auto, \" srcset=\"\" alt=\"lock-the-embedded-pdf\" width=\"505\" height=\"308\"><\/li><li> Sonunda, &#8220;Nesneyi Bi\u00e7imlendir&#8221; ileti\u015fim kutusunda, &#8220;\u00d6zellikler&#8221; sekmesine gidin, ard\u0131ndan simgenin kilitlenmesi ve yaln\u0131zca h\u00fccre i\u00e7inde hareket etmesi i\u00e7in &#8220;H\u00fccrelerle ta\u015f\u0131 ve boyutland\u0131r&#8221; se\u00e7ene\u011fini se\u00e7in ve ard\u0131ndan Tamam&#8217;\u0131 t\u0131klay\u0131n. <br><img loading=\"lazy\" decoding=\"async\" title=\"6-h\u00fccrelerle-ta\u015f\u0131may\u0131-ve-boyutlamay\u0131-se\u00e7in\" src=\"https:\/\/exceladvisor.org\/wp-content\/uploads\/2023\/08\/6-selectionner-le-deplacement-et-la-taille-avec-les-cellules.png\" sizes=\"auto, \" srcset=\"\" alt=\"select-move-and-size-with-cells\" width=\"479\" height=\"459\"><\/li><\/ol><h2 class=\"wp-block-heading\"> Excel&#8217;e PDF eklemenin di\u011fer yollar\u0131.<\/h2><ol><li> Yaln\u0131zca tek sayfal\u0131k bir PDF belgeniz varsa, bunu bir g\u00f6rsele (jpg, png) d\u00f6n\u00fc\u015ft\u00fcrebilir ve o <strong>g\u00f6rseli Excel&#8217;e<\/strong> ekleyebilirsiniz.<\/li><li> PDF belgesinde bir veri tablonuz varsa ve bu veri tablosunu Excel&#8217;e eklemek istiyorsan\u0131z d\u00f6n\u00fc\u015ft\u00fcr\u00fcc\u00fcy\u00fc kullanarak PDF&#8217;yi Excel format\u0131na d\u00f6n\u00fc\u015ft\u00fcr\u00fcn.<\/li><\/ol><div class=\"gb-container gb-container-4db6181c gb-container-mt\"> <a class=\"gb-button gb-button-c5897111 gb-button-text gb-button-mt-button\" href=\"https:\/\/exceladvisor.org\/tr\/excel-ilerlemesi\/\">\u0130leri D\u00fczey Excel Dersleri<\/a><h2 class=\"gb-headline gb-headline-665e5f6b gb-headline-text gb-headline-mt-heading\"> \u0130lgili e\u011fitimler <\/h2><div class=\"gb-grid-wrapper gb-grid-wrapper-a20baf7c gb-grid-wrapper-mt-grid\"><div class=\"gb-grid-column gb-grid-column-65ddf67e\"><div class=\"gb-container gb-container-65ddf67e\"><ul><li> <a href=\"https:\/\/exceladvisor.org\/tr\/kamera-araci\/\">Excel Kamera Arac\u0131<\/a><\/li><li> <a href=\"https:\/\/exceladvisor.org\/tr\/hedef-aramak\/\">Excel&#8217;de Hedef Bulucu<\/a><\/li><li> <a href=\"https:\/\/exceladvisor.org\/tr\/pencereyi-izle\/\">Excel&#8217;de pencereyi izle<\/a><\/li><li> <a href=\"https:\/\/exceladvisor.org\/tr\/excel-dilimleyici\/\">Excel Dilimleyici (Tam K\u0131lavuz)<\/a><\/li><li> <a href=\"https:\/\/exceladvisor.org\/tr\/macta-varsayilan-olarak-excel\/\">Mac&#8217;te Excel&#8217;i Varsay\u0131lan Yap\u0131n<\/a><\/li><\/ul><\/div><\/div><\/div><\/div>","protected":false},"excerpt":{"rendered":"","protected":false},"author":1,"featured_media":0,"parent":0,"menu_order":0,"comment_status":"open","ping_status":"closed","template":"","meta":{"ub_ctt_via":"","footnotes":""},"class_list":["post-1944","page","type-page","status-publish","hentry"],"featured_image_src":null,"yoast_head":"<!-- This site is optimized with the Yoast SEO plugin v25.4 - https:\/\/yoast.com\/wordpress\/plugins\/seo\/ -->\n<title>Excel&#039;e PDF nas\u0131l eklenir? (E\u011fitim 2023)<\/title>\n<meta name=\"description\" content=\"Bu h\u0131zl\u0131 k\u0131lavuz, PDF&#039;yi Excel&#039;e eklemenize yard\u0131mc\u0131 olacakt\u0131r. Bunu takip edilmesi kolay ad\u0131mlarla tart\u0131\u015faca\u011f\u0131z.\" \/>\n<meta name=\"robots\" content=\"index, follow, max-snippet:-1, max-image-preview:large, max-video-preview:-1\" \/>\n<link rel=\"canonical\" href=\"https:\/\/exceladvisor.org\/tr\/excelde-pdf\/\" \/>\n<meta property=\"og:locale\" content=\"tr_TR\" \/>\n<meta property=\"og:type\" content=\"article\" \/>\n<meta property=\"og:title\" content=\"Excel&#039;e PDF nas\u0131l eklenir? (E\u011fitim 2023)\" \/>\n<meta property=\"og:description\" content=\"Bu h\u0131zl\u0131 k\u0131lavuz, PDF&#039;yi Excel&#039;e eklemenize yard\u0131mc\u0131 olacakt\u0131r. Bunu takip edilmesi kolay ad\u0131mlarla tart\u0131\u015faca\u011f\u0131z.\" \/>\n<meta property=\"og:url\" content=\"https:\/\/exceladvisor.org\/tr\/excelde-pdf\/\" \/>\n<meta property=\"og:site_name\" content=\"Excel Advisor\" \/>\n<meta property=\"article:modified_time\" content=\"2023-12-10T06:03:49+00:00\" \/>\n<meta property=\"og:image\" content=\"https:\/\/exceladvisor.org\/wp-content\/uploads\/2023\/08\/1-icone-de-texte-dans-le-ruban.png\" \/>\n<meta name=\"twitter:card\" content=\"summary_large_image\" \/>\n<meta name=\"twitter:label1\" content=\"Tahmini okuma s\u00fcresi\" \/>\n\t<meta name=\"twitter:data1\" content=\"2 dakika\" \/>\n<script type=\"application\/ld+json\" class=\"yoast-schema-graph\">{\"@context\":\"https:\/\/schema.org\",\"@graph\":[{\"@type\":\"WebPage\",\"@id\":\"https:\/\/exceladvisor.org\/tr\/excelde-pdf\/\",\"url\":\"https:\/\/exceladvisor.org\/tr\/excelde-pdf\/\",\"name\":\"Excel&#39;e PDF nas\u0131l eklenir? (E\u011fitim 2023)\",\"isPartOf\":{\"@id\":\"https:\/\/exceladvisor.org\/tr\/#website\"},\"primaryImageOfPage\":{\"@id\":\"https:\/\/exceladvisor.org\/tr\/excelde-pdf\/#primaryimage\"},\"image\":{\"@id\":\"https:\/\/exceladvisor.org\/tr\/excelde-pdf\/#primaryimage\"},\"thumbnailUrl\":\"https:\/\/exceladvisor.org\/wp-content\/uploads\/2023\/08\/1-icone-de-texte-dans-le-ruban.png\",\"datePublished\":\"2023-10-27T00:10:45+00:00\",\"dateModified\":\"2023-12-10T06:03:49+00:00\",\"description\":\"Bu h\u0131zl\u0131 k\u0131lavuz, PDF&#39;yi Excel&#39;e eklemenize yard\u0131mc\u0131 olacakt\u0131r. Bunu takip edilmesi kolay ad\u0131mlarla tart\u0131\u015faca\u011f\u0131z.\",\"breadcrumb\":{\"@id\":\"https:\/\/exceladvisor.org\/tr\/excelde-pdf\/#breadcrumb\"},\"inLanguage\":\"tr\",\"potentialAction\":[{\"@type\":\"ReadAction\",\"target\":[\"https:\/\/exceladvisor.org\/tr\/excelde-pdf\/\"]}]},{\"@type\":\"ImageObject\",\"inLanguage\":\"tr\",\"@id\":\"https:\/\/exceladvisor.org\/tr\/excelde-pdf\/#primaryimage\",\"url\":\"https:\/\/exceladvisor.org\/wp-content\/uploads\/2023\/08\/1-icone-de-texte-dans-le-ruban.png\",\"contentUrl\":\"https:\/\/exceladvisor.org\/wp-content\/uploads\/2023\/08\/1-icone-de-texte-dans-le-ruban.png\"},{\"@type\":\"BreadcrumbList\",\"@id\":\"https:\/\/exceladvisor.org\/tr\/excelde-pdf\/#breadcrumb\",\"itemListElement\":[{\"@type\":\"ListItem\",\"position\":1,\"name\":\"Ev\",\"item\":\"https:\/\/exceladvisor.org\/tr\/\"},{\"@type\":\"ListItem\",\"position\":2,\"name\":\"Excel&#39;e pdf nas\u0131l eklenir?\"}]},{\"@type\":\"WebSite\",\"@id\":\"https:\/\/exceladvisor.org\/tr\/#website\",\"url\":\"https:\/\/exceladvisor.org\/tr\/\",\"name\":\"Excel Advisor\",\"description\":\"Veri hakimiyetine y\u00f6nelik nihai rehberiniz!\",\"publisher\":{\"@id\":\"https:\/\/exceladvisor.org\/tr\/#organization\"},\"potentialAction\":[{\"@type\":\"SearchAction\",\"target\":{\"@type\":\"EntryPoint\",\"urlTemplate\":\"https:\/\/exceladvisor.org\/tr\/?s={search_term_string}\"},\"query-input\":{\"@type\":\"PropertyValueSpecification\",\"valueRequired\":true,\"valueName\":\"search_term_string\"}}],\"inLanguage\":\"tr\"},{\"@type\":\"Organization\",\"@id\":\"https:\/\/exceladvisor.org\/tr\/#organization\",\"name\":\"Excel Advisor\",\"url\":\"https:\/\/exceladvisor.org\/tr\/\",\"logo\":{\"@type\":\"ImageObject\",\"inLanguage\":\"tr\",\"@id\":\"https:\/\/exceladvisor.org\/tr\/#\/schema\/logo\/image\/\",\"url\":\"https:\/\/exceladvisor.org\/tr\/wp-content\/uploads\/2023\/12\/exceladvisor.org_.png\",\"contentUrl\":\"https:\/\/exceladvisor.org\/tr\/wp-content\/uploads\/2023\/12\/exceladvisor.org_.png\",\"width\":105,\"height\":36,\"caption\":\"Excel Advisor\"},\"image\":{\"@id\":\"https:\/\/exceladvisor.org\/tr\/#\/schema\/logo\/image\/\"}}]}<\/script>\n<!-- \/ Yoast SEO plugin. -->","yoast_head_json":{"title":"Excel&#39;e PDF nas\u0131l eklenir? (E\u011fitim 2023)","description":"Bu h\u0131zl\u0131 k\u0131lavuz, PDF&#39;yi Excel&#39;e eklemenize yard\u0131mc\u0131 olacakt\u0131r. Bunu takip edilmesi kolay ad\u0131mlarla tart\u0131\u015faca\u011f\u0131z.","robots":{"index":"index","follow":"follow","max-snippet":"max-snippet:-1","max-image-preview":"max-image-preview:large","max-video-preview":"max-video-preview:-1"},"canonical":"https:\/\/exceladvisor.org\/tr\/excelde-pdf\/","og_locale":"tr_TR","og_type":"article","og_title":"Excel&#39;e PDF nas\u0131l eklenir? (E\u011fitim 2023)","og_description":"Bu h\u0131zl\u0131 k\u0131lavuz, PDF&#39;yi Excel&#39;e eklemenize yard\u0131mc\u0131 olacakt\u0131r. Bunu takip edilmesi kolay ad\u0131mlarla tart\u0131\u015faca\u011f\u0131z.","og_url":"https:\/\/exceladvisor.org\/tr\/excelde-pdf\/","og_site_name":"Excel Advisor","article_modified_time":"2023-12-10T06:03:49+00:00","og_image":[{"url":"https:\/\/exceladvisor.org\/wp-content\/uploads\/2023\/08\/1-icone-de-texte-dans-le-ruban.png","type":"","width":"","height":""}],"twitter_card":"summary_large_image","twitter_misc":{"Tahmini okuma s\u00fcresi":"2 dakika"},"schema":{"@context":"https:\/\/schema.org","@graph":[{"@type":"WebPage","@id":"https:\/\/exceladvisor.org\/tr\/excelde-pdf\/","url":"https:\/\/exceladvisor.org\/tr\/excelde-pdf\/","name":"Excel&#39;e PDF nas\u0131l eklenir? (E\u011fitim 2023)","isPartOf":{"@id":"https:\/\/exceladvisor.org\/tr\/#website"},"primaryImageOfPage":{"@id":"https:\/\/exceladvisor.org\/tr\/excelde-pdf\/#primaryimage"},"image":{"@id":"https:\/\/exceladvisor.org\/tr\/excelde-pdf\/#primaryimage"},"thumbnailUrl":"https:\/\/exceladvisor.org\/wp-content\/uploads\/2023\/08\/1-icone-de-texte-dans-le-ruban.png","datePublished":"2023-10-27T00:10:45+00:00","dateModified":"2023-12-10T06:03:49+00:00","description":"Bu h\u0131zl\u0131 k\u0131lavuz, PDF&#39;yi Excel&#39;e eklemenize yard\u0131mc\u0131 olacakt\u0131r. Bunu takip edilmesi kolay ad\u0131mlarla tart\u0131\u015faca\u011f\u0131z.","breadcrumb":{"@id":"https:\/\/exceladvisor.org\/tr\/excelde-pdf\/#breadcrumb"},"inLanguage":"tr","potentialAction":[{"@type":"ReadAction","target":["https:\/\/exceladvisor.org\/tr\/excelde-pdf\/"]}]},{"@type":"ImageObject","inLanguage":"tr","@id":"https:\/\/exceladvisor.org\/tr\/excelde-pdf\/#primaryimage","url":"https:\/\/exceladvisor.org\/wp-content\/uploads\/2023\/08\/1-icone-de-texte-dans-le-ruban.png","contentUrl":"https:\/\/exceladvisor.org\/wp-content\/uploads\/2023\/08\/1-icone-de-texte-dans-le-ruban.png"},{"@type":"BreadcrumbList","@id":"https:\/\/exceladvisor.org\/tr\/excelde-pdf\/#breadcrumb","itemListElement":[{"@type":"ListItem","position":1,"name":"Ev","item":"https:\/\/exceladvisor.org\/tr\/"},{"@type":"ListItem","position":2,"name":"Excel&#39;e pdf nas\u0131l eklenir?"}]},{"@type":"WebSite","@id":"https:\/\/exceladvisor.org\/tr\/#website","url":"https:\/\/exceladvisor.org\/tr\/","name":"Excel Advisor","description":"Veri hakimiyetine y\u00f6nelik nihai rehberiniz!","publisher":{"@id":"https:\/\/exceladvisor.org\/tr\/#organization"},"potentialAction":[{"@type":"SearchAction","target":{"@type":"EntryPoint","urlTemplate":"https:\/\/exceladvisor.org\/tr\/?s={search_term_string}"},"query-input":{"@type":"PropertyValueSpecification","valueRequired":true,"valueName":"search_term_string"}}],"inLanguage":"tr"},{"@type":"Organization","@id":"https:\/\/exceladvisor.org\/tr\/#organization","name":"Excel Advisor","url":"https:\/\/exceladvisor.org\/tr\/","logo":{"@type":"ImageObject","inLanguage":"tr","@id":"https:\/\/exceladvisor.org\/tr\/#\/schema\/logo\/image\/","url":"https:\/\/exceladvisor.org\/tr\/wp-content\/uploads\/2023\/12\/exceladvisor.org_.png","contentUrl":"https:\/\/exceladvisor.org\/tr\/wp-content\/uploads\/2023\/12\/exceladvisor.org_.png","width":105,"height":36,"caption":"Excel Advisor"},"image":{"@id":"https:\/\/exceladvisor.org\/tr\/#\/schema\/logo\/image\/"}}]}},"yoast_meta":{"yoast_wpseo_title":"","yoast_wpseo_metadesc":"","yoast_wpseo_canonical":""},"_links":{"self":[{"href":"https:\/\/exceladvisor.org\/tr\/wp-json\/wp\/v2\/pages\/1944","targetHints":{"allow":["GET"]}}],"collection":[{"href":"https:\/\/exceladvisor.org\/tr\/wp-json\/wp\/v2\/pages"}],"about":[{"href":"https:\/\/exceladvisor.org\/tr\/wp-json\/wp\/v2\/types\/page"}],"author":[{"embeddable":true,"href":"https:\/\/exceladvisor.org\/tr\/wp-json\/wp\/v2\/users\/1"}],"replies":[{"embeddable":true,"href":"https:\/\/exceladvisor.org\/tr\/wp-json\/wp\/v2\/comments?post=1944"}],"version-history":[{"count":1,"href":"https:\/\/exceladvisor.org\/tr\/wp-json\/wp\/v2\/pages\/1944\/revisions"}],"predecessor-version":[{"id":2676,"href":"https:\/\/exceladvisor.org\/tr\/wp-json\/wp\/v2\/pages\/1944\/revisions\/2676"}],"wp:attachment":[{"href":"https:\/\/exceladvisor.org\/tr\/wp-json\/wp\/v2\/media?parent=1944"}],"curies":[{"name":"wp","href":"https:\/\/api.w.org\/{rel}","templated":true}]}}