{"id":1945,"date":"2023-10-26T16:23:45","date_gmt":"2023-10-26T16:23:45","guid":{"rendered":"https:\/\/exceladvisor.org\/tr\/piramit-diyagrami\/"},"modified":"2023-12-10T06:01:48","modified_gmt":"2023-12-10T06:01:48","slug":"piramit-diyagrami","status":"publish","type":"page","link":"https:\/\/exceladvisor.org\/tr\/piramit-diyagrami\/","title":{"rendered":"Excel&#39;de n\u00fcfus piramidi grafi\u011fi nas\u0131l olu\u015fturulur?"},"content":{"rendered":"<div class=\"excel-icerikten-once\" id=\"excel-141462792\"><script type=\"text\/javascript\">\r\n\tatOptions = {\r\n\t\t'key' : 'c1158f160081d6540a8409e6925dab94',\r\n\t\t'format' : 'iframe',\r\n\t\t'height' : 250,\r\n\t\t'width' : 300,\r\n\t\t'params' : {}\r\n\t};\r\n<\/script>\r\n<script type=\"text\/javascript\" src=\"\/\/www.highperformanceformat.com\/c1158f160081d6540a8409e6925dab94\/invoke.js\"><\/script><\/div> <p>N\u00fcfus piramidi grafi\u011fi, ya\u015f gruplar\u0131n\u0131 kullanarak her iki cinsiyetin n\u00fcfusunu sunmam\u0131za ve analiz etmemize yard\u0131mc\u0131 olan \u00f6zel bir grafiktir.<\/p><blockquote class=\"wp-block-quote\"><p> N\u00fcfus piramidi veya ya\u015f resmi olarak da adland\u0131r\u0131lan n\u00fcfus piramidi, n\u00fcfus artt\u0131k\u00e7a piramidin \u015feklini olu\u015fturan, bir n\u00fcfustaki farkl\u0131 ya\u015f gruplar\u0131n\u0131n da\u011f\u0131l\u0131m\u0131n\u0131 g\u00f6steren grafik bir \u00e7izimdir. Excel&#8217;de a\u015fa\u011f\u0131daki gibi \u00e7ubuk grafik kullanarak n\u00fcfus piramidi grafi\u011fi olu\u015fturabiliriz.<\/p> <cite>Vikipedi<\/cite> <\/blockquote><div class=\"wp-block-image\"><figure class=\"aligncenter\"><img decoding=\"async\" src=\"https:\/\/exceladvisor.org\/wp-content\/uploads\/2023\/08\/creer-un-graphique-pyramidal-des-ages-dans-Excel-de-differentes-manieres-1.gif\" sizes=\"\" srcset=\"\" alt=\"Excel'de farkl\u0131 \u015fekillerde ya\u015f piramidi grafi\u011fi olu\u015fturma\"><\/figure><\/div><p> Bir \u00e7ubuk grafik ekleyin, ard\u0131ndan biraz \u00f6zelle\u015ftirme yap\u0131n, hepsi bu.<\/p><p> Ama i\u015fte burada bir de\u011fi\u015fiklik var. Bu geleneksel y\u00f6ntemin d\u0131\u015f\u0131nda iki farkl\u0131 y\u00f6ntemi de kullanabilece\u011fimizi g\u00f6rd\u00fcm. Ve bug\u00fcn bu makalede bu \u00fc\u00e7 y\u00f6ntemi [tam ad\u0131mlar\u0131] sizinle payla\u015fmak istiyorum. \u00d6yleyse ba\u015flayal\u0131m.<\/p><h2 class=\"wp-block-heading\"> \u00c7ubuk Grafik Kullanarak N\u00fcfus Piramidi Grafi\u011fi Olu\u015fturman\u0131n Basit Ad\u0131mlar\u0131<\/h2><p> Bu grafi\u011fi olu\u015fturmadan \u00f6nce verileri haz\u0131rlamam\u0131z gerekiyor. Toplam n\u00fcfusun yer ald\u0131\u011f\u0131 tabloda kad\u0131n n\u00fcfusu negatif de\u011ferlerde, erkek n\u00fcfusu ise pozitif de\u011ferlerde yer almaktad\u0131r. <\/p><div class=\"wp-block-image\"><figure class=\"aligncenter\"><img decoding=\"async\" src=\"https:\/\/exceladvisor.org\/wp-content\/uploads\/2023\/08\/tableau-de-donnees-pour-creer-un-diagramme-de-pyramide-des-ages-dans-excel-min-1.png\" sizes=\"\" srcset=\"\" alt=\"Excel'de n\u00fcfus piramidi grafi\u011fi olu\u015fturmak i\u00e7in veri tablosu\"><\/figure><\/div><p class=\"qt-tip\"> <strong><span style=\"color: #000000; background-color: #ffff00;\">Not:<\/span><\/strong> Toplam n\u00fcfus s\u00fctunu zorunlu de\u011fildir ancak kad\u0131n n\u00fcfusunuz negatif oldu\u011fundan emin olun.<\/p><ol><li> <strong>\u00d6ncelikle<\/strong> bir \u00e7ubuk grafik eklememiz gerekiyor. Bunu yapmak i\u00e7in ya\u015f grubu, kad\u0131n ve erkek veri s\u00fctunlar\u0131n\u0131 se\u00e7in ve Ekle sekmesinden \u279c Grafikler \u279c 2D \u00c7ubuk \u279c Grupland\u0131r\u0131lm\u0131\u015f \u00c7ubuk&#8217;tan bir \u00e7ubuk grafik ekleyin.<\/li><li> \u015eimdi a\u015fa\u011f\u0131daki gibi bir grafi\u011fimiz var ve bunu bir n\u00fcfus piramidi olu\u015fturmak i\u00e7in \u00f6zelle\u015ftirmemiz gerekiyor. <br><img decoding=\"async\" title=\"Excel-min'de n\u00fcfus piramidi grafi\u011fi olu\u015fturmak i\u00e7in \u00e7ubuk grafik ekleyin\" src=\"https:\/\/exceladvisor.org\/wp-content\/uploads\/2023\/08\/inserer-un-graphique-a-barres-pour-creer-un-graphique-en-pyramide-des-ages-dans-Excel-min-1.png\" sizes=\"\" srcset=\"\" alt=\"insert a bar chart to create a population pyramid chart in excel\"><\/li><li> Buradan ters s\u0131rayla dikey bir eksen olu\u015fturmam\u0131z gerekiyor ve oradan Ekseni Bi\u00e7imlendir \u279c Eksen Se\u00e7enekleri \u279c Eksen Konumu \u279c \u201cTers S\u0131rada Kategori\u201d se\u00e7ene\u011fini i\u015faretleyin. <br><img decoding=\"async\" title=\"excel-dakikada-bir-n\u00fcfus-piramit-grafi\u011fi-olu\u015fturmak i\u00e7in-ters-s\u0131ray\u0131 uygula\" src=\"https:\/\/exceladvisor.org\/wp-content\/uploads\/2023\/08\/appliquer-lordre-inverse-pour-creer-un-graphique-de-pyramide-des-ages-dans-Excel-min-1.png\" sizes=\"\" srcset=\"\" alt=\"apply reverse order to create a population pyramid chart in excel\"><\/li><li> Bundan sonra Ekseni Formatla \u279c Eksen Se\u00e7enekleri \u279c Etiketler \u279c se\u00e7ene\u011fine gidin ve etiket konumunu \u201cD\u00fc\u015f\u00fck\u201d olarak de\u011fi\u015ftirin. <br><img decoding=\"async\" title=\"Excel'de-bir-n\u00fcfus-piramidi-grafi\u011fi-olu\u015fturmak i\u00e7in-tabloyu-de\u011fi\u015ftirin\" src=\"https:\/\/exceladvisor.org\/wp-content\/uploads\/2023\/08\/changer-letiquette-pour-creer-un-graphique-pyramidal-des-ages-dans-Excel-1.png\" sizes=\"\" srcset=\"\" alt=\"change label to create a population pyramid chart in excel\"><\/li><li> Daha sonra Seri \u00d6rt\u00fc\u015fmesini %100 ve Bo\u015fluk Geni\u015fli\u011fini %0 olarak de\u011fi\u015ftirmemiz gerekiyor. Bunu yapmak i\u00e7in Ekseni Formatla \u279c Seri Se\u00e7ene\u011fine gidin. <br><img decoding=\"async\" title=\"excel-dakikada-bir-n\u00fcfus-piramit-grafi\u011fi-olu\u015fturmak i\u00e7in-geni\u015fli\u011fi de\u011fi\u015ftirin\" src=\"https:\/\/exceladvisor.org\/wp-content\/uploads\/2023\/08\/modifier-la-largeur-pour-creer-un-graphique-pyramidal-des-ages-dans-Excel-min-1.png\" sizes=\"\" srcset=\"\" alt=\"change width to create a population pyramid chart in excel\"><\/li><li> Sonu\u00e7ta di\u015fi veri \u00e7ubu\u011fu i\u00e7in negatif veri etiketlerini pozitif olanlara d\u00f6n\u00fc\u015ft\u00fcrmemiz gerekiyor. Bunun i\u00e7in veri etiketlerini se\u00e7in ve Veri Etiketlerini Formatla \u279c Etiket Se\u00e7enekleri \u279c kategorisinden \u00d6zel Numara se\u00e7in ve \u201c#,##0.00;#,##0.00\u201d format\u0131nda ekleyin. <br><img decoding=\"async\" title=\"excel-n\u00fcfus-piramit-tablosunda-pozitif-say\u0131lar-olarak-veri-etiketi bi\u00e7imi\" src=\"https:\/\/exceladvisor.org\/wp-content\/uploads\/2023\/08\/formater-letiquette-de-donnees-sous-forme-de-nombres-positifs-dans-le-graphique-de-la-pyramide-des-ages-Excel-1.png\" sizes=\"\" srcset=\"\" alt=\"format data label as positive numbers in excel population pyramid chart\"><\/li><\/ol><p> <strong><span style=\"color: #000000; background-color: #ffff00;\">Tebrikler!<\/span><\/strong> Piramit grafi\u011fimiz sallanmaya haz\u0131r. <\/p><div class=\"wp-block-image\"><figure class=\"aligncenter\"><img decoding=\"async\" src=\"https:\/\/exceladvisor.org\/wp-content\/uploads\/2023\/08\/diagramme-de-pyramide-des-ages-pret-a-lemploi-dans-excel-min-1.png\" sizes=\"\" srcset=\"\" alt=\"excel'de kullan\u0131ma haz\u0131r ya\u015f piramit diyagram\u0131\"><\/figure><\/div><h2 class=\"wp-block-heading\"> Excel&#8217;de Basit\u00e7e Piramit Grafi\u011fi Olu\u015fturmak i\u00e7in Ko\u015fullu Bi\u00e7imlendirmeyi Kullan\u0131n<\/h2><p> Ko\u015fullu bi\u00e7imlendirmeyi kullanarak da piramit grafi\u011fi olu\u015fturabiliriz ve izlenecek ad\u0131mlar\u0131 burada bulabilirsiniz.<\/p><ol><li> \u00d6ncelikle ya\u015f gruplar\u0131na g\u00f6re kad\u0131n ve erkek n\u00fcfusuna ili\u015fkin verileri i\u00e7eren bir tablo olu\u015fturun. <br><img decoding=\"async\" title=\"ko\u015fullu bi\u00e7imlendirmeyle-bir-n\u00fcfus-piramit-grafik-excel-olu\u015fturmak i\u00e7in veri tablosu\" src=\"https:\/\/exceladvisor.org\/wp-content\/uploads\/2023\/08\/tableau-de-donnees-pour-creer-un-graphique-en-pyramide-des-ages-dans-Excel-avec-mise-en-forme-conditionnelle.png\" sizes=\"\" srcset=\"\" alt=\"data table to create a population pyramid chart in excel with conditional formatting\"><\/li><li> Daha sonra, tek bir erkek veya di\u015fi s\u00fctunu se\u00e7in ve Giri\u015f sekmesinden \u279c Stiller \u279c Veri \u00c7ubuklar\u0131 \u279c Daha Fazla Kural&#8217;dan ko\u015fullu bi\u00e7imlendirme veri \u00e7ubuklar\u0131n\u0131 uygulay\u0131n.<\/li><li> Bundan sonra, yeni bi\u00e7imlendirme ileti\u015fim kutusunda &#8220;Yaln\u0131zca \u00e7ubu\u011fu g\u00f6ster&#8221; kutusunu i\u015faretleyin, d\u00fcz bir kenarl\u0131k ekleyin ve \u00e7ubu\u011fun y\u00f6n\u00fcn\u00fc de\u011fi\u015ftirin (di\u015fi ve erkek \u00e7ubuklar ters y\u00f6nde olmal\u0131d\u0131r). <br><img decoding=\"async\" title=\"Excel'de ko\u015fullu bi\u00e7imlendirmeyle-bir-n\u00fcfus-piramit-grafi\u011fi-olu\u015fturmak i\u00e7in yaln\u0131zca \u00e7ubuklar\u0131 g\u00f6ster\" src=\"https:\/\/exceladvisor.org\/wp-content\/uploads\/2023\/08\/afficher-les-barres-uniquement-pour-creer-un-graphique-en-pyramide-des-ages-dans-Excel-avec-une-mise-en-forme-conditionnelle.png\" sizes=\"\" srcset=\"\" alt=\"show bars only to create a population pyramid chart in excel with conditional formatting\"><\/li><li> \u015eimdi ikinci veri s\u00fctununu se\u00e7ip ayn\u0131 \u015fekilde ona veri \u00e7ubuklar\u0131n\u0131 ekleyin ve a\u015fa\u011f\u0131daki gibi bir piramit grafi\u011fi elde edeceksiniz. <br><img decoding=\"async\" title=\"excel'de-ko\u015fullu-bi\u00e7imlendirmeli basit-n\u00fcfus-piramit-tablosu\" src=\"https:\/\/exceladvisor.org\/wp-content\/uploads\/2023\/08\/graphique-de-pyramide-des-ages-simple-dans-excel-avec-mise-en-forme-conditionnelle-1.png\" sizes=\"\" srcset=\"\" alt=\"simple population pyramid chart in excel with conditional formatting\"><\/li><li> Sonunda, son dokunu\u015f olarak grafi\u011fin her iki taraf\u0131na da iki s\u00fctun ekleyerek veri etiketleri ekleyin.<\/li><\/ol><p> <strong><span style=\"color: #000000; background-color: #ffff00;\">Boom!<\/span><\/strong> Masam\u0131z haz\u0131r. <\/p><div class=\"wp-block-image\"><figure class=\"aligncenter\"><img decoding=\"async\" src=\"https:\/\/exceladvisor.org\/wp-content\/uploads\/2023\/08\/graphique-pyramidal-des-ages-final-dans-excel-avec-mise-en-forme-conditionnelle-1.png\" sizes=\"\" srcset=\"\" alt=\"ko\u015fullu bi\u00e7imlendirme ile excel'de son ya\u015f piramit grafi\u011fi\"><\/figure><\/div><h2 class=\"wp-block-heading\"> Excel&#8217;de H\u00fccrede N\u00fcfus Piramidi Grafi\u011fi Olu\u015fturma<\/h2><p> REPT&#8217;in b\u00fcy\u00fck bir hayran\u0131y\u0131m ve en iyi yan\u0131, bunu basit bir n\u00fcfus piramidi olu\u015fturmak i\u00e7in kullanabilmenizdir.<\/p><ol><li> \u00d6ncelikle a\u015fa\u011f\u0131daki gibi bir tablo olu\u015fturun. <br><img decoding=\"async\" title=\"rept-i\u015flevini kullanarak-excel'de-bir-n\u00fcfus-piramit-grafi\u011fi-olu\u015fturmak i\u00e7in-kullan\u0131lacak veri tablosu\" src=\"https:\/\/exceladvisor.org\/wp-content\/uploads\/2023\/08\/table-de-donnees-a-utiliser-pour-creer-un-graphique-pyramidal-des-ages-dans-Excel-a-laide-de-la-fonction-rept-1.png\" sizes=\"\" srcset=\"\" alt=\"data table to use to create population pyramid chart in excel using rept function\"><\/li><li> \u015eimdi a\u015fa\u011f\u0131daki form\u00fcl\u00fc kad\u0131n ve erkek s\u00fctunlar\u0131na ekleyin ve a\u015fa\u011f\u0131 s\u00fcr\u00fckleyin.<pre> Female Column: =IFERROR(REPT(\u201c|\u201d,C5*4),\u201d\u201d)<\/pre><pre> Male Column: =IFERROR(REPT(\u201c|\u201d,F5*4),\u201d\u201d)<\/pre><\/li><li> Bundan sonra yaz\u0131 tipi stilini Playbill (Yaz\u0131 Tipi Boyutu \u2013 10) olarak de\u011fi\u015ftirin veya \u015eablon (Yaz\u0131 Tipi Boyutu \u2013 10) da kullanabilirsiniz.<\/li><li> Sonunda, her iki s\u00fctunun yaz\u0131 tipi rengini de\u011fi\u015ftirin ve di\u015fi s\u00fctunu sa\u011fa, erkek s\u00fctununu sola hizalay\u0131n.<\/li><\/ol><p> Tahta haz\u0131r. <\/p><div class=\"wp-block-image\"><figure class=\"aligncenter\"><img decoding=\"async\" src=\"https:\/\/exceladvisor.org\/wp-content\/uploads\/2023\/08\/diagramme-de-pyramide-des-ages-simple-dans-excel-utilisant-la-fonction-rept-1.png\" sizes=\"\" srcset=\"\" alt=\"basit-n\u00fcfus-piramit-grafi\u011fi-excel-kullanarak-rept-fonksiyonu\"><\/figure><\/div><h2 class=\"wp-block-heading\"> \u00d6rnek dosya<\/h2><p> <a href=\"https:\/\/exceladvisor.org\/wp-content\/uploads\/2023\/08\/diagramme-pyramidal-2.zip\" rel=\"nofollow\">Bu \u00f6rnek dosyay\u0131 buradan indirin<\/a><\/p><h2 class=\"wp-block-heading\"> \u00c7\u00f6z\u00fcm<\/h2><p> Piramit grafi\u011finin yaln\u0131zca demografik bilgiler i\u00e7in oldu\u011funu merak ediyor olabilirsiniz, ancak ger\u00e7ek \u015fu ki onu her t\u00fcrl\u00fc veri i\u00e7in kullanabilirsiniz.<\/p><p> \u0130ki farkl\u0131 d\u00f6nem i\u00e7in farkl\u0131 veri noktalar\u0131n\u0131 kar\u015f\u0131la\u015ft\u0131rman\u0131z gerekti\u011finde, \u00f6rne\u011fin farkl\u0131 \u00fcr\u00fcnlerin iki y\u0131ll\u0131k sat\u0131\u015f verileri gibi bir piramit grafi\u011fi kullanmak en iyisidir.<\/p><p> Bu <a style=\"outline: none;\" href=\"https:\/\/exceladvisor.org\/tr\/gelismis-grafikler\/\">, geli\u015fmi\u015f Excel tablolar\u0131 ve grafikleri<\/a> listelerimden biridir. Umar\u0131m bu ipucunu faydal\u0131 bulmu\u015fsundur ama bana bir \u015fey s\u00f6yle.<\/p><p> <strong>Hi\u00e7 piramit grafi\u011fi kulland\u0131n\u0131z m\u0131?<\/strong> Veya bunu olu\u015fturman\u0131n ba\u015fka bir yolu var m\u0131?<\/p><p> D\u00fc\u015f\u00fcncelerinizi yorum k\u0131sm\u0131nda benimle payla\u015f\u0131n, sizden haber almay\u0131 \u00e7ok isterim. Ve bu ipucunu arkada\u015flar\u0131n\u0131zla payla\u015fmay\u0131 unutmay\u0131n.<\/p><div class=\"gb-container gb-container-a61970aa gb-container-mt\"> <a class=\"gb-button gb-button-b4293c6c gb-button-text gb-button-mt-button\" href=\"https:\/\/exceladvisor.org\/tr\/excel-cizelgeleri\/\">Excel Grafik T\u00fcrleri<\/a><h2 class=\"gb-headline gb-headline-5bf2e581 gb-headline-text gb-headline-mt-heading\"> \u0130lgili e\u011fitimler <\/h2><div class=\"gb-grid-wrapper gb-grid-wrapper-9b70abf1 gb-grid-wrapper-mt-grid\"><div class=\"gb-grid-column gb-grid-column-97a95c29\"><div class=\"gb-container gb-container-97a95c29\"><ul><li> <a href=\"https:\/\/exceladvisor.org\/tr\/gozleme-grafigi\/\">KABARTMALI LEVHA<\/a><\/li><li> <a href=\"https:\/\/exceladvisor.org\/tr\/huni-grafigi\/\">Huni grafi\u011fi<\/a><\/li><li> <a href=\"https:\/\/exceladvisor.org\/tr\/gantt-semasi\/\">Gantt \u015femas\u0131<\/a><\/li><li> <a href=\"https:\/\/exceladvisor.org\/tr\/kursun-tahtasi\/\">Madde i\u015fareti grafi\u011fi<\/a><\/li><li> <a href=\"https:\/\/exceladvisor.org\/tr\/sicaklik-haritasi\/\">S\u0131cakl\u0131k haritas\u0131<\/a><\/li><\/ul><\/div><\/div><\/div><\/div>","protected":false},"excerpt":{"rendered":"","protected":false},"author":1,"featured_media":0,"parent":0,"menu_order":0,"comment_status":"open","ping_status":"closed","template":"","meta":{"ub_ctt_via":"","footnotes":""},"class_list":["post-1945","page","type-page","status-publish","hentry"],"featured_image_src":null,"yoast_head":"<!-- This site is optimized with the Yoast SEO plugin v25.4 - https:\/\/yoast.com\/wordpress\/plugins\/seo\/ -->\n<title>Excel&#039;de n\u00fcfus piramidi grafi\u011fi nas\u0131l olu\u015fturulur?<\/title>\n<meta name=\"description\" content=\"Bu derste Excel&#039;de 8 basit ad\u0131mda n\u00fcfus piramidi grafi\u011finin nas\u0131l olu\u015fturulaca\u011f\u0131n\u0131 \u00f6\u011frenece\u011fiz.\" \/>\n<meta name=\"robots\" content=\"index, follow, max-snippet:-1, max-image-preview:large, max-video-preview:-1\" \/>\n<link rel=\"canonical\" href=\"https:\/\/exceladvisor.org\/tr\/piramit-diyagrami\/\" \/>\n<meta property=\"og:locale\" content=\"tr_TR\" \/>\n<meta property=\"og:type\" content=\"article\" \/>\n<meta property=\"og:title\" content=\"Excel&#039;de n\u00fcfus piramidi grafi\u011fi nas\u0131l olu\u015fturulur?\" \/>\n<meta property=\"og:description\" content=\"Bu derste Excel&#039;de 8 basit ad\u0131mda n\u00fcfus piramidi grafi\u011finin nas\u0131l olu\u015fturulaca\u011f\u0131n\u0131 \u00f6\u011frenece\u011fiz.\" \/>\n<meta property=\"og:url\" content=\"https:\/\/exceladvisor.org\/tr\/piramit-diyagrami\/\" \/>\n<meta property=\"og:site_name\" content=\"Excel Advisor\" \/>\n<meta property=\"article:modified_time\" content=\"2023-12-10T06:01:48+00:00\" \/>\n<meta property=\"og:image\" content=\"https:\/\/exceladvisor.org\/wp-content\/uploads\/2023\/08\/creer-un-graphique-pyramidal-des-ages-dans-Excel-de-differentes-manieres-1.gif\" \/>\n<meta name=\"twitter:card\" content=\"summary_large_image\" \/>\n<meta name=\"twitter:label1\" content=\"Tahmini okuma s\u00fcresi\" \/>\n\t<meta name=\"twitter:data1\" content=\"4 dakika\" \/>\n<script type=\"application\/ld+json\" class=\"yoast-schema-graph\">{\"@context\":\"https:\/\/schema.org\",\"@graph\":[{\"@type\":\"WebPage\",\"@id\":\"https:\/\/exceladvisor.org\/tr\/piramit-diyagrami\/\",\"url\":\"https:\/\/exceladvisor.org\/tr\/piramit-diyagrami\/\",\"name\":\"Excel&#39;de n\u00fcfus piramidi grafi\u011fi nas\u0131l olu\u015fturulur?\",\"isPartOf\":{\"@id\":\"https:\/\/exceladvisor.org\/tr\/#website\"},\"primaryImageOfPage\":{\"@id\":\"https:\/\/exceladvisor.org\/tr\/piramit-diyagrami\/#primaryimage\"},\"image\":{\"@id\":\"https:\/\/exceladvisor.org\/tr\/piramit-diyagrami\/#primaryimage\"},\"thumbnailUrl\":\"https:\/\/exceladvisor.org\/wp-content\/uploads\/2023\/08\/creer-un-graphique-pyramidal-des-ages-dans-Excel-de-differentes-manieres-1.gif\",\"datePublished\":\"2023-10-26T16:23:45+00:00\",\"dateModified\":\"2023-12-10T06:01:48+00:00\",\"description\":\"Bu derste Excel&#39;de 8 basit ad\u0131mda n\u00fcfus piramidi grafi\u011finin nas\u0131l olu\u015fturulaca\u011f\u0131n\u0131 \u00f6\u011frenece\u011fiz.\",\"breadcrumb\":{\"@id\":\"https:\/\/exceladvisor.org\/tr\/piramit-diyagrami\/#breadcrumb\"},\"inLanguage\":\"tr\",\"potentialAction\":[{\"@type\":\"ReadAction\",\"target\":[\"https:\/\/exceladvisor.org\/tr\/piramit-diyagrami\/\"]}]},{\"@type\":\"ImageObject\",\"inLanguage\":\"tr\",\"@id\":\"https:\/\/exceladvisor.org\/tr\/piramit-diyagrami\/#primaryimage\",\"url\":\"https:\/\/exceladvisor.org\/wp-content\/uploads\/2023\/08\/creer-un-graphique-pyramidal-des-ages-dans-Excel-de-differentes-manieres-1.gif\",\"contentUrl\":\"https:\/\/exceladvisor.org\/wp-content\/uploads\/2023\/08\/creer-un-graphique-pyramidal-des-ages-dans-Excel-de-differentes-manieres-1.gif\"},{\"@type\":\"BreadcrumbList\",\"@id\":\"https:\/\/exceladvisor.org\/tr\/piramit-diyagrami\/#breadcrumb\",\"itemListElement\":[{\"@type\":\"ListItem\",\"position\":1,\"name\":\"Ev\",\"item\":\"https:\/\/exceladvisor.org\/tr\/\"},{\"@type\":\"ListItem\",\"position\":2,\"name\":\"Excel&#39;de n\u00fcfus piramidi grafi\u011fi nas\u0131l olu\u015fturulur?\"}]},{\"@type\":\"WebSite\",\"@id\":\"https:\/\/exceladvisor.org\/tr\/#website\",\"url\":\"https:\/\/exceladvisor.org\/tr\/\",\"name\":\"Excel Advisor\",\"description\":\"Veri hakimiyetine y\u00f6nelik nihai rehberiniz!\",\"publisher\":{\"@id\":\"https:\/\/exceladvisor.org\/tr\/#organization\"},\"potentialAction\":[{\"@type\":\"SearchAction\",\"target\":{\"@type\":\"EntryPoint\",\"urlTemplate\":\"https:\/\/exceladvisor.org\/tr\/?s={search_term_string}\"},\"query-input\":{\"@type\":\"PropertyValueSpecification\",\"valueRequired\":true,\"valueName\":\"search_term_string\"}}],\"inLanguage\":\"tr\"},{\"@type\":\"Organization\",\"@id\":\"https:\/\/exceladvisor.org\/tr\/#organization\",\"name\":\"Excel Advisor\",\"url\":\"https:\/\/exceladvisor.org\/tr\/\",\"logo\":{\"@type\":\"ImageObject\",\"inLanguage\":\"tr\",\"@id\":\"https:\/\/exceladvisor.org\/tr\/#\/schema\/logo\/image\/\",\"url\":\"https:\/\/exceladvisor.org\/tr\/wp-content\/uploads\/2023\/12\/exceladvisor.org_.png\",\"contentUrl\":\"https:\/\/exceladvisor.org\/tr\/wp-content\/uploads\/2023\/12\/exceladvisor.org_.png\",\"width\":105,\"height\":36,\"caption\":\"Excel Advisor\"},\"image\":{\"@id\":\"https:\/\/exceladvisor.org\/tr\/#\/schema\/logo\/image\/\"}}]}<\/script>\n<!-- \/ Yoast SEO plugin. -->","yoast_head_json":{"title":"Excel&#39;de n\u00fcfus piramidi grafi\u011fi nas\u0131l olu\u015fturulur?","description":"Bu derste Excel&#39;de 8 basit ad\u0131mda n\u00fcfus piramidi grafi\u011finin nas\u0131l olu\u015fturulaca\u011f\u0131n\u0131 \u00f6\u011frenece\u011fiz.","robots":{"index":"index","follow":"follow","max-snippet":"max-snippet:-1","max-image-preview":"max-image-preview:large","max-video-preview":"max-video-preview:-1"},"canonical":"https:\/\/exceladvisor.org\/tr\/piramit-diyagrami\/","og_locale":"tr_TR","og_type":"article","og_title":"Excel&#39;de n\u00fcfus piramidi grafi\u011fi nas\u0131l olu\u015fturulur?","og_description":"Bu derste Excel&#39;de 8 basit ad\u0131mda n\u00fcfus piramidi grafi\u011finin nas\u0131l olu\u015fturulaca\u011f\u0131n\u0131 \u00f6\u011frenece\u011fiz.","og_url":"https:\/\/exceladvisor.org\/tr\/piramit-diyagrami\/","og_site_name":"Excel Advisor","article_modified_time":"2023-12-10T06:01:48+00:00","og_image":[{"url":"https:\/\/exceladvisor.org\/wp-content\/uploads\/2023\/08\/creer-un-graphique-pyramidal-des-ages-dans-Excel-de-differentes-manieres-1.gif","type":"","width":"","height":""}],"twitter_card":"summary_large_image","twitter_misc":{"Tahmini okuma s\u00fcresi":"4 dakika"},"schema":{"@context":"https:\/\/schema.org","@graph":[{"@type":"WebPage","@id":"https:\/\/exceladvisor.org\/tr\/piramit-diyagrami\/","url":"https:\/\/exceladvisor.org\/tr\/piramit-diyagrami\/","name":"Excel&#39;de n\u00fcfus piramidi grafi\u011fi nas\u0131l olu\u015fturulur?","isPartOf":{"@id":"https:\/\/exceladvisor.org\/tr\/#website"},"primaryImageOfPage":{"@id":"https:\/\/exceladvisor.org\/tr\/piramit-diyagrami\/#primaryimage"},"image":{"@id":"https:\/\/exceladvisor.org\/tr\/piramit-diyagrami\/#primaryimage"},"thumbnailUrl":"https:\/\/exceladvisor.org\/wp-content\/uploads\/2023\/08\/creer-un-graphique-pyramidal-des-ages-dans-Excel-de-differentes-manieres-1.gif","datePublished":"2023-10-26T16:23:45+00:00","dateModified":"2023-12-10T06:01:48+00:00","description":"Bu derste Excel&#39;de 8 basit ad\u0131mda n\u00fcfus piramidi grafi\u011finin nas\u0131l olu\u015fturulaca\u011f\u0131n\u0131 \u00f6\u011frenece\u011fiz.","breadcrumb":{"@id":"https:\/\/exceladvisor.org\/tr\/piramit-diyagrami\/#breadcrumb"},"inLanguage":"tr","potentialAction":[{"@type":"ReadAction","target":["https:\/\/exceladvisor.org\/tr\/piramit-diyagrami\/"]}]},{"@type":"ImageObject","inLanguage":"tr","@id":"https:\/\/exceladvisor.org\/tr\/piramit-diyagrami\/#primaryimage","url":"https:\/\/exceladvisor.org\/wp-content\/uploads\/2023\/08\/creer-un-graphique-pyramidal-des-ages-dans-Excel-de-differentes-manieres-1.gif","contentUrl":"https:\/\/exceladvisor.org\/wp-content\/uploads\/2023\/08\/creer-un-graphique-pyramidal-des-ages-dans-Excel-de-differentes-manieres-1.gif"},{"@type":"BreadcrumbList","@id":"https:\/\/exceladvisor.org\/tr\/piramit-diyagrami\/#breadcrumb","itemListElement":[{"@type":"ListItem","position":1,"name":"Ev","item":"https:\/\/exceladvisor.org\/tr\/"},{"@type":"ListItem","position":2,"name":"Excel&#39;de n\u00fcfus piramidi grafi\u011fi nas\u0131l olu\u015fturulur?"}]},{"@type":"WebSite","@id":"https:\/\/exceladvisor.org\/tr\/#website","url":"https:\/\/exceladvisor.org\/tr\/","name":"Excel Advisor","description":"Veri hakimiyetine y\u00f6nelik nihai rehberiniz!","publisher":{"@id":"https:\/\/exceladvisor.org\/tr\/#organization"},"potentialAction":[{"@type":"SearchAction","target":{"@type":"EntryPoint","urlTemplate":"https:\/\/exceladvisor.org\/tr\/?s={search_term_string}"},"query-input":{"@type":"PropertyValueSpecification","valueRequired":true,"valueName":"search_term_string"}}],"inLanguage":"tr"},{"@type":"Organization","@id":"https:\/\/exceladvisor.org\/tr\/#organization","name":"Excel Advisor","url":"https:\/\/exceladvisor.org\/tr\/","logo":{"@type":"ImageObject","inLanguage":"tr","@id":"https:\/\/exceladvisor.org\/tr\/#\/schema\/logo\/image\/","url":"https:\/\/exceladvisor.org\/tr\/wp-content\/uploads\/2023\/12\/exceladvisor.org_.png","contentUrl":"https:\/\/exceladvisor.org\/tr\/wp-content\/uploads\/2023\/12\/exceladvisor.org_.png","width":105,"height":36,"caption":"Excel Advisor"},"image":{"@id":"https:\/\/exceladvisor.org\/tr\/#\/schema\/logo\/image\/"}}]}},"yoast_meta":{"yoast_wpseo_title":"","yoast_wpseo_metadesc":"","yoast_wpseo_canonical":""},"_links":{"self":[{"href":"https:\/\/exceladvisor.org\/tr\/wp-json\/wp\/v2\/pages\/1945","targetHints":{"allow":["GET"]}}],"collection":[{"href":"https:\/\/exceladvisor.org\/tr\/wp-json\/wp\/v2\/pages"}],"about":[{"href":"https:\/\/exceladvisor.org\/tr\/wp-json\/wp\/v2\/types\/page"}],"author":[{"embeddable":true,"href":"https:\/\/exceladvisor.org\/tr\/wp-json\/wp\/v2\/users\/1"}],"replies":[{"embeddable":true,"href":"https:\/\/exceladvisor.org\/tr\/wp-json\/wp\/v2\/comments?post=1945"}],"version-history":[{"count":1,"href":"https:\/\/exceladvisor.org\/tr\/wp-json\/wp\/v2\/pages\/1945\/revisions"}],"predecessor-version":[{"id":2559,"href":"https:\/\/exceladvisor.org\/tr\/wp-json\/wp\/v2\/pages\/1945\/revisions\/2559"}],"wp:attachment":[{"href":"https:\/\/exceladvisor.org\/tr\/wp-json\/wp\/v2\/media?parent=1945"}],"curies":[{"name":"wp","href":"https:\/\/api.w.org\/{rel}","templated":true}]}}