{"id":1954,"date":"2023-10-26T12:11:59","date_gmt":"2023-10-26T12:11:59","guid":{"rendered":"https:\/\/exceladvisor.org\/tr\/cverr\/"},"modified":"2023-12-10T06:05:17","modified_gmt":"2023-12-10T06:05:17","slug":"cverr","status":"publish","type":"page","link":"https:\/\/exceladvisor.org\/tr\/cverr\/","title":{"rendered":"Vba cverr i\u015flevi nas\u0131l kullan\u0131l\u0131r?"},"content":{"rendered":"<div class=\"excel-icerikten-once\" id=\"excel-3867448329\"><script type=\"text\/javascript\">\r\n\tatOptions = {\r\n\t\t'key' : 'c1158f160081d6540a8409e6925dab94',\r\n\t\t'format' : 'iframe',\r\n\t\t'height' : 250,\r\n\t\t'width' : 300,\r\n\t\t'params' : {}\r\n\t};\r\n<\/script>\r\n<script type=\"text\/javascript\" src=\"\/\/www.highperformanceformat.com\/c1158f160081d6540a8409e6925dab94\/invoke.js\"><\/script><\/div> <p>VBA CVERR i\u015flevi, VBA i\u015flevlerinin vba hata i\u015fleme kategorisinde listelenir. VBA kodunda kulland\u0131\u011f\u0131n\u0131zda <strong>belirtti\u011finiz koda g\u00f6re bir hata veri t\u00fcr\u00fc d\u00f6nd\u00fcr\u00fcr<\/strong> . Basit bir ifadeyle CVERR ile sonu\u00e7ta bir t\u00fcr hata alabilirsiniz. Bu hata kodlar\u0131na <a href=\"https:\/\/www.vba-market.com\/list-of-vba-error-codes\/\" target=\"_blank\" rel=\"nofollow noopener noreferrer\">buradan<\/a> g\u00f6z at\u0131n.<\/p><h2 class=\"wp-block-heading\"> S\u00f6zdizimi<\/h2><p> <strong>CVErr(\u0130fade)<\/strong><\/p><h2 class=\"wp-block-heading\"> Arg\u00fcmanlar<\/h2><ul><li> <strong>\u0130fade<\/strong> : Hata veri t\u00fcr\u00fcn\u00fc bilmek istedi\u011finiz hata kodu.<\/li><\/ul><h2 class=\"wp-block-heading\"> \u00d6rnek<\/h2><p> VBA CVERR i\u015flevinin nas\u0131l kullan\u0131laca\u011f\u0131n\u0131 pratik olarak anlamak i\u00e7in, onu kullanarak bir vba kodu yazd\u0131\u011f\u0131m\u0131z a\u015fa\u011f\u0131daki \u00f6rne\u011fi incelemeniz gerekir: <\/p><div class=\"wp-block-image\"><figure class=\"aligncenter is-resized\"><img loading=\"lazy\" decoding=\"async\" title=\"\u00f6rnek-vba-cveer-i\u015flevi\" src=\"https:\/\/exceladvisor.org\/wp-content\/uploads\/2023\/08\/exemple-de-fonction-vba-cveer.png\" sizes=\"auto, \" srcset=\"\" alt=\"example-vba-cveer-function\" width=\"786\" height=\"526\"><\/figure><\/div><p> Yukar\u0131daki kodda A2 h\u00fccresindeki de\u011ferin s\u0131f\u0131r olup olmad\u0131\u011f\u0131n\u0131 kontrol etmek i\u00e7in CVERR ve onunla birlikte IF ko\u015fulunu kulland\u0131k ve e\u011fer \u00f6yleyse hata 11&#8217;in kodunu sa\u011flad\u0131k (11 hatad\u0131r) hata veri t\u00fcr\u00fcn\u00fc d\u00f6nd\u00fcrmek i\u00e7in i\u015fleve s\u0131f\u0131ra b\u00f6lmeyi temsil eden veri t\u00fcr\u00fc).<\/p><h2 class=\"wp-block-heading\"> Yorumlar<\/h2><ul><li> Hata kodu olarak ayarlad\u0131\u011f\u0131n\u0131z ba\u011f\u0131ms\u0131z de\u011fi\u015fken bir hata kodu de\u011filse ve bir say\u0131dan farkl\u0131ysa VBA, \u00e7al\u0131\u015fma zaman\u0131 hatas\u0131 13&#8217;\u00fc d\u00f6nd\u00fcr\u00fcr.<\/li><li> Ayarlad\u0131\u011f\u0131n\u0131z ba\u011f\u0131ms\u0131z de\u011fi\u015fken bir say\u0131ysa ancak hata kodu de\u011filse, VBA \u00e7al\u0131\u015fma zaman\u0131 hatas\u0131 5&#8217;i d\u00f6nd\u00fcrecektir.<\/li><\/ul>","protected":false},"excerpt":{"rendered":"","protected":false},"author":1,"featured_media":0,"parent":0,"menu_order":0,"comment_status":"open","ping_status":"closed","template":"","meta":{"ub_ctt_via":"","footnotes":""},"class_list":["post-1954","page","type-page","status-publish","hentry"],"featured_image_src":null,"yoast_head":"<!-- This site is optimized with the Yoast SEO plugin v25.4 - https:\/\/yoast.com\/wordpress\/plugins\/seo\/ -->\n<title>VBA CVERR i\u015flevi nas\u0131l kullan\u0131l\u0131r? (S\u00f6zdizimi + \u00d6rnek)<\/title>\n<meta name=\"description\" content=\"S\u00f6zdizimi, ba\u011f\u0131ms\u0131z de\u011fi\u015fkenler ve \u00f6rnek kodla birlikte VBA CVERR i\u015flevinin nas\u0131l kullan\u0131laca\u011f\u0131n\u0131 \u00f6\u011frenin.\" \/>\n<meta name=\"robots\" content=\"index, follow, max-snippet:-1, max-image-preview:large, max-video-preview:-1\" \/>\n<link rel=\"canonical\" href=\"https:\/\/exceladvisor.org\/tr\/cverr\/\" \/>\n<meta property=\"og:locale\" content=\"tr_TR\" \/>\n<meta property=\"og:type\" content=\"article\" \/>\n<meta property=\"og:title\" content=\"VBA CVERR i\u015flevi nas\u0131l kullan\u0131l\u0131r? (S\u00f6zdizimi + \u00d6rnek)\" \/>\n<meta property=\"og:description\" content=\"S\u00f6zdizimi, ba\u011f\u0131ms\u0131z de\u011fi\u015fkenler ve \u00f6rnek kodla birlikte VBA CVERR i\u015flevinin nas\u0131l kullan\u0131laca\u011f\u0131n\u0131 \u00f6\u011frenin.\" \/>\n<meta property=\"og:url\" content=\"https:\/\/exceladvisor.org\/tr\/cverr\/\" \/>\n<meta property=\"og:site_name\" content=\"Excel Advisor\" \/>\n<meta property=\"article:modified_time\" content=\"2023-12-10T06:05:17+00:00\" \/>\n<meta property=\"og:image\" content=\"https:\/\/exceladvisor.org\/wp-content\/uploads\/2023\/08\/exemple-de-fonction-vba-cveer.png\" \/>\n<meta name=\"twitter:card\" content=\"summary_large_image\" \/>\n<meta name=\"twitter:label1\" content=\"Tahmini okuma s\u00fcresi\" \/>\n\t<meta name=\"twitter:data1\" content=\"1 dakika\" \/>\n<script type=\"application\/ld+json\" class=\"yoast-schema-graph\">{\"@context\":\"https:\/\/schema.org\",\"@graph\":[{\"@type\":\"WebPage\",\"@id\":\"https:\/\/exceladvisor.org\/tr\/cverr\/\",\"url\":\"https:\/\/exceladvisor.org\/tr\/cverr\/\",\"name\":\"VBA CVERR i\u015flevi nas\u0131l kullan\u0131l\u0131r? (S\u00f6zdizimi + \u00d6rnek)\",\"isPartOf\":{\"@id\":\"https:\/\/exceladvisor.org\/tr\/#website\"},\"primaryImageOfPage\":{\"@id\":\"https:\/\/exceladvisor.org\/tr\/cverr\/#primaryimage\"},\"image\":{\"@id\":\"https:\/\/exceladvisor.org\/tr\/cverr\/#primaryimage\"},\"thumbnailUrl\":\"https:\/\/exceladvisor.org\/wp-content\/uploads\/2023\/08\/exemple-de-fonction-vba-cveer.png\",\"datePublished\":\"2023-10-26T12:11:59+00:00\",\"dateModified\":\"2023-12-10T06:05:17+00:00\",\"description\":\"S\u00f6zdizimi, ba\u011f\u0131ms\u0131z de\u011fi\u015fkenler ve \u00f6rnek kodla birlikte VBA CVERR i\u015flevinin nas\u0131l kullan\u0131laca\u011f\u0131n\u0131 \u00f6\u011frenin.\",\"breadcrumb\":{\"@id\":\"https:\/\/exceladvisor.org\/tr\/cverr\/#breadcrumb\"},\"inLanguage\":\"tr\",\"potentialAction\":[{\"@type\":\"ReadAction\",\"target\":[\"https:\/\/exceladvisor.org\/tr\/cverr\/\"]}]},{\"@type\":\"ImageObject\",\"inLanguage\":\"tr\",\"@id\":\"https:\/\/exceladvisor.org\/tr\/cverr\/#primaryimage\",\"url\":\"https:\/\/exceladvisor.org\/wp-content\/uploads\/2023\/08\/exemple-de-fonction-vba-cveer.png\",\"contentUrl\":\"https:\/\/exceladvisor.org\/wp-content\/uploads\/2023\/08\/exemple-de-fonction-vba-cveer.png\"},{\"@type\":\"BreadcrumbList\",\"@id\":\"https:\/\/exceladvisor.org\/tr\/cverr\/#breadcrumb\",\"itemListElement\":[{\"@type\":\"ListItem\",\"position\":1,\"name\":\"Ev\",\"item\":\"https:\/\/exceladvisor.org\/tr\/\"},{\"@type\":\"ListItem\",\"position\":2,\"name\":\"Vba cverr i\u015flevi nas\u0131l kullan\u0131l\u0131r?\"}]},{\"@type\":\"WebSite\",\"@id\":\"https:\/\/exceladvisor.org\/tr\/#website\",\"url\":\"https:\/\/exceladvisor.org\/tr\/\",\"name\":\"Excel Advisor\",\"description\":\"Veri hakimiyetine y\u00f6nelik nihai rehberiniz!\",\"publisher\":{\"@id\":\"https:\/\/exceladvisor.org\/tr\/#organization\"},\"potentialAction\":[{\"@type\":\"SearchAction\",\"target\":{\"@type\":\"EntryPoint\",\"urlTemplate\":\"https:\/\/exceladvisor.org\/tr\/?s={search_term_string}\"},\"query-input\":{\"@type\":\"PropertyValueSpecification\",\"valueRequired\":true,\"valueName\":\"search_term_string\"}}],\"inLanguage\":\"tr\"},{\"@type\":\"Organization\",\"@id\":\"https:\/\/exceladvisor.org\/tr\/#organization\",\"name\":\"Excel Advisor\",\"url\":\"https:\/\/exceladvisor.org\/tr\/\",\"logo\":{\"@type\":\"ImageObject\",\"inLanguage\":\"tr\",\"@id\":\"https:\/\/exceladvisor.org\/tr\/#\/schema\/logo\/image\/\",\"url\":\"https:\/\/exceladvisor.org\/tr\/wp-content\/uploads\/2023\/12\/exceladvisor.org_.png\",\"contentUrl\":\"https:\/\/exceladvisor.org\/tr\/wp-content\/uploads\/2023\/12\/exceladvisor.org_.png\",\"width\":105,\"height\":36,\"caption\":\"Excel Advisor\"},\"image\":{\"@id\":\"https:\/\/exceladvisor.org\/tr\/#\/schema\/logo\/image\/\"}}]}<\/script>\n<!-- \/ Yoast SEO plugin. -->","yoast_head_json":{"title":"VBA CVERR i\u015flevi nas\u0131l kullan\u0131l\u0131r? (S\u00f6zdizimi + \u00d6rnek)","description":"S\u00f6zdizimi, ba\u011f\u0131ms\u0131z de\u011fi\u015fkenler ve \u00f6rnek kodla birlikte VBA CVERR i\u015flevinin nas\u0131l kullan\u0131laca\u011f\u0131n\u0131 \u00f6\u011frenin.","robots":{"index":"index","follow":"follow","max-snippet":"max-snippet:-1","max-image-preview":"max-image-preview:large","max-video-preview":"max-video-preview:-1"},"canonical":"https:\/\/exceladvisor.org\/tr\/cverr\/","og_locale":"tr_TR","og_type":"article","og_title":"VBA CVERR i\u015flevi nas\u0131l kullan\u0131l\u0131r? (S\u00f6zdizimi + \u00d6rnek)","og_description":"S\u00f6zdizimi, ba\u011f\u0131ms\u0131z de\u011fi\u015fkenler ve \u00f6rnek kodla birlikte VBA CVERR i\u015flevinin nas\u0131l kullan\u0131laca\u011f\u0131n\u0131 \u00f6\u011frenin.","og_url":"https:\/\/exceladvisor.org\/tr\/cverr\/","og_site_name":"Excel Advisor","article_modified_time":"2023-12-10T06:05:17+00:00","og_image":[{"url":"https:\/\/exceladvisor.org\/wp-content\/uploads\/2023\/08\/exemple-de-fonction-vba-cveer.png","type":"","width":"","height":""}],"twitter_card":"summary_large_image","twitter_misc":{"Tahmini okuma s\u00fcresi":"1 dakika"},"schema":{"@context":"https:\/\/schema.org","@graph":[{"@type":"WebPage","@id":"https:\/\/exceladvisor.org\/tr\/cverr\/","url":"https:\/\/exceladvisor.org\/tr\/cverr\/","name":"VBA CVERR i\u015flevi nas\u0131l kullan\u0131l\u0131r? (S\u00f6zdizimi + \u00d6rnek)","isPartOf":{"@id":"https:\/\/exceladvisor.org\/tr\/#website"},"primaryImageOfPage":{"@id":"https:\/\/exceladvisor.org\/tr\/cverr\/#primaryimage"},"image":{"@id":"https:\/\/exceladvisor.org\/tr\/cverr\/#primaryimage"},"thumbnailUrl":"https:\/\/exceladvisor.org\/wp-content\/uploads\/2023\/08\/exemple-de-fonction-vba-cveer.png","datePublished":"2023-10-26T12:11:59+00:00","dateModified":"2023-12-10T06:05:17+00:00","description":"S\u00f6zdizimi, ba\u011f\u0131ms\u0131z de\u011fi\u015fkenler ve \u00f6rnek kodla birlikte VBA CVERR i\u015flevinin nas\u0131l kullan\u0131laca\u011f\u0131n\u0131 \u00f6\u011frenin.","breadcrumb":{"@id":"https:\/\/exceladvisor.org\/tr\/cverr\/#breadcrumb"},"inLanguage":"tr","potentialAction":[{"@type":"ReadAction","target":["https:\/\/exceladvisor.org\/tr\/cverr\/"]}]},{"@type":"ImageObject","inLanguage":"tr","@id":"https:\/\/exceladvisor.org\/tr\/cverr\/#primaryimage","url":"https:\/\/exceladvisor.org\/wp-content\/uploads\/2023\/08\/exemple-de-fonction-vba-cveer.png","contentUrl":"https:\/\/exceladvisor.org\/wp-content\/uploads\/2023\/08\/exemple-de-fonction-vba-cveer.png"},{"@type":"BreadcrumbList","@id":"https:\/\/exceladvisor.org\/tr\/cverr\/#breadcrumb","itemListElement":[{"@type":"ListItem","position":1,"name":"Ev","item":"https:\/\/exceladvisor.org\/tr\/"},{"@type":"ListItem","position":2,"name":"Vba cverr i\u015flevi nas\u0131l kullan\u0131l\u0131r?"}]},{"@type":"WebSite","@id":"https:\/\/exceladvisor.org\/tr\/#website","url":"https:\/\/exceladvisor.org\/tr\/","name":"Excel Advisor","description":"Veri hakimiyetine y\u00f6nelik nihai rehberiniz!","publisher":{"@id":"https:\/\/exceladvisor.org\/tr\/#organization"},"potentialAction":[{"@type":"SearchAction","target":{"@type":"EntryPoint","urlTemplate":"https:\/\/exceladvisor.org\/tr\/?s={search_term_string}"},"query-input":{"@type":"PropertyValueSpecification","valueRequired":true,"valueName":"search_term_string"}}],"inLanguage":"tr"},{"@type":"Organization","@id":"https:\/\/exceladvisor.org\/tr\/#organization","name":"Excel Advisor","url":"https:\/\/exceladvisor.org\/tr\/","logo":{"@type":"ImageObject","inLanguage":"tr","@id":"https:\/\/exceladvisor.org\/tr\/#\/schema\/logo\/image\/","url":"https:\/\/exceladvisor.org\/tr\/wp-content\/uploads\/2023\/12\/exceladvisor.org_.png","contentUrl":"https:\/\/exceladvisor.org\/tr\/wp-content\/uploads\/2023\/12\/exceladvisor.org_.png","width":105,"height":36,"caption":"Excel Advisor"},"image":{"@id":"https:\/\/exceladvisor.org\/tr\/#\/schema\/logo\/image\/"}}]}},"yoast_meta":{"yoast_wpseo_title":"","yoast_wpseo_metadesc":"","yoast_wpseo_canonical":""},"_links":{"self":[{"href":"https:\/\/exceladvisor.org\/tr\/wp-json\/wp\/v2\/pages\/1954","targetHints":{"allow":["GET"]}}],"collection":[{"href":"https:\/\/exceladvisor.org\/tr\/wp-json\/wp\/v2\/pages"}],"about":[{"href":"https:\/\/exceladvisor.org\/tr\/wp-json\/wp\/v2\/types\/page"}],"author":[{"embeddable":true,"href":"https:\/\/exceladvisor.org\/tr\/wp-json\/wp\/v2\/users\/1"}],"replies":[{"embeddable":true,"href":"https:\/\/exceladvisor.org\/tr\/wp-json\/wp\/v2\/comments?post=1954"}],"version-history":[{"count":1,"href":"https:\/\/exceladvisor.org\/tr\/wp-json\/wp\/v2\/pages\/1954\/revisions"}],"predecessor-version":[{"id":2802,"href":"https:\/\/exceladvisor.org\/tr\/wp-json\/wp\/v2\/pages\/1954\/revisions\/2802"}],"wp:attachment":[{"href":"https:\/\/exceladvisor.org\/tr\/wp-json\/wp\/v2\/media?parent=1954"}],"curies":[{"name":"wp","href":"https:\/\/api.w.org\/{rel}","templated":true}]}}