{"id":1956,"date":"2023-10-26T11:46:37","date_gmt":"2023-10-26T11:46:37","guid":{"rendered":"https:\/\/exceladvisor.org\/tr\/tarih-ekleme\/"},"modified":"2023-12-10T06:05:20","modified_gmt":"2023-12-10T06:05:20","slug":"tarih-ekleme","status":"publish","type":"page","link":"https:\/\/exceladvisor.org\/tr\/tarih-ekleme\/","title":{"rendered":"Vba dateadd i\u015flevi nas\u0131l kullan\u0131l\u0131r?"},"content":{"rendered":"<div class=\"excel-icerikten-once\" id=\"excel-2304212458\"><script type=\"text\/javascript\">\r\n\tatOptions = {\r\n\t\t'key' : 'c1158f160081d6540a8409e6925dab94',\r\n\t\t'format' : 'iframe',\r\n\t\t'height' : 250,\r\n\t\t'width' : 300,\r\n\t\t'params' : {}\r\n\t};\r\n<\/script>\r\n<script type=\"text\/javascript\" src=\"\/\/www.highperformanceformat.com\/c1158f160081d6540a8409e6925dab94\/invoke.js\"><\/script><\/div> <p>VBA DATEADD i\u015flevi, VBA i\u015flevlerinin tarih ve saat kategorisinde listelenir. Bunu VBA kodunda kulland\u0131\u011f\u0131n\u0131zda, <strong><mark class=\"has-inline-color\" style=\"background-color: #fdde6c;\">aral\u0131k eklenmi\u015f bir tarih veya saat d\u00f6nd\u00fcr\u00fcr<\/mark><\/strong> . Basit bir ifadeyle tarih veya saat de\u011ferine saniye, dakika, saat, g\u00fcn, ay veya y\u0131l ekleyebilir ve sonu\u00e7ta bu yeni tarih ve saati d\u00f6nd\u00fcrebilir.<\/p><h2 class=\"wp-block-heading\"> S\u00f6zdizimi<\/h2><p> <strong>Dateadd(Aral\u0131k, Say\u0131, Tarih)<\/strong><\/p><h2 class=\"wp-block-heading\"> Arg\u00fcmanlar<\/h2><ul><li> <strong>Aral\u0131k<\/strong> : Aral\u0131\u011f\u0131 belirten bir dize.<ul><li> \u201cD\u201d \u2013 G\u00fcnler<\/li><li> \u201cH\u201d \u2013 Saat<\/li><li> \u201cN\u201d \u2013 Dakika<\/li><li> \u201cM\u201d \u2013 Ay<\/li><li> \u201cQ\u201d \u2013 \u00c7eyrekler (y\u0131l\u0131n)<\/li><li> \u201cS\u201d \u2013 Saniye<\/li><li> \u201cww\u201d \u2013 Haftalar<\/li><li> \u201caaaa\u201d \u2013 Y\u0131llar<\/li><\/ul><\/li><li> <strong>Say\u0131<\/strong> : Tarihe eklenecek aral\u0131klar\u0131n say\u0131s\u0131.<\/li><li> <strong>Tarih<\/strong> : Belirli say\u0131da aral\u0131k eklemek istedi\u011finiz tarih.<\/li><\/ul><h2 class=\"wp-block-heading\"> \u00d6rnek<\/h2><p> VBA DATEADD i\u015flevinin nas\u0131l kullan\u0131laca\u011f\u0131n\u0131 pratik olarak anlamak i\u00e7in, onu kullanarak bir vba kodu yazd\u0131\u011f\u0131m\u0131z a\u015fa\u011f\u0131daki \u00f6rne\u011fi incelemeniz gerekir: <\/p><div class=\"wp-block-image\"><figure class=\"aligncenter is-resized\"><img loading=\"lazy\" decoding=\"async\" title=\"\u00f6rnek-vba-dateadd-i\u015flevi\" src=\"https:\/\/exceladvisor.org\/wp-content\/uploads\/2023\/08\/exemple-de-fonction-vba-dateadd.png\" sizes=\"auto, \" srcset=\"\" alt=\"example-vba-dateadd-function\" width=\"831\" height=\"487\"><\/figure><\/div><pre class=\"wp-block-code\"> <code class=\"language-visual-basic\" lang=\"visual-basic\">Sub example_DATE() Range(\"B1\") = DateAdd(\"YYYY\", 2, Range(\"A1\")) End Sub<\/code><\/pre><p> Yukar\u0131daki \u00f6rnekte A1 h\u00fccresindeki tarihe \u00fc\u00e7 y\u0131l eklemek i\u00e7in DATEADD fonksiyonunu kulland\u0131k.<\/p><p> Peki, A1 h\u00fccresindeki tarih 13 Kas\u0131m 2017 ve fonksiyonda buna bir y\u0131l eklemek istedi\u011fimizi belirtmek i\u00e7in &#8220;YYYY&#8221; aral\u0131\u011f\u0131n\u0131 kulland\u0131k ve ard\u0131ndan 2&#8217;yi y\u0131l olarak belirttik.<\/p><p> Sonu\u00e7 olarak 3 y\u0131l sonra kesin tarih olan 13 Kas\u0131m 2019\u2019da geri d\u00f6nd\u00fc.<\/p><h2 class=\"wp-block-heading\"> Yorumlar<\/h2><ul><li> Belirtilen de\u011fer tarih d\u0131\u015f\u0131nda bir de\u011ferse veya tarih olarak tan\u0131namayan bir tarihse VBA, \u00e7al\u0131\u015fma zaman\u0131 hatas\u0131 13&#8217;\u00fc d\u00f6nd\u00fcr\u00fcr. <\/li><\/ul><div class=\"wp-block-group more-tutorials is-layout-flow\"><div class=\"wp-block-group__inner-container\"><h2 class=\"wp-block-heading\"> Daha fazla e\u011fitim <\/h2><div class=\"wp-block-columns is-layout-flex wp-container-304\"><div class=\"wp-block-column is-layout-flow\"><ul><li> <a href=\"https:\/\/exceladvisor.org\/tr\/tarih-2\/\">TAR\u0130H VBA<\/a><\/li><li> <a href=\"https:\/\/exceladvisor.org\/tr\/tarih-bolumu\/\">VBA TAR\u0130H B\u00d6L\u00dcMLER\u0130<\/a><\/li><li> <a href=\"https:\/\/exceladvisor.org\/tr\/tarih-dizisi\/\">VBA TAR\u0130H SER\u0130S\u0130S\u0130<\/a><\/li><li> <a href=\"https:\/\/exceladvisor.org\/tr\/tarih-degeri\/\">VBA TAR\u0130H DE\u011eER\u0130<\/a><\/li><li> <a href=\"https:\/\/exceladvisor.org\/tr\/gun\/\">VBA G\u00dcN\u00dc<\/a><\/li><\/ul><\/div><\/div><\/div><\/div>","protected":false},"excerpt":{"rendered":"","protected":false},"author":1,"featured_media":0,"parent":0,"menu_order":0,"comment_status":"open","ping_status":"closed","template":"","meta":{"ub_ctt_via":"","footnotes":""},"class_list":["post-1956","page","type-page","status-publish","hentry"],"featured_image_src":null,"yoast_head":"<!-- This site is optimized with the Yoast SEO plugin v25.4 - https:\/\/yoast.com\/wordpress\/plugins\/seo\/ -->\n<title>VBA DATEADD i\u015flevi nas\u0131l kullan\u0131l\u0131r? (S\u00f6zdizimi + \u00d6rnek)<\/title>\n<meta name=\"description\" content=\"S\u00f6zdizimi, ba\u011f\u0131ms\u0131z de\u011fi\u015fkenler ve \u00f6rnek kod i\u00e7eren \u00f6rnekle VBA DATEADD i\u015flevinin nas\u0131l kullan\u0131laca\u011f\u0131n\u0131 \u00f6\u011frenin.\" \/>\n<meta name=\"robots\" content=\"index, follow, max-snippet:-1, max-image-preview:large, max-video-preview:-1\" \/>\n<link rel=\"canonical\" href=\"https:\/\/exceladvisor.org\/tr\/tarih-ekleme\/\" \/>\n<meta property=\"og:locale\" content=\"tr_TR\" \/>\n<meta property=\"og:type\" content=\"article\" \/>\n<meta property=\"og:title\" content=\"VBA DATEADD i\u015flevi nas\u0131l kullan\u0131l\u0131r? (S\u00f6zdizimi + \u00d6rnek)\" \/>\n<meta property=\"og:description\" content=\"S\u00f6zdizimi, ba\u011f\u0131ms\u0131z de\u011fi\u015fkenler ve \u00f6rnek kod i\u00e7eren \u00f6rnekle VBA DATEADD i\u015flevinin nas\u0131l kullan\u0131laca\u011f\u0131n\u0131 \u00f6\u011frenin.\" \/>\n<meta property=\"og:url\" content=\"https:\/\/exceladvisor.org\/tr\/tarih-ekleme\/\" \/>\n<meta property=\"og:site_name\" content=\"Excel Advisor\" \/>\n<meta property=\"article:modified_time\" content=\"2023-12-10T06:05:20+00:00\" \/>\n<meta property=\"og:image\" content=\"https:\/\/exceladvisor.org\/wp-content\/uploads\/2023\/08\/exemple-de-fonction-vba-dateadd.png\" \/>\n<meta name=\"twitter:card\" content=\"summary_large_image\" \/>\n<meta name=\"twitter:label1\" content=\"Tahmini okuma s\u00fcresi\" \/>\n\t<meta name=\"twitter:data1\" content=\"1 dakika\" \/>\n<script type=\"application\/ld+json\" class=\"yoast-schema-graph\">{\"@context\":\"https:\/\/schema.org\",\"@graph\":[{\"@type\":\"WebPage\",\"@id\":\"https:\/\/exceladvisor.org\/tr\/tarih-ekleme\/\",\"url\":\"https:\/\/exceladvisor.org\/tr\/tarih-ekleme\/\",\"name\":\"VBA DATEADD i\u015flevi nas\u0131l kullan\u0131l\u0131r? (S\u00f6zdizimi + \u00d6rnek)\",\"isPartOf\":{\"@id\":\"https:\/\/exceladvisor.org\/tr\/#website\"},\"primaryImageOfPage\":{\"@id\":\"https:\/\/exceladvisor.org\/tr\/tarih-ekleme\/#primaryimage\"},\"image\":{\"@id\":\"https:\/\/exceladvisor.org\/tr\/tarih-ekleme\/#primaryimage\"},\"thumbnailUrl\":\"https:\/\/exceladvisor.org\/wp-content\/uploads\/2023\/08\/exemple-de-fonction-vba-dateadd.png\",\"datePublished\":\"2023-10-26T11:46:37+00:00\",\"dateModified\":\"2023-12-10T06:05:20+00:00\",\"description\":\"S\u00f6zdizimi, ba\u011f\u0131ms\u0131z de\u011fi\u015fkenler ve \u00f6rnek kod i\u00e7eren \u00f6rnekle VBA DATEADD i\u015flevinin nas\u0131l kullan\u0131laca\u011f\u0131n\u0131 \u00f6\u011frenin.\",\"breadcrumb\":{\"@id\":\"https:\/\/exceladvisor.org\/tr\/tarih-ekleme\/#breadcrumb\"},\"inLanguage\":\"tr\",\"potentialAction\":[{\"@type\":\"ReadAction\",\"target\":[\"https:\/\/exceladvisor.org\/tr\/tarih-ekleme\/\"]}]},{\"@type\":\"ImageObject\",\"inLanguage\":\"tr\",\"@id\":\"https:\/\/exceladvisor.org\/tr\/tarih-ekleme\/#primaryimage\",\"url\":\"https:\/\/exceladvisor.org\/wp-content\/uploads\/2023\/08\/exemple-de-fonction-vba-dateadd.png\",\"contentUrl\":\"https:\/\/exceladvisor.org\/wp-content\/uploads\/2023\/08\/exemple-de-fonction-vba-dateadd.png\"},{\"@type\":\"BreadcrumbList\",\"@id\":\"https:\/\/exceladvisor.org\/tr\/tarih-ekleme\/#breadcrumb\",\"itemListElement\":[{\"@type\":\"ListItem\",\"position\":1,\"name\":\"Ev\",\"item\":\"https:\/\/exceladvisor.org\/tr\/\"},{\"@type\":\"ListItem\",\"position\":2,\"name\":\"Vba dateadd i\u015flevi nas\u0131l kullan\u0131l\u0131r?\"}]},{\"@type\":\"WebSite\",\"@id\":\"https:\/\/exceladvisor.org\/tr\/#website\",\"url\":\"https:\/\/exceladvisor.org\/tr\/\",\"name\":\"Excel Advisor\",\"description\":\"Veri hakimiyetine y\u00f6nelik nihai rehberiniz!\",\"publisher\":{\"@id\":\"https:\/\/exceladvisor.org\/tr\/#organization\"},\"potentialAction\":[{\"@type\":\"SearchAction\",\"target\":{\"@type\":\"EntryPoint\",\"urlTemplate\":\"https:\/\/exceladvisor.org\/tr\/?s={search_term_string}\"},\"query-input\":{\"@type\":\"PropertyValueSpecification\",\"valueRequired\":true,\"valueName\":\"search_term_string\"}}],\"inLanguage\":\"tr\"},{\"@type\":\"Organization\",\"@id\":\"https:\/\/exceladvisor.org\/tr\/#organization\",\"name\":\"Excel Advisor\",\"url\":\"https:\/\/exceladvisor.org\/tr\/\",\"logo\":{\"@type\":\"ImageObject\",\"inLanguage\":\"tr\",\"@id\":\"https:\/\/exceladvisor.org\/tr\/#\/schema\/logo\/image\/\",\"url\":\"https:\/\/exceladvisor.org\/tr\/wp-content\/uploads\/2023\/12\/exceladvisor.org_.png\",\"contentUrl\":\"https:\/\/exceladvisor.org\/tr\/wp-content\/uploads\/2023\/12\/exceladvisor.org_.png\",\"width\":105,\"height\":36,\"caption\":\"Excel Advisor\"},\"image\":{\"@id\":\"https:\/\/exceladvisor.org\/tr\/#\/schema\/logo\/image\/\"}}]}<\/script>\n<!-- \/ Yoast SEO plugin. -->","yoast_head_json":{"title":"VBA DATEADD i\u015flevi nas\u0131l kullan\u0131l\u0131r? (S\u00f6zdizimi + \u00d6rnek)","description":"S\u00f6zdizimi, ba\u011f\u0131ms\u0131z de\u011fi\u015fkenler ve \u00f6rnek kod i\u00e7eren \u00f6rnekle VBA DATEADD i\u015flevinin nas\u0131l kullan\u0131laca\u011f\u0131n\u0131 \u00f6\u011frenin.","robots":{"index":"index","follow":"follow","max-snippet":"max-snippet:-1","max-image-preview":"max-image-preview:large","max-video-preview":"max-video-preview:-1"},"canonical":"https:\/\/exceladvisor.org\/tr\/tarih-ekleme\/","og_locale":"tr_TR","og_type":"article","og_title":"VBA DATEADD i\u015flevi nas\u0131l kullan\u0131l\u0131r? (S\u00f6zdizimi + \u00d6rnek)","og_description":"S\u00f6zdizimi, ba\u011f\u0131ms\u0131z de\u011fi\u015fkenler ve \u00f6rnek kod i\u00e7eren \u00f6rnekle VBA DATEADD i\u015flevinin nas\u0131l kullan\u0131laca\u011f\u0131n\u0131 \u00f6\u011frenin.","og_url":"https:\/\/exceladvisor.org\/tr\/tarih-ekleme\/","og_site_name":"Excel Advisor","article_modified_time":"2023-12-10T06:05:20+00:00","og_image":[{"url":"https:\/\/exceladvisor.org\/wp-content\/uploads\/2023\/08\/exemple-de-fonction-vba-dateadd.png","type":"","width":"","height":""}],"twitter_card":"summary_large_image","twitter_misc":{"Tahmini okuma s\u00fcresi":"1 dakika"},"schema":{"@context":"https:\/\/schema.org","@graph":[{"@type":"WebPage","@id":"https:\/\/exceladvisor.org\/tr\/tarih-ekleme\/","url":"https:\/\/exceladvisor.org\/tr\/tarih-ekleme\/","name":"VBA DATEADD i\u015flevi nas\u0131l kullan\u0131l\u0131r? (S\u00f6zdizimi + \u00d6rnek)","isPartOf":{"@id":"https:\/\/exceladvisor.org\/tr\/#website"},"primaryImageOfPage":{"@id":"https:\/\/exceladvisor.org\/tr\/tarih-ekleme\/#primaryimage"},"image":{"@id":"https:\/\/exceladvisor.org\/tr\/tarih-ekleme\/#primaryimage"},"thumbnailUrl":"https:\/\/exceladvisor.org\/wp-content\/uploads\/2023\/08\/exemple-de-fonction-vba-dateadd.png","datePublished":"2023-10-26T11:46:37+00:00","dateModified":"2023-12-10T06:05:20+00:00","description":"S\u00f6zdizimi, ba\u011f\u0131ms\u0131z de\u011fi\u015fkenler ve \u00f6rnek kod i\u00e7eren \u00f6rnekle VBA DATEADD i\u015flevinin nas\u0131l kullan\u0131laca\u011f\u0131n\u0131 \u00f6\u011frenin.","breadcrumb":{"@id":"https:\/\/exceladvisor.org\/tr\/tarih-ekleme\/#breadcrumb"},"inLanguage":"tr","potentialAction":[{"@type":"ReadAction","target":["https:\/\/exceladvisor.org\/tr\/tarih-ekleme\/"]}]},{"@type":"ImageObject","inLanguage":"tr","@id":"https:\/\/exceladvisor.org\/tr\/tarih-ekleme\/#primaryimage","url":"https:\/\/exceladvisor.org\/wp-content\/uploads\/2023\/08\/exemple-de-fonction-vba-dateadd.png","contentUrl":"https:\/\/exceladvisor.org\/wp-content\/uploads\/2023\/08\/exemple-de-fonction-vba-dateadd.png"},{"@type":"BreadcrumbList","@id":"https:\/\/exceladvisor.org\/tr\/tarih-ekleme\/#breadcrumb","itemListElement":[{"@type":"ListItem","position":1,"name":"Ev","item":"https:\/\/exceladvisor.org\/tr\/"},{"@type":"ListItem","position":2,"name":"Vba dateadd i\u015flevi nas\u0131l kullan\u0131l\u0131r?"}]},{"@type":"WebSite","@id":"https:\/\/exceladvisor.org\/tr\/#website","url":"https:\/\/exceladvisor.org\/tr\/","name":"Excel Advisor","description":"Veri hakimiyetine y\u00f6nelik nihai rehberiniz!","publisher":{"@id":"https:\/\/exceladvisor.org\/tr\/#organization"},"potentialAction":[{"@type":"SearchAction","target":{"@type":"EntryPoint","urlTemplate":"https:\/\/exceladvisor.org\/tr\/?s={search_term_string}"},"query-input":{"@type":"PropertyValueSpecification","valueRequired":true,"valueName":"search_term_string"}}],"inLanguage":"tr"},{"@type":"Organization","@id":"https:\/\/exceladvisor.org\/tr\/#organization","name":"Excel Advisor","url":"https:\/\/exceladvisor.org\/tr\/","logo":{"@type":"ImageObject","inLanguage":"tr","@id":"https:\/\/exceladvisor.org\/tr\/#\/schema\/logo\/image\/","url":"https:\/\/exceladvisor.org\/tr\/wp-content\/uploads\/2023\/12\/exceladvisor.org_.png","contentUrl":"https:\/\/exceladvisor.org\/tr\/wp-content\/uploads\/2023\/12\/exceladvisor.org_.png","width":105,"height":36,"caption":"Excel Advisor"},"image":{"@id":"https:\/\/exceladvisor.org\/tr\/#\/schema\/logo\/image\/"}}]}},"yoast_meta":{"yoast_wpseo_title":"","yoast_wpseo_metadesc":"","yoast_wpseo_canonical":""},"_links":{"self":[{"href":"https:\/\/exceladvisor.org\/tr\/wp-json\/wp\/v2\/pages\/1956","targetHints":{"allow":["GET"]}}],"collection":[{"href":"https:\/\/exceladvisor.org\/tr\/wp-json\/wp\/v2\/pages"}],"about":[{"href":"https:\/\/exceladvisor.org\/tr\/wp-json\/wp\/v2\/types\/page"}],"author":[{"embeddable":true,"href":"https:\/\/exceladvisor.org\/tr\/wp-json\/wp\/v2\/users\/1"}],"replies":[{"embeddable":true,"href":"https:\/\/exceladvisor.org\/tr\/wp-json\/wp\/v2\/comments?post=1956"}],"version-history":[{"count":1,"href":"https:\/\/exceladvisor.org\/tr\/wp-json\/wp\/v2\/pages\/1956\/revisions"}],"predecessor-version":[{"id":2805,"href":"https:\/\/exceladvisor.org\/tr\/wp-json\/wp\/v2\/pages\/1956\/revisions\/2805"}],"wp:attachment":[{"href":"https:\/\/exceladvisor.org\/tr\/wp-json\/wp\/v2\/media?parent=1956"}],"curies":[{"name":"wp","href":"https:\/\/api.w.org\/{rel}","templated":true}]}}