{"id":1957,"date":"2023-10-26T11:30:55","date_gmt":"2023-10-26T11:30:55","guid":{"rendered":"https:\/\/exceladvisor.org\/tr\/tarih-bolumu\/"},"modified":"2023-12-10T06:05:21","modified_gmt":"2023-12-10T06:05:21","slug":"tarih-bolumu","status":"publish","type":"page","link":"https:\/\/exceladvisor.org\/tr\/tarih-bolumu\/","title":{"rendered":"Vba datepart i\u015flevi nas\u0131l kullan\u0131l\u0131r?"},"content":{"rendered":"<div class=\"excel-icerikten-once\" id=\"excel-109922102\"><script type=\"text\/javascript\">\r\n\tatOptions = {\r\n\t\t'key' : 'c1158f160081d6540a8409e6925dab94',\r\n\t\t'format' : 'iframe',\r\n\t\t'height' : 250,\r\n\t\t'width' : 300,\r\n\t\t'params' : {}\r\n\t};\r\n<\/script>\r\n<script type=\"text\/javascript\" src=\"\/\/www.highperformanceformat.com\/c1158f160081d6540a8409e6925dab94\/invoke.js\"><\/script><\/div> <p>VBA DATEPART i\u015flevi, VBA i\u015flevlerinin tarih kategorisinde listelenir. VBA kodunda kulland\u0131\u011f\u0131n\u0131zda <strong>tarih veya saat de\u011ferinden g\u00fcn de\u011ferini d\u00f6nd\u00fcrebilir<\/strong> . Basit bir ifadeyle, bir tarih veya saat de\u011ferinden saniyeleri, dakikalar\u0131, saatleri, g\u00fcnleri, aylar\u0131 veya y\u0131llar\u0131 elde edebilirsiniz.<\/p><h2 class=\"wp-block-heading\"> S\u00f6zdizimi<\/h2><p> <strong>DatePart(aral\u0131k, tarih, [haftan\u0131nilkg\u00fcn\u00fc, [y\u0131l\u0131nilkhaftas\u0131]])<\/strong><\/p><h2 class=\"wp-block-heading\"> Arg\u00fcmanlar<\/h2><ul><li> <strong>Aral\u0131k<\/strong> : Sonu\u00e7ta tarihin hangi k\u0131sm\u0131n\u0131n d\u00f6nd\u00fcr\u00fclmesi gerekti\u011fini belirten bir dize.<\/li><li> <strong>Tarih<\/strong> : Tarih b\u00f6l\u00fcm\u00fcn\u00fcn geri d\u00f6nmesi gereken tarih.<\/li><li> <strong>[FirstDayOfWeek]<\/strong> : Haftan\u0131n ilk g\u00fcn\u00fcn\u00fc tan\u0131mlayan bir dize [Bu iste\u011fe ba\u011fl\u0131 bir ba\u011f\u0131ms\u0131z de\u011fi\u015fkendir ve varsay\u0131lan olarak vbSunday atlan\u0131rsa].<ul><li> vbUseSystemDayOfWeek \u2013 Sistem ayarlar\u0131na ba\u011fl\u0131 olarak.<\/li><li> vbPazar \u2013 Pazar<\/li><li> vblunday \u2013 pazartesi<\/li><li> vbSal\u0131 \u2013 Sal\u0131<\/li><li> vb\u00c7ar\u015famba \u2013 \u00c7ar\u015famba<\/li><li> vbPer\u015fembe \u2013 Per\u015fembe<\/li><li> vbCuma \u2013 Cuma<\/li><li> vbCumartesi \u2013 Cumartesi<\/li><\/ul><\/li><li> <strong>[FirstWeekOfYear]<\/strong> : Y\u0131l\u0131n ilk haftas\u0131n\u0131 tan\u0131mlayan bir dize [Bu iste\u011fe ba\u011fl\u0131 bir ba\u011f\u0131ms\u0131z de\u011fi\u015fkendir ve varsay\u0131lan olarak vbFirstJan1 atlan\u0131rsa].<ul><li> vbSystem \u2013 Sistem ayarlar\u0131na ba\u011fl\u0131 olarak.<\/li><li> vbFirstJan1 \u2013 Ocak ay\u0131n\u0131n 1. g\u00fcn\u00fcn\u00fcn ger\u00e7ekle\u015fti\u011fi hafta.<\/li><li> vbFirstFourDays \u2013 Yeni y\u0131lda en az d\u00f6rt g\u00fcn i\u00e7eren ilk hafta.<\/li><li> vbFirstFullWeek \u2013 Yeni y\u0131l\u0131n ilk tam haftas\u0131.<\/li><\/ul><\/li><\/ul><h2 class=\"wp-block-heading\"> \u00d6rnek<\/h2><p> VBA DATEPART i\u015flevinin nas\u0131l kullan\u0131laca\u011f\u0131n\u0131 pratik olarak anlamak i\u00e7in, onu kullanarak bir vba kodu yazd\u0131\u011f\u0131m\u0131z a\u015fa\u011f\u0131daki \u00f6rne\u011fi incelemeniz gerekir: <\/p><div class=\"wp-block-image\"><figure class=\"aligncenter is-resized\"><img loading=\"lazy\" decoding=\"async\" title=\"\u00f6rnek-vba-tarih b\u00f6l\u00fcm\u00fc-i\u015flevi\" src=\"https:\/\/exceladvisor.org\/wp-content\/uploads\/2023\/08\/exemple-de-fonction-vba-datepart.png\" sizes=\"auto, \" srcset=\"\" alt=\"example-vba-datepart-function\" width=\"793\" height=\"587\"><\/figure><\/div><pre class=\"wp-block-code\"> <code class=\"language-visual-basic\" lang=\"visual-basic\">Sub example_DATEPART() Range(\"A2\").Value = DatePart(\"d\", Range(\"A1\")) Range(\"A3\").Value = DatePart(\"h\", Range(\"A1\")) Range(\"A4\").Value = DatePart(\"m\", Range(\"A1\")) Range(\"A5\").Value = DatePart(\"n\", Range(\"A1\")) Range(\"A6\").Value = DatePart(\"q\", Range(\"A1\")) Range(\"A7\").Value = DatePart(\"s\", Range(\"A1\")) Range(\"A8\").Value = DatePart(\"w\", Range(\"A1\")) Range(\"A9\").Value = DatePart(\"ww\", Range(\"A1\")) Range(\"A11\").Value = DatePart(\"y\", Range(\"A1\")) Range(\"A12\").Value = DatePart(\"yyyy\", Range(\"A1\")) End Sub<\/code><\/pre><p> Yukar\u0131daki kodda DATEPART&#8217;ta farkl\u0131 bir aral\u0131k kulland\u0131k:<\/p><ul><li> G\u00fcn\u00fc almak i\u00e7in &#8216;d&#8217; ve 15 de\u011ferini d\u00f6nd\u00fcrd\u00fc.<\/li><li> Saatleri almak i\u00e7in &#8216;h&#8217; ancak tarihte zaman\u0131m\u0131z olmad\u0131\u011f\u0131 i\u00e7in sonu\u00e7ta 0 de\u011ferini d\u00f6nd\u00fcrd\u00fc.<\/li><li> Ay\u0131 almak i\u00e7in &#8216;m&#8217; ve 1 de\u011ferini d\u00f6nd\u00fcrd\u00fc.<\/li><li> &#8216;n&#8217; dakikalar\u0131 almak i\u00e7in ancak tarihte zaman\u0131m\u0131z olmad\u0131\u011f\u0131 i\u00e7in sonu\u00e7ta 0 de\u011ferini d\u00f6nd\u00fcrd\u00fc.<\/li><li> \u00c7eyre\u011fi almak i\u00e7in \u201cq\u201d ve 1 d\u00f6nd\u00fcrd\u00fc.<\/li><li> &#8216;s&#8217; saniyeyi almak i\u00e7in ancak tarihte zaman\u0131m\u0131z olmad\u0131\u011f\u0131 i\u00e7in sonu\u00e7ta 0 de\u011ferini d\u00f6nd\u00fcrd\u00fc.<\/li><li> Haftan\u0131n g\u00fcn\u00fcn\u00fc almak i\u00e7in &#8216;w&#8217; ve 3 de\u011ferini d\u00f6nd\u00fcrd\u00fc.<\/li><li> Y\u0131l\u0131n haftas\u0131n\u0131 almak i\u00e7in &#8216;ww&#8217; ve 3 geri geldi.<\/li><li> Y\u0131l\u0131n g\u00fcn\u00fcn\u00fc almak i\u00e7in &#8216;y&#8217; ve 15 de\u011ferini d\u00f6nd\u00fcrd\u00fc.<\/li><li> Y\u0131l\u0131 almak i\u00e7in \u201caaaa\u201d ve 2019&#8217;a geri d\u00f6nd\u00fc.<\/li><\/ul><h2 class=\"wp-block-heading\"> Yorumlar<\/h2><ul><li> Y\u0131l olmadan bir tarih girilirse, i\u00e7inde bulunulan y\u0131l kullan\u0131lacakt\u0131r.<\/li><li> Belirtilen de\u011fer tarih d\u0131\u015f\u0131nda bir de\u011ferse veya tarih olarak tan\u0131namayan bir tarihse VBA, \u00e7al\u0131\u015fma zaman\u0131 hatas\u0131 13&#8217;\u00fc d\u00f6nd\u00fcr\u00fcr.<\/li><li> &#8220;Haftan\u0131nilkg\u00fcn\u00fc&#8221; arg\u00fcman\u0131n\u0131 ayarlamak yaln\u0131zca &#8220;aral\u0131k&#8221; &#8220;w&#8221; veya &#8220;ww&#8221; oldu\u011funda i\u015fe yarar. <\/li><\/ul><div class=\"wp-block-group more-tutorials is-layout-flow\"><div class=\"wp-block-group__inner-container\"><h2 class=\"wp-block-heading\"> Daha fazla e\u011fitim <\/h2><div class=\"wp-block-columns is-layout-flex wp-container-300\"><div class=\"wp-block-column is-layout-flow\"><ul><li> <a href=\"https:\/\/exceladvisor.org\/tr\/tarih-2\/\">TAR\u0130H VBA<\/a><\/li><li> <a href=\"https:\/\/exceladvisor.org\/tr\/tarih-ekleme\/\">VBA TAR\u0130H\u0130ADD<\/a><\/li><li> <a href=\"https:\/\/exceladvisor.org\/tr\/tarih-dizisi\/\">VBA TAR\u0130H SER\u0130S\u0130S\u0130<\/a><\/li><li> <a href=\"https:\/\/exceladvisor.org\/tr\/tarih-degeri\/\">VBA TAR\u0130H DE\u011eER\u0130<\/a><\/li><li> <a href=\"https:\/\/exceladvisor.org\/tr\/gun\/\">VBA G\u00dcN\u00dc<\/a><\/li><\/ul><\/div><\/div><\/div><\/div>","protected":false},"excerpt":{"rendered":"","protected":false},"author":1,"featured_media":0,"parent":0,"menu_order":0,"comment_status":"open","ping_status":"closed","template":"","meta":{"ub_ctt_via":"","footnotes":""},"class_list":["post-1957","page","type-page","status-publish","hentry"],"featured_image_src":null,"yoast_head":"<!-- This site is optimized with the Yoast SEO plugin v25.4 - https:\/\/yoast.com\/wordpress\/plugins\/seo\/ -->\n<title>VBA DATEPART i\u015flevi nas\u0131l kullan\u0131l\u0131r? (\u00d6rnek ile)<\/title>\n<meta name=\"description\" content=\"VBA DATEPART i\u015flevinin s\u00f6zdizimi, ba\u011f\u0131ms\u0131z de\u011fi\u015fkenler ve \u00f6rnek kodla birlikte nas\u0131l kullan\u0131laca\u011f\u0131n\u0131 \u00f6\u011frenin.\" \/>\n<meta name=\"robots\" content=\"index, follow, max-snippet:-1, max-image-preview:large, max-video-preview:-1\" \/>\n<link rel=\"canonical\" href=\"https:\/\/exceladvisor.org\/tr\/tarih-bolumu\/\" \/>\n<meta property=\"og:locale\" content=\"tr_TR\" \/>\n<meta property=\"og:type\" content=\"article\" \/>\n<meta property=\"og:title\" content=\"VBA DATEPART i\u015flevi nas\u0131l kullan\u0131l\u0131r? (\u00d6rnek ile)\" \/>\n<meta property=\"og:description\" content=\"VBA DATEPART i\u015flevinin s\u00f6zdizimi, ba\u011f\u0131ms\u0131z de\u011fi\u015fkenler ve \u00f6rnek kodla birlikte nas\u0131l kullan\u0131laca\u011f\u0131n\u0131 \u00f6\u011frenin.\" \/>\n<meta property=\"og:url\" content=\"https:\/\/exceladvisor.org\/tr\/tarih-bolumu\/\" \/>\n<meta property=\"og:site_name\" content=\"Excel Advisor\" \/>\n<meta property=\"article:modified_time\" content=\"2023-12-10T06:05:21+00:00\" \/>\n<meta property=\"og:image\" content=\"https:\/\/exceladvisor.org\/wp-content\/uploads\/2023\/08\/exemple-de-fonction-vba-datepart.png\" \/>\n<meta name=\"twitter:card\" content=\"summary_large_image\" \/>\n<meta name=\"twitter:label1\" content=\"Tahmini okuma s\u00fcresi\" \/>\n\t<meta name=\"twitter:data1\" content=\"3 dakika\" \/>\n<script type=\"application\/ld+json\" class=\"yoast-schema-graph\">{\"@context\":\"https:\/\/schema.org\",\"@graph\":[{\"@type\":\"WebPage\",\"@id\":\"https:\/\/exceladvisor.org\/tr\/tarih-bolumu\/\",\"url\":\"https:\/\/exceladvisor.org\/tr\/tarih-bolumu\/\",\"name\":\"VBA DATEPART i\u015flevi nas\u0131l kullan\u0131l\u0131r? (\u00d6rnek ile)\",\"isPartOf\":{\"@id\":\"https:\/\/exceladvisor.org\/tr\/#website\"},\"primaryImageOfPage\":{\"@id\":\"https:\/\/exceladvisor.org\/tr\/tarih-bolumu\/#primaryimage\"},\"image\":{\"@id\":\"https:\/\/exceladvisor.org\/tr\/tarih-bolumu\/#primaryimage\"},\"thumbnailUrl\":\"https:\/\/exceladvisor.org\/wp-content\/uploads\/2023\/08\/exemple-de-fonction-vba-datepart.png\",\"datePublished\":\"2023-10-26T11:30:55+00:00\",\"dateModified\":\"2023-12-10T06:05:21+00:00\",\"description\":\"VBA DATEPART i\u015flevinin s\u00f6zdizimi, ba\u011f\u0131ms\u0131z de\u011fi\u015fkenler ve \u00f6rnek kodla birlikte nas\u0131l kullan\u0131laca\u011f\u0131n\u0131 \u00f6\u011frenin.\",\"breadcrumb\":{\"@id\":\"https:\/\/exceladvisor.org\/tr\/tarih-bolumu\/#breadcrumb\"},\"inLanguage\":\"tr\",\"potentialAction\":[{\"@type\":\"ReadAction\",\"target\":[\"https:\/\/exceladvisor.org\/tr\/tarih-bolumu\/\"]}]},{\"@type\":\"ImageObject\",\"inLanguage\":\"tr\",\"@id\":\"https:\/\/exceladvisor.org\/tr\/tarih-bolumu\/#primaryimage\",\"url\":\"https:\/\/exceladvisor.org\/wp-content\/uploads\/2023\/08\/exemple-de-fonction-vba-datepart.png\",\"contentUrl\":\"https:\/\/exceladvisor.org\/wp-content\/uploads\/2023\/08\/exemple-de-fonction-vba-datepart.png\"},{\"@type\":\"BreadcrumbList\",\"@id\":\"https:\/\/exceladvisor.org\/tr\/tarih-bolumu\/#breadcrumb\",\"itemListElement\":[{\"@type\":\"ListItem\",\"position\":1,\"name\":\"Ev\",\"item\":\"https:\/\/exceladvisor.org\/tr\/\"},{\"@type\":\"ListItem\",\"position\":2,\"name\":\"Vba datepart i\u015flevi nas\u0131l kullan\u0131l\u0131r?\"}]},{\"@type\":\"WebSite\",\"@id\":\"https:\/\/exceladvisor.org\/tr\/#website\",\"url\":\"https:\/\/exceladvisor.org\/tr\/\",\"name\":\"Excel Advisor\",\"description\":\"Veri hakimiyetine y\u00f6nelik nihai rehberiniz!\",\"publisher\":{\"@id\":\"https:\/\/exceladvisor.org\/tr\/#organization\"},\"potentialAction\":[{\"@type\":\"SearchAction\",\"target\":{\"@type\":\"EntryPoint\",\"urlTemplate\":\"https:\/\/exceladvisor.org\/tr\/?s={search_term_string}\"},\"query-input\":{\"@type\":\"PropertyValueSpecification\",\"valueRequired\":true,\"valueName\":\"search_term_string\"}}],\"inLanguage\":\"tr\"},{\"@type\":\"Organization\",\"@id\":\"https:\/\/exceladvisor.org\/tr\/#organization\",\"name\":\"Excel Advisor\",\"url\":\"https:\/\/exceladvisor.org\/tr\/\",\"logo\":{\"@type\":\"ImageObject\",\"inLanguage\":\"tr\",\"@id\":\"https:\/\/exceladvisor.org\/tr\/#\/schema\/logo\/image\/\",\"url\":\"https:\/\/exceladvisor.org\/tr\/wp-content\/uploads\/2023\/12\/exceladvisor.org_.png\",\"contentUrl\":\"https:\/\/exceladvisor.org\/tr\/wp-content\/uploads\/2023\/12\/exceladvisor.org_.png\",\"width\":105,\"height\":36,\"caption\":\"Excel Advisor\"},\"image\":{\"@id\":\"https:\/\/exceladvisor.org\/tr\/#\/schema\/logo\/image\/\"}}]}<\/script>\n<!-- \/ Yoast SEO plugin. -->","yoast_head_json":{"title":"VBA DATEPART i\u015flevi nas\u0131l kullan\u0131l\u0131r? (\u00d6rnek ile)","description":"VBA DATEPART i\u015flevinin s\u00f6zdizimi, ba\u011f\u0131ms\u0131z de\u011fi\u015fkenler ve \u00f6rnek kodla birlikte nas\u0131l kullan\u0131laca\u011f\u0131n\u0131 \u00f6\u011frenin.","robots":{"index":"index","follow":"follow","max-snippet":"max-snippet:-1","max-image-preview":"max-image-preview:large","max-video-preview":"max-video-preview:-1"},"canonical":"https:\/\/exceladvisor.org\/tr\/tarih-bolumu\/","og_locale":"tr_TR","og_type":"article","og_title":"VBA DATEPART i\u015flevi nas\u0131l kullan\u0131l\u0131r? (\u00d6rnek ile)","og_description":"VBA DATEPART i\u015flevinin s\u00f6zdizimi, ba\u011f\u0131ms\u0131z de\u011fi\u015fkenler ve \u00f6rnek kodla birlikte nas\u0131l kullan\u0131laca\u011f\u0131n\u0131 \u00f6\u011frenin.","og_url":"https:\/\/exceladvisor.org\/tr\/tarih-bolumu\/","og_site_name":"Excel Advisor","article_modified_time":"2023-12-10T06:05:21+00:00","og_image":[{"url":"https:\/\/exceladvisor.org\/wp-content\/uploads\/2023\/08\/exemple-de-fonction-vba-datepart.png","type":"","width":"","height":""}],"twitter_card":"summary_large_image","twitter_misc":{"Tahmini okuma s\u00fcresi":"3 dakika"},"schema":{"@context":"https:\/\/schema.org","@graph":[{"@type":"WebPage","@id":"https:\/\/exceladvisor.org\/tr\/tarih-bolumu\/","url":"https:\/\/exceladvisor.org\/tr\/tarih-bolumu\/","name":"VBA DATEPART i\u015flevi nas\u0131l kullan\u0131l\u0131r? (\u00d6rnek ile)","isPartOf":{"@id":"https:\/\/exceladvisor.org\/tr\/#website"},"primaryImageOfPage":{"@id":"https:\/\/exceladvisor.org\/tr\/tarih-bolumu\/#primaryimage"},"image":{"@id":"https:\/\/exceladvisor.org\/tr\/tarih-bolumu\/#primaryimage"},"thumbnailUrl":"https:\/\/exceladvisor.org\/wp-content\/uploads\/2023\/08\/exemple-de-fonction-vba-datepart.png","datePublished":"2023-10-26T11:30:55+00:00","dateModified":"2023-12-10T06:05:21+00:00","description":"VBA DATEPART i\u015flevinin s\u00f6zdizimi, ba\u011f\u0131ms\u0131z de\u011fi\u015fkenler ve \u00f6rnek kodla birlikte nas\u0131l kullan\u0131laca\u011f\u0131n\u0131 \u00f6\u011frenin.","breadcrumb":{"@id":"https:\/\/exceladvisor.org\/tr\/tarih-bolumu\/#breadcrumb"},"inLanguage":"tr","potentialAction":[{"@type":"ReadAction","target":["https:\/\/exceladvisor.org\/tr\/tarih-bolumu\/"]}]},{"@type":"ImageObject","inLanguage":"tr","@id":"https:\/\/exceladvisor.org\/tr\/tarih-bolumu\/#primaryimage","url":"https:\/\/exceladvisor.org\/wp-content\/uploads\/2023\/08\/exemple-de-fonction-vba-datepart.png","contentUrl":"https:\/\/exceladvisor.org\/wp-content\/uploads\/2023\/08\/exemple-de-fonction-vba-datepart.png"},{"@type":"BreadcrumbList","@id":"https:\/\/exceladvisor.org\/tr\/tarih-bolumu\/#breadcrumb","itemListElement":[{"@type":"ListItem","position":1,"name":"Ev","item":"https:\/\/exceladvisor.org\/tr\/"},{"@type":"ListItem","position":2,"name":"Vba datepart i\u015flevi nas\u0131l kullan\u0131l\u0131r?"}]},{"@type":"WebSite","@id":"https:\/\/exceladvisor.org\/tr\/#website","url":"https:\/\/exceladvisor.org\/tr\/","name":"Excel Advisor","description":"Veri hakimiyetine y\u00f6nelik nihai rehberiniz!","publisher":{"@id":"https:\/\/exceladvisor.org\/tr\/#organization"},"potentialAction":[{"@type":"SearchAction","target":{"@type":"EntryPoint","urlTemplate":"https:\/\/exceladvisor.org\/tr\/?s={search_term_string}"},"query-input":{"@type":"PropertyValueSpecification","valueRequired":true,"valueName":"search_term_string"}}],"inLanguage":"tr"},{"@type":"Organization","@id":"https:\/\/exceladvisor.org\/tr\/#organization","name":"Excel Advisor","url":"https:\/\/exceladvisor.org\/tr\/","logo":{"@type":"ImageObject","inLanguage":"tr","@id":"https:\/\/exceladvisor.org\/tr\/#\/schema\/logo\/image\/","url":"https:\/\/exceladvisor.org\/tr\/wp-content\/uploads\/2023\/12\/exceladvisor.org_.png","contentUrl":"https:\/\/exceladvisor.org\/tr\/wp-content\/uploads\/2023\/12\/exceladvisor.org_.png","width":105,"height":36,"caption":"Excel Advisor"},"image":{"@id":"https:\/\/exceladvisor.org\/tr\/#\/schema\/logo\/image\/"}}]}},"yoast_meta":{"yoast_wpseo_title":"","yoast_wpseo_metadesc":"","yoast_wpseo_canonical":""},"_links":{"self":[{"href":"https:\/\/exceladvisor.org\/tr\/wp-json\/wp\/v2\/pages\/1957","targetHints":{"allow":["GET"]}}],"collection":[{"href":"https:\/\/exceladvisor.org\/tr\/wp-json\/wp\/v2\/pages"}],"about":[{"href":"https:\/\/exceladvisor.org\/tr\/wp-json\/wp\/v2\/types\/page"}],"author":[{"embeddable":true,"href":"https:\/\/exceladvisor.org\/tr\/wp-json\/wp\/v2\/users\/1"}],"replies":[{"embeddable":true,"href":"https:\/\/exceladvisor.org\/tr\/wp-json\/wp\/v2\/comments?post=1957"}],"version-history":[{"count":1,"href":"https:\/\/exceladvisor.org\/tr\/wp-json\/wp\/v2\/pages\/1957\/revisions"}],"predecessor-version":[{"id":2806,"href":"https:\/\/exceladvisor.org\/tr\/wp-json\/wp\/v2\/pages\/1957\/revisions\/2806"}],"wp:attachment":[{"href":"https:\/\/exceladvisor.org\/tr\/wp-json\/wp\/v2\/media?parent=1957"}],"curies":[{"name":"wp","href":"https:\/\/api.w.org\/{rel}","templated":true}]}}