{"id":1966,"date":"2023-10-26T09:43:32","date_gmt":"2023-10-26T09:43:32","guid":{"rendered":"https:\/\/exceladvisor.org\/tr\/bicim-para-birimi\/"},"modified":"2023-12-10T06:05:36","modified_gmt":"2023-12-10T06:05:36","slug":"bicim-para-birimi","status":"publish","type":"page","link":"https:\/\/exceladvisor.org\/tr\/bicim-para-birimi\/","title":{"rendered":"Vba formatcurrence i\u015flevi nas\u0131l kullan\u0131l\u0131r?"},"content":{"rendered":"<div class=\"excel-icerikten-once\" id=\"excel-1419294532\"><script type=\"text\/javascript\">\r\n\tatOptions = {\r\n\t\t'key' : 'c1158f160081d6540a8409e6925dab94',\r\n\t\t'format' : 'iframe',\r\n\t\t'height' : 250,\r\n\t\t'width' : 300,\r\n\t\t'params' : {}\r\n\t};\r\n<\/script>\r\n<script type=\"text\/javascript\" src=\"\/\/www.highperformanceformat.com\/c1158f160081d6540a8409e6925dab94\/invoke.js\"><\/script><\/div> <p>VBA FORMATCURRENCY i\u015flevi, VBA i\u015flevlerinin veri t\u00fcr\u00fc d\u00f6n\u00fc\u015ft\u00fcrme kategorisinde listelenir. Bunu VBA kodunda kulland\u0131\u011f\u0131n\u0131zda, <strong>say\u0131ya para birimi bi\u00e7imi uygulayarak bir dize d\u00f6nd\u00fcr\u00fcr<\/strong> . Basit bir ifadeyle, bir say\u0131y\u0131, para birimi bi\u00e7iminin uyguland\u0131\u011f\u0131 bir de\u011fere d\u00f6n\u00fc\u015ft\u00fcrebilirsiniz.<\/p><h2 class=\"wp-block-heading\"> S\u00f6zdizimi<\/h2><p> <strong>FormatCurrency(Expression,[NumDigitsAfterDecimal],[IncludeLeadingDigit],[UseParensForNegativeNumbers],[GroupDigits])<\/strong><\/p><h2 class=\"wp-block-heading\"> Arg\u00fcmanlar<\/h2><ul><li> <strong>\u0130fade<\/strong> : Para birimi olarak bi\u00e7imlendirmek istedi\u011finiz say\u0131sal de\u011fer.<\/li><li> <strong>[NumDigitsAfterDecimal]<\/strong> : Ondal\u0131k basamaklar\u0131 belirtmek i\u00e7in say\u0131sal bir de\u011fer [Bu iste\u011fe ba\u011fl\u0131 bir ba\u011f\u0131ms\u0131z de\u011fi\u015fkendir ve atlan\u0131rsa -1 varsay\u0131land\u0131r].<\/li><li> <strong>[IncludeLeadingDigit]<\/strong> : Ba\u015f\u0131nda s\u0131f\u0131r\u0131n g\u00f6r\u00fcnt\u00fclenip g\u00f6r\u00fcnt\u00fclenmeyece\u011fini belirten bir numaraland\u0131rma de\u011feri [Bu iste\u011fe ba\u011fl\u0131 bir ba\u011f\u0131ms\u0131z de\u011fi\u015fkendir ve varsay\u0131lan olarak vbUseDefault atlan\u0131rsa].<ul><li> vbFalse: ba\u015f\u0131na s\u0131f\u0131r gelmemesi.<\/li><li> vbTrue: ba\u015ftaki s\u0131f\u0131r\u0131 g\u00f6r\u00fcnt\u00fcler.<\/li><li> vbUseDefault: Varsay\u0131lan ayarlar\u0131 kullan\u0131r.<\/li><\/ul><\/li><li> <strong>[UseParensForNegativeNumbers]<\/strong> : Negatif say\u0131lar\u0131n parantez i\u00e7ine al\u0131n\u0131p al\u0131nmayaca\u011f\u0131n\u0131 belirten bir numaraland\u0131rma de\u011feri [Bu iste\u011fe ba\u011fl\u0131 bir ba\u011f\u0131ms\u0131z de\u011fi\u015fkendir ve varsay\u0131lan olarak vbUseDefault atlan\u0131r].<ul><li> vbFalse: Negatif say\u0131lar\u0131 parantez i\u00e7ine almamak i\u00e7in.<\/li><li> vbTrue: Negatif say\u0131lar\u0131 parantez i\u00e7ine yerle\u015ftirin.<\/li><li> vbUseDefault: Varsay\u0131lan ayarlar\u0131 kullan\u0131r.<\/li><\/ul><\/li><li> <strong>[GrupDigits]<\/strong> : Bilgisayar\u0131n yerel ayar\u0131nda belirtilen grup s\u0131n\u0131rlay\u0131c\u0131y\u0131 kullanarak say\u0131n\u0131n grupland\u0131r\u0131l\u0131p grupland\u0131r\u0131lmayaca\u011f\u0131n\u0131 (binler halinde vb.) belirtmek i\u00e7in n numaraland\u0131rma de\u011feri [Bu iste\u011fe ba\u011fl\u0131 bir ba\u011f\u0131ms\u0131z de\u011fi\u015fkendir ve varsay\u0131lan olarak vbUseDefault atlan\u0131rsa].<ul><li> vbFalse: gruptaki say\u0131lar\u0131 kullanmamak i\u00e7in.<\/li><li> vbTrue: grup rakamlar\u0131n\u0131 kullanmak i\u00e7in.<\/li><li> vbUseDefault: Bilgisayar\u0131n varsay\u0131lan ayarlar\u0131n\u0131 kullan\u0131r.<\/li><\/ul><\/li><\/ul><h2 class=\"wp-block-heading\"> \u00d6rnek<\/h2><p> VBA FORMATCURENCY fonksiyonunun nas\u0131l kullan\u0131laca\u011f\u0131n\u0131 pratik olarak anlamak i\u00e7in, onu kullanarak bir vba kodu yazd\u0131\u011f\u0131m\u0131z a\u015fa\u011f\u0131daki \u00f6rne\u011fi incelemeniz gerekir: <\/p><div class=\"wp-block-image\"><figure class=\"aligncenter is-resized\"><img loading=\"lazy\" decoding=\"async\" title=\"\u00f6rnek-vba-formatpara birimi-i\u015flevi\" src=\"https:\/\/exceladvisor.org\/wp-content\/uploads\/2023\/08\/exemple-de-fonction-vba-formatcurrency.png\" sizes=\"auto, \" srcset=\"\" alt=\"example-vba-format-currency-function\" width=\"841\" height=\"454\"><\/figure><\/div><pre class=\"wp-block-code\"> <code class=\"language-visual-basic\" lang=\"visual-basic\">Sub example_FORMATCURRENCY() Range(\"B1\").Value = FormatCurrency(Range(\"A1\")) End Sub<\/code><\/pre><p> Yukar\u0131daki kodda A1 h\u00fccresindeki de\u011feri para birimi de\u011ferine d\u00f6n\u00fc\u015ft\u00fcrmek i\u00e7in FORMATCURRENCY kulland\u0131k ve B1 h\u00fccresinde dolar i\u015faretiyle d\u00f6nd\u00fcrd\u00fc.<\/p><h2 class=\"wp-block-heading\"> Yorumlar<\/h2><ul><li> Kullan\u0131lan para birimi simgesi sistem ayarlar\u0131na ba\u011fl\u0131d\u0131r.<\/li><li> Belirtilen de\u011fer bir say\u0131 veya say\u0131 olarak tan\u0131namayan bir dize d\u0131\u015f\u0131nda bir de\u011ferse, VBA \u00e7al\u0131\u015fma zaman\u0131 hatas\u0131 13&#8217;\u00fc d\u00f6nd\u00fcr\u00fcr. <\/li><\/ul><div class=\"wp-block-group more-tutorials is-layout-flow\"><div class=\"wp-block-group__inner-container\"><h2 class=\"wp-block-heading\"> Daha fazla e\u011fitim <\/h2><div class=\"wp-block-columns is-layout-flex wp-container-268\"><div class=\"wp-block-column is-layout-flow\"><ul><li> <a href=\"https:\/\/exceladvisor.org\/tr\/bool\/\">VBA CBOOL<\/a><\/li><li> <a href=\"https:\/\/exceladvisor.org\/tr\/cbyte\/\">Bayt VBA<\/a><\/li><li> <a href=\"https:\/\/exceladvisor.org\/tr\/meydana\/\">VBA CCUR<\/a><\/li><li> <a href=\"https:\/\/exceladvisor.org\/tr\/tarih\/\">CDATE VBA<\/a><\/li><li> <a href=\"https:\/\/exceladvisor.org\/tr\/cdbl\/\">VBA CDBL&#8217;si<\/a><\/li><\/ul><\/div><\/div><\/div><\/div>","protected":false},"excerpt":{"rendered":"","protected":false},"author":1,"featured_media":0,"parent":0,"menu_order":0,"comment_status":"open","ping_status":"closed","template":"","meta":{"ub_ctt_via":"","footnotes":""},"class_list":["post-1966","page","type-page","status-publish","hentry"],"featured_image_src":null,"yoast_head":"<!-- This site is optimized with the Yoast SEO plugin v25.4 - https:\/\/yoast.com\/wordpress\/plugins\/seo\/ -->\n<title>VBA FORMATCURRENCE i\u015flevi nas\u0131l kullan\u0131l\u0131r?<\/title>\n<meta name=\"description\" content=\"VBA FORMATCURRENCY i\u015flevinin s\u00f6zdizimi, ba\u011f\u0131ms\u0131z de\u011fi\u015fkenler ve \u00f6rnek kodla birlikte nas\u0131l kullan\u0131laca\u011f\u0131n\u0131 \u00f6\u011frenin.\" \/>\n<meta name=\"robots\" content=\"index, follow, max-snippet:-1, max-image-preview:large, max-video-preview:-1\" \/>\n<link rel=\"canonical\" href=\"https:\/\/exceladvisor.org\/tr\/bicim-para-birimi\/\" \/>\n<meta property=\"og:locale\" content=\"tr_TR\" \/>\n<meta property=\"og:type\" content=\"article\" \/>\n<meta property=\"og:title\" content=\"VBA FORMATCURRENCE i\u015flevi nas\u0131l kullan\u0131l\u0131r?\" \/>\n<meta property=\"og:description\" content=\"VBA FORMATCURRENCY i\u015flevinin s\u00f6zdizimi, ba\u011f\u0131ms\u0131z de\u011fi\u015fkenler ve \u00f6rnek kodla birlikte nas\u0131l kullan\u0131laca\u011f\u0131n\u0131 \u00f6\u011frenin.\" \/>\n<meta property=\"og:url\" content=\"https:\/\/exceladvisor.org\/tr\/bicim-para-birimi\/\" \/>\n<meta property=\"og:site_name\" content=\"Excel Advisor\" \/>\n<meta property=\"article:modified_time\" content=\"2023-12-10T06:05:36+00:00\" \/>\n<meta property=\"og:image\" content=\"https:\/\/exceladvisor.org\/wp-content\/uploads\/2023\/08\/exemple-de-fonction-vba-formatcurrency.png\" \/>\n<meta name=\"twitter:card\" content=\"summary_large_image\" \/>\n<meta name=\"twitter:label1\" content=\"Tahmini okuma s\u00fcresi\" \/>\n\t<meta name=\"twitter:data1\" content=\"2 dakika\" \/>\n<script type=\"application\/ld+json\" class=\"yoast-schema-graph\">{\"@context\":\"https:\/\/schema.org\",\"@graph\":[{\"@type\":\"WebPage\",\"@id\":\"https:\/\/exceladvisor.org\/tr\/bicim-para-birimi\/\",\"url\":\"https:\/\/exceladvisor.org\/tr\/bicim-para-birimi\/\",\"name\":\"VBA FORMATCURRENCE i\u015flevi nas\u0131l kullan\u0131l\u0131r?\",\"isPartOf\":{\"@id\":\"https:\/\/exceladvisor.org\/tr\/#website\"},\"primaryImageOfPage\":{\"@id\":\"https:\/\/exceladvisor.org\/tr\/bicim-para-birimi\/#primaryimage\"},\"image\":{\"@id\":\"https:\/\/exceladvisor.org\/tr\/bicim-para-birimi\/#primaryimage\"},\"thumbnailUrl\":\"https:\/\/exceladvisor.org\/wp-content\/uploads\/2023\/08\/exemple-de-fonction-vba-formatcurrency.png\",\"datePublished\":\"2023-10-26T09:43:32+00:00\",\"dateModified\":\"2023-12-10T06:05:36+00:00\",\"description\":\"VBA FORMATCURRENCY i\u015flevinin s\u00f6zdizimi, ba\u011f\u0131ms\u0131z de\u011fi\u015fkenler ve \u00f6rnek kodla birlikte nas\u0131l kullan\u0131laca\u011f\u0131n\u0131 \u00f6\u011frenin.\",\"breadcrumb\":{\"@id\":\"https:\/\/exceladvisor.org\/tr\/bicim-para-birimi\/#breadcrumb\"},\"inLanguage\":\"tr\",\"potentialAction\":[{\"@type\":\"ReadAction\",\"target\":[\"https:\/\/exceladvisor.org\/tr\/bicim-para-birimi\/\"]}]},{\"@type\":\"ImageObject\",\"inLanguage\":\"tr\",\"@id\":\"https:\/\/exceladvisor.org\/tr\/bicim-para-birimi\/#primaryimage\",\"url\":\"https:\/\/exceladvisor.org\/wp-content\/uploads\/2023\/08\/exemple-de-fonction-vba-formatcurrency.png\",\"contentUrl\":\"https:\/\/exceladvisor.org\/wp-content\/uploads\/2023\/08\/exemple-de-fonction-vba-formatcurrency.png\"},{\"@type\":\"BreadcrumbList\",\"@id\":\"https:\/\/exceladvisor.org\/tr\/bicim-para-birimi\/#breadcrumb\",\"itemListElement\":[{\"@type\":\"ListItem\",\"position\":1,\"name\":\"Ev\",\"item\":\"https:\/\/exceladvisor.org\/tr\/\"},{\"@type\":\"ListItem\",\"position\":2,\"name\":\"Vba formatcurrence i\u015flevi nas\u0131l kullan\u0131l\u0131r?\"}]},{\"@type\":\"WebSite\",\"@id\":\"https:\/\/exceladvisor.org\/tr\/#website\",\"url\":\"https:\/\/exceladvisor.org\/tr\/\",\"name\":\"Excel Advisor\",\"description\":\"Veri hakimiyetine y\u00f6nelik nihai rehberiniz!\",\"publisher\":{\"@id\":\"https:\/\/exceladvisor.org\/tr\/#organization\"},\"potentialAction\":[{\"@type\":\"SearchAction\",\"target\":{\"@type\":\"EntryPoint\",\"urlTemplate\":\"https:\/\/exceladvisor.org\/tr\/?s={search_term_string}\"},\"query-input\":{\"@type\":\"PropertyValueSpecification\",\"valueRequired\":true,\"valueName\":\"search_term_string\"}}],\"inLanguage\":\"tr\"},{\"@type\":\"Organization\",\"@id\":\"https:\/\/exceladvisor.org\/tr\/#organization\",\"name\":\"Excel Advisor\",\"url\":\"https:\/\/exceladvisor.org\/tr\/\",\"logo\":{\"@type\":\"ImageObject\",\"inLanguage\":\"tr\",\"@id\":\"https:\/\/exceladvisor.org\/tr\/#\/schema\/logo\/image\/\",\"url\":\"https:\/\/exceladvisor.org\/tr\/wp-content\/uploads\/2023\/12\/exceladvisor.org_.png\",\"contentUrl\":\"https:\/\/exceladvisor.org\/tr\/wp-content\/uploads\/2023\/12\/exceladvisor.org_.png\",\"width\":105,\"height\":36,\"caption\":\"Excel Advisor\"},\"image\":{\"@id\":\"https:\/\/exceladvisor.org\/tr\/#\/schema\/logo\/image\/\"}}]}<\/script>\n<!-- \/ Yoast SEO plugin. -->","yoast_head_json":{"title":"VBA FORMATCURRENCE i\u015flevi nas\u0131l kullan\u0131l\u0131r?","description":"VBA FORMATCURRENCY i\u015flevinin s\u00f6zdizimi, ba\u011f\u0131ms\u0131z de\u011fi\u015fkenler ve \u00f6rnek kodla birlikte nas\u0131l kullan\u0131laca\u011f\u0131n\u0131 \u00f6\u011frenin.","robots":{"index":"index","follow":"follow","max-snippet":"max-snippet:-1","max-image-preview":"max-image-preview:large","max-video-preview":"max-video-preview:-1"},"canonical":"https:\/\/exceladvisor.org\/tr\/bicim-para-birimi\/","og_locale":"tr_TR","og_type":"article","og_title":"VBA FORMATCURRENCE i\u015flevi nas\u0131l kullan\u0131l\u0131r?","og_description":"VBA FORMATCURRENCY i\u015flevinin s\u00f6zdizimi, ba\u011f\u0131ms\u0131z de\u011fi\u015fkenler ve \u00f6rnek kodla birlikte nas\u0131l kullan\u0131laca\u011f\u0131n\u0131 \u00f6\u011frenin.","og_url":"https:\/\/exceladvisor.org\/tr\/bicim-para-birimi\/","og_site_name":"Excel Advisor","article_modified_time":"2023-12-10T06:05:36+00:00","og_image":[{"url":"https:\/\/exceladvisor.org\/wp-content\/uploads\/2023\/08\/exemple-de-fonction-vba-formatcurrency.png","type":"","width":"","height":""}],"twitter_card":"summary_large_image","twitter_misc":{"Tahmini okuma s\u00fcresi":"2 dakika"},"schema":{"@context":"https:\/\/schema.org","@graph":[{"@type":"WebPage","@id":"https:\/\/exceladvisor.org\/tr\/bicim-para-birimi\/","url":"https:\/\/exceladvisor.org\/tr\/bicim-para-birimi\/","name":"VBA FORMATCURRENCE i\u015flevi nas\u0131l kullan\u0131l\u0131r?","isPartOf":{"@id":"https:\/\/exceladvisor.org\/tr\/#website"},"primaryImageOfPage":{"@id":"https:\/\/exceladvisor.org\/tr\/bicim-para-birimi\/#primaryimage"},"image":{"@id":"https:\/\/exceladvisor.org\/tr\/bicim-para-birimi\/#primaryimage"},"thumbnailUrl":"https:\/\/exceladvisor.org\/wp-content\/uploads\/2023\/08\/exemple-de-fonction-vba-formatcurrency.png","datePublished":"2023-10-26T09:43:32+00:00","dateModified":"2023-12-10T06:05:36+00:00","description":"VBA FORMATCURRENCY i\u015flevinin s\u00f6zdizimi, ba\u011f\u0131ms\u0131z de\u011fi\u015fkenler ve \u00f6rnek kodla birlikte nas\u0131l kullan\u0131laca\u011f\u0131n\u0131 \u00f6\u011frenin.","breadcrumb":{"@id":"https:\/\/exceladvisor.org\/tr\/bicim-para-birimi\/#breadcrumb"},"inLanguage":"tr","potentialAction":[{"@type":"ReadAction","target":["https:\/\/exceladvisor.org\/tr\/bicim-para-birimi\/"]}]},{"@type":"ImageObject","inLanguage":"tr","@id":"https:\/\/exceladvisor.org\/tr\/bicim-para-birimi\/#primaryimage","url":"https:\/\/exceladvisor.org\/wp-content\/uploads\/2023\/08\/exemple-de-fonction-vba-formatcurrency.png","contentUrl":"https:\/\/exceladvisor.org\/wp-content\/uploads\/2023\/08\/exemple-de-fonction-vba-formatcurrency.png"},{"@type":"BreadcrumbList","@id":"https:\/\/exceladvisor.org\/tr\/bicim-para-birimi\/#breadcrumb","itemListElement":[{"@type":"ListItem","position":1,"name":"Ev","item":"https:\/\/exceladvisor.org\/tr\/"},{"@type":"ListItem","position":2,"name":"Vba formatcurrence i\u015flevi nas\u0131l kullan\u0131l\u0131r?"}]},{"@type":"WebSite","@id":"https:\/\/exceladvisor.org\/tr\/#website","url":"https:\/\/exceladvisor.org\/tr\/","name":"Excel Advisor","description":"Veri hakimiyetine y\u00f6nelik nihai rehberiniz!","publisher":{"@id":"https:\/\/exceladvisor.org\/tr\/#organization"},"potentialAction":[{"@type":"SearchAction","target":{"@type":"EntryPoint","urlTemplate":"https:\/\/exceladvisor.org\/tr\/?s={search_term_string}"},"query-input":{"@type":"PropertyValueSpecification","valueRequired":true,"valueName":"search_term_string"}}],"inLanguage":"tr"},{"@type":"Organization","@id":"https:\/\/exceladvisor.org\/tr\/#organization","name":"Excel Advisor","url":"https:\/\/exceladvisor.org\/tr\/","logo":{"@type":"ImageObject","inLanguage":"tr","@id":"https:\/\/exceladvisor.org\/tr\/#\/schema\/logo\/image\/","url":"https:\/\/exceladvisor.org\/tr\/wp-content\/uploads\/2023\/12\/exceladvisor.org_.png","contentUrl":"https:\/\/exceladvisor.org\/tr\/wp-content\/uploads\/2023\/12\/exceladvisor.org_.png","width":105,"height":36,"caption":"Excel Advisor"},"image":{"@id":"https:\/\/exceladvisor.org\/tr\/#\/schema\/logo\/image\/"}}]}},"yoast_meta":{"yoast_wpseo_title":"","yoast_wpseo_metadesc":"","yoast_wpseo_canonical":""},"_links":{"self":[{"href":"https:\/\/exceladvisor.org\/tr\/wp-json\/wp\/v2\/pages\/1966","targetHints":{"allow":["GET"]}}],"collection":[{"href":"https:\/\/exceladvisor.org\/tr\/wp-json\/wp\/v2\/pages"}],"about":[{"href":"https:\/\/exceladvisor.org\/tr\/wp-json\/wp\/v2\/types\/page"}],"author":[{"embeddable":true,"href":"https:\/\/exceladvisor.org\/tr\/wp-json\/wp\/v2\/users\/1"}],"replies":[{"embeddable":true,"href":"https:\/\/exceladvisor.org\/tr\/wp-json\/wp\/v2\/comments?post=1966"}],"version-history":[{"count":1,"href":"https:\/\/exceladvisor.org\/tr\/wp-json\/wp\/v2\/pages\/1966\/revisions"}],"predecessor-version":[{"id":2821,"href":"https:\/\/exceladvisor.org\/tr\/wp-json\/wp\/v2\/pages\/1966\/revisions\/2821"}],"wp:attachment":[{"href":"https:\/\/exceladvisor.org\/tr\/wp-json\/wp\/v2\/media?parent=1966"}],"curies":[{"name":"wp","href":"https:\/\/api.w.org\/{rel}","templated":true}]}}