{"id":1974,"date":"2023-10-26T07:53:09","date_gmt":"2023-10-26T07:53:09","guid":{"rendered":"https:\/\/exceladvisor.org\/tr\/enstrev\/"},"modified":"2023-12-10T06:05:51","modified_gmt":"2023-12-10T06:05:51","slug":"enstrev","status":"publish","type":"page","link":"https:\/\/exceladvisor.org\/tr\/enstrev\/","title":{"rendered":"Vba instrrev i\u015flevi nas\u0131l kullan\u0131l\u0131r?"},"content":{"rendered":"<div class=\"excel-icerikten-once\" id=\"excel-3046523377\"><script type=\"text\/javascript\">\r\n\tatOptions = {\r\n\t\t'key' : 'c1158f160081d6540a8409e6925dab94',\r\n\t\t'format' : 'iframe',\r\n\t\t'height' : 250,\r\n\t\t'width' : 300,\r\n\t\t'params' : {}\r\n\t};\r\n<\/script>\r\n<script type=\"text\/javascript\" src=\"\/\/www.highperformanceformat.com\/c1158f160081d6540a8409e6925dab94\/invoke.js\"><\/script><\/div> <p>VBA INSTRREV i\u015flevi, VBA i\u015flevleri metin kategorisinde listelenir. Bunu VBA kodunda kulland\u0131\u011f\u0131n\u0131zda, <strong>ba\u015fka bir dizeden bir alt dizenin (sizin taraf\u0131n\u0131zdan belirtilen) ba\u015flang\u0131\u00e7 konumu numaras\u0131n\u0131 d\u00f6nd\u00fcr\u00fcr<\/strong> . INSTR&#8217;den farkl\u0131 olarak, alt dizeyi aramaya dizenin sa\u011f taraf\u0131ndan ba\u015flar, bu da ba\u015flang\u0131c\u0131n sonu anlam\u0131na gelir.<\/p><h2 class=\"wp-block-heading\"> S\u00f6zdizimi<\/h2><p> <strong>InStrRev(StringCheck, StringMatch, [Ba\u015flat], [Kar\u015f\u0131la\u015ft\u0131r])<\/strong><\/p><h2 class=\"wp-block-heading\"> Arg\u00fcmanlar<\/h2><ul><li> <strong>StringCheck<\/strong> : Aramak istedi\u011finiz dize.<\/li><li> <strong>StringMatch<\/strong> : Aramak istedi\u011finiz dize.<\/li><li> <strong>[Ba\u015flat]<\/strong> : Aramaya ba\u015flamak istedi\u011finiz konumu belirten bir tamsay\u0131 [Bu iste\u011fe ba\u011fl\u0131 bir ba\u011f\u0131ms\u0131z de\u011fi\u015fkendir ve atlan\u0131rsa VBA varsay\u0131lan olarak 1 olur].<\/li><li> <strong>[Kar\u015f\u0131la\u015ft\u0131r]<\/strong> : Diziyi filtrelerken ger\u00e7ekle\u015ftirilecek kar\u015f\u0131la\u015ft\u0131rmay\u0131 tan\u0131mlayan bir dize de\u011feri [Bu iste\u011fe ba\u011fl\u0131 bir ba\u011f\u0131ms\u0131z de\u011fi\u015fkendir ve atlan\u0131rsa, VBA varsay\u0131lan olarak vbBinaryCompare&#8217;i al\u0131r].<ul><li> vbBinaryCompare: ikili kar\u015f\u0131la\u015ft\u0131rma i\u00e7in.<\/li><li> vbTextCompare: metin kar\u015f\u0131la\u015ft\u0131rmas\u0131 i\u00e7in.<\/li><li> vbDatabaseCompare: veritaban\u0131 kar\u015f\u0131la\u015ft\u0131rmas\u0131 i\u00e7in.<\/li><\/ul><\/li><\/ul><h2 class=\"wp-block-heading\"> \u00d6rnek<\/h2><p> VBA INSTRREV i\u015flevinin nas\u0131l kullan\u0131laca\u011f\u0131n\u0131 pratik olarak anlamak i\u00e7in, onu kullanarak bir vba kodu yazd\u0131\u011f\u0131m\u0131z a\u015fa\u011f\u0131daki \u00f6rne\u011fi incelemeniz gerekir: <\/p><div class=\"wp-block-image\"><figure class=\"aligncenter is-resized\"><img loading=\"lazy\" decoding=\"async\" title=\"\u00f6rnek-vba-instrrev-i\u015flevi\" src=\"https:\/\/exceladvisor.org\/wp-content\/uploads\/2023\/08\/exemple-de-fonction-vba-instrrev.png\" sizes=\"auto, \" srcset=\"\" alt=\"example-vba-instrrev-function\" width=\"839\" height=\"457\"><\/figure><\/div><pre class=\"wp-block-code\"> <code class=\"language-visual-basic\" lang=\"visual-basic\">Sub example_INSTRREV() Range(\"B1\").Value = InStrRev(Range(\"A1\"), \" \") End Sub<\/code><\/pre><p> Yukar\u0131daki kodda A1 h\u00fccresindeki de\u011ferdeki (Excel dan\u0131\u015fman\u0131) bo\u015flu\u011fu bulmak i\u00e7in INSTRREV kulland\u0131k ve 6 d\u00f6nd\u00fcrd\u00fc, sonu\u00e7 olarak &#8220;Excel&#8221; ile &#8220;Alanlar&#8221; aras\u0131nda konumu 6 olan ilk bo\u015fluk var.<\/p><h2 class=\"wp-block-heading\"> Yorumlar<\/h2><ul><li> &#8220;stringcheck&#8221; veya &#8220;stringmatch&#8221; NULL ise sonu\u00e7ta NULL de\u011ferini d\u00f6nd\u00fcr\u00fcr.<\/li><li> &#8220;stringcheck&#8221;te &#8220;stringmatch&#8221; bulunamazsa sonu\u00e7 0 olur. <\/li><\/ul><div class=\"wp-block-group more-tutorials is-layout-flow\"><div class=\"wp-block-group__inner-container\"><h2 class=\"wp-block-heading\"> Daha fazla e\u011fitim <\/h2><div class=\"wp-block-columns is-layout-flex wp-container-236\"><div class=\"wp-block-column is-layout-flow\"><ul><li> <a href=\"https:\/\/exceladvisor.org\/tr\/strconv\/\">VBA STRCONV<\/a><\/li><li> <a href=\"https:\/\/exceladvisor.org\/tr\/sicim\/\">VBA D\u0130Z\u0130S\u0130<\/a><\/li><li> <a href=\"https:\/\/exceladvisor.org\/tr\/ters\/\">VBA STRE TERS<\/a><\/li><li> <a href=\"https:\/\/exceladvisor.org\/tr\/duzeltme\/\">VBA KESME<\/a><\/li><li> <a href=\"https:\/\/exceladvisor.org\/tr\/ucase\/\">VBACASE<\/a><\/li><\/ul><\/div><\/div><\/div><\/div>","protected":false},"excerpt":{"rendered":"","protected":false},"author":1,"featured_media":0,"parent":0,"menu_order":0,"comment_status":"open","ping_status":"closed","template":"","meta":{"ub_ctt_via":"","footnotes":""},"class_list":["post-1974","page","type-page","status-publish","hentry"],"featured_image_src":null,"yoast_head":"<!-- This site is optimized with the Yoast SEO plugin v25.4 - https:\/\/yoast.com\/wordpress\/plugins\/seo\/ -->\n<title>VBA INSTRREV i\u015flevi nas\u0131l kullan\u0131l\u0131r? (\u00d6rnek ile)<\/title>\n<meta name=\"description\" content=\"VBA INSTRREV i\u015flevini s\u00f6zdizimi, ba\u011f\u0131ms\u0131z de\u011fi\u015fkenler ve \u00f6rnek kodla birlikte nas\u0131l kullanaca\u011f\u0131n\u0131z\u0131 \u00f6\u011frenin.\" \/>\n<meta name=\"robots\" content=\"index, follow, max-snippet:-1, max-image-preview:large, max-video-preview:-1\" \/>\n<link rel=\"canonical\" href=\"https:\/\/exceladvisor.org\/tr\/enstrev\/\" \/>\n<meta property=\"og:locale\" content=\"tr_TR\" \/>\n<meta property=\"og:type\" content=\"article\" \/>\n<meta property=\"og:title\" content=\"VBA INSTRREV i\u015flevi nas\u0131l kullan\u0131l\u0131r? (\u00d6rnek ile)\" \/>\n<meta property=\"og:description\" content=\"VBA INSTRREV i\u015flevini s\u00f6zdizimi, ba\u011f\u0131ms\u0131z de\u011fi\u015fkenler ve \u00f6rnek kodla birlikte nas\u0131l kullanaca\u011f\u0131n\u0131z\u0131 \u00f6\u011frenin.\" \/>\n<meta property=\"og:url\" content=\"https:\/\/exceladvisor.org\/tr\/enstrev\/\" \/>\n<meta property=\"og:site_name\" content=\"Excel Advisor\" \/>\n<meta property=\"article:modified_time\" content=\"2023-12-10T06:05:51+00:00\" \/>\n<meta property=\"og:image\" content=\"https:\/\/exceladvisor.org\/wp-content\/uploads\/2023\/08\/exemple-de-fonction-vba-instrrev.png\" \/>\n<meta name=\"twitter:card\" content=\"summary_large_image\" \/>\n<meta name=\"twitter:label1\" content=\"Tahmini okuma s\u00fcresi\" \/>\n\t<meta name=\"twitter:data1\" content=\"1 dakika\" \/>\n<script type=\"application\/ld+json\" class=\"yoast-schema-graph\">{\"@context\":\"https:\/\/schema.org\",\"@graph\":[{\"@type\":\"WebPage\",\"@id\":\"https:\/\/exceladvisor.org\/tr\/enstrev\/\",\"url\":\"https:\/\/exceladvisor.org\/tr\/enstrev\/\",\"name\":\"VBA INSTRREV i\u015flevi nas\u0131l kullan\u0131l\u0131r? (\u00d6rnek ile)\",\"isPartOf\":{\"@id\":\"https:\/\/exceladvisor.org\/tr\/#website\"},\"primaryImageOfPage\":{\"@id\":\"https:\/\/exceladvisor.org\/tr\/enstrev\/#primaryimage\"},\"image\":{\"@id\":\"https:\/\/exceladvisor.org\/tr\/enstrev\/#primaryimage\"},\"thumbnailUrl\":\"https:\/\/exceladvisor.org\/wp-content\/uploads\/2023\/08\/exemple-de-fonction-vba-instrrev.png\",\"datePublished\":\"2023-10-26T07:53:09+00:00\",\"dateModified\":\"2023-12-10T06:05:51+00:00\",\"description\":\"VBA INSTRREV i\u015flevini s\u00f6zdizimi, ba\u011f\u0131ms\u0131z de\u011fi\u015fkenler ve \u00f6rnek kodla birlikte nas\u0131l kullanaca\u011f\u0131n\u0131z\u0131 \u00f6\u011frenin.\",\"breadcrumb\":{\"@id\":\"https:\/\/exceladvisor.org\/tr\/enstrev\/#breadcrumb\"},\"inLanguage\":\"tr\",\"potentialAction\":[{\"@type\":\"ReadAction\",\"target\":[\"https:\/\/exceladvisor.org\/tr\/enstrev\/\"]}]},{\"@type\":\"ImageObject\",\"inLanguage\":\"tr\",\"@id\":\"https:\/\/exceladvisor.org\/tr\/enstrev\/#primaryimage\",\"url\":\"https:\/\/exceladvisor.org\/wp-content\/uploads\/2023\/08\/exemple-de-fonction-vba-instrrev.png\",\"contentUrl\":\"https:\/\/exceladvisor.org\/wp-content\/uploads\/2023\/08\/exemple-de-fonction-vba-instrrev.png\"},{\"@type\":\"BreadcrumbList\",\"@id\":\"https:\/\/exceladvisor.org\/tr\/enstrev\/#breadcrumb\",\"itemListElement\":[{\"@type\":\"ListItem\",\"position\":1,\"name\":\"Ev\",\"item\":\"https:\/\/exceladvisor.org\/tr\/\"},{\"@type\":\"ListItem\",\"position\":2,\"name\":\"Vba instrrev i\u015flevi nas\u0131l kullan\u0131l\u0131r?\"}]},{\"@type\":\"WebSite\",\"@id\":\"https:\/\/exceladvisor.org\/tr\/#website\",\"url\":\"https:\/\/exceladvisor.org\/tr\/\",\"name\":\"Excel Advisor\",\"description\":\"Veri hakimiyetine y\u00f6nelik nihai rehberiniz!\",\"publisher\":{\"@id\":\"https:\/\/exceladvisor.org\/tr\/#organization\"},\"potentialAction\":[{\"@type\":\"SearchAction\",\"target\":{\"@type\":\"EntryPoint\",\"urlTemplate\":\"https:\/\/exceladvisor.org\/tr\/?s={search_term_string}\"},\"query-input\":{\"@type\":\"PropertyValueSpecification\",\"valueRequired\":true,\"valueName\":\"search_term_string\"}}],\"inLanguage\":\"tr\"},{\"@type\":\"Organization\",\"@id\":\"https:\/\/exceladvisor.org\/tr\/#organization\",\"name\":\"Excel Advisor\",\"url\":\"https:\/\/exceladvisor.org\/tr\/\",\"logo\":{\"@type\":\"ImageObject\",\"inLanguage\":\"tr\",\"@id\":\"https:\/\/exceladvisor.org\/tr\/#\/schema\/logo\/image\/\",\"url\":\"https:\/\/exceladvisor.org\/tr\/wp-content\/uploads\/2023\/12\/exceladvisor.org_.png\",\"contentUrl\":\"https:\/\/exceladvisor.org\/tr\/wp-content\/uploads\/2023\/12\/exceladvisor.org_.png\",\"width\":105,\"height\":36,\"caption\":\"Excel Advisor\"},\"image\":{\"@id\":\"https:\/\/exceladvisor.org\/tr\/#\/schema\/logo\/image\/\"}}]}<\/script>\n<!-- \/ Yoast SEO plugin. -->","yoast_head_json":{"title":"VBA INSTRREV i\u015flevi nas\u0131l kullan\u0131l\u0131r? (\u00d6rnek ile)","description":"VBA INSTRREV i\u015flevini s\u00f6zdizimi, ba\u011f\u0131ms\u0131z de\u011fi\u015fkenler ve \u00f6rnek kodla birlikte nas\u0131l kullanaca\u011f\u0131n\u0131z\u0131 \u00f6\u011frenin.","robots":{"index":"index","follow":"follow","max-snippet":"max-snippet:-1","max-image-preview":"max-image-preview:large","max-video-preview":"max-video-preview:-1"},"canonical":"https:\/\/exceladvisor.org\/tr\/enstrev\/","og_locale":"tr_TR","og_type":"article","og_title":"VBA INSTRREV i\u015flevi nas\u0131l kullan\u0131l\u0131r? (\u00d6rnek ile)","og_description":"VBA INSTRREV i\u015flevini s\u00f6zdizimi, ba\u011f\u0131ms\u0131z de\u011fi\u015fkenler ve \u00f6rnek kodla birlikte nas\u0131l kullanaca\u011f\u0131n\u0131z\u0131 \u00f6\u011frenin.","og_url":"https:\/\/exceladvisor.org\/tr\/enstrev\/","og_site_name":"Excel Advisor","article_modified_time":"2023-12-10T06:05:51+00:00","og_image":[{"url":"https:\/\/exceladvisor.org\/wp-content\/uploads\/2023\/08\/exemple-de-fonction-vba-instrrev.png","type":"","width":"","height":""}],"twitter_card":"summary_large_image","twitter_misc":{"Tahmini okuma s\u00fcresi":"1 dakika"},"schema":{"@context":"https:\/\/schema.org","@graph":[{"@type":"WebPage","@id":"https:\/\/exceladvisor.org\/tr\/enstrev\/","url":"https:\/\/exceladvisor.org\/tr\/enstrev\/","name":"VBA INSTRREV i\u015flevi nas\u0131l kullan\u0131l\u0131r? (\u00d6rnek ile)","isPartOf":{"@id":"https:\/\/exceladvisor.org\/tr\/#website"},"primaryImageOfPage":{"@id":"https:\/\/exceladvisor.org\/tr\/enstrev\/#primaryimage"},"image":{"@id":"https:\/\/exceladvisor.org\/tr\/enstrev\/#primaryimage"},"thumbnailUrl":"https:\/\/exceladvisor.org\/wp-content\/uploads\/2023\/08\/exemple-de-fonction-vba-instrrev.png","datePublished":"2023-10-26T07:53:09+00:00","dateModified":"2023-12-10T06:05:51+00:00","description":"VBA INSTRREV i\u015flevini s\u00f6zdizimi, ba\u011f\u0131ms\u0131z de\u011fi\u015fkenler ve \u00f6rnek kodla birlikte nas\u0131l kullanaca\u011f\u0131n\u0131z\u0131 \u00f6\u011frenin.","breadcrumb":{"@id":"https:\/\/exceladvisor.org\/tr\/enstrev\/#breadcrumb"},"inLanguage":"tr","potentialAction":[{"@type":"ReadAction","target":["https:\/\/exceladvisor.org\/tr\/enstrev\/"]}]},{"@type":"ImageObject","inLanguage":"tr","@id":"https:\/\/exceladvisor.org\/tr\/enstrev\/#primaryimage","url":"https:\/\/exceladvisor.org\/wp-content\/uploads\/2023\/08\/exemple-de-fonction-vba-instrrev.png","contentUrl":"https:\/\/exceladvisor.org\/wp-content\/uploads\/2023\/08\/exemple-de-fonction-vba-instrrev.png"},{"@type":"BreadcrumbList","@id":"https:\/\/exceladvisor.org\/tr\/enstrev\/#breadcrumb","itemListElement":[{"@type":"ListItem","position":1,"name":"Ev","item":"https:\/\/exceladvisor.org\/tr\/"},{"@type":"ListItem","position":2,"name":"Vba instrrev i\u015flevi nas\u0131l kullan\u0131l\u0131r?"}]},{"@type":"WebSite","@id":"https:\/\/exceladvisor.org\/tr\/#website","url":"https:\/\/exceladvisor.org\/tr\/","name":"Excel Advisor","description":"Veri hakimiyetine y\u00f6nelik nihai rehberiniz!","publisher":{"@id":"https:\/\/exceladvisor.org\/tr\/#organization"},"potentialAction":[{"@type":"SearchAction","target":{"@type":"EntryPoint","urlTemplate":"https:\/\/exceladvisor.org\/tr\/?s={search_term_string}"},"query-input":{"@type":"PropertyValueSpecification","valueRequired":true,"valueName":"search_term_string"}}],"inLanguage":"tr"},{"@type":"Organization","@id":"https:\/\/exceladvisor.org\/tr\/#organization","name":"Excel Advisor","url":"https:\/\/exceladvisor.org\/tr\/","logo":{"@type":"ImageObject","inLanguage":"tr","@id":"https:\/\/exceladvisor.org\/tr\/#\/schema\/logo\/image\/","url":"https:\/\/exceladvisor.org\/tr\/wp-content\/uploads\/2023\/12\/exceladvisor.org_.png","contentUrl":"https:\/\/exceladvisor.org\/tr\/wp-content\/uploads\/2023\/12\/exceladvisor.org_.png","width":105,"height":36,"caption":"Excel Advisor"},"image":{"@id":"https:\/\/exceladvisor.org\/tr\/#\/schema\/logo\/image\/"}}]}},"yoast_meta":{"yoast_wpseo_title":"","yoast_wpseo_metadesc":"","yoast_wpseo_canonical":""},"_links":{"self":[{"href":"https:\/\/exceladvisor.org\/tr\/wp-json\/wp\/v2\/pages\/1974","targetHints":{"allow":["GET"]}}],"collection":[{"href":"https:\/\/exceladvisor.org\/tr\/wp-json\/wp\/v2\/pages"}],"about":[{"href":"https:\/\/exceladvisor.org\/tr\/wp-json\/wp\/v2\/types\/page"}],"author":[{"embeddable":true,"href":"https:\/\/exceladvisor.org\/tr\/wp-json\/wp\/v2\/users\/1"}],"replies":[{"embeddable":true,"href":"https:\/\/exceladvisor.org\/tr\/wp-json\/wp\/v2\/comments?post=1974"}],"version-history":[{"count":1,"href":"https:\/\/exceladvisor.org\/tr\/wp-json\/wp\/v2\/pages\/1974\/revisions"}],"predecessor-version":[{"id":2836,"href":"https:\/\/exceladvisor.org\/tr\/wp-json\/wp\/v2\/pages\/1974\/revisions\/2836"}],"wp:attachment":[{"href":"https:\/\/exceladvisor.org\/tr\/wp-json\/wp\/v2\/media?parent=1974"}],"curies":[{"name":"wp","href":"https:\/\/api.w.org\/{rel}","templated":true}]}}