{"id":1977,"date":"2023-10-25T07:13:21","date_gmt":"2023-10-25T07:13:21","guid":{"rendered":"https:\/\/exceladvisor.org\/tr\/kusura-bakma\/"},"modified":"2023-12-10T06:05:54","modified_gmt":"2023-12-10T06:05:54","slug":"kusura-bakma","status":"publish","type":"page","link":"https:\/\/exceladvisor.org\/tr\/kusura-bakma\/","title":{"rendered":"Vba irr i\u015flevi nas\u0131l kullan\u0131l\u0131r?"},"content":{"rendered":"<div class=\"excel-icerikten-once\" id=\"excel-830921266\"><script type=\"text\/javascript\">\r\n\tatOptions = {\r\n\t\t'key' : 'c1158f160081d6540a8409e6925dab94',\r\n\t\t'format' : 'iframe',\r\n\t\t'height' : 250,\r\n\t\t'width' : 300,\r\n\t\t'params' : {}\r\n\t};\r\n<\/script>\r\n<script type=\"text\/javascript\" src=\"\/\/www.highperformanceformat.com\/c1158f160081d6540a8409e6925dab94\/invoke.js\"><\/script><\/div> <p>VBA IRR i\u015flevi, VBA i\u015flevlerinin mali kategorisinde listelenir. Bunu VBA kodunda kulland\u0131\u011f\u0131n\u0131zda, <strong>bir yat\u0131r\u0131m\u0131n i\u00e7 getiri oran\u0131n\u0131 (yani bir dizi \u00f6deme ve getiri) hesaplar<\/strong> . IRR hesaplamas\u0131, bir yat\u0131r\u0131m\u0131n getiri oran\u0131n\u0131n bir \u00f6l\u00e7\u00fcs\u00fcd\u00fcr.<\/p><h2 class=\"wp-block-heading\"> S\u00f6zdizimi<\/h2><p> <strong>IRR(De\u011fer Dizisi, [Tahmin Et])<\/strong><\/p><h2 class=\"wp-block-heading\"> Arg\u00fcmanlar<\/h2><ul><li> <strong>ValueArray<\/strong> : \u00d6demeleri ve gelirleri temsil eden bir nakit ak\u0131\u015f\u0131 tablosu. \u00d6demeler negatif de\u011ferlerde, gelirler ise pozitif de\u011ferlerde olacakt\u0131r [En az bir negatif de\u011fer ve en az bir pozitif de\u011fer i\u00e7ermelidir].<\/li><li> <strong>[Tahmin et]<\/strong> : IRR&#8217;nin ne olaca\u011f\u0131na dair ilk tahmin (tahmin) [Bu iste\u011fe ba\u011fl\u0131 bir ba\u011f\u0131ms\u0131z de\u011fi\u015fkendir ve atlan\u0131rsa, VBA varsay\u0131lan olarak %10 (=0,1) al\u0131r].<\/li><\/ul><h2 class=\"wp-block-heading\"> \u00d6rnek<\/h2><p> VBA IRR i\u015flevinin nas\u0131l kullan\u0131laca\u011f\u0131n\u0131 pratik olarak anlamak i\u00e7in, onu kullanarak bir vba kodu yazd\u0131\u011f\u0131m\u0131z a\u015fa\u011f\u0131daki \u00f6rne\u011fi incelemeniz gerekir: <\/p><figure class=\"wp-block-image is-resized\"><img loading=\"lazy\" decoding=\"async\" title=\"\u00f6rnek-vba-irr-i\u015flevi\" src=\"https:\/\/exceladvisor.org\/wp-content\/uploads\/2023\/08\/exemple-de-fonction-vba-irr.png\" sizes=\"auto, \" srcset=\"\" alt=\"example-vba-irr-function\" width=\"841\" height=\"670\"><\/figure><pre class=\"wp-block-code\"> <code class=\"language-visual-basic\" lang=\"visual-basic\">Sub example_IRR() Dim cF(0 To 9) As Double cF(0) = -1000 cF(1) = 213.6 cF(2) = 259.22 cF(3) = 314.6 cF(4) = 381.79 cF(5) = 463.34 cF(6) = 562.31 cF(7) = 682.42 cF(8) = 828.19 cF(9) = 1005.09 Range(\"A1\").Value = IRR(cF) End Sub<\/code><\/pre><p> Yukar\u0131daki kodda, ba\u015flang\u0131\u00e7 yat\u0131r\u0131m\u0131m\u0131z\u0131n -1000 oldu\u011fu ve sonraki 9 y\u0131ldaki t\u00fcm nakit getirilerinin oldu\u011fu bir tablodan (cF) getiri faiz oran\u0131n\u0131 elde etmek i\u00e7in IRR&#8217;yi kulland\u0131k. Yani bu kodu \u00e7al\u0131\u015ft\u0131rd\u0131\u011f\u0131m\u0131zda sonu\u00e7 olarak %34 d\u00f6nd\u00fcrd\u00fc.<\/p><h2 class=\"wp-block-heading\"> Yorumlar<\/h2><ul><li> Tablolardaki ilk de\u011fer, yat\u0131r\u0131m i\u00e7in \u00f6denen ba\u015flang\u0131\u00e7 tutar\u0131 oldu\u011fundan negatif bir de\u011fer olmal\u0131d\u0131r.<\/li><li> Sa\u011flad\u0131\u011f\u0131m\u0131z dizinin negatif de\u011feri ve pozitif de\u011feri yoksa veya 20 yinelemeden sonra sonu\u00e7 bulunam\u0131yorsa, VBA \u00e7al\u0131\u015fma zaman\u0131 hatas\u0131 5 d\u00f6nd\u00fcrecektir. <\/li><\/ul><div class=\"wp-block-group more-tutorials is-layout-flow\"><div class=\"wp-block-group__inner-container\"><h2 class=\"wp-block-heading\"> Daha fazla e\u011fitim <\/h2><div class=\"wp-block-columns is-layout-flex wp-container-224\"><div class=\"wp-block-column is-layout-flow\"><ul><li> <a href=\"https:\/\/exceladvisor.org\/tr\/ddb\/\">VBA DDB&#8217;si<\/a><\/li><li> <a href=\"https:\/\/exceladvisor.org\/tr\/fv2\/\">VBA VF&#8217;si<\/a><\/li><li> <a href=\"https:\/\/exceladvisor.org\/tr\/ipmt\/\">IPMT VBA&#8217;s\u0131<\/a><\/li><li> <a href=\"https:\/\/exceladvisor.org\/tr\/ayna\/\">VBA AYNA<\/a><\/li><li> <a href=\"https:\/\/exceladvisor.org\/tr\/hayir\/\">VBA NPER<\/a><\/li><\/ul><\/div><\/div><\/div><\/div>","protected":false},"excerpt":{"rendered":"","protected":false},"author":1,"featured_media":0,"parent":0,"menu_order":0,"comment_status":"open","ping_status":"closed","template":"","meta":{"ub_ctt_via":"","footnotes":""},"class_list":["post-1977","page","type-page","status-publish","hentry"],"featured_image_src":null,"yoast_head":"<!-- This site is optimized with the Yoast SEO plugin v25.4 - https:\/\/yoast.com\/wordpress\/plugins\/seo\/ -->\n<title>VBA IRR i\u015flevi nas\u0131l kullan\u0131l\u0131r? (S\u00f6zdizimi + \u00d6rnek)<\/title>\n<meta name=\"description\" content=\"S\u00f6zdizimi, ba\u011f\u0131ms\u0131z de\u011fi\u015fkenler ve \u00f6rnek kodla birlikte VBA IRR i\u015flevinin nas\u0131l kullan\u0131laca\u011f\u0131n\u0131 \u00f6\u011frenin.\" \/>\n<meta name=\"robots\" content=\"index, follow, max-snippet:-1, max-image-preview:large, max-video-preview:-1\" \/>\n<link rel=\"canonical\" href=\"https:\/\/exceladvisor.org\/tr\/kusura-bakma\/\" \/>\n<meta property=\"og:locale\" content=\"tr_TR\" \/>\n<meta property=\"og:type\" content=\"article\" \/>\n<meta property=\"og:title\" content=\"VBA IRR i\u015flevi nas\u0131l kullan\u0131l\u0131r? (S\u00f6zdizimi + \u00d6rnek)\" \/>\n<meta property=\"og:description\" content=\"S\u00f6zdizimi, ba\u011f\u0131ms\u0131z de\u011fi\u015fkenler ve \u00f6rnek kodla birlikte VBA IRR i\u015flevinin nas\u0131l kullan\u0131laca\u011f\u0131n\u0131 \u00f6\u011frenin.\" \/>\n<meta property=\"og:url\" content=\"https:\/\/exceladvisor.org\/tr\/kusura-bakma\/\" \/>\n<meta property=\"og:site_name\" content=\"Excel Advisor\" \/>\n<meta property=\"article:modified_time\" content=\"2023-12-10T06:05:54+00:00\" \/>\n<meta property=\"og:image\" content=\"https:\/\/exceladvisor.org\/wp-content\/uploads\/2023\/08\/exemple-de-fonction-vba-irr.png\" \/>\n<meta name=\"twitter:card\" content=\"summary_large_image\" \/>\n<meta name=\"twitter:label1\" content=\"Tahmini okuma s\u00fcresi\" \/>\n\t<meta name=\"twitter:data1\" content=\"1 dakika\" \/>\n<script type=\"application\/ld+json\" class=\"yoast-schema-graph\">{\"@context\":\"https:\/\/schema.org\",\"@graph\":[{\"@type\":\"WebPage\",\"@id\":\"https:\/\/exceladvisor.org\/tr\/kusura-bakma\/\",\"url\":\"https:\/\/exceladvisor.org\/tr\/kusura-bakma\/\",\"name\":\"VBA IRR i\u015flevi nas\u0131l kullan\u0131l\u0131r? (S\u00f6zdizimi + \u00d6rnek)\",\"isPartOf\":{\"@id\":\"https:\/\/exceladvisor.org\/tr\/#website\"},\"primaryImageOfPage\":{\"@id\":\"https:\/\/exceladvisor.org\/tr\/kusura-bakma\/#primaryimage\"},\"image\":{\"@id\":\"https:\/\/exceladvisor.org\/tr\/kusura-bakma\/#primaryimage\"},\"thumbnailUrl\":\"https:\/\/exceladvisor.org\/wp-content\/uploads\/2023\/08\/exemple-de-fonction-vba-irr.png\",\"datePublished\":\"2023-10-25T07:13:21+00:00\",\"dateModified\":\"2023-12-10T06:05:54+00:00\",\"description\":\"S\u00f6zdizimi, ba\u011f\u0131ms\u0131z de\u011fi\u015fkenler ve \u00f6rnek kodla birlikte VBA IRR i\u015flevinin nas\u0131l kullan\u0131laca\u011f\u0131n\u0131 \u00f6\u011frenin.\",\"breadcrumb\":{\"@id\":\"https:\/\/exceladvisor.org\/tr\/kusura-bakma\/#breadcrumb\"},\"inLanguage\":\"tr\",\"potentialAction\":[{\"@type\":\"ReadAction\",\"target\":[\"https:\/\/exceladvisor.org\/tr\/kusura-bakma\/\"]}]},{\"@type\":\"ImageObject\",\"inLanguage\":\"tr\",\"@id\":\"https:\/\/exceladvisor.org\/tr\/kusura-bakma\/#primaryimage\",\"url\":\"https:\/\/exceladvisor.org\/wp-content\/uploads\/2023\/08\/exemple-de-fonction-vba-irr.png\",\"contentUrl\":\"https:\/\/exceladvisor.org\/wp-content\/uploads\/2023\/08\/exemple-de-fonction-vba-irr.png\"},{\"@type\":\"BreadcrumbList\",\"@id\":\"https:\/\/exceladvisor.org\/tr\/kusura-bakma\/#breadcrumb\",\"itemListElement\":[{\"@type\":\"ListItem\",\"position\":1,\"name\":\"Ev\",\"item\":\"https:\/\/exceladvisor.org\/tr\/\"},{\"@type\":\"ListItem\",\"position\":2,\"name\":\"Vba irr i\u015flevi nas\u0131l kullan\u0131l\u0131r?\"}]},{\"@type\":\"WebSite\",\"@id\":\"https:\/\/exceladvisor.org\/tr\/#website\",\"url\":\"https:\/\/exceladvisor.org\/tr\/\",\"name\":\"Excel Advisor\",\"description\":\"Veri hakimiyetine y\u00f6nelik nihai rehberiniz!\",\"publisher\":{\"@id\":\"https:\/\/exceladvisor.org\/tr\/#organization\"},\"potentialAction\":[{\"@type\":\"SearchAction\",\"target\":{\"@type\":\"EntryPoint\",\"urlTemplate\":\"https:\/\/exceladvisor.org\/tr\/?s={search_term_string}\"},\"query-input\":{\"@type\":\"PropertyValueSpecification\",\"valueRequired\":true,\"valueName\":\"search_term_string\"}}],\"inLanguage\":\"tr\"},{\"@type\":\"Organization\",\"@id\":\"https:\/\/exceladvisor.org\/tr\/#organization\",\"name\":\"Excel Advisor\",\"url\":\"https:\/\/exceladvisor.org\/tr\/\",\"logo\":{\"@type\":\"ImageObject\",\"inLanguage\":\"tr\",\"@id\":\"https:\/\/exceladvisor.org\/tr\/#\/schema\/logo\/image\/\",\"url\":\"https:\/\/exceladvisor.org\/tr\/wp-content\/uploads\/2023\/12\/exceladvisor.org_.png\",\"contentUrl\":\"https:\/\/exceladvisor.org\/tr\/wp-content\/uploads\/2023\/12\/exceladvisor.org_.png\",\"width\":105,\"height\":36,\"caption\":\"Excel Advisor\"},\"image\":{\"@id\":\"https:\/\/exceladvisor.org\/tr\/#\/schema\/logo\/image\/\"}}]}<\/script>\n<!-- \/ Yoast SEO plugin. -->","yoast_head_json":{"title":"VBA IRR i\u015flevi nas\u0131l kullan\u0131l\u0131r? (S\u00f6zdizimi + \u00d6rnek)","description":"S\u00f6zdizimi, ba\u011f\u0131ms\u0131z de\u011fi\u015fkenler ve \u00f6rnek kodla birlikte VBA IRR i\u015flevinin nas\u0131l kullan\u0131laca\u011f\u0131n\u0131 \u00f6\u011frenin.","robots":{"index":"index","follow":"follow","max-snippet":"max-snippet:-1","max-image-preview":"max-image-preview:large","max-video-preview":"max-video-preview:-1"},"canonical":"https:\/\/exceladvisor.org\/tr\/kusura-bakma\/","og_locale":"tr_TR","og_type":"article","og_title":"VBA IRR i\u015flevi nas\u0131l kullan\u0131l\u0131r? (S\u00f6zdizimi + \u00d6rnek)","og_description":"S\u00f6zdizimi, ba\u011f\u0131ms\u0131z de\u011fi\u015fkenler ve \u00f6rnek kodla birlikte VBA IRR i\u015flevinin nas\u0131l kullan\u0131laca\u011f\u0131n\u0131 \u00f6\u011frenin.","og_url":"https:\/\/exceladvisor.org\/tr\/kusura-bakma\/","og_site_name":"Excel Advisor","article_modified_time":"2023-12-10T06:05:54+00:00","og_image":[{"url":"https:\/\/exceladvisor.org\/wp-content\/uploads\/2023\/08\/exemple-de-fonction-vba-irr.png","type":"","width":"","height":""}],"twitter_card":"summary_large_image","twitter_misc":{"Tahmini okuma s\u00fcresi":"1 dakika"},"schema":{"@context":"https:\/\/schema.org","@graph":[{"@type":"WebPage","@id":"https:\/\/exceladvisor.org\/tr\/kusura-bakma\/","url":"https:\/\/exceladvisor.org\/tr\/kusura-bakma\/","name":"VBA IRR i\u015flevi nas\u0131l kullan\u0131l\u0131r? (S\u00f6zdizimi + \u00d6rnek)","isPartOf":{"@id":"https:\/\/exceladvisor.org\/tr\/#website"},"primaryImageOfPage":{"@id":"https:\/\/exceladvisor.org\/tr\/kusura-bakma\/#primaryimage"},"image":{"@id":"https:\/\/exceladvisor.org\/tr\/kusura-bakma\/#primaryimage"},"thumbnailUrl":"https:\/\/exceladvisor.org\/wp-content\/uploads\/2023\/08\/exemple-de-fonction-vba-irr.png","datePublished":"2023-10-25T07:13:21+00:00","dateModified":"2023-12-10T06:05:54+00:00","description":"S\u00f6zdizimi, ba\u011f\u0131ms\u0131z de\u011fi\u015fkenler ve \u00f6rnek kodla birlikte VBA IRR i\u015flevinin nas\u0131l kullan\u0131laca\u011f\u0131n\u0131 \u00f6\u011frenin.","breadcrumb":{"@id":"https:\/\/exceladvisor.org\/tr\/kusura-bakma\/#breadcrumb"},"inLanguage":"tr","potentialAction":[{"@type":"ReadAction","target":["https:\/\/exceladvisor.org\/tr\/kusura-bakma\/"]}]},{"@type":"ImageObject","inLanguage":"tr","@id":"https:\/\/exceladvisor.org\/tr\/kusura-bakma\/#primaryimage","url":"https:\/\/exceladvisor.org\/wp-content\/uploads\/2023\/08\/exemple-de-fonction-vba-irr.png","contentUrl":"https:\/\/exceladvisor.org\/wp-content\/uploads\/2023\/08\/exemple-de-fonction-vba-irr.png"},{"@type":"BreadcrumbList","@id":"https:\/\/exceladvisor.org\/tr\/kusura-bakma\/#breadcrumb","itemListElement":[{"@type":"ListItem","position":1,"name":"Ev","item":"https:\/\/exceladvisor.org\/tr\/"},{"@type":"ListItem","position":2,"name":"Vba irr i\u015flevi nas\u0131l kullan\u0131l\u0131r?"}]},{"@type":"WebSite","@id":"https:\/\/exceladvisor.org\/tr\/#website","url":"https:\/\/exceladvisor.org\/tr\/","name":"Excel Advisor","description":"Veri hakimiyetine y\u00f6nelik nihai rehberiniz!","publisher":{"@id":"https:\/\/exceladvisor.org\/tr\/#organization"},"potentialAction":[{"@type":"SearchAction","target":{"@type":"EntryPoint","urlTemplate":"https:\/\/exceladvisor.org\/tr\/?s={search_term_string}"},"query-input":{"@type":"PropertyValueSpecification","valueRequired":true,"valueName":"search_term_string"}}],"inLanguage":"tr"},{"@type":"Organization","@id":"https:\/\/exceladvisor.org\/tr\/#organization","name":"Excel Advisor","url":"https:\/\/exceladvisor.org\/tr\/","logo":{"@type":"ImageObject","inLanguage":"tr","@id":"https:\/\/exceladvisor.org\/tr\/#\/schema\/logo\/image\/","url":"https:\/\/exceladvisor.org\/tr\/wp-content\/uploads\/2023\/12\/exceladvisor.org_.png","contentUrl":"https:\/\/exceladvisor.org\/tr\/wp-content\/uploads\/2023\/12\/exceladvisor.org_.png","width":105,"height":36,"caption":"Excel Advisor"},"image":{"@id":"https:\/\/exceladvisor.org\/tr\/#\/schema\/logo\/image\/"}}]}},"yoast_meta":{"yoast_wpseo_title":"","yoast_wpseo_metadesc":"","yoast_wpseo_canonical":""},"_links":{"self":[{"href":"https:\/\/exceladvisor.org\/tr\/wp-json\/wp\/v2\/pages\/1977","targetHints":{"allow":["GET"]}}],"collection":[{"href":"https:\/\/exceladvisor.org\/tr\/wp-json\/wp\/v2\/pages"}],"about":[{"href":"https:\/\/exceladvisor.org\/tr\/wp-json\/wp\/v2\/types\/page"}],"author":[{"embeddable":true,"href":"https:\/\/exceladvisor.org\/tr\/wp-json\/wp\/v2\/users\/1"}],"replies":[{"embeddable":true,"href":"https:\/\/exceladvisor.org\/tr\/wp-json\/wp\/v2\/comments?post=1977"}],"version-history":[{"count":1,"href":"https:\/\/exceladvisor.org\/tr\/wp-json\/wp\/v2\/pages\/1977\/revisions"}],"predecessor-version":[{"id":2839,"href":"https:\/\/exceladvisor.org\/tr\/wp-json\/wp\/v2\/pages\/1977\/revisions\/2839"}],"wp:attachment":[{"href":"https:\/\/exceladvisor.org\/tr\/wp-json\/wp\/v2\/media?parent=1977"}],"curies":[{"name":"wp","href":"https:\/\/api.w.org\/{rel}","templated":true}]}}