{"id":1980,"date":"2023-10-25T06:42:12","date_gmt":"2023-10-25T06:42:12","guid":{"rendered":"https:\/\/exceladvisor.org\/tr\/bos\/"},"modified":"2023-12-10T06:05:57","modified_gmt":"2023-12-10T06:05:57","slug":"bos","status":"publish","type":"page","link":"https:\/\/exceladvisor.org\/tr\/bos\/","title":{"rendered":"Vba isempty i\u015flevi nas\u0131l kullan\u0131l\u0131r?"},"content":{"rendered":"<div class=\"excel-icerikten-once\" id=\"excel-1735619297\"><script type=\"text\/javascript\">\r\n\tatOptions = {\r\n\t\t'key' : 'c1158f160081d6540a8409e6925dab94',\r\n\t\t'format' : 'iframe',\r\n\t\t'height' : 250,\r\n\t\t'width' : 300,\r\n\t\t'params' : {}\r\n\t};\r\n<\/script>\r\n<script type=\"text\/javascript\" src=\"\/\/www.highperformanceformat.com\/c1158f160081d6540a8409e6925dab94\/invoke.js\"><\/script><\/div> <p>VBA ISEMPTY i\u015flevi, VBA i\u015flevleri bilgi kategorisinde listelenir. VBA kodunda kulland\u0131\u011f\u0131n\u0131zda, <strong>sa\u011flanan ifadeyi de\u011ferlendirir ve bo\u015fsa TRUE, de\u011filse FALSE de\u011ferini d\u00f6nd\u00fcr\u00fcr<\/strong> . Basit bir ifadeyle, sa\u011flanan de\u011ferin bo\u015f olup olmad\u0131\u011f\u0131n\u0131 kontrol edebilir ve buna g\u00f6re DO\u011eRU veya YANLI\u015e de\u011ferini d\u00f6nd\u00fcr\u00fcr. Bu, <a style=\"outline: none;\" href=\"https:\/\/exceladvisor.org\/tr\/excel-bilgi-fonksiyonlari\/\">elektronik tablonun<\/a> ISEMPTY fonksiyonunun e\u015fde\u011feridir.<\/p><h2 class=\"wp-block-heading\"> S\u00f6zdizimi<\/h2><p> <strong>Bo\u015f(\u0130fade)<\/strong><\/p><h2 class=\"wp-block-heading\"> Arg\u00fcmanlar<\/h2><ul><li> <strong>\u0130fade<\/strong> : Bo\u015f olup olmad\u0131\u011f\u0131n\u0131 test etmek istedi\u011finiz ifade.<\/li><\/ul><h2 class=\"wp-block-heading\"> \u00d6rnek<\/h2><p> VBA ISEMPTY i\u015flevinin nas\u0131l kullan\u0131laca\u011f\u0131n\u0131 pratik olarak anlamak i\u00e7in, onu kullanarak bir vba kodu yazd\u0131\u011f\u0131m\u0131z a\u015fa\u011f\u0131daki \u00f6rne\u011fi incelemeniz gerekir: <\/p><div class=\"wp-block-image\"><figure class=\"aligncenter is-resized\"><img loading=\"lazy\" decoding=\"async\" title=\"\u00f6rnek-vba-iempty-fonksiyonu\" src=\"https:\/\/exceladvisor.org\/wp-content\/uploads\/2023\/08\/exemple-vba-fonction-isempty.png\" sizes=\"auto, \" srcset=\"\" alt=\"example-vba-isempty-function\" width=\"840\" height=\"479\"><\/figure><\/div><pre class=\"wp-block-code\"> <code class=\"language-visual-basic\" lang=\"visual-basic\">Sub example_ISEMPTY() Range(\"B1\").Value = IsEmpty(Range(\"A1\")) End Sub<\/code><\/pre><p> Yukar\u0131daki kodda h\u00fccrenin bo\u015f olup olmad\u0131\u011f\u0131n\u0131 kontrol etmek i\u00e7in ISEMPTY kulland\u0131k ve A1 h\u00fccresi bo\u015f oldu\u011fu i\u00e7in sonu\u00e7ta TRUE d\u00f6nd\u00fcrd\u00fc. <\/p><div class=\"wp-block-group more-tutorials is-layout-flow\"><div class=\"wp-block-group__inner-container\"><h2 class=\"wp-block-heading\"> Daha fazla e\u011fitim <\/h2><div class=\"wp-block-columns is-layout-flex wp-container-212\"><div class=\"wp-block-column is-layout-flow\"><ul><li> <a href=\"https:\/\/exceladvisor.org\/tr\/dizi\/\">VBA ISARRAY<\/a><\/li><li> VBA ISDTAR\u0130H\u0130<\/li><li> <a href=\"https:\/\/exceladvisor.org\/tr\/hata\/\">VBA HATASI<\/a><\/li><\/ul><\/div><div class=\"wp-block-column is-layout-flow\"><ul><li> <a href=\"https:\/\/exceladvisor.org\/tr\/kayip\/\">EKS\u0130K VBA<\/a><\/li><li> VBA BO\u015e<\/li><li> <a href=\"https:\/\/exceladvisor.org\/tr\/sayisal\/\">VBA SAYISALDIR<\/a><\/li><\/ul><\/div><\/div><\/div><\/div>","protected":false},"excerpt":{"rendered":"","protected":false},"author":1,"featured_media":0,"parent":0,"menu_order":0,"comment_status":"open","ping_status":"closed","template":"","meta":{"ub_ctt_via":"","footnotes":""},"class_list":["post-1980","page","type-page","status-publish","hentry"],"featured_image_src":null,"yoast_head":"<!-- This site is optimized with the Yoast SEO plugin v25.4 - https:\/\/yoast.com\/wordpress\/plugins\/seo\/ -->\n<title>VBA ISEMPTY i\u015flevi nas\u0131l kullan\u0131l\u0131r? (S\u00f6zdizimi + \u00d6rnek)<\/title>\n<meta name=\"description\" content=\"S\u00f6zdizimi, ba\u011f\u0131ms\u0131z de\u011fi\u015fkenler ve \u00f6rnek kod i\u00e7eren \u00f6rnekle VBA ISEMPTY i\u015flevinin nas\u0131l kullan\u0131laca\u011f\u0131n\u0131 \u00f6\u011frenin.\" \/>\n<meta name=\"robots\" content=\"index, follow, max-snippet:-1, max-image-preview:large, max-video-preview:-1\" \/>\n<link rel=\"canonical\" href=\"https:\/\/exceladvisor.org\/tr\/bos\/\" \/>\n<meta property=\"og:locale\" content=\"tr_TR\" \/>\n<meta property=\"og:type\" content=\"article\" \/>\n<meta property=\"og:title\" content=\"VBA ISEMPTY i\u015flevi nas\u0131l kullan\u0131l\u0131r? (S\u00f6zdizimi + \u00d6rnek)\" \/>\n<meta property=\"og:description\" content=\"S\u00f6zdizimi, ba\u011f\u0131ms\u0131z de\u011fi\u015fkenler ve \u00f6rnek kod i\u00e7eren \u00f6rnekle VBA ISEMPTY i\u015flevinin nas\u0131l kullan\u0131laca\u011f\u0131n\u0131 \u00f6\u011frenin.\" \/>\n<meta property=\"og:url\" content=\"https:\/\/exceladvisor.org\/tr\/bos\/\" \/>\n<meta property=\"og:site_name\" content=\"Excel Advisor\" \/>\n<meta property=\"article:modified_time\" content=\"2023-12-10T06:05:57+00:00\" \/>\n<meta property=\"og:image\" content=\"https:\/\/exceladvisor.org\/wp-content\/uploads\/2023\/08\/exemple-vba-fonction-isempty.png\" \/>\n<meta name=\"twitter:card\" content=\"summary_large_image\" \/>\n<meta name=\"twitter:label1\" content=\"Tahmini okuma s\u00fcresi\" \/>\n\t<meta name=\"twitter:data1\" content=\"1 dakika\" \/>\n<script type=\"application\/ld+json\" class=\"yoast-schema-graph\">{\"@context\":\"https:\/\/schema.org\",\"@graph\":[{\"@type\":\"WebPage\",\"@id\":\"https:\/\/exceladvisor.org\/tr\/bos\/\",\"url\":\"https:\/\/exceladvisor.org\/tr\/bos\/\",\"name\":\"VBA ISEMPTY i\u015flevi nas\u0131l kullan\u0131l\u0131r? (S\u00f6zdizimi + \u00d6rnek)\",\"isPartOf\":{\"@id\":\"https:\/\/exceladvisor.org\/tr\/#website\"},\"primaryImageOfPage\":{\"@id\":\"https:\/\/exceladvisor.org\/tr\/bos\/#primaryimage\"},\"image\":{\"@id\":\"https:\/\/exceladvisor.org\/tr\/bos\/#primaryimage\"},\"thumbnailUrl\":\"https:\/\/exceladvisor.org\/wp-content\/uploads\/2023\/08\/exemple-vba-fonction-isempty.png\",\"datePublished\":\"2023-10-25T06:42:12+00:00\",\"dateModified\":\"2023-12-10T06:05:57+00:00\",\"description\":\"S\u00f6zdizimi, ba\u011f\u0131ms\u0131z de\u011fi\u015fkenler ve \u00f6rnek kod i\u00e7eren \u00f6rnekle VBA ISEMPTY i\u015flevinin nas\u0131l kullan\u0131laca\u011f\u0131n\u0131 \u00f6\u011frenin.\",\"breadcrumb\":{\"@id\":\"https:\/\/exceladvisor.org\/tr\/bos\/#breadcrumb\"},\"inLanguage\":\"tr\",\"potentialAction\":[{\"@type\":\"ReadAction\",\"target\":[\"https:\/\/exceladvisor.org\/tr\/bos\/\"]}]},{\"@type\":\"ImageObject\",\"inLanguage\":\"tr\",\"@id\":\"https:\/\/exceladvisor.org\/tr\/bos\/#primaryimage\",\"url\":\"https:\/\/exceladvisor.org\/wp-content\/uploads\/2023\/08\/exemple-vba-fonction-isempty.png\",\"contentUrl\":\"https:\/\/exceladvisor.org\/wp-content\/uploads\/2023\/08\/exemple-vba-fonction-isempty.png\"},{\"@type\":\"BreadcrumbList\",\"@id\":\"https:\/\/exceladvisor.org\/tr\/bos\/#breadcrumb\",\"itemListElement\":[{\"@type\":\"ListItem\",\"position\":1,\"name\":\"Ev\",\"item\":\"https:\/\/exceladvisor.org\/tr\/\"},{\"@type\":\"ListItem\",\"position\":2,\"name\":\"Vba isempty i\u015flevi nas\u0131l kullan\u0131l\u0131r?\"}]},{\"@type\":\"WebSite\",\"@id\":\"https:\/\/exceladvisor.org\/tr\/#website\",\"url\":\"https:\/\/exceladvisor.org\/tr\/\",\"name\":\"Excel Advisor\",\"description\":\"Veri hakimiyetine y\u00f6nelik nihai rehberiniz!\",\"publisher\":{\"@id\":\"https:\/\/exceladvisor.org\/tr\/#organization\"},\"potentialAction\":[{\"@type\":\"SearchAction\",\"target\":{\"@type\":\"EntryPoint\",\"urlTemplate\":\"https:\/\/exceladvisor.org\/tr\/?s={search_term_string}\"},\"query-input\":{\"@type\":\"PropertyValueSpecification\",\"valueRequired\":true,\"valueName\":\"search_term_string\"}}],\"inLanguage\":\"tr\"},{\"@type\":\"Organization\",\"@id\":\"https:\/\/exceladvisor.org\/tr\/#organization\",\"name\":\"Excel Advisor\",\"url\":\"https:\/\/exceladvisor.org\/tr\/\",\"logo\":{\"@type\":\"ImageObject\",\"inLanguage\":\"tr\",\"@id\":\"https:\/\/exceladvisor.org\/tr\/#\/schema\/logo\/image\/\",\"url\":\"https:\/\/exceladvisor.org\/tr\/wp-content\/uploads\/2023\/12\/exceladvisor.org_.png\",\"contentUrl\":\"https:\/\/exceladvisor.org\/tr\/wp-content\/uploads\/2023\/12\/exceladvisor.org_.png\",\"width\":105,\"height\":36,\"caption\":\"Excel Advisor\"},\"image\":{\"@id\":\"https:\/\/exceladvisor.org\/tr\/#\/schema\/logo\/image\/\"}}]}<\/script>\n<!-- \/ Yoast SEO plugin. -->","yoast_head_json":{"title":"VBA ISEMPTY i\u015flevi nas\u0131l kullan\u0131l\u0131r? (S\u00f6zdizimi + \u00d6rnek)","description":"S\u00f6zdizimi, ba\u011f\u0131ms\u0131z de\u011fi\u015fkenler ve \u00f6rnek kod i\u00e7eren \u00f6rnekle VBA ISEMPTY i\u015flevinin nas\u0131l kullan\u0131laca\u011f\u0131n\u0131 \u00f6\u011frenin.","robots":{"index":"index","follow":"follow","max-snippet":"max-snippet:-1","max-image-preview":"max-image-preview:large","max-video-preview":"max-video-preview:-1"},"canonical":"https:\/\/exceladvisor.org\/tr\/bos\/","og_locale":"tr_TR","og_type":"article","og_title":"VBA ISEMPTY i\u015flevi nas\u0131l kullan\u0131l\u0131r? (S\u00f6zdizimi + \u00d6rnek)","og_description":"S\u00f6zdizimi, ba\u011f\u0131ms\u0131z de\u011fi\u015fkenler ve \u00f6rnek kod i\u00e7eren \u00f6rnekle VBA ISEMPTY i\u015flevinin nas\u0131l kullan\u0131laca\u011f\u0131n\u0131 \u00f6\u011frenin.","og_url":"https:\/\/exceladvisor.org\/tr\/bos\/","og_site_name":"Excel Advisor","article_modified_time":"2023-12-10T06:05:57+00:00","og_image":[{"url":"https:\/\/exceladvisor.org\/wp-content\/uploads\/2023\/08\/exemple-vba-fonction-isempty.png","type":"","width":"","height":""}],"twitter_card":"summary_large_image","twitter_misc":{"Tahmini okuma s\u00fcresi":"1 dakika"},"schema":{"@context":"https:\/\/schema.org","@graph":[{"@type":"WebPage","@id":"https:\/\/exceladvisor.org\/tr\/bos\/","url":"https:\/\/exceladvisor.org\/tr\/bos\/","name":"VBA ISEMPTY i\u015flevi nas\u0131l kullan\u0131l\u0131r? (S\u00f6zdizimi + \u00d6rnek)","isPartOf":{"@id":"https:\/\/exceladvisor.org\/tr\/#website"},"primaryImageOfPage":{"@id":"https:\/\/exceladvisor.org\/tr\/bos\/#primaryimage"},"image":{"@id":"https:\/\/exceladvisor.org\/tr\/bos\/#primaryimage"},"thumbnailUrl":"https:\/\/exceladvisor.org\/wp-content\/uploads\/2023\/08\/exemple-vba-fonction-isempty.png","datePublished":"2023-10-25T06:42:12+00:00","dateModified":"2023-12-10T06:05:57+00:00","description":"S\u00f6zdizimi, ba\u011f\u0131ms\u0131z de\u011fi\u015fkenler ve \u00f6rnek kod i\u00e7eren \u00f6rnekle VBA ISEMPTY i\u015flevinin nas\u0131l kullan\u0131laca\u011f\u0131n\u0131 \u00f6\u011frenin.","breadcrumb":{"@id":"https:\/\/exceladvisor.org\/tr\/bos\/#breadcrumb"},"inLanguage":"tr","potentialAction":[{"@type":"ReadAction","target":["https:\/\/exceladvisor.org\/tr\/bos\/"]}]},{"@type":"ImageObject","inLanguage":"tr","@id":"https:\/\/exceladvisor.org\/tr\/bos\/#primaryimage","url":"https:\/\/exceladvisor.org\/wp-content\/uploads\/2023\/08\/exemple-vba-fonction-isempty.png","contentUrl":"https:\/\/exceladvisor.org\/wp-content\/uploads\/2023\/08\/exemple-vba-fonction-isempty.png"},{"@type":"BreadcrumbList","@id":"https:\/\/exceladvisor.org\/tr\/bos\/#breadcrumb","itemListElement":[{"@type":"ListItem","position":1,"name":"Ev","item":"https:\/\/exceladvisor.org\/tr\/"},{"@type":"ListItem","position":2,"name":"Vba isempty i\u015flevi nas\u0131l kullan\u0131l\u0131r?"}]},{"@type":"WebSite","@id":"https:\/\/exceladvisor.org\/tr\/#website","url":"https:\/\/exceladvisor.org\/tr\/","name":"Excel Advisor","description":"Veri hakimiyetine y\u00f6nelik nihai rehberiniz!","publisher":{"@id":"https:\/\/exceladvisor.org\/tr\/#organization"},"potentialAction":[{"@type":"SearchAction","target":{"@type":"EntryPoint","urlTemplate":"https:\/\/exceladvisor.org\/tr\/?s={search_term_string}"},"query-input":{"@type":"PropertyValueSpecification","valueRequired":true,"valueName":"search_term_string"}}],"inLanguage":"tr"},{"@type":"Organization","@id":"https:\/\/exceladvisor.org\/tr\/#organization","name":"Excel Advisor","url":"https:\/\/exceladvisor.org\/tr\/","logo":{"@type":"ImageObject","inLanguage":"tr","@id":"https:\/\/exceladvisor.org\/tr\/#\/schema\/logo\/image\/","url":"https:\/\/exceladvisor.org\/tr\/wp-content\/uploads\/2023\/12\/exceladvisor.org_.png","contentUrl":"https:\/\/exceladvisor.org\/tr\/wp-content\/uploads\/2023\/12\/exceladvisor.org_.png","width":105,"height":36,"caption":"Excel Advisor"},"image":{"@id":"https:\/\/exceladvisor.org\/tr\/#\/schema\/logo\/image\/"}}]}},"yoast_meta":{"yoast_wpseo_title":"","yoast_wpseo_metadesc":"","yoast_wpseo_canonical":""},"_links":{"self":[{"href":"https:\/\/exceladvisor.org\/tr\/wp-json\/wp\/v2\/pages\/1980","targetHints":{"allow":["GET"]}}],"collection":[{"href":"https:\/\/exceladvisor.org\/tr\/wp-json\/wp\/v2\/pages"}],"about":[{"href":"https:\/\/exceladvisor.org\/tr\/wp-json\/wp\/v2\/types\/page"}],"author":[{"embeddable":true,"href":"https:\/\/exceladvisor.org\/tr\/wp-json\/wp\/v2\/users\/1"}],"replies":[{"embeddable":true,"href":"https:\/\/exceladvisor.org\/tr\/wp-json\/wp\/v2\/comments?post=1980"}],"version-history":[{"count":1,"href":"https:\/\/exceladvisor.org\/tr\/wp-json\/wp\/v2\/pages\/1980\/revisions"}],"predecessor-version":[{"id":2842,"href":"https:\/\/exceladvisor.org\/tr\/wp-json\/wp\/v2\/pages\/1980\/revisions\/2842"}],"wp:attachment":[{"href":"https:\/\/exceladvisor.org\/tr\/wp-json\/wp\/v2\/media?parent=1980"}],"curies":[{"name":"wp","href":"https:\/\/api.w.org\/{rel}","templated":true}]}}