{"id":1993,"date":"2023-10-25T04:05:56","date_gmt":"2023-10-25T04:05:56","guid":{"rendered":"https:\/\/exceladvisor.org\/tr\/oglen\/"},"modified":"2023-12-10T06:06:39","modified_gmt":"2023-12-10T06:06:39","slug":"oglen","status":"publish","type":"page","link":"https:\/\/exceladvisor.org\/tr\/oglen\/","title":{"rendered":"Vba mid i\u015flevi nas\u0131l kullan\u0131l\u0131r?"},"content":{"rendered":"<div class=\"excel-icerikten-once\" id=\"excel-965002180\"><script type=\"text\/javascript\">\r\n\tatOptions = {\r\n\t\t'key' : 'c1158f160081d6540a8409e6925dab94',\r\n\t\t'format' : 'iframe',\r\n\t\t'height' : 250,\r\n\t\t'width' : 300,\r\n\t\t'params' : {}\r\n\t};\r\n<\/script>\r\n<script type=\"text\/javascript\" src=\"\/\/www.highperformanceformat.com\/c1158f160081d6540a8409e6925dab94\/invoke.js\"><\/script><\/div> <p>VBA MID i\u015flevi, VBA i\u015flevleri metin kategorisinde listelenir. Bunu VBA kodunda kulland\u0131\u011f\u0131n\u0131zda, ba\u015flang\u0131\u00e7 konumunu ve \u00e7\u0131kar\u0131lacak karakter say\u0131s\u0131n\u0131 kullanarak <strong>bir dizeden bir alt dize alabilir<\/strong> . Basit\u00e7e s\u00f6ylemek gerekirse, bir ba\u015flang\u0131\u00e7 konumunu kullanarak ve bir sonraki \u00e7\u0131kar\u0131lacak karakter say\u0131s\u0131n\u0131 ayarlayarak bir dizeden belirli karakterleri \u00e7\u0131kar\u0131rs\u0131n\u0131z.<\/p><h2 class=\"wp-block-heading\"> S\u00f6zdizimi<\/h2><p> <strong>Orta(Kuvvet, Ba\u015flang\u0131\u00e7, [Uzunluk])<\/strong><\/p><h2 class=\"wp-block-heading\"> Arg\u00fcmanlar<\/h2><ul><li> <strong>Str<\/strong> : Bir alt dizeyi \u00e7\u0131karmak istedi\u011finiz dize.<\/li><li> <strong>Start<\/strong> : Dizedeki alt dizenin ba\u015flang\u0131\u00e7 konumu.<\/li><li> <strong>[Uzunluk]<\/strong> : Alt dizenin uzunlu\u011fu (Bu iste\u011fe ba\u011fl\u0131 bir ba\u011f\u0131ms\u0131z de\u011fi\u015fkendir ve atlan\u0131rsa, VBA varsay\u0131lan olarak dizenin ba\u015f\u0131ndan sonuna kadar t\u00fcm karakterleri \u00e7\u0131kar\u0131r).<\/li><\/ul><h2 class=\"wp-block-heading\"> \u00d6rnek<\/h2><p> VBA MID i\u015flevinin nas\u0131l kullan\u0131laca\u011f\u0131n\u0131 pratik olarak anlamak i\u00e7in, onu kullanarak bir vba kodu yazd\u0131\u011f\u0131m\u0131z a\u015fa\u011f\u0131daki \u00f6rne\u011fi incelemeniz gerekir: <\/p><div class=\"wp-block-image\"><figure class=\"aligncenter is-resized\"><img loading=\"lazy\" decoding=\"async\" title=\"\u00f6rnek-vba-orta-i\u015flev\" src=\"https:\/\/exceladvisor.org\/wp-content\/uploads\/2023\/08\/exemple-de-fonction-vba-mid.png\" sizes=\"auto, \" srcset=\"\" alt=\"example-vba-mid-function\" width=\"839\" height=\"437\"><\/figure><\/div><pre class=\"wp-block-code\"> <code class=\"language-visual-basic\" lang=\"visual-basic\">Sub example_MID() Range(\"B1\").Value = Mid(Range(\"A1\"), 7, 6) End Sub<\/code><\/pre><p> Yukar\u0131daki kodda A1 h\u00fccresindeki de\u011ferden string almak i\u00e7in MID kulland\u0131k ve fonksiyonda ba\u015flang\u0131\u00e7 noktas\u0131 7&#8217;den ve elde edilecek toplam 6 karakterden bahsetmi\u015ftik.<\/p><h2 class=\"wp-block-heading\"> Yorumlar<\/h2><ul><li> Sa\u011flanan dize NULL ise sonu\u00e7ta NULL de\u011ferini d\u00f6nd\u00fcr\u00fcr. <\/li><\/ul><div class=\"wp-block-group more-tutorials is-layout-flow\"><div class=\"wp-block-group__inner-container\"><h2 class=\"wp-block-heading\"> Daha fazla e\u011fitim <\/h2><div class=\"wp-block-columns is-layout-flex wp-container-168\"><div class=\"wp-block-column is-layout-flow\"><ul><li> <a href=\"https:\/\/exceladvisor.org\/tr\/sag\/\">SA\u011e VBA<\/a><\/li><li> <a href=\"https:\/\/exceladvisor.org\/tr\/rtrim\/\">VBA RTRIM<\/a><\/li><li> <a href=\"https:\/\/exceladvisor.org\/tr\/uzay\/\">VBA ALANI<\/a><\/li><li> <a href=\"https:\/\/exceladvisor.org\/tr\/strcomp\/\">VBA STRCOMP&#8217;u<\/a><\/li><li> <a href=\"https:\/\/exceladvisor.org\/tr\/strconv\/\">VBA STRCONV<\/a><\/li><\/ul><\/div><\/div><\/div><\/div>","protected":false},"excerpt":{"rendered":"","protected":false},"author":1,"featured_media":0,"parent":0,"menu_order":0,"comment_status":"open","ping_status":"closed","template":"","meta":{"ub_ctt_via":"","footnotes":""},"class_list":["post-1993","page","type-page","status-publish","hentry"],"featured_image_src":null,"yoast_head":"<!-- This site is optimized with the Yoast SEO plugin v25.4 - https:\/\/yoast.com\/wordpress\/plugins\/seo\/ -->\n<title>VBA MID i\u015flevi nas\u0131l kullan\u0131l\u0131r? (S\u00f6zdizimi + \u00d6rnek)<\/title>\n<meta name=\"description\" content=\"S\u00f6zdizimi, ba\u011f\u0131ms\u0131z de\u011fi\u015fkenler ve \u00f6rnek kod i\u00e7eren \u00f6rnekle VBA MID i\u015flevinin nas\u0131l kullan\u0131laca\u011f\u0131n\u0131 \u00f6\u011frenin.\" \/>\n<meta name=\"robots\" content=\"index, follow, max-snippet:-1, max-image-preview:large, max-video-preview:-1\" \/>\n<link rel=\"canonical\" href=\"https:\/\/exceladvisor.org\/tr\/oglen\/\" \/>\n<meta property=\"og:locale\" content=\"tr_TR\" \/>\n<meta property=\"og:type\" content=\"article\" \/>\n<meta property=\"og:title\" content=\"VBA MID i\u015flevi nas\u0131l kullan\u0131l\u0131r? (S\u00f6zdizimi + \u00d6rnek)\" \/>\n<meta property=\"og:description\" content=\"S\u00f6zdizimi, ba\u011f\u0131ms\u0131z de\u011fi\u015fkenler ve \u00f6rnek kod i\u00e7eren \u00f6rnekle VBA MID i\u015flevinin nas\u0131l kullan\u0131laca\u011f\u0131n\u0131 \u00f6\u011frenin.\" \/>\n<meta property=\"og:url\" content=\"https:\/\/exceladvisor.org\/tr\/oglen\/\" \/>\n<meta property=\"og:site_name\" content=\"Excel Advisor\" \/>\n<meta property=\"article:modified_time\" content=\"2023-12-10T06:06:39+00:00\" \/>\n<meta property=\"og:image\" content=\"https:\/\/exceladvisor.org\/wp-content\/uploads\/2023\/08\/exemple-de-fonction-vba-mid.png\" \/>\n<meta name=\"twitter:card\" content=\"summary_large_image\" \/>\n<meta name=\"twitter:label1\" content=\"Tahmini okuma s\u00fcresi\" \/>\n\t<meta name=\"twitter:data1\" content=\"1 dakika\" \/>\n<script type=\"application\/ld+json\" class=\"yoast-schema-graph\">{\"@context\":\"https:\/\/schema.org\",\"@graph\":[{\"@type\":\"WebPage\",\"@id\":\"https:\/\/exceladvisor.org\/tr\/oglen\/\",\"url\":\"https:\/\/exceladvisor.org\/tr\/oglen\/\",\"name\":\"VBA MID i\u015flevi nas\u0131l kullan\u0131l\u0131r? (S\u00f6zdizimi + \u00d6rnek)\",\"isPartOf\":{\"@id\":\"https:\/\/exceladvisor.org\/tr\/#website\"},\"primaryImageOfPage\":{\"@id\":\"https:\/\/exceladvisor.org\/tr\/oglen\/#primaryimage\"},\"image\":{\"@id\":\"https:\/\/exceladvisor.org\/tr\/oglen\/#primaryimage\"},\"thumbnailUrl\":\"https:\/\/exceladvisor.org\/wp-content\/uploads\/2023\/08\/exemple-de-fonction-vba-mid.png\",\"datePublished\":\"2023-10-25T04:05:56+00:00\",\"dateModified\":\"2023-12-10T06:06:39+00:00\",\"description\":\"S\u00f6zdizimi, ba\u011f\u0131ms\u0131z de\u011fi\u015fkenler ve \u00f6rnek kod i\u00e7eren \u00f6rnekle VBA MID i\u015flevinin nas\u0131l kullan\u0131laca\u011f\u0131n\u0131 \u00f6\u011frenin.\",\"breadcrumb\":{\"@id\":\"https:\/\/exceladvisor.org\/tr\/oglen\/#breadcrumb\"},\"inLanguage\":\"tr\",\"potentialAction\":[{\"@type\":\"ReadAction\",\"target\":[\"https:\/\/exceladvisor.org\/tr\/oglen\/\"]}]},{\"@type\":\"ImageObject\",\"inLanguage\":\"tr\",\"@id\":\"https:\/\/exceladvisor.org\/tr\/oglen\/#primaryimage\",\"url\":\"https:\/\/exceladvisor.org\/wp-content\/uploads\/2023\/08\/exemple-de-fonction-vba-mid.png\",\"contentUrl\":\"https:\/\/exceladvisor.org\/wp-content\/uploads\/2023\/08\/exemple-de-fonction-vba-mid.png\"},{\"@type\":\"BreadcrumbList\",\"@id\":\"https:\/\/exceladvisor.org\/tr\/oglen\/#breadcrumb\",\"itemListElement\":[{\"@type\":\"ListItem\",\"position\":1,\"name\":\"Ev\",\"item\":\"https:\/\/exceladvisor.org\/tr\/\"},{\"@type\":\"ListItem\",\"position\":2,\"name\":\"Vba mid i\u015flevi nas\u0131l kullan\u0131l\u0131r?\"}]},{\"@type\":\"WebSite\",\"@id\":\"https:\/\/exceladvisor.org\/tr\/#website\",\"url\":\"https:\/\/exceladvisor.org\/tr\/\",\"name\":\"Excel Advisor\",\"description\":\"Veri hakimiyetine y\u00f6nelik nihai rehberiniz!\",\"publisher\":{\"@id\":\"https:\/\/exceladvisor.org\/tr\/#organization\"},\"potentialAction\":[{\"@type\":\"SearchAction\",\"target\":{\"@type\":\"EntryPoint\",\"urlTemplate\":\"https:\/\/exceladvisor.org\/tr\/?s={search_term_string}\"},\"query-input\":{\"@type\":\"PropertyValueSpecification\",\"valueRequired\":true,\"valueName\":\"search_term_string\"}}],\"inLanguage\":\"tr\"},{\"@type\":\"Organization\",\"@id\":\"https:\/\/exceladvisor.org\/tr\/#organization\",\"name\":\"Excel Advisor\",\"url\":\"https:\/\/exceladvisor.org\/tr\/\",\"logo\":{\"@type\":\"ImageObject\",\"inLanguage\":\"tr\",\"@id\":\"https:\/\/exceladvisor.org\/tr\/#\/schema\/logo\/image\/\",\"url\":\"https:\/\/exceladvisor.org\/tr\/wp-content\/uploads\/2023\/12\/exceladvisor.org_.png\",\"contentUrl\":\"https:\/\/exceladvisor.org\/tr\/wp-content\/uploads\/2023\/12\/exceladvisor.org_.png\",\"width\":105,\"height\":36,\"caption\":\"Excel Advisor\"},\"image\":{\"@id\":\"https:\/\/exceladvisor.org\/tr\/#\/schema\/logo\/image\/\"}}]}<\/script>\n<!-- \/ Yoast SEO plugin. -->","yoast_head_json":{"title":"VBA MID i\u015flevi nas\u0131l kullan\u0131l\u0131r? (S\u00f6zdizimi + \u00d6rnek)","description":"S\u00f6zdizimi, ba\u011f\u0131ms\u0131z de\u011fi\u015fkenler ve \u00f6rnek kod i\u00e7eren \u00f6rnekle VBA MID i\u015flevinin nas\u0131l kullan\u0131laca\u011f\u0131n\u0131 \u00f6\u011frenin.","robots":{"index":"index","follow":"follow","max-snippet":"max-snippet:-1","max-image-preview":"max-image-preview:large","max-video-preview":"max-video-preview:-1"},"canonical":"https:\/\/exceladvisor.org\/tr\/oglen\/","og_locale":"tr_TR","og_type":"article","og_title":"VBA MID i\u015flevi nas\u0131l kullan\u0131l\u0131r? (S\u00f6zdizimi + \u00d6rnek)","og_description":"S\u00f6zdizimi, ba\u011f\u0131ms\u0131z de\u011fi\u015fkenler ve \u00f6rnek kod i\u00e7eren \u00f6rnekle VBA MID i\u015flevinin nas\u0131l kullan\u0131laca\u011f\u0131n\u0131 \u00f6\u011frenin.","og_url":"https:\/\/exceladvisor.org\/tr\/oglen\/","og_site_name":"Excel Advisor","article_modified_time":"2023-12-10T06:06:39+00:00","og_image":[{"url":"https:\/\/exceladvisor.org\/wp-content\/uploads\/2023\/08\/exemple-de-fonction-vba-mid.png","type":"","width":"","height":""}],"twitter_card":"summary_large_image","twitter_misc":{"Tahmini okuma s\u00fcresi":"1 dakika"},"schema":{"@context":"https:\/\/schema.org","@graph":[{"@type":"WebPage","@id":"https:\/\/exceladvisor.org\/tr\/oglen\/","url":"https:\/\/exceladvisor.org\/tr\/oglen\/","name":"VBA MID i\u015flevi nas\u0131l kullan\u0131l\u0131r? (S\u00f6zdizimi + \u00d6rnek)","isPartOf":{"@id":"https:\/\/exceladvisor.org\/tr\/#website"},"primaryImageOfPage":{"@id":"https:\/\/exceladvisor.org\/tr\/oglen\/#primaryimage"},"image":{"@id":"https:\/\/exceladvisor.org\/tr\/oglen\/#primaryimage"},"thumbnailUrl":"https:\/\/exceladvisor.org\/wp-content\/uploads\/2023\/08\/exemple-de-fonction-vba-mid.png","datePublished":"2023-10-25T04:05:56+00:00","dateModified":"2023-12-10T06:06:39+00:00","description":"S\u00f6zdizimi, ba\u011f\u0131ms\u0131z de\u011fi\u015fkenler ve \u00f6rnek kod i\u00e7eren \u00f6rnekle VBA MID i\u015flevinin nas\u0131l kullan\u0131laca\u011f\u0131n\u0131 \u00f6\u011frenin.","breadcrumb":{"@id":"https:\/\/exceladvisor.org\/tr\/oglen\/#breadcrumb"},"inLanguage":"tr","potentialAction":[{"@type":"ReadAction","target":["https:\/\/exceladvisor.org\/tr\/oglen\/"]}]},{"@type":"ImageObject","inLanguage":"tr","@id":"https:\/\/exceladvisor.org\/tr\/oglen\/#primaryimage","url":"https:\/\/exceladvisor.org\/wp-content\/uploads\/2023\/08\/exemple-de-fonction-vba-mid.png","contentUrl":"https:\/\/exceladvisor.org\/wp-content\/uploads\/2023\/08\/exemple-de-fonction-vba-mid.png"},{"@type":"BreadcrumbList","@id":"https:\/\/exceladvisor.org\/tr\/oglen\/#breadcrumb","itemListElement":[{"@type":"ListItem","position":1,"name":"Ev","item":"https:\/\/exceladvisor.org\/tr\/"},{"@type":"ListItem","position":2,"name":"Vba mid i\u015flevi nas\u0131l kullan\u0131l\u0131r?"}]},{"@type":"WebSite","@id":"https:\/\/exceladvisor.org\/tr\/#website","url":"https:\/\/exceladvisor.org\/tr\/","name":"Excel Advisor","description":"Veri hakimiyetine y\u00f6nelik nihai rehberiniz!","publisher":{"@id":"https:\/\/exceladvisor.org\/tr\/#organization"},"potentialAction":[{"@type":"SearchAction","target":{"@type":"EntryPoint","urlTemplate":"https:\/\/exceladvisor.org\/tr\/?s={search_term_string}"},"query-input":{"@type":"PropertyValueSpecification","valueRequired":true,"valueName":"search_term_string"}}],"inLanguage":"tr"},{"@type":"Organization","@id":"https:\/\/exceladvisor.org\/tr\/#organization","name":"Excel Advisor","url":"https:\/\/exceladvisor.org\/tr\/","logo":{"@type":"ImageObject","inLanguage":"tr","@id":"https:\/\/exceladvisor.org\/tr\/#\/schema\/logo\/image\/","url":"https:\/\/exceladvisor.org\/tr\/wp-content\/uploads\/2023\/12\/exceladvisor.org_.png","contentUrl":"https:\/\/exceladvisor.org\/tr\/wp-content\/uploads\/2023\/12\/exceladvisor.org_.png","width":105,"height":36,"caption":"Excel Advisor"},"image":{"@id":"https:\/\/exceladvisor.org\/tr\/#\/schema\/logo\/image\/"}}]}},"yoast_meta":{"yoast_wpseo_title":"","yoast_wpseo_metadesc":"","yoast_wpseo_canonical":""},"_links":{"self":[{"href":"https:\/\/exceladvisor.org\/tr\/wp-json\/wp\/v2\/pages\/1993","targetHints":{"allow":["GET"]}}],"collection":[{"href":"https:\/\/exceladvisor.org\/tr\/wp-json\/wp\/v2\/pages"}],"about":[{"href":"https:\/\/exceladvisor.org\/tr\/wp-json\/wp\/v2\/types\/page"}],"author":[{"embeddable":true,"href":"https:\/\/exceladvisor.org\/tr\/wp-json\/wp\/v2\/users\/1"}],"replies":[{"embeddable":true,"href":"https:\/\/exceladvisor.org\/tr\/wp-json\/wp\/v2\/comments?post=1993"}],"version-history":[{"count":1,"href":"https:\/\/exceladvisor.org\/tr\/wp-json\/wp\/v2\/pages\/1993\/revisions"}],"predecessor-version":[{"id":2883,"href":"https:\/\/exceladvisor.org\/tr\/wp-json\/wp\/v2\/pages\/1993\/revisions\/2883"}],"wp:attachment":[{"href":"https:\/\/exceladvisor.org\/tr\/wp-json\/wp\/v2\/media?parent=1993"}],"curies":[{"name":"wp","href":"https:\/\/api.w.org\/{rel}","templated":true}]}}