{"id":2000,"date":"2023-10-24T23:39:01","date_gmt":"2023-10-24T23:39:01","guid":{"rendered":"https:\/\/exceladvisor.org\/tr\/bolmek\/"},"modified":"2023-12-10T06:07:03","modified_gmt":"2023-12-10T06:07:03","slug":"bolmek","status":"publish","type":"page","link":"https:\/\/exceladvisor.org\/tr\/bolmek\/","title":{"rendered":"Vba split i\u015flevi nas\u0131l kullan\u0131l\u0131r?"},"content":{"rendered":"<div class=\"excel-icerikten-once\" id=\"excel-633635485\"><script type=\"text\/javascript\">\r\n\tatOptions = {\r\n\t\t'key' : 'c1158f160081d6540a8409e6925dab94',\r\n\t\t'format' : 'iframe',\r\n\t\t'height' : 250,\r\n\t\t'width' : 300,\r\n\t\t'params' : {}\r\n\t};\r\n<\/script>\r\n<script type=\"text\/javascript\" src=\"\/\/www.highperformanceformat.com\/c1158f160081d6540a8409e6925dab94\/invoke.js\"><\/script><\/div> <p>VBA SPLIT i\u015flevi, VBA i\u015flevleri tablosu kategorisinde listelenir. Bunu VBA kodunda kulland\u0131\u011f\u0131n\u0131zda, <strong>belirtilen dizeyi bir s\u0131n\u0131rlay\u0131c\u0131 kullanarak birden \u00e7ok alt dizeye b\u00f6ler<\/strong> . Basit bir deyi\u015fle, bir s\u0131n\u0131rlay\u0131c\u0131 kullanarak bir metni birden \u00e7ok de\u011fere b\u00f6lebilirsiniz.<\/p><h2 class=\"wp-block-heading\"> S\u00f6zdizimi<\/h2><p> <strong>B\u00f6l(\u0130fade, [S\u0131n\u0131rlay\u0131c\u0131], [S\u0131n\u0131r], [Kar\u015f\u0131la\u015ft\u0131r])<\/strong><\/p><h2 class=\"wp-block-heading\"> Arg\u00fcmanlar<\/h2><ul><li> <strong>\u0130fade<\/strong> : B\u00f6lmek istedi\u011finiz orijinal metin dizesi.<\/li><li> <strong>[S\u0131n\u0131rlay\u0131c\u0131]<\/strong> : \u0130fadeyi b\u00f6lerken kullanmak istedi\u011finiz s\u0131n\u0131rlay\u0131c\u0131 [Bu iste\u011fe ba\u011fl\u0131 bir ba\u011f\u0131ms\u0131z de\u011fi\u015fkendir ve atlan\u0131rsa VBA varsay\u0131lan olarak &#8220;&#8221; olur.<\/li><li> <strong>[S\u0131n\u0131r]<\/strong> : D\u00f6nd\u00fcr\u00fclecek maksimum alt dize say\u0131s\u0131n\u0131 belirten bir tam say\u0131 [Bu iste\u011fe ba\u011fl\u0131 bir ba\u011f\u0131ms\u0131z de\u011fi\u015fkendir ve belirtilmezse, VBA varsay\u0131lan olarak t\u00fcm alt dizeleri d\u00f6nd\u00fcrmek i\u00e7in -1 al\u0131r].<\/li><li> <strong>[Kar\u015f\u0131la\u015ft\u0131r]<\/strong> : Diziyi filtrelerken ger\u00e7ekle\u015ftirilecek kar\u015f\u0131la\u015ft\u0131rmay\u0131 tan\u0131mlayan bir dize de\u011feri [Bu iste\u011fe ba\u011fl\u0131 bir ba\u011f\u0131ms\u0131z de\u011fi\u015fkendir ve atlan\u0131rsa, VBA varsay\u0131lan olarak vbBinaryCompare&#8217;i al\u0131r].<ul><li> vbBinaryCompare: ikili kar\u015f\u0131la\u015ft\u0131rma i\u00e7in.<\/li><li> vbTextCompare: metin kar\u015f\u0131la\u015ft\u0131rmas\u0131 i\u00e7in.<\/li><li> vbDatabaseCompare: veritaban\u0131 kar\u015f\u0131la\u015ft\u0131rmas\u0131 i\u00e7in.<\/li><\/ul><\/li><\/ul><h2 class=\"wp-block-heading\"> \u00d6rnek<\/h2><p> VBA SPLIT i\u015flevinin nas\u0131l kullan\u0131laca\u011f\u0131n\u0131 pratik olarak anlamak i\u00e7in, onu kullanarak bir vba kodu yazd\u0131\u011f\u0131m\u0131z a\u015fa\u011f\u0131daki \u00f6rne\u011fi incelemeniz gerekir: <\/p><figure class=\"wp-block-image is-resized\"><img loading=\"lazy\" decoding=\"async\" title=\"\u00f6rnek-vba-b\u00f6lme-i\u015flevi\" src=\"https:\/\/exceladvisor.org\/wp-content\/uploads\/2023\/08\/exemple-de-fonction-de-fractionnement-vba.png\" sizes=\"auto, \" srcset=\"\" alt=\"example-vba-split-function\" width=\"838\" height=\"508\"><\/figure><pre class=\"wp-block-code\"> <code class=\"language-visual-basic\" lang=\"visual-basic\">Sub example_SPLIT() Range(\"B1\").Value = Split(Range(\"A1\"), \"-\") End Sub<\/code><\/pre><p> Yukar\u0131daki kodda, A1 h\u00fccresindeki dizeyi \u201c-\u201d s\u0131n\u0131rlay\u0131c\u0131s\u0131n\u0131 kullanarak b\u00f6lmek i\u00e7in SPLIT kulland\u0131k ve sonu\u00e7 B1 h\u00fccresinde d\u00f6nd\u00fcr\u00fcld\u00fc.<\/p><div class=\"gb-container gb-container-078e99df gb-container-mt\"> <a class=\"gb-button gb-button-b61bc159 gb-button-text gb-button-mt-button\" href=\"https:\/\/exceladvisor.org\/tr\/vba\/\">VBA nedir<\/a><h2 class=\"gb-headline gb-headline-eb94b2aa gb-headline-text gb-headline-mt-heading\"> \u0130lgili <a href=\"https:\/\/exceladvisor.org\/tr\/islevler\/\">VBA i\u015flevleri<\/a> <\/h2><div class=\"gb-grid-wrapper gb-grid-wrapper-bea82d60 gb-grid-wrapper-mt-grid\"><div class=\"gb-grid-column gb-grid-column-98a91fbb\"><div class=\"gb-container gb-container-98a91fbb\"><ul><li> <a href=\"https:\/\/exceladvisor.org\/tr\/dagitmak\/\">VBA TABLOSU<\/a><\/li><li> <a href=\"https:\/\/exceladvisor.org\/tr\/filtre\/\">VBA F\u0130LTRES\u0130<\/a><\/li><li> <a href=\"https:\/\/exceladvisor.org\/tr\/katilmak\/\">VBA&#8217;YA KATILIN<\/a><\/li><li> <a href=\"https:\/\/exceladvisor.org\/tr\/sinir-disi\/\">VBA LBOUND<\/a><\/li><\/ul><\/div><\/div><\/div><\/div>","protected":false},"excerpt":{"rendered":"","protected":false},"author":1,"featured_media":0,"parent":0,"menu_order":0,"comment_status":"open","ping_status":"closed","template":"","meta":{"ub_ctt_via":"","footnotes":""},"class_list":["post-2000","page","type-page","status-publish","hentry"],"featured_image_src":null,"yoast_head":"<!-- This site is optimized with the Yoast SEO plugin v25.4 - https:\/\/yoast.com\/wordpress\/plugins\/seo\/ -->\n<title>VBA SPLIT i\u015flevi nas\u0131l kullan\u0131l\u0131r? (s\u00f6zdizimi + \u00f6rnek)<\/title>\n<meta name=\"description\" content=\"S\u00f6zdizimi, ba\u011f\u0131ms\u0131z de\u011fi\u015fkenler ve \u00f6rnek kod i\u00e7eren \u00f6rnekle VBA SPLIT i\u015flevinin nas\u0131l kullan\u0131laca\u011f\u0131n\u0131 \u00f6\u011frenin.\" \/>\n<meta name=\"robots\" content=\"index, follow, max-snippet:-1, max-image-preview:large, max-video-preview:-1\" \/>\n<link rel=\"canonical\" href=\"https:\/\/exceladvisor.org\/tr\/bolmek\/\" \/>\n<meta property=\"og:locale\" content=\"tr_TR\" \/>\n<meta property=\"og:type\" content=\"article\" \/>\n<meta property=\"og:title\" content=\"VBA SPLIT i\u015flevi nas\u0131l kullan\u0131l\u0131r? (s\u00f6zdizimi + \u00f6rnek)\" \/>\n<meta property=\"og:description\" content=\"S\u00f6zdizimi, ba\u011f\u0131ms\u0131z de\u011fi\u015fkenler ve \u00f6rnek kod i\u00e7eren \u00f6rnekle VBA SPLIT i\u015flevinin nas\u0131l kullan\u0131laca\u011f\u0131n\u0131 \u00f6\u011frenin.\" \/>\n<meta property=\"og:url\" content=\"https:\/\/exceladvisor.org\/tr\/bolmek\/\" \/>\n<meta property=\"og:site_name\" content=\"Excel Advisor\" \/>\n<meta property=\"article:modified_time\" content=\"2023-12-10T06:07:03+00:00\" \/>\n<meta property=\"og:image\" content=\"https:\/\/exceladvisor.org\/wp-content\/uploads\/2023\/08\/exemple-de-fonction-de-fractionnement-vba.png\" \/>\n<meta name=\"twitter:card\" content=\"summary_large_image\" \/>\n<meta name=\"twitter:label1\" content=\"Tahmini okuma s\u00fcresi\" \/>\n\t<meta name=\"twitter:data1\" content=\"2 dakika\" \/>\n<script type=\"application\/ld+json\" class=\"yoast-schema-graph\">{\"@context\":\"https:\/\/schema.org\",\"@graph\":[{\"@type\":\"WebPage\",\"@id\":\"https:\/\/exceladvisor.org\/tr\/bolmek\/\",\"url\":\"https:\/\/exceladvisor.org\/tr\/bolmek\/\",\"name\":\"VBA SPLIT i\u015flevi nas\u0131l kullan\u0131l\u0131r? (s\u00f6zdizimi + \u00f6rnek)\",\"isPartOf\":{\"@id\":\"https:\/\/exceladvisor.org\/tr\/#website\"},\"primaryImageOfPage\":{\"@id\":\"https:\/\/exceladvisor.org\/tr\/bolmek\/#primaryimage\"},\"image\":{\"@id\":\"https:\/\/exceladvisor.org\/tr\/bolmek\/#primaryimage\"},\"thumbnailUrl\":\"https:\/\/exceladvisor.org\/wp-content\/uploads\/2023\/08\/exemple-de-fonction-de-fractionnement-vba.png\",\"datePublished\":\"2023-10-24T23:39:01+00:00\",\"dateModified\":\"2023-12-10T06:07:03+00:00\",\"description\":\"S\u00f6zdizimi, ba\u011f\u0131ms\u0131z de\u011fi\u015fkenler ve \u00f6rnek kod i\u00e7eren \u00f6rnekle VBA SPLIT i\u015flevinin nas\u0131l kullan\u0131laca\u011f\u0131n\u0131 \u00f6\u011frenin.\",\"breadcrumb\":{\"@id\":\"https:\/\/exceladvisor.org\/tr\/bolmek\/#breadcrumb\"},\"inLanguage\":\"tr\",\"potentialAction\":[{\"@type\":\"ReadAction\",\"target\":[\"https:\/\/exceladvisor.org\/tr\/bolmek\/\"]}]},{\"@type\":\"ImageObject\",\"inLanguage\":\"tr\",\"@id\":\"https:\/\/exceladvisor.org\/tr\/bolmek\/#primaryimage\",\"url\":\"https:\/\/exceladvisor.org\/wp-content\/uploads\/2023\/08\/exemple-de-fonction-de-fractionnement-vba.png\",\"contentUrl\":\"https:\/\/exceladvisor.org\/wp-content\/uploads\/2023\/08\/exemple-de-fonction-de-fractionnement-vba.png\"},{\"@type\":\"BreadcrumbList\",\"@id\":\"https:\/\/exceladvisor.org\/tr\/bolmek\/#breadcrumb\",\"itemListElement\":[{\"@type\":\"ListItem\",\"position\":1,\"name\":\"Ev\",\"item\":\"https:\/\/exceladvisor.org\/tr\/\"},{\"@type\":\"ListItem\",\"position\":2,\"name\":\"Vba split i\u015flevi nas\u0131l kullan\u0131l\u0131r?\"}]},{\"@type\":\"WebSite\",\"@id\":\"https:\/\/exceladvisor.org\/tr\/#website\",\"url\":\"https:\/\/exceladvisor.org\/tr\/\",\"name\":\"Excel Advisor\",\"description\":\"Veri hakimiyetine y\u00f6nelik nihai rehberiniz!\",\"publisher\":{\"@id\":\"https:\/\/exceladvisor.org\/tr\/#organization\"},\"potentialAction\":[{\"@type\":\"SearchAction\",\"target\":{\"@type\":\"EntryPoint\",\"urlTemplate\":\"https:\/\/exceladvisor.org\/tr\/?s={search_term_string}\"},\"query-input\":{\"@type\":\"PropertyValueSpecification\",\"valueRequired\":true,\"valueName\":\"search_term_string\"}}],\"inLanguage\":\"tr\"},{\"@type\":\"Organization\",\"@id\":\"https:\/\/exceladvisor.org\/tr\/#organization\",\"name\":\"Excel Advisor\",\"url\":\"https:\/\/exceladvisor.org\/tr\/\",\"logo\":{\"@type\":\"ImageObject\",\"inLanguage\":\"tr\",\"@id\":\"https:\/\/exceladvisor.org\/tr\/#\/schema\/logo\/image\/\",\"url\":\"https:\/\/exceladvisor.org\/tr\/wp-content\/uploads\/2023\/12\/exceladvisor.org_.png\",\"contentUrl\":\"https:\/\/exceladvisor.org\/tr\/wp-content\/uploads\/2023\/12\/exceladvisor.org_.png\",\"width\":105,\"height\":36,\"caption\":\"Excel Advisor\"},\"image\":{\"@id\":\"https:\/\/exceladvisor.org\/tr\/#\/schema\/logo\/image\/\"}}]}<\/script>\n<!-- \/ Yoast SEO plugin. -->","yoast_head_json":{"title":"VBA SPLIT i\u015flevi nas\u0131l kullan\u0131l\u0131r? (s\u00f6zdizimi + \u00f6rnek)","description":"S\u00f6zdizimi, ba\u011f\u0131ms\u0131z de\u011fi\u015fkenler ve \u00f6rnek kod i\u00e7eren \u00f6rnekle VBA SPLIT i\u015flevinin nas\u0131l kullan\u0131laca\u011f\u0131n\u0131 \u00f6\u011frenin.","robots":{"index":"index","follow":"follow","max-snippet":"max-snippet:-1","max-image-preview":"max-image-preview:large","max-video-preview":"max-video-preview:-1"},"canonical":"https:\/\/exceladvisor.org\/tr\/bolmek\/","og_locale":"tr_TR","og_type":"article","og_title":"VBA SPLIT i\u015flevi nas\u0131l kullan\u0131l\u0131r? (s\u00f6zdizimi + \u00f6rnek)","og_description":"S\u00f6zdizimi, ba\u011f\u0131ms\u0131z de\u011fi\u015fkenler ve \u00f6rnek kod i\u00e7eren \u00f6rnekle VBA SPLIT i\u015flevinin nas\u0131l kullan\u0131laca\u011f\u0131n\u0131 \u00f6\u011frenin.","og_url":"https:\/\/exceladvisor.org\/tr\/bolmek\/","og_site_name":"Excel Advisor","article_modified_time":"2023-12-10T06:07:03+00:00","og_image":[{"url":"https:\/\/exceladvisor.org\/wp-content\/uploads\/2023\/08\/exemple-de-fonction-de-fractionnement-vba.png","type":"","width":"","height":""}],"twitter_card":"summary_large_image","twitter_misc":{"Tahmini okuma s\u00fcresi":"2 dakika"},"schema":{"@context":"https:\/\/schema.org","@graph":[{"@type":"WebPage","@id":"https:\/\/exceladvisor.org\/tr\/bolmek\/","url":"https:\/\/exceladvisor.org\/tr\/bolmek\/","name":"VBA SPLIT i\u015flevi nas\u0131l kullan\u0131l\u0131r? (s\u00f6zdizimi + \u00f6rnek)","isPartOf":{"@id":"https:\/\/exceladvisor.org\/tr\/#website"},"primaryImageOfPage":{"@id":"https:\/\/exceladvisor.org\/tr\/bolmek\/#primaryimage"},"image":{"@id":"https:\/\/exceladvisor.org\/tr\/bolmek\/#primaryimage"},"thumbnailUrl":"https:\/\/exceladvisor.org\/wp-content\/uploads\/2023\/08\/exemple-de-fonction-de-fractionnement-vba.png","datePublished":"2023-10-24T23:39:01+00:00","dateModified":"2023-12-10T06:07:03+00:00","description":"S\u00f6zdizimi, ba\u011f\u0131ms\u0131z de\u011fi\u015fkenler ve \u00f6rnek kod i\u00e7eren \u00f6rnekle VBA SPLIT i\u015flevinin nas\u0131l kullan\u0131laca\u011f\u0131n\u0131 \u00f6\u011frenin.","breadcrumb":{"@id":"https:\/\/exceladvisor.org\/tr\/bolmek\/#breadcrumb"},"inLanguage":"tr","potentialAction":[{"@type":"ReadAction","target":["https:\/\/exceladvisor.org\/tr\/bolmek\/"]}]},{"@type":"ImageObject","inLanguage":"tr","@id":"https:\/\/exceladvisor.org\/tr\/bolmek\/#primaryimage","url":"https:\/\/exceladvisor.org\/wp-content\/uploads\/2023\/08\/exemple-de-fonction-de-fractionnement-vba.png","contentUrl":"https:\/\/exceladvisor.org\/wp-content\/uploads\/2023\/08\/exemple-de-fonction-de-fractionnement-vba.png"},{"@type":"BreadcrumbList","@id":"https:\/\/exceladvisor.org\/tr\/bolmek\/#breadcrumb","itemListElement":[{"@type":"ListItem","position":1,"name":"Ev","item":"https:\/\/exceladvisor.org\/tr\/"},{"@type":"ListItem","position":2,"name":"Vba split i\u015flevi nas\u0131l kullan\u0131l\u0131r?"}]},{"@type":"WebSite","@id":"https:\/\/exceladvisor.org\/tr\/#website","url":"https:\/\/exceladvisor.org\/tr\/","name":"Excel Advisor","description":"Veri hakimiyetine y\u00f6nelik nihai rehberiniz!","publisher":{"@id":"https:\/\/exceladvisor.org\/tr\/#organization"},"potentialAction":[{"@type":"SearchAction","target":{"@type":"EntryPoint","urlTemplate":"https:\/\/exceladvisor.org\/tr\/?s={search_term_string}"},"query-input":{"@type":"PropertyValueSpecification","valueRequired":true,"valueName":"search_term_string"}}],"inLanguage":"tr"},{"@type":"Organization","@id":"https:\/\/exceladvisor.org\/tr\/#organization","name":"Excel Advisor","url":"https:\/\/exceladvisor.org\/tr\/","logo":{"@type":"ImageObject","inLanguage":"tr","@id":"https:\/\/exceladvisor.org\/tr\/#\/schema\/logo\/image\/","url":"https:\/\/exceladvisor.org\/tr\/wp-content\/uploads\/2023\/12\/exceladvisor.org_.png","contentUrl":"https:\/\/exceladvisor.org\/tr\/wp-content\/uploads\/2023\/12\/exceladvisor.org_.png","width":105,"height":36,"caption":"Excel Advisor"},"image":{"@id":"https:\/\/exceladvisor.org\/tr\/#\/schema\/logo\/image\/"}}]}},"yoast_meta":{"yoast_wpseo_title":"","yoast_wpseo_metadesc":"","yoast_wpseo_canonical":""},"_links":{"self":[{"href":"https:\/\/exceladvisor.org\/tr\/wp-json\/wp\/v2\/pages\/2000","targetHints":{"allow":["GET"]}}],"collection":[{"href":"https:\/\/exceladvisor.org\/tr\/wp-json\/wp\/v2\/pages"}],"about":[{"href":"https:\/\/exceladvisor.org\/tr\/wp-json\/wp\/v2\/types\/page"}],"author":[{"embeddable":true,"href":"https:\/\/exceladvisor.org\/tr\/wp-json\/wp\/v2\/users\/1"}],"replies":[{"embeddable":true,"href":"https:\/\/exceladvisor.org\/tr\/wp-json\/wp\/v2\/comments?post=2000"}],"version-history":[{"count":1,"href":"https:\/\/exceladvisor.org\/tr\/wp-json\/wp\/v2\/pages\/2000\/revisions"}],"predecessor-version":[{"id":2907,"href":"https:\/\/exceladvisor.org\/tr\/wp-json\/wp\/v2\/pages\/2000\/revisions\/2907"}],"wp:attachment":[{"href":"https:\/\/exceladvisor.org\/tr\/wp-json\/wp\/v2\/media?parent=2000"}],"curies":[{"name":"wp","href":"https:\/\/api.w.org\/{rel}","templated":true}]}}