{"id":2035,"date":"2023-10-23T19:14:24","date_gmt":"2023-10-23T19:14:24","guid":{"rendered":"https:\/\/exceladvisor.org\/tr\/dosyatarihisaat\/"},"modified":"2023-12-10T06:05:31","modified_gmt":"2023-12-10T06:05:31","slug":"dosyatarihisaat","status":"publish","type":"page","link":"https:\/\/exceladvisor.org\/tr\/dosyatarihisaat\/","title":{"rendered":"Vba filedatetime i\u015flevi nas\u0131l kullan\u0131l\u0131r?"},"content":{"rendered":"<div class=\"excel-icerikten-once\" id=\"excel-2581951084\"><script type=\"text\/javascript\">\r\n\tatOptions = {\r\n\t\t'key' : 'c1158f160081d6540a8409e6925dab94',\r\n\t\t'format' : 'iframe',\r\n\t\t'height' : 250,\r\n\t\t'width' : 300,\r\n\t\t'params' : {}\r\n\t};\r\n<\/script>\r\n<script type=\"text\/javascript\" src=\"\/\/www.highperformanceformat.com\/c1158f160081d6540a8409e6925dab94\/invoke.js\"><\/script><\/div> <p style=\"text-align: left;\" data-css=\"tve-u-15fdcefd30f\"><strong><span style=\"color: #ea493f;\" data-css=\"tve-u-15ff89cdea5\">FileDateTime VBA<\/span><\/strong> i\u015flevi, bir dosyan\u0131n (\u00e7al\u0131\u015fma kitab\u0131) son de\u011fi\u015ftirilme tarihini ve saatini (dize olarak) d\u00f6nd\u00fcr\u00fcr.<\/p><p> Dosya adresini arg\u00fcman olarak belirtmelisiniz.<\/p><h2 class=\"\" data-css=\"tve-u-15ff8a258a0\"> <span style=\"font-family: Georgia,serif;\" data-css=\"tve-u-15ff89ea402\">S\u00f6zdizimi<\/span><\/h2><p data-css=\"tve-u-15fb8fcfdd7\"> DosyaTarihSaat(YolAd\u0131)<\/p><p data-css=\"tve-u-15ff8a0f610\"> <em>YolAd\u0131 ba\u011f\u0131ms\u0131z de\u011fi\u015fkeni, ayr\u0131nt\u0131lar\u0131n\u0131 istedi\u011finiz dosyan\u0131n yolu ve ad\u0131d\u0131r.<\/em><\/p><h2 class=\"\" data-css=\"tve-u-15ff8a2d489\"> <span style=\"font-family: Georgia,serif;\" data-css=\"tve-u-15ff8a2cabf\">\u00d6rnek<\/span><\/h2><p> A\u015fa\u011f\u0131daki VBA kodunda, bir masa\u00fcst\u00fc dosyas\u0131n\u0131n son de\u011fi\u015ftirilme tarihini ve saatini A1 h\u00fccresine eklemek i\u00e7in VBA FileDateTime&#8217;\u0131 kulland\u0131k.<\/p><p> Sub modFile()Range(\u201cA1\u201d).Value = FileDateTime(\u201cC:\\Users\\Admin\\Desktop\\Book1.xlsx\u201d)End Sub<\/p><p> Bu kodu \u00e7al\u0131\u015ft\u0131rd\u0131\u011f\u0131n\u0131zda A1\u2019e a\u015fa\u011f\u0131daki gibi tarih ve saat ekleniyor.<\/p><p> <span class=\"tve_image_frame\"><img loading=\"lazy\" decoding=\"async\" class=\"tve_image wp-image-18473\" title=\"vba filedatetime \u00f6rne\u011fiyle kod\" src=\"https:\/\/exceladvisor.org\/wp-content\/uploads\/2023\/08\/code-avec-exemple-vba-filedatetime-1.png\" sizes=\"auto, \" srcset=\"\" alt=\"code with vba filedatetime example\" width=\"413\" height=\"127\" data-id=\"18473\"><\/span><\/p>","protected":false},"excerpt":{"rendered":"","protected":false},"author":1,"featured_media":0,"parent":0,"menu_order":0,"comment_status":"open","ping_status":"closed","template":"","meta":{"ub_ctt_via":"","footnotes":""},"class_list":["post-2035","page","type-page","status-publish","hentry"],"featured_image_src":null,"yoast_head":"<!-- This site is optimized with the Yoast SEO plugin v25.4 - https:\/\/yoast.com\/wordpress\/plugins\/seo\/ -->\n<title>VBA FileDateTime i\u015flevi nas\u0131l kullan\u0131l\u0131r? (\u00d6rnek ile)<\/title>\n<meta name=\"description\" content=\"S\u00f6zdizimi, ba\u011f\u0131ms\u0131z de\u011fi\u015fkenler ve \u00f6rnek kod i\u00e7eren bir \u00f6rnekle VBA FileDateTime i\u015flevinin nas\u0131l kullan\u0131laca\u011f\u0131n\u0131 \u00f6\u011frenin.\" \/>\n<meta name=\"robots\" content=\"index, follow, max-snippet:-1, max-image-preview:large, max-video-preview:-1\" \/>\n<link rel=\"canonical\" href=\"https:\/\/exceladvisor.org\/tr\/dosyatarihisaat\/\" \/>\n<meta property=\"og:locale\" content=\"tr_TR\" \/>\n<meta property=\"og:type\" content=\"article\" \/>\n<meta property=\"og:title\" content=\"VBA FileDateTime i\u015flevi nas\u0131l kullan\u0131l\u0131r? (\u00d6rnek ile)\" \/>\n<meta property=\"og:description\" content=\"S\u00f6zdizimi, ba\u011f\u0131ms\u0131z de\u011fi\u015fkenler ve \u00f6rnek kod i\u00e7eren bir \u00f6rnekle VBA FileDateTime i\u015flevinin nas\u0131l kullan\u0131laca\u011f\u0131n\u0131 \u00f6\u011frenin.\" \/>\n<meta property=\"og:url\" content=\"https:\/\/exceladvisor.org\/tr\/dosyatarihisaat\/\" \/>\n<meta property=\"og:site_name\" content=\"Excel Advisor\" \/>\n<meta property=\"article:modified_time\" content=\"2023-12-10T06:05:31+00:00\" \/>\n<meta property=\"og:image\" content=\"https:\/\/exceladvisor.org\/wp-content\/uploads\/2023\/08\/code-avec-exemple-vba-filedatetime-1.png\" \/>\n<meta name=\"twitter:card\" content=\"summary_large_image\" \/>\n<meta name=\"twitter:label1\" content=\"Tahmini okuma s\u00fcresi\" \/>\n\t<meta name=\"twitter:data1\" content=\"1 dakika\" \/>\n<script type=\"application\/ld+json\" class=\"yoast-schema-graph\">{\"@context\":\"https:\/\/schema.org\",\"@graph\":[{\"@type\":\"WebPage\",\"@id\":\"https:\/\/exceladvisor.org\/tr\/dosyatarihisaat\/\",\"url\":\"https:\/\/exceladvisor.org\/tr\/dosyatarihisaat\/\",\"name\":\"VBA FileDateTime i\u015flevi nas\u0131l kullan\u0131l\u0131r? (\u00d6rnek ile)\",\"isPartOf\":{\"@id\":\"https:\/\/exceladvisor.org\/tr\/#website\"},\"primaryImageOfPage\":{\"@id\":\"https:\/\/exceladvisor.org\/tr\/dosyatarihisaat\/#primaryimage\"},\"image\":{\"@id\":\"https:\/\/exceladvisor.org\/tr\/dosyatarihisaat\/#primaryimage\"},\"thumbnailUrl\":\"https:\/\/exceladvisor.org\/wp-content\/uploads\/2023\/08\/code-avec-exemple-vba-filedatetime-1.png\",\"datePublished\":\"2023-10-23T19:14:24+00:00\",\"dateModified\":\"2023-12-10T06:05:31+00:00\",\"description\":\"S\u00f6zdizimi, ba\u011f\u0131ms\u0131z de\u011fi\u015fkenler ve \u00f6rnek kod i\u00e7eren bir \u00f6rnekle VBA FileDateTime i\u015flevinin nas\u0131l kullan\u0131laca\u011f\u0131n\u0131 \u00f6\u011frenin.\",\"breadcrumb\":{\"@id\":\"https:\/\/exceladvisor.org\/tr\/dosyatarihisaat\/#breadcrumb\"},\"inLanguage\":\"tr\",\"potentialAction\":[{\"@type\":\"ReadAction\",\"target\":[\"https:\/\/exceladvisor.org\/tr\/dosyatarihisaat\/\"]}]},{\"@type\":\"ImageObject\",\"inLanguage\":\"tr\",\"@id\":\"https:\/\/exceladvisor.org\/tr\/dosyatarihisaat\/#primaryimage\",\"url\":\"https:\/\/exceladvisor.org\/wp-content\/uploads\/2023\/08\/code-avec-exemple-vba-filedatetime-1.png\",\"contentUrl\":\"https:\/\/exceladvisor.org\/wp-content\/uploads\/2023\/08\/code-avec-exemple-vba-filedatetime-1.png\"},{\"@type\":\"BreadcrumbList\",\"@id\":\"https:\/\/exceladvisor.org\/tr\/dosyatarihisaat\/#breadcrumb\",\"itemListElement\":[{\"@type\":\"ListItem\",\"position\":1,\"name\":\"Ev\",\"item\":\"https:\/\/exceladvisor.org\/tr\/\"},{\"@type\":\"ListItem\",\"position\":2,\"name\":\"Vba filedatetime i\u015flevi nas\u0131l kullan\u0131l\u0131r?\"}]},{\"@type\":\"WebSite\",\"@id\":\"https:\/\/exceladvisor.org\/tr\/#website\",\"url\":\"https:\/\/exceladvisor.org\/tr\/\",\"name\":\"Excel Advisor\",\"description\":\"Veri hakimiyetine y\u00f6nelik nihai rehberiniz!\",\"publisher\":{\"@id\":\"https:\/\/exceladvisor.org\/tr\/#organization\"},\"potentialAction\":[{\"@type\":\"SearchAction\",\"target\":{\"@type\":\"EntryPoint\",\"urlTemplate\":\"https:\/\/exceladvisor.org\/tr\/?s={search_term_string}\"},\"query-input\":{\"@type\":\"PropertyValueSpecification\",\"valueRequired\":true,\"valueName\":\"search_term_string\"}}],\"inLanguage\":\"tr\"},{\"@type\":\"Organization\",\"@id\":\"https:\/\/exceladvisor.org\/tr\/#organization\",\"name\":\"Excel Advisor\",\"url\":\"https:\/\/exceladvisor.org\/tr\/\",\"logo\":{\"@type\":\"ImageObject\",\"inLanguage\":\"tr\",\"@id\":\"https:\/\/exceladvisor.org\/tr\/#\/schema\/logo\/image\/\",\"url\":\"https:\/\/exceladvisor.org\/tr\/wp-content\/uploads\/2023\/12\/exceladvisor.org_.png\",\"contentUrl\":\"https:\/\/exceladvisor.org\/tr\/wp-content\/uploads\/2023\/12\/exceladvisor.org_.png\",\"width\":105,\"height\":36,\"caption\":\"Excel Advisor\"},\"image\":{\"@id\":\"https:\/\/exceladvisor.org\/tr\/#\/schema\/logo\/image\/\"}}]}<\/script>\n<!-- \/ Yoast SEO plugin. -->","yoast_head_json":{"title":"VBA FileDateTime i\u015flevi nas\u0131l kullan\u0131l\u0131r? (\u00d6rnek ile)","description":"S\u00f6zdizimi, ba\u011f\u0131ms\u0131z de\u011fi\u015fkenler ve \u00f6rnek kod i\u00e7eren bir \u00f6rnekle VBA FileDateTime i\u015flevinin nas\u0131l kullan\u0131laca\u011f\u0131n\u0131 \u00f6\u011frenin.","robots":{"index":"index","follow":"follow","max-snippet":"max-snippet:-1","max-image-preview":"max-image-preview:large","max-video-preview":"max-video-preview:-1"},"canonical":"https:\/\/exceladvisor.org\/tr\/dosyatarihisaat\/","og_locale":"tr_TR","og_type":"article","og_title":"VBA FileDateTime i\u015flevi nas\u0131l kullan\u0131l\u0131r? (\u00d6rnek ile)","og_description":"S\u00f6zdizimi, ba\u011f\u0131ms\u0131z de\u011fi\u015fkenler ve \u00f6rnek kod i\u00e7eren bir \u00f6rnekle VBA FileDateTime i\u015flevinin nas\u0131l kullan\u0131laca\u011f\u0131n\u0131 \u00f6\u011frenin.","og_url":"https:\/\/exceladvisor.org\/tr\/dosyatarihisaat\/","og_site_name":"Excel Advisor","article_modified_time":"2023-12-10T06:05:31+00:00","og_image":[{"url":"https:\/\/exceladvisor.org\/wp-content\/uploads\/2023\/08\/code-avec-exemple-vba-filedatetime-1.png","type":"","width":"","height":""}],"twitter_card":"summary_large_image","twitter_misc":{"Tahmini okuma s\u00fcresi":"1 dakika"},"schema":{"@context":"https:\/\/schema.org","@graph":[{"@type":"WebPage","@id":"https:\/\/exceladvisor.org\/tr\/dosyatarihisaat\/","url":"https:\/\/exceladvisor.org\/tr\/dosyatarihisaat\/","name":"VBA FileDateTime i\u015flevi nas\u0131l kullan\u0131l\u0131r? (\u00d6rnek ile)","isPartOf":{"@id":"https:\/\/exceladvisor.org\/tr\/#website"},"primaryImageOfPage":{"@id":"https:\/\/exceladvisor.org\/tr\/dosyatarihisaat\/#primaryimage"},"image":{"@id":"https:\/\/exceladvisor.org\/tr\/dosyatarihisaat\/#primaryimage"},"thumbnailUrl":"https:\/\/exceladvisor.org\/wp-content\/uploads\/2023\/08\/code-avec-exemple-vba-filedatetime-1.png","datePublished":"2023-10-23T19:14:24+00:00","dateModified":"2023-12-10T06:05:31+00:00","description":"S\u00f6zdizimi, ba\u011f\u0131ms\u0131z de\u011fi\u015fkenler ve \u00f6rnek kod i\u00e7eren bir \u00f6rnekle VBA FileDateTime i\u015flevinin nas\u0131l kullan\u0131laca\u011f\u0131n\u0131 \u00f6\u011frenin.","breadcrumb":{"@id":"https:\/\/exceladvisor.org\/tr\/dosyatarihisaat\/#breadcrumb"},"inLanguage":"tr","potentialAction":[{"@type":"ReadAction","target":["https:\/\/exceladvisor.org\/tr\/dosyatarihisaat\/"]}]},{"@type":"ImageObject","inLanguage":"tr","@id":"https:\/\/exceladvisor.org\/tr\/dosyatarihisaat\/#primaryimage","url":"https:\/\/exceladvisor.org\/wp-content\/uploads\/2023\/08\/code-avec-exemple-vba-filedatetime-1.png","contentUrl":"https:\/\/exceladvisor.org\/wp-content\/uploads\/2023\/08\/code-avec-exemple-vba-filedatetime-1.png"},{"@type":"BreadcrumbList","@id":"https:\/\/exceladvisor.org\/tr\/dosyatarihisaat\/#breadcrumb","itemListElement":[{"@type":"ListItem","position":1,"name":"Ev","item":"https:\/\/exceladvisor.org\/tr\/"},{"@type":"ListItem","position":2,"name":"Vba filedatetime i\u015flevi nas\u0131l kullan\u0131l\u0131r?"}]},{"@type":"WebSite","@id":"https:\/\/exceladvisor.org\/tr\/#website","url":"https:\/\/exceladvisor.org\/tr\/","name":"Excel Advisor","description":"Veri hakimiyetine y\u00f6nelik nihai rehberiniz!","publisher":{"@id":"https:\/\/exceladvisor.org\/tr\/#organization"},"potentialAction":[{"@type":"SearchAction","target":{"@type":"EntryPoint","urlTemplate":"https:\/\/exceladvisor.org\/tr\/?s={search_term_string}"},"query-input":{"@type":"PropertyValueSpecification","valueRequired":true,"valueName":"search_term_string"}}],"inLanguage":"tr"},{"@type":"Organization","@id":"https:\/\/exceladvisor.org\/tr\/#organization","name":"Excel Advisor","url":"https:\/\/exceladvisor.org\/tr\/","logo":{"@type":"ImageObject","inLanguage":"tr","@id":"https:\/\/exceladvisor.org\/tr\/#\/schema\/logo\/image\/","url":"https:\/\/exceladvisor.org\/tr\/wp-content\/uploads\/2023\/12\/exceladvisor.org_.png","contentUrl":"https:\/\/exceladvisor.org\/tr\/wp-content\/uploads\/2023\/12\/exceladvisor.org_.png","width":105,"height":36,"caption":"Excel Advisor"},"image":{"@id":"https:\/\/exceladvisor.org\/tr\/#\/schema\/logo\/image\/"}}]}},"yoast_meta":{"yoast_wpseo_title":"","yoast_wpseo_metadesc":"","yoast_wpseo_canonical":""},"_links":{"self":[{"href":"https:\/\/exceladvisor.org\/tr\/wp-json\/wp\/v2\/pages\/2035","targetHints":{"allow":["GET"]}}],"collection":[{"href":"https:\/\/exceladvisor.org\/tr\/wp-json\/wp\/v2\/pages"}],"about":[{"href":"https:\/\/exceladvisor.org\/tr\/wp-json\/wp\/v2\/types\/page"}],"author":[{"embeddable":true,"href":"https:\/\/exceladvisor.org\/tr\/wp-json\/wp\/v2\/users\/1"}],"replies":[{"embeddable":true,"href":"https:\/\/exceladvisor.org\/tr\/wp-json\/wp\/v2\/comments?post=2035"}],"version-history":[{"count":1,"href":"https:\/\/exceladvisor.org\/tr\/wp-json\/wp\/v2\/pages\/2035\/revisions"}],"predecessor-version":[{"id":2816,"href":"https:\/\/exceladvisor.org\/tr\/wp-json\/wp\/v2\/pages\/2035\/revisions\/2816"}],"wp:attachment":[{"href":"https:\/\/exceladvisor.org\/tr\/wp-json\/wp\/v2\/media?parent=2035"}],"curies":[{"name":"wp","href":"https:\/\/api.w.org\/{rel}","templated":true}]}}