{"id":2037,"date":"2023-10-23T18:56:08","date_gmt":"2023-10-23T18:56:08","guid":{"rendered":"https:\/\/exceladvisor.org\/tr\/calisma-sayfasi-1\/"},"modified":"2023-12-10T06:07:40","modified_gmt":"2023-12-10T06:07:40","slug":"calisma-sayfasi-1","status":"publish","type":"page","link":"https:\/\/exceladvisor.org\/tr\/calisma-sayfasi-1\/","title":{"rendered":"Vba&#39;da excel elektronik tablosu nas\u0131l kullan\u0131l\u0131r?"},"content":{"rendered":"<div class=\"excel-icerikten-once\" id=\"excel-441860626\"><script type=\"text\/javascript\">\r\n\tatOptions = {\r\n\t\t'key' : 'c1158f160081d6540a8409e6925dab94',\r\n\t\t'format' : 'iframe',\r\n\t\t'height' : 250,\r\n\t\t'width' : 300,\r\n\t\t'params' : {}\r\n\t};\r\n<\/script>\r\n<script type=\"text\/javascript\" src=\"\/\/www.highperformanceformat.com\/c1158f160081d6540a8409e6925dab94\/invoke.js\"><\/script><\/div> <p>VBA&#8217;da \u00e7al\u0131\u015fma sayfas\u0131 nesnesi, \u00e7al\u0131\u015fma kitab\u0131n\u0131n \u00e7al\u0131\u015fma sayfalar\u0131 (veya sayfalar) koleksiyonunun par\u00e7as\u0131 olan tek bir \u00e7al\u0131\u015fma sayfas\u0131n\u0131 temsil eder. \u00c7al\u0131\u015fma sayfas\u0131 nesnesini kullanarak VBA kodundaki \u00e7al\u0131\u015fma sayfas\u0131na ba\u015fvurabilir ve bir \u00e7al\u0131\u015fma sayfas\u0131na ba\u015fvuruda bulunabilir, bununla ilgili \u00f6zelliklere, y\u00f6ntemlere ve olaylara da eri\u015febilirsiniz.<\/p><p> Burada bir \u00e7al\u0131\u015fma sayfas\u0131n\u0131n Excel nesne hiyerar\u015fisindeki konumuna h\u0131zl\u0131 bir genel bak\u0131\u015f verilmi\u015ftir.<\/p><p> <strong>Uygulama<\/strong> <strong>\u27aa<\/strong> <strong>\u00c7al\u0131\u015fma Kitab\u0131<\/strong> <strong>\u27aa<\/strong> <strong>\u00c7al\u0131\u015fma Sayfalar\u0131<\/strong> <strong>\u27aa<\/strong> <strong>\u00c7al\u0131\u015fma Sayfas\u0131<\/strong><\/p><p> Bu e\u011fitimde, VBA kodunu kullanarak Excel&#8217;de bir \u00e7al\u0131\u015fma sayfas\u0131n\u0131n nas\u0131l kullan\u0131laca\u011f\u0131n\u0131 ve referans al\u0131naca\u011f\u0131n\u0131 \u00f6\u011frenece\u011fiz.<\/p><p class=\"content-box-grey\"> <em>Yararl\u0131 ba\u011flant\u0131lar: <a href=\"https:\/\/exceladvisor.org\/tr\/makro-2yi-calistir\/\">Makro \u00e7al\u0131\u015ft\u0131rma<\/a> \u2013 <a href=\"https:\/\/exceladvisor.org\/tr\/makro-kaydet\/\">Makro kaydedici<\/a> \u2013 <a href=\"https:\/\/exceladvisor.org\/tr\/temel-gorsel-duzenleyici\/\">Visual Basic D\u00fczenleyici<\/a> \u2013 <a href=\"https:\/\/exceladvisor.org\/tr\/kisisel-makro-not-defteri\/\">Ki\u015fisel Makrolar El Kitab\u0131<\/a><\/em><\/p><h2 class=\"wp-block-heading\"> E-Tablolar ve E-tablolar<\/h2><p> En ba\u015ftan ba\u015flayal\u0131m. Bu, bir e-tablo ile bir sayfa aras\u0131ndaki fark\u0131 anlamak \u00f6nemlidir. Excel&#8217;de, \u00e7al\u0131\u015fma kitab\u0131na ekleyebilece\u011finiz sayfa t\u00fcrleri vard\u0131r ve \u00e7al\u0131\u015fma sayfas\u0131 da bu t\u00fcrlerden biridir. A\u015fa\u011f\u0131daki anl\u0131k g\u00f6r\u00fcnt\u00fcde g\u00f6rebilece\u011finiz gibi yeni bir sayfa ekledi\u011finizde Excel sizden sayfa tipini se\u00e7menizi ister.<\/p><p> Anla\u015f\u0131lmas\u0131 gereken \u015fey \u015fu: &#8220;Sayfalar&#8221; kelimesini kulland\u0131\u011f\u0131n\u0131zda, t\u00fcm sayfalara (elektronik tablolar, makro sayfalar ve grafik sayfalar\u0131) at\u0131fta bulunursunuz, ancak &#8220;\u00e7al\u0131\u015fma sayfas\u0131&#8221; kelimesini kulland\u0131\u011f\u0131n\u0131zda yaln\u0131zca elektronik tablolara at\u0131fta bulunursunuz ( <a href=\"https:\/\/docs.microsoft.com\/en-us\/office\/vba\/api\/excel.xlsheettype\" target=\"_blank\" rel=\"noreferrer noopener\" aria-label=\"undefined (opens in a new tab)\">bkz. Ayr\u0131ca<\/a> ). <\/p><div class=\"wp-block-image\"><figure class=\"aligncenter size-large is-resized\"><img loading=\"lazy\" decoding=\"async\" class=\"wp-image-52465\" src=\"https:\/\/exceladvisor.org\/wp-content\/uploads\/2023\/08\/1-feuille-vs-feuilles-de-travail.png\" sizes=\"auto, \" srcset=\"\" alt=\"sayfa vs \u00e7al\u0131\u015fma sayfalar\u0131\" width=\"528\" height=\"327\"><\/figure><\/div><h2 class=\"wp-block-heading\"> VBA kullanarak bir \u00e7al\u0131\u015fma sayfas\u0131na (sayfaya) eri\u015fme<\/h2><p> VBA, bir \u00e7al\u0131\u015fma kitab\u0131ndan bir \u00e7al\u0131\u015fma sayfas\u0131na eri\u015fmeniz i\u00e7in size farkl\u0131 yollar sunar ve bunu daha sonra yapman\u0131n farkl\u0131 yollar\u0131na bakaca\u011f\u0131z.<\/p><h3 class=\"wp-block-heading\"> 1. Ad\u0131n\u0131 kullanarak bir sayfaya bak\u0131n<\/h3><p> Her sayfan\u0131n onu tan\u0131mlayacak bir ad\u0131 vard\u0131r ve bunu o sayfaya at\u0131fta bulunmak i\u00e7in de kullanabilirsiniz. Diyelim ki \u201cSayfa1\u201de ba\u015fvurmak istedi\u011finizi varsayal\u0131m, kod \u015f\u00f6yle olacakt\u0131r: <\/p><div class=\"wp-block-image\"><figure class=\"aligncenter size-large is-resized\"><img loading=\"lazy\" decoding=\"async\" class=\"wp-image-52466\" src=\"https:\/\/exceladvisor.org\/wp-content\/uploads\/2023\/08\/2-se-referer-a-une-feuille-en-utilisant-le-nom.png\" sizes=\"auto, \" srcset=\"\" alt=\"ad\u0131n\u0131 kullanarak bir sayfaya bak\u0131n\" width=\"561\" height=\"329\"><\/figure><\/div><pre class=\"wp-block-code\"> <code class=\"language-visual-basic\" lang=\"visual-basic\">Sheets(\u201cSheet1\u201d) Worksheets(\u201cSheet1\u201d)<\/code><\/pre><p> Yukar\u0131daki iki kod \u201cSayfa1\u201de at\u0131fta bulunmaktad\u0131r.<\/p><h3 class=\"wp-block-heading\"> 2. Numaray\u0131 kullanarak sayfaya bak\u0131n<\/h3><p> Ba\u015fvuruda bulunmak i\u00e7in bir sayfa numaras\u0131 da kullanabilirsiniz. Bir sayfan\u0131n \u00e7al\u0131\u015fma kitab\u0131nda be\u015finci konumda oldu\u011funu varsayal\u0131m, ona ba\u015fvurmak i\u00e7in bu numaray\u0131 kullanabilirsiniz.<\/p><pre class=\"wp-block-code\"> <code class=\"language-visual-basic\" lang=\"visual-basic\">Sheets (5) Worksheets (5)<\/code><\/pre><p> \u015eimdi yukar\u0131da iki farkl\u0131 \u015fekilde \u00e7al\u0131\u015fan iki kod sat\u0131r\u0131 var. \u0130lk sat\u0131r \u00e7al\u0131\u015fma kitab\u0131ndaki 5. sayfay\u0131, ikincisi ise 5. \u00e7al\u0131\u015fma sayfas\u0131n\u0131 ifade eder. <\/p><div class=\"wp-block-image\"><figure class=\"aligncenter size-large is-resized\"><img loading=\"lazy\" decoding=\"async\" class=\"wp-image-52467\" src=\"https:\/\/exceladvisor.org\/wp-content\/uploads\/2023\/08\/3-se-referer-a-une-feuille-en-utilisant-le-numero.png\" sizes=\"auto, \" srcset=\"\" alt=\"bir say\u0131 kullanarak bir sayfaya bak\u0131n\" width=\"551\" height=\"199\"><\/figure><\/div><h3 class=\"wp-block-heading\"> 3. ActiveSheet&#8217;e bak\u0131n<\/h3><p> Bir sayfa zaten etkinse, ad\u0131 yerine &#8220;Activesheet&#8221; anahtar s\u00f6zc\u00fc\u011f\u00fcn\u00fc kullanarak ona ba\u015fvurabilirsiniz.<\/p><pre class=\"wp-block-code\"> <code class=\"language-visual-basic\" lang=\"visual-basic\">ActiveSheet<\/code><\/pre><p> ActiveSheet&#8217;te bir aktivite ger\u00e7ekle\u015ftirmek istiyorsan\u0131z &#8220;Activesheet&#8221; nesnesini kullanabilirsiniz ancak kullanmazsan\u0131z VBA yine de aktif sayfada aktiviteyi ger\u00e7ekle\u015ftirecektir.<\/p><p> <strong>Okuyun:<\/strong> VBA Kullanarak Bir Aral\u0131k Se\u00e7in<\/p><h3 class=\"wp-block-heading\"> 4. Kod penceresi ad\u0131n\u0131 kullanarak bir sayfaya bak\u0131n<\/h3><p> Her sayfan\u0131n kendi kod penceresi vard\u0131r ve bu kod penceresinin bir ad\u0131 vard\u0131r. Genellikle bir kullan\u0131c\u0131 sayfa ad\u0131n\u0131 sekmeden de\u011fi\u015ftirebilir, ancak kod penceresinde sahip oldu\u011funuz ad, siz bunu \u00f6zelliklerden yapmad\u0131\u011f\u0131n\u0131z s\u00fcrece de\u011fi\u015ftirilemez.<\/p><p> Geli\u015ftirici sekmesinden Visual Basic D\u00fczenleyicisi&#8217;ni a\u00e7\u0131n ve \u00f6zellikler b\u00f6l\u00fcm\u00fcnde se\u00e7ti\u011finiz sayfan\u0131n ad\u0131n\u0131 g\u00f6rebilirsiniz. <\/p><div class=\"wp-block-image\"><figure class=\"aligncenter size-large is-resized\"><img loading=\"lazy\" decoding=\"async\" class=\"wp-image-52468\" src=\"https:\/\/exceladvisor.org\/wp-content\/uploads\/2023\/08\/4-se-referer-a-une-feuille-en-utilisant-le-code.png\" sizes=\"auto, \" srcset=\"\" alt=\"kodu kullanarak bir sayfaya bak\u0131n\" width=\"309\" height=\"322\"><\/figure><\/div><p> Ayr\u0131ca bu ismi \u00f6zellikler k\u0131sm\u0131ndan da de\u011fi\u015ftirebilirsiniz. <\/p><div class=\"wp-block-image\"><figure class=\"aligncenter size-large is-resized\"><img loading=\"lazy\" decoding=\"async\" class=\"wp-image-52469\" src=\"https:\/\/exceladvisor.org\/wp-content\/uploads\/2023\/08\/5-en-utilisant-le-nom-de-la-fenetre-de-code.png\" sizes=\"auto, \" srcset=\"\" alt=\"kod-pencere-ad\u0131n\u0131 kullanma\" width=\"365\" height=\"152\"><\/figure><\/div><p> Art\u0131k kod penceresi ad\u0131n\u0131 kullanarak buna ba\u015fvurabilirsiniz.<\/p><pre class=\"wp-block-code\"> <code class=\"language-visual-basic\" lang=\"visual-basic\">mySheet<\/code><\/pre><h3 class=\"wp-block-heading\"> 5. Birden Fazla Sayfaya Bak\u0131n<\/h3><p> Ayr\u0131ca tek bir kod sat\u0131r\u0131 kullanarak birden fazla sayfaya ayn\u0131 anda ba\u015fvuruda bulunabilirsiniz. Bunun i\u00e7in t\u0131pk\u0131 a\u015fa\u011f\u0131daki koddaki gibi bir dizi kullanabilirsiniz.<\/p><pre class=\"wp-block-code\"> <code class=\"language-visual-basic\" lang=\"visual-basic\">Sheets(Array(\"Sheet1\", \"Sheet2\"))<\/code><\/pre><p> Bu kod &#8220;Sayfa1&#8221; ve &#8220;Sayfa2&#8243;ye at\u0131fta bulunur, ancak birden fazla sayfaya at\u0131fta bulunurken anlaman\u0131z gereken bir \u015fey vard\u0131r; kullanamayaca\u011f\u0131n\u0131z birka\u00e7 y\u00f6ntem ve \u00f6zellik vard\u0131r.<\/p><h3 class=\"wp-block-heading\"> 6. Ba\u015fka bir \u00e7al\u0131\u015fma kitab\u0131ndaki sayfaya bak\u0131n<\/h3><p> Bir \u00e7al\u0131\u015fma sayfas\u0131 veya sayfa, bir \u00e7al\u0131\u015fma kitab\u0131ndaki \u00e7al\u0131\u015fma sayfalar\u0131 koleksiyonunun bir par\u00e7as\u0131d\u0131r ve etkin \u00e7al\u0131\u015fma kitab\u0131 d\u0131\u015f\u0131nda belirli bir sayfaya ba\u015fvurmak istiyorsan\u0131z, \u00f6nce o \u00e7al\u0131\u015fma kitab\u0131na ba\u015fvurman\u0131z gerekir.<\/p><pre class=\"wp-block-code\"> <code class=\"language-visual-basic\" lang=\"visual-basic\">Workbooks(\"Book1\").Sheets(\"Sheet1\")<\/code><\/pre><p> <a href=\"https:\/\/exceladvisor.org\/tr\/makro-2yi-calistir\/\">Bu kodu \u00e7al\u0131\u015ft\u0131rmak<\/a> i\u00e7in \u201cKitap1\u201d a\u00e7\u0131k olmal\u0131d\u0131r.<\/p><h2 class=\"wp-block-heading\"> Bir sayfa veya \u00e7al\u0131\u015fma sayfas\u0131yla ilgili \u00f6zellikler, y\u00f6ntemler ve olaylar<\/h2><p> VBA&#8217;da her Excel nesnesinin kullanabilece\u011finiz \u00f6zellikleri, y\u00f6ntemleri ve olaylar\u0131 vard\u0131r ve ayn\u0131 \u015fekilde onunla birlikte gelen \u00f6zellik ve y\u00f6ntemlere de eri\u015febilirsiniz. Bir \u00e7al\u0131\u015fma sayfas\u0131n\u0131 belirledikten sonra bir nokta (.) yaz\u0131n, listeyi alacaks\u0131n\u0131z. <\/p><div class=\"wp-block-image\"><figure class=\"aligncenter size-large is-resized\"><img loading=\"lazy\" decoding=\"async\" class=\"wp-image-52470\" src=\"https:\/\/exceladvisor.org\/wp-content\/uploads\/2023\/08\/6-evenements-lies-a-une-feuille.png\" sizes=\"auto, \" srcset=\"\" alt=\"bir-sayfayla-ba\u011flant\u0131l\u0131-olaylar\" width=\"494\" height=\"365\"><\/figure><\/div><p> Bu listede el g\u00f6rebilece\u011finiz t\u00fcm simgeler \u00f6zellikler, ye\u015fil tu\u011flan\u0131n bulundu\u011fu simgeler ise y\u00f6ntemlerdir.<\/p><h3 class=\"wp-block-heading\"> M\u00fclk \u00d6rne\u011fi<\/h3><p> Diyelim ki \u00e7al\u0131\u015fma sayfas\u0131 sekmesinin rengini de\u011fi\u015ftirmek istiyorsunuz. Bu durumda \u00e7al\u0131\u015fma sayfas\u0131n\u0131n SEKME \u00f6zelli\u011fini kullanabilirsiniz.<\/p><pre class=\"wp-block-code\"> <code class=\"language-visual-basic\" lang=\"visual-basic\">mySheet.Tab.ThemeColor = xlThemeColorAccent2<\/code><\/pre><p> Yukar\u0131daki kod sat\u0131r\u0131nda, \u00e7al\u0131\u015fma sayfas\u0131 sekmesinin rengini de\u011fi\u015ftirmek i\u00e7in tab \u00f6zelli\u011fine ve ba\u015fka bir tema rengi \u00f6zelli\u011fine sahipsiniz.<\/p><h3 class=\"wp-block-heading\"> \u00d6rnek y\u00f6ntem<\/h3><p> Ayn\u0131 \u015fekilde e-tablolarda sunulan y\u00f6ntemleri de kullanabilirsiniz. En yayg\u0131n y\u00f6ntemlerden biri, bir sayfay\u0131 se\u00e7mek i\u00e7in kullanabilece\u011finiz \u201cSe\u00e7\u201d y\u00f6ntemidir.<\/p><pre class=\"wp-block-code\"> <code class=\"language-visual-basic\" lang=\"visual-basic\">mySheet.Select<\/code><\/pre><p> Bu kodu \u00e7al\u0131\u015ft\u0131rd\u0131\u011f\u0131n\u0131z anda aktif \u00e7al\u0131\u015fma kitab\u0131nda &#8220;mySheet&#8221; se\u00e7ilir.<\/p><h3 class=\"wp-block-heading\"> \u00d6rnek olay<\/h3><p> Baz\u0131 olaylar bir \u00e7al\u0131\u015fma sayfas\u0131yla ili\u015fkilendirilir. \u00d6rne\u011fin, bir sayfay\u0131 etkinle\u015ftirdi\u011finizde bu bir olayd\u0131r ve benzer \u015fekilde, sayfada bir \u015feyi de\u011fi\u015ftirdi\u011finizde de bu bir olayd\u0131r. Bir olay (\u00e7al\u0131\u015fma sayfas\u0131nda de\u011fi\u015fiklik) meydana geldi\u011finde \u00e7al\u0131\u015ft\u0131r\u0131lacak kodunuzun bulundu\u011fu a\u015fa\u011f\u0131daki koda bak\u0131n. <\/p><div class=\"wp-block-image\"><figure class=\"aligncenter size-large is-resized\"><img loading=\"lazy\" decoding=\"async\" class=\"wp-image-52471\" src=\"https:\/\/exceladvisor.org\/wp-content\/uploads\/2023\/08\/7-exemple-devenement.png\" sizes=\"auto, \" srcset=\"\" alt=\"olay \u00f6rne\u011fi\" width=\"668\" height=\"211\"><\/figure><\/div><pre class=\"wp-block-code\"> <code class=\"language-visual-basic\" lang=\"visual-basic\">Private Sub Worksheet_SelectionChange(ByVal Target As Range) Range(\"A1\").Value = Range(\"A1\").Value + 1 End Sub<\/code><\/pre><p> Bu kod, \u00e7al\u0131\u015fma sayfas\u0131nda her de\u011fi\u015fiklik yapt\u0131\u011f\u0131n\u0131zda sayfan\u0131n A1 h\u00fccresine bir de\u011fer girer.<\/p><h2 class=\"wp-block-heading\"> Bir \u00e7al\u0131\u015fma sayfas\u0131 nesnesi bildirme<\/h2><p> Ayr\u0131ca bir de\u011fi\u015fkeni \u00e7al\u0131\u015fma sayfas\u0131 olarak da bildirebilirsiniz; bu, s\u00f6z konusu \u00e7al\u0131\u015fma sayfas\u0131n\u0131n VBA kodunda kullan\u0131lmas\u0131n\u0131 kolayla\u015ft\u0131r\u0131r. \u00d6nce DIM anahtar s\u00f6zc\u00fc\u011f\u00fcn\u00fc, ard\u0131ndan de\u011fi\u015fken ad\u0131n\u0131 kullan\u0131n. Bundan sonra nesne t\u00fcr\u00fcn\u00fc \u00c7al\u0131\u015fma Sayfas\u0131 olarak belirtin. <\/p><div class=\"wp-block-image\"><figure class=\"aligncenter size-large is-resized\"><img loading=\"lazy\" decoding=\"async\" class=\"wp-image-52472\" src=\"https:\/\/exceladvisor.org\/wp-content\/uploads\/2023\/08\/8-declarer-un-objet-feuille-de-calcul.png\" sizes=\"auto, \" srcset=\"\" alt=\"bir-e-tablo-nesnesini ilan et\" width=\"365\" height=\"250\"><\/figure><\/div><div class=\"gb-container gb-container-4db6181c gb-container-mt\"> <a class=\"gb-button gb-button-c5897111 gb-button-text gb-button-mt-button\" href=\"https:\/\/exceladvisor.org\/tr\/vba\/\">VBA nedir<\/a><h2 class=\"gb-headline gb-headline-665e5f6b gb-headline-text gb-headline-mt-heading\"> \u0130lgili e\u011fitimler <\/h2><div class=\"gb-grid-wrapper gb-grid-wrapper-a20baf7c gb-grid-wrapper-mt-grid\"><div class=\"gb-grid-column gb-grid-column-65ddf67e\"><div class=\"gb-container gb-container-65ddf67e\"><ul><li> <a href=\"https:\/\/exceladvisor.org\/tr\/temiz-sayfa\/\">Excel&#8217;de VBA kullanarak bir sayfan\u0131n tamam\u0131n\u0131 TEM\u0130ZLEY\u0130N<\/a><\/li><li> <a href=\"https:\/\/exceladvisor.org\/tr\/sayfayi-kopyala\/\">VBA&#8217;y\u0131 kullanarak Excel&#8217;de bir sayfay\u0131 kopyalay\u0131n ve ta\u015f\u0131y\u0131n<\/a><\/li><li> <a href=\"https:\/\/exceladvisor.org\/tr\/yapraklari-say\/\">Excel&#8217;de VBA kullanan COUNT Sayfa<\/a><\/li><li> <a href=\"https:\/\/exceladvisor.org\/tr\/bir-sayfayi-sil-1\/\">Excel&#8217;de VBA kullanarak bir SAYFAYI S\u0130L\u0130N<\/a><\/li><li> <a href=\"https:\/\/exceladvisor.org\/tr\/sayfayi-gizle\/\">Excel&#8217;de VBA kullanarak bir sayfay\u0131 gizleme ve g\u00f6sterme<\/a> <\/li><\/ul><\/div><\/div><div class=\"gb-grid-column gb-grid-column-50067b57\"><div class=\"gb-container gb-container-50067b57\"><\/div><\/div><\/div><\/div>","protected":false},"excerpt":{"rendered":"","protected":false},"author":1,"featured_media":0,"parent":0,"menu_order":0,"comment_status":"open","ping_status":"closed","template":"","meta":{"ub_ctt_via":"","footnotes":""},"class_list":["post-2037","page","type-page","status-publish","hentry"],"featured_image_src":null,"yoast_head":"<!-- This site is optimized with the Yoast SEO plugin v25.4 - https:\/\/yoast.com\/wordpress\/plugins\/seo\/ -->\n<title>VBA&#039;da Excel elektronik tablosu nas\u0131l kullan\u0131l\u0131r?<\/title>\n<meta name=\"description\" content=\"Bu \u00f6\u011freticide, VBA kodunda bir \u00e7al\u0131\u015fma sayfas\u0131na veya sayfaya nas\u0131l ba\u015fvurulaca\u011f\u0131n\u0131 \u00f6\u011frenebilirsiniz.\" \/>\n<meta name=\"robots\" content=\"index, follow, max-snippet:-1, max-image-preview:large, max-video-preview:-1\" \/>\n<link rel=\"canonical\" href=\"https:\/\/exceladvisor.org\/tr\/calisma-sayfasi-1\/\" \/>\n<meta property=\"og:locale\" content=\"tr_TR\" \/>\n<meta property=\"og:type\" content=\"article\" \/>\n<meta property=\"og:title\" content=\"VBA&#039;da Excel elektronik tablosu nas\u0131l kullan\u0131l\u0131r?\" \/>\n<meta property=\"og:description\" content=\"Bu \u00f6\u011freticide, VBA kodunda bir \u00e7al\u0131\u015fma sayfas\u0131na veya sayfaya nas\u0131l ba\u015fvurulaca\u011f\u0131n\u0131 \u00f6\u011frenebilirsiniz.\" \/>\n<meta property=\"og:url\" content=\"https:\/\/exceladvisor.org\/tr\/calisma-sayfasi-1\/\" \/>\n<meta property=\"og:site_name\" content=\"Excel Advisor\" \/>\n<meta property=\"article:modified_time\" content=\"2023-12-10T06:07:40+00:00\" \/>\n<meta property=\"og:image\" content=\"https:\/\/exceladvisor.org\/wp-content\/uploads\/2023\/08\/1-feuille-vs-feuilles-de-travail.png\" \/>\n<meta name=\"twitter:card\" content=\"summary_large_image\" \/>\n<meta name=\"twitter:label1\" content=\"Tahmini okuma s\u00fcresi\" \/>\n\t<meta name=\"twitter:data1\" content=\"5 dakika\" \/>\n<script type=\"application\/ld+json\" class=\"yoast-schema-graph\">{\"@context\":\"https:\/\/schema.org\",\"@graph\":[{\"@type\":\"WebPage\",\"@id\":\"https:\/\/exceladvisor.org\/tr\/calisma-sayfasi-1\/\",\"url\":\"https:\/\/exceladvisor.org\/tr\/calisma-sayfasi-1\/\",\"name\":\"VBA&#39;da Excel elektronik tablosu nas\u0131l kullan\u0131l\u0131r?\",\"isPartOf\":{\"@id\":\"https:\/\/exceladvisor.org\/tr\/#website\"},\"primaryImageOfPage\":{\"@id\":\"https:\/\/exceladvisor.org\/tr\/calisma-sayfasi-1\/#primaryimage\"},\"image\":{\"@id\":\"https:\/\/exceladvisor.org\/tr\/calisma-sayfasi-1\/#primaryimage\"},\"thumbnailUrl\":\"https:\/\/exceladvisor.org\/wp-content\/uploads\/2023\/08\/1-feuille-vs-feuilles-de-travail.png\",\"datePublished\":\"2023-10-23T18:56:08+00:00\",\"dateModified\":\"2023-12-10T06:07:40+00:00\",\"description\":\"Bu \u00f6\u011freticide, VBA kodunda bir \u00e7al\u0131\u015fma sayfas\u0131na veya sayfaya nas\u0131l ba\u015fvurulaca\u011f\u0131n\u0131 \u00f6\u011frenebilirsiniz.\",\"breadcrumb\":{\"@id\":\"https:\/\/exceladvisor.org\/tr\/calisma-sayfasi-1\/#breadcrumb\"},\"inLanguage\":\"tr\",\"potentialAction\":[{\"@type\":\"ReadAction\",\"target\":[\"https:\/\/exceladvisor.org\/tr\/calisma-sayfasi-1\/\"]}]},{\"@type\":\"ImageObject\",\"inLanguage\":\"tr\",\"@id\":\"https:\/\/exceladvisor.org\/tr\/calisma-sayfasi-1\/#primaryimage\",\"url\":\"https:\/\/exceladvisor.org\/wp-content\/uploads\/2023\/08\/1-feuille-vs-feuilles-de-travail.png\",\"contentUrl\":\"https:\/\/exceladvisor.org\/wp-content\/uploads\/2023\/08\/1-feuille-vs-feuilles-de-travail.png\"},{\"@type\":\"BreadcrumbList\",\"@id\":\"https:\/\/exceladvisor.org\/tr\/calisma-sayfasi-1\/#breadcrumb\",\"itemListElement\":[{\"@type\":\"ListItem\",\"position\":1,\"name\":\"Ev\",\"item\":\"https:\/\/exceladvisor.org\/tr\/\"},{\"@type\":\"ListItem\",\"position\":2,\"name\":\"Vba&#39;da excel elektronik tablosu nas\u0131l kullan\u0131l\u0131r?\"}]},{\"@type\":\"WebSite\",\"@id\":\"https:\/\/exceladvisor.org\/tr\/#website\",\"url\":\"https:\/\/exceladvisor.org\/tr\/\",\"name\":\"Excel Advisor\",\"description\":\"Veri hakimiyetine y\u00f6nelik nihai rehberiniz!\",\"publisher\":{\"@id\":\"https:\/\/exceladvisor.org\/tr\/#organization\"},\"potentialAction\":[{\"@type\":\"SearchAction\",\"target\":{\"@type\":\"EntryPoint\",\"urlTemplate\":\"https:\/\/exceladvisor.org\/tr\/?s={search_term_string}\"},\"query-input\":{\"@type\":\"PropertyValueSpecification\",\"valueRequired\":true,\"valueName\":\"search_term_string\"}}],\"inLanguage\":\"tr\"},{\"@type\":\"Organization\",\"@id\":\"https:\/\/exceladvisor.org\/tr\/#organization\",\"name\":\"Excel Advisor\",\"url\":\"https:\/\/exceladvisor.org\/tr\/\",\"logo\":{\"@type\":\"ImageObject\",\"inLanguage\":\"tr\",\"@id\":\"https:\/\/exceladvisor.org\/tr\/#\/schema\/logo\/image\/\",\"url\":\"https:\/\/exceladvisor.org\/tr\/wp-content\/uploads\/2023\/12\/exceladvisor.org_.png\",\"contentUrl\":\"https:\/\/exceladvisor.org\/tr\/wp-content\/uploads\/2023\/12\/exceladvisor.org_.png\",\"width\":105,\"height\":36,\"caption\":\"Excel Advisor\"},\"image\":{\"@id\":\"https:\/\/exceladvisor.org\/tr\/#\/schema\/logo\/image\/\"}}]}<\/script>\n<!-- \/ Yoast SEO plugin. -->","yoast_head_json":{"title":"VBA&#39;da Excel elektronik tablosu nas\u0131l kullan\u0131l\u0131r?","description":"Bu \u00f6\u011freticide, VBA kodunda bir \u00e7al\u0131\u015fma sayfas\u0131na veya sayfaya nas\u0131l ba\u015fvurulaca\u011f\u0131n\u0131 \u00f6\u011frenebilirsiniz.","robots":{"index":"index","follow":"follow","max-snippet":"max-snippet:-1","max-image-preview":"max-image-preview:large","max-video-preview":"max-video-preview:-1"},"canonical":"https:\/\/exceladvisor.org\/tr\/calisma-sayfasi-1\/","og_locale":"tr_TR","og_type":"article","og_title":"VBA&#39;da Excel elektronik tablosu nas\u0131l kullan\u0131l\u0131r?","og_description":"Bu \u00f6\u011freticide, VBA kodunda bir \u00e7al\u0131\u015fma sayfas\u0131na veya sayfaya nas\u0131l ba\u015fvurulaca\u011f\u0131n\u0131 \u00f6\u011frenebilirsiniz.","og_url":"https:\/\/exceladvisor.org\/tr\/calisma-sayfasi-1\/","og_site_name":"Excel Advisor","article_modified_time":"2023-12-10T06:07:40+00:00","og_image":[{"url":"https:\/\/exceladvisor.org\/wp-content\/uploads\/2023\/08\/1-feuille-vs-feuilles-de-travail.png","type":"","width":"","height":""}],"twitter_card":"summary_large_image","twitter_misc":{"Tahmini okuma s\u00fcresi":"5 dakika"},"schema":{"@context":"https:\/\/schema.org","@graph":[{"@type":"WebPage","@id":"https:\/\/exceladvisor.org\/tr\/calisma-sayfasi-1\/","url":"https:\/\/exceladvisor.org\/tr\/calisma-sayfasi-1\/","name":"VBA&#39;da Excel elektronik tablosu nas\u0131l kullan\u0131l\u0131r?","isPartOf":{"@id":"https:\/\/exceladvisor.org\/tr\/#website"},"primaryImageOfPage":{"@id":"https:\/\/exceladvisor.org\/tr\/calisma-sayfasi-1\/#primaryimage"},"image":{"@id":"https:\/\/exceladvisor.org\/tr\/calisma-sayfasi-1\/#primaryimage"},"thumbnailUrl":"https:\/\/exceladvisor.org\/wp-content\/uploads\/2023\/08\/1-feuille-vs-feuilles-de-travail.png","datePublished":"2023-10-23T18:56:08+00:00","dateModified":"2023-12-10T06:07:40+00:00","description":"Bu \u00f6\u011freticide, VBA kodunda bir \u00e7al\u0131\u015fma sayfas\u0131na veya sayfaya nas\u0131l ba\u015fvurulaca\u011f\u0131n\u0131 \u00f6\u011frenebilirsiniz.","breadcrumb":{"@id":"https:\/\/exceladvisor.org\/tr\/calisma-sayfasi-1\/#breadcrumb"},"inLanguage":"tr","potentialAction":[{"@type":"ReadAction","target":["https:\/\/exceladvisor.org\/tr\/calisma-sayfasi-1\/"]}]},{"@type":"ImageObject","inLanguage":"tr","@id":"https:\/\/exceladvisor.org\/tr\/calisma-sayfasi-1\/#primaryimage","url":"https:\/\/exceladvisor.org\/wp-content\/uploads\/2023\/08\/1-feuille-vs-feuilles-de-travail.png","contentUrl":"https:\/\/exceladvisor.org\/wp-content\/uploads\/2023\/08\/1-feuille-vs-feuilles-de-travail.png"},{"@type":"BreadcrumbList","@id":"https:\/\/exceladvisor.org\/tr\/calisma-sayfasi-1\/#breadcrumb","itemListElement":[{"@type":"ListItem","position":1,"name":"Ev","item":"https:\/\/exceladvisor.org\/tr\/"},{"@type":"ListItem","position":2,"name":"Vba&#39;da excel elektronik tablosu nas\u0131l kullan\u0131l\u0131r?"}]},{"@type":"WebSite","@id":"https:\/\/exceladvisor.org\/tr\/#website","url":"https:\/\/exceladvisor.org\/tr\/","name":"Excel Advisor","description":"Veri hakimiyetine y\u00f6nelik nihai rehberiniz!","publisher":{"@id":"https:\/\/exceladvisor.org\/tr\/#organization"},"potentialAction":[{"@type":"SearchAction","target":{"@type":"EntryPoint","urlTemplate":"https:\/\/exceladvisor.org\/tr\/?s={search_term_string}"},"query-input":{"@type":"PropertyValueSpecification","valueRequired":true,"valueName":"search_term_string"}}],"inLanguage":"tr"},{"@type":"Organization","@id":"https:\/\/exceladvisor.org\/tr\/#organization","name":"Excel Advisor","url":"https:\/\/exceladvisor.org\/tr\/","logo":{"@type":"ImageObject","inLanguage":"tr","@id":"https:\/\/exceladvisor.org\/tr\/#\/schema\/logo\/image\/","url":"https:\/\/exceladvisor.org\/tr\/wp-content\/uploads\/2023\/12\/exceladvisor.org_.png","contentUrl":"https:\/\/exceladvisor.org\/tr\/wp-content\/uploads\/2023\/12\/exceladvisor.org_.png","width":105,"height":36,"caption":"Excel Advisor"},"image":{"@id":"https:\/\/exceladvisor.org\/tr\/#\/schema\/logo\/image\/"}}]}},"yoast_meta":{"yoast_wpseo_title":"","yoast_wpseo_metadesc":"","yoast_wpseo_canonical":""},"_links":{"self":[{"href":"https:\/\/exceladvisor.org\/tr\/wp-json\/wp\/v2\/pages\/2037","targetHints":{"allow":["GET"]}}],"collection":[{"href":"https:\/\/exceladvisor.org\/tr\/wp-json\/wp\/v2\/pages"}],"about":[{"href":"https:\/\/exceladvisor.org\/tr\/wp-json\/wp\/v2\/types\/page"}],"author":[{"embeddable":true,"href":"https:\/\/exceladvisor.org\/tr\/wp-json\/wp\/v2\/users\/1"}],"replies":[{"embeddable":true,"href":"https:\/\/exceladvisor.org\/tr\/wp-json\/wp\/v2\/comments?post=2037"}],"version-history":[{"count":1,"href":"https:\/\/exceladvisor.org\/tr\/wp-json\/wp\/v2\/pages\/2037\/revisions"}],"predecessor-version":[{"id":2944,"href":"https:\/\/exceladvisor.org\/tr\/wp-json\/wp\/v2\/pages\/2037\/revisions\/2944"}],"wp:attachment":[{"href":"https:\/\/exceladvisor.org\/tr\/wp-json\/wp\/v2\/media?parent=2037"}],"curies":[{"name":"wp","href":"https:\/\/api.w.org\/{rel}","templated":true}]}}