{"id":2039,"date":"2023-10-23T06:08:32","date_gmt":"2023-10-23T06:08:32","guid":{"rendered":"https:\/\/exceladvisor.org\/tr\/iferror-gorunumu\/"},"modified":"2023-12-10T06:01:14","modified_gmt":"2023-12-10T06:01:14","slug":"iferror-gorunumu","status":"publish","type":"page","link":"https:\/\/exceladvisor.org\/tr\/iferror-gorunumu\/","title":{"rendered":"Excel&#39;de d\u00fc\u015feyara ile e\u011ferhata nas\u0131l kullan\u0131l\u0131r?"},"content":{"rendered":"<div class=\"excel-icerikten-once\" id=\"excel-544570514\"><script type=\"text\/javascript\">\r\n\tatOptions = {\r\n\t\t'key' : 'c1158f160081d6540a8409e6925dab94',\r\n\t\t'format' : 'iframe',\r\n\t\t'height' : 250,\r\n\t\t'width' : 300,\r\n\t\t'params' : {}\r\n\t};\r\n<\/script>\r\n<script type=\"text\/javascript\" src=\"\/\/www.highperformanceformat.com\/c1158f160081d6540a8409e6925dab94\/invoke.js\"><\/script><\/div> <p>D\u00dc\u015eEYARA&#8217;y\u0131 kullan\u0131rken arad\u0131\u011f\u0131n\u0131z de\u011fer veride bulunmad\u0131\u011f\u0131nda #YOK hatas\u0131 al\u0131rs\u0131n\u0131z. Basit bir ifadeyle, D\u00dc\u015eEYARA de\u011feri bulamad\u0131\u011f\u0131nda #YOK de\u011ferini d\u00f6nd\u00fcr\u00fcr.<\/p><p> <b>\u00d6rne\u011fin<\/b> , \u00e7al\u0131\u015fan adlar\u0131ndan olu\u015fan bir listeniz var ve &#8220;John&#8221; ad\u0131n\u0131 aramak istiyorsunuz. Ancak ne yaz\u0131k ki listede bu isim yok. <\/p><div class=\"wp-block-image\"><figure class=\"aligncenter\"><img decoding=\"async\" src=\"https:\/\/exceladvisor.org\/wp-content\/uploads\/2023\/08\/iferror-avec-vlookup-pour-eviter-une-erreur-1.png\" sizes=\"\" srcset=\"\" alt=\"\"><\/figure><\/div><p> \u015eimdi bu durumda D\u00dc\u015eEYARA #YOK de\u011ferini d\u00f6nd\u00fcrecektir. Bu hatan\u0131n nedenini biliyorsunuz ama belki herkes bilmiyor. Dolay\u0131s\u0131yla en iyi yol #N\/A&#8217;y\u0131 g\u00fcmr\u00fck de\u011feriyle de\u011fi\u015ftirmektir, b\u00f6ylece herkes bu hatan\u0131n neden orada oldu\u011funu anlayabilir.<\/p><p> #YOK hatas\u0131n\u0131 de\u011fi\u015ftirmenin en iyi yolu E\u011eERHATA&#8217;y\u0131 D\u00dc\u015eEYARA ile kullanmakt\u0131r. E\u011eERHATA, bir de\u011feri de\u011ferlendirmenize yard\u0131mc\u0131 olabilecek bir i\u015flevdir ve bu de\u011fer bir hataysa, o hata yerine \u00f6zel bir de\u011fer d\u00f6nd\u00fcr\u00fcr.<\/p><p> Bug\u00fcn bu makalede, E\u011eERHATA ile birle\u015ftirilerek #YOK hatas\u0131 olmadan D\u00dc\u015eEYARA&#8217;y\u0131 nas\u0131l kullanaca\u011f\u0131n\u0131z\u0131 \u00f6\u011freneceksiniz. Ancak bu iki i\u015flevi birle\u015ftirmeden \u00f6nce E\u011eERHATA&#8217;n\u0131n nas\u0131l \u00e7al\u0131\u015ft\u0131\u011f\u0131n\u0131 anlaman\u0131z gerekir.<\/p><h2 class=\"wp-block-heading\"> E\u011eERHATA nas\u0131l \u00e7al\u0131\u015f\u0131r?<\/h2><p> E\u011eERHATA i\u015flevinde iki \u015feyi belirtmeniz gerekir. Birincisi, de\u011ferlendirmek istedi\u011finiz de\u011fer ve <b>ikincisi<\/b> , her hata olu\u015ftu\u011funda istedi\u011finiz \u00f6zel de\u011fer. E\u011eERHATA s\u00f6zdizimini burada bulabilirsiniz:<\/p><p class=\"formula\"> E\u011eERHATA(de\u011fer; hata_varsa_de\u011fer)<\/p><ul><li> de\u011fer: de\u011ferlendirilecek bir de\u011fer.<\/li><li> value_if_error: Bir hata olu\u015ftu\u011funda geri almak istedi\u011finiz de\u011fer. <\/li><\/ul><div class=\"wp-block-image\"><figure class=\"aligncenter\"><img decoding=\"async\" src=\"https:\/\/exceladvisor.org\/wp-content\/uploads\/2023\/08\/comment-utiliser-iferror-avec-vlookup-1.png\" sizes=\"\" srcset=\"\" alt=\"\"><\/figure><\/div><ol><li> <b><strong>\u0130lk olarak<\/strong><\/b> E\u011eERHATA de\u011feri de\u011ferlendirir.<\/li><li> <b>Bundan sonra<\/b> de\u011fer bir hata ise, hata i\u00e7in belirtti\u011finiz de\u011feri, aksi halde de\u011ferin kendisini d\u00f6nd\u00fcr\u00fcr.<\/li><\/ol><h2 class=\"wp-block-heading\"> E\u011eERHATA&#8217;y\u0131 D\u00dc\u015eEYARA ile birle\u015ftirme<\/h2><p> \u015eimdi D\u00dc\u015eEYARA ve E\u011eERHATA&#8217;y\u0131 birle\u015ftirmenin zaman\u0131 geldi. Bunu yapmak i\u00e7in E\u011eERHATA&#8217;da de\u011feri D\u00dc\u015eEYARA ile de\u011fi\u015ftirmeniz yeterlidir.<\/p><p> Ve <b>hata_varsa_de\u011fer ba\u011f\u0131ms\u0131z de\u011fi\u015fkeni<\/b> i\u00e7in, D\u00dc\u015eEYARA #YOK sonucunu verdi\u011finde d\u00f6nd\u00fcrmek istedi\u011finiz de\u011feri belirtin.<\/p><p> A\u015fa\u011f\u0131daki \u00f6rnekte, e\u011fer hata_de\u011feri ba\u011f\u0131ms\u0131z de\u011fi\u015fkeni i\u00e7in &#8220;Bulunamad\u0131&#8221; ifadesini kulland\u0131n\u0131z. Hata ald\u0131\u011f\u0131n\u0131z t\u00fcm h\u00fccrelerde &#8220;Bulunamad\u0131&#8221; sonucunu verdi. <\/p><div class=\"wp-block-image\"><figure class=\"aligncenter\"><img decoding=\"async\" src=\"https:\/\/exceladvisor.org\/wp-content\/uploads\/2023\/08\/combiner-iferror-avec-vlookup-1.png\" sizes=\"\" srcset=\"\" alt=\"\"><\/figure><\/div><h2 class=\"wp-block-heading\"> \u0130ki fonksiyon nas\u0131l \u00e7al\u0131\u015f\u0131r?<\/h2><p> Bu kombinasyonda iki fonksiyon s\u0131rayla \u00e7al\u0131\u015f\u0131r. \u00d6ncelikle D\u00dc\u015eEYARA her zaman nas\u0131l \u00e7al\u0131\u015f\u0131yorsa ayn\u0131 \u015fekilde \u00e7al\u0131\u015f\u0131r. Bir de\u011fer arar ve bulunursa sonu\u00e7 de\u011ferini d\u00f6nd\u00fcr\u00fcr, aksi halde bir hata verir. <\/p><div class=\"wp-block-image\"><figure class=\"aligncenter\"><img decoding=\"async\" src=\"https:\/\/exceladvisor.org\/wp-content\/uploads\/2023\/08\/comment-iferror-avec-vlookup-fonctionne-1.png\" sizes=\"\" srcset=\"\" alt=\"\"><\/figure><\/div><p> <b>\u0130kinci olarak<\/b> E\u011eERHATA, D\u00dc\u015eEYARA sonucunu de\u011ferlendirir. Ve bu sonu\u00e7 bir hataysa, bu hatay\u0131 belirtti\u011finiz \u00f6zel de\u011ferle de\u011fi\u015ftirir. Aksi takdirde hi\u00e7bir \u015fey yapmaz ve D\u00dc\u015eEYARA&#8217;n\u0131n d\u00f6nd\u00fcrd\u00fc\u011f\u00fc sonucun ayn\u0131s\u0131n\u0131 al\u0131rs\u0131n\u0131z. <\/p><div class=\"wp-block-image\"><figure class=\"aligncenter\"><img decoding=\"async\" src=\"https:\/\/exceladvisor.org\/wp-content\/uploads\/2023\/08\/comment-iferror-avec-vlookup-fonctionne-2-1.png\" sizes=\"\" srcset=\"\" alt=\"\"><\/figure><\/div><h2 class=\"wp-block-heading\"> G\u00f6t\u00fcrmek<\/h2><p> E\u011eERHATA&#8217;n\u0131n t\u00fcm hata t\u00fcrleri i\u00e7in de\u011feri ge\u00e7ersiz k\u0131ld\u0131\u011f\u0131n\u0131 anlamal\u0131s\u0131n\u0131z. B\u00f6ylece t\u00fcm hatalar i\u00e7in ayn\u0131 \u00f6zel de\u011feri elde edersiniz.<\/p><p> Ayr\u0131ca, #YOK d\u0131\u015f\u0131nda bir hata alma olas\u0131l\u0131\u011f\u0131n\u0131z varsa, E\u011eERHATA&#8217;y\u0131 yaln\u0131zca #YOK olarak de\u011ferlendirilen E\u011eER HATA ile de\u011fi\u015ftirebilirsiniz.<\/p><h2 class=\"wp-block-heading\"> Eski s\u00fcr\u00fcmde sorun<\/h2><p> Excel&#8217;in eski s\u00fcr\u00fcm\u00fcnde E\u011eERHATA mevcut de\u011fil. Ancak #N\/A ifadesini her zaman bir g\u00fcmr\u00fck de\u011feriyle de\u011fi\u015ftirebilirsiniz. Bunu yapmak i\u00e7in IF ve ISNA&#8217;y\u0131 D\u00dc\u015eEYARA ile birle\u015ftirmeniz gerekir. Ve form\u00fcl \u015f\u00f6yle olacak:<\/p><pre class=\"wp-block-code\"> <code class=\"language-excel-formula\" lang=\"excel-formula\">=IF(ISNA(VLOOKUP(A1,table,2,FALSE)),\"Not Found\",VLOOKUP(A1,table,2,FALSE))<\/code><\/pre><p> Bu form\u00fclde, D\u00dc\u015eEYARA&#8217;y\u0131 ISNA ile de\u011ferlendirirsiniz (yaln\u0131zca #YOK olarak de\u011ferlendirilir ve DO\u011eRU de\u011ferini d\u00f6nd\u00fcr\u00fcr). Dolay\u0131s\u0131yla D\u00dc\u015eEYARA bir hata d\u00f6nd\u00fcrd\u00fc\u011f\u00fcnde, IFNA bunu DO\u011eRU&#8217;ya d\u00f6n\u00fc\u015ft\u00fcr\u00fcr.<\/p><p> Bundan sonra IF, TRUE i\u00e7in belirtti\u011finiz de\u011feri d\u00f6nd\u00fcr\u00fcr. Aksi takdirde, YANLI\u015e&#8217;\u0131n de\u011feri ayn\u0131 D\u00dc\u015eEYARA form\u00fcl\u00fcd\u00fcr. <\/p><div class=\"gb-container gb-container-52dfcee1 gb-container-sample-file\"><h2 class=\"gb-headline gb-headline-e289c143 gb-headline-text gb-headline-4f7959c2\"> Excel dosyas\u0131n\u0131 al\u0131n<\/h2> <a class=\"gb-button gb-button-e88d6bee gb-button-text gb-button-button1\" href=\"https:\/\/exceladvisor.org\/tr\/a\/\" rel=\"nofollow\">\u0130ndirmek<\/a><\/div><h2 class=\"wp-block-heading\"> \u00c7\u00f6z\u00fcm<\/h2><p> #YOK yerine D\u00dc\u015eEYARA ile birlikte E\u011eERHATA&#8217;y\u0131 her zaman kullanman\u0131z gerekti\u011fine kesinlikle inan\u0131yorum. Bunun temel sebebi ise verinizde say\u0131sal de\u011ferler bulundu\u011funda de\u011ferlerin hatal\u0131 kullan\u0131lmas\u0131n\u0131n m\u00fcmk\u00fcn olmamas\u0131d\u0131r.<\/p><p> \u00d6rne\u011fin <a href=\"https:\/\/exceladvisor.org\/tr\/pivot-tablo-1\/\" data-wpil=\"url\">bir pivot tablonuz varsa<\/a> ve kaynak verilerde #N\/A hatas\u0131 varsa ayn\u0131 hata pivot tabloya da yans\u0131yacakt\u0131r. En iyi yol bu hatay\u0131 \u201c0\u201d ile de\u011fi\u015ftirmektir.<\/p><p> Umar\u0131m bu form\u00fcl ipucunu faydal\u0131 bulmu\u015fsunuzdur. Bu ipucunu arkada\u015flar\u0131n\u0131zla payla\u015f\u0131rsan\u0131z harika olur.<\/p><div class=\"gb-container gb-container-0df56012 gb-container-mt\"> <a class=\"gb-button gb-button-f9f432f4 gb-button-text gb-button-mt-button\" href=\"https:\/\/exceladvisor.org\/tr\/formuller\/\">Excel form\u00fcllerinin listesi<\/a><h2 class=\"gb-headline gb-headline-233444e8 gb-headline-text gb-headline-mt-heading\"> \u0130lgili form\u00fcller <\/h2><div class=\"gb-grid-wrapper gb-grid-wrapper-a16fa65c gb-grid-wrapper-mt-grid\"><div class=\"gb-grid-column gb-grid-column-50d07e0d\"><div class=\"gb-container gb-container-50d07e0d\"><ul><li> <a href=\"https:\/\/exceladvisor.org\/tr\/cift-yonlu-arama\/\">Excel&#8217;de iki y\u00f6nl\u00fc arama ger\u00e7ekle\u015ftirme<\/a><\/li><li> <a href=\"https:\/\/exceladvisor.org\/tr\/geriye-dogru-arama\/\">Excel&#8217;de D\u00dc\u015eEYARA&#8217;y\u0131 ters \u00e7evirme (geriye do\u011fru: sa\u011fdan sola)<\/a><\/li><li> <a href=\"https:\/\/exceladvisor.org\/tr\/vssearch-eslesmesi\/\">Excel&#8217;de D\u00dc\u015eEYARA E\u015eLE\u015eT\u0130RME&#8217;yi birle\u015ftirme<\/a><\/li><li> <a href=\"https:\/\/exceladvisor.org\/tr\/birden-fazla-kritere-goz-atma\/\">Excel&#8217;de birden fazla \u00f6l\u00e7\u00fctle D\u00dc\u015eEYARA<\/a><\/li><li> <a href=\"https:\/\/exceladvisor.org\/tr\/vlookup-ozellikli-joker-karakterler\/\">Excel&#8217;de D\u00dc\u015eEYARA i\u00e7eren joker karakterler<\/a> <\/li><\/ul><\/div><\/div><div class=\"gb-grid-column gb-grid-column-5b4a0cf9\"><div class=\"gb-container gb-container-5b4a0cf9\"><\/div><\/div><\/div><\/div>","protected":false},"excerpt":{"rendered":"","protected":false},"author":1,"featured_media":0,"parent":0,"menu_order":0,"comment_status":"open","ping_status":"closed","template":"","meta":{"ub_ctt_via":"","footnotes":""},"class_list":["post-2039","page","type-page","status-publish","hentry"],"featured_image_src":null,"yoast_head":"<!-- This site is optimized with the Yoast SEO plugin v25.4 - https:\/\/yoast.com\/wordpress\/plugins\/seo\/ -->\n<title>#YOK yerine D\u00dc\u015eEYARA ile E\u011eERHATA nas\u0131l kullan\u0131l\u0131r?<\/title>\n<meta name=\"description\" content=\"D\u00dc\u015eEYARA&#039;y\u0131 kullan\u0131rken, arad\u0131\u011f\u0131n\u0131z de\u011fer verilerde bulunmad\u0131\u011f\u0131nda #YOK sonucunu al\u0131rs\u0131n\u0131z.\" \/>\n<meta name=\"robots\" content=\"index, follow, max-snippet:-1, max-image-preview:large, max-video-preview:-1\" \/>\n<link rel=\"canonical\" href=\"https:\/\/exceladvisor.org\/tr\/iferror-gorunumu\/\" \/>\n<meta property=\"og:locale\" content=\"tr_TR\" \/>\n<meta property=\"og:type\" content=\"article\" \/>\n<meta property=\"og:title\" content=\"#YOK yerine D\u00dc\u015eEYARA ile E\u011eERHATA nas\u0131l kullan\u0131l\u0131r?\" \/>\n<meta property=\"og:description\" content=\"D\u00dc\u015eEYARA&#039;y\u0131 kullan\u0131rken, arad\u0131\u011f\u0131n\u0131z de\u011fer verilerde bulunmad\u0131\u011f\u0131nda #YOK sonucunu al\u0131rs\u0131n\u0131z.\" \/>\n<meta property=\"og:url\" content=\"https:\/\/exceladvisor.org\/tr\/iferror-gorunumu\/\" \/>\n<meta property=\"og:site_name\" content=\"Excel Advisor\" \/>\n<meta property=\"article:modified_time\" content=\"2023-12-10T06:01:14+00:00\" \/>\n<meta property=\"og:image\" content=\"https:\/\/exceladvisor.org\/wp-content\/uploads\/2023\/08\/iferror-avec-vlookup-pour-eviter-une-erreur-1.png\" \/>\n<meta name=\"twitter:card\" content=\"summary_large_image\" \/>\n<meta name=\"twitter:label1\" content=\"Tahmini okuma s\u00fcresi\" \/>\n\t<meta name=\"twitter:data1\" content=\"4 dakika\" \/>\n<script type=\"application\/ld+json\" class=\"yoast-schema-graph\">{\"@context\":\"https:\/\/schema.org\",\"@graph\":[{\"@type\":\"WebPage\",\"@id\":\"https:\/\/exceladvisor.org\/tr\/iferror-gorunumu\/\",\"url\":\"https:\/\/exceladvisor.org\/tr\/iferror-gorunumu\/\",\"name\":\"#YOK yerine D\u00dc\u015eEYARA ile E\u011eERHATA nas\u0131l kullan\u0131l\u0131r?\",\"isPartOf\":{\"@id\":\"https:\/\/exceladvisor.org\/tr\/#website\"},\"primaryImageOfPage\":{\"@id\":\"https:\/\/exceladvisor.org\/tr\/iferror-gorunumu\/#primaryimage\"},\"image\":{\"@id\":\"https:\/\/exceladvisor.org\/tr\/iferror-gorunumu\/#primaryimage\"},\"thumbnailUrl\":\"https:\/\/exceladvisor.org\/wp-content\/uploads\/2023\/08\/iferror-avec-vlookup-pour-eviter-une-erreur-1.png\",\"datePublished\":\"2023-10-23T06:08:32+00:00\",\"dateModified\":\"2023-12-10T06:01:14+00:00\",\"description\":\"D\u00dc\u015eEYARA&#39;y\u0131 kullan\u0131rken, arad\u0131\u011f\u0131n\u0131z de\u011fer verilerde bulunmad\u0131\u011f\u0131nda #YOK sonucunu al\u0131rs\u0131n\u0131z.\",\"breadcrumb\":{\"@id\":\"https:\/\/exceladvisor.org\/tr\/iferror-gorunumu\/#breadcrumb\"},\"inLanguage\":\"tr\",\"potentialAction\":[{\"@type\":\"ReadAction\",\"target\":[\"https:\/\/exceladvisor.org\/tr\/iferror-gorunumu\/\"]}]},{\"@type\":\"ImageObject\",\"inLanguage\":\"tr\",\"@id\":\"https:\/\/exceladvisor.org\/tr\/iferror-gorunumu\/#primaryimage\",\"url\":\"https:\/\/exceladvisor.org\/wp-content\/uploads\/2023\/08\/iferror-avec-vlookup-pour-eviter-une-erreur-1.png\",\"contentUrl\":\"https:\/\/exceladvisor.org\/wp-content\/uploads\/2023\/08\/iferror-avec-vlookup-pour-eviter-une-erreur-1.png\"},{\"@type\":\"BreadcrumbList\",\"@id\":\"https:\/\/exceladvisor.org\/tr\/iferror-gorunumu\/#breadcrumb\",\"itemListElement\":[{\"@type\":\"ListItem\",\"position\":1,\"name\":\"Ev\",\"item\":\"https:\/\/exceladvisor.org\/tr\/\"},{\"@type\":\"ListItem\",\"position\":2,\"name\":\"Excel&#39;de d\u00fc\u015feyara ile e\u011ferhata nas\u0131l kullan\u0131l\u0131r?\"}]},{\"@type\":\"WebSite\",\"@id\":\"https:\/\/exceladvisor.org\/tr\/#website\",\"url\":\"https:\/\/exceladvisor.org\/tr\/\",\"name\":\"Excel Advisor\",\"description\":\"Veri hakimiyetine y\u00f6nelik nihai rehberiniz!\",\"publisher\":{\"@id\":\"https:\/\/exceladvisor.org\/tr\/#organization\"},\"potentialAction\":[{\"@type\":\"SearchAction\",\"target\":{\"@type\":\"EntryPoint\",\"urlTemplate\":\"https:\/\/exceladvisor.org\/tr\/?s={search_term_string}\"},\"query-input\":{\"@type\":\"PropertyValueSpecification\",\"valueRequired\":true,\"valueName\":\"search_term_string\"}}],\"inLanguage\":\"tr\"},{\"@type\":\"Organization\",\"@id\":\"https:\/\/exceladvisor.org\/tr\/#organization\",\"name\":\"Excel Advisor\",\"url\":\"https:\/\/exceladvisor.org\/tr\/\",\"logo\":{\"@type\":\"ImageObject\",\"inLanguage\":\"tr\",\"@id\":\"https:\/\/exceladvisor.org\/tr\/#\/schema\/logo\/image\/\",\"url\":\"https:\/\/exceladvisor.org\/tr\/wp-content\/uploads\/2023\/12\/exceladvisor.org_.png\",\"contentUrl\":\"https:\/\/exceladvisor.org\/tr\/wp-content\/uploads\/2023\/12\/exceladvisor.org_.png\",\"width\":105,\"height\":36,\"caption\":\"Excel Advisor\"},\"image\":{\"@id\":\"https:\/\/exceladvisor.org\/tr\/#\/schema\/logo\/image\/\"}}]}<\/script>\n<!-- \/ Yoast SEO plugin. -->","yoast_head_json":{"title":"#YOK yerine D\u00dc\u015eEYARA ile E\u011eERHATA nas\u0131l kullan\u0131l\u0131r?","description":"D\u00dc\u015eEYARA&#39;y\u0131 kullan\u0131rken, arad\u0131\u011f\u0131n\u0131z de\u011fer verilerde bulunmad\u0131\u011f\u0131nda #YOK sonucunu al\u0131rs\u0131n\u0131z.","robots":{"index":"index","follow":"follow","max-snippet":"max-snippet:-1","max-image-preview":"max-image-preview:large","max-video-preview":"max-video-preview:-1"},"canonical":"https:\/\/exceladvisor.org\/tr\/iferror-gorunumu\/","og_locale":"tr_TR","og_type":"article","og_title":"#YOK yerine D\u00dc\u015eEYARA ile E\u011eERHATA nas\u0131l kullan\u0131l\u0131r?","og_description":"D\u00dc\u015eEYARA&#39;y\u0131 kullan\u0131rken, arad\u0131\u011f\u0131n\u0131z de\u011fer verilerde bulunmad\u0131\u011f\u0131nda #YOK sonucunu al\u0131rs\u0131n\u0131z.","og_url":"https:\/\/exceladvisor.org\/tr\/iferror-gorunumu\/","og_site_name":"Excel Advisor","article_modified_time":"2023-12-10T06:01:14+00:00","og_image":[{"url":"https:\/\/exceladvisor.org\/wp-content\/uploads\/2023\/08\/iferror-avec-vlookup-pour-eviter-une-erreur-1.png","type":"","width":"","height":""}],"twitter_card":"summary_large_image","twitter_misc":{"Tahmini okuma s\u00fcresi":"4 dakika"},"schema":{"@context":"https:\/\/schema.org","@graph":[{"@type":"WebPage","@id":"https:\/\/exceladvisor.org\/tr\/iferror-gorunumu\/","url":"https:\/\/exceladvisor.org\/tr\/iferror-gorunumu\/","name":"#YOK yerine D\u00dc\u015eEYARA ile E\u011eERHATA nas\u0131l kullan\u0131l\u0131r?","isPartOf":{"@id":"https:\/\/exceladvisor.org\/tr\/#website"},"primaryImageOfPage":{"@id":"https:\/\/exceladvisor.org\/tr\/iferror-gorunumu\/#primaryimage"},"image":{"@id":"https:\/\/exceladvisor.org\/tr\/iferror-gorunumu\/#primaryimage"},"thumbnailUrl":"https:\/\/exceladvisor.org\/wp-content\/uploads\/2023\/08\/iferror-avec-vlookup-pour-eviter-une-erreur-1.png","datePublished":"2023-10-23T06:08:32+00:00","dateModified":"2023-12-10T06:01:14+00:00","description":"D\u00dc\u015eEYARA&#39;y\u0131 kullan\u0131rken, arad\u0131\u011f\u0131n\u0131z de\u011fer verilerde bulunmad\u0131\u011f\u0131nda #YOK sonucunu al\u0131rs\u0131n\u0131z.","breadcrumb":{"@id":"https:\/\/exceladvisor.org\/tr\/iferror-gorunumu\/#breadcrumb"},"inLanguage":"tr","potentialAction":[{"@type":"ReadAction","target":["https:\/\/exceladvisor.org\/tr\/iferror-gorunumu\/"]}]},{"@type":"ImageObject","inLanguage":"tr","@id":"https:\/\/exceladvisor.org\/tr\/iferror-gorunumu\/#primaryimage","url":"https:\/\/exceladvisor.org\/wp-content\/uploads\/2023\/08\/iferror-avec-vlookup-pour-eviter-une-erreur-1.png","contentUrl":"https:\/\/exceladvisor.org\/wp-content\/uploads\/2023\/08\/iferror-avec-vlookup-pour-eviter-une-erreur-1.png"},{"@type":"BreadcrumbList","@id":"https:\/\/exceladvisor.org\/tr\/iferror-gorunumu\/#breadcrumb","itemListElement":[{"@type":"ListItem","position":1,"name":"Ev","item":"https:\/\/exceladvisor.org\/tr\/"},{"@type":"ListItem","position":2,"name":"Excel&#39;de d\u00fc\u015feyara ile e\u011ferhata nas\u0131l kullan\u0131l\u0131r?"}]},{"@type":"WebSite","@id":"https:\/\/exceladvisor.org\/tr\/#website","url":"https:\/\/exceladvisor.org\/tr\/","name":"Excel Advisor","description":"Veri hakimiyetine y\u00f6nelik nihai rehberiniz!","publisher":{"@id":"https:\/\/exceladvisor.org\/tr\/#organization"},"potentialAction":[{"@type":"SearchAction","target":{"@type":"EntryPoint","urlTemplate":"https:\/\/exceladvisor.org\/tr\/?s={search_term_string}"},"query-input":{"@type":"PropertyValueSpecification","valueRequired":true,"valueName":"search_term_string"}}],"inLanguage":"tr"},{"@type":"Organization","@id":"https:\/\/exceladvisor.org\/tr\/#organization","name":"Excel Advisor","url":"https:\/\/exceladvisor.org\/tr\/","logo":{"@type":"ImageObject","inLanguage":"tr","@id":"https:\/\/exceladvisor.org\/tr\/#\/schema\/logo\/image\/","url":"https:\/\/exceladvisor.org\/tr\/wp-content\/uploads\/2023\/12\/exceladvisor.org_.png","contentUrl":"https:\/\/exceladvisor.org\/tr\/wp-content\/uploads\/2023\/12\/exceladvisor.org_.png","width":105,"height":36,"caption":"Excel Advisor"},"image":{"@id":"https:\/\/exceladvisor.org\/tr\/#\/schema\/logo\/image\/"}}]}},"yoast_meta":{"yoast_wpseo_title":"","yoast_wpseo_metadesc":"","yoast_wpseo_canonical":""},"_links":{"self":[{"href":"https:\/\/exceladvisor.org\/tr\/wp-json\/wp\/v2\/pages\/2039","targetHints":{"allow":["GET"]}}],"collection":[{"href":"https:\/\/exceladvisor.org\/tr\/wp-json\/wp\/v2\/pages"}],"about":[{"href":"https:\/\/exceladvisor.org\/tr\/wp-json\/wp\/v2\/types\/page"}],"author":[{"embeddable":true,"href":"https:\/\/exceladvisor.org\/tr\/wp-json\/wp\/v2\/users\/1"}],"replies":[{"embeddable":true,"href":"https:\/\/exceladvisor.org\/tr\/wp-json\/wp\/v2\/comments?post=2039"}],"version-history":[{"count":1,"href":"https:\/\/exceladvisor.org\/tr\/wp-json\/wp\/v2\/pages\/2039\/revisions"}],"predecessor-version":[{"id":2492,"href":"https:\/\/exceladvisor.org\/tr\/wp-json\/wp\/v2\/pages\/2039\/revisions\/2492"}],"wp:attachment":[{"href":"https:\/\/exceladvisor.org\/tr\/wp-json\/wp\/v2\/media?parent=2039"}],"curies":[{"name":"wp","href":"https:\/\/api.w.org\/{rel}","templated":true}]}}