{"id":2041,"date":"2023-10-23T05:34:31","date_gmt":"2023-10-23T05:34:31","guid":{"rendered":"https:\/\/exceladvisor.org\/tr\/bugune-kadarki-metin\/"},"modified":"2023-12-10T06:01:41","modified_gmt":"2023-12-10T06:01:41","slug":"bugune-kadarki-metin","status":"publish","type":"page","link":"https:\/\/exceladvisor.org\/tr\/bugune-kadarki-metin\/","title":{"rendered":"Excel&#39;de metni tarihe nas\u0131l d\u00f6n\u00fc\u015ft\u00fcrebilirim?"},"content":{"rendered":"<div class=\"excel-icerikten-once\" id=\"excel-1066107350\"><script type=\"text\/javascript\">\r\n\tatOptions = {\r\n\t\t'key' : 'c1158f160081d6540a8409e6925dab94',\r\n\t\t'format' : 'iframe',\r\n\t\t'height' : 250,\r\n\t\t'width' : 300,\r\n\t\t'params' : {}\r\n\t};\r\n<\/script>\r\n<script type=\"text\/javascript\" src=\"\/\/www.highperformanceformat.com\/c1158f160081d6540a8409e6925dab94\/invoke.js\"><\/script><\/div> <p class=\"has-text-align-left\">Trendleri analiz etmemiz gerekti\u011finde tarihler \u00f6nemli bir rol oynar. Bu, do\u011fru \u015fekilde yakalaman\u0131z gereken en \u00f6nemli \u015feylerden biridir. Excel&#8217;in yan\u0131 s\u0131ra tarihleri depolamak i\u00e7in kulland\u0131\u011f\u0131 temel tarih bi\u00e7imi. Kabul edilebilir ba\u015fka veri formatlar\u0131 da vard\u0131r.<\/p><p> \u015eimdi sorun \u015fu: Bir tarihi yanl\u0131\u015f formatta yakalad\u0131\u011f\u0131m\u0131zda, Excel bu tarihi metin olarak ele al\u0131r ve bu tarihi art\u0131k hi\u00e7bir hesaplamada kullanamay\u0131z.<\/p><p> Metin veri formatlar\u0131 s\u00f6z konusu oldu\u011funda \u00f6zel bir \u015fey yoktur. Bu tarihlere kimin girdi\u011fine ba\u011fl\u0131d\u0131r. Sonu\u00e7 olarak \u015fudur: Baz\u0131 metinleri do\u011fru formatta ger\u00e7ek bir tarihe d\u00f6n\u00fc\u015ft\u00fcrmek i\u00e7in kullanabilece\u011fimiz baz\u0131 y\u00f6ntemlere ihtiyac\u0131m\u0131z var.<\/p><p> O y\u00fczden bug\u00fcn bu yaz\u0131mda Excel&#8217;de metni tarih format\u0131na d\u00f6n\u00fc\u015ft\u00fcrmek i\u00e7in kullanabilece\u011fimiz 10 y\u00f6ntemi sizlerle payla\u015fmak istiyorum. Herhangi bir metni tarihe d\u00f6n\u00fc\u015ft\u00fcrmek i\u00e7in farkl\u0131 i\u015flevlerin bir kombinasyonunu kullanmam\u0131z gerekir.<\/p><p> \u00d6yleyse ba\u015flayal\u0131m.<\/p><h2 id=\"tab-con-1\" class=\"wp-block-heading\"> 1. Metni tarihe d\u00f6n\u00fc\u015ft\u00fcr\u00fcn<\/h2><p> TARIH DE\u011eER\u0130 i\u015flevini kullanmak, bir tarihi metin olarak saklanan ger\u00e7ek bir tarihe d\u00f6n\u00fc\u015ft\u00fcrmenin temel bir y\u00f6ntemidir.<\/p><p> Diyelim ki e-tablonuzda bir tarih listeniz var ve tarihlerin girildi\u011fi t\u00fcm h\u00fccreler metin bi\u00e7iminde ama bu tarihlerin t\u00fcm\u00fc do\u011fru tarih bi\u00e7iminde.<\/p><p> A\u015fa\u011f\u0131daki \u00f6rnekte h\u00fccrede bir tarih var ancak o tarihe say\u0131 eklemeye \u00e7al\u0131\u015ft\u0131\u011f\u0131mda veri format\u0131 do\u011fru olmas\u0131na ra\u011fmen hata al\u0131yorum. <\/p><div class=\"wp-block-image\"><figure class=\"aligncenter\"><img decoding=\"async\" src=\"https:\/\/exceladvisor.org\/wp-content\/uploads\/2023\/08\/Fonction-Excel-DateValue-pour-convertir-une-date-textuelle-en-date-valide-1.png\" sizes=\"\" srcset=\"\" alt=\"Metni tarihe d\u00f6n\u00fc\u015ft\u00fcrmek i\u00e7in Excel tarih de\u011feri i\u015flevi\"><\/figure><\/div><p> Ancak h\u00fccre bi\u00e7imine bakarsan\u0131z bunun metin oldu\u011funu g\u00f6r\u00fcrs\u00fcn\u00fcz. \u0130\u015fte TARIH DE\u011eER\u0130 i\u015flevini kullanman\u0131n en iyi yolu. Fonksiyondaki bu h\u00fccreye ba\u015fvurman\u0131z yeterlidir; bu veriyi ger\u00e7ek tarihe d\u00f6n\u00fc\u015ft\u00fcrecektir. <\/p><div class=\"wp-block-image\"><figure class=\"aligncenter\"><img decoding=\"async\" src=\"https:\/\/exceladvisor.org\/wp-content\/uploads\/2023\/08\/convertir-le-texte-en-liste-de-dates-avec-la-fonction-datevalue-1.png\" sizes=\"\" srcset=\"\" alt=\"metni datevalue i\u015fleviyle tarih listesine d\u00f6n\u00fc\u015ft\u00fcr\u00fcn\"><\/figure><\/div><p> Ve daha sonra format\u0131n\u0131 bug\u00fcne kadar de\u011fi\u015ftirebilirsiniz.<\/p><p class=\"qt-tip\"> Not: DATEVALUE&#8217;nun metinden tarih almam\u0131za yard\u0131mc\u0131 olamayaca\u011f\u0131 baz\u0131 durumlar vard\u0131r. N say\u0131da d\u00fczensiz tarih bi\u00e7imi vard\u0131r ve ihtiyac\u0131m\u0131z olanlar\u0131n t\u00fcm\u00fcn\u00fc ele almak i\u00e7in farkl\u0131 i\u015flevleri kullanarak \u00f6zel bir form\u00fcl olu\u015fturmam\u0131z gerekir.<\/p><p> A\u015fa\u011f\u0131daki 10 \u00f6rnekte bu farkl\u0131 fonksiyonlar\u0131n nas\u0131l kullan\u0131laca\u011f\u0131n\u0131 sizlerle payla\u015faca\u011f\u0131m. <\/p><div class=\"wp-block-image\"><figure class=\"aligncenter\"><img decoding=\"async\" src=\"https:\/\/exceladvisor.org\/wp-content\/uploads\/2023\/08\/liste-texte-a-date-1.png\" sizes=\"\" srcset=\"\" alt=\"bug\u00fcne kadarki metni listele\"><\/figure><\/div><h2 id=\"tab-con-2\" class=\"wp-block-heading\"> 2. Ters e\u011fik \u00e7izgi i\u00e7eren tarih<\/h2><p> Excel tarih sistemi e\u011fik \u00e7izgi i\u00e7eren tarihleri destekler. Ve e\u011fer ters e\u011fik \u00e7izgimizin oldu\u011fu bir tarihimiz varsa, bu onu metin olarak de\u011ferlendirecektir. <\/p><div class=\"wp-block-image\"><figure class=\"aligncenter\"><img decoding=\"async\" src=\"https:\/\/exceladvisor.org\/wp-content\/uploads\/2023\/08\/convertir-le-texte-a-ce-jour-avec-des-barres-noires-invalides-1.png\" sizes=\"\" srcset=\"\" alt=\"metni ge\u00e7ersiz siyah \u00e7ubuklarla tarihe d\u00f6n\u00fc\u015ft\u00fcr\"><\/figure><\/div><p> Bu sorunu \u00e7\u00f6zmek i\u00e7in a\u015fa\u011f\u0131daki form\u00fcl\u00fc kullanabiliriz. <\/p><pre class=\"wp-block-code\"> <code class=\"language-excel-formula\" lang=\"excel-formula\">=DATE(RIGHT(A2,4),MID(A2,4,2),LEFT(A2,2))<\/code><\/pre><div class=\"wp-block-image\"><figure class=\"aligncenter\"><img decoding=\"async\" src=\"https:\/\/exceladvisor.org\/wp-content\/uploads\/2023\/08\/convertir-le-texte-a-jour-avec-des-barres-noires.png\" sizes=\"\" srcset=\"\" alt=\"g\u00fcncellenmi\u015f metni siyah \u00e7ubuklarla d\u00f6n\u00fc\u015ft\u00fcr\"><\/figure><\/div><h2 id=\"tab-con-3\" class=\"wp-block-heading\"> 3. Ay ad\u0131yla tarih<\/h2><p> Art\u0131k ay\u0131n ad\u0131yla birlikte girildi\u011fi bir tarih format\u0131m\u0131z var. Excel i\u00e7in, a\u00e7\u0131k\u00e7a bir tarih sunmas\u0131na ra\u011fmen art\u0131k bir tarih de\u011fildir. <\/p><div class=\"wp-block-image\"><figure class=\"aligncenter\"><img decoding=\"async\" src=\"https:\/\/exceladvisor.org\/wp-content\/uploads\/2023\/08\/convertir-le-texte-en-date-avec-le-nom-du-mois-complet-1.png\" sizes=\"\" srcset=\"\" alt=\"metni tam ay ad\u0131yla tarihe d\u00f6n\u00fc\u015ft\u00fcr\"><\/figure><\/div><p> A\u015fa\u011f\u0131daki form\u00fcl bu konuda bize yard\u0131mc\u0131 olabilir. <\/p><pre class=\"wp-block-code\"> <code class=\"language-excel-formula\" lang=\"excel-formula\">=DATEVALUE(RIGHT(A3,2)&amp;\"-\"&amp;TEXT(MID(A3,6,3),\"MMM\")&amp;\"-\"&amp;LEFT(A3,4))<\/code><\/pre><div class=\"wp-block-image\"><figure class=\"aligncenter\"><img decoding=\"async\" src=\"https:\/\/exceladvisor.org\/wp-content\/uploads\/2023\/08\/convertir-le-texte-en-date-avec-le-nom-du-mois-complet-1.png\" sizes=\"\" srcset=\"\" alt=\"metni tam ay ad\u0131 form\u00fcl\u00fcyle tarihe d\u00f6n\u00fc\u015ft\u00fcr\"><\/figure><\/div><h2 id=\"tab-con-4\" class=\"wp-block-heading\"> 4. Noktal\u0131 tarih<\/h2><p> Bu, bir tarih i\u00e7inde puan ald\u0131\u011f\u0131m\u0131z yayg\u0131n bir sorun t\u00fcr\u00fcd\u00fcr. Uygun bir tarih format\u0131 olmad\u0131\u011f\u0131n\u0131n fark\u0131nda olmayan ki\u015filerin kulland\u0131\u011f\u0131 bir format t\u00fcr\u00fcd\u00fcr. <\/p><div class=\"wp-block-image\"><figure class=\"aligncenter\"><img decoding=\"async\" src=\"https:\/\/exceladvisor.org\/wp-content\/uploads\/2023\/08\/4-convertir-le-texte-a-ce-jour-avec-des-points-min-1.png\" sizes=\"\" srcset=\"\" alt=\"\"><\/figure><\/div><p> Ve bunu d\u00fczeltmenin form\u00fcl\u00fc de budur. <\/p><pre class=\"wp-block-code\"> <code class=\"language-excel-formula\" lang=\"excel-formula\">=DATE(RIGHT(A4,4),MID(A4,4,2),LEFT(A4,2))<\/code><\/pre><div class=\"wp-block-image\"><figure class=\"aligncenter\"><img decoding=\"async\" src=\"https:\/\/exceladvisor.org\/wp-content\/uploads\/2023\/08\/4-convertir-le-texte-a-ce-jour-avec-la-formule-de-points-min-1.png\" sizes=\"\" srcset=\"\" alt=\"\"><\/figure><\/div><h2 id=\"tab-con-5\" class=\"wp-block-heading\"> 5. Ay ad\u0131 ve virg\u00fclle birlikte tarih<\/h2><p> Bu format, 3. maddede bahsetti\u011fimiz formatla hemen hemen ayn\u0131d\u0131r. <\/p><div class=\"wp-block-image\"><figure class=\"aligncenter\"><img decoding=\"async\" src=\"https:\/\/exceladvisor.org\/wp-content\/uploads\/2023\/08\/5-convertir-le-texte-a-ce-jour-avec-le-nom-du-mois-long-min.png\" sizes=\"\" srcset=\"\" alt=\"\"><\/figure><\/div><p> Ve bunu a\u015fa\u011f\u0131daki form\u00fclle d\u00fczeltebiliriz. <\/p><pre class=\"wp-block-code\"> <code class=\"language-excel-formula\" lang=\"excel-formula\">=DATEVALUE(LEFT(A5,2)&amp;\"-\"&amp;TEXT(MID(A5,4,3),\"MMM\")&amp;\"-\"&amp;RIGHT(A5,4))<\/code><\/pre><div class=\"wp-block-image\"><figure class=\"aligncenter\"><img decoding=\"async\" src=\"https:\/\/exceladvisor.org\/wp-content\/uploads\/2023\/08\/5-convertir-le-texte-a-ce-jour-avec-la-formule-de-nom-de-mois-long-min-1.png\" sizes=\"\" srcset=\"\" alt=\"\"><\/figure><\/div><h2 id=\"tab-con-6\" class=\"wp-block-heading\"> 6. G\u00fcn ad\u0131yla tarih<\/h2><p> Bazen insanlar g\u00fcn\u00fcn ad\u0131yla birlikte bir tarih saklarlar. Ve e\u011fer bu tarih uygun formatta de\u011filse Excel bunu metin olarak de\u011ferlendirecektir. <\/p><div class=\"wp-block-image\"><figure class=\"aligncenter\"><img decoding=\"async\" src=\"https:\/\/exceladvisor.org\/wp-content\/uploads\/2023\/08\/6-convertir-le-texte-a-ce-jour-avec-un-long-nom-de-jour-min-1.png\" sizes=\"\" srcset=\"\" alt=\"\"><\/figure><\/div><p> Bu t\u00fcr metin tarihi i\u00e7in bu form\u00fcl\u00fc kullan\u0131n. <\/p><pre class=\"wp-block-code\"> <code class=\"language-excel-formula\" lang=\"excel-formula\">=DATEVALUE(MID(A6,FIND(\",\",A6)+6,2)&amp;\"-\"&amp;MID(A6,FIND(\",\",A6)+2,3)&amp;\"-\"&amp;RIGHT(A6,4))<\/code><\/pre><div class=\"wp-block-image\"><figure class=\"aligncenter\"><img decoding=\"async\" src=\"https:\/\/exceladvisor.org\/wp-content\/uploads\/2023\/08\/6-convertir-le-texte-a-ce-jour-avec-la-formule-de-nom-de-jour-long-min-1.png\" sizes=\"\" srcset=\"\" alt=\"\"><\/figure><\/div><h2 id=\"tab-con-7\" class=\"wp-block-heading\"> 7. Sonunda g\u00fcn ad\u0131 bulunan tarih<\/h2><p> Burada sonunda g\u00fcn ad\u0131 bulunan bir tarihimiz var. Bu formattaki sorun, tarih ile g\u00fcn ad\u0131 aras\u0131nda virg\u00fcl bulunmas\u0131d\u0131r. <\/p><div class=\"wp-block-image\"><figure class=\"aligncenter\"><img decoding=\"async\" src=\"https:\/\/exceladvisor.org\/wp-content\/uploads\/2023\/08\/7-convertir-le-texte-en-date-avec-le-nom-du-jour-court-min-1.png\" sizes=\"\" srcset=\"\" alt=\"\"><\/figure><\/div><p> Ancak a\u015fa\u011f\u0131daki form\u00fcl\u00fc kullanarak ge\u00e7erli tarihi alabiliriz. <\/p><pre class=\"wp-block-code\"> <code class=\"language-excel-formula\" lang=\"excel-formula\">=DATEVALUE(MID(A7,10,2)&amp;\"-\"&amp;MID(A7,6,3)&amp;\"-\"&amp;LEFT(A7,4))<\/code><\/pre><div class=\"wp-block-image\"><figure class=\"aligncenter\"><img decoding=\"async\" src=\"https:\/\/exceladvisor.org\/wp-content\/uploads\/2023\/08\/7-convertir-le-texte-a-ce-jour-avec-la-formule-de-nom-de-jour-court-min-1.png\" sizes=\"\" srcset=\"\" alt=\"\"><\/figure><\/div><h2 id=\"tab-con-8\" class=\"wp-block-heading\"> 8. Son eki g\u00fcn olan tarih<\/h2><p> G\u00fcn numaras\u0131n\u0131 i\u00e7eren bir &#8220;th&#8221; sonekimiz var ve Excel bunu tan\u0131yamad\u0131\u011f\u0131 i\u00e7in tarih yerine metin haline geliyor. <\/p><div class=\"wp-block-image\"><figure class=\"aligncenter\"><img decoding=\"async\" src=\"https:\/\/exceladvisor.org\/wp-content\/uploads\/2023\/08\/8-convertir-le-texte-a-ce-jour-avec-le-suffixe-min-1.png\" sizes=\"\" srcset=\"\" alt=\"\"><\/figure><\/div><p> A\u015fa\u011f\u0131daki form\u00fcl g\u00fcncel tarihi alman\u0131za yard\u0131mc\u0131 olacakt\u0131r. <\/p><pre class=\"wp-block-code\"> <code class=\"language-excel-formula\" lang=\"excel-formula\">=DATEVALUE(LEFT(A8,FIND(\"th\",A8)-1)&amp;\"-\"&amp;MID(A8,FIND(\" \",A8)+1,3)&amp;\"-\"&amp;RIGHT(A8,4))<\/code><\/pre><div class=\"wp-block-image\"><figure class=\"aligncenter\"><img decoding=\"async\" src=\"https:\/\/exceladvisor.org\/wp-content\/uploads\/2023\/08\/8-convertir-le-texte-a-ce-jour-avec-la-formule-de-suffixe-min-1.png\" sizes=\"\" srcset=\"\" alt=\"\"><\/figure><\/div><h2 id=\"tab-con-9\" class=\"wp-block-heading\"> 9. G\u00fcn, ay ve y\u0131l aras\u0131nda bo\u015fluk bulunan tarih<\/h2><p> G\u00fcn, ay ve y\u0131l aras\u0131nda bo\u015fluk bulunan bir tarih format\u0131m\u0131z oldu\u011funda tarih format\u0131n\u0131 d\u00fczeltmek i\u00e7in a\u015fa\u011f\u0131daki form\u00fcl\u00fc kullanabiliriz. <\/p><div class=\"wp-block-image\"><figure class=\"aligncenter\"><img decoding=\"async\" src=\"https:\/\/exceladvisor.org\/wp-content\/uploads\/2023\/08\/9-convertir-le-texte-en-date-avec-espace-min-1.png\" sizes=\"\" srcset=\"\" alt=\"\"><\/figure><\/div><pre class=\"wp-block-code\"> <code class=\"language-excel-formula\" lang=\"excel-formula\">=DATE(RIGHT(A9,4),MID(A9,4,2),LEFT(A9,2))<\/code><\/pre><div class=\"wp-block-image\"><figure class=\"aligncenter\"><img decoding=\"async\" src=\"https:\/\/exceladvisor.org\/wp-content\/uploads\/2023\/08\/9-convertir-le-texte-en-date-avec-la-formule-despace-min-1.png\" sizes=\"\" srcset=\"\" alt=\"\"><\/figure><\/div><h2 id=\"tab-con-10\" class=\"wp-block-heading\"> 10. Ay\u0131n k\u0131sa ad\u0131n\u0131 i\u00e7eren tarih<\/h2><p> Tarihin ba\u015f\u0131nda k\u0131sa bir ay ad\u0131n\u0131n bulundu\u011fu bir tarih format\u0131yla. <\/p><div class=\"wp-block-image\"><figure class=\"aligncenter\"><img decoding=\"async\" src=\"https:\/\/exceladvisor.org\/wp-content\/uploads\/2023\/08\/10-convertir-le-texte-en-date-avec-lespace-de-nom-du-mois-min-1.png\" sizes=\"\" srcset=\"\" alt=\"\"><\/figure><\/div><p> Ge\u00e7erli bir tarih format\u0131na d\u00f6n\u00fc\u015ft\u00fcrmek i\u00e7in a\u015fa\u011f\u0131daki form\u00fcl\u00fc kullanabiliriz. <\/p><pre class=\"wp-block-code\"> <code class=\"language-excel-formula\" lang=\"excel-formula\">=DATEVALUE(MID(A10,5,2)&amp;\"-\"&amp;LEFT(A10,3)&amp;\"-\"&amp;RIGHT(A10,4))<\/code><\/pre><div class=\"wp-block-image\"><figure class=\"aligncenter\"><img decoding=\"async\" src=\"https:\/\/exceladvisor.org\/wp-content\/uploads\/2023\/08\/10-convertir-le-texte-en-date-avec-la-formule-despace-de-nom-de-mois-min-1.png\" sizes=\"\" srcset=\"\" alt=\"\"><\/figure><\/div><h2 id=\"tab-con-11\" class=\"wp-block-heading\"> 11. G\u00fcn, ay ve y\u0131l aras\u0131nda bo\u015fluk b\u0131rak\u0131lmayan tarih<\/h2><p> Ve g\u00fcn, ay ve y\u0131l aras\u0131nda bo\u015fluk olmayan bir tarih i\u00e7in. <\/p><div class=\"wp-block-image\"><figure class=\"aligncenter\"><img decoding=\"async\" src=\"https:\/\/exceladvisor.org\/wp-content\/uploads\/2023\/08\/11-convertir-le-texte-a-ce-jour-sans-espace-min-1.png\" sizes=\"\" srcset=\"\" alt=\"\"><\/figure><\/div><p> A\u015fa\u011f\u0131daki form\u00fcl do\u011fru tarih bi\u00e7imini almam\u0131za yard\u0131mc\u0131 olacakt\u0131r. <\/p><pre class=\"wp-block-code\"> <code class=\"language-excel-formula\" lang=\"excel-formula\">=DATE(RIGHT(A11,2),MID(A11,3,2),LEFT(A11,2))<\/code><\/pre><div class=\"wp-block-image\"><figure class=\"aligncenter\"><img decoding=\"async\" src=\"https:\/\/exceladvisor.org\/wp-content\/uploads\/2023\/08\/11-convertir-le-texte-a-ce-jour-sans-formule-despace-min-1.png\" sizes=\"\" srcset=\"\" alt=\"\"><\/figure><\/div><div class=\"gb-container gb-container-0df56012 gb-container-mt\"> <a class=\"gb-button gb-button-f9f432f4 gb-button-text gb-button-mt-button\" href=\"https:\/\/exceladvisor.org\/tr\/formuller\/\">Excel form\u00fcllerinin listesi<\/a><h2 class=\"gb-headline gb-headline-233444e8 gb-headline-text gb-headline-mt-heading\"> \u0130lgili form\u00fcller <\/h2><div class=\"gb-grid-wrapper gb-grid-wrapper-a16fa65c gb-grid-wrapper-mt-grid\"><div class=\"gb-grid-column gb-grid-column-5b4a0cf9\"><div class=\"gb-container gb-container-5b4a0cf9\"><ul><li> <a href=\"https:\/\/exceladvisor.org\/tr\/iki-tarih-arasini-vurgulama\/\">Excel&#8217;de iki tarih aras\u0131ndaki tarihleri vurgulay\u0131n<\/a><\/li><li> <a href=\"https:\/\/exceladvisor.org\/tr\/iki-tarihi-birlestir\/\">Excel&#8217;de iki tarihi h\u0131zla birle\u015ftirme<\/a><\/li><li> <a href=\"https:\/\/exceladvisor.org\/tr\/rastgele-tarih-olusturucu\/\">Excel&#8217;de Rastgele Tarih Olu\u015fturucu (Excel Form\u00fcl\u00fc)<\/a><\/li><li> <a href=\"https:\/\/exceladvisor.org\/tr\/tarih-ve-saati-birlestir\/\">Excel&#8217;de tarih ve saati birle\u015ftirme<\/a><\/li><\/ul><\/div><\/div><\/div><\/div>","protected":false},"excerpt":{"rendered":"","protected":false},"author":1,"featured_media":0,"parent":0,"menu_order":0,"comment_status":"open","ping_status":"closed","template":"","meta":{"ub_ctt_via":"","footnotes":""},"class_list":["post-2041","page","type-page","status-publish","hentry"],"featured_image_src":null,"yoast_head":"<!-- This site is optimized with the Yoast SEO plugin v25.4 - https:\/\/yoast.com\/wordpress\/plugins\/seo\/ -->\n<title>Excel&#039;de metni tarihe nas\u0131l d\u00f6n\u00fc\u015ft\u00fcrebilirim? (7 \u00f6rnek)<\/title>\n<meta name=\"description\" content=\"Tarihlerin do\u011fru formatta olmas\u0131 \u00f6nemlidir. Bu nedenle, metni Excel&#039;de tarihe nas\u0131l d\u00f6n\u00fc\u015ft\u00fcrece\u011finizi \u00f6\u011frenin.\" \/>\n<meta name=\"robots\" content=\"index, follow, max-snippet:-1, max-image-preview:large, max-video-preview:-1\" \/>\n<link rel=\"canonical\" href=\"https:\/\/exceladvisor.org\/tr\/bugune-kadarki-metin\/\" \/>\n<meta property=\"og:locale\" content=\"tr_TR\" \/>\n<meta property=\"og:type\" content=\"article\" \/>\n<meta property=\"og:title\" content=\"Excel&#039;de metni tarihe nas\u0131l d\u00f6n\u00fc\u015ft\u00fcrebilirim? (7 \u00f6rnek)\" \/>\n<meta property=\"og:description\" content=\"Tarihlerin do\u011fru formatta olmas\u0131 \u00f6nemlidir. Bu nedenle, metni Excel&#039;de tarihe nas\u0131l d\u00f6n\u00fc\u015ft\u00fcrece\u011finizi \u00f6\u011frenin.\" \/>\n<meta property=\"og:url\" content=\"https:\/\/exceladvisor.org\/tr\/bugune-kadarki-metin\/\" \/>\n<meta property=\"og:site_name\" content=\"Excel Advisor\" \/>\n<meta property=\"article:modified_time\" content=\"2023-12-10T06:01:41+00:00\" \/>\n<meta property=\"og:image\" content=\"https:\/\/exceladvisor.org\/wp-content\/uploads\/2023\/08\/Fonction-Excel-DateValue-pour-convertir-une-date-textuelle-en-date-valide-1.png\" \/>\n<meta name=\"twitter:card\" content=\"summary_large_image\" \/>\n<meta name=\"twitter:label1\" content=\"Tahmini okuma s\u00fcresi\" \/>\n\t<meta name=\"twitter:data1\" content=\"5 dakika\" \/>\n<script type=\"application\/ld+json\" class=\"yoast-schema-graph\">{\"@context\":\"https:\/\/schema.org\",\"@graph\":[{\"@type\":\"WebPage\",\"@id\":\"https:\/\/exceladvisor.org\/tr\/bugune-kadarki-metin\/\",\"url\":\"https:\/\/exceladvisor.org\/tr\/bugune-kadarki-metin\/\",\"name\":\"Excel&#39;de metni tarihe nas\u0131l d\u00f6n\u00fc\u015ft\u00fcrebilirim? (7 \u00f6rnek)\",\"isPartOf\":{\"@id\":\"https:\/\/exceladvisor.org\/tr\/#website\"},\"primaryImageOfPage\":{\"@id\":\"https:\/\/exceladvisor.org\/tr\/bugune-kadarki-metin\/#primaryimage\"},\"image\":{\"@id\":\"https:\/\/exceladvisor.org\/tr\/bugune-kadarki-metin\/#primaryimage\"},\"thumbnailUrl\":\"https:\/\/exceladvisor.org\/wp-content\/uploads\/2023\/08\/Fonction-Excel-DateValue-pour-convertir-une-date-textuelle-en-date-valide-1.png\",\"datePublished\":\"2023-10-23T05:34:31+00:00\",\"dateModified\":\"2023-12-10T06:01:41+00:00\",\"description\":\"Tarihlerin do\u011fru formatta olmas\u0131 \u00f6nemlidir. Bu nedenle, metni Excel&#39;de tarihe nas\u0131l d\u00f6n\u00fc\u015ft\u00fcrece\u011finizi \u00f6\u011frenin.\",\"breadcrumb\":{\"@id\":\"https:\/\/exceladvisor.org\/tr\/bugune-kadarki-metin\/#breadcrumb\"},\"inLanguage\":\"tr\",\"potentialAction\":[{\"@type\":\"ReadAction\",\"target\":[\"https:\/\/exceladvisor.org\/tr\/bugune-kadarki-metin\/\"]}]},{\"@type\":\"ImageObject\",\"inLanguage\":\"tr\",\"@id\":\"https:\/\/exceladvisor.org\/tr\/bugune-kadarki-metin\/#primaryimage\",\"url\":\"https:\/\/exceladvisor.org\/wp-content\/uploads\/2023\/08\/Fonction-Excel-DateValue-pour-convertir-une-date-textuelle-en-date-valide-1.png\",\"contentUrl\":\"https:\/\/exceladvisor.org\/wp-content\/uploads\/2023\/08\/Fonction-Excel-DateValue-pour-convertir-une-date-textuelle-en-date-valide-1.png\"},{\"@type\":\"BreadcrumbList\",\"@id\":\"https:\/\/exceladvisor.org\/tr\/bugune-kadarki-metin\/#breadcrumb\",\"itemListElement\":[{\"@type\":\"ListItem\",\"position\":1,\"name\":\"Ev\",\"item\":\"https:\/\/exceladvisor.org\/tr\/\"},{\"@type\":\"ListItem\",\"position\":2,\"name\":\"Excel&#39;de metni tarihe nas\u0131l d\u00f6n\u00fc\u015ft\u00fcrebilirim?\"}]},{\"@type\":\"WebSite\",\"@id\":\"https:\/\/exceladvisor.org\/tr\/#website\",\"url\":\"https:\/\/exceladvisor.org\/tr\/\",\"name\":\"Excel Advisor\",\"description\":\"Veri hakimiyetine y\u00f6nelik nihai rehberiniz!\",\"publisher\":{\"@id\":\"https:\/\/exceladvisor.org\/tr\/#organization\"},\"potentialAction\":[{\"@type\":\"SearchAction\",\"target\":{\"@type\":\"EntryPoint\",\"urlTemplate\":\"https:\/\/exceladvisor.org\/tr\/?s={search_term_string}\"},\"query-input\":{\"@type\":\"PropertyValueSpecification\",\"valueRequired\":true,\"valueName\":\"search_term_string\"}}],\"inLanguage\":\"tr\"},{\"@type\":\"Organization\",\"@id\":\"https:\/\/exceladvisor.org\/tr\/#organization\",\"name\":\"Excel Advisor\",\"url\":\"https:\/\/exceladvisor.org\/tr\/\",\"logo\":{\"@type\":\"ImageObject\",\"inLanguage\":\"tr\",\"@id\":\"https:\/\/exceladvisor.org\/tr\/#\/schema\/logo\/image\/\",\"url\":\"https:\/\/exceladvisor.org\/tr\/wp-content\/uploads\/2023\/12\/exceladvisor.org_.png\",\"contentUrl\":\"https:\/\/exceladvisor.org\/tr\/wp-content\/uploads\/2023\/12\/exceladvisor.org_.png\",\"width\":105,\"height\":36,\"caption\":\"Excel Advisor\"},\"image\":{\"@id\":\"https:\/\/exceladvisor.org\/tr\/#\/schema\/logo\/image\/\"}}]}<\/script>\n<!-- \/ Yoast SEO plugin. -->","yoast_head_json":{"title":"Excel&#39;de metni tarihe nas\u0131l d\u00f6n\u00fc\u015ft\u00fcrebilirim? (7 \u00f6rnek)","description":"Tarihlerin do\u011fru formatta olmas\u0131 \u00f6nemlidir. Bu nedenle, metni Excel&#39;de tarihe nas\u0131l d\u00f6n\u00fc\u015ft\u00fcrece\u011finizi \u00f6\u011frenin.","robots":{"index":"index","follow":"follow","max-snippet":"max-snippet:-1","max-image-preview":"max-image-preview:large","max-video-preview":"max-video-preview:-1"},"canonical":"https:\/\/exceladvisor.org\/tr\/bugune-kadarki-metin\/","og_locale":"tr_TR","og_type":"article","og_title":"Excel&#39;de metni tarihe nas\u0131l d\u00f6n\u00fc\u015ft\u00fcrebilirim? (7 \u00f6rnek)","og_description":"Tarihlerin do\u011fru formatta olmas\u0131 \u00f6nemlidir. Bu nedenle, metni Excel&#39;de tarihe nas\u0131l d\u00f6n\u00fc\u015ft\u00fcrece\u011finizi \u00f6\u011frenin.","og_url":"https:\/\/exceladvisor.org\/tr\/bugune-kadarki-metin\/","og_site_name":"Excel Advisor","article_modified_time":"2023-12-10T06:01:41+00:00","og_image":[{"url":"https:\/\/exceladvisor.org\/wp-content\/uploads\/2023\/08\/Fonction-Excel-DateValue-pour-convertir-une-date-textuelle-en-date-valide-1.png","type":"","width":"","height":""}],"twitter_card":"summary_large_image","twitter_misc":{"Tahmini okuma s\u00fcresi":"5 dakika"},"schema":{"@context":"https:\/\/schema.org","@graph":[{"@type":"WebPage","@id":"https:\/\/exceladvisor.org\/tr\/bugune-kadarki-metin\/","url":"https:\/\/exceladvisor.org\/tr\/bugune-kadarki-metin\/","name":"Excel&#39;de metni tarihe nas\u0131l d\u00f6n\u00fc\u015ft\u00fcrebilirim? (7 \u00f6rnek)","isPartOf":{"@id":"https:\/\/exceladvisor.org\/tr\/#website"},"primaryImageOfPage":{"@id":"https:\/\/exceladvisor.org\/tr\/bugune-kadarki-metin\/#primaryimage"},"image":{"@id":"https:\/\/exceladvisor.org\/tr\/bugune-kadarki-metin\/#primaryimage"},"thumbnailUrl":"https:\/\/exceladvisor.org\/wp-content\/uploads\/2023\/08\/Fonction-Excel-DateValue-pour-convertir-une-date-textuelle-en-date-valide-1.png","datePublished":"2023-10-23T05:34:31+00:00","dateModified":"2023-12-10T06:01:41+00:00","description":"Tarihlerin do\u011fru formatta olmas\u0131 \u00f6nemlidir. Bu nedenle, metni Excel&#39;de tarihe nas\u0131l d\u00f6n\u00fc\u015ft\u00fcrece\u011finizi \u00f6\u011frenin.","breadcrumb":{"@id":"https:\/\/exceladvisor.org\/tr\/bugune-kadarki-metin\/#breadcrumb"},"inLanguage":"tr","potentialAction":[{"@type":"ReadAction","target":["https:\/\/exceladvisor.org\/tr\/bugune-kadarki-metin\/"]}]},{"@type":"ImageObject","inLanguage":"tr","@id":"https:\/\/exceladvisor.org\/tr\/bugune-kadarki-metin\/#primaryimage","url":"https:\/\/exceladvisor.org\/wp-content\/uploads\/2023\/08\/Fonction-Excel-DateValue-pour-convertir-une-date-textuelle-en-date-valide-1.png","contentUrl":"https:\/\/exceladvisor.org\/wp-content\/uploads\/2023\/08\/Fonction-Excel-DateValue-pour-convertir-une-date-textuelle-en-date-valide-1.png"},{"@type":"BreadcrumbList","@id":"https:\/\/exceladvisor.org\/tr\/bugune-kadarki-metin\/#breadcrumb","itemListElement":[{"@type":"ListItem","position":1,"name":"Ev","item":"https:\/\/exceladvisor.org\/tr\/"},{"@type":"ListItem","position":2,"name":"Excel&#39;de metni tarihe nas\u0131l d\u00f6n\u00fc\u015ft\u00fcrebilirim?"}]},{"@type":"WebSite","@id":"https:\/\/exceladvisor.org\/tr\/#website","url":"https:\/\/exceladvisor.org\/tr\/","name":"Excel Advisor","description":"Veri hakimiyetine y\u00f6nelik nihai rehberiniz!","publisher":{"@id":"https:\/\/exceladvisor.org\/tr\/#organization"},"potentialAction":[{"@type":"SearchAction","target":{"@type":"EntryPoint","urlTemplate":"https:\/\/exceladvisor.org\/tr\/?s={search_term_string}"},"query-input":{"@type":"PropertyValueSpecification","valueRequired":true,"valueName":"search_term_string"}}],"inLanguage":"tr"},{"@type":"Organization","@id":"https:\/\/exceladvisor.org\/tr\/#organization","name":"Excel Advisor","url":"https:\/\/exceladvisor.org\/tr\/","logo":{"@type":"ImageObject","inLanguage":"tr","@id":"https:\/\/exceladvisor.org\/tr\/#\/schema\/logo\/image\/","url":"https:\/\/exceladvisor.org\/tr\/wp-content\/uploads\/2023\/12\/exceladvisor.org_.png","contentUrl":"https:\/\/exceladvisor.org\/tr\/wp-content\/uploads\/2023\/12\/exceladvisor.org_.png","width":105,"height":36,"caption":"Excel Advisor"},"image":{"@id":"https:\/\/exceladvisor.org\/tr\/#\/schema\/logo\/image\/"}}]}},"yoast_meta":{"yoast_wpseo_title":"","yoast_wpseo_metadesc":"","yoast_wpseo_canonical":""},"_links":{"self":[{"href":"https:\/\/exceladvisor.org\/tr\/wp-json\/wp\/v2\/pages\/2041","targetHints":{"allow":["GET"]}}],"collection":[{"href":"https:\/\/exceladvisor.org\/tr\/wp-json\/wp\/v2\/pages"}],"about":[{"href":"https:\/\/exceladvisor.org\/tr\/wp-json\/wp\/v2\/types\/page"}],"author":[{"embeddable":true,"href":"https:\/\/exceladvisor.org\/tr\/wp-json\/wp\/v2\/users\/1"}],"replies":[{"embeddable":true,"href":"https:\/\/exceladvisor.org\/tr\/wp-json\/wp\/v2\/comments?post=2041"}],"version-history":[{"count":1,"href":"https:\/\/exceladvisor.org\/tr\/wp-json\/wp\/v2\/pages\/2041\/revisions"}],"predecessor-version":[{"id":2550,"href":"https:\/\/exceladvisor.org\/tr\/wp-json\/wp\/v2\/pages\/2041\/revisions\/2550"}],"wp:attachment":[{"href":"https:\/\/exceladvisor.org\/tr\/wp-json\/wp\/v2\/media?parent=2041"}],"curies":[{"name":"wp","href":"https:\/\/api.w.org\/{rel}","templated":true}]}}