{"id":2042,"date":"2023-10-23T03:12:53","date_gmt":"2023-10-23T03:12:53","guid":{"rendered":"https:\/\/exceladvisor.org\/tr\/sifirsa-o-zaman-bos\/"},"modified":"2023-12-10T06:04:13","modified_gmt":"2023-12-10T06:04:13","slug":"sifirsa-o-zaman-bos","status":"publish","type":"page","link":"https:\/\/exceladvisor.org\/tr\/sifirsa-o-zaman-bos\/","title":{"rendered":"If 0 (s\u0131f\u0131r) ve ard\u0131ndan excel&#39;de bo\u015f olup olmad\u0131\u011f\u0131 nas\u0131l kontrol edilir?"},"content":{"rendered":"<div class=\"excel-icerikten-once\" id=\"excel-625351507\"><script type=\"text\/javascript\">\r\n\tatOptions = {\r\n\t\t'key' : 'c1158f160081d6540a8409e6925dab94',\r\n\t\t'format' : 'iframe',\r\n\t\t'height' : 250,\r\n\t\t'width' : 300,\r\n\t\t'params' : {}\r\n\t};\r\n<\/script>\r\n<script type=\"text\/javascript\" src=\"\/\/www.highperformanceformat.com\/c1158f160081d6540a8409e6925dab94\/invoke.js\"><\/script><\/div> <p>Excel&#8217;de, bir h\u00fccrenin i\u00e7indeki de\u011ferin 0 (s\u0131f\u0131r) olup olmad\u0131\u011f\u0131n\u0131 kontrol etmek istiyorsan\u0131z ve form\u00fcl\u00fcn sonu\u00e7ta bo\u015fluk d\u00f6nd\u00fcrmesini istiyorsan\u0131z, bunun i\u00e7in IF i\u015flevini kullanabilirsiniz. IF&#8217;de 0 olup olmad\u0131\u011f\u0131n\u0131 kontrol etmek istedi\u011finiz h\u00fccreyi belirtmeniz ve ard\u0131ndan ko\u015ful DO\u011eRU oldu\u011funda sonu\u00e7ta elde etmek istedi\u011finiz bo\u015f de\u011ferleri belirtmeniz gerekir.<\/p><p> A\u015fa\u011f\u0131daki \u00f6rnekte A s\u00fctununda say\u0131lar\u0131n bir listesi var ve \u015fimdi bir ko\u015ful yazman\u0131z gerekiyor. <\/p><div class=\"wp-block-image\"><figure class=\"aligncenter size-full is-resized\"><img loading=\"lazy\" decoding=\"async\" class=\"wp-image-69515\" src=\"https:\/\/exceladvisor.org\/wp-content\/uploads\/2023\/08\/1-liste-de-numeros-1.png\" sizes=\"auto, \" srcset=\"\" alt=\"say\u0131lar\u0131n listesi\" width=\"342\" height=\"487\"><\/figure><\/div><h2 class=\"wp-block-heading\"> IF 0 (s\u0131f\u0131r) olup olmad\u0131\u011f\u0131n\u0131 kontrol etmek i\u00e7in form\u00fcl ve ard\u0131ndan bo\u015f<\/h2><ol type=\"1\"><li> \u0130lk \u00f6nce B2 h\u00fccresine E\u011eER i\u015flevini girin.<\/li><li> Bundan sonra ilk arg\u00fcmanda A2 h\u00fccresinin (A2=0) de\u011ferlerini kontrol etme ko\u015fulunu belirtin.<\/li><li> \u015eimdi ikinci arg\u00fcmanda bir s\u0131f\u0131r belirtin.<\/li><li> \u00dc\u00e7\u00fcnc\u00fc arg\u00fcmanda A2 h\u00fccresine bak\u0131n.<\/li><li> Sonunda kapan\u0131\u015f parantezlerini girin. <\/li><\/ol><div class=\"wp-block-image\"><figure class=\"aligncenter size-full is-resized\"><img loading=\"lazy\" decoding=\"async\" class=\"wp-image-69516\" src=\"https:\/\/exceladvisor.org\/wp-content\/uploads\/2023\/08\/2-si-formule-pour-trouver-zero.png\" sizes=\"auto, \" srcset=\"\" alt=\"s\u0131f\u0131r\u0131 bulmak i\u00e7in form\u00fcl\" width=\"365\" height=\"480\"><\/figure><\/div><p> Bir h\u00fccrenin de\u011ferinin s\u0131f\u0131r olup olmad\u0131\u011f\u0131n\u0131 kontrol etmek ve onu s\u0131f\u0131ra de\u011fi\u015ftirmek i\u00e7in kullanman\u0131z gereken form\u00fcl a\u015fa\u011f\u0131dad\u0131r.<\/p><pre class=\"wp-block-preformatted\"> =IF(A2=0,\"\",A2)<\/pre><p> \u015eimdi bu form\u00fcl\u00fcn nas\u0131l \u00e7al\u0131\u015ft\u0131\u011f\u0131n\u0131 anlamaya \u00e7al\u0131\u015fal\u0131m. Bu form\u00fcl \u00fc\u00e7 b\u00f6l\u00fcmden olu\u015fuyor; ilk b\u00f6l\u00fcmde h\u00fccrenin bir de\u011fere sahip olup olmad\u0131\u011f\u0131n\u0131 kontrol eden bir ko\u015fulumuz var. <\/p><div class=\"wp-block-image\"><figure class=\"aligncenter size-full is-resized\"><img loading=\"lazy\" decoding=\"async\" class=\"wp-image-69517\" src=\"https:\/\/exceladvisor.org\/wp-content\/uploads\/2023\/08\/3-si-formule-avec-faux.png\" sizes=\"auto, \" srcset=\"\" alt=\"yanl\u0131\u015f-ile-if-form\u00fcl\u00fc\" width=\"488\" height=\"223\"><\/figure><\/div><p> Art\u0131k sonraki iki b\u00f6l\u00fcm iste\u011fe ba\u011fl\u0131d\u0131r ve ko\u015fulun sonucuna ba\u011fl\u0131 olarak \u00e7al\u0131\u015f\u0131r.<\/p><p> Ko\u015ful DO\u011eRU ise (bu, h\u00fccredeki de\u011ferin 0 oldu\u011fu anlam\u0131na gelir) bo\u015f de\u011feri, ko\u015ful YANLI\u015e ise orijinal h\u00fccredeki de\u011feri al\u0131rs\u0131n\u0131z. <\/p><div class=\"wp-block-image\"><figure class=\"aligncenter size-full is-resized\"><img loading=\"lazy\" decoding=\"async\" class=\"wp-image-69518\" src=\"https:\/\/exceladvisor.org\/wp-content\/uploads\/2023\/08\/4-parties-facultatives-de-la-formule-if.png\" sizes=\"auto, \" srcset=\"\" alt=\"if form\u00fcl\u00fcn\u00fcn iste\u011fe ba\u011fl\u0131 k\u0131s\u0131mlar\u0131\" width=\"459\" height=\"102\"><\/figure><\/div><div class=\"gb-container gb-container-0df56012 gb-container-mt\"> <a class=\"gb-button gb-button-f9f432f4 gb-button-text gb-button-mt-button\" href=\"https:\/\/exceladvisor.org\/tr\/formuller\/\">Excel form\u00fcllerinin listesi<\/a><h2 class=\"gb-headline gb-headline-233444e8 gb-headline-text gb-headline-mt-heading\"> \u0130lgili form\u00fcller <\/h2><div class=\"gb-grid-wrapper gb-grid-wrapper-a16fa65c gb-grid-wrapper-mt-grid\"><div class=\"gb-grid-column gb-grid-column-50d07e0d\"><div class=\"gb-container gb-container-50d07e0d\"><ul><li> <a href=\"https:\/\/exceladvisor.org\/tr\/bir-aralikta-bir-degerin-olup-olmadigini-kontrol-edin\/\">Excel&#8217;de bir aral\u0131kta bir de\u011ferin olup olmad\u0131\u011f\u0131n\u0131 kontrol edin<\/a><\/li><li> <a href=\"https:\/\/exceladvisor.org\/tr\/eger-ve-1\/\">Excel&#8217;de E\u011eER ve VE i\u015flevlerini birle\u015ftirme<\/a><\/li><li> <a href=\"https:\/\/exceladvisor.org\/tr\/eger-veya-1\/\">Excel&#8217;de IF ve OR i\u015flevlerini birle\u015ftirme<\/a><\/li><li> <a href=\"https:\/\/exceladvisor.org\/tr\/hucre-bossa\/\">IF H\u00fccresi Excel&#8217;de IF + ISBLANK kullan\u0131larak bo\u015f (bo\u015f)<\/a><\/li><li> <a href=\"https:\/\/exceladvisor.org\/tr\/negatifse-sifir\/\">Negatifse Excel&#8217;de s\u0131f\u0131r (0)<\/a><\/li><\/ul><\/div><\/div><\/div><\/div>","protected":false},"excerpt":{"rendered":"","protected":false},"author":1,"featured_media":0,"parent":0,"menu_order":0,"comment_status":"open","ping_status":"closed","template":"","meta":{"ub_ctt_via":"","footnotes":""},"class_list":["post-2042","page","type-page","status-publish","hentry"],"featured_image_src":null,"yoast_head":"<!-- This site is optimized with the Yoast SEO plugin v25.4 - https:\/\/yoast.com\/wordpress\/plugins\/seo\/ -->\n<title>IF 0 (s\u0131f\u0131r) ve ard\u0131ndan Excel&#039;de bo\u015f olup olmad\u0131\u011f\u0131 nas\u0131l kontrol edilir?<\/title>\n<meta name=\"description\" content=\"Bu derste, bir h\u00fccrede 0 (s\u0131f\u0131r) olup olmad\u0131\u011f\u0131n\u0131 kontrol edece\u011fiz ve ard\u0131ndan form\u00fcl sonucunda bir bo\u015fluk d\u00f6nd\u00fcrece\u011fiz.\" \/>\n<meta name=\"robots\" content=\"index, follow, max-snippet:-1, max-image-preview:large, max-video-preview:-1\" \/>\n<link rel=\"canonical\" href=\"https:\/\/exceladvisor.org\/tr\/sifirsa-o-zaman-bos\/\" \/>\n<meta property=\"og:locale\" content=\"tr_TR\" \/>\n<meta property=\"og:type\" content=\"article\" \/>\n<meta property=\"og:title\" content=\"IF 0 (s\u0131f\u0131r) ve ard\u0131ndan Excel&#039;de bo\u015f olup olmad\u0131\u011f\u0131 nas\u0131l kontrol edilir?\" \/>\n<meta property=\"og:description\" content=\"Bu derste, bir h\u00fccrede 0 (s\u0131f\u0131r) olup olmad\u0131\u011f\u0131n\u0131 kontrol edece\u011fiz ve ard\u0131ndan form\u00fcl sonucunda bir bo\u015fluk d\u00f6nd\u00fcrece\u011fiz.\" \/>\n<meta property=\"og:url\" content=\"https:\/\/exceladvisor.org\/tr\/sifirsa-o-zaman-bos\/\" \/>\n<meta property=\"og:site_name\" content=\"Excel Advisor\" \/>\n<meta property=\"article:modified_time\" content=\"2023-12-10T06:04:13+00:00\" \/>\n<meta property=\"og:image\" content=\"https:\/\/exceladvisor.org\/wp-content\/uploads\/2023\/08\/1-liste-de-numeros-1.png\" \/>\n<meta name=\"twitter:card\" content=\"summary_large_image\" \/>\n<meta name=\"twitter:label1\" content=\"Tahmini okuma s\u00fcresi\" \/>\n\t<meta name=\"twitter:data1\" content=\"2 dakika\" \/>\n<script type=\"application\/ld+json\" class=\"yoast-schema-graph\">{\"@context\":\"https:\/\/schema.org\",\"@graph\":[{\"@type\":\"WebPage\",\"@id\":\"https:\/\/exceladvisor.org\/tr\/sifirsa-o-zaman-bos\/\",\"url\":\"https:\/\/exceladvisor.org\/tr\/sifirsa-o-zaman-bos\/\",\"name\":\"IF 0 (s\u0131f\u0131r) ve ard\u0131ndan Excel&#39;de bo\u015f olup olmad\u0131\u011f\u0131 nas\u0131l kontrol edilir?\",\"isPartOf\":{\"@id\":\"https:\/\/exceladvisor.org\/tr\/#website\"},\"primaryImageOfPage\":{\"@id\":\"https:\/\/exceladvisor.org\/tr\/sifirsa-o-zaman-bos\/#primaryimage\"},\"image\":{\"@id\":\"https:\/\/exceladvisor.org\/tr\/sifirsa-o-zaman-bos\/#primaryimage\"},\"thumbnailUrl\":\"https:\/\/exceladvisor.org\/wp-content\/uploads\/2023\/08\/1-liste-de-numeros-1.png\",\"datePublished\":\"2023-10-23T03:12:53+00:00\",\"dateModified\":\"2023-12-10T06:04:13+00:00\",\"description\":\"Bu derste, bir h\u00fccrede 0 (s\u0131f\u0131r) olup olmad\u0131\u011f\u0131n\u0131 kontrol edece\u011fiz ve ard\u0131ndan form\u00fcl sonucunda bir bo\u015fluk d\u00f6nd\u00fcrece\u011fiz.\",\"breadcrumb\":{\"@id\":\"https:\/\/exceladvisor.org\/tr\/sifirsa-o-zaman-bos\/#breadcrumb\"},\"inLanguage\":\"tr\",\"potentialAction\":[{\"@type\":\"ReadAction\",\"target\":[\"https:\/\/exceladvisor.org\/tr\/sifirsa-o-zaman-bos\/\"]}]},{\"@type\":\"ImageObject\",\"inLanguage\":\"tr\",\"@id\":\"https:\/\/exceladvisor.org\/tr\/sifirsa-o-zaman-bos\/#primaryimage\",\"url\":\"https:\/\/exceladvisor.org\/wp-content\/uploads\/2023\/08\/1-liste-de-numeros-1.png\",\"contentUrl\":\"https:\/\/exceladvisor.org\/wp-content\/uploads\/2023\/08\/1-liste-de-numeros-1.png\"},{\"@type\":\"BreadcrumbList\",\"@id\":\"https:\/\/exceladvisor.org\/tr\/sifirsa-o-zaman-bos\/#breadcrumb\",\"itemListElement\":[{\"@type\":\"ListItem\",\"position\":1,\"name\":\"Ev\",\"item\":\"https:\/\/exceladvisor.org\/tr\/\"},{\"@type\":\"ListItem\",\"position\":2,\"name\":\"If 0 (s\u0131f\u0131r) ve ard\u0131ndan excel&#39;de bo\u015f olup olmad\u0131\u011f\u0131 nas\u0131l kontrol edilir?\"}]},{\"@type\":\"WebSite\",\"@id\":\"https:\/\/exceladvisor.org\/tr\/#website\",\"url\":\"https:\/\/exceladvisor.org\/tr\/\",\"name\":\"Excel Advisor\",\"description\":\"Veri hakimiyetine y\u00f6nelik nihai rehberiniz!\",\"publisher\":{\"@id\":\"https:\/\/exceladvisor.org\/tr\/#organization\"},\"potentialAction\":[{\"@type\":\"SearchAction\",\"target\":{\"@type\":\"EntryPoint\",\"urlTemplate\":\"https:\/\/exceladvisor.org\/tr\/?s={search_term_string}\"},\"query-input\":{\"@type\":\"PropertyValueSpecification\",\"valueRequired\":true,\"valueName\":\"search_term_string\"}}],\"inLanguage\":\"tr\"},{\"@type\":\"Organization\",\"@id\":\"https:\/\/exceladvisor.org\/tr\/#organization\",\"name\":\"Excel Advisor\",\"url\":\"https:\/\/exceladvisor.org\/tr\/\",\"logo\":{\"@type\":\"ImageObject\",\"inLanguage\":\"tr\",\"@id\":\"https:\/\/exceladvisor.org\/tr\/#\/schema\/logo\/image\/\",\"url\":\"https:\/\/exceladvisor.org\/tr\/wp-content\/uploads\/2023\/12\/exceladvisor.org_.png\",\"contentUrl\":\"https:\/\/exceladvisor.org\/tr\/wp-content\/uploads\/2023\/12\/exceladvisor.org_.png\",\"width\":105,\"height\":36,\"caption\":\"Excel Advisor\"},\"image\":{\"@id\":\"https:\/\/exceladvisor.org\/tr\/#\/schema\/logo\/image\/\"}}]}<\/script>\n<!-- \/ Yoast SEO plugin. -->","yoast_head_json":{"title":"IF 0 (s\u0131f\u0131r) ve ard\u0131ndan Excel&#39;de bo\u015f olup olmad\u0131\u011f\u0131 nas\u0131l kontrol edilir?","description":"Bu derste, bir h\u00fccrede 0 (s\u0131f\u0131r) olup olmad\u0131\u011f\u0131n\u0131 kontrol edece\u011fiz ve ard\u0131ndan form\u00fcl sonucunda bir bo\u015fluk d\u00f6nd\u00fcrece\u011fiz.","robots":{"index":"index","follow":"follow","max-snippet":"max-snippet:-1","max-image-preview":"max-image-preview:large","max-video-preview":"max-video-preview:-1"},"canonical":"https:\/\/exceladvisor.org\/tr\/sifirsa-o-zaman-bos\/","og_locale":"tr_TR","og_type":"article","og_title":"IF 0 (s\u0131f\u0131r) ve ard\u0131ndan Excel&#39;de bo\u015f olup olmad\u0131\u011f\u0131 nas\u0131l kontrol edilir?","og_description":"Bu derste, bir h\u00fccrede 0 (s\u0131f\u0131r) olup olmad\u0131\u011f\u0131n\u0131 kontrol edece\u011fiz ve ard\u0131ndan form\u00fcl sonucunda bir bo\u015fluk d\u00f6nd\u00fcrece\u011fiz.","og_url":"https:\/\/exceladvisor.org\/tr\/sifirsa-o-zaman-bos\/","og_site_name":"Excel Advisor","article_modified_time":"2023-12-10T06:04:13+00:00","og_image":[{"url":"https:\/\/exceladvisor.org\/wp-content\/uploads\/2023\/08\/1-liste-de-numeros-1.png","type":"","width":"","height":""}],"twitter_card":"summary_large_image","twitter_misc":{"Tahmini okuma s\u00fcresi":"2 dakika"},"schema":{"@context":"https:\/\/schema.org","@graph":[{"@type":"WebPage","@id":"https:\/\/exceladvisor.org\/tr\/sifirsa-o-zaman-bos\/","url":"https:\/\/exceladvisor.org\/tr\/sifirsa-o-zaman-bos\/","name":"IF 0 (s\u0131f\u0131r) ve ard\u0131ndan Excel&#39;de bo\u015f olup olmad\u0131\u011f\u0131 nas\u0131l kontrol edilir?","isPartOf":{"@id":"https:\/\/exceladvisor.org\/tr\/#website"},"primaryImageOfPage":{"@id":"https:\/\/exceladvisor.org\/tr\/sifirsa-o-zaman-bos\/#primaryimage"},"image":{"@id":"https:\/\/exceladvisor.org\/tr\/sifirsa-o-zaman-bos\/#primaryimage"},"thumbnailUrl":"https:\/\/exceladvisor.org\/wp-content\/uploads\/2023\/08\/1-liste-de-numeros-1.png","datePublished":"2023-10-23T03:12:53+00:00","dateModified":"2023-12-10T06:04:13+00:00","description":"Bu derste, bir h\u00fccrede 0 (s\u0131f\u0131r) olup olmad\u0131\u011f\u0131n\u0131 kontrol edece\u011fiz ve ard\u0131ndan form\u00fcl sonucunda bir bo\u015fluk d\u00f6nd\u00fcrece\u011fiz.","breadcrumb":{"@id":"https:\/\/exceladvisor.org\/tr\/sifirsa-o-zaman-bos\/#breadcrumb"},"inLanguage":"tr","potentialAction":[{"@type":"ReadAction","target":["https:\/\/exceladvisor.org\/tr\/sifirsa-o-zaman-bos\/"]}]},{"@type":"ImageObject","inLanguage":"tr","@id":"https:\/\/exceladvisor.org\/tr\/sifirsa-o-zaman-bos\/#primaryimage","url":"https:\/\/exceladvisor.org\/wp-content\/uploads\/2023\/08\/1-liste-de-numeros-1.png","contentUrl":"https:\/\/exceladvisor.org\/wp-content\/uploads\/2023\/08\/1-liste-de-numeros-1.png"},{"@type":"BreadcrumbList","@id":"https:\/\/exceladvisor.org\/tr\/sifirsa-o-zaman-bos\/#breadcrumb","itemListElement":[{"@type":"ListItem","position":1,"name":"Ev","item":"https:\/\/exceladvisor.org\/tr\/"},{"@type":"ListItem","position":2,"name":"If 0 (s\u0131f\u0131r) ve ard\u0131ndan excel&#39;de bo\u015f olup olmad\u0131\u011f\u0131 nas\u0131l kontrol edilir?"}]},{"@type":"WebSite","@id":"https:\/\/exceladvisor.org\/tr\/#website","url":"https:\/\/exceladvisor.org\/tr\/","name":"Excel Advisor","description":"Veri hakimiyetine y\u00f6nelik nihai rehberiniz!","publisher":{"@id":"https:\/\/exceladvisor.org\/tr\/#organization"},"potentialAction":[{"@type":"SearchAction","target":{"@type":"EntryPoint","urlTemplate":"https:\/\/exceladvisor.org\/tr\/?s={search_term_string}"},"query-input":{"@type":"PropertyValueSpecification","valueRequired":true,"valueName":"search_term_string"}}],"inLanguage":"tr"},{"@type":"Organization","@id":"https:\/\/exceladvisor.org\/tr\/#organization","name":"Excel Advisor","url":"https:\/\/exceladvisor.org\/tr\/","logo":{"@type":"ImageObject","inLanguage":"tr","@id":"https:\/\/exceladvisor.org\/tr\/#\/schema\/logo\/image\/","url":"https:\/\/exceladvisor.org\/tr\/wp-content\/uploads\/2023\/12\/exceladvisor.org_.png","contentUrl":"https:\/\/exceladvisor.org\/tr\/wp-content\/uploads\/2023\/12\/exceladvisor.org_.png","width":105,"height":36,"caption":"Excel Advisor"},"image":{"@id":"https:\/\/exceladvisor.org\/tr\/#\/schema\/logo\/image\/"}}]}},"yoast_meta":{"yoast_wpseo_title":"","yoast_wpseo_metadesc":"","yoast_wpseo_canonical":""},"_links":{"self":[{"href":"https:\/\/exceladvisor.org\/tr\/wp-json\/wp\/v2\/pages\/2042","targetHints":{"allow":["GET"]}}],"collection":[{"href":"https:\/\/exceladvisor.org\/tr\/wp-json\/wp\/v2\/pages"}],"about":[{"href":"https:\/\/exceladvisor.org\/tr\/wp-json\/wp\/v2\/types\/page"}],"author":[{"embeddable":true,"href":"https:\/\/exceladvisor.org\/tr\/wp-json\/wp\/v2\/users\/1"}],"replies":[{"embeddable":true,"href":"https:\/\/exceladvisor.org\/tr\/wp-json\/wp\/v2\/comments?post=2042"}],"version-history":[{"count":1,"href":"https:\/\/exceladvisor.org\/tr\/wp-json\/wp\/v2\/pages\/2042\/revisions"}],"predecessor-version":[{"id":2700,"href":"https:\/\/exceladvisor.org\/tr\/wp-json\/wp\/v2\/pages\/2042\/revisions\/2700"}],"wp:attachment":[{"href":"https:\/\/exceladvisor.org\/tr\/wp-json\/wp\/v2\/media?parent=2042"}],"curies":[{"name":"wp","href":"https:\/\/api.w.org\/{rel}","templated":true}]}}