{"id":2043,"date":"2023-10-23T00:54:26","date_gmt":"2023-10-23T00:54:26","guid":{"rendered":"https:\/\/exceladvisor.org\/tr\/toplamlar-esit-degil\/"},"modified":"2023-12-10T06:01:18","modified_gmt":"2023-12-10T06:01:18","slug":"toplamlar-esit-degil","status":"publish","type":"page","link":"https:\/\/exceladvisor.org\/tr\/toplamlar-esit-degil\/","title":{"rendered":"Excel&#39;de e\u015fit olmayan de\u011ferler nas\u0131l toplan\u0131r? (topla)"},"content":{"rendered":"<div class=\"excel-icerikten-once\" id=\"excel-1020198410\"><script type=\"text\/javascript\">\r\n\tatOptions = {\r\n\t\t'key' : 'c1158f160081d6540a8409e6925dab94',\r\n\t\t'format' : 'iframe',\r\n\t\t'height' : 250,\r\n\t\t'width' : 300,\r\n\t\t'params' : {}\r\n\t};\r\n<\/script>\r\n<script type=\"text\/javascript\" src=\"\/\/www.highperformanceformat.com\/c1158f160081d6540a8409e6925dab94\/invoke.js\"><\/script><\/div> <p>Excel&#8217;de belirli kriterlere e\u015fit olmayan de\u011ferler eklemeniz gerekti\u011finde ETOPLA veya ETOPLA&#8217;y\u0131 kullanabilirsiniz. Sahip oldu\u011funuz verilere ba\u011fl\u0131 olarak her iki i\u015flev de kullan\u0131labilir. Bu derste her iki duruma da bakaca\u011f\u0131z.<\/p><h2 class=\"wp-block-heading\"> ETOPLA e\u015fit de\u011fil<\/h2><p> A\u015fa\u011f\u0131daki \u00f6rnekte, 2000 olan \u00fc\u00e7 de\u011fere sahip oldu\u011fumuz bir de\u011ferler listemiz var, ancak di\u011fer t\u00fcm de\u011ferleri toplamam\u0131z gerekiyor. <\/p><div class=\"wp-block-image\"><figure class=\"aligncenter size-full is-resized\"><img loading=\"lazy\" decoding=\"async\" class=\"wp-image-66848\" src=\"https:\/\/exceladvisor.org\/wp-content\/uploads\/2023\/08\/1-somme-si-pas-egal-a.png\" sizes=\"auto, \" srcset=\"\" alt=\"toplam-e\u015fit de\u011fil\" width=\"251\" height=\"278\"><\/figure><\/div><p> Burada sonucu almak i\u00e7in SUMIF kullanaca\u011f\u0131z.<\/p><pre class=\"wp-block-code\"> <code class=\"language-excel-formula\" lang=\"excel-formula\">=SUMIF(A2:A14,\"&lt;&gt;2000\",A2:A14)<\/code><\/pre><ol><li> \u0130lk olarak C1&#8217;e \u201c=ETOPLA\u201dy\u0131 girin ve ard\u0131ndan ba\u015flang\u0131\u00e7 parantezlerini girin. <br><img loading=\"lazy\" decoding=\"async\" title=\"2 toplaml\u0131 form\u00fcl\" src=\"https:\/\/exceladvisor.org\/wp-content\/uploads\/2023\/08\/formule-2-sumif.png\" sizes=\"auto, \" srcset=\"\" alt=\"sumif-formula\" width=\"380\" height=\"299\"><\/li><li> Daha sonra kriterleri kontrol etmemiz gereken aral\u0131\u011f\u0131 se\u00e7in (2000&#8217;e e\u015fit de\u011fil). <br><img loading=\"lazy\" decoding=\"async\" title=\"3-toplam-i\u00e7inde-aral\u0131k form\u00fcl\u00fc\" src=\"https:\/\/exceladvisor.org\/wp-content\/uploads\/2023\/08\/3-plage-dans-la-formule-sumif.png\" sizes=\"auto, \" srcset=\"\" alt=\"range-within-sumif-formula\" width=\"392\" height=\"293\"><\/li><li> Daha sonra kriter olarak kullanmak istedi\u011fimiz yani 2000&#8217;e e\u015fit olmayan de\u011ferleri girin ve bunun i\u00e7in e\u015fit de\u011fil operat\u00f6r\u00fcn\u00fc (i\u015fareti) kullan\u0131p \u00e7ift t\u0131rnak i\u00e7ine almal\u0131y\u0131z. <br><img loading=\"lazy\" decoding=\"async\" title=\"4-kriter olarak kullan\u0131lacak de\u011ferleri girin\" src=\"https:\/\/exceladvisor.org\/wp-content\/uploads\/2023\/08\/4-entrez-les-valeurs-a-utiliser-comme-criteres.png\" sizes=\"auto, \" srcset=\"\" alt=\"enter-values-to-use-as-criteria\" width=\"397\" height=\"295\"><\/li><li> Buradan de\u011ferleri toplamam\u0131z gereken aral\u0131\u011f\u0131 belirtmeniz gerekiyor. \u015eimdi yaln\u0131zca bir aral\u0131k kulland\u0131\u011f\u0131m\u0131zdan ve ayn\u0131 aral\u0131ktan yararland\u0131\u011f\u0131m\u0131zdan, de\u011ferlerin toplam\u0131n\u0131 elde etmek i\u00e7in bunu kullanmam\u0131z gerekiyor. <br><img loading=\"lazy\" decoding=\"async\" title=\"De\u011fer eklemek i\u00e7in 5 aral\u0131k\" src=\"https:\/\/exceladvisor.org\/wp-content\/uploads\/2023\/08\/5-plage-pour-additionner-les-valeurs.png\" sizes=\"auto, \" srcset=\"\" alt=\"range-to-sum-the-values\" width=\"430\" height=\"315\"><\/li><li> Sonunda kapatma parantezlerini girin ve Enter tu\u015funa bas\u0131n. <br><img loading=\"lazy\" decoding=\"async\" title=\"6-kapatma-parantezlerini girin\" src=\"https:\/\/exceladvisor.org\/wp-content\/uploads\/2023\/08\/6-entrez-les-parentheses-fermantes.png\" sizes=\"auto, \" srcset=\"\" alt=\"enter-closing-parentheses\" width=\"428\" height=\"316\"><\/li><\/ol><p> G\u00f6rd\u00fc\u011f\u00fcn\u00fcz gibi 2000&#8217;e e\u015fit olmayan t\u00fcm de\u011ferlerin toplam\u0131 olan sonu\u00e7ta 16046 var.<\/p><p class=\"qt-tip\"> <strong>Not:<\/strong> [toplam_aral\u0131\u011f\u0131] iste\u011fe ba\u011fl\u0131d\u0131r, bunu belirtmeyi g\u00f6z ard\u0131 edebilirsiniz ve sonu\u00e7ta her zaman toplam\u0131 d\u00f6nd\u00fcr\u00fcr. <\/p><div class=\"wp-block-image\"><figure class=\"aligncenter size-full is-resized\"><img loading=\"lazy\" decoding=\"async\" class=\"wp-image-66854\" src=\"https:\/\/exceladvisor.org\/wp-content\/uploads\/2023\/08\/Plage-de-saut-de-la-formule-7-sumif.png\" sizes=\"auto, \" srcset=\"\" alt=\"sumif-form\u00fcl-atlama-aral\u0131\u011f\u0131\" width=\"423\" height=\"363\"><\/figure><\/div><pre class=\"wp-block-code\"> <code class=\"language-excel-formula\" lang=\"excel-formula\">=SUMIF(A2:A14,\"&lt;&gt;2000\")<\/code><\/pre><h2 class=\"wp-block-heading\"> SUMIFS birden fazla de\u011fere e\u015fit de\u011fildir (metin)<\/h2><p> Diyelim ki birden fazla e\u015fit olmayan de\u011fer kullanarak de\u011fer eklemeniz gerekiyor. A\u015fa\u011f\u0131daki \u00f6rnekte, adetli \u00fcr\u00fcn listemiz var ve A ve C&#8217;ye e\u015fit olmayan \u00fcr\u00fcnleri toplaman\u0131z gerekiyor. <\/p><div class=\"wp-block-image\"><figure class=\"aligncenter size-full is-resized\"><img loading=\"lazy\" decoding=\"async\" class=\"wp-image-66855\" src=\"https:\/\/exceladvisor.org\/wp-content\/uploads\/2023\/08\/8-sumifs-non-egaux-a-plusieurs-valeurs.png\" sizes=\"auto, \" srcset=\"\" alt=\"e\u015fit olmayan \u00e7ok de\u011ferli toplamlar\" width=\"351\" height=\"337\"><\/figure><\/div><p> A\u015fa\u011f\u0131daki form\u00fcl\u00fc kullanabilirsiniz. <\/p><pre class=\"wp-block-code\"> <code class=\"language-excel-formula\" lang=\"excel-formula\">=SUMIFS(B2:B13,A2:A13,\"&lt;&gt;A\",A2:A13,\"&lt;&gt;C\")<\/code><\/pre><div class=\"wp-block-image\"><figure class=\"aligncenter size-full is-resized\"><img loading=\"lazy\" decoding=\"async\" class=\"wp-image-66856\" src=\"https:\/\/exceladvisor.org\/wp-content\/uploads\/2023\/08\/9-sumifs-multiples-non-egaux-aux-criteres.png\" sizes=\"auto, \" srcset=\"\" alt=\"\u00e7oklu toplamlar-kriterlere-e\u015fit de\u011fil\" width=\"492\" height=\"402\"><\/figure><\/div><p> Yukar\u0131daki form\u00fcllerde geri kalan de\u011ferlerin toplam\u0131n\u0131 elde etmek i\u00e7in e\u015fit olmayan \u00e7oklu kriteri kulland\u0131k.<\/p><div class=\"gb-container gb-container-0df56012 gb-container-mt\"> <a class=\"gb-button gb-button-f9f432f4 gb-button-text gb-button-mt-button\" href=\"https:\/\/exceladvisor.org\/tr\/formuller\/\">Excel form\u00fcllerinin listesi<\/a><h2 class=\"gb-headline gb-headline-233444e8 gb-headline-text gb-headline-mt-heading\"> \u0130lgili form\u00fcller <\/h2><div class=\"gb-grid-wrapper gb-grid-wrapper-a16fa65c gb-grid-wrapper-mt-grid\"><div class=\"gb-grid-column gb-grid-column-50d07e0d\"><div class=\"gb-container gb-container-50d07e0d\"><ul><li> <a href=\"https:\/\/exceladvisor.org\/tr\/iki-tarih-arasindaki-degerlerin-toplami\/\">SUMIFS tarih aral\u0131\u011f\u0131 (iki tarih dizisi aras\u0131ndaki de\u011ferlerin toplam\u0131)<\/a><\/li><li> <a href=\"https:\/\/exceladvisor.org\/tr\/toplam-gorunumu\/\">D\u00dc\u015eEYARA&#8217;y\u0131 ETOPLA ile birle\u015ftirme<\/a><\/li><li> <a href=\"https:\/\/exceladvisor.org\/tr\/iceriyorsa-toplami\/\">Toplam E\u011eER h\u00fccre belirli bir metin i\u00e7eriyorsa (SUMIF k\u0131smi metin)<\/a><\/li><li> <a href=\"https:\/\/exceladvisor.org\/tr\/sumif-yil-2\/\">Y\u0131llara g\u00f6re de\u011ferlerin toplam\u0131 (SUMIF Y\u0131l\u0131)<\/a><\/li><li> <a href=\"https:\/\/exceladvisor.org\/tr\/tarihe-gore-toplam\/\">Tarihe g\u00f6re ETOPLA (bir tarihe dayal\u0131 de\u011ferlerin toplam\u0131)<\/a><\/li><\/ul><\/div><\/div><\/div><\/div>","protected":false},"excerpt":{"rendered":"","protected":false},"author":1,"featured_media":0,"parent":0,"menu_order":0,"comment_status":"open","ping_status":"closed","template":"","meta":{"ub_ctt_via":"","footnotes":""},"class_list":["post-2043","page","type-page","status-publish","hentry"],"featured_image_src":null,"yoast_head":"<!-- This site is optimized with the Yoast SEO plugin v25.4 - https:\/\/yoast.com\/wordpress\/plugins\/seo\/ -->\n<title>E\u015fit olmayan de\u011ferler nas\u0131l eklenir? (TOPLA)<\/title>\n<meta name=\"description\" content=\"Takip edilmesi kolay form\u00fclleri kullanarak Excel&#039;de farkl\u0131 de\u011ferler eklemenin farkl\u0131 yollar\u0131n\u0131 \u00f6\u011frenin.\" \/>\n<meta name=\"robots\" content=\"index, follow, max-snippet:-1, max-image-preview:large, max-video-preview:-1\" \/>\n<link rel=\"canonical\" href=\"https:\/\/exceladvisor.org\/tr\/toplamlar-esit-degil\/\" \/>\n<meta property=\"og:locale\" content=\"tr_TR\" \/>\n<meta property=\"og:type\" content=\"article\" \/>\n<meta property=\"og:title\" content=\"E\u015fit olmayan de\u011ferler nas\u0131l eklenir? (TOPLA)\" \/>\n<meta property=\"og:description\" content=\"Takip edilmesi kolay form\u00fclleri kullanarak Excel&#039;de farkl\u0131 de\u011ferler eklemenin farkl\u0131 yollar\u0131n\u0131 \u00f6\u011frenin.\" \/>\n<meta property=\"og:url\" content=\"https:\/\/exceladvisor.org\/tr\/toplamlar-esit-degil\/\" \/>\n<meta property=\"og:site_name\" content=\"Excel Advisor\" \/>\n<meta property=\"article:modified_time\" content=\"2023-12-10T06:01:18+00:00\" \/>\n<meta property=\"og:image\" content=\"https:\/\/exceladvisor.org\/wp-content\/uploads\/2023\/08\/1-somme-si-pas-egal-a.png\" \/>\n<meta name=\"twitter:card\" content=\"summary_large_image\" \/>\n<meta name=\"twitter:label1\" content=\"Tahmini okuma s\u00fcresi\" \/>\n\t<meta name=\"twitter:data1\" content=\"2 dakika\" \/>\n<script type=\"application\/ld+json\" class=\"yoast-schema-graph\">{\"@context\":\"https:\/\/schema.org\",\"@graph\":[{\"@type\":\"WebPage\",\"@id\":\"https:\/\/exceladvisor.org\/tr\/toplamlar-esit-degil\/\",\"url\":\"https:\/\/exceladvisor.org\/tr\/toplamlar-esit-degil\/\",\"name\":\"E\u015fit olmayan de\u011ferler nas\u0131l eklenir? (TOPLA)\",\"isPartOf\":{\"@id\":\"https:\/\/exceladvisor.org\/tr\/#website\"},\"primaryImageOfPage\":{\"@id\":\"https:\/\/exceladvisor.org\/tr\/toplamlar-esit-degil\/#primaryimage\"},\"image\":{\"@id\":\"https:\/\/exceladvisor.org\/tr\/toplamlar-esit-degil\/#primaryimage\"},\"thumbnailUrl\":\"https:\/\/exceladvisor.org\/wp-content\/uploads\/2023\/08\/1-somme-si-pas-egal-a.png\",\"datePublished\":\"2023-10-23T00:54:26+00:00\",\"dateModified\":\"2023-12-10T06:01:18+00:00\",\"description\":\"Takip edilmesi kolay form\u00fclleri kullanarak Excel&#39;de farkl\u0131 de\u011ferler eklemenin farkl\u0131 yollar\u0131n\u0131 \u00f6\u011frenin.\",\"breadcrumb\":{\"@id\":\"https:\/\/exceladvisor.org\/tr\/toplamlar-esit-degil\/#breadcrumb\"},\"inLanguage\":\"tr\",\"potentialAction\":[{\"@type\":\"ReadAction\",\"target\":[\"https:\/\/exceladvisor.org\/tr\/toplamlar-esit-degil\/\"]}]},{\"@type\":\"ImageObject\",\"inLanguage\":\"tr\",\"@id\":\"https:\/\/exceladvisor.org\/tr\/toplamlar-esit-degil\/#primaryimage\",\"url\":\"https:\/\/exceladvisor.org\/wp-content\/uploads\/2023\/08\/1-somme-si-pas-egal-a.png\",\"contentUrl\":\"https:\/\/exceladvisor.org\/wp-content\/uploads\/2023\/08\/1-somme-si-pas-egal-a.png\"},{\"@type\":\"BreadcrumbList\",\"@id\":\"https:\/\/exceladvisor.org\/tr\/toplamlar-esit-degil\/#breadcrumb\",\"itemListElement\":[{\"@type\":\"ListItem\",\"position\":1,\"name\":\"Ev\",\"item\":\"https:\/\/exceladvisor.org\/tr\/\"},{\"@type\":\"ListItem\",\"position\":2,\"name\":\"Excel&#39;de e\u015fit olmayan de\u011ferler nas\u0131l toplan\u0131r? (topla)\"}]},{\"@type\":\"WebSite\",\"@id\":\"https:\/\/exceladvisor.org\/tr\/#website\",\"url\":\"https:\/\/exceladvisor.org\/tr\/\",\"name\":\"Excel Advisor\",\"description\":\"Veri hakimiyetine y\u00f6nelik nihai rehberiniz!\",\"publisher\":{\"@id\":\"https:\/\/exceladvisor.org\/tr\/#organization\"},\"potentialAction\":[{\"@type\":\"SearchAction\",\"target\":{\"@type\":\"EntryPoint\",\"urlTemplate\":\"https:\/\/exceladvisor.org\/tr\/?s={search_term_string}\"},\"query-input\":{\"@type\":\"PropertyValueSpecification\",\"valueRequired\":true,\"valueName\":\"search_term_string\"}}],\"inLanguage\":\"tr\"},{\"@type\":\"Organization\",\"@id\":\"https:\/\/exceladvisor.org\/tr\/#organization\",\"name\":\"Excel Advisor\",\"url\":\"https:\/\/exceladvisor.org\/tr\/\",\"logo\":{\"@type\":\"ImageObject\",\"inLanguage\":\"tr\",\"@id\":\"https:\/\/exceladvisor.org\/tr\/#\/schema\/logo\/image\/\",\"url\":\"https:\/\/exceladvisor.org\/tr\/wp-content\/uploads\/2023\/12\/exceladvisor.org_.png\",\"contentUrl\":\"https:\/\/exceladvisor.org\/tr\/wp-content\/uploads\/2023\/12\/exceladvisor.org_.png\",\"width\":105,\"height\":36,\"caption\":\"Excel Advisor\"},\"image\":{\"@id\":\"https:\/\/exceladvisor.org\/tr\/#\/schema\/logo\/image\/\"}}]}<\/script>\n<!-- \/ Yoast SEO plugin. -->","yoast_head_json":{"title":"E\u015fit olmayan de\u011ferler nas\u0131l eklenir? (TOPLA)","description":"Takip edilmesi kolay form\u00fclleri kullanarak Excel&#39;de farkl\u0131 de\u011ferler eklemenin farkl\u0131 yollar\u0131n\u0131 \u00f6\u011frenin.","robots":{"index":"index","follow":"follow","max-snippet":"max-snippet:-1","max-image-preview":"max-image-preview:large","max-video-preview":"max-video-preview:-1"},"canonical":"https:\/\/exceladvisor.org\/tr\/toplamlar-esit-degil\/","og_locale":"tr_TR","og_type":"article","og_title":"E\u015fit olmayan de\u011ferler nas\u0131l eklenir? (TOPLA)","og_description":"Takip edilmesi kolay form\u00fclleri kullanarak Excel&#39;de farkl\u0131 de\u011ferler eklemenin farkl\u0131 yollar\u0131n\u0131 \u00f6\u011frenin.","og_url":"https:\/\/exceladvisor.org\/tr\/toplamlar-esit-degil\/","og_site_name":"Excel Advisor","article_modified_time":"2023-12-10T06:01:18+00:00","og_image":[{"url":"https:\/\/exceladvisor.org\/wp-content\/uploads\/2023\/08\/1-somme-si-pas-egal-a.png","type":"","width":"","height":""}],"twitter_card":"summary_large_image","twitter_misc":{"Tahmini okuma s\u00fcresi":"2 dakika"},"schema":{"@context":"https:\/\/schema.org","@graph":[{"@type":"WebPage","@id":"https:\/\/exceladvisor.org\/tr\/toplamlar-esit-degil\/","url":"https:\/\/exceladvisor.org\/tr\/toplamlar-esit-degil\/","name":"E\u015fit olmayan de\u011ferler nas\u0131l eklenir? (TOPLA)","isPartOf":{"@id":"https:\/\/exceladvisor.org\/tr\/#website"},"primaryImageOfPage":{"@id":"https:\/\/exceladvisor.org\/tr\/toplamlar-esit-degil\/#primaryimage"},"image":{"@id":"https:\/\/exceladvisor.org\/tr\/toplamlar-esit-degil\/#primaryimage"},"thumbnailUrl":"https:\/\/exceladvisor.org\/wp-content\/uploads\/2023\/08\/1-somme-si-pas-egal-a.png","datePublished":"2023-10-23T00:54:26+00:00","dateModified":"2023-12-10T06:01:18+00:00","description":"Takip edilmesi kolay form\u00fclleri kullanarak Excel&#39;de farkl\u0131 de\u011ferler eklemenin farkl\u0131 yollar\u0131n\u0131 \u00f6\u011frenin.","breadcrumb":{"@id":"https:\/\/exceladvisor.org\/tr\/toplamlar-esit-degil\/#breadcrumb"},"inLanguage":"tr","potentialAction":[{"@type":"ReadAction","target":["https:\/\/exceladvisor.org\/tr\/toplamlar-esit-degil\/"]}]},{"@type":"ImageObject","inLanguage":"tr","@id":"https:\/\/exceladvisor.org\/tr\/toplamlar-esit-degil\/#primaryimage","url":"https:\/\/exceladvisor.org\/wp-content\/uploads\/2023\/08\/1-somme-si-pas-egal-a.png","contentUrl":"https:\/\/exceladvisor.org\/wp-content\/uploads\/2023\/08\/1-somme-si-pas-egal-a.png"},{"@type":"BreadcrumbList","@id":"https:\/\/exceladvisor.org\/tr\/toplamlar-esit-degil\/#breadcrumb","itemListElement":[{"@type":"ListItem","position":1,"name":"Ev","item":"https:\/\/exceladvisor.org\/tr\/"},{"@type":"ListItem","position":2,"name":"Excel&#39;de e\u015fit olmayan de\u011ferler nas\u0131l toplan\u0131r? (topla)"}]},{"@type":"WebSite","@id":"https:\/\/exceladvisor.org\/tr\/#website","url":"https:\/\/exceladvisor.org\/tr\/","name":"Excel Advisor","description":"Veri hakimiyetine y\u00f6nelik nihai rehberiniz!","publisher":{"@id":"https:\/\/exceladvisor.org\/tr\/#organization"},"potentialAction":[{"@type":"SearchAction","target":{"@type":"EntryPoint","urlTemplate":"https:\/\/exceladvisor.org\/tr\/?s={search_term_string}"},"query-input":{"@type":"PropertyValueSpecification","valueRequired":true,"valueName":"search_term_string"}}],"inLanguage":"tr"},{"@type":"Organization","@id":"https:\/\/exceladvisor.org\/tr\/#organization","name":"Excel Advisor","url":"https:\/\/exceladvisor.org\/tr\/","logo":{"@type":"ImageObject","inLanguage":"tr","@id":"https:\/\/exceladvisor.org\/tr\/#\/schema\/logo\/image\/","url":"https:\/\/exceladvisor.org\/tr\/wp-content\/uploads\/2023\/12\/exceladvisor.org_.png","contentUrl":"https:\/\/exceladvisor.org\/tr\/wp-content\/uploads\/2023\/12\/exceladvisor.org_.png","width":105,"height":36,"caption":"Excel Advisor"},"image":{"@id":"https:\/\/exceladvisor.org\/tr\/#\/schema\/logo\/image\/"}}]}},"yoast_meta":{"yoast_wpseo_title":"","yoast_wpseo_metadesc":"","yoast_wpseo_canonical":""},"_links":{"self":[{"href":"https:\/\/exceladvisor.org\/tr\/wp-json\/wp\/v2\/pages\/2043","targetHints":{"allow":["GET"]}}],"collection":[{"href":"https:\/\/exceladvisor.org\/tr\/wp-json\/wp\/v2\/pages"}],"about":[{"href":"https:\/\/exceladvisor.org\/tr\/wp-json\/wp\/v2\/types\/page"}],"author":[{"embeddable":true,"href":"https:\/\/exceladvisor.org\/tr\/wp-json\/wp\/v2\/users\/1"}],"replies":[{"embeddable":true,"href":"https:\/\/exceladvisor.org\/tr\/wp-json\/wp\/v2\/comments?post=2043"}],"version-history":[{"count":1,"href":"https:\/\/exceladvisor.org\/tr\/wp-json\/wp\/v2\/pages\/2043\/revisions"}],"predecessor-version":[{"id":2500,"href":"https:\/\/exceladvisor.org\/tr\/wp-json\/wp\/v2\/pages\/2043\/revisions\/2500"}],"wp:attachment":[{"href":"https:\/\/exceladvisor.org\/tr\/wp-json\/wp\/v2\/media?parent=2043"}],"curies":[{"name":"wp","href":"https:\/\/api.w.org\/{rel}","templated":true}]}}