{"id":2045,"date":"2023-10-22T23:58:21","date_gmt":"2023-10-22T23:58:21","guid":{"rendered":"https:\/\/exceladvisor.org\/tr\/esitten-buyuk\/"},"modified":"2023-12-10T05:59:11","modified_gmt":"2023-12-10T05:59:11","slug":"esitten-buyuk","status":"publish","type":"page","link":"https:\/\/exceladvisor.org\/tr\/esitten-buyuk\/","title":{"rendered":"B\u00fcy\u00fckt\u00fcr (&gt;) ve e\u015fittir (=) operat\u00f6r\u00fc nas\u0131l kullan\u0131l\u0131r?"},"content":{"rendered":"<div class=\"excel-icerikten-once\" id=\"excel-1592078043\"><script type=\"text\/javascript\">\r\n\tatOptions = {\r\n\t\t'key' : 'c1158f160081d6540a8409e6925dab94',\r\n\t\t'format' : 'iframe',\r\n\t\t'height' : 250,\r\n\t\t'width' : 300,\r\n\t\t'params' : {}\r\n\t};\r\n<\/script>\r\n<script type=\"text\/javascript\" src=\"\/\/www.highperformanceformat.com\/c1158f160081d6540a8409e6925dab94\/invoke.js\"><\/script><\/div> <p>Mant\u0131ksal bir ko\u015fulu test etmek i\u00e7in Excel&#8217;de b\u00fcy\u00fckt\u00fcr ve e\u015fittir operat\u00f6r\u00fcn\u00fc kullanabilirsiniz.<\/p><ul><li> \u015eundan b\u00fcy\u00fck: &gt;<\/li><li> E\u015fittir: =<\/li><li> B\u00fcy\u00fck veya e\u015fittir: ( <strong>&gt;=<\/strong> ) <\/li><\/ul><div class=\"wp-block-image\"><figure class=\"aligncenter size-full is-resized\"><img loading=\"lazy\" decoding=\"async\" class=\"wp-image-84427\" src=\"https:\/\/exceladvisor.org\/wp-content\/uploads\/2023\/08\/1-superieur-a-egal-aux-symboles.png\" sizes=\"auto, \" srcset=\"\" alt=\"e\u015fitten b\u00fcy\u00fck semboller\" width=\"515\" height=\"272\"><\/figure><\/div><p> Bu derste bunu anlamak i\u00e7in \u00f6rneklere bakaca\u011f\u0131z.<\/p><h2 class=\"wp-block-heading\"> B\u00fcy\u00fckt\u00fcr veya e\u015fittir kullanarak bir form\u00fcl yaz\u0131n<\/h2><ol type=\"1\"><li> Form\u00fcle ba\u015flamak i\u00e7in bir h\u00fccreye = girin.<\/li><li> \u0130lk de\u011feri girin veya h\u00fccreye bak\u0131n.<\/li><li> (&gt;=) girin.<\/li><li> \u0130kinci de\u011feri girin veya h\u00fccreye bak\u0131n.<\/li><li> Sonucu almak i\u00e7in Enter tu\u015funa bas\u0131n. <\/li><\/ol><div class=\"wp-block-image\"><figure class=\"aligncenter size-full is-resized\"><img loading=\"lazy\" decoding=\"async\" class=\"wp-image-84428\" src=\"https:\/\/exceladvisor.org\/wp-content\/uploads\/2023\/08\/2-formule-utilisant-superieur-et-egal-a.png\" sizes=\"auto, \" srcset=\"\" alt=\"b\u00fcy\u00fck-ve-e\u015fit-to form\u00fcl\u00fc kullanma\" width=\"550\" height=\"231\"><\/figure><\/div><p> B\u00fcy\u00fckt\u00fcr veya e\u015fittir operat\u00f6r\u00fcn\u00fc kullan\u0131rken, \u00f6ncelikle test etmek istedi\u011finiz de\u011fere ba\u015fvurman\u0131z gerekir. Yukar\u0131daki \u00f6rnekte 4&#8217;\u00fc test ettik, dolay\u0131s\u0131yla ilk \u00f6nce buna de\u011findik.<\/p><h2 class=\"wp-block-heading\"> Yaln\u0131zca (&gt;) de\u011ferinden b\u00fcy\u00fck<\/h2><p> Excel&#8217;deki b\u00fcy\u00fckt\u00fcr operat\u00f6r\u00fc, matematiksel hesaplamalar\u0131n\u0131zda kulland\u0131\u011f\u0131n\u0131z operat\u00f6rd\u00fcr. Bu operat\u00f6r\u00fc klavyenizden girebilirsiniz. A\u015fa\u011f\u0131daki \u00f6rnekte 4&#8217;\u00fcn 3&#8217;ten b\u00fcy\u00fck olup olmad\u0131\u011f\u0131n\u0131 test edecek bir ko\u015fulumuzun oldu\u011funu ve sonu\u00e7ta DO\u011eRU sonucunu elde etti\u011fimizi g\u00f6rebilirsiniz. <\/p><div class=\"wp-block-image\"><figure class=\"aligncenter size-full is-resized\"><img loading=\"lazy\" decoding=\"async\" class=\"wp-image-84429\" src=\"https:\/\/exceladvisor.org\/wp-content\/uploads\/2023\/08\/3-conditions-a-tester.png\" sizes=\"auto, \" srcset=\"\" alt=\"test etme ko\u015fulu\" width=\"447\" height=\"253\"><\/figure><\/div><p> Sonu\u00e7ta DO\u011eRU&#8217;ya sahibiz, bu da ko\u015fulun DO\u011eRU oldu\u011fu anlam\u0131na gelir. 4, 3&#8217;ten b\u00fcy\u00fckt\u00fcr.<\/p><h2 class=\"wp-block-heading\"> Yaln\u0131zca \u015funa e\u015fittir: (=)<\/h2><p> Ayr\u0131ca bir ko\u015fulu yaln\u0131zca e\u015fittir i\u015faretiyle (=) test edebilirsiniz. A\u015fa\u011f\u0131daki \u00f6rnekte (=4=3) var, burada 4&#8217;\u00fcn 3&#8217;e e\u015fit olup olmad\u0131\u011f\u0131n\u0131 test ediyoruz. <\/p><div class=\"wp-block-image\"><figure class=\"aligncenter size-full\"><img loading=\"lazy\" decoding=\"async\" class=\"wp-image-84430\" src=\"https:\/\/exceladvisor.org\/wp-content\/uploads\/2023\/08\/4-conditions-a-tester-avec-seulement-egal-a.png\" sizes=\"auto, \" srcset=\"\" alt=\"sadece-e\u015fit-ile-test edilecek ko\u015ful\" width=\"529\" height=\"267\"><\/figure><\/div><p> Sonu\u00e7ta YANLI\u015e var \u00e7\u00fcnk\u00fc 4, 3&#8217;e e\u015fit de\u011fil.<\/p>","protected":false},"excerpt":{"rendered":"","protected":false},"author":1,"featured_media":0,"parent":0,"menu_order":0,"comment_status":"open","ping_status":"closed","template":"","meta":{"ub_ctt_via":"","footnotes":""},"class_list":["post-2045","page","type-page","status-publish","hentry"],"featured_image_src":null,"yoast_head":"<!-- This site is optimized with the Yoast SEO plugin v25.4 - https:\/\/yoast.com\/wordpress\/plugins\/seo\/ -->\n<title>B\u00fcy\u00fckt\u00fcr (&gt;) ve e\u015fittir (=) operat\u00f6r\u00fc nas\u0131l kullan\u0131l\u0131r?<\/title>\n<meta name=\"description\" content=\"Bu e\u011fitim size Excel&#039;de b\u00fcy\u00fckt\u00fcr (&gt;) ve e\u015fittir (=) operat\u00f6r\u00fcn\u00fc kullanmak i\u00e7in bir Excel form\u00fcl\u00fcn\u00fcn nas\u0131l yaz\u0131laca\u011f\u0131n\u0131 \u00f6\u011fretecektir. Bunu kontrol edelim\u2026\" \/>\n<meta name=\"robots\" content=\"index, follow, max-snippet:-1, max-image-preview:large, max-video-preview:-1\" \/>\n<link rel=\"canonical\" href=\"https:\/\/exceladvisor.org\/tr\/esitten-buyuk\/\" \/>\n<meta property=\"og:locale\" content=\"tr_TR\" \/>\n<meta property=\"og:type\" content=\"article\" \/>\n<meta property=\"og:title\" content=\"B\u00fcy\u00fckt\u00fcr (&gt;) ve e\u015fittir (=) operat\u00f6r\u00fc nas\u0131l kullan\u0131l\u0131r?\" \/>\n<meta property=\"og:description\" content=\"Bu e\u011fitim size Excel&#039;de b\u00fcy\u00fckt\u00fcr (&gt;) ve e\u015fittir (=) operat\u00f6r\u00fcn\u00fc kullanmak i\u00e7in bir Excel form\u00fcl\u00fcn\u00fcn nas\u0131l yaz\u0131laca\u011f\u0131n\u0131 \u00f6\u011fretecektir. Bunu kontrol edelim\u2026\" \/>\n<meta property=\"og:url\" content=\"https:\/\/exceladvisor.org\/tr\/esitten-buyuk\/\" \/>\n<meta property=\"og:site_name\" content=\"Excel Advisor\" \/>\n<meta property=\"article:modified_time\" content=\"2023-12-10T05:59:11+00:00\" \/>\n<meta property=\"og:image\" content=\"https:\/\/exceladvisor.org\/wp-content\/uploads\/2023\/08\/1-superieur-a-egal-aux-symboles.png\" \/>\n<meta name=\"twitter:card\" content=\"summary_large_image\" \/>\n<meta name=\"twitter:label1\" content=\"Tahmini okuma s\u00fcresi\" \/>\n\t<meta name=\"twitter:data1\" content=\"1 dakika\" \/>\n<script type=\"application\/ld+json\" class=\"yoast-schema-graph\">{\"@context\":\"https:\/\/schema.org\",\"@graph\":[{\"@type\":\"WebPage\",\"@id\":\"https:\/\/exceladvisor.org\/tr\/esitten-buyuk\/\",\"url\":\"https:\/\/exceladvisor.org\/tr\/esitten-buyuk\/\",\"name\":\"B\u00fcy\u00fckt\u00fcr (&gt;) ve e\u015fittir (=) operat\u00f6r\u00fc nas\u0131l kullan\u0131l\u0131r?\",\"isPartOf\":{\"@id\":\"https:\/\/exceladvisor.org\/tr\/#website\"},\"primaryImageOfPage\":{\"@id\":\"https:\/\/exceladvisor.org\/tr\/esitten-buyuk\/#primaryimage\"},\"image\":{\"@id\":\"https:\/\/exceladvisor.org\/tr\/esitten-buyuk\/#primaryimage\"},\"thumbnailUrl\":\"https:\/\/exceladvisor.org\/wp-content\/uploads\/2023\/08\/1-superieur-a-egal-aux-symboles.png\",\"datePublished\":\"2023-10-22T23:58:21+00:00\",\"dateModified\":\"2023-12-10T05:59:11+00:00\",\"description\":\"Bu e\u011fitim size Excel&#39;de b\u00fcy\u00fckt\u00fcr (&gt;) ve e\u015fittir (=) operat\u00f6r\u00fcn\u00fc kullanmak i\u00e7in bir Excel form\u00fcl\u00fcn\u00fcn nas\u0131l yaz\u0131laca\u011f\u0131n\u0131 \u00f6\u011fretecektir. Bunu kontrol edelim\u2026\",\"breadcrumb\":{\"@id\":\"https:\/\/exceladvisor.org\/tr\/esitten-buyuk\/#breadcrumb\"},\"inLanguage\":\"tr\",\"potentialAction\":[{\"@type\":\"ReadAction\",\"target\":[\"https:\/\/exceladvisor.org\/tr\/esitten-buyuk\/\"]}]},{\"@type\":\"ImageObject\",\"inLanguage\":\"tr\",\"@id\":\"https:\/\/exceladvisor.org\/tr\/esitten-buyuk\/#primaryimage\",\"url\":\"https:\/\/exceladvisor.org\/wp-content\/uploads\/2023\/08\/1-superieur-a-egal-aux-symboles.png\",\"contentUrl\":\"https:\/\/exceladvisor.org\/wp-content\/uploads\/2023\/08\/1-superieur-a-egal-aux-symboles.png\"},{\"@type\":\"BreadcrumbList\",\"@id\":\"https:\/\/exceladvisor.org\/tr\/esitten-buyuk\/#breadcrumb\",\"itemListElement\":[{\"@type\":\"ListItem\",\"position\":1,\"name\":\"Ev\",\"item\":\"https:\/\/exceladvisor.org\/tr\/\"},{\"@type\":\"ListItem\",\"position\":2,\"name\":\"B\u00fcy\u00fckt\u00fcr (&gt;) ve e\u015fittir (=) operat\u00f6r\u00fc nas\u0131l kullan\u0131l\u0131r?\"}]},{\"@type\":\"WebSite\",\"@id\":\"https:\/\/exceladvisor.org\/tr\/#website\",\"url\":\"https:\/\/exceladvisor.org\/tr\/\",\"name\":\"Excel Advisor\",\"description\":\"Veri hakimiyetine y\u00f6nelik nihai rehberiniz!\",\"publisher\":{\"@id\":\"https:\/\/exceladvisor.org\/tr\/#organization\"},\"potentialAction\":[{\"@type\":\"SearchAction\",\"target\":{\"@type\":\"EntryPoint\",\"urlTemplate\":\"https:\/\/exceladvisor.org\/tr\/?s={search_term_string}\"},\"query-input\":{\"@type\":\"PropertyValueSpecification\",\"valueRequired\":true,\"valueName\":\"search_term_string\"}}],\"inLanguage\":\"tr\"},{\"@type\":\"Organization\",\"@id\":\"https:\/\/exceladvisor.org\/tr\/#organization\",\"name\":\"Excel Advisor\",\"url\":\"https:\/\/exceladvisor.org\/tr\/\",\"logo\":{\"@type\":\"ImageObject\",\"inLanguage\":\"tr\",\"@id\":\"https:\/\/exceladvisor.org\/tr\/#\/schema\/logo\/image\/\",\"url\":\"https:\/\/exceladvisor.org\/tr\/wp-content\/uploads\/2023\/12\/exceladvisor.org_.png\",\"contentUrl\":\"https:\/\/exceladvisor.org\/tr\/wp-content\/uploads\/2023\/12\/exceladvisor.org_.png\",\"width\":105,\"height\":36,\"caption\":\"Excel Advisor\"},\"image\":{\"@id\":\"https:\/\/exceladvisor.org\/tr\/#\/schema\/logo\/image\/\"}}]}<\/script>\n<!-- \/ Yoast SEO plugin. -->","yoast_head_json":{"title":"B\u00fcy\u00fckt\u00fcr (&gt;) ve e\u015fittir (=) operat\u00f6r\u00fc nas\u0131l kullan\u0131l\u0131r?","description":"Bu e\u011fitim size Excel&#39;de b\u00fcy\u00fckt\u00fcr (&gt;) ve e\u015fittir (=) operat\u00f6r\u00fcn\u00fc kullanmak i\u00e7in bir Excel form\u00fcl\u00fcn\u00fcn nas\u0131l yaz\u0131laca\u011f\u0131n\u0131 \u00f6\u011fretecektir. Bunu kontrol edelim\u2026","robots":{"index":"index","follow":"follow","max-snippet":"max-snippet:-1","max-image-preview":"max-image-preview:large","max-video-preview":"max-video-preview:-1"},"canonical":"https:\/\/exceladvisor.org\/tr\/esitten-buyuk\/","og_locale":"tr_TR","og_type":"article","og_title":"B\u00fcy\u00fckt\u00fcr (&gt;) ve e\u015fittir (=) operat\u00f6r\u00fc nas\u0131l kullan\u0131l\u0131r?","og_description":"Bu e\u011fitim size Excel&#39;de b\u00fcy\u00fckt\u00fcr (&gt;) ve e\u015fittir (=) operat\u00f6r\u00fcn\u00fc kullanmak i\u00e7in bir Excel form\u00fcl\u00fcn\u00fcn nas\u0131l yaz\u0131laca\u011f\u0131n\u0131 \u00f6\u011fretecektir. Bunu kontrol edelim\u2026","og_url":"https:\/\/exceladvisor.org\/tr\/esitten-buyuk\/","og_site_name":"Excel Advisor","article_modified_time":"2023-12-10T05:59:11+00:00","og_image":[{"url":"https:\/\/exceladvisor.org\/wp-content\/uploads\/2023\/08\/1-superieur-a-egal-aux-symboles.png","type":"","width":"","height":""}],"twitter_card":"summary_large_image","twitter_misc":{"Tahmini okuma s\u00fcresi":"1 dakika"},"schema":{"@context":"https:\/\/schema.org","@graph":[{"@type":"WebPage","@id":"https:\/\/exceladvisor.org\/tr\/esitten-buyuk\/","url":"https:\/\/exceladvisor.org\/tr\/esitten-buyuk\/","name":"B\u00fcy\u00fckt\u00fcr (&gt;) ve e\u015fittir (=) operat\u00f6r\u00fc nas\u0131l kullan\u0131l\u0131r?","isPartOf":{"@id":"https:\/\/exceladvisor.org\/tr\/#website"},"primaryImageOfPage":{"@id":"https:\/\/exceladvisor.org\/tr\/esitten-buyuk\/#primaryimage"},"image":{"@id":"https:\/\/exceladvisor.org\/tr\/esitten-buyuk\/#primaryimage"},"thumbnailUrl":"https:\/\/exceladvisor.org\/wp-content\/uploads\/2023\/08\/1-superieur-a-egal-aux-symboles.png","datePublished":"2023-10-22T23:58:21+00:00","dateModified":"2023-12-10T05:59:11+00:00","description":"Bu e\u011fitim size Excel&#39;de b\u00fcy\u00fckt\u00fcr (&gt;) ve e\u015fittir (=) operat\u00f6r\u00fcn\u00fc kullanmak i\u00e7in bir Excel form\u00fcl\u00fcn\u00fcn nas\u0131l yaz\u0131laca\u011f\u0131n\u0131 \u00f6\u011fretecektir. Bunu kontrol edelim\u2026","breadcrumb":{"@id":"https:\/\/exceladvisor.org\/tr\/esitten-buyuk\/#breadcrumb"},"inLanguage":"tr","potentialAction":[{"@type":"ReadAction","target":["https:\/\/exceladvisor.org\/tr\/esitten-buyuk\/"]}]},{"@type":"ImageObject","inLanguage":"tr","@id":"https:\/\/exceladvisor.org\/tr\/esitten-buyuk\/#primaryimage","url":"https:\/\/exceladvisor.org\/wp-content\/uploads\/2023\/08\/1-superieur-a-egal-aux-symboles.png","contentUrl":"https:\/\/exceladvisor.org\/wp-content\/uploads\/2023\/08\/1-superieur-a-egal-aux-symboles.png"},{"@type":"BreadcrumbList","@id":"https:\/\/exceladvisor.org\/tr\/esitten-buyuk\/#breadcrumb","itemListElement":[{"@type":"ListItem","position":1,"name":"Ev","item":"https:\/\/exceladvisor.org\/tr\/"},{"@type":"ListItem","position":2,"name":"B\u00fcy\u00fckt\u00fcr (&gt;) ve e\u015fittir (=) operat\u00f6r\u00fc nas\u0131l kullan\u0131l\u0131r?"}]},{"@type":"WebSite","@id":"https:\/\/exceladvisor.org\/tr\/#website","url":"https:\/\/exceladvisor.org\/tr\/","name":"Excel Advisor","description":"Veri hakimiyetine y\u00f6nelik nihai rehberiniz!","publisher":{"@id":"https:\/\/exceladvisor.org\/tr\/#organization"},"potentialAction":[{"@type":"SearchAction","target":{"@type":"EntryPoint","urlTemplate":"https:\/\/exceladvisor.org\/tr\/?s={search_term_string}"},"query-input":{"@type":"PropertyValueSpecification","valueRequired":true,"valueName":"search_term_string"}}],"inLanguage":"tr"},{"@type":"Organization","@id":"https:\/\/exceladvisor.org\/tr\/#organization","name":"Excel Advisor","url":"https:\/\/exceladvisor.org\/tr\/","logo":{"@type":"ImageObject","inLanguage":"tr","@id":"https:\/\/exceladvisor.org\/tr\/#\/schema\/logo\/image\/","url":"https:\/\/exceladvisor.org\/tr\/wp-content\/uploads\/2023\/12\/exceladvisor.org_.png","contentUrl":"https:\/\/exceladvisor.org\/tr\/wp-content\/uploads\/2023\/12\/exceladvisor.org_.png","width":105,"height":36,"caption":"Excel Advisor"},"image":{"@id":"https:\/\/exceladvisor.org\/tr\/#\/schema\/logo\/image\/"}}]}},"yoast_meta":{"yoast_wpseo_title":"","yoast_wpseo_metadesc":"","yoast_wpseo_canonical":""},"_links":{"self":[{"href":"https:\/\/exceladvisor.org\/tr\/wp-json\/wp\/v2\/pages\/2045","targetHints":{"allow":["GET"]}}],"collection":[{"href":"https:\/\/exceladvisor.org\/tr\/wp-json\/wp\/v2\/pages"}],"about":[{"href":"https:\/\/exceladvisor.org\/tr\/wp-json\/wp\/v2\/types\/page"}],"author":[{"embeddable":true,"href":"https:\/\/exceladvisor.org\/tr\/wp-json\/wp\/v2\/users\/1"}],"replies":[{"embeddable":true,"href":"https:\/\/exceladvisor.org\/tr\/wp-json\/wp\/v2\/comments?post=2045"}],"version-history":[{"count":1,"href":"https:\/\/exceladvisor.org\/tr\/wp-json\/wp\/v2\/pages\/2045\/revisions"}],"predecessor-version":[{"id":2302,"href":"https:\/\/exceladvisor.org\/tr\/wp-json\/wp\/v2\/pages\/2045\/revisions\/2302"}],"wp:attachment":[{"href":"https:\/\/exceladvisor.org\/tr\/wp-json\/wp\/v2\/media?parent=2045"}],"curies":[{"name":"wp","href":"https:\/\/api.w.org\/{rel}","templated":true}]}}