{"id":2049,"date":"2023-10-22T19:25:25","date_gmt":"2023-10-22T19:25:25","guid":{"rendered":"https:\/\/exceladvisor.org\/tr\/plajin-bir-tablosu-var\/"},"modified":"2023-12-10T06:07:56","modified_gmt":"2023-12-10T06:07:56","slug":"plajin-bir-tablosu-var","status":"publish","type":"page","link":"https:\/\/exceladvisor.org\/tr\/plajin-bir-tablosu-var\/","title":{"rendered":"Vba&#39;daki bir diziye aral\u0131\u011f\u0131n tamam\u0131 nas\u0131l eklenir?"},"content":{"rendered":"<div class=\"excel-icerikten-once\" id=\"excel-4125138909\"><script type=\"text\/javascript\">\r\n\tatOptions = {\r\n\t\t'key' : 'c1158f160081d6540a8409e6925dab94',\r\n\t\t'format' : 'iframe',\r\n\t\t'height' : 250,\r\n\t\t'width' : 300,\r\n\t\t'params' : {}\r\n\t};\r\n<\/script>\r\n<script type=\"text\/javascript\" src=\"\/\/www.highperformanceformat.com\/c1158f160081d6540a8409e6925dab94\/invoke.js\"><\/script><\/div> <h2 class=\"wp-block-heading\">VBA&#8217;da bir diziye aral\u0131k ekleme ad\u0131mlar\u0131<\/h2><ol><li> \u00d6ncelikle de\u011fi\u015fken <a href=\"https:\/\/exceladvisor.org\/tr\/degiskenler\/\">veri t\u00fcr\u00fcn\u00fc<\/a> kullanarak dinamik bir dizi bildirmeniz gerekir. <br><img loading=\"lazy\" decoding=\"async\" title=\"1-bir-dinamik-de\u011fi\u015fkeni-bildirin-1\" src=\"https:\/\/exceladvisor.org\/wp-content\/uploads\/2023\/08\/1-declarer-une-variable-dynamique-1.png\" sizes=\"auto, \" srcset=\"\" alt=\"\" width=\"421\" height=\"317\"><\/li><li> Daha sonra aral\u0131ktaki h\u00fccre say\u0131s\u0131n\u0131 depolamak i\u00e7in ba\u015fka bir de\u011fi\u015fken bildirmeniz ve ayr\u0131ca bu sayac\u0131 d\u00f6ng\u00fc i\u00e7in kullanman\u0131z gerekir. <br><img loading=\"lazy\" decoding=\"async\" title=\"2-beyan-bir-art\u0131-de\u011fi\u015fken-2\" src=\"https:\/\/exceladvisor.org\/wp-content\/uploads\/2023\/08\/2-declarer-une-variable-de-plus-2.png\" sizes=\"auto, \" srcset=\"\" alt=\"\" width=\"461\" height=\"355\"><\/li><li> Bundan sonra, de\u011ferin bulundu\u011fu <a href=\"https:\/\/exceladvisor.org\/tr\/aralik-1\/\">aral\u0131\u011f\u0131 diziye atay\u0131n<\/a> . <br><img loading=\"lazy\" decoding=\"async\" title=\"3-atama-aral\u0131\u011f\u0131-3\" src=\"https:\/\/exceladvisor.org\/wp-content\/uploads\/2023\/08\/3-attribuer-la-plage-3.png\" sizes=\"auto, \" srcset=\"\" alt=\"\" width=\"477\" height=\"345\"><\/li><li> Buradan t\u00fcm de\u011ferleri anl\u0131k pencereye yazd\u0131rmak i\u00e7in bir d\u00f6ng\u00fc olu\u015fturmam\u0131z gerekiyor, b\u00f6ylece t\u00fcm de\u011ferlerin diziye atand\u0131\u011f\u0131n\u0131 g\u00f6rebilirsiniz. <br><img loading=\"lazy\" decoding=\"async\" title=\"4-t\u00fcm de\u011ferleri yazd\u0131rmak i\u00e7in bir d\u00f6ng\u00fc olu\u015fturun-4\" src=\"https:\/\/exceladvisor.org\/wp-content\/uploads\/2023\/08\/4-creer-une-boucle-pour-imprimer-toutes-les-valeurs-4.png\" sizes=\"auto, \" srcset=\"\" alt=\"\" width=\"521\" height=\"441\"><\/li><\/ol><pre class=\"wp-block-code\"> <code class=\"language-visual-basic\" lang=\"visual-basic\">Sub myArrayRange() Dim iAmount() As Variant Dim iNum As Integer iAmount = Range(\"A1:A11\") For iNum = 1 To UBound(iAmount) Debug.Print iAmount(iNum, 1) Next iNum End Sub<\/code><\/pre><p> Ve <a href=\"https:\/\/exceladvisor.org\/tr\/makro-2yi-calistir\/\">yukar\u0131daki kodu \u00e7al\u0131\u015ft\u0131rd\u0131\u011f\u0131n\u0131zda<\/a> size aral\u0131ktan (\u201cA1:A11) iAmount dizisine kadar atad\u0131\u011f\u0131n\u0131z t\u00fcm de\u011ferleri g\u00f6sterir ve <a href=\"https:\/\/exceladvisor.org\/tr\/aninda-pencere-hata-ayiklama-baskisi\/\">hemen pencereye<\/a> yazd\u0131r\u0131r. <\/p><div class=\"wp-block-image is-style-default\"><figure class=\"aligncenter size-large is-resized\"><img loading=\"lazy\" decoding=\"async\" class=\"wp-image-57196\" src=\"https:\/\/exceladvisor.org\/wp-content\/uploads\/2023\/08\/5-montre-les-valeurs-assignees-5.png\" sizes=\"auto, \" srcset=\"\" alt=\"atanm\u0131\u015f de\u011ferleri g\u00f6ster-5\" width=\"574\" height=\"419\"><\/figure><\/div><p> Ayn\u0131 \u015fekilde \u00e7ok boyutlu bir dizi de kullanabilirsiniz. <\/p><figure class=\"wp-block-image size-large is-resized is-style-default\"><img loading=\"lazy\" decoding=\"async\" class=\"wp-image-57197\" src=\"https:\/\/exceladvisor.org\/wp-content\/uploads\/2023\/08\/6-utiliser-un-tableau-multidimensionnel-6.png\" sizes=\"auto, \" srcset=\"\" alt=\"\" width=\"875\" height=\"450\"><\/figure><pre class=\"wp-block-code\"> <code class=\"language-visual-basic\" lang=\"visual-basic\">Sub myArrayRange() Dim iAmount() As Variant Dim iNum1 As Integer iAmount = Range(\"A1:B13\") For iNum1 = 1 To UBound(iAmount, 1) Debug.Print iAmount(iNum1, 1) &amp; \" \" &amp; iAmount(iNum1, 2) Next iNum1 End Sub<\/code><\/pre><p> Veya bu \u015fekilde de yapabilirsiniz.<\/p><pre class=\"wp-block-code\"> <code class=\"language-visual-basic\" lang=\"visual-basic\">Sub myArrayRange() Dim iAmount() As Variant Dim iNum1 As Integer Dim iNum2 As Integer iAmount = Range(\"A1:B13\") For iNum1 = 1 To UBound(iAmount, 1) For iNum2 = 1 To UBound(iAmount, 2) Debug.Print iAmount(iNum1, iNum2) Next iNum2 Next iNum1 End Sub<\/code><\/pre><div class=\"gb-container gb-container-4db6181c gb-container-mt\"> <a class=\"gb-button gb-button-c5897111 gb-button-text gb-button-mt-button\" href=\"https:\/\/exceladvisor.org\/tr\/vba\/\">VBA nedir<\/a><h2 class=\"gb-headline gb-headline-665e5f6b gb-headline-text gb-headline-mt-heading\"> <a href=\"https:\/\/exceladvisor.org\/tr\/resim-sergisi\/\">VBA tablolar\u0131<\/a> hakk\u0131nda daha fazla bilgi edinin <\/h2><div class=\"gb-grid-wrapper gb-grid-wrapper-a20baf7c gb-grid-wrapper-mt-grid\"><div class=\"gb-grid-column gb-grid-column-65ddf67e\"><div class=\"gb-container gb-container-65ddf67e\"><ul><li> <a href=\"https:\/\/exceladvisor.org\/tr\/yeni-bir-deger-dizisi-ekle\/\">VBA diziye yeni de\u011fer ekle<\/a><\/li><li> <a href=\"https:\/\/exceladvisor.org\/tr\/dizi-boyutu\/\">VBA dizisi uzunlu\u011fu (boyut)<\/a><\/li><li> <a href=\"https:\/\/exceladvisor.org\/tr\/zincirli-masa\/\">Dizelerle VBA dizisi<\/a><\/li><li> <a href=\"https:\/\/exceladvisor.org\/tr\/tahtayi-sil\/\">VBA Diziyi Temizle<\/a><\/li><li> <a href=\"https:\/\/exceladvisor.org\/tr\/dinamik-tablo\/\">Dinamik tablo VBA&#8217;s\u0131<\/a><\/li><\/ul><\/div><\/div><\/div><\/div>","protected":false},"excerpt":{"rendered":"","protected":false},"author":1,"featured_media":0,"parent":0,"menu_order":0,"comment_status":"open","ping_status":"closed","template":"","meta":{"ub_ctt_via":"","footnotes":""},"class_list":["post-2049","page","type-page","status-publish","hentry"],"featured_image_src":null,"yoast_head":"<!-- This site is optimized with the Yoast SEO plugin v25.4 - https:\/\/yoast.com\/wordpress\/plugins\/seo\/ -->\n<title>VBA&#039;daki bir diziye aral\u0131\u011f\u0131n tamam\u0131 nas\u0131l eklenir?<\/title>\n<meta name=\"description\" content=\"VBA&#039;da bir diziye aral\u0131\u011f\u0131n tamam\u0131n\u0131 nas\u0131l ekleyece\u011finizi \u00f6\u011frenin. Eklemek istedi\u011finiz aral\u0131\u011f\u0131 belirtmeniz gerekir.\" \/>\n<meta name=\"robots\" content=\"index, follow, max-snippet:-1, max-image-preview:large, max-video-preview:-1\" \/>\n<link rel=\"canonical\" href=\"https:\/\/exceladvisor.org\/tr\/plajin-bir-tablosu-var\/\" \/>\n<meta property=\"og:locale\" content=\"tr_TR\" \/>\n<meta property=\"og:type\" content=\"article\" \/>\n<meta property=\"og:title\" content=\"VBA&#039;daki bir diziye aral\u0131\u011f\u0131n tamam\u0131 nas\u0131l eklenir?\" \/>\n<meta property=\"og:description\" content=\"VBA&#039;da bir diziye aral\u0131\u011f\u0131n tamam\u0131n\u0131 nas\u0131l ekleyece\u011finizi \u00f6\u011frenin. Eklemek istedi\u011finiz aral\u0131\u011f\u0131 belirtmeniz gerekir.\" \/>\n<meta property=\"og:url\" content=\"https:\/\/exceladvisor.org\/tr\/plajin-bir-tablosu-var\/\" \/>\n<meta property=\"og:site_name\" content=\"Excel Advisor\" \/>\n<meta property=\"article:modified_time\" content=\"2023-12-10T06:07:56+00:00\" \/>\n<meta property=\"og:image\" content=\"https:\/\/exceladvisor.org\/wp-content\/uploads\/2023\/08\/1-declarer-une-variable-dynamique-1.png\" \/>\n<meta name=\"twitter:card\" content=\"summary_large_image\" \/>\n<meta name=\"twitter:label1\" content=\"Tahmini okuma s\u00fcresi\" \/>\n\t<meta name=\"twitter:data1\" content=\"1 dakika\" \/>\n<script type=\"application\/ld+json\" class=\"yoast-schema-graph\">{\"@context\":\"https:\/\/schema.org\",\"@graph\":[{\"@type\":\"WebPage\",\"@id\":\"https:\/\/exceladvisor.org\/tr\/plajin-bir-tablosu-var\/\",\"url\":\"https:\/\/exceladvisor.org\/tr\/plajin-bir-tablosu-var\/\",\"name\":\"VBA&#39;daki bir diziye aral\u0131\u011f\u0131n tamam\u0131 nas\u0131l eklenir?\",\"isPartOf\":{\"@id\":\"https:\/\/exceladvisor.org\/tr\/#website\"},\"primaryImageOfPage\":{\"@id\":\"https:\/\/exceladvisor.org\/tr\/plajin-bir-tablosu-var\/#primaryimage\"},\"image\":{\"@id\":\"https:\/\/exceladvisor.org\/tr\/plajin-bir-tablosu-var\/#primaryimage\"},\"thumbnailUrl\":\"https:\/\/exceladvisor.org\/wp-content\/uploads\/2023\/08\/1-declarer-une-variable-dynamique-1.png\",\"datePublished\":\"2023-10-22T19:25:25+00:00\",\"dateModified\":\"2023-12-10T06:07:56+00:00\",\"description\":\"VBA&#39;da bir diziye aral\u0131\u011f\u0131n tamam\u0131n\u0131 nas\u0131l ekleyece\u011finizi \u00f6\u011frenin. Eklemek istedi\u011finiz aral\u0131\u011f\u0131 belirtmeniz gerekir.\",\"breadcrumb\":{\"@id\":\"https:\/\/exceladvisor.org\/tr\/plajin-bir-tablosu-var\/#breadcrumb\"},\"inLanguage\":\"tr\",\"potentialAction\":[{\"@type\":\"ReadAction\",\"target\":[\"https:\/\/exceladvisor.org\/tr\/plajin-bir-tablosu-var\/\"]}]},{\"@type\":\"ImageObject\",\"inLanguage\":\"tr\",\"@id\":\"https:\/\/exceladvisor.org\/tr\/plajin-bir-tablosu-var\/#primaryimage\",\"url\":\"https:\/\/exceladvisor.org\/wp-content\/uploads\/2023\/08\/1-declarer-une-variable-dynamique-1.png\",\"contentUrl\":\"https:\/\/exceladvisor.org\/wp-content\/uploads\/2023\/08\/1-declarer-une-variable-dynamique-1.png\"},{\"@type\":\"BreadcrumbList\",\"@id\":\"https:\/\/exceladvisor.org\/tr\/plajin-bir-tablosu-var\/#breadcrumb\",\"itemListElement\":[{\"@type\":\"ListItem\",\"position\":1,\"name\":\"Ev\",\"item\":\"https:\/\/exceladvisor.org\/tr\/\"},{\"@type\":\"ListItem\",\"position\":2,\"name\":\"Vba&#39;daki bir diziye aral\u0131\u011f\u0131n tamam\u0131 nas\u0131l eklenir?\"}]},{\"@type\":\"WebSite\",\"@id\":\"https:\/\/exceladvisor.org\/tr\/#website\",\"url\":\"https:\/\/exceladvisor.org\/tr\/\",\"name\":\"Excel Advisor\",\"description\":\"Veri hakimiyetine y\u00f6nelik nihai rehberiniz!\",\"publisher\":{\"@id\":\"https:\/\/exceladvisor.org\/tr\/#organization\"},\"potentialAction\":[{\"@type\":\"SearchAction\",\"target\":{\"@type\":\"EntryPoint\",\"urlTemplate\":\"https:\/\/exceladvisor.org\/tr\/?s={search_term_string}\"},\"query-input\":{\"@type\":\"PropertyValueSpecification\",\"valueRequired\":true,\"valueName\":\"search_term_string\"}}],\"inLanguage\":\"tr\"},{\"@type\":\"Organization\",\"@id\":\"https:\/\/exceladvisor.org\/tr\/#organization\",\"name\":\"Excel Advisor\",\"url\":\"https:\/\/exceladvisor.org\/tr\/\",\"logo\":{\"@type\":\"ImageObject\",\"inLanguage\":\"tr\",\"@id\":\"https:\/\/exceladvisor.org\/tr\/#\/schema\/logo\/image\/\",\"url\":\"https:\/\/exceladvisor.org\/tr\/wp-content\/uploads\/2023\/12\/exceladvisor.org_.png\",\"contentUrl\":\"https:\/\/exceladvisor.org\/tr\/wp-content\/uploads\/2023\/12\/exceladvisor.org_.png\",\"width\":105,\"height\":36,\"caption\":\"Excel Advisor\"},\"image\":{\"@id\":\"https:\/\/exceladvisor.org\/tr\/#\/schema\/logo\/image\/\"}}]}<\/script>\n<!-- \/ Yoast SEO plugin. -->","yoast_head_json":{"title":"VBA&#39;daki bir diziye aral\u0131\u011f\u0131n tamam\u0131 nas\u0131l eklenir?","description":"VBA&#39;da bir diziye aral\u0131\u011f\u0131n tamam\u0131n\u0131 nas\u0131l ekleyece\u011finizi \u00f6\u011frenin. Eklemek istedi\u011finiz aral\u0131\u011f\u0131 belirtmeniz gerekir.","robots":{"index":"index","follow":"follow","max-snippet":"max-snippet:-1","max-image-preview":"max-image-preview:large","max-video-preview":"max-video-preview:-1"},"canonical":"https:\/\/exceladvisor.org\/tr\/plajin-bir-tablosu-var\/","og_locale":"tr_TR","og_type":"article","og_title":"VBA&#39;daki bir diziye aral\u0131\u011f\u0131n tamam\u0131 nas\u0131l eklenir?","og_description":"VBA&#39;da bir diziye aral\u0131\u011f\u0131n tamam\u0131n\u0131 nas\u0131l ekleyece\u011finizi \u00f6\u011frenin. Eklemek istedi\u011finiz aral\u0131\u011f\u0131 belirtmeniz gerekir.","og_url":"https:\/\/exceladvisor.org\/tr\/plajin-bir-tablosu-var\/","og_site_name":"Excel Advisor","article_modified_time":"2023-12-10T06:07:56+00:00","og_image":[{"url":"https:\/\/exceladvisor.org\/wp-content\/uploads\/2023\/08\/1-declarer-une-variable-dynamique-1.png","type":"","width":"","height":""}],"twitter_card":"summary_large_image","twitter_misc":{"Tahmini okuma s\u00fcresi":"1 dakika"},"schema":{"@context":"https:\/\/schema.org","@graph":[{"@type":"WebPage","@id":"https:\/\/exceladvisor.org\/tr\/plajin-bir-tablosu-var\/","url":"https:\/\/exceladvisor.org\/tr\/plajin-bir-tablosu-var\/","name":"VBA&#39;daki bir diziye aral\u0131\u011f\u0131n tamam\u0131 nas\u0131l eklenir?","isPartOf":{"@id":"https:\/\/exceladvisor.org\/tr\/#website"},"primaryImageOfPage":{"@id":"https:\/\/exceladvisor.org\/tr\/plajin-bir-tablosu-var\/#primaryimage"},"image":{"@id":"https:\/\/exceladvisor.org\/tr\/plajin-bir-tablosu-var\/#primaryimage"},"thumbnailUrl":"https:\/\/exceladvisor.org\/wp-content\/uploads\/2023\/08\/1-declarer-une-variable-dynamique-1.png","datePublished":"2023-10-22T19:25:25+00:00","dateModified":"2023-12-10T06:07:56+00:00","description":"VBA&#39;da bir diziye aral\u0131\u011f\u0131n tamam\u0131n\u0131 nas\u0131l ekleyece\u011finizi \u00f6\u011frenin. Eklemek istedi\u011finiz aral\u0131\u011f\u0131 belirtmeniz gerekir.","breadcrumb":{"@id":"https:\/\/exceladvisor.org\/tr\/plajin-bir-tablosu-var\/#breadcrumb"},"inLanguage":"tr","potentialAction":[{"@type":"ReadAction","target":["https:\/\/exceladvisor.org\/tr\/plajin-bir-tablosu-var\/"]}]},{"@type":"ImageObject","inLanguage":"tr","@id":"https:\/\/exceladvisor.org\/tr\/plajin-bir-tablosu-var\/#primaryimage","url":"https:\/\/exceladvisor.org\/wp-content\/uploads\/2023\/08\/1-declarer-une-variable-dynamique-1.png","contentUrl":"https:\/\/exceladvisor.org\/wp-content\/uploads\/2023\/08\/1-declarer-une-variable-dynamique-1.png"},{"@type":"BreadcrumbList","@id":"https:\/\/exceladvisor.org\/tr\/plajin-bir-tablosu-var\/#breadcrumb","itemListElement":[{"@type":"ListItem","position":1,"name":"Ev","item":"https:\/\/exceladvisor.org\/tr\/"},{"@type":"ListItem","position":2,"name":"Vba&#39;daki bir diziye aral\u0131\u011f\u0131n tamam\u0131 nas\u0131l eklenir?"}]},{"@type":"WebSite","@id":"https:\/\/exceladvisor.org\/tr\/#website","url":"https:\/\/exceladvisor.org\/tr\/","name":"Excel Advisor","description":"Veri hakimiyetine y\u00f6nelik nihai rehberiniz!","publisher":{"@id":"https:\/\/exceladvisor.org\/tr\/#organization"},"potentialAction":[{"@type":"SearchAction","target":{"@type":"EntryPoint","urlTemplate":"https:\/\/exceladvisor.org\/tr\/?s={search_term_string}"},"query-input":{"@type":"PropertyValueSpecification","valueRequired":true,"valueName":"search_term_string"}}],"inLanguage":"tr"},{"@type":"Organization","@id":"https:\/\/exceladvisor.org\/tr\/#organization","name":"Excel Advisor","url":"https:\/\/exceladvisor.org\/tr\/","logo":{"@type":"ImageObject","inLanguage":"tr","@id":"https:\/\/exceladvisor.org\/tr\/#\/schema\/logo\/image\/","url":"https:\/\/exceladvisor.org\/tr\/wp-content\/uploads\/2023\/12\/exceladvisor.org_.png","contentUrl":"https:\/\/exceladvisor.org\/tr\/wp-content\/uploads\/2023\/12\/exceladvisor.org_.png","width":105,"height":36,"caption":"Excel Advisor"},"image":{"@id":"https:\/\/exceladvisor.org\/tr\/#\/schema\/logo\/image\/"}}]}},"yoast_meta":{"yoast_wpseo_title":"","yoast_wpseo_metadesc":"","yoast_wpseo_canonical":""},"_links":{"self":[{"href":"https:\/\/exceladvisor.org\/tr\/wp-json\/wp\/v2\/pages\/2049","targetHints":{"allow":["GET"]}}],"collection":[{"href":"https:\/\/exceladvisor.org\/tr\/wp-json\/wp\/v2\/pages"}],"about":[{"href":"https:\/\/exceladvisor.org\/tr\/wp-json\/wp\/v2\/types\/page"}],"author":[{"embeddable":true,"href":"https:\/\/exceladvisor.org\/tr\/wp-json\/wp\/v2\/users\/1"}],"replies":[{"embeddable":true,"href":"https:\/\/exceladvisor.org\/tr\/wp-json\/wp\/v2\/comments?post=2049"}],"version-history":[{"count":1,"href":"https:\/\/exceladvisor.org\/tr\/wp-json\/wp\/v2\/pages\/2049\/revisions"}],"predecessor-version":[{"id":2960,"href":"https:\/\/exceladvisor.org\/tr\/wp-json\/wp\/v2\/pages\/2049\/revisions\/2960"}],"wp:attachment":[{"href":"https:\/\/exceladvisor.org\/tr\/wp-json\/wp\/v2\/media?parent=2049"}],"curies":[{"name":"wp","href":"https:\/\/api.w.org\/{rel}","templated":true}]}}